{"id":6801,"date":"2025-06-25T02:19:30","date_gmt":"2025-06-25T02:19:30","guid":{"rendered":"https:\/\/gfmparts.com\/?post_type=product&#038;p=6801"},"modified":"2025-06-25T05:49:40","modified_gmt":"2025-06-25T05:49:40","slug":"komatsu-excavator-track-pin-supplier","status":"publish","type":"product","link":"https:\/\/gfmparts.com\/pt\/product\/fornecedor-de-pinos-de-esteira-para-escavadeira-komatsu\/","title":{"rendered":"Fornecedor de pinos de esteira para escavadeira Komatsu PC300"},"content":{"rendered":"<p><span style=\"color: #000000;\">Entre as pe\u00e7as-chave da escavadeira, o conjunto de pinos desempenha um papel importante na conex\u00e3o das partes superior e inferior e no suporte da articula\u00e7\u00e3o. Para escavadeiras de m\u00e9dio e grande porte, como o modelo PC300, o <strong><a href=\"https:\/\/gfmparts.com\/pt\/product\/pino-de-cacamba-de-pino-de-escavadeira-para-escavadeira\/\">pino de esteira da escavadeira<\/a><\/strong> e em forma de T <a href=\"https:\/\/gfmparts.com\/pt\/product\/fabricante-de-buchas-de-cacamba-de-escavadeira\/\"><strong>escavadeira de pino mestre<\/strong><\/a> n\u00e3o deve apenas suportar grandes impactos e cargas de movimento frequentes, mas tamb\u00e9m manter uma conex\u00e3o precisa e suporte de alta resist\u00eancia durante o trabalho de longo prazo. Como profissional <a href=\"https:\/\/gfmparts.com\/pt\/product\/fornecedor-de-rodas-dentadas-para-escavadeira-xcmg-xe370\/\"><strong>fabricante de pe\u00e7as para escavadeiras<\/strong><\/a>A GFM fornece pinos de esteira e pinos mestres em forma de T projetados e adaptados para PC300, que atendem totalmente aos altos padr\u00f5es de resist\u00eancia, precis\u00e3o e durabilidade.<\/span><\/p>\n<p><span style=\"color: #000000;\">Os pinos de esteira e pinos mestres de esteira de escavadeira em formato de T adequados para PC300 s\u00e3o geralmente usados em pe\u00e7as de conex\u00e3o principais, como ca\u00e7ambas, pinos de ca\u00e7amba, etc. As principais caracter\u00edsticas do produto s\u00e3o as seguintes:<\/span><\/p>\n<p><strong><span style=\"color: #000000;\">Material de liga de a\u00e7o de alta resist\u00eancia<\/span><\/strong><br \/>\n<span style=\"color: #000000;\">Utilizamos materiais de alta resist\u00eancia 40CR tratados termicamente para garantir que o produto n\u00e3o entorte ou deforme sob condi\u00e7\u00f5es de alta carga. Atrav\u00e9s de revenimento e t\u00eampera por indu\u00e7\u00e3o, a dureza superficial pode atingir HRC 48-52, o que melhora efetivamente a resist\u00eancia ao desgaste e prolonga a vida \u00fatil.<\/span><\/p>\n<p><strong><span style=\"color: #000000;\">Processamento dimensional de precis\u00e3o<\/span><\/strong><br \/>\n<span style=\"color: #000000;\">A precis\u00e3o do produto \u00e9 controlada em \u00b10,01 mm, seguindo rigorosamente as dimens\u00f5es padr\u00e3o originais de f\u00e1brica do PC300. Especialmente o pino ativo em formato de T, cuja estrutura de design \u00e9 conveniente para instala\u00e7\u00e3o e desmontagem r\u00e1pidas, evitando o problema de desgaste precoce causado pelo desvio de posicionamento dos pinos tradicionais.<\/span><\/p>\n<p><strong><span style=\"color: #000000;\">Tratamento anticorrosivo de superf\u00edcie<\/span><\/strong><br \/>\n<span style=\"color: #000000;\">Galvanizamos, eletroforesemos ou fosfatamos a superf\u00edcie do pino para aumentar sua resist\u00eancia \u00e0 corros\u00e3o, adequado para opera\u00e7\u00e3o est\u00e1vel sob condi\u00e7\u00f5es de trabalho complexas, como chuva, lama, poeira, etc., n\u00e3o enferruja nem morde facilmente.<\/span><\/p>\n<h3><span style=\"color: #ff6600;\">Descri\u00e7\u00e3o do produto<\/span><\/h3>\n<ul>\n<li><span style=\"color: #000000;\"><strong>Mat\u00e9ria-prima:<\/strong> 40CR<\/span><\/li>\n<li><span style=\"color: #000000;\"><strong>Quantidade m\u00ednima:<\/strong>\u00a01 PC<\/span><\/li>\n<li><span style=\"color: #000000;\"><strong>M\u00e9todo de pagamento:<\/strong>\u00a0T\/T<\/span><\/li>\n<li><span style=\"color: #000000;\"><strong>Marca:<\/strong>\u00a0GFM<\/span><\/li>\n<li><span style=\"color: #000000;\"><strong>Doen\u00e7a:<\/strong>\u00a0Novo<\/span><\/li>\n<li><span style=\"color: #000000;\"><strong>Cor:<\/strong>\u00a0Amarelo, Preto ou Personalizado<\/span><\/li>\n<li><span style=\"color: #000000;\"><strong>Tempo de espera:<\/strong>\u00a030 dias<\/span><\/li>\n<li><span style=\"color: #000000;\"><strong>Garantia:<\/strong>\u00a01 ano<\/span><\/li>\n<li><span style=\"color: #000000;\"><strong>Servi\u00e7o:<\/strong>\u00a0OEM ou ODM<\/span><\/li>\n<li><span style=\"color: #000000;\"><strong>Local de origem:<\/strong>\u00a0Fujian, China<\/span><\/li>\n<li><span style=\"color: #000000;\"><strong>Aplicativo:<\/strong> Escavadora<\/span><\/li>\n<li><span style=\"color: #000000;\"><strong>Embalagem:<\/strong>\u00a0Palete de madeira padr\u00e3o para exporta\u00e7\u00e3o<\/span><\/li>\n<\/ul>\n<h3><span style=\"color: #ff6600;\">Especifica\u00e7\u00f5es<\/span><\/h3>\n<p style=\"text-align: center;\"><img fetchpriority=\"high\" decoding=\"async\" class=\"alignnone  wp-image-6803\" src=\"https:\/\/gfmparts.com\/wp-content\/uploads\/2025\/06\/Track-Pins-and-Bushing-Specifications-1024x953.png\" alt=\"Especifica\u00e7\u00f5es de pinos e buchas de esteira\" width=\"971\" height=\"903\" srcset=\"https:\/\/gfmparts.com\/wp-content\/uploads\/2025\/06\/Track-Pins-and-Bushing-Specifications-1024x953.png 1024w, https:\/\/gfmparts.com\/wp-content\/uploads\/2025\/06\/Track-Pins-and-Bushing-Specifications-300x279.png 300w, https:\/\/gfmparts.com\/wp-content\/uploads\/2025\/06\/Track-Pins-and-Bushing-Specifications-768x715.png 768w, https:\/\/gfmparts.com\/wp-content\/uploads\/2025\/06\/Track-Pins-and-Bushing-Specifications-1536x1430.png 1536w, https:\/\/gfmparts.com\/wp-content\/uploads\/2025\/06\/Track-Pins-and-Bushing-Specifications-600x559.png 600w, https:\/\/gfmparts.com\/wp-content\/uploads\/2025\/06\/Track-Pins-and-Bushing-Specifications.png 1597w\" sizes=\"(max-width: 971px) 100vw, 971px\" \/><\/p>\n<h3><span style=\"color: #ff6600;\">Modelos de produtos<\/span><\/h3>\n<p style=\"text-align: center;\"><img decoding=\"async\" class=\"alignnone size-full wp-image-3147\" src=\"https:\/\/gfmparts.com\/wp-content\/uploads\/2024\/11\/excavator-part-description-e1735350735761.png\" alt=\"descri\u00e7\u00e3o da pe\u00e7a da escavadeira\" width=\"856\" height=\"694\" srcset=\"https:\/\/gfmparts.com\/wp-content\/uploads\/2024\/11\/excavator-part-description-e1735350735761.png 856w, https:\/\/gfmparts.com\/wp-content\/uploads\/2024\/11\/excavator-part-description-e1735350735761-300x243.png 300w, https:\/\/gfmparts.com\/wp-content\/uploads\/2024\/11\/excavator-part-description-e1735350735761-768x623.png 768w, https:\/\/gfmparts.com\/wp-content\/uploads\/2024\/11\/excavator-part-description-e1735350735761-600x486.png 600w\" sizes=\"(max-width: 856px) 100vw, 856px\" \/><\/p>\n<h3><span style=\"color: #ff6600;\">Processo de produ\u00e7\u00e3o<\/span><\/h3>\n<p><img decoding=\"async\" class=\"size-large wp-image-3043 aligncenter\" src=\"https:\/\/gfmparts.com\/wp-content\/uploads\/2024\/12\/\u901a\u7528\u751f\u4ea7\u6d41\u7a0b-1-1024x648.jpg\" alt=\"processo de produ\u00e7\u00e3o de pe\u00e7as de escavadeira\" width=\"1024\" height=\"648\" srcset=\"\" sizes=\"(max-width: 1024px) 100vw, 1024px\" data-srcset=\"\" \/><\/p>\n<h3><span style=\"color: #ff6600;\">Embalagem e Envio<\/span><\/h3>\n<p style=\"text-align: center;\"><img loading=\"lazy\" decoding=\"async\" class=\"alignnone size-large wp-image-6521\" src=\"https:\/\/gfmparts.com\/wp-content\/uploads\/2025\/05\/Packaging-and-Shipping-1-1-1024x648.jpg\" alt=\"Embalagem e Envio\" width=\"1024\" height=\"648\" srcset=\"https:\/\/gfmparts.com\/wp-content\/uploads\/2025\/05\/Packaging-and-Shipping-1-1-1024x648.jpg 1024w, https:\/\/gfmparts.com\/wp-content\/uploads\/2025\/05\/Packaging-and-Shipping-1-1-300x190.jpg 300w, https:\/\/gfmparts.com\/wp-content\/uploads\/2025\/05\/Packaging-and-Shipping-1-1-768x486.jpg 768w, https:\/\/gfmparts.com\/wp-content\/uploads\/2025\/05\/Packaging-and-Shipping-1-1-1536x973.jpg 1536w, https:\/\/gfmparts.com\/wp-content\/uploads\/2025\/05\/Packaging-and-Shipping-1-1-2048x1297.jpg 2048w, https:\/\/gfmparts.com\/wp-content\/uploads\/2025\/05\/Packaging-and-Shipping-1-1-600x380.jpg 600w\" sizes=\"(max-width: 1024px) 100vw, 1024px\" \/><\/p>\n<h3><span style=\"color: #ff6600;\">Vantagens da f\u00e1brica<\/span><\/h3>\n<p><strong><span style=\"color: #000000;\">Mais de 14 anos de experi\u00eancia dedicada, criando uma reputa\u00e7\u00e3o de qualidade<\/span><\/strong><br \/>\n<span style=\"color: #000000;\">A GFM possui mais de 15 anos de experi\u00eancia na produ\u00e7\u00e3o de pe\u00e7as para escavadeiras, com foco em pesquisa, desenvolvimento e fabrica\u00e7\u00e3o de eixos de ca\u00e7amba, pinos de ca\u00e7amba, buchas, correntes, esteiras e outras pe\u00e7as estruturais. Estamos cientes da import\u00e2ncia de cada componente para o desempenho de toda a m\u00e1quina, por isso, cada pino \u00e9 submetido a rigorosos processos de controle de qualidade, desde a sele\u00e7\u00e3o do material at\u00e9 a entrega.<\/span><\/p>\n<p><strong><span style=\"color: #000000;\">Equipamentos de processamento de precis\u00e3o CNC e m\u00faltiplos processos de inspe\u00e7\u00e3o<\/span><\/strong><br \/>\n<span style=\"color: #000000;\">Na f\u00e1brica da GFM, utilizamos tornos CNC de alta precis\u00e3o, retificadoras autom\u00e1ticas e equipamentos de perfura\u00e7\u00e3o para produ\u00e7\u00e3o em massa, garantindo a estabilidade e a intercambiabilidade de cada lote de produtos. Todos os produtos devem passar por quatro procedimentos antes de sa\u00edrem da f\u00e1brica, incluindo testes de dureza, inspe\u00e7\u00e3o dimensional, inspe\u00e7\u00e3o de apar\u00eancia e teste de carga est\u00e1tica, para garantir a qualifica\u00e7\u00e3o 100%.<\/span><\/p>\n<p><strong><span style=\"color: #000000;\">O suporte de servi\u00e7o personalizado torna a adapta\u00e7\u00e3o do equipamento mais flex\u00edvel<\/span><\/strong><br \/>\n<span style=\"color: #000000;\">Entendemos que diferentes condi\u00e7\u00f5es de trabalho exigem diferentes tamanhos de pinos, estruturas e processamento de materiais. A GFM oferece servi\u00e7os de personaliza\u00e7\u00e3o OEM e ODM, oferece suporte \u00e0 personaliza\u00e7\u00e3o de acordo com desenhos e tamb\u00e9m pode recomendar materiais e solu\u00e7\u00f5es de tratamento t\u00e9rmico mais adequados, de acordo com o ambiente de uso fornecido pelo cliente. Por exemplo:<\/span><\/p>\n<ul>\n<li><span style=\"color: #000000;\">Di\u00e2metro\/comprimento personalizado: suporta personaliza\u00e7\u00e3o n\u00e3o padronizada no n\u00edvel de 5 mm;<\/span><\/li>\n<li><span style=\"color: #000000;\">Sele\u00e7\u00e3o de materiais especiais: como 38CrMoAl, 20MnTiB e outras ligas de alto grau;<\/span><\/li>\n<li><span style=\"color: #000000;\">Tratamento de t\u00eampera ou nitreta\u00e7\u00e3o de alta frequ\u00eancia: adapta\u00e7\u00e3o a opera\u00e7\u00f5es de alto desgaste;<\/span><\/li>\n<li><span style=\"color: #000000;\">Adicione an\u00e9is de reten\u00e7\u00e3o, furos de lubrifica\u00e7\u00e3o ou interfaces roscadas: melhore a conveni\u00eancia da montagem e o desempenho da manuten\u00e7\u00e3o.<\/span><\/li>\n<\/ul>\n<p><span style=\"color: #000000;\">As escavadeiras PC300 exigem alta confiabilidade e alta efici\u00eancia no local de trabalho, mas um pequeno problema pode afetar o funcionamento de toda a m\u00e1quina. A GFM sempre se esfor\u00e7a para usar materiais de alta qualidade, processamento preciso e controle de processo suficiente, visando reduzir o tempo de inatividade do equipamento e garantir a tranquilidade dos clientes.<\/span><\/p>\n<p><span style=\"color: #000000;\">Se voc\u00ea est\u00e1 procurando por pino de esteira de escavadeira PC300 personaliz\u00e1vel de alta qualidade e em forma de T <a href=\"https:\/\/gfmparts.com\/pt\/product\/atacado-90-pinos-de-cacamba-de-escavadeira\/\"><strong>pino mestre da esteira da escavadeira<\/strong><\/a> acess\u00f3rios, entre em contato conosco e deixe que as quest\u00f5es profissionais sejam deixadas para uma equipe profissional!<\/span><\/p>\n<p style=\"text-align: center;\"><span style=\"color: #000000;\"><img loading=\"lazy\" decoding=\"async\" class=\"alignnone wp-image-2159\" src=\"https:\/\/gfmparts.com\/wp-content\/uploads\/2024\/12\/\u5fae\u4fe1\u56fe\u7247_20241202160325-1024x576.jpg\" alt=\"fabricante de pinos de dente de escavadeira\" width=\"767\" height=\"431\" srcset=\"\" sizes=\"(max-width: 767px) 100vw, 767px\" data-srcset=\"\" \/><\/span><\/p>","protected":false},"excerpt":{"rendered":"<ul>\n<li><span style=\"color: #000000;\">Qualidade garantida do produto<\/span><\/li>\n<li><span style=\"color: #000000;\">Fornecimento grande<\/span><\/li>\n<li><span style=\"color: #000000;\">Pre\u00e7os competitivos<\/span><\/li>\n<li><span style=\"color: #000000;\">A maioria das marcas e modelos<\/span><\/li>\n<li><span style=\"color: #000000;\">Equipe de Atendimento ao Cliente \u00datil<\/span><\/li>\n<li><span style=\"color: #000000;\">Suporte t\u00e9cnico profissional<\/span><\/li>\n<\/ul>","protected":false},"featured_media":6802,"template":"","meta":{"site-sidebar-layout":"default","site-content-layout":"","ast-site-content-layout":"default","site-content-style":"default","site-sidebar-style":"default","ast-global-header-display":"","ast-banner-title-visibility":"","ast-main-header-display":"","ast-hfb-above-header-display":"","ast-hfb-below-header-display":"","ast-hfb-mobile-header-display":"","site-post-title":"","ast-breadcrumbs-content":"","ast-featured-img":"","footer-sml-layout":"","theme-transparent-header-meta":"default","adv-header-id-meta":"","stick-header-meta":"default","header-above-stick-meta":"","header-main-stick-meta":"","header-below-stick-meta":"","astra-migrate-meta-layouts":"set","ast-page-background-enabled":"default","ast-page-background-meta":{"desktop":{"background-color":"","background-image":"","background-repeat":"repeat","background-position":"center center","background-size":"auto","background-attachment":"scroll","background-type":"","background-media":"","overlay-type":"","overlay-color":"","overlay-opacity":"","overlay-gradient":""},"tablet":{"background-color":"","background-image":"","background-repeat":"repeat","background-position":"center center","background-size":"auto","background-attachment":"scroll","background-type":"","background-media":"","overlay-type":"","overlay-color":"","overlay-opacity":"","overlay-gradient":""},"mobile":{"background-color":"","background-image":"","background-repeat":"repeat","background-position":"center center","background-size":"auto","background-attachment":"scroll","background-type":"","background-media":"","overlay-type":"","overlay-color":"","overlay-opacity":"","overlay-gradient":""}},"ast-content-background-meta":{"desktop":{"background-color":"var(--ast-global-color-5)","background-image":"","background-repeat":"repeat","background-position":"center center","background-size":"auto","background-attachment":"scroll","background-type":"","background-media":"","overlay-type":"","overlay-color":"","overlay-opacity":"","overlay-gradient":""},"tablet":{"background-color":"var(--ast-global-color-5)","background-image":"","background-repeat":"repeat","background-position":"center center","background-size":"auto","background-attachment":"scroll","background-type":"","background-media":"","overlay-type":"","overlay-color":"","overlay-opacity":"","overlay-gradient":""},"mobile":{"background-color":"var(--ast-global-color-5)","background-image":"","background-repeat":"repeat","background-position":"center center","background-size":"auto","background-attachment":"scroll","background-type":"","background-media":"","overlay-type":"","overlay-color":"","overlay-opacity":"","overlay-gradient":""}}},"product_cat":[27,172],"product_tag":[148],"class_list":{"0":"post-6801","1":"product","2":"type-product","3":"status-publish","4":"has-post-thumbnail","6":"product_cat-parts","7":"product_cat-track-pin-and-bushing","8":"product_tag-komatsu-pc300","9":"desktop-align-left","10":"tablet-align-left","11":"mobile-align-left","12":"ast-product-gallery-layout-horizontal-slider","13":"ast-product-gallery-with-no-image","14":"ast-product-tabs-layout-horizontal","16":"first","17":"instock","18":"shipping-taxable","19":"product-type-simple"},"yoast_head":"<!-- This site is optimized with the Yoast SEO Premium plugin v22.8 (Yoast SEO v23.9) - https:\/\/yoast.com\/wordpress\/plugins\/seo\/ -->\n<title>Komatsu PC300 Excavator Track Pin Supplier - GFM<\/title>\n<meta name=\"description\" content=\"As a professional excavator parts manufacturer, GFM provides track pins and T-shaped master pin excavator designed and adapted for PC300, which fully meet the high standards of strength, precision and durability.\" \/>\n<meta name=\"robots\" content=\"index, follow, max-snippet:-1, max-image-preview:large, max-video-preview:-1\" \/>\n<link rel=\"canonical\" href=\"https:\/\/gfmparts.com\/pt\/product\/fornecedor-de-pinos-de-esteira-para-escavadeira-komatsu\/\" \/>\n<meta property=\"og:locale\" content=\"pt_BR\" \/>\n<meta property=\"og:type\" content=\"article\" \/>\n<meta property=\"og:title\" content=\"Komatsu PC300 Excavator Track Pin Supplier\" \/>\n<meta property=\"og:description\" content=\"As a professional excavator parts manufacturer, GFM provides track pins and T-shaped master pin excavator designed and adapted for PC300, which fully meet the high standards of strength, precision and durability.\" \/>\n<meta property=\"og:url\" content=\"https:\/\/gfmparts.com\/pt\/product\/fornecedor-de-pinos-de-esteira-para-escavadeira-komatsu\/\" \/>\n<meta property=\"article:publisher\" content=\"https:\/\/www.facebook.com\/gfmparts\" \/>\n<meta property=\"article:modified_time\" content=\"2025-06-25T05:49:40+00:00\" \/>\n<meta property=\"og:image\" content=\"https:\/\/gfmparts.com\/wp-content\/uploads\/2025\/06\/Komatsu-PC300-Excavator-Track-Pin.png\" \/>\n\t<meta property=\"og:image:width\" content=\"1000\" \/>\n\t<meta property=\"og:image:height\" content=\"1000\" \/>\n\t<meta property=\"og:image:type\" content=\"image\/png\" \/>\n<meta name=\"twitter:card\" content=\"summary_large_image\" \/>\n<meta name=\"twitter:label1\" content=\"Est. tempo de leitura\" \/>\n\t<meta name=\"twitter:data1\" content=\"4 minutos\" \/>\n<script type=\"application\/ld+json\" class=\"yoast-schema-graph\">{\"@context\":\"https:\/\/schema.org\",\"@graph\":[{\"@type\":\"WebPage\",\"@id\":\"https:\/\/gfmparts.com\/product\/komatsu-excavator-track-pin-supplier\/\",\"url\":\"https:\/\/gfmparts.com\/product\/komatsu-excavator-track-pin-supplier\/\",\"name\":\"Komatsu PC300 Excavator Track Pin Supplier - GFM\",\"isPartOf\":{\"@id\":\"https:\/\/gfmparts.com\/#website\"},\"primaryImageOfPage\":{\"@id\":\"https:\/\/gfmparts.com\/product\/komatsu-excavator-track-pin-supplier\/#primaryimage\"},\"image\":{\"@id\":\"https:\/\/gfmparts.com\/product\/komatsu-excavator-track-pin-supplier\/#primaryimage\"},\"thumbnailUrl\":\"https:\/\/gfmparts.com\/wp-content\/uploads\/2025\/06\/Komatsu-PC300-Excavator-Track-Pin.png\",\"datePublished\":\"2025-06-25T02:19:30+00:00\",\"dateModified\":\"2025-06-25T05:49:40+00:00\",\"description\":\"As a professional excavator parts manufacturer, GFM provides track pins and T-shaped master pin excavator designed and adapted for PC300, which fully meet the high standards of strength, precision and durability.\",\"breadcrumb\":{\"@id\":\"https:\/\/gfmparts.com\/product\/komatsu-excavator-track-pin-supplier\/#breadcrumb\"},\"inLanguage\":\"pt-BR\",\"potentialAction\":[{\"@type\":\"ReadAction\",\"target\":[\"https:\/\/gfmparts.com\/product\/komatsu-excavator-track-pin-supplier\/\"]}]},{\"@type\":\"ImageObject\",\"inLanguage\":\"pt-BR\",\"@id\":\"https:\/\/gfmparts.com\/product\/komatsu-excavator-track-pin-supplier\/#primaryimage\",\"url\":\"https:\/\/gfmparts.com\/wp-content\/uploads\/2025\/06\/Komatsu-PC300-Excavator-Track-Pin.png\",\"contentUrl\":\"https:\/\/gfmparts.com\/wp-content\/uploads\/2025\/06\/Komatsu-PC300-Excavator-Track-Pin.png\",\"width\":1000,\"height\":1000,\"caption\":\"Komatsu PC300 Excavator Track Pin\"},{\"@type\":\"BreadcrumbList\",\"@id\":\"https:\/\/gfmparts.com\/product\/komatsu-excavator-track-pin-supplier\/#breadcrumb\",\"itemListElement\":[{\"@type\":\"ListItem\",\"position\":1,\"name\":\"\u9996\u9875\",\"item\":\"https:\/\/gfmparts.com\/\"},{\"@type\":\"ListItem\",\"position\":2,\"name\":\"All Product\",\"item\":\"https:\/\/gfmparts.com\/all-product\/\"},{\"@type\":\"ListItem\",\"position\":3,\"name\":\"Komatsu PC300 Excavator Track Pin Supplier\"}]},{\"@type\":\"WebSite\",\"@id\":\"https:\/\/gfmparts.com\/#website\",\"url\":\"https:\/\/gfmparts.com\/\",\"name\":\"GFM PARTS\",\"description\":\"GFM since 2011 focused on excavator and bulldozer undercarriage parts manufacturing :Track rollers,carrier roller,idler,sprocket,track group,bucket tooth pin.\",\"publisher\":{\"@id\":\"https:\/\/gfmparts.com\/#organization\"},\"alternateName\":\"gfmparts.com\",\"potentialAction\":[{\"@type\":\"SearchAction\",\"target\":{\"@type\":\"EntryPoint\",\"urlTemplate\":\"https:\/\/gfmparts.com\/?s={search_term_string}\"},\"query-input\":{\"@type\":\"PropertyValueSpecification\",\"valueRequired\":true,\"valueName\":\"search_term_string\"}}],\"inLanguage\":\"pt-BR\"},{\"@type\":\"Organization\",\"@id\":\"https:\/\/gfmparts.com\/#organization\",\"name\":\"GFM PARTS\",\"url\":\"https:\/\/gfmparts.com\/\",\"logo\":{\"@type\":\"ImageObject\",\"inLanguage\":\"pt-BR\",\"@id\":\"https:\/\/gfmparts.com\/#\/schema\/logo\/image\/\",\"url\":\"https:\/\/gfmparts.com\/wp-content\/uploads\/2024\/11\/cropped-GFMparts.com_-2.png\",\"contentUrl\":\"https:\/\/gfmparts.com\/wp-content\/uploads\/2024\/11\/cropped-GFMparts.com_-2.png\",\"width\":5987,\"height\":2564,\"caption\":\"GFM PARTS\"},\"image\":{\"@id\":\"https:\/\/gfmparts.com\/#\/schema\/logo\/image\/\"},\"sameAs\":[\"https:\/\/www.facebook.com\/gfmparts\",\"https:\/\/www.linkedin.com\/company\/gfmparts\/\",\"https:\/\/www.tiktok.com\/@gfmparts\",\"https:\/\/www.youtube.com\/@GFMparts\/featured\"]}]}<\/script>\n<!-- \/ Yoast SEO Premium plugin. -->","yoast_head_json":{"title":"Komatsu PC300 Excavator Track Pin Supplier - GFM","description":"As a professional excavator parts manufacturer, GFM provides track pins and T-shaped master pin excavator designed and adapted for PC300, which fully meet the high standards of strength, precision and durability.","robots":{"index":"index","follow":"follow","max-snippet":"max-snippet:-1","max-image-preview":"max-image-preview:large","max-video-preview":"max-video-preview:-1"},"canonical":"https:\/\/gfmparts.com\/pt\/product\/fornecedor-de-pinos-de-esteira-para-escavadeira-komatsu\/","og_locale":"pt_BR","og_type":"article","og_title":"Komatsu PC300 Excavator Track Pin Supplier","og_description":"As a professional excavator parts manufacturer, GFM provides track pins and T-shaped master pin excavator designed and adapted for PC300, which fully meet the high standards of strength, precision and durability.","og_url":"https:\/\/gfmparts.com\/pt\/product\/fornecedor-de-pinos-de-esteira-para-escavadeira-komatsu\/","article_publisher":"https:\/\/www.facebook.com\/gfmparts","article_modified_time":"2025-06-25T05:49:40+00:00","og_image":[{"width":1000,"height":1000,"url":"https:\/\/gfmparts.com\/wp-content\/uploads\/2025\/06\/Komatsu-PC300-Excavator-Track-Pin.png","type":"image\/png"}],"twitter_card":"summary_large_image","twitter_misc":{"Est. tempo de leitura":"4 minutos"},"schema":{"@context":"https:\/\/schema.org","@graph":[{"@type":"WebPage","@id":"https:\/\/gfmparts.com\/product\/komatsu-excavator-track-pin-supplier\/","url":"https:\/\/gfmparts.com\/product\/komatsu-excavator-track-pin-supplier\/","name":"Komatsu PC300 Excavator Track Pin Supplier - GFM","isPartOf":{"@id":"https:\/\/gfmparts.com\/#website"},"primaryImageOfPage":{"@id":"https:\/\/gfmparts.com\/product\/komatsu-excavator-track-pin-supplier\/#primaryimage"},"image":{"@id":"https:\/\/gfmparts.com\/product\/komatsu-excavator-track-pin-supplier\/#primaryimage"},"thumbnailUrl":"https:\/\/gfmparts.com\/wp-content\/uploads\/2025\/06\/Komatsu-PC300-Excavator-Track-Pin.png","datePublished":"2025-06-25T02:19:30+00:00","dateModified":"2025-06-25T05:49:40+00:00","description":"As a professional excavator parts manufacturer, GFM provides track pins and T-shaped master pin excavator designed and adapted for PC300, which fully meet the high standards of strength, precision and durability.","breadcrumb":{"@id":"https:\/\/gfmparts.com\/product\/komatsu-excavator-track-pin-supplier\/#breadcrumb"},"inLanguage":"pt-BR","potentialAction":[{"@type":"ReadAction","target":["https:\/\/gfmparts.com\/product\/komatsu-excavator-track-pin-supplier\/"]}]},{"@type":"ImageObject","inLanguage":"pt-BR","@id":"https:\/\/gfmparts.com\/product\/komatsu-excavator-track-pin-supplier\/#primaryimage","url":"https:\/\/gfmparts.com\/wp-content\/uploads\/2025\/06\/Komatsu-PC300-Excavator-Track-Pin.png","contentUrl":"https:\/\/gfmparts.com\/wp-content\/uploads\/2025\/06\/Komatsu-PC300-Excavator-Track-Pin.png","width":1000,"height":1000,"caption":"Komatsu PC300 Excavator Track Pin"},{"@type":"BreadcrumbList","@id":"https:\/\/gfmparts.com\/product\/komatsu-excavator-track-pin-supplier\/#breadcrumb","itemListElement":[{"@type":"ListItem","position":1,"name":"\u9996\u9875","item":"https:\/\/gfmparts.com\/"},{"@type":"ListItem","position":2,"name":"All Product","item":"https:\/\/gfmparts.com\/all-product\/"},{"@type":"ListItem","position":3,"name":"Komatsu PC300 Excavator Track Pin Supplier"}]},{"@type":"WebSite","@id":"https:\/\/gfmparts.com\/#website","url":"https:\/\/gfmparts.com\/","name":"GFM PARTS","description":"GFM since 2011 focused on excavator and bulldozer undercarriage parts manufacturing :Track rollers,carrier roller,idler,sprocket,track group,bucket tooth pin.","publisher":{"@id":"https:\/\/gfmparts.com\/#organization"},"alternateName":"gfmparts.com","potentialAction":[{"@type":"SearchAction","target":{"@type":"EntryPoint","urlTemplate":"https:\/\/gfmparts.com\/?s={search_term_string}"},"query-input":{"@type":"PropertyValueSpecification","valueRequired":true,"valueName":"search_term_string"}}],"inLanguage":"pt-BR"},{"@type":"Organization","@id":"https:\/\/gfmparts.com\/#organization","name":"GFM PARTS","url":"https:\/\/gfmparts.com\/","logo":{"@type":"ImageObject","inLanguage":"pt-BR","@id":"https:\/\/gfmparts.com\/#\/schema\/logo\/image\/","url":"https:\/\/gfmparts.com\/wp-content\/uploads\/2024\/11\/cropped-GFMparts.com_-2.png","contentUrl":"https:\/\/gfmparts.com\/wp-content\/uploads\/2024\/11\/cropped-GFMparts.com_-2.png","width":5987,"height":2564,"caption":"GFM PARTS"},"image":{"@id":"https:\/\/gfmparts.com\/#\/schema\/logo\/image\/"},"sameAs":["https:\/\/www.facebook.com\/gfmparts","https:\/\/www.linkedin.com\/company\/gfmparts\/","https:\/\/www.tiktok.com\/@gfmparts","https:\/\/www.youtube.com\/@GFMparts\/featured"]}]}},"_links":{"self":[{"href":"https:\/\/gfmparts.com\/pt\/wp-json\/wp\/v2\/product\/6801"}],"collection":[{"href":"https:\/\/gfmparts.com\/pt\/wp-json\/wp\/v2\/product"}],"about":[{"href":"https:\/\/gfmparts.com\/pt\/wp-json\/wp\/v2\/types\/product"}],"wp:featuredmedia":[{"embeddable":true,"href":"https:\/\/gfmparts.com\/pt\/wp-json\/wp\/v2\/media\/6802"}],"wp:attachment":[{"href":"https:\/\/gfmparts.com\/pt\/wp-json\/wp\/v2\/media?parent=6801"}],"wp:term":[{"taxonomy":"product_cat","embeddable":true,"href":"https:\/\/gfmparts.com\/pt\/wp-json\/wp\/v2\/product_cat?post=6801"},{"taxonomy":"product_tag","embeddable":true,"href":"https:\/\/gfmparts.com\/pt\/wp-json\/wp\/v2\/product_tag?post=6801"}],"curies":[{"name":"wp","href":"https:\/\/api.w.org\/{rel}","templated":true}]}}