{"id":6900,"date":"2025-07-16T01:38:07","date_gmt":"2025-07-16T01:38:07","guid":{"rendered":"https:\/\/gfmparts.com\/?post_type=product&#038;p=6900"},"modified":"2025-07-18T01:38:53","modified_gmt":"2025-07-18T01:38:53","slug":"excavator-track-master-pin-manufacturer","status":"publish","type":"product","link":"https:\/\/gfmparts.com\/pt\/product\/fabricante-de-pinos-mestres-de-esteiras-de-escavadeiras\/","title":{"rendered":"Fabricante de pinos mestres de esteiras para escavadeiras"},"content":{"rendered":"<p><span style=\"color: #000000;\">A GFM est\u00e1 profundamente envolvida na fabrica\u00e7\u00e3o de <a style=\"color: #000000;\" href=\"https:\/\/gfmparts.com\/pt\/product\/fornecedor-de-polias-intermediarias-de-esteira-komatsu-pc210\/\"><strong>pe\u00e7as do material rodante da escavadeira<\/strong><\/a> por muitos anos. Para o <a style=\"color: #000000;\" href=\"https:\/\/gfmparts.com\/pt\/product\/fornecedor-de-pinos-de-esteira-para-escavadeira-komatsu\/\"><strong>pino mestre da esteira da escavadeira<\/strong><\/a> , desenvolvemos uma variedade de modelos adequados para escavadeiras de diferentes tonelagens, com base em cen\u00e1rios de uso reais. Os produtos s\u00e3o amplamente utilizados em marcas tradicionais como Komatsu, Hitachi, Carter, Doosan, Hyundai, Kobelco, Sany e Zoomlion.<\/span><\/p>\n<p><span style=\"color: #000000;\">Nosso pino mestre de esteira tem as seguintes vantagens:<\/span><\/p>\n<p><span style=\"color: #000000;\"><strong>Material de forjamento de alta resist\u00eancia:<\/strong> A\u00e7o de liga de alta qualidade \u00e9 usado na forja geral para garantir que o pino mestre n\u00e3o seja facilmente quebrado ou deformado sob opera\u00e7\u00e3o de alta intensidade.<\/span><\/p>\n<p><span style=\"color: #000000;\"><strong>Tratamento t\u00e9rmico de t\u00eampera e revenimento:<\/strong> O tratamento de t\u00eampera + revenimento \u00e9 realizado por meio de um processo de tratamento t\u00e9rmico de precis\u00e3o para fazer a dureza da superf\u00edcie atingir HRC50-58, melhorando efetivamente a resist\u00eancia ao desgaste e prolongando a vida \u00fatil.<\/span><\/p>\n<p><span style=\"color: #000000;\"><strong>Tecnologia de processamento de alta precis\u00e3o:<\/strong> O torno CNC \u00e9 usado para processamento fino, e as principais dimens\u00f5es do pino mestre, como di\u00e2metro, coaxialidade e planura da superf\u00edcie final, s\u00e3o rigorosamente controladas dentro de \u00b10,02 mm para garantir uma instala\u00e7\u00e3o suave sem travamentos.<\/span><\/p>\n<p><span style=\"color: #000000;\"><strong>Tecnologia antiferrugem e anticorros\u00e3o<\/strong>: A superf\u00edcie pode ser fosfatada, enegrecida, galvanizada e outros processos, que podem se adaptar a v\u00e1rios ambientes de constru\u00e7\u00e3o, como umidade, lama, alta maresia, etc.<\/span><\/p>\n<p><span style=\"color: #000000;\"><strong>Modelos completos + servi\u00e7os personalizados:<\/strong> Sejam 80, 120, 200, 240, 300 toneladas, a GFM pode corresponder rapidamente e dar suporte ao processamento de acordo com desenhos e personaliza\u00e7\u00e3o de acordo com amostras para atender \u00e0s necessidades de equipamentos n\u00e3o padronizados.<\/span><\/p>\n<h3><span style=\"color: #ff6600;\">Descri\u00e7\u00e3o do produto<\/span><\/h3>\n<ul>\n<li><span style=\"color: #000000;\"><strong>Mat\u00e9ria-prima:<\/strong> 40CR<\/span><\/li>\n<li><span style=\"color: #000000;\"><strong>Quantidade m\u00ednima:<\/strong>\u00a01 PC<\/span><\/li>\n<li><span style=\"color: #000000;\"><strong>M\u00e9todo de pagamento:<\/strong>\u00a0T\/T<\/span><\/li>\n<li><span style=\"color: #000000;\"><strong>Marca:<\/strong>\u00a0GFM<\/span><\/li>\n<li><span style=\"color: #000000;\"><strong>Doen\u00e7a:<\/strong>\u00a0Novo<\/span><\/li>\n<li><span style=\"color: #000000;\"><strong>Cor:<\/strong>\u00a0Amarelo, Preto ou Personalizado<\/span><\/li>\n<li><span style=\"color: #000000;\"><strong>Tempo de espera:<\/strong>\u00a030 dias<\/span><\/li>\n<li><span style=\"color: #000000;\"><strong>Garantia:<\/strong>\u00a01 ano<\/span><\/li>\n<li><span style=\"color: #000000;\"><strong>Servi\u00e7o:<\/strong>\u00a0OEM ou ODM<\/span><\/li>\n<li><span style=\"color: #000000;\"><strong>Local de origem:<\/strong>\u00a0Fujian, China<\/span><\/li>\n<li><span style=\"color: #000000;\"><strong>Aplicativo:<\/strong> Escavadora<\/span><\/li>\n<li><span style=\"color: #000000;\"><strong>Embalagem:<\/strong>\u00a0Palete de madeira padr\u00e3o para exporta\u00e7\u00e3o<\/span><\/li>\n<\/ul>\n<h3><span style=\"color: #ff6600;\">Especifica\u00e7\u00f5es<\/span><\/h3>\n<p style=\"text-align: center;\"><img fetchpriority=\"high\" decoding=\"async\" class=\"alignnone wp-image-6803\" src=\"https:\/\/gfmparts.com\/wp-content\/uploads\/2025\/06\/Track-Pins-and-Bushing-Specifications-1024x953.png\" alt=\"Especifica\u00e7\u00f5es de pinos e buchas de esteira\" width=\"971\" height=\"903\" srcset=\"https:\/\/gfmparts.com\/wp-content\/uploads\/2025\/06\/Track-Pins-and-Bushing-Specifications-1024x953.png 1024w, https:\/\/gfmparts.com\/wp-content\/uploads\/2025\/06\/Track-Pins-and-Bushing-Specifications-300x279.png 300w, https:\/\/gfmparts.com\/wp-content\/uploads\/2025\/06\/Track-Pins-and-Bushing-Specifications-768x715.png 768w, https:\/\/gfmparts.com\/wp-content\/uploads\/2025\/06\/Track-Pins-and-Bushing-Specifications-1536x1430.png 1536w, https:\/\/gfmparts.com\/wp-content\/uploads\/2025\/06\/Track-Pins-and-Bushing-Specifications-600x559.png 600w, https:\/\/gfmparts.com\/wp-content\/uploads\/2025\/06\/Track-Pins-and-Bushing-Specifications.png 1597w\" sizes=\"(max-width: 971px) 100vw, 971px\" \/><\/p>\n<h3><span style=\"color: #ff6600;\">Modelos de produtos<\/span><\/h3>\n<p style=\"text-align: center;\"><img decoding=\"async\" class=\"alignnone size-full wp-image-3147\" src=\"https:\/\/gfmparts.com\/wp-content\/uploads\/2024\/11\/excavator-part-description-e1735350735761.png\" alt=\"descri\u00e7\u00e3o da pe\u00e7a da escavadeira\" width=\"856\" height=\"694\" srcset=\"https:\/\/gfmparts.com\/wp-content\/uploads\/2024\/11\/excavator-part-description-e1735350735761.png 856w, https:\/\/gfmparts.com\/wp-content\/uploads\/2024\/11\/excavator-part-description-e1735350735761-300x243.png 300w, https:\/\/gfmparts.com\/wp-content\/uploads\/2024\/11\/excavator-part-description-e1735350735761-768x623.png 768w, https:\/\/gfmparts.com\/wp-content\/uploads\/2024\/11\/excavator-part-description-e1735350735761-600x486.png 600w\" sizes=\"(max-width: 856px) 100vw, 856px\" \/><\/p>\n<h3><span style=\"color: #ff6600;\">Processo de produ\u00e7\u00e3o<\/span><\/h3>\n<p><img decoding=\"async\" class=\"size-large wp-image-3043 aligncenter\" src=\"https:\/\/gfmparts.com\/wp-content\/uploads\/2024\/12\/\u901a\u7528\u751f\u4ea7\u6d41\u7a0b-1-1024x648.jpg\" alt=\"processo de produ\u00e7\u00e3o de pe\u00e7as de escavadeira\" width=\"1024\" height=\"648\" srcset=\"\" sizes=\"(max-width: 1024px) 100vw, 1024px\" data-srcset=\"\" \/><\/p>\n<h3><span style=\"color: #ff6600;\">Embalagem e Envio<\/span><\/h3>\n<p style=\"text-align: center;\"><img loading=\"lazy\" decoding=\"async\" class=\"alignnone size-large wp-image-6521\" src=\"https:\/\/gfmparts.com\/wp-content\/uploads\/2025\/05\/Packaging-and-Shipping-1-1-1024x648.jpg\" alt=\"Embalagem e Envio\" width=\"1024\" height=\"648\" srcset=\"https:\/\/gfmparts.com\/wp-content\/uploads\/2025\/05\/Packaging-and-Shipping-1-1-1024x648.jpg 1024w, https:\/\/gfmparts.com\/wp-content\/uploads\/2025\/05\/Packaging-and-Shipping-1-1-300x190.jpg 300w, https:\/\/gfmparts.com\/wp-content\/uploads\/2025\/05\/Packaging-and-Shipping-1-1-768x486.jpg 768w, https:\/\/gfmparts.com\/wp-content\/uploads\/2025\/05\/Packaging-and-Shipping-1-1-1536x973.jpg 1536w, https:\/\/gfmparts.com\/wp-content\/uploads\/2025\/05\/Packaging-and-Shipping-1-1-2048x1297.jpg 2048w, https:\/\/gfmparts.com\/wp-content\/uploads\/2025\/05\/Packaging-and-Shipping-1-1-600x380.jpg 600w\" sizes=\"(max-width: 1024px) 100vw, 1024px\" \/><\/p>\n<h3><span style=\"color: #ff6600;\">Vantagens da f\u00e1brica<\/span><\/h3>\n<p><span style=\"color: #000000;\">GFM n\u00e3o \u00e9 apenas uma <a style=\"color: #000000;\" href=\"https:\/\/gfmparts.com\/pt\/product\/escavadeira-de-cacamba-com-bucha-de-atacado\/\"><strong>escavadeira de pino mestre<\/strong><\/a> fabricante, mas tamb\u00e9m uma f\u00e1brica baseada em processos com foco em \u201cprecis\u00e3o + personaliza\u00e7\u00e3o\u201d.<\/span><\/p>\n<p><strong><span style=\"color: #000000;\">Anos de experi\u00eancia em fabrica\u00e7\u00e3o<\/span><\/strong><\/p>\n<p><span style=\"color: #000000;\">Temos mais de 15 anos de experi\u00eancia na fabrica\u00e7\u00e3o de pe\u00e7as de material rodante para escavadeiras, com foco na produ\u00e7\u00e3o de pinos, buchas, correntes, placas de esteira e outros produtos, atendendo clientes no Sudeste Asi\u00e1tico, Oriente M\u00e9dio, R\u00fassia, Europa e Am\u00e9rica do Sul, com um volume de exporta\u00e7\u00e3o anual de mais de 12 milh\u00f5es de d\u00f3lares americanos.<\/span><\/p>\n<p><strong><span style=\"color: #000000;\">Equipamentos avan\u00e7ados e rigoroso controle de qualidade<\/span><\/strong><\/p>\n<ul>\n<li><span style=\"color: #000000;\">Linhas de forjamento pr\u00f3prias, linhas de tratamento t\u00e9rmico e linhas de usinagem CNC<\/span><\/li>\n<li><span style=\"color: #000000;\">Cada produto principal deve passar por v\u00e1rios procedimentos de teste, como teste de dureza, teste de tamanho, teste de concentricidade, etc. antes de sair da f\u00e1brica<\/span><\/li>\n<li><span style=\"color: #000000;\">A qualidade atende aos padr\u00f5es internacionais ISO9001:2015 e alguns produtos podem fornecer relat\u00f3rios de teste de terceiros<\/span><\/li>\n<\/ul>\n<p><strong><span style=\"color: #000000;\">Forte capacidade de produ\u00e7\u00e3o e entrega r\u00e1pida<\/span><\/strong><\/p>\n<p><span style=\"color: #000000;\">Com uma cadeia de suprimentos de mat\u00e9ria-prima est\u00e1vel e processos de fabrica\u00e7\u00e3o padronizados, a GFM possui uma capacidade de produ\u00e7\u00e3o de mais de 100.000 produtos principais por m\u00eas. Entre a baixa e a alta temporada, podemos manter um ciclo de entrega de 15 a 25 dias para fornecer prote\u00e7\u00e3o est\u00e1vel para o seu projeto.<\/span><\/p>\n<h3><span style=\"color: #ff6600;\">Atendimento personalizado<\/span><\/h3>\n<p><span style=\"color: #000000;\">Sabemos que as condi\u00e7\u00f5es de trabalho de cada escavadeira s\u00e3o diferentes. Algumas s\u00e3o em locais de cascalho, outras em campos de arroz e lama, e algumas em ambientes extremamente frios ou com temperaturas elevadas. Por isso, a GFM n\u00e3o se contenta apenas com a &quot;padroniza\u00e7\u00e3o&quot;, mas tamb\u00e9m se esfor\u00e7a para oferecer aos clientes servi\u00e7os personalizados &quot;mais adapt\u00e1veis&quot;.<\/span><\/p>\n<ul>\n<li><span style=\"color: #000000;\">Produ\u00e7\u00e3o de acordo com desenhos: os clientes s\u00f3 precisam fornecer desenhos ou requisitos de tamanho, e podemos rapidamente fazer amostras e entregar em lotes.<\/span><\/li>\n<li><span style=\"color: #000000;\">Personaliza\u00e7\u00e3o com amostras: Se voc\u00ea tem equipamentos antigos ou vendas principais de amostras, oferecemos suporte para mapeamento e reprodu\u00e7\u00e3o, e tamb\u00e9m podemos ajudar a otimizar o design.<\/span><\/li>\n<li><span style=\"color: #000000;\">Op\u00e7\u00f5es personalizadas de tratamento de superf\u00edcie: se voc\u00ea precisar personalizar diferentes cores, revestimentos e n\u00edveis antiferrugem, tamb\u00e9m podemos responder com flexibilidade.<\/span><\/li>\n<li><span style=\"color: #000000;\">Auxiliar na gest\u00e3o de estoque: para clientes cooperativos de longo prazo, tamb\u00e9m oferecemos o servi\u00e7o de \u201centrega mensal em lote + reten\u00e7\u00e3o de estoque de seguran\u00e7a\u201d para ajudar os clientes a otimizar seus planos de estoque.<\/span><\/li>\n<\/ul>\n<p style=\"text-align: center;\"><span style=\"color: #000000;\"><img loading=\"lazy\" decoding=\"async\" class=\"alignnone wp-image-2159\" src=\"https:\/\/gfmparts.com\/wp-content\/uploads\/2024\/12\/\u5fae\u4fe1\u56fe\u7247_20241202160325-1024x576.jpg\" alt=\"fabricante de pinos de dente de escavadeira\" width=\"767\" height=\"431\" srcset=\"\" sizes=\"(max-width: 767px) 100vw, 767px\" data-srcset=\"\" \/><\/span><\/p>","protected":false},"excerpt":{"rendered":"<ul>\n<li><span style=\"color: #000000;\">Qualidade garantida do produto<\/span><\/li>\n<li><span style=\"color: #000000;\">Fornecimento grande<\/span><\/li>\n<li><span style=\"color: #000000;\">Pre\u00e7os competitivos<\/span><\/li>\n<li><span style=\"color: #000000;\">A maioria das marcas e modelos<\/span><\/li>\n<li><span style=\"color: #000000;\">Equipe de Atendimento ao Cliente \u00datil<\/span><\/li>\n<li><span style=\"color: #000000;\">Suporte t\u00e9cnico profissional<\/span><\/li>\n<\/ul>","protected":false},"featured_media":6901,"template":"","meta":{"site-sidebar-layout":"default","site-content-layout":"","ast-site-content-layout":"default","site-content-style":"default","site-sidebar-style":"default","ast-global-header-display":"","ast-banner-title-visibility":"","ast-main-header-display":"","ast-hfb-above-header-display":"","ast-hfb-below-header-display":"","ast-hfb-mobile-header-display":"","site-post-title":"","ast-breadcrumbs-content":"","ast-featured-img":"","footer-sml-layout":"","theme-transparent-header-meta":"default","adv-header-id-meta":"","stick-header-meta":"default","header-above-stick-meta":"","header-main-stick-meta":"","header-below-stick-meta":"","astra-migrate-meta-layouts":"set","ast-page-background-enabled":"default","ast-page-background-meta":{"desktop":{"background-color":"","background-image":"","background-repeat":"repeat","background-position":"center center","background-size":"auto","background-attachment":"scroll","background-type":"","background-media":"","overlay-type":"","overlay-color":"","overlay-opacity":"","overlay-gradient":""},"tablet":{"background-color":"","background-image":"","background-repeat":"repeat","background-position":"center center","background-size":"auto","background-attachment":"scroll","background-type":"","background-media":"","overlay-type":"","overlay-color":"","overlay-opacity":"","overlay-gradient":""},"mobile":{"background-color":"","background-image":"","background-repeat":"repeat","background-position":"center center","background-size":"auto","background-attachment":"scroll","background-type":"","background-media":"","overlay-type":"","overlay-color":"","overlay-opacity":"","overlay-gradient":""}},"ast-content-background-meta":{"desktop":{"background-color":"var(--ast-global-color-5)","background-image":"","background-repeat":"repeat","background-position":"center center","background-size":"auto","background-attachment":"scroll","background-type":"","background-media":"","overlay-type":"","overlay-color":"","overlay-opacity":"","overlay-gradient":""},"tablet":{"background-color":"var(--ast-global-color-5)","background-image":"","background-repeat":"repeat","background-position":"center center","background-size":"auto","background-attachment":"scroll","background-type":"","background-media":"","overlay-type":"","overlay-color":"","overlay-opacity":"","overlay-gradient":""},"mobile":{"background-color":"var(--ast-global-color-5)","background-image":"","background-repeat":"repeat","background-position":"center center","background-size":"auto","background-attachment":"scroll","background-type":"","background-media":"","overlay-type":"","overlay-color":"","overlay-opacity":"","overlay-gradient":""}}},"product_cat":[27,172],"product_tag":[],"class_list":{"0":"post-6900","1":"product","2":"type-product","3":"status-publish","4":"has-post-thumbnail","6":"product_cat-parts","7":"product_cat-track-pin-and-bushing","8":"desktop-align-left","9":"tablet-align-left","10":"mobile-align-left","11":"ast-product-gallery-layout-horizontal-slider","12":"ast-product-gallery-with-no-image","13":"ast-product-tabs-layout-horizontal","15":"first","16":"instock","17":"shipping-taxable","18":"product-type-simple"},"yoast_head":"<!-- This site is optimized with the Yoast SEO Premium plugin v22.8 (Yoast SEO v23.9) - https:\/\/yoast.com\/wordpress\/plugins\/seo\/ -->\n<title>Excavator Track Master Pin Manufacturer - GFM<\/title>\n<meta name=\"description\" content=\"GFM master pin excavator supplier, we adapt to different tonnage excavator models, products are widely used in Komatsu, Hitachi, Carter, Doosan, Hyundai, Kobelco and other mainstream brands.\" \/>\n<meta name=\"robots\" content=\"index, follow, max-snippet:-1, max-image-preview:large, max-video-preview:-1\" \/>\n<link rel=\"canonical\" href=\"https:\/\/gfmparts.com\/pt\/product\/fabricante-de-pinos-mestres-de-esteiras-de-escavadeiras\/\" \/>\n<meta property=\"og:locale\" content=\"pt_BR\" \/>\n<meta property=\"og:type\" content=\"article\" \/>\n<meta property=\"og:title\" content=\"Excavator Track Master Pin Manufacturer\" \/>\n<meta property=\"og:description\" content=\"GFM master pin excavator supplier, we adapt to different tonnage excavator models, products are widely used in Komatsu, Hitachi, Carter, Doosan, Hyundai, Kobelco and other mainstream brands.\" \/>\n<meta property=\"og:url\" content=\"https:\/\/gfmparts.com\/pt\/product\/fabricante-de-pinos-mestres-de-esteiras-de-escavadeiras\/\" \/>\n<meta property=\"article:publisher\" content=\"https:\/\/www.facebook.com\/gfmparts\" \/>\n<meta property=\"article:modified_time\" content=\"2025-07-18T01:38:53+00:00\" \/>\n<meta property=\"og:image\" content=\"https:\/\/gfmparts.com\/wp-content\/uploads\/2025\/07\/Excavator-Track-Master-Pin-Manufacturer.png\" \/>\n\t<meta property=\"og:image:width\" content=\"1000\" \/>\n\t<meta property=\"og:image:height\" content=\"1000\" \/>\n\t<meta property=\"og:image:type\" content=\"image\/png\" \/>\n<meta name=\"twitter:card\" content=\"summary_large_image\" \/>\n<meta name=\"twitter:label1\" content=\"Est. tempo de leitura\" \/>\n\t<meta name=\"twitter:data1\" content=\"4 minutos\" \/>\n<script type=\"application\/ld+json\" class=\"yoast-schema-graph\">{\"@context\":\"https:\/\/schema.org\",\"@graph\":[{\"@type\":\"WebPage\",\"@id\":\"https:\/\/gfmparts.com\/product\/excavator-track-master-pin-manufacturer\/\",\"url\":\"https:\/\/gfmparts.com\/product\/excavator-track-master-pin-manufacturer\/\",\"name\":\"Excavator Track Master Pin Manufacturer - GFM\",\"isPartOf\":{\"@id\":\"https:\/\/gfmparts.com\/#website\"},\"primaryImageOfPage\":{\"@id\":\"https:\/\/gfmparts.com\/product\/excavator-track-master-pin-manufacturer\/#primaryimage\"},\"image\":{\"@id\":\"https:\/\/gfmparts.com\/product\/excavator-track-master-pin-manufacturer\/#primaryimage\"},\"thumbnailUrl\":\"https:\/\/gfmparts.com\/wp-content\/uploads\/2025\/07\/Excavator-Track-Master-Pin-Manufacturer.png\",\"datePublished\":\"2025-07-16T01:38:07+00:00\",\"dateModified\":\"2025-07-18T01:38:53+00:00\",\"description\":\"GFM master pin excavator supplier, we adapt to different tonnage excavator models, products are widely used in Komatsu, Hitachi, Carter, Doosan, Hyundai, Kobelco and other mainstream brands.\",\"breadcrumb\":{\"@id\":\"https:\/\/gfmparts.com\/product\/excavator-track-master-pin-manufacturer\/#breadcrumb\"},\"inLanguage\":\"pt-BR\",\"potentialAction\":[{\"@type\":\"ReadAction\",\"target\":[\"https:\/\/gfmparts.com\/product\/excavator-track-master-pin-manufacturer\/\"]}]},{\"@type\":\"ImageObject\",\"inLanguage\":\"pt-BR\",\"@id\":\"https:\/\/gfmparts.com\/product\/excavator-track-master-pin-manufacturer\/#primaryimage\",\"url\":\"https:\/\/gfmparts.com\/wp-content\/uploads\/2025\/07\/Excavator-Track-Master-Pin-Manufacturer.png\",\"contentUrl\":\"https:\/\/gfmparts.com\/wp-content\/uploads\/2025\/07\/Excavator-Track-Master-Pin-Manufacturer.png\",\"width\":1000,\"height\":1000,\"caption\":\"Excavator Track Master Pin Manufacturer\"},{\"@type\":\"BreadcrumbList\",\"@id\":\"https:\/\/gfmparts.com\/product\/excavator-track-master-pin-manufacturer\/#breadcrumb\",\"itemListElement\":[{\"@type\":\"ListItem\",\"position\":1,\"name\":\"\u9996\u9875\",\"item\":\"https:\/\/gfmparts.com\/\"},{\"@type\":\"ListItem\",\"position\":2,\"name\":\"All Product\",\"item\":\"https:\/\/gfmparts.com\/all-product\/\"},{\"@type\":\"ListItem\",\"position\":3,\"name\":\"Excavator Track Master Pin Manufacturer\"}]},{\"@type\":\"WebSite\",\"@id\":\"https:\/\/gfmparts.com\/#website\",\"url\":\"https:\/\/gfmparts.com\/\",\"name\":\"GFM PARTS\",\"description\":\"GFM since 2011 focused on excavator and bulldozer undercarriage parts manufacturing :Track rollers,carrier roller,idler,sprocket,track group,bucket tooth pin.\",\"publisher\":{\"@id\":\"https:\/\/gfmparts.com\/#organization\"},\"alternateName\":\"gfmparts.com\",\"potentialAction\":[{\"@type\":\"SearchAction\",\"target\":{\"@type\":\"EntryPoint\",\"urlTemplate\":\"https:\/\/gfmparts.com\/?s={search_term_string}\"},\"query-input\":{\"@type\":\"PropertyValueSpecification\",\"valueRequired\":true,\"valueName\":\"search_term_string\"}}],\"inLanguage\":\"pt-BR\"},{\"@type\":\"Organization\",\"@id\":\"https:\/\/gfmparts.com\/#organization\",\"name\":\"GFM PARTS\",\"url\":\"https:\/\/gfmparts.com\/\",\"logo\":{\"@type\":\"ImageObject\",\"inLanguage\":\"pt-BR\",\"@id\":\"https:\/\/gfmparts.com\/#\/schema\/logo\/image\/\",\"url\":\"https:\/\/gfmparts.com\/wp-content\/uploads\/2024\/11\/cropped-GFMparts.com_-2.png\",\"contentUrl\":\"https:\/\/gfmparts.com\/wp-content\/uploads\/2024\/11\/cropped-GFMparts.com_-2.png\",\"width\":5987,\"height\":2564,\"caption\":\"GFM PARTS\"},\"image\":{\"@id\":\"https:\/\/gfmparts.com\/#\/schema\/logo\/image\/\"},\"sameAs\":[\"https:\/\/www.facebook.com\/gfmparts\",\"https:\/\/www.linkedin.com\/company\/gfmparts\/\",\"https:\/\/www.tiktok.com\/@gfmparts\",\"https:\/\/www.youtube.com\/@GFMparts\/featured\"]}]}<\/script>\n<!-- \/ Yoast SEO Premium plugin. -->","yoast_head_json":{"title":"Excavator Track Master Pin Manufacturer - GFM","description":"GFM master pin excavator supplier, we adapt to different tonnage excavator models, products are widely used in Komatsu, Hitachi, Carter, Doosan, Hyundai, Kobelco and other mainstream brands.","robots":{"index":"index","follow":"follow","max-snippet":"max-snippet:-1","max-image-preview":"max-image-preview:large","max-video-preview":"max-video-preview:-1"},"canonical":"https:\/\/gfmparts.com\/pt\/product\/fabricante-de-pinos-mestres-de-esteiras-de-escavadeiras\/","og_locale":"pt_BR","og_type":"article","og_title":"Excavator Track Master Pin Manufacturer","og_description":"GFM master pin excavator supplier, we adapt to different tonnage excavator models, products are widely used in Komatsu, Hitachi, Carter, Doosan, Hyundai, Kobelco and other mainstream brands.","og_url":"https:\/\/gfmparts.com\/pt\/product\/fabricante-de-pinos-mestres-de-esteiras-de-escavadeiras\/","article_publisher":"https:\/\/www.facebook.com\/gfmparts","article_modified_time":"2025-07-18T01:38:53+00:00","og_image":[{"width":1000,"height":1000,"url":"https:\/\/gfmparts.com\/wp-content\/uploads\/2025\/07\/Excavator-Track-Master-Pin-Manufacturer.png","type":"image\/png"}],"twitter_card":"summary_large_image","twitter_misc":{"Est. tempo de leitura":"4 minutos"},"schema":{"@context":"https:\/\/schema.org","@graph":[{"@type":"WebPage","@id":"https:\/\/gfmparts.com\/product\/excavator-track-master-pin-manufacturer\/","url":"https:\/\/gfmparts.com\/product\/excavator-track-master-pin-manufacturer\/","name":"Excavator Track Master Pin Manufacturer - GFM","isPartOf":{"@id":"https:\/\/gfmparts.com\/#website"},"primaryImageOfPage":{"@id":"https:\/\/gfmparts.com\/product\/excavator-track-master-pin-manufacturer\/#primaryimage"},"image":{"@id":"https:\/\/gfmparts.com\/product\/excavator-track-master-pin-manufacturer\/#primaryimage"},"thumbnailUrl":"https:\/\/gfmparts.com\/wp-content\/uploads\/2025\/07\/Excavator-Track-Master-Pin-Manufacturer.png","datePublished":"2025-07-16T01:38:07+00:00","dateModified":"2025-07-18T01:38:53+00:00","description":"GFM master pin excavator supplier, we adapt to different tonnage excavator models, products are widely used in Komatsu, Hitachi, Carter, Doosan, Hyundai, Kobelco and other mainstream brands.","breadcrumb":{"@id":"https:\/\/gfmparts.com\/product\/excavator-track-master-pin-manufacturer\/#breadcrumb"},"inLanguage":"pt-BR","potentialAction":[{"@type":"ReadAction","target":["https:\/\/gfmparts.com\/product\/excavator-track-master-pin-manufacturer\/"]}]},{"@type":"ImageObject","inLanguage":"pt-BR","@id":"https:\/\/gfmparts.com\/product\/excavator-track-master-pin-manufacturer\/#primaryimage","url":"https:\/\/gfmparts.com\/wp-content\/uploads\/2025\/07\/Excavator-Track-Master-Pin-Manufacturer.png","contentUrl":"https:\/\/gfmparts.com\/wp-content\/uploads\/2025\/07\/Excavator-Track-Master-Pin-Manufacturer.png","width":1000,"height":1000,"caption":"Excavator Track Master Pin Manufacturer"},{"@type":"BreadcrumbList","@id":"https:\/\/gfmparts.com\/product\/excavator-track-master-pin-manufacturer\/#breadcrumb","itemListElement":[{"@type":"ListItem","position":1,"name":"\u9996\u9875","item":"https:\/\/gfmparts.com\/"},{"@type":"ListItem","position":2,"name":"All Product","item":"https:\/\/gfmparts.com\/all-product\/"},{"@type":"ListItem","position":3,"name":"Excavator Track Master Pin Manufacturer"}]},{"@type":"WebSite","@id":"https:\/\/gfmparts.com\/#website","url":"https:\/\/gfmparts.com\/","name":"GFM PARTS","description":"GFM since 2011 focused on excavator and bulldozer undercarriage parts manufacturing :Track rollers,carrier roller,idler,sprocket,track group,bucket tooth pin.","publisher":{"@id":"https:\/\/gfmparts.com\/#organization"},"alternateName":"gfmparts.com","potentialAction":[{"@type":"SearchAction","target":{"@type":"EntryPoint","urlTemplate":"https:\/\/gfmparts.com\/?s={search_term_string}"},"query-input":{"@type":"PropertyValueSpecification","valueRequired":true,"valueName":"search_term_string"}}],"inLanguage":"pt-BR"},{"@type":"Organization","@id":"https:\/\/gfmparts.com\/#organization","name":"GFM PARTS","url":"https:\/\/gfmparts.com\/","logo":{"@type":"ImageObject","inLanguage":"pt-BR","@id":"https:\/\/gfmparts.com\/#\/schema\/logo\/image\/","url":"https:\/\/gfmparts.com\/wp-content\/uploads\/2024\/11\/cropped-GFMparts.com_-2.png","contentUrl":"https:\/\/gfmparts.com\/wp-content\/uploads\/2024\/11\/cropped-GFMparts.com_-2.png","width":5987,"height":2564,"caption":"GFM PARTS"},"image":{"@id":"https:\/\/gfmparts.com\/#\/schema\/logo\/image\/"},"sameAs":["https:\/\/www.facebook.com\/gfmparts","https:\/\/www.linkedin.com\/company\/gfmparts\/","https:\/\/www.tiktok.com\/@gfmparts","https:\/\/www.youtube.com\/@GFMparts\/featured"]}]}},"_links":{"self":[{"href":"https:\/\/gfmparts.com\/pt\/wp-json\/wp\/v2\/product\/6900"}],"collection":[{"href":"https:\/\/gfmparts.com\/pt\/wp-json\/wp\/v2\/product"}],"about":[{"href":"https:\/\/gfmparts.com\/pt\/wp-json\/wp\/v2\/types\/product"}],"wp:featuredmedia":[{"embeddable":true,"href":"https:\/\/gfmparts.com\/pt\/wp-json\/wp\/v2\/media\/6901"}],"wp:attachment":[{"href":"https:\/\/gfmparts.com\/pt\/wp-json\/wp\/v2\/media?parent=6900"}],"wp:term":[{"taxonomy":"product_cat","embeddable":true,"href":"https:\/\/gfmparts.com\/pt\/wp-json\/wp\/v2\/product_cat?post=6900"},{"taxonomy":"product_tag","embeddable":true,"href":"https:\/\/gfmparts.com\/pt\/wp-json\/wp\/v2\/product_tag?post=6900"}],"curies":[{"name":"wp","href":"https:\/\/api.w.org\/{rel}","templated":true}]}}