{"id":6914,"date":"2025-07-22T02:09:31","date_gmt":"2025-07-22T02:09:31","guid":{"rendered":"https:\/\/gfmparts.com\/?post_type=product&#038;p=6914"},"modified":"2025-07-22T03:19:58","modified_gmt":"2025-07-22T03:19:58","slug":"komatsu-pc650-5-excavator-track-idler-roller","status":"publish","type":"product","link":"https:\/\/gfmparts.com\/pt\/product\/rolo-tensor-de-esteira-para-escavadeira-komatsu-pc650-5\/","title":{"rendered":"Rolo tensor de esteira para escavadeira Komatsu PC650-5"},"content":{"rendered":"<p data-pm-slice=\"1 1 []\">A Komatsu PC650-5 \u00e9 uma escavadeira hidr\u00e1ulica de alta resist\u00eancia que exige resist\u00eancia e precis\u00e3o excepcionais dos componentes do chassi. Como uma das empresas chinesas mais experientes <span style=\"color: #000000;\"><a style=\"color: #000000;\" href=\"https:\/\/gfmparts.com\/pt\/product\/rolete-tensor-de-esteira-para-escavadeira-cat-305\/\"><strong>fabricantes de rodas-guia para escavadeiras<\/strong><\/a><\/span>, a GFM \u00e9 especializada na produ\u00e7\u00e3o de alto desempenho e longa dura\u00e7\u00e3o <span style=\"color: #000000;\"><a style=\"color: #000000;\" href=\"https:\/\/gfmparts.com\/pt\/product\/rolete-tensor-de-esteira-para-escavadeira-cat-305\/\"><strong>roletes de esteira de escavadeira<\/strong><\/a><\/span> adaptado especificamente para o PC650-5, garantindo uma opera\u00e7\u00e3o est\u00e1vel em todas as condi\u00e7\u00f5es de trabalho.<\/p>\n<p>A polia intermedi\u00e1ria PC650-5 da GFM \u00e9 fabricada em a\u00e7o-liga forjado de alta resist\u00eancia, tratado termicamente para aumentar a dureza e a resist\u00eancia ao desgaste. Projetada para suportar choques e fadiga, ela oferece desempenho confi\u00e1vel em minera\u00e7\u00e3o, obras rodovi\u00e1rias e outros ambientes adversos.<\/p>\n<p>Principais caracter\u00edsticas do produto:<\/p>\n<ul data-spread=\"false\">\n<li><strong>Ajuste de precis\u00e3o<\/strong>: Perfeitamente compat\u00edvel com as dimens\u00f5es de montagem do Komatsu PC650-5, permitindo f\u00e1cil instala\u00e7\u00e3o<\/li>\n<li><strong>Durabilidade excepcional<\/strong>: Aros temperados em alta frequ\u00eancia e rolamentos de precis\u00e3o garantem durabilidade a longo prazo<\/li>\n<li><strong>Materiais superiores<\/strong>: Forjado em a\u00e7o de liga de alta pureza, oferecendo estrutura uniforme e excelente tenacidade<\/li>\n<li><strong>Sistema de veda\u00e7\u00e3o atualizado<\/strong>: As veda\u00e7\u00f5es multicamadas bloqueiam efetivamente contaminantes como \u00e1gua, areia e \u00f3leo, protegendo o sistema de rolamento interno.<\/li>\n<\/ul>\n<p>Se voc\u00ea precisa de pe\u00e7as de reposi\u00e7\u00e3o ou componentes para montagem, a GFM continua sendo sua parceira de confian\u00e7a entre os fabricantes globais de polias intermedi\u00e1rias para escavadeiras.<\/p>\n<h3><span style=\"color: #ff6600;\">Descri\u00e7\u00e3o do produto<\/span><\/h3>\n<ul>\n<li><span style=\"color: #000000;\"><strong>Quantidade m\u00ednima:<\/strong>\u00a01 PC<\/span><\/li>\n<li><span style=\"color: #000000;\"><strong>M\u00e9todo de pagamento:<\/strong>\u00a0T\/T<\/span><\/li>\n<li><span style=\"color: #000000;\"><strong>Marca:<\/strong>\u00a0GFM<\/span><\/li>\n<li><span style=\"color: #000000;\"><strong>Doen\u00e7a:<\/strong>\u00a0Novo<\/span><\/li>\n<li><span style=\"color: #000000;\"><strong>Cor:<\/strong>\u00a0Amarelo, Preto ou Personalizado<\/span><\/li>\n<li><span style=\"color: #000000;\"><strong>Tempo de espera:<\/strong>\u00a030 dias<\/span><\/li>\n<li><span style=\"color: #000000;\"><strong>Garantia:<\/strong>\u00a01 ano<\/span><\/li>\n<li><span style=\"color: #000000;\"><strong>Servi\u00e7o:<\/strong>\u00a0OEM ou ODM<\/span><\/li>\n<li><span style=\"color: #000000;\"><strong>Local de origem:<\/strong>\u00a0Fujian, China<\/span><\/li>\n<li><span style=\"color: #000000;\"><strong>Aplicativo:<\/strong> Escavadora<\/span><\/li>\n<li><span style=\"color: #000000;\"><strong>Embalagem:<\/strong> Palete de madeira padr\u00e3o para exporta\u00e7\u00e3o<\/span><\/li>\n<\/ul>\n<h3><span style=\"color: #ff6600;\">Caracter\u00edsticas<\/span><\/h3>\n<ul>\n<li><b><\/b><span style=\"color: #000000;\"><strong><b>Dur\u00e1vel:<\/b><\/strong>Constru\u00eddo para suportar condi\u00e7\u00f5es dif\u00edceis para um desempenho duradouro.<\/span><\/li>\n<li><span style=\"color: #000000;\"><b><\/b><strong><b>Ajuste perfeito: <\/b><\/strong>Projetado para f\u00e1cil instala\u00e7\u00e3o em v\u00e1rios modelos de escavadeiras e tratores.<\/span><\/li>\n<li><span style=\"color: #000000;\"><b><\/b><strong><b>Servi\u00e7o Pesado: <\/b><\/strong>Suporta cargas pesadas para uma opera\u00e7\u00e3o suave e est\u00e1vel.<\/span><\/li>\n<li><span style=\"color: #000000;\"><b><\/b><strong><b>Suave e silencioso<\/b><\/strong>: Minimiza a vibra\u00e7\u00e3o para movimentos mais suaves e melhor tra\u00e7\u00e3o em todos os terrenos.<\/span><\/li>\n<li><span style=\"color: #000000;\"><b><\/b><strong><b>Baixa manuten\u00e7\u00e3o: <\/b><\/strong>Autolubrificante para menos manuten\u00e7\u00e3o e mais tempo de atividade.<\/span><\/li>\n<li><span style=\"color: #000000;\"><b><\/b><strong><b>Resistente \u00e0s intemp\u00e9ries: <\/b><\/strong>Apresenta bom desempenho em qualquer clima, sendo resistente \u00e0 ferrugem e a temperaturas extremas.<\/span><\/li>\n<\/ul>\n<h3><span style=\"color: #ff6600;\">Especifica\u00e7\u00f5es<\/span><\/h3>\n<p style=\"text-align: center;\"><img fetchpriority=\"high\" decoding=\"async\" class=\"alignnone size-large wp-image-6793\" src=\"https:\/\/gfmparts.com\/wp-content\/uploads\/2025\/06\/track-idler-specification-1024x402.jpg\" alt=\"especifica\u00e7\u00e3o do rolete de esteira\" width=\"1024\" height=\"402\" srcset=\"https:\/\/gfmparts.com\/wp-content\/uploads\/2025\/06\/track-idler-specification-1024x402.jpg 1024w, https:\/\/gfmparts.com\/wp-content\/uploads\/2025\/06\/track-idler-specification-300x118.jpg 300w, https:\/\/gfmparts.com\/wp-content\/uploads\/2025\/06\/track-idler-specification-768x301.jpg 768w, https:\/\/gfmparts.com\/wp-content\/uploads\/2025\/06\/track-idler-specification-600x235.jpg 600w, https:\/\/gfmparts.com\/wp-content\/uploads\/2025\/06\/track-idler-specification.jpg 1537w\" sizes=\"(max-width: 1024px) 100vw, 1024px\" \/><\/p>\n<p style=\"text-align: center;\"><img decoding=\"async\" class=\"alignnone size-full wp-image-3003\" style=\"font-style: inherit; font-weight: inherit;\" src=\"https:\/\/gfmparts.com\/wp-content\/uploads\/2024\/12\/\u5f15\u5bfc\u8f6e\u578b\u53f7.png\" alt=\"modelo de polia intermedi\u00e1ria de esteira\" width=\"867\" height=\"369\" srcset=\"https:\/\/gfmparts.com\/wp-content\/uploads\/2024\/12\/\u5f15\u5bfc\u8f6e\u578b\u53f7.png 867w, https:\/\/gfmparts.com\/wp-content\/uploads\/2024\/12\/\u5f15\u5bfc\u8f6e\u578b\u53f7-300x128.png 300w, https:\/\/gfmparts.com\/wp-content\/uploads\/2024\/12\/\u5f15\u5bfc\u8f6e\u578b\u53f7-768x327.png 768w, https:\/\/gfmparts.com\/wp-content\/uploads\/2024\/12\/\u5f15\u5bfc\u8f6e\u578b\u53f7-600x255.png 600w\" sizes=\"(max-width: 867px) 100vw, 867px\" \/><\/p>\n<h3><span style=\"color: #ff6600;\">Modelos de produtos<\/span><\/h3>\n<p style=\"text-align: center;\"><span style=\"color: #000000;\"><img decoding=\"async\" class=\"alignnone size-full wp-image-3147\" src=\"https:\/\/gfmparts.com\/wp-content\/uploads\/2024\/11\/excavator-part-description-e1735350735761.png\" alt=\"descri\u00e7\u00e3o da pe\u00e7a da escavadeira\" width=\"856\" height=\"694\" srcset=\"https:\/\/gfmparts.com\/wp-content\/uploads\/2024\/11\/excavator-part-description-e1735350735761.png 856w, https:\/\/gfmparts.com\/wp-content\/uploads\/2024\/11\/excavator-part-description-e1735350735761-300x243.png 300w, https:\/\/gfmparts.com\/wp-content\/uploads\/2024\/11\/excavator-part-description-e1735350735761-768x623.png 768w, https:\/\/gfmparts.com\/wp-content\/uploads\/2024\/11\/excavator-part-description-e1735350735761-600x486.png 600w\" sizes=\"(max-width: 856px) 100vw, 856px\" \/><\/span><\/p>\n<h3><span style=\"color: #ff9900;\">Processo de produ\u00e7\u00e3o<\/span><\/h3>\n<p><img loading=\"lazy\" decoding=\"async\" class=\"size-large wp-image-3043 aligncenter\" src=\"https:\/\/gfmparts.com\/wp-content\/uploads\/2024\/12\/\u901a\u7528\u751f\u4ea7\u6d41\u7a0b-1-1024x648.jpg\" alt=\"processo de produ\u00e7\u00e3o de pe\u00e7as de escavadeira\" width=\"1024\" height=\"648\" srcset=\"\" sizes=\"(max-width: 1024px) 100vw, 1024px\" data-srcset=\"\" \/><\/p>\n<h3><span style=\"color: #ff6600;\">Embalagem e Envio<\/span><\/h3>\n<p style=\"text-align: center;\"><img loading=\"lazy\" decoding=\"async\" class=\"alignnone size-large wp-image-6521\" src=\"https:\/\/gfmparts.com\/wp-content\/uploads\/2025\/05\/Packaging-and-Shipping-1-1-1024x648.jpg\" alt=\"Embalagem e Envio\" width=\"1024\" height=\"648\" srcset=\"https:\/\/gfmparts.com\/wp-content\/uploads\/2025\/05\/Packaging-and-Shipping-1-1-1024x648.jpg 1024w, https:\/\/gfmparts.com\/wp-content\/uploads\/2025\/05\/Packaging-and-Shipping-1-1-300x190.jpg 300w, https:\/\/gfmparts.com\/wp-content\/uploads\/2025\/05\/Packaging-and-Shipping-1-1-768x486.jpg 768w, https:\/\/gfmparts.com\/wp-content\/uploads\/2025\/05\/Packaging-and-Shipping-1-1-1536x973.jpg 1536w, https:\/\/gfmparts.com\/wp-content\/uploads\/2025\/05\/Packaging-and-Shipping-1-1-2048x1297.jpg 2048w, https:\/\/gfmparts.com\/wp-content\/uploads\/2025\/05\/Packaging-and-Shipping-1-1-600x380.jpg 600w\" sizes=\"(max-width: 1024px) 100vw, 1024px\" \/><\/p>\n<h3><span style=\"color: #ff6600;\">Vantagens da f\u00e1brica<\/span><\/h3>\n<p data-pm-slice=\"1 1 []\">A GFM opera uma linha de produ\u00e7\u00e3o consolidada, utilizando mat\u00e9rias-primas premium para garantir durabilidade mesmo nas condi\u00e7\u00f5es mais adversas. Utilizamos processos avan\u00e7ados de fundi\u00e7\u00e3o e forjamento, combinados com tratamento t\u00e9rmico abrangente, para proporcionar resist\u00eancia e tenacidade superiores. Cada pe\u00e7a passa por um rigoroso controle de qualidade para atender ou superar os padr\u00f5es da ind\u00fastria e as expectativas dos clientes.<\/p>\n<p>Como fabricante com 14 anos de experi\u00eancia, a GFM tem capacidade para atender pedidos em grandes quantidades e personalizados. Nossa linha de produ\u00e7\u00e3o profissional garante o fornecimento pontual de pe\u00e7as de reposi\u00e7\u00e3o para clientes nacionais e internacionais. A GFM expandiu-se do mercado dom\u00e9stico para atender clientes no exterior, conquistando uma s\u00f3lida reputa\u00e7\u00e3o gra\u00e7as ao seu conhecimento do setor, equipe comprometida, servi\u00e7o atencioso, entrega r\u00e1pida e estoque bem abastecido.<\/p>\n<p>A GFM est\u00e1 comprometida em maximizar o valor do cliente com produtos de reposi\u00e7\u00e3o de qualidade superior. Seja voc\u00ea um parceiro de longa data ou um cliente novo, estamos ansiosos para trabalhar com voc\u00ea.<\/p>\n<p><strong>Principais vantagens:<\/strong><\/p>\n<ul data-spread=\"false\">\n<li><strong>Garantia do produto<\/strong>: Garantia de qualidade de no m\u00ednimo 1 ano ou 2.000 horas<\/li>\n<li><strong>Forte oferta<\/strong>: Entrega r\u00e1pida, especifica\u00e7\u00f5es completas<\/li>\n<li><strong>Pre\u00e7os competitivos<\/strong>: 100% pre\u00e7o de f\u00e1brica, altamente econ\u00f4mico<\/li>\n<li><strong>Ampla compatibilidade<\/strong>: Adequado para todas as marcas tradicionais<\/li>\n<li><strong>Ampla gama de produtos<\/strong>: Roletes de esteira, polias, rodas dentadas, correntes, sapatas, parafusos, buchas, pinos de ca\u00e7amba e muito mais<\/li>\n<li><strong>Produ\u00e7\u00e3o Enxuta<\/strong>: Gest\u00e3o 5S e Kanban para efici\u00eancia e consist\u00eancia<\/li>\n<li><strong>Inova\u00e7\u00e3o Colaborativa<\/strong>: P&amp;D com universidades para atualiza\u00e7\u00f5es tecnol\u00f3gicas de materiais e veda\u00e7\u00e3o<\/li>\n<li><strong>Controle de qualidade de circuito fechado<\/strong>: Feedback no local + testes + controles de laborat\u00f3rio = excel\u00eancia consistente do produto<\/li>\n<li><strong>Entrega Responsiva<\/strong>: O gerenciamento plano permite prototipagem r\u00e1pida, aprova\u00e7\u00e3o de amostras e produ\u00e7\u00e3o em massa<\/li>\n<\/ul>\n<p>Caso voc\u00ea tenha alguma necessidade personalizada ou d\u00favida t\u00e9cnica, sinta-se \u00e0 vontade para entrar em contato \u2014 estamos aqui para ajudar!<\/p>\n<p>&nbsp;<\/p>\n<p style=\"text-align: center;\"><span style=\"color: #000000;\"><img loading=\"lazy\" decoding=\"async\" class=\"alignnone wp-image-2159\" src=\"https:\/\/gfmparts.com\/wp-content\/uploads\/2024\/12\/\u5fae\u4fe1\u56fe\u7247_20241202160325-1024x576.jpg\" alt=\"fabricante de rolos transportadores\" width=\"767\" height=\"431\" srcset=\"\" sizes=\"(max-width: 767px) 100vw, 767px\" data-srcset=\"\" \/><\/span><\/p>","protected":false},"excerpt":{"rendered":"<ul>\n<li><span style=\"color: #000000;\">Qualidade garantida do produto<\/span><\/li>\n<li><span style=\"color: #000000;\">Fornecimento grande<\/span><\/li>\n<li><span style=\"color: #000000;\">Pre\u00e7os competitivos<\/span><\/li>\n<li><span style=\"color: #000000;\">A maioria das marcas e modelos<\/span><\/li>\n<li><span style=\"color: #000000;\">Equipe de Atendimento ao Cliente \u00datil<\/span><\/li>\n<li><span style=\"color: #000000;\">Suporte t\u00e9cnico profissional<\/span><\/li>\n<\/ul>","protected":false},"featured_media":6915,"template":"","meta":{"site-sidebar-layout":"default","site-content-layout":"","ast-site-content-layout":"default","site-content-style":"default","site-sidebar-style":"default","ast-global-header-display":"","ast-banner-title-visibility":"","ast-main-header-display":"","ast-hfb-above-header-display":"","ast-hfb-below-header-display":"","ast-hfb-mobile-header-display":"","site-post-title":"","ast-breadcrumbs-content":"","ast-featured-img":"","footer-sml-layout":"","theme-transparent-header-meta":"default","adv-header-id-meta":"","stick-header-meta":"default","header-above-stick-meta":"","header-main-stick-meta":"","header-below-stick-meta":"","astra-migrate-meta-layouts":"set","ast-page-background-enabled":"default","ast-page-background-meta":{"desktop":{"background-color":"","background-image":"","background-repeat":"repeat","background-position":"center center","background-size":"auto","background-attachment":"scroll","background-type":"","background-media":"","overlay-type":"","overlay-color":"","overlay-opacity":"","overlay-gradient":""},"tablet":{"background-color":"","background-image":"","background-repeat":"repeat","background-position":"center center","background-size":"auto","background-attachment":"scroll","background-type":"","background-media":"","overlay-type":"","overlay-color":"","overlay-opacity":"","overlay-gradient":""},"mobile":{"background-color":"","background-image":"","background-repeat":"repeat","background-position":"center center","background-size":"auto","background-attachment":"scroll","background-type":"","background-media":"","overlay-type":"","overlay-color":"","overlay-opacity":"","overlay-gradient":""}},"ast-content-background-meta":{"desktop":{"background-color":"var(--ast-global-color-5)","background-image":"","background-repeat":"repeat","background-position":"center center","background-size":"auto","background-attachment":"scroll","background-type":"","background-media":"","overlay-type":"","overlay-color":"","overlay-opacity":"","overlay-gradient":""},"tablet":{"background-color":"var(--ast-global-color-5)","background-image":"","background-repeat":"repeat","background-position":"center center","background-size":"auto","background-attachment":"scroll","background-type":"","background-media":"","overlay-type":"","overlay-color":"","overlay-opacity":"","overlay-gradient":""},"mobile":{"background-color":"var(--ast-global-color-5)","background-image":"","background-repeat":"repeat","background-position":"center center","background-size":"auto","background-attachment":"scroll","background-type":"","background-media":"","overlay-type":"","overlay-color":"","overlay-opacity":"","overlay-gradient":""}}},"product_cat":[38,32],"product_tag":[181],"class_list":{"0":"post-6914","1":"product","2":"type-product","3":"status-publish","4":"has-post-thumbnail","6":"product_cat-undercarriage","7":"product_cat-track-idler","8":"product_tag-komatsu-pc650-5","9":"desktop-align-left","10":"tablet-align-left","11":"mobile-align-left","12":"ast-product-gallery-layout-horizontal-slider","13":"ast-product-gallery-with-no-image","14":"ast-product-tabs-layout-horizontal","16":"first","17":"instock","18":"shipping-taxable","19":"product-type-simple"},"yoast_head":"<!-- This site is optimized with the Yoast SEO Premium plugin v22.8 (Yoast SEO v23.9) - https:\/\/yoast.com\/wordpress\/plugins\/seo\/ -->\n<title>Komatsu PC650-5 Excavator Track Idler Roller<\/title>\n<meta name=\"description\" content=\"GFM is a trusted excavator idler manufacturer offering high-quality excavator track idlers, OEM services, and fast delivery for all major brands since 2011.\" \/>\n<meta name=\"robots\" content=\"index, follow, max-snippet:-1, max-image-preview:large, max-video-preview:-1\" \/>\n<link rel=\"canonical\" href=\"https:\/\/gfmparts.com\/pt\/product\/rolo-tensor-de-esteira-para-escavadeira-komatsu-pc650-5\/\" \/>\n<meta property=\"og:locale\" content=\"pt_BR\" \/>\n<meta property=\"og:type\" content=\"article\" \/>\n<meta property=\"og:title\" content=\"Komatsu PC650-5 Excavator Track Idler Roller\" \/>\n<meta property=\"og:description\" content=\"GFM is a trusted excavator idler manufacturer offering high-quality excavator track idlers, OEM services, and fast delivery for all major brands since 2011.\" \/>\n<meta property=\"og:url\" content=\"https:\/\/gfmparts.com\/pt\/product\/rolo-tensor-de-esteira-para-escavadeira-komatsu-pc650-5\/\" \/>\n<meta property=\"article:publisher\" content=\"https:\/\/www.facebook.com\/gfmparts\" \/>\n<meta property=\"article:modified_time\" content=\"2025-07-22T03:19:58+00:00\" \/>\n<meta property=\"og:image\" content=\"https:\/\/gfmparts.com\/wp-content\/uploads\/2025\/07\/Komatsu-PC650-5-Idler-1.png\" \/>\n\t<meta property=\"og:image:width\" content=\"800\" \/>\n\t<meta property=\"og:image:height\" content=\"800\" \/>\n\t<meta property=\"og:image:type\" content=\"image\/png\" \/>\n<meta name=\"twitter:card\" content=\"summary_large_image\" \/>\n<meta name=\"twitter:label1\" content=\"Est. tempo de leitura\" \/>\n\t<meta name=\"twitter:data1\" content=\"4 minutos\" \/>\n<script type=\"application\/ld+json\" class=\"yoast-schema-graph\">{\"@context\":\"https:\/\/schema.org\",\"@graph\":[{\"@type\":\"WebPage\",\"@id\":\"https:\/\/gfmparts.com\/product\/komatsu-pc650-5-excavator-track-idler-roller\/\",\"url\":\"https:\/\/gfmparts.com\/product\/komatsu-pc650-5-excavator-track-idler-roller\/\",\"name\":\"Komatsu PC650-5 Excavator Track Idler Roller\",\"isPartOf\":{\"@id\":\"https:\/\/gfmparts.com\/#website\"},\"primaryImageOfPage\":{\"@id\":\"https:\/\/gfmparts.com\/product\/komatsu-pc650-5-excavator-track-idler-roller\/#primaryimage\"},\"image\":{\"@id\":\"https:\/\/gfmparts.com\/product\/komatsu-pc650-5-excavator-track-idler-roller\/#primaryimage\"},\"thumbnailUrl\":\"https:\/\/gfmparts.com\/wp-content\/uploads\/2025\/07\/Komatsu-PC650-5-Idler-1.png\",\"datePublished\":\"2025-07-22T02:09:31+00:00\",\"dateModified\":\"2025-07-22T03:19:58+00:00\",\"description\":\"GFM is a trusted excavator idler manufacturer offering high-quality excavator track idlers, OEM services, and fast delivery for all major brands since 2011.\",\"breadcrumb\":{\"@id\":\"https:\/\/gfmparts.com\/product\/komatsu-pc650-5-excavator-track-idler-roller\/#breadcrumb\"},\"inLanguage\":\"pt-BR\",\"potentialAction\":[{\"@type\":\"ReadAction\",\"target\":[\"https:\/\/gfmparts.com\/product\/komatsu-pc650-5-excavator-track-idler-roller\/\"]}]},{\"@type\":\"ImageObject\",\"inLanguage\":\"pt-BR\",\"@id\":\"https:\/\/gfmparts.com\/product\/komatsu-pc650-5-excavator-track-idler-roller\/#primaryimage\",\"url\":\"https:\/\/gfmparts.com\/wp-content\/uploads\/2025\/07\/Komatsu-PC650-5-Idler-1.png\",\"contentUrl\":\"https:\/\/gfmparts.com\/wp-content\/uploads\/2025\/07\/Komatsu-PC650-5-Idler-1.png\",\"width\":800,\"height\":800,\"caption\":\"Komatsu PC650-5 Idler\"},{\"@type\":\"BreadcrumbList\",\"@id\":\"https:\/\/gfmparts.com\/product\/komatsu-pc650-5-excavator-track-idler-roller\/#breadcrumb\",\"itemListElement\":[{\"@type\":\"ListItem\",\"position\":1,\"name\":\"\u9996\u9875\",\"item\":\"https:\/\/gfmparts.com\/\"},{\"@type\":\"ListItem\",\"position\":2,\"name\":\"All Product\",\"item\":\"https:\/\/gfmparts.com\/all-product\/\"},{\"@type\":\"ListItem\",\"position\":3,\"name\":\"Komatsu PC650-5 Excavator Track Idler Roller\"}]},{\"@type\":\"WebSite\",\"@id\":\"https:\/\/gfmparts.com\/#website\",\"url\":\"https:\/\/gfmparts.com\/\",\"name\":\"GFM PARTS\",\"description\":\"GFM since 2011 focused on excavator and bulldozer undercarriage parts manufacturing :Track rollers,carrier roller,idler,sprocket,track group,bucket tooth pin.\",\"publisher\":{\"@id\":\"https:\/\/gfmparts.com\/#organization\"},\"alternateName\":\"gfmparts.com\",\"potentialAction\":[{\"@type\":\"SearchAction\",\"target\":{\"@type\":\"EntryPoint\",\"urlTemplate\":\"https:\/\/gfmparts.com\/?s={search_term_string}\"},\"query-input\":{\"@type\":\"PropertyValueSpecification\",\"valueRequired\":true,\"valueName\":\"search_term_string\"}}],\"inLanguage\":\"pt-BR\"},{\"@type\":\"Organization\",\"@id\":\"https:\/\/gfmparts.com\/#organization\",\"name\":\"GFM PARTS\",\"url\":\"https:\/\/gfmparts.com\/\",\"logo\":{\"@type\":\"ImageObject\",\"inLanguage\":\"pt-BR\",\"@id\":\"https:\/\/gfmparts.com\/#\/schema\/logo\/image\/\",\"url\":\"https:\/\/gfmparts.com\/wp-content\/uploads\/2024\/11\/cropped-GFMparts.com_-2.png\",\"contentUrl\":\"https:\/\/gfmparts.com\/wp-content\/uploads\/2024\/11\/cropped-GFMparts.com_-2.png\",\"width\":5987,\"height\":2564,\"caption\":\"GFM PARTS\"},\"image\":{\"@id\":\"https:\/\/gfmparts.com\/#\/schema\/logo\/image\/\"},\"sameAs\":[\"https:\/\/www.facebook.com\/gfmparts\",\"https:\/\/www.linkedin.com\/company\/gfmparts\/\",\"https:\/\/www.tiktok.com\/@gfmparts\",\"https:\/\/www.youtube.com\/@GFMparts\/featured\"]}]}<\/script>\n<!-- \/ Yoast SEO Premium plugin. -->","yoast_head_json":{"title":"Komatsu PC650-5 Excavator Track Idler Roller","description":"GFM is a trusted excavator idler manufacturer offering high-quality excavator track idlers, OEM services, and fast delivery for all major brands since 2011.","robots":{"index":"index","follow":"follow","max-snippet":"max-snippet:-1","max-image-preview":"max-image-preview:large","max-video-preview":"max-video-preview:-1"},"canonical":"https:\/\/gfmparts.com\/pt\/product\/rolo-tensor-de-esteira-para-escavadeira-komatsu-pc650-5\/","og_locale":"pt_BR","og_type":"article","og_title":"Komatsu PC650-5 Excavator Track Idler Roller","og_description":"GFM is a trusted excavator idler manufacturer offering high-quality excavator track idlers, OEM services, and fast delivery for all major brands since 2011.","og_url":"https:\/\/gfmparts.com\/pt\/product\/rolo-tensor-de-esteira-para-escavadeira-komatsu-pc650-5\/","article_publisher":"https:\/\/www.facebook.com\/gfmparts","article_modified_time":"2025-07-22T03:19:58+00:00","og_image":[{"width":800,"height":800,"url":"https:\/\/gfmparts.com\/wp-content\/uploads\/2025\/07\/Komatsu-PC650-5-Idler-1.png","type":"image\/png"}],"twitter_card":"summary_large_image","twitter_misc":{"Est. tempo de leitura":"4 minutos"},"schema":{"@context":"https:\/\/schema.org","@graph":[{"@type":"WebPage","@id":"https:\/\/gfmparts.com\/product\/komatsu-pc650-5-excavator-track-idler-roller\/","url":"https:\/\/gfmparts.com\/product\/komatsu-pc650-5-excavator-track-idler-roller\/","name":"Komatsu PC650-5 Excavator Track Idler Roller","isPartOf":{"@id":"https:\/\/gfmparts.com\/#website"},"primaryImageOfPage":{"@id":"https:\/\/gfmparts.com\/product\/komatsu-pc650-5-excavator-track-idler-roller\/#primaryimage"},"image":{"@id":"https:\/\/gfmparts.com\/product\/komatsu-pc650-5-excavator-track-idler-roller\/#primaryimage"},"thumbnailUrl":"https:\/\/gfmparts.com\/wp-content\/uploads\/2025\/07\/Komatsu-PC650-5-Idler-1.png","datePublished":"2025-07-22T02:09:31+00:00","dateModified":"2025-07-22T03:19:58+00:00","description":"GFM is a trusted excavator idler manufacturer offering high-quality excavator track idlers, OEM services, and fast delivery for all major brands since 2011.","breadcrumb":{"@id":"https:\/\/gfmparts.com\/product\/komatsu-pc650-5-excavator-track-idler-roller\/#breadcrumb"},"inLanguage":"pt-BR","potentialAction":[{"@type":"ReadAction","target":["https:\/\/gfmparts.com\/product\/komatsu-pc650-5-excavator-track-idler-roller\/"]}]},{"@type":"ImageObject","inLanguage":"pt-BR","@id":"https:\/\/gfmparts.com\/product\/komatsu-pc650-5-excavator-track-idler-roller\/#primaryimage","url":"https:\/\/gfmparts.com\/wp-content\/uploads\/2025\/07\/Komatsu-PC650-5-Idler-1.png","contentUrl":"https:\/\/gfmparts.com\/wp-content\/uploads\/2025\/07\/Komatsu-PC650-5-Idler-1.png","width":800,"height":800,"caption":"Komatsu PC650-5 Idler"},{"@type":"BreadcrumbList","@id":"https:\/\/gfmparts.com\/product\/komatsu-pc650-5-excavator-track-idler-roller\/#breadcrumb","itemListElement":[{"@type":"ListItem","position":1,"name":"\u9996\u9875","item":"https:\/\/gfmparts.com\/"},{"@type":"ListItem","position":2,"name":"All Product","item":"https:\/\/gfmparts.com\/all-product\/"},{"@type":"ListItem","position":3,"name":"Komatsu PC650-5 Excavator Track Idler Roller"}]},{"@type":"WebSite","@id":"https:\/\/gfmparts.com\/#website","url":"https:\/\/gfmparts.com\/","name":"GFM PARTS","description":"GFM since 2011 focused on excavator and bulldozer undercarriage parts manufacturing :Track rollers,carrier roller,idler,sprocket,track group,bucket tooth pin.","publisher":{"@id":"https:\/\/gfmparts.com\/#organization"},"alternateName":"gfmparts.com","potentialAction":[{"@type":"SearchAction","target":{"@type":"EntryPoint","urlTemplate":"https:\/\/gfmparts.com\/?s={search_term_string}"},"query-input":{"@type":"PropertyValueSpecification","valueRequired":true,"valueName":"search_term_string"}}],"inLanguage":"pt-BR"},{"@type":"Organization","@id":"https:\/\/gfmparts.com\/#organization","name":"GFM PARTS","url":"https:\/\/gfmparts.com\/","logo":{"@type":"ImageObject","inLanguage":"pt-BR","@id":"https:\/\/gfmparts.com\/#\/schema\/logo\/image\/","url":"https:\/\/gfmparts.com\/wp-content\/uploads\/2024\/11\/cropped-GFMparts.com_-2.png","contentUrl":"https:\/\/gfmparts.com\/wp-content\/uploads\/2024\/11\/cropped-GFMparts.com_-2.png","width":5987,"height":2564,"caption":"GFM PARTS"},"image":{"@id":"https:\/\/gfmparts.com\/#\/schema\/logo\/image\/"},"sameAs":["https:\/\/www.facebook.com\/gfmparts","https:\/\/www.linkedin.com\/company\/gfmparts\/","https:\/\/www.tiktok.com\/@gfmparts","https:\/\/www.youtube.com\/@GFMparts\/featured"]}]}},"_links":{"self":[{"href":"https:\/\/gfmparts.com\/pt\/wp-json\/wp\/v2\/product\/6914"}],"collection":[{"href":"https:\/\/gfmparts.com\/pt\/wp-json\/wp\/v2\/product"}],"about":[{"href":"https:\/\/gfmparts.com\/pt\/wp-json\/wp\/v2\/types\/product"}],"wp:featuredmedia":[{"embeddable":true,"href":"https:\/\/gfmparts.com\/pt\/wp-json\/wp\/v2\/media\/6915"}],"wp:attachment":[{"href":"https:\/\/gfmparts.com\/pt\/wp-json\/wp\/v2\/media?parent=6914"}],"wp:term":[{"taxonomy":"product_cat","embeddable":true,"href":"https:\/\/gfmparts.com\/pt\/wp-json\/wp\/v2\/product_cat?post=6914"},{"taxonomy":"product_tag","embeddable":true,"href":"https:\/\/gfmparts.com\/pt\/wp-json\/wp\/v2\/product_tag?post=6914"}],"curies":[{"name":"wp","href":"https:\/\/api.w.org\/{rel}","templated":true}]}}