{"id":1541,"date":"2024-11-21T06:42:12","date_gmt":"2024-11-21T06:42:12","guid":{"rendered":"https:\/\/gfmparts.com\/?post_type=product&#038;p=1541"},"modified":"2025-05-16T09:40:09","modified_gmt":"2025-05-16T09:40:09","slug":"wholesale-track-group-track-shoe-factory","status":"publish","type":"product","link":"https:\/\/gfmparts.com\/tr\/product\/toptan-pist-grubu-pist-ayakkabisi-fabrikasi\/","title":{"rendered":"Toptan Ekskavat\u00f6r Palet Grubu Montaj\u0131 \u00dcreticisi"},"content":{"rendered":"<h4><span style=\"color: #000000;\">Sekt\u00f6r lideri <a style=\"color: #000000;\" href=\"https:\/\/gfmparts.com\/tr\/cinin-onde-gelen-ekskavator-parcalari-ureticisi\/\">ekskavat\u00f6r palet zinciri<\/a> Ve <a style=\"color: #000000;\" href=\"https:\/\/gfmparts.com\/tr\/contact-us\/\">paletli\u0307 ayakkabi fabri\u0307kasi<\/a>M\u00fc\u015fterilerine y\u00fcksek kalitede pist grubu sunmay\u0131 hedefliyoruz.<\/span><\/h4>\n<p>&nbsp;<\/p>\n<h3><span style=\"color: #ff6600;\">\u00dcr\u00fcn A\u00e7\u0131klamas\u0131<\/span><\/h3>\n<ul>\n<li><span style=\"color: #000000;\"><strong>Teknik:<\/strong> D\u00f6vme\u00a0<\/span><\/li>\n<li><span style=\"color: #000000;\"><strong>Hammadde:<\/strong> 35MnBH\/40Mn2\u00a0<\/span><\/li>\n<li><span style=\"color: #000000;\"><strong>Minimum Sipari\u015f Adedi:<\/strong> 1 Bilgisayar<\/span><\/li>\n<li><span style=\"color: #000000;\"><strong>\u00d6deme y\u00f6ntemi:<\/strong> T\/T<\/span><\/li>\n<li><span style=\"color: #000000;\"><strong>Marka:<\/strong> GFM<\/span><\/li>\n<li><span style=\"color: #000000;\"><strong>Durum:<\/strong> Yeni<\/span><\/li>\n<li><span style=\"color: #000000;\"><strong>Renk:<\/strong> Sar\u0131, Siyah veya \u00d6zelle\u015ftirilmi\u015f<\/span><\/li>\n<li><span style=\"color: #000000;\"><strong>Kur\u015fun zaman\u0131:<\/strong> 30 g\u00fcn<\/span><\/li>\n<li><span style=\"color: #000000;\"><strong>Garanti:<\/strong> 1 Y\u0131l<\/span><\/li>\n<li><span style=\"color: #000000;\"><strong>Hizmet:<\/strong> OEM veya ODM<\/span><\/li>\n<li><span style=\"color: #000000;\"><strong>Men\u015fei Yeri:<\/strong> Fujian, \u00c7in<\/span><\/li>\n<li><span style=\"color: #000000;\"><strong>Ba\u015fvuru:<\/strong> Ekskavat\u00f6r<\/span><\/li>\n<li><span style=\"color: #000000;\"><strong>Paketleme:<\/strong> Standart \u0130hracat Ah\u015fap Palet<\/span><\/li>\n<\/ul>\n<p style=\"text-align: center;\"><img fetchpriority=\"high\" decoding=\"async\" class=\"alignnone wp-image-2881\" src=\"https:\/\/gfmparts.com\/wp-content\/uploads\/2024\/12\/2024-03-30-084012-edited-2.jpg\" alt=\"ekskavat\u00f6r palet zinciri\" width=\"379\" height=\"505\" srcset=\"https:\/\/gfmparts.com\/wp-content\/uploads\/2024\/12\/2024-03-30-084012-edited-2.jpg 657w, https:\/\/gfmparts.com\/wp-content\/uploads\/2024\/12\/2024-03-30-084012-edited-2-225x300.jpg 225w, https:\/\/gfmparts.com\/wp-content\/uploads\/2024\/12\/2024-03-30-084012-edited-2-600x800.jpg 600w\" sizes=\"(max-width: 379px) 100vw, 379px\" \/> <img decoding=\"async\" class=\"alignnone wp-image-2879\" src=\"https:\/\/gfmparts.com\/wp-content\/uploads\/2024\/12\/2024-03-30-084024-edited-768x1024.jpg\" alt=\"paletli\u0307 ayakkabi fabri\u0307kasi\" width=\"378\" height=\"504\" srcset=\"https:\/\/gfmparts.com\/wp-content\/uploads\/2024\/12\/2024-03-30-084024-edited-768x1023.jpg 768w, https:\/\/gfmparts.com\/wp-content\/uploads\/2024\/12\/2024-03-30-084024-edited-225x300.jpg 225w, https:\/\/gfmparts.com\/wp-content\/uploads\/2024\/12\/2024-03-30-084024-edited-600x800.jpg 600w, https:\/\/gfmparts.com\/wp-content\/uploads\/2024\/12\/2024-03-30-084024-edited.jpg 908w\" sizes=\"(max-width: 378px) 100vw, 378px\" \/><\/p>\n<h3><span style=\"color: #ff6600;\">\u00d6zellikler<\/span><\/h3>\n<ul>\n<li><b><\/b><span style=\"color: #000000;\"><strong><b>Y\u00fcksek Dayan\u0131kl\u0131l\u0131k<\/b><\/strong>\u2013 A\u011f\u0131r kullan\u0131ma dayan\u0131kl\u0131 birinci s\u0131n\u0131f ala\u015f\u0131ml\u0131 \u00e7elikten \u00fcretilmi\u015ftir.<\/span><\/li>\n<li><span style=\"color: #000000;\"><b><\/b><strong><b>M\u00fckemmel Uyum<\/b><\/strong>\u2013 Ba\u015fl\u0131ca ekskavat\u00f6r markalar\u0131yla kusursuz uyumluluk i\u00e7in hassas i\u015f\u00e7ilikle \u00fcretilmi\u015ftir.<\/span><\/li>\n<li><span style=\"color: #000000;\"><b><\/b><strong><b>Geli\u015ftirilmi\u015f G\u00fc\u00e7<\/b><\/strong>\u2013 \u00dcst\u00fcn sertlik ve a\u015f\u0131nma direnci i\u00e7in \u0131s\u0131l i\u015fleme tabi tutulmu\u015ftur.<\/span><\/li>\n<li><span style=\"color: #000000;\"><b><\/b><strong><b>Korozyona dayan\u0131kl\u0131<\/b><\/strong>\u2013 \u00d6zel kaplamas\u0131 zorlu ko\u015fullarda paslanmaya kar\u015f\u0131 koruma sa\u011flar.<\/span><\/li>\n<li><span style=\"color: #000000;\"><b><\/b><strong><b>Sorunsuz \u00c7al\u0131\u015fma<\/b><\/strong>\u2013 D\u00fc\u015f\u00fck s\u00fcrt\u00fcnmeli tasar\u0131m\u0131 sessiz ve verimli performans sa\u011flar.<\/span><\/li>\n<li><span style=\"color: #000000;\"><b><\/b><strong><b>H\u0131zl\u0131 Kurulum<\/b><\/strong>\u2013 Montaj\u0131 kolayd\u0131r, zamandan tasarruf sa\u011flar ve duru\u015f s\u00fcrelerini azalt\u0131r.<\/span><\/li>\n<\/ul>\n<h3><span style=\"color: #ff6600;\">\u00d6zellikler<\/span><\/h3>\n<p style=\"text-align: center;\"><img decoding=\"async\" class=\"alignnone size-large wp-image-2860\" src=\"https:\/\/gfmparts.com\/wp-content\/uploads\/2024\/11\/\u94fe\u6761\u6570\u636e\u56fe-2-1024x671.jpg\" alt=\"par\u00e7a ba\u011flant\u0131s\u0131 a\u00e7\u0131klamas\u0131\" width=\"1024\" height=\"671\" srcset=\"\" sizes=\"(max-width: 1024px) 100vw, 1024px\" data-srcset=\"\" \/><\/p>\n<h3><span style=\"color: #ff6600;\">\u00dcr\u00fcn Modelleri<\/span><\/h3>\n<p style=\"text-align: center;\"><img loading=\"lazy\" decoding=\"async\" class=\"alignnone size-full wp-image-3147\" src=\"https:\/\/gfmparts.com\/wp-content\/uploads\/2024\/11\/excavator-part-description.png\" alt=\"ekskavat\u00f6r par\u00e7a a\u00e7\u0131klamas\u0131\" width=\"856\" height=\"701\" \/><\/p>\n<h3><span style=\"color: #ff6600;\">\u00dcretim S\u00fcreci<\/span><\/h3>\n<p><img loading=\"lazy\" decoding=\"async\" class=\"size-large wp-image-3043 aligncenter\" src=\"https:\/\/gfmparts.com\/wp-content\/uploads\/2024\/12\/\u901a\u7528\u751f\u4ea7\u6d41\u7a0b-1-1024x648.jpg\" alt=\"ekskavat\u00f6r par\u00e7a \u00fcretim s\u00fcreci\" width=\"1024\" height=\"648\" srcset=\"\" sizes=\"(max-width: 1024px) 100vw, 1024px\" data-srcset=\"\" \/><\/p>\n<h3><span style=\"color: #ff6600;\">Paketleme ve Nakliye<\/span><\/h3>\n<p style=\"text-align: center;\"><img loading=\"lazy\" decoding=\"async\" class=\"alignnone size-large wp-image-6521\" src=\"https:\/\/gfmparts.com\/wp-content\/uploads\/2025\/05\/Packaging-and-Shipping-1-1-1024x648.jpg\" alt=\"Paketleme ve Nakliye\" width=\"1024\" height=\"648\" srcset=\"https:\/\/gfmparts.com\/wp-content\/uploads\/2025\/05\/Packaging-and-Shipping-1-1-1024x648.jpg 1024w, https:\/\/gfmparts.com\/wp-content\/uploads\/2025\/05\/Packaging-and-Shipping-1-1-300x190.jpg 300w, https:\/\/gfmparts.com\/wp-content\/uploads\/2025\/05\/Packaging-and-Shipping-1-1-768x486.jpg 768w, https:\/\/gfmparts.com\/wp-content\/uploads\/2025\/05\/Packaging-and-Shipping-1-1-1536x973.jpg 1536w, https:\/\/gfmparts.com\/wp-content\/uploads\/2025\/05\/Packaging-and-Shipping-1-1-2048x1297.jpg 2048w, https:\/\/gfmparts.com\/wp-content\/uploads\/2025\/05\/Packaging-and-Shipping-1-1-600x380.jpg 600w\" sizes=\"(max-width: 1024px) 100vw, 1024px\" \/><\/p>\n<h3><span style=\"color: #ff6600;\">Fabrika Avantajlar\u0131<\/span><\/h3>\n<p><span style=\"color: #000000;\">GFM, 2011 y\u0131l\u0131ndan beri palet zincirleri ve zincir pabu\u00e7lar\u0131 \u00fcretimine odaklanan profesyonel bir ekskavat\u00f6r palet grubu \u00fcreticisidir. Ekskavat\u00f6r ve buldozer par\u00e7alar\u0131 \u00fcretiminde 14 y\u0131ll\u0131k zengin deneyime sahibiz ve teknolojik inovasyon, m\u00fckemmel i\u015f\u00e7ilik ve s\u0131k\u0131 kalite kontrol y\u00f6ntemlerimizle d\u00fcnya \u00e7ap\u0131ndaki m\u00fc\u015fterilerimize y\u00fcksek kaliteli, y\u00fcksek performansl\u0131, dayan\u0131kl\u0131 ve g\u00fcvenilir ekskavat\u00f6r par\u00e7alar\u0131 sunmaya kendimizi adad\u0131k. \u0130ster uzun s\u00fcredir m\u00fc\u015fterimiz olun, ister bizimle ilk kez ileti\u015fime ge\u00e7iyor olun, sizinle i\u015f birli\u011fi yapmaktan mutluluk duyar\u0131z.<\/span><\/p>\n<p style=\"text-align: center;\"><img loading=\"lazy\" decoding=\"async\" class=\"alignnone wp-image-2159\" src=\"https:\/\/gfmparts.com\/wp-content\/uploads\/2024\/12\/\u5fae\u4fe1\u56fe\u7247_20241202160325-1024x576.jpg\" alt=\"Ekskavat\u00f6r par\u00e7alar\u0131 \u00fcreticisi\" width=\"800\" height=\"450\" srcset=\"\" sizes=\"(max-width: 800px) 100vw, 800px\" data-srcset=\"\" \/><\/p>","protected":false},"excerpt":{"rendered":"<ul>\n<li><span style=\"color: #000000;\">\u00dcr\u00fcn Kalitesi Garantili<\/span><\/li>\n<li><span style=\"color: #000000;\">B\u00fcy\u00fck Tedarik<\/span><\/li>\n<li><span style=\"color: #000000;\">Rekabet\u00e7i Fiyatland\u0131rma<\/span><\/li>\n<li><span style=\"color: #000000;\">\u00c7o\u011fu Marka ve Model<\/span><\/li>\n<li><span style=\"color: #000000;\">Yard\u0131msever M\u00fc\u015fteri Hizmetleri Ekibi<\/span><\/li>\n<li><span style=\"color: #000000;\">Profesyonel Teknik Destek<\/span><\/li>\n<\/ul>","protected":false},"featured_media":3612,"template":"","meta":{"site-sidebar-layout":"default","site-content-layout":"","ast-site-content-layout":"default","site-content-style":"default","site-sidebar-style":"default","ast-global-header-display":"","ast-banner-title-visibility":"","ast-main-header-display":"","ast-hfb-above-header-display":"","ast-hfb-below-header-display":"","ast-hfb-mobile-header-display":"","site-post-title":"","ast-breadcrumbs-content":"","ast-featured-img":"","footer-sml-layout":"","theme-transparent-header-meta":"default","adv-header-id-meta":"","stick-header-meta":"default","header-above-stick-meta":"","header-main-stick-meta":"","header-below-stick-meta":"","astra-migrate-meta-layouts":"set","ast-page-background-enabled":"default","ast-page-background-meta":{"desktop":{"background-color":"","background-image":"","background-repeat":"repeat","background-position":"center center","background-size":"auto","background-attachment":"scroll","background-type":"","background-media":"","overlay-type":"","overlay-color":"","overlay-opacity":"","overlay-gradient":""},"tablet":{"background-color":"","background-image":"","background-repeat":"repeat","background-position":"center center","background-size":"auto","background-attachment":"scroll","background-type":"","background-media":"","overlay-type":"","overlay-color":"","overlay-opacity":"","overlay-gradient":""},"mobile":{"background-color":"","background-image":"","background-repeat":"repeat","background-position":"center center","background-size":"auto","background-attachment":"scroll","background-type":"","background-media":"","overlay-type":"","overlay-color":"","overlay-opacity":"","overlay-gradient":""}},"ast-content-background-meta":{"desktop":{"background-color":"var(--ast-global-color-5)","background-image":"","background-repeat":"repeat","background-position":"center center","background-size":"auto","background-attachment":"scroll","background-type":"","background-media":"","overlay-type":"","overlay-color":"","overlay-opacity":"","overlay-gradient":""},"tablet":{"background-color":"var(--ast-global-color-5)","background-image":"","background-repeat":"repeat","background-position":"center center","background-size":"auto","background-attachment":"scroll","background-type":"","background-media":"","overlay-type":"","overlay-color":"","overlay-opacity":"","overlay-gradient":""},"mobile":{"background-color":"var(--ast-global-color-5)","background-image":"","background-repeat":"repeat","background-position":"center center","background-size":"auto","background-attachment":"scroll","background-type":"","background-media":"","overlay-type":"","overlay-color":"","overlay-opacity":"","overlay-gradient":""}}},"product_cat":[38,28],"product_tag":[],"class_list":{"0":"post-1541","1":"product","2":"type-product","3":"status-publish","4":"has-post-thumbnail","6":"product_cat-undercarriage","7":"product_cat-track-group","8":"desktop-align-left","9":"tablet-align-left","10":"mobile-align-left","11":"ast-product-gallery-layout-horizontal-slider","12":"ast-product-tabs-layout-horizontal","14":"first","15":"instock","16":"shipping-taxable","17":"product-type-simple"},"yoast_head":"<!-- This site is optimized with the Yoast SEO Premium plugin v22.8 (Yoast SEO v23.9) - https:\/\/yoast.com\/wordpress\/plugins\/seo\/ -->\n<title>Excavator Track Group|Excavator Track Chain|Track Shoe Factory<\/title>\n<meta name=\"description\" content=\"GFM as industry leading excavator track group manufacturer, has 14 years of rich experience and aims to provide customers with high quality crawler sets.\" \/>\n<meta name=\"robots\" content=\"index, follow, max-snippet:-1, max-image-preview:large, max-video-preview:-1\" \/>\n<link rel=\"canonical\" href=\"https:\/\/gfmparts.com\/tr\/product\/toptan-pist-grubu-pist-ayakkabisi-fabrikasi\/\" \/>\n<meta property=\"og:locale\" content=\"tr_TR\" \/>\n<meta property=\"og:type\" content=\"article\" \/>\n<meta property=\"og:title\" content=\"Wholesale Excavator Track Group Assembly Manufacturer\" \/>\n<meta property=\"og:description\" content=\"GFM as industry leading excavator track group manufacturer, has 14 years of rich experience and aims to provide customers with high quality crawler sets.\" \/>\n<meta property=\"og:url\" content=\"https:\/\/gfmparts.com\/tr\/product\/toptan-pist-grubu-pist-ayakkabisi-fabrikasi\/\" \/>\n<meta property=\"article:publisher\" content=\"https:\/\/www.facebook.com\/gfmparts\" \/>\n<meta property=\"article:modified_time\" content=\"2025-05-16T09:40:09+00:00\" \/>\n<meta property=\"og:image\" content=\"https:\/\/gfmparts.com\/wp-content\/uploads\/2024\/11\/Excavator-Track-Group-Assembly.png\" \/>\n\t<meta property=\"og:image:width\" content=\"762\" \/>\n\t<meta property=\"og:image:height\" content=\"762\" \/>\n\t<meta property=\"og:image:type\" content=\"image\/png\" \/>\n<meta name=\"twitter:card\" content=\"summary_large_image\" \/>\n<meta name=\"twitter:label1\" content=\"Tahmini okuma s\u00fcresi\" \/>\n\t<meta name=\"twitter:data1\" content=\"3 dakika\" \/>\n<script type=\"application\/ld+json\" class=\"yoast-schema-graph\">{\"@context\":\"https:\/\/schema.org\",\"@graph\":[{\"@type\":\"WebPage\",\"@id\":\"https:\/\/gfmparts.com\/product\/wholesale-track-group-track-shoe-factory\/\",\"url\":\"https:\/\/gfmparts.com\/product\/wholesale-track-group-track-shoe-factory\/\",\"name\":\"Excavator Track Group|Excavator Track Chain|Track Shoe Factory\",\"isPartOf\":{\"@id\":\"https:\/\/gfmparts.com\/#website\"},\"primaryImageOfPage\":{\"@id\":\"https:\/\/gfmparts.com\/product\/wholesale-track-group-track-shoe-factory\/#primaryimage\"},\"image\":{\"@id\":\"https:\/\/gfmparts.com\/product\/wholesale-track-group-track-shoe-factory\/#primaryimage\"},\"thumbnailUrl\":\"https:\/\/gfmparts.com\/wp-content\/uploads\/2024\/11\/Excavator-Track-Group-Assembly.png\",\"datePublished\":\"2024-11-21T06:42:12+00:00\",\"dateModified\":\"2025-05-16T09:40:09+00:00\",\"description\":\"GFM as industry leading excavator track group manufacturer, has 14 years of rich experience and aims to provide customers with high quality crawler sets.\",\"breadcrumb\":{\"@id\":\"https:\/\/gfmparts.com\/product\/wholesale-track-group-track-shoe-factory\/#breadcrumb\"},\"inLanguage\":\"tr\",\"potentialAction\":[{\"@type\":\"ReadAction\",\"target\":[\"https:\/\/gfmparts.com\/product\/wholesale-track-group-track-shoe-factory\/\"]}]},{\"@type\":\"ImageObject\",\"inLanguage\":\"tr\",\"@id\":\"https:\/\/gfmparts.com\/product\/wholesale-track-group-track-shoe-factory\/#primaryimage\",\"url\":\"https:\/\/gfmparts.com\/wp-content\/uploads\/2024\/11\/Excavator-Track-Group-Assembly.png\",\"contentUrl\":\"https:\/\/gfmparts.com\/wp-content\/uploads\/2024\/11\/Excavator-Track-Group-Assembly.png\",\"width\":762,\"height\":762,\"caption\":\"Excavator Track Group Assembly\"},{\"@type\":\"BreadcrumbList\",\"@id\":\"https:\/\/gfmparts.com\/product\/wholesale-track-group-track-shoe-factory\/#breadcrumb\",\"itemListElement\":[{\"@type\":\"ListItem\",\"position\":1,\"name\":\"\u9996\u9875\",\"item\":\"https:\/\/gfmparts.com\/\"},{\"@type\":\"ListItem\",\"position\":2,\"name\":\"All Product\",\"item\":\"https:\/\/gfmparts.com\/all-product\/\"},{\"@type\":\"ListItem\",\"position\":3,\"name\":\"Wholesale Excavator Track Group Assembly Manufacturer\"}]},{\"@type\":\"WebSite\",\"@id\":\"https:\/\/gfmparts.com\/#website\",\"url\":\"https:\/\/gfmparts.com\/\",\"name\":\"GFM PARTS\",\"description\":\"GFM since 2011 focused on excavator and bulldozer undercarriage parts manufacturing :Track rollers,carrier roller,idler,sprocket,track group,bucket tooth pin.\",\"publisher\":{\"@id\":\"https:\/\/gfmparts.com\/#organization\"},\"alternateName\":\"gfmparts.com\",\"potentialAction\":[{\"@type\":\"SearchAction\",\"target\":{\"@type\":\"EntryPoint\",\"urlTemplate\":\"https:\/\/gfmparts.com\/?s={search_term_string}\"},\"query-input\":{\"@type\":\"PropertyValueSpecification\",\"valueRequired\":true,\"valueName\":\"search_term_string\"}}],\"inLanguage\":\"tr\"},{\"@type\":\"Organization\",\"@id\":\"https:\/\/gfmparts.com\/#organization\",\"name\":\"GFM PARTS\",\"url\":\"https:\/\/gfmparts.com\/\",\"logo\":{\"@type\":\"ImageObject\",\"inLanguage\":\"tr\",\"@id\":\"https:\/\/gfmparts.com\/#\/schema\/logo\/image\/\",\"url\":\"https:\/\/gfmparts.com\/wp-content\/uploads\/2024\/11\/cropped-GFMparts.com_-2.png\",\"contentUrl\":\"https:\/\/gfmparts.com\/wp-content\/uploads\/2024\/11\/cropped-GFMparts.com_-2.png\",\"width\":5987,\"height\":2564,\"caption\":\"GFM PARTS\"},\"image\":{\"@id\":\"https:\/\/gfmparts.com\/#\/schema\/logo\/image\/\"},\"sameAs\":[\"https:\/\/www.facebook.com\/gfmparts\",\"https:\/\/www.linkedin.com\/company\/gfmparts\/\",\"https:\/\/www.tiktok.com\/@gfmparts\",\"https:\/\/www.youtube.com\/@GFMparts\/featured\"]}]}<\/script>\n<!-- \/ Yoast SEO Premium plugin. -->","yoast_head_json":{"title":"Excavator Track Group|Excavator Track Chain|Track Shoe Factory","description":"GFM as industry leading excavator track group manufacturer, has 14 years of rich experience and aims to provide customers with high quality crawler sets.","robots":{"index":"index","follow":"follow","max-snippet":"max-snippet:-1","max-image-preview":"max-image-preview:large","max-video-preview":"max-video-preview:-1"},"canonical":"https:\/\/gfmparts.com\/tr\/product\/toptan-pist-grubu-pist-ayakkabisi-fabrikasi\/","og_locale":"tr_TR","og_type":"article","og_title":"Wholesale Excavator Track Group Assembly Manufacturer","og_description":"GFM as industry leading excavator track group manufacturer, has 14 years of rich experience and aims to provide customers with high quality crawler sets.","og_url":"https:\/\/gfmparts.com\/tr\/product\/toptan-pist-grubu-pist-ayakkabisi-fabrikasi\/","article_publisher":"https:\/\/www.facebook.com\/gfmparts","article_modified_time":"2025-05-16T09:40:09+00:00","og_image":[{"width":762,"height":762,"url":"https:\/\/gfmparts.com\/wp-content\/uploads\/2024\/11\/Excavator-Track-Group-Assembly.png","type":"image\/png"}],"twitter_card":"summary_large_image","twitter_misc":{"Tahmini okuma s\u00fcresi":"3 dakika"},"schema":{"@context":"https:\/\/schema.org","@graph":[{"@type":"WebPage","@id":"https:\/\/gfmparts.com\/product\/wholesale-track-group-track-shoe-factory\/","url":"https:\/\/gfmparts.com\/product\/wholesale-track-group-track-shoe-factory\/","name":"Excavator Track Group|Excavator Track Chain|Track Shoe Factory","isPartOf":{"@id":"https:\/\/gfmparts.com\/#website"},"primaryImageOfPage":{"@id":"https:\/\/gfmparts.com\/product\/wholesale-track-group-track-shoe-factory\/#primaryimage"},"image":{"@id":"https:\/\/gfmparts.com\/product\/wholesale-track-group-track-shoe-factory\/#primaryimage"},"thumbnailUrl":"https:\/\/gfmparts.com\/wp-content\/uploads\/2024\/11\/Excavator-Track-Group-Assembly.png","datePublished":"2024-11-21T06:42:12+00:00","dateModified":"2025-05-16T09:40:09+00:00","description":"GFM as industry leading excavator track group manufacturer, has 14 years of rich experience and aims to provide customers with high quality crawler sets.","breadcrumb":{"@id":"https:\/\/gfmparts.com\/product\/wholesale-track-group-track-shoe-factory\/#breadcrumb"},"inLanguage":"tr","potentialAction":[{"@type":"ReadAction","target":["https:\/\/gfmparts.com\/product\/wholesale-track-group-track-shoe-factory\/"]}]},{"@type":"ImageObject","inLanguage":"tr","@id":"https:\/\/gfmparts.com\/product\/wholesale-track-group-track-shoe-factory\/#primaryimage","url":"https:\/\/gfmparts.com\/wp-content\/uploads\/2024\/11\/Excavator-Track-Group-Assembly.png","contentUrl":"https:\/\/gfmparts.com\/wp-content\/uploads\/2024\/11\/Excavator-Track-Group-Assembly.png","width":762,"height":762,"caption":"Excavator Track Group Assembly"},{"@type":"BreadcrumbList","@id":"https:\/\/gfmparts.com\/product\/wholesale-track-group-track-shoe-factory\/#breadcrumb","itemListElement":[{"@type":"ListItem","position":1,"name":"\u9996\u9875","item":"https:\/\/gfmparts.com\/"},{"@type":"ListItem","position":2,"name":"All Product","item":"https:\/\/gfmparts.com\/all-product\/"},{"@type":"ListItem","position":3,"name":"Wholesale Excavator Track Group Assembly Manufacturer"}]},{"@type":"WebSite","@id":"https:\/\/gfmparts.com\/#website","url":"https:\/\/gfmparts.com\/","name":"GFM PARTS","description":"GFM since 2011 focused on excavator and bulldozer undercarriage parts manufacturing :Track rollers,carrier roller,idler,sprocket,track group,bucket tooth pin.","publisher":{"@id":"https:\/\/gfmparts.com\/#organization"},"alternateName":"gfmparts.com","potentialAction":[{"@type":"SearchAction","target":{"@type":"EntryPoint","urlTemplate":"https:\/\/gfmparts.com\/?s={search_term_string}"},"query-input":{"@type":"PropertyValueSpecification","valueRequired":true,"valueName":"search_term_string"}}],"inLanguage":"tr"},{"@type":"Organization","@id":"https:\/\/gfmparts.com\/#organization","name":"GFM PARTS","url":"https:\/\/gfmparts.com\/","logo":{"@type":"ImageObject","inLanguage":"tr","@id":"https:\/\/gfmparts.com\/#\/schema\/logo\/image\/","url":"https:\/\/gfmparts.com\/wp-content\/uploads\/2024\/11\/cropped-GFMparts.com_-2.png","contentUrl":"https:\/\/gfmparts.com\/wp-content\/uploads\/2024\/11\/cropped-GFMparts.com_-2.png","width":5987,"height":2564,"caption":"GFM PARTS"},"image":{"@id":"https:\/\/gfmparts.com\/#\/schema\/logo\/image\/"},"sameAs":["https:\/\/www.facebook.com\/gfmparts","https:\/\/www.linkedin.com\/company\/gfmparts\/","https:\/\/www.tiktok.com\/@gfmparts","https:\/\/www.youtube.com\/@GFMparts\/featured"]}]}},"_links":{"self":[{"href":"https:\/\/gfmparts.com\/tr\/wp-json\/wp\/v2\/product\/1541"}],"collection":[{"href":"https:\/\/gfmparts.com\/tr\/wp-json\/wp\/v2\/product"}],"about":[{"href":"https:\/\/gfmparts.com\/tr\/wp-json\/wp\/v2\/types\/product"}],"wp:featuredmedia":[{"embeddable":true,"href":"https:\/\/gfmparts.com\/tr\/wp-json\/wp\/v2\/media\/3612"}],"wp:attachment":[{"href":"https:\/\/gfmparts.com\/tr\/wp-json\/wp\/v2\/media?parent=1541"}],"wp:term":[{"taxonomy":"product_cat","embeddable":true,"href":"https:\/\/gfmparts.com\/tr\/wp-json\/wp\/v2\/product_cat?post=1541"},{"taxonomy":"product_tag","embeddable":true,"href":"https:\/\/gfmparts.com\/tr\/wp-json\/wp\/v2\/product_tag?post=1541"}],"curies":[{"name":"wp","href":"https:\/\/api.w.org\/{rel}","templated":true}]}}