{"id":1717,"date":"2024-11-22T03:22:42","date_gmt":"2024-11-22T03:22:42","guid":{"rendered":"https:\/\/gfmparts.com\/?post_type=product&#038;p=1717"},"modified":"2025-05-16T09:35:50","modified_gmt":"2025-05-16T09:35:50","slug":"supply-excavator-track-chain-manufacturers","status":"publish","type":"product","link":"https:\/\/gfmparts.com\/tr\/product\/ekskavator-palet-zinciri-ureticileri-tedarik-ediyor\/","title":{"rendered":"Y\u00fcksek Kaliteli Ekskavat\u00f6r Palet Zinciri \u00dcreticileri"},"content":{"rendered":"<h5><span style=\"color: #000000;\">GFM profesyonel bir <a style=\"color: #000000;\" href=\"https:\/\/gfmparts.com\/tr\/product\/toptan-pist-grubu-pist-ayakkabisi-fabrikasi\/\">ekskavat\u00f6r palet zinciri \u00fcreticileri<\/a> 14 y\u0131ll\u0131k zengin sekt\u00f6r deneyimiyle, m\u00fc\u015fterilere y\u00fcksek kaliteli ekskavat\u00f6r zincir ba\u011flant\u0131s\u0131 sa\u011flamaya kendini adam\u0131\u015ft\u0131r.<\/span><\/h5>\n<p>&nbsp;<\/p>\n<h3><span style=\"color: #ff6600;\">\u00dcr\u00fcn A\u00e7\u0131klamas\u0131<\/span><\/h3>\n<ul>\n<li><span style=\"color: #000000;\"><strong>Teknik:<\/strong> D\u00f6vme<\/span><\/li>\n<li><span style=\"color: #000000;\"><strong>Hammadde:<\/strong>35MnBH\/40Mn2<\/span><\/li>\n<li><span style=\"color: #000000;\"><strong>Minimum Sipari\u015f Adedi:<\/strong>\u00a01 Bilgisayar<\/span><\/li>\n<li><span style=\"color: #000000;\"><strong>\u00d6deme y\u00f6ntemi:<\/strong>\u00a0T\/T<\/span><\/li>\n<li><span style=\"color: #000000;\"><strong>Marka:<\/strong>\u00a0GFM<\/span><\/li>\n<li><span style=\"color: #000000;\"><strong>Durum:<\/strong>\u00a0Yeni<\/span><\/li>\n<li><span style=\"color: #000000;\"><strong>Renk:<\/strong>\u00a0Sar\u0131, Siyah veya \u00d6zelle\u015ftirilmi\u015f<\/span><\/li>\n<li><span style=\"color: #000000;\"><strong>Kur\u015fun zaman\u0131:<\/strong>\u00a030 g\u00fcn<\/span><\/li>\n<li><span style=\"color: #000000;\"><strong>Garanti:<\/strong>\u00a01 Y\u0131l<\/span><\/li>\n<li><span style=\"color: #000000;\"><strong>Hizmet:<\/strong>\u00a0OEM veya ODM<\/span><\/li>\n<li><span style=\"color: #000000;\"><strong>Men\u015fei Yeri:<\/strong>\u00a0Fujian, \u00c7in<\/span><\/li>\n<li><span style=\"color: #000000;\"><strong>Ba\u015fvuru:<\/strong> Ekskavat\u00f6r<\/span><\/li>\n<li><span style=\"color: #000000;\"><strong>Paketleme:<\/strong>\u00a0Standart \u0130hracat Ah\u015fap Palet<\/span><\/li>\n<\/ul>\n<p style=\"text-align: center;\"><span style=\"color: #000000;\"><img fetchpriority=\"high\" decoding=\"async\" class=\"alignnone wp-image-2782\" src=\"https:\/\/gfmparts.com\/wp-content\/uploads\/2024\/11\/track-link-3-1024x768.jpg\" alt=\"ekskavat\u00f6r zincir ba\u011flant\u0131s\u0131\" width=\"422\" height=\"316\" srcset=\"https:\/\/gfmparts.com\/wp-content\/uploads\/2024\/11\/track-link-3-1024x768.jpg 1024w, https:\/\/gfmparts.com\/wp-content\/uploads\/2024\/11\/track-link-3-300x225.jpg 300w, https:\/\/gfmparts.com\/wp-content\/uploads\/2024\/11\/track-link-3-768x576.jpg 768w, https:\/\/gfmparts.com\/wp-content\/uploads\/2024\/11\/track-link-3-1536x1152.jpg 1536w, https:\/\/gfmparts.com\/wp-content\/uploads\/2024\/11\/track-link-3-2048x1536.jpg 2048w, https:\/\/gfmparts.com\/wp-content\/uploads\/2024\/11\/track-link-3-600x450.jpg 600w\" sizes=\"(max-width: 422px) 100vw, 422px\" \/> <img decoding=\"async\" class=\"alignnone wp-image-2783\" src=\"https:\/\/gfmparts.com\/wp-content\/uploads\/2024\/11\/track-link-4-1024x768.jpg\" alt=\"ekskavat\u00f6r palet ba\u011flant\u0131 \u00fcreticileri\" width=\"420\" height=\"315\" srcset=\"https:\/\/gfmparts.com\/wp-content\/uploads\/2024\/11\/track-link-4-1024x768.jpg 1024w, https:\/\/gfmparts.com\/wp-content\/uploads\/2024\/11\/track-link-4-300x225.jpg 300w, https:\/\/gfmparts.com\/wp-content\/uploads\/2024\/11\/track-link-4-768x576.jpg 768w, https:\/\/gfmparts.com\/wp-content\/uploads\/2024\/11\/track-link-4-600x450.jpg 600w, https:\/\/gfmparts.com\/wp-content\/uploads\/2024\/11\/track-link-4.jpg 1440w\" sizes=\"(max-width: 420px) 100vw, 420px\" \/><\/span><\/p>\n<h3><span style=\"color: #ff6600;\">\u00d6zellikler<\/span><\/h3>\n<ul>\n<li><b><\/b><span style=\"color: #000000;\"><strong><b>Y\u00fcksek Dayan\u0131kl\u0131l\u0131k<\/b><\/strong>\u2013 A\u011f\u0131r kullan\u0131ma dayan\u0131kl\u0131 birinci s\u0131n\u0131f ala\u015f\u0131ml\u0131 \u00e7elikten \u00fcretilmi\u015ftir.<\/span><\/li>\n<li><span style=\"color: #000000;\"><b><\/b><strong><b>M\u00fckemmel Uyum<\/b><\/strong>\u2013 Ba\u015fl\u0131ca ekskavat\u00f6r markalar\u0131yla kusursuz uyumluluk i\u00e7in hassas i\u015f\u00e7ilikle \u00fcretilmi\u015ftir.<\/span><\/li>\n<li><span style=\"color: #000000;\"><b><\/b><strong><b>Geli\u015ftirilmi\u015f G\u00fc\u00e7<\/b><\/strong>\u2013 \u00dcst\u00fcn sertlik ve a\u015f\u0131nma direnci i\u00e7in \u0131s\u0131l i\u015fleme tabi tutulmu\u015ftur.<\/span><\/li>\n<li><span style=\"color: #000000;\"><b><\/b><strong><b>Korozyona dayan\u0131kl\u0131<\/b><\/strong>\u2013 \u00d6zel kaplamas\u0131 zorlu ko\u015fullarda paslanmaya kar\u015f\u0131 koruma sa\u011flar.<\/span><\/li>\n<li><span style=\"color: #000000;\"><b><\/b><strong><b>Sorunsuz \u00c7al\u0131\u015fma<\/b><\/strong>\u2013 D\u00fc\u015f\u00fck s\u00fcrt\u00fcnmeli tasar\u0131m\u0131 sessiz ve verimli performans sa\u011flar.<\/span><\/li>\n<li><span style=\"color: #000000;\"><b><\/b><strong><b>H\u0131zl\u0131 Kurulum<\/b><\/strong>\u2013 Montaj\u0131 kolayd\u0131r, zamandan tasarruf sa\u011flar ve duru\u015f s\u00fcrelerini azalt\u0131r.<\/span><\/li>\n<\/ul>\n<h3><span style=\"color: #ff6600;\">\u00d6zellikler<\/span><\/h3>\n<p><img decoding=\"async\" class=\"alignnone wp-image-2860 size-large aligncenter\" src=\"https:\/\/gfmparts.com\/wp-content\/uploads\/2024\/11\/\u94fe\u6761\u6570\u636e\u56fe-2-1024x671.jpg\" alt=\"par\u00e7a ba\u011flant\u0131s\u0131 a\u00e7\u0131klamas\u0131\" width=\"1024\" height=\"671\" srcset=\"\" sizes=\"(max-width: 1024px) 100vw, 1024px\" data-srcset=\"\" \/><\/p>\n<div style=\"font-size: 0;\">GFM Factory&#039;de, \u00fcst\u00fcn ya\u011flama ve performans\u0131 nedeniyle ekskavat\u00f6r ve buldozer palet ba\u011flant\u0131lar\u0131nda gres yerine ya\u011f kullan\u0131yoruz. Gresle ya\u011flanan palet ba\u011flant\u0131lar\u0131n\u0131n aksine, ya\u011fla ya\u011flanan sistemlerde pim ve bur\u00e7 aras\u0131nda daha fazla bo\u015fluk bulunur. Pim yerine bast\u0131r\u0131ld\u0131ktan sonra, bo\u015fluk vakumla kapat\u0131l\u0131r ve ya\u011fla doldurulur, b\u00f6ylece optimum ya\u011flama i\u00e7in bo\u015flu\u011fun tamamen dolmas\u0131n\u0131 sa\u011flar. Bu i\u015flem ayn\u0131 zamanda palet contas\u0131n\u0131n sa\u011flam olup olmad\u0131\u011f\u0131n\u0131 da kontrol eder; bu da a\u015f\u0131nmay\u0131 \u00f6nlemek ve paletin en iyi performans\u0131 g\u00f6stermesini sa\u011flamak i\u00e7in kritik \u00f6neme sahiptir.<br \/>\nYa\u011f, palet ba\u011flant\u0131lar\u0131 i\u00e7in ideal bir se\u00e7imdir; geli\u015fmi\u015f a\u015f\u0131nma korumas\u0131, etkili \u0131s\u0131 da\u011f\u0131l\u0131m\u0131 ve kirleticilerin d\u0131\u015far\u0131da tutulmas\u0131na yard\u0131mc\u0131 olur. Ayr\u0131ca s\u0131k bak\u0131m ihtiyac\u0131n\u0131 da azalt\u0131r. Bu avantajlar, ya\u011f dolu palet ba\u011flant\u0131lar\u0131n\u0131 a\u011f\u0131r hizmet tipi makineler i\u00e7in dayan\u0131kl\u0131, verimli ve g\u00fcvenilir bir \u00e7\u00f6z\u00fcm haline getirerek uzun \u00f6m\u00fcrl\u00fc performans sa\u011flar.<\/div>\n<h3><span style=\"color: #ff6600;\">\u00dcr\u00fcn Modelleri<\/span><\/h3>\n<p style=\"text-align: center;\"><img loading=\"lazy\" decoding=\"async\" class=\"alignnone size-full wp-image-3147\" src=\"https:\/\/gfmparts.com\/wp-content\/uploads\/2024\/11\/excavator-part-description.png\" alt=\"ekskavat\u00f6r par\u00e7a a\u00e7\u0131klamas\u0131\" width=\"856\" height=\"701\" \/><\/p>\n<h3><span style=\"color: #ff6600;\">\u00dcretim S\u00fcreci<\/span><\/h3>\n<p style=\"text-align: center;\"><iframe title=\"YouTube video oynat\u0131c\u0131s\u0131\" src=\"https:\/\/www.youtube.com\/embed\/0MdGoauuqtc?si=qQfjAiRnGnq8PQ2B\" width=\"1000\" height=\"563\" frameborder=\"0\" allowfullscreen=\"allowfullscreen\"><\/iframe><\/p>\n<p><img loading=\"lazy\" decoding=\"async\" class=\"size-large wp-image-3043 aligncenter\" src=\"https:\/\/gfmparts.com\/wp-content\/uploads\/2024\/12\/\u901a\u7528\u751f\u4ea7\u6d41\u7a0b-1-1024x648.jpg\" alt=\"ekskavat\u00f6r par\u00e7a \u00fcretim s\u00fcreci\" width=\"1024\" height=\"648\" srcset=\"\" sizes=\"(max-width: 1024px) 100vw, 1024px\" data-srcset=\"\" \/><\/p>\n<h3><span style=\"color: #ff6600;\">Paketleme ve Nakliye<\/span><\/h3>\n<p style=\"text-align: center;\"><img loading=\"lazy\" decoding=\"async\" class=\"alignnone size-large wp-image-6521\" src=\"https:\/\/gfmparts.com\/wp-content\/uploads\/2025\/05\/Packaging-and-Shipping-1-1-1024x648.jpg\" alt=\"Paketleme ve Nakliye\" width=\"1024\" height=\"648\" srcset=\"https:\/\/gfmparts.com\/wp-content\/uploads\/2025\/05\/Packaging-and-Shipping-1-1-1024x648.jpg 1024w, https:\/\/gfmparts.com\/wp-content\/uploads\/2025\/05\/Packaging-and-Shipping-1-1-300x190.jpg 300w, https:\/\/gfmparts.com\/wp-content\/uploads\/2025\/05\/Packaging-and-Shipping-1-1-768x486.jpg 768w, https:\/\/gfmparts.com\/wp-content\/uploads\/2025\/05\/Packaging-and-Shipping-1-1-1536x973.jpg 1536w, https:\/\/gfmparts.com\/wp-content\/uploads\/2025\/05\/Packaging-and-Shipping-1-1-2048x1297.jpg 2048w, https:\/\/gfmparts.com\/wp-content\/uploads\/2025\/05\/Packaging-and-Shipping-1-1-600x380.jpg 600w\" sizes=\"(max-width: 1024px) 100vw, 1024px\" \/><\/p>\n<h3><span style=\"color: #ff6600;\">Fabrika Avantajlar\u0131<\/span><\/h3>\n<p><span style=\"color: #000000;\">GFM, ekskavat\u00f6r par\u00e7alar\u0131 \u00fcretimine odaklanan lider bir \u015firkettir. 2011 y\u0131l\u0131nda kurulan ve 14 y\u0131ll\u0131k sekt\u00f6r deneyimine sahip olan \u015firket, m\u00fc\u015fterilerine her zaman y\u00fcksek kaliteli \u00fcr\u00fcn ve hizmetler sunmaya kendini adam\u0131\u015ft\u0131r. Fabrikam\u0131z, modern ekipmanlar ve otomatik \u00fcretim teknolojisiyle donat\u0131lm\u0131\u015f g\u00fc\u00e7l\u00fc bir \u00fcretim hatt\u0131na sahiptir. Hassas i\u015flemeden bitmi\u015f \u00fcr\u00fcnlerin montaj\u0131na kadar her a\u015famada m\u00fckemmel end\u00fcstriyel \u00fcretim seviyesini g\u00f6zler \u00f6n\u00fcne sermektedir.<\/span><\/p>\n<p><span style=\"color: #000000;\">Ayr\u0131ca, teknik ekibimiz sekt\u00f6rdeki k\u0131demli m\u00fchendisler ve teknik uzmanlardan olu\u015fmaktad\u0131r. Ekip \u00fcyeleri, ekskavat\u00f6r par\u00e7alar\u0131n\u0131n ara\u015ft\u0131rma, geli\u015ftirme, tasar\u0131m ve optimizasyonu konusunda derin bir anlay\u0131\u015fa sahiptir. Profesyonel Ar-Ge ve inovasyon yetenekleriyle, m\u00fc\u015fterilerin farkl\u0131 ihtiya\u00e7lar\u0131n\u0131 kar\u015f\u0131layacak \u00e7\u00f6z\u00fcmler \u00fcretebilirler.<\/span><\/p>\n<p><span style=\"color: #000000;\">Kalite, GFM&#039;nin temel hedefidir. Eksiksiz bir kalite y\u00f6netim sistemi olu\u015fturduk ve geli\u015fmi\u015f test ekipmanlar\u0131yla donat\u0131ld\u0131k. Her \u00fcr\u00fcn partisi, performans, dayan\u0131kl\u0131l\u0131k ve g\u00fcvenlik a\u00e7\u0131s\u0131ndan uluslararas\u0131 standartlar\u0131 kar\u015f\u0131lad\u0131\u011f\u0131ndan emin olmak i\u00e7in \u00e7ok say\u0131da titiz kalite kontrol\u00fcnden ge\u00e7melidir. \u0130ster hammadde se\u00e7imi ister nihai \u00fcr\u00fcn teslimat\u0131 olsun, m\u00fckemmelli\u011fi hedefliyor ve m\u00fc\u015fterilerimize kusursuz kalite g\u00fcvencesi sa\u011fl\u0131yoruz.<\/span><\/p>\n<p><span style=\"color: #000000;\">14 y\u0131ll\u0131k sekt\u00f6r deneyimimiz, zengin \u00fcretim ve servis deneyimi edinmemizi ve k\u00fcresel pazarda iyi bir itibar olu\u015fturmam\u0131z\u0131 sa\u011flad\u0131. \u0130ster dayan\u0131kl\u0131 ve y\u00fcksek performansl\u0131 ekskavat\u00f6r par\u00e7alar\u0131na ister tek elden \u00f6zelle\u015ftirilmi\u015f hizmetlere ihtiyac\u0131n\u0131z olsun, GFM profesyonel teknolojisi ve g\u00fcvenilir \u00fcr\u00fcnleriyle i\u015fletmenize de\u011fer katacakt\u0131r. GFM&#039;i se\u00e7in, kalite g\u00fcvencesini se\u00e7in!<\/span><\/p>\n<p style=\"text-align: center;\"><span style=\"color: #000000;\"><img loading=\"lazy\" decoding=\"async\" class=\"alignnone wp-image-2159\" src=\"https:\/\/gfmparts.com\/wp-content\/uploads\/2024\/12\/\u5fae\u4fe1\u56fe\u7247_20241202160325-1024x576.jpg\" alt=\"Ekskavat\u00f6r par\u00e7alar\u0131 \u00fcreticisi\" width=\"856\" height=\"481\" srcset=\"\" sizes=\"(max-width: 856px) 100vw, 856px\" data-srcset=\"\" \/><\/span><\/p>","protected":false},"excerpt":{"rendered":"<ul>\n<li>\u00dcr\u00fcn Kalitesi Garantili<\/li>\n<li>B\u00fcy\u00fck Tedarik<\/li>\n<li>Rekabet\u00e7i Fiyatland\u0131rma<\/li>\n<li>\u00c7o\u011fu Marka ve Model<\/li>\n<li>Yard\u0131msever M\u00fc\u015fteri Hizmetleri Ekibi<\/li>\n<li>Profesyonel Teknik Destek<\/li>\n<\/ul>","protected":false},"featured_media":3611,"template":"","meta":{"site-sidebar-layout":"default","site-content-layout":"","ast-site-content-layout":"default","site-content-style":"default","site-sidebar-style":"default","ast-global-header-display":"","ast-banner-title-visibility":"","ast-main-header-display":"","ast-hfb-above-header-display":"","ast-hfb-below-header-display":"","ast-hfb-mobile-header-display":"","site-post-title":"","ast-breadcrumbs-content":"","ast-featured-img":"","footer-sml-layout":"","theme-transparent-header-meta":"default","adv-header-id-meta":"","stick-header-meta":"default","header-above-stick-meta":"","header-main-stick-meta":"","header-below-stick-meta":"","astra-migrate-meta-layouts":"set","ast-page-background-enabled":"default","ast-page-background-meta":{"desktop":{"background-color":"","background-image":"","background-repeat":"repeat","background-position":"center center","background-size":"auto","background-attachment":"scroll","background-type":"","background-media":"","overlay-type":"","overlay-color":"","overlay-opacity":"","overlay-gradient":""},"tablet":{"background-color":"","background-image":"","background-repeat":"repeat","background-position":"center center","background-size":"auto","background-attachment":"scroll","background-type":"","background-media":"","overlay-type":"","overlay-color":"","overlay-opacity":"","overlay-gradient":""},"mobile":{"background-color":"","background-image":"","background-repeat":"repeat","background-position":"center center","background-size":"auto","background-attachment":"scroll","background-type":"","background-media":"","overlay-type":"","overlay-color":"","overlay-opacity":"","overlay-gradient":""}},"ast-content-background-meta":{"desktop":{"background-color":"var(--ast-global-color-5)","background-image":"","background-repeat":"repeat","background-position":"center center","background-size":"auto","background-attachment":"scroll","background-type":"","background-media":"","overlay-type":"","overlay-color":"","overlay-opacity":"","overlay-gradient":""},"tablet":{"background-color":"var(--ast-global-color-5)","background-image":"","background-repeat":"repeat","background-position":"center center","background-size":"auto","background-attachment":"scroll","background-type":"","background-media":"","overlay-type":"","overlay-color":"","overlay-opacity":"","overlay-gradient":""},"mobile":{"background-color":"var(--ast-global-color-5)","background-image":"","background-repeat":"repeat","background-position":"center center","background-size":"auto","background-attachment":"scroll","background-type":"","background-media":"","overlay-type":"","overlay-color":"","overlay-opacity":"","overlay-gradient":""}}},"product_cat":[38,29],"product_tag":[],"class_list":{"0":"post-1717","1":"product","2":"type-product","3":"status-publish","4":"has-post-thumbnail","6":"product_cat-undercarriage","7":"product_cat-track-link","8":"desktop-align-left","9":"tablet-align-left","10":"mobile-align-left","11":"ast-product-gallery-layout-horizontal-slider","12":"ast-product-gallery-with-no-image","13":"ast-product-tabs-layout-horizontal","15":"first","16":"instock","17":"shipping-taxable","18":"product-type-simple"},"yoast_head":"<!-- This site is optimized with the Yoast SEO Premium plugin v22.8 (Yoast SEO v23.9) - https:\/\/yoast.com\/wordpress\/plugins\/seo\/ -->\n<title>Top Excavator Chain Link|Excavator Track Chain Manufacturers<\/title>\n<meta name=\"description\" content=\"GFM is a professional excavator track chain manufacturers with 14 years of industry experience, committed to providing customers with high quality excavator chain link.\" \/>\n<meta name=\"robots\" content=\"index, follow, max-snippet:-1, max-image-preview:large, max-video-preview:-1\" \/>\n<link rel=\"canonical\" href=\"https:\/\/gfmparts.com\/tr\/product\/ekskavator-palet-zinciri-ureticileri-tedarik-ediyor\/\" \/>\n<meta property=\"og:locale\" content=\"tr_TR\" \/>\n<meta property=\"og:type\" content=\"article\" \/>\n<meta property=\"og:title\" content=\"High Quality Excavator Track Chain Manufacturers\" \/>\n<meta property=\"og:description\" content=\"GFM is a professional excavator track chain manufacturers with 14 years of industry experience, committed to providing customers with high quality excavator chain link.\" \/>\n<meta property=\"og:url\" content=\"https:\/\/gfmparts.com\/tr\/product\/ekskavator-palet-zinciri-ureticileri-tedarik-ediyor\/\" \/>\n<meta property=\"article:publisher\" content=\"https:\/\/www.facebook.com\/gfmparts\" \/>\n<meta property=\"article:modified_time\" content=\"2025-05-16T09:35:50+00:00\" \/>\n<meta property=\"og:image\" content=\"https:\/\/gfmparts.com\/wp-content\/uploads\/2024\/11\/Excavator-Track-Chain.png\" \/>\n\t<meta property=\"og:image:width\" content=\"367\" \/>\n\t<meta property=\"og:image:height\" content=\"367\" \/>\n\t<meta property=\"og:image:type\" content=\"image\/png\" \/>\n<meta name=\"twitter:card\" content=\"summary_large_image\" \/>\n<meta name=\"twitter:label1\" content=\"Tahmini okuma s\u00fcresi\" \/>\n\t<meta name=\"twitter:data1\" content=\"4 dakika\" \/>\n<script type=\"application\/ld+json\" class=\"yoast-schema-graph\">{\"@context\":\"https:\/\/schema.org\",\"@graph\":[{\"@type\":\"WebPage\",\"@id\":\"https:\/\/gfmparts.com\/product\/supply-excavator-track-chain-manufacturers\/\",\"url\":\"https:\/\/gfmparts.com\/product\/supply-excavator-track-chain-manufacturers\/\",\"name\":\"Top Excavator Chain Link|Excavator Track Chain Manufacturers\",\"isPartOf\":{\"@id\":\"https:\/\/gfmparts.com\/#website\"},\"primaryImageOfPage\":{\"@id\":\"https:\/\/gfmparts.com\/product\/supply-excavator-track-chain-manufacturers\/#primaryimage\"},\"image\":{\"@id\":\"https:\/\/gfmparts.com\/product\/supply-excavator-track-chain-manufacturers\/#primaryimage\"},\"thumbnailUrl\":\"https:\/\/gfmparts.com\/wp-content\/uploads\/2024\/11\/Excavator-Track-Chain.png\",\"datePublished\":\"2024-11-22T03:22:42+00:00\",\"dateModified\":\"2025-05-16T09:35:50+00:00\",\"description\":\"GFM is a professional excavator track chain manufacturers with 14 years of industry experience, committed to providing customers with high quality excavator chain link.\",\"breadcrumb\":{\"@id\":\"https:\/\/gfmparts.com\/product\/supply-excavator-track-chain-manufacturers\/#breadcrumb\"},\"inLanguage\":\"tr\",\"potentialAction\":[{\"@type\":\"ReadAction\",\"target\":[\"https:\/\/gfmparts.com\/product\/supply-excavator-track-chain-manufacturers\/\"]}]},{\"@type\":\"ImageObject\",\"inLanguage\":\"tr\",\"@id\":\"https:\/\/gfmparts.com\/product\/supply-excavator-track-chain-manufacturers\/#primaryimage\",\"url\":\"https:\/\/gfmparts.com\/wp-content\/uploads\/2024\/11\/Excavator-Track-Chain.png\",\"contentUrl\":\"https:\/\/gfmparts.com\/wp-content\/uploads\/2024\/11\/Excavator-Track-Chain.png\",\"width\":367,\"height\":367,\"caption\":\"Excavator Track Chain\"},{\"@type\":\"BreadcrumbList\",\"@id\":\"https:\/\/gfmparts.com\/product\/supply-excavator-track-chain-manufacturers\/#breadcrumb\",\"itemListElement\":[{\"@type\":\"ListItem\",\"position\":1,\"name\":\"\u9996\u9875\",\"item\":\"https:\/\/gfmparts.com\/\"},{\"@type\":\"ListItem\",\"position\":2,\"name\":\"All Product\",\"item\":\"https:\/\/gfmparts.com\/all-product\/\"},{\"@type\":\"ListItem\",\"position\":3,\"name\":\"High Quality Excavator Track Chain Manufacturers\"}]},{\"@type\":\"WebSite\",\"@id\":\"https:\/\/gfmparts.com\/#website\",\"url\":\"https:\/\/gfmparts.com\/\",\"name\":\"GFM PARTS\",\"description\":\"GFM since 2011 focused on excavator and bulldozer undercarriage parts manufacturing :Track rollers,carrier roller,idler,sprocket,track group,bucket tooth pin.\",\"publisher\":{\"@id\":\"https:\/\/gfmparts.com\/#organization\"},\"alternateName\":\"gfmparts.com\",\"potentialAction\":[{\"@type\":\"SearchAction\",\"target\":{\"@type\":\"EntryPoint\",\"urlTemplate\":\"https:\/\/gfmparts.com\/?s={search_term_string}\"},\"query-input\":{\"@type\":\"PropertyValueSpecification\",\"valueRequired\":true,\"valueName\":\"search_term_string\"}}],\"inLanguage\":\"tr\"},{\"@type\":\"Organization\",\"@id\":\"https:\/\/gfmparts.com\/#organization\",\"name\":\"GFM PARTS\",\"url\":\"https:\/\/gfmparts.com\/\",\"logo\":{\"@type\":\"ImageObject\",\"inLanguage\":\"tr\",\"@id\":\"https:\/\/gfmparts.com\/#\/schema\/logo\/image\/\",\"url\":\"https:\/\/gfmparts.com\/wp-content\/uploads\/2024\/11\/cropped-GFMparts.com_-2.png\",\"contentUrl\":\"https:\/\/gfmparts.com\/wp-content\/uploads\/2024\/11\/cropped-GFMparts.com_-2.png\",\"width\":5987,\"height\":2564,\"caption\":\"GFM PARTS\"},\"image\":{\"@id\":\"https:\/\/gfmparts.com\/#\/schema\/logo\/image\/\"},\"sameAs\":[\"https:\/\/www.facebook.com\/gfmparts\",\"https:\/\/www.linkedin.com\/company\/gfmparts\/\",\"https:\/\/www.tiktok.com\/@gfmparts\",\"https:\/\/www.youtube.com\/@GFMparts\/featured\"]}]}<\/script>\n<!-- \/ Yoast SEO Premium plugin. -->","yoast_head_json":{"title":"Top Excavator Chain Link|Excavator Track Chain Manufacturers","description":"GFM is a professional excavator track chain manufacturers with 14 years of industry experience, committed to providing customers with high quality excavator chain link.","robots":{"index":"index","follow":"follow","max-snippet":"max-snippet:-1","max-image-preview":"max-image-preview:large","max-video-preview":"max-video-preview:-1"},"canonical":"https:\/\/gfmparts.com\/tr\/product\/ekskavator-palet-zinciri-ureticileri-tedarik-ediyor\/","og_locale":"tr_TR","og_type":"article","og_title":"High Quality Excavator Track Chain Manufacturers","og_description":"GFM is a professional excavator track chain manufacturers with 14 years of industry experience, committed to providing customers with high quality excavator chain link.","og_url":"https:\/\/gfmparts.com\/tr\/product\/ekskavator-palet-zinciri-ureticileri-tedarik-ediyor\/","article_publisher":"https:\/\/www.facebook.com\/gfmparts","article_modified_time":"2025-05-16T09:35:50+00:00","og_image":[{"width":367,"height":367,"url":"https:\/\/gfmparts.com\/wp-content\/uploads\/2024\/11\/Excavator-Track-Chain.png","type":"image\/png"}],"twitter_card":"summary_large_image","twitter_misc":{"Tahmini okuma s\u00fcresi":"4 dakika"},"schema":{"@context":"https:\/\/schema.org","@graph":[{"@type":"WebPage","@id":"https:\/\/gfmparts.com\/product\/supply-excavator-track-chain-manufacturers\/","url":"https:\/\/gfmparts.com\/product\/supply-excavator-track-chain-manufacturers\/","name":"Top Excavator Chain Link|Excavator Track Chain Manufacturers","isPartOf":{"@id":"https:\/\/gfmparts.com\/#website"},"primaryImageOfPage":{"@id":"https:\/\/gfmparts.com\/product\/supply-excavator-track-chain-manufacturers\/#primaryimage"},"image":{"@id":"https:\/\/gfmparts.com\/product\/supply-excavator-track-chain-manufacturers\/#primaryimage"},"thumbnailUrl":"https:\/\/gfmparts.com\/wp-content\/uploads\/2024\/11\/Excavator-Track-Chain.png","datePublished":"2024-11-22T03:22:42+00:00","dateModified":"2025-05-16T09:35:50+00:00","description":"GFM is a professional excavator track chain manufacturers with 14 years of industry experience, committed to providing customers with high quality excavator chain link.","breadcrumb":{"@id":"https:\/\/gfmparts.com\/product\/supply-excavator-track-chain-manufacturers\/#breadcrumb"},"inLanguage":"tr","potentialAction":[{"@type":"ReadAction","target":["https:\/\/gfmparts.com\/product\/supply-excavator-track-chain-manufacturers\/"]}]},{"@type":"ImageObject","inLanguage":"tr","@id":"https:\/\/gfmparts.com\/product\/supply-excavator-track-chain-manufacturers\/#primaryimage","url":"https:\/\/gfmparts.com\/wp-content\/uploads\/2024\/11\/Excavator-Track-Chain.png","contentUrl":"https:\/\/gfmparts.com\/wp-content\/uploads\/2024\/11\/Excavator-Track-Chain.png","width":367,"height":367,"caption":"Excavator Track Chain"},{"@type":"BreadcrumbList","@id":"https:\/\/gfmparts.com\/product\/supply-excavator-track-chain-manufacturers\/#breadcrumb","itemListElement":[{"@type":"ListItem","position":1,"name":"\u9996\u9875","item":"https:\/\/gfmparts.com\/"},{"@type":"ListItem","position":2,"name":"All Product","item":"https:\/\/gfmparts.com\/all-product\/"},{"@type":"ListItem","position":3,"name":"High Quality Excavator Track Chain Manufacturers"}]},{"@type":"WebSite","@id":"https:\/\/gfmparts.com\/#website","url":"https:\/\/gfmparts.com\/","name":"GFM PARTS","description":"GFM since 2011 focused on excavator and bulldozer undercarriage parts manufacturing :Track rollers,carrier roller,idler,sprocket,track group,bucket tooth pin.","publisher":{"@id":"https:\/\/gfmparts.com\/#organization"},"alternateName":"gfmparts.com","potentialAction":[{"@type":"SearchAction","target":{"@type":"EntryPoint","urlTemplate":"https:\/\/gfmparts.com\/?s={search_term_string}"},"query-input":{"@type":"PropertyValueSpecification","valueRequired":true,"valueName":"search_term_string"}}],"inLanguage":"tr"},{"@type":"Organization","@id":"https:\/\/gfmparts.com\/#organization","name":"GFM PARTS","url":"https:\/\/gfmparts.com\/","logo":{"@type":"ImageObject","inLanguage":"tr","@id":"https:\/\/gfmparts.com\/#\/schema\/logo\/image\/","url":"https:\/\/gfmparts.com\/wp-content\/uploads\/2024\/11\/cropped-GFMparts.com_-2.png","contentUrl":"https:\/\/gfmparts.com\/wp-content\/uploads\/2024\/11\/cropped-GFMparts.com_-2.png","width":5987,"height":2564,"caption":"GFM PARTS"},"image":{"@id":"https:\/\/gfmparts.com\/#\/schema\/logo\/image\/"},"sameAs":["https:\/\/www.facebook.com\/gfmparts","https:\/\/www.linkedin.com\/company\/gfmparts\/","https:\/\/www.tiktok.com\/@gfmparts","https:\/\/www.youtube.com\/@GFMparts\/featured"]}]}},"_links":{"self":[{"href":"https:\/\/gfmparts.com\/tr\/wp-json\/wp\/v2\/product\/1717"}],"collection":[{"href":"https:\/\/gfmparts.com\/tr\/wp-json\/wp\/v2\/product"}],"about":[{"href":"https:\/\/gfmparts.com\/tr\/wp-json\/wp\/v2\/types\/product"}],"wp:featuredmedia":[{"embeddable":true,"href":"https:\/\/gfmparts.com\/tr\/wp-json\/wp\/v2\/media\/3611"}],"wp:attachment":[{"href":"https:\/\/gfmparts.com\/tr\/wp-json\/wp\/v2\/media?parent=1717"}],"wp:term":[{"taxonomy":"product_cat","embeddable":true,"href":"https:\/\/gfmparts.com\/tr\/wp-json\/wp\/v2\/product_cat?post=1717"},{"taxonomy":"product_tag","embeddable":true,"href":"https:\/\/gfmparts.com\/tr\/wp-json\/wp\/v2\/product_tag?post=1717"}],"curies":[{"name":"wp","href":"https:\/\/api.w.org\/{rel}","templated":true}]}}