{"id":2893,"date":"2024-12-16T02:26:22","date_gmt":"2024-12-16T02:26:22","guid":{"rendered":"https:\/\/gfmparts.com\/?post_type=product&#038;p=2893"},"modified":"2025-07-01T05:56:20","modified_gmt":"2025-07-01T05:56:20","slug":"top-roller-excavator-carrier-roller-factory","status":"publish","type":"product","link":"https:\/\/gfmparts.com\/tr\/product\/ust-silindir-ekskavator-tasiyici-silindir-fabrikasi\/","title":{"rendered":"\u00dcst Silindir Ekskavat\u00f6r Ta\u015f\u0131y\u0131c\u0131 Silindir Fabrikas\u0131"},"content":{"rendered":"<p><span style=\"color: #000000;\">GFM profesyonel bir <a style=\"color: #000000;\" href=\"https:\/\/gfmparts.com\/tr\/product\/yuksek-kaliteli-alt-silindir-ureticisi\/\">ta\u015f\u0131y\u0131c\u0131 silindir fabrikas\u0131<\/a> en \u00fcst kalitede \u00fcr\u00fcn \u00fcretme konusunda uzmanla\u015fm\u0131\u015f <a style=\"color: #000000;\" href=\"https:\/\/gfmparts.com\/tr\/gfm-ile-iletisime-gecin\/\">silindirli ekskavat\u00f6r<\/a> Dayan\u0131kl\u0131l\u0131k ve performans konusundaki en y\u00fcksek taleplerinizi kar\u015f\u0131lamak i\u00e7in. Sekt\u00f6r lideri bir \u00fcretici olarak, her ayr\u0131nt\u0131n\u0131n ekskavat\u00f6r\u00fcn \u00e7al\u0131\u015fma verimlili\u011fi \u00fczerindeki etkisinin fark\u0131nday\u0131z.<\/span><\/p>\n<p><span style=\"color: #000000;\">Ekskavat\u00f6r\u00fcn\u00fcz\u00fc en iyi ta\u015f\u0131y\u0131c\u0131 silindir se\u00e7enekleriyle nas\u0131l donataca\u011f\u0131n\u0131z\u0131 \u00f6\u011frenmek i\u00e7in hemen bizimle ileti\u015fime ge\u00e7in.<\/span><\/p>\n<h3><span style=\"color: #ff6600;\">\u00dcr\u00fcn A\u00e7\u0131klamas\u0131<\/span><\/h3>\n<ul>\n<li><span style=\"color: #000000;\"><strong>Minimum Sipari\u015f Adedi:<\/strong>\u00a01 Bilgisayar<\/span><\/li>\n<li><span style=\"color: #000000;\"><strong>\u00d6deme y\u00f6ntemi:<\/strong>\u00a0T\/T<\/span><\/li>\n<li><span style=\"color: #000000;\"><strong>Marka:<\/strong>\u00a0GFM<\/span><\/li>\n<li><span style=\"color: #000000;\"><strong>Durum:<\/strong>\u00a0Yeni<\/span><\/li>\n<li><span style=\"color: #000000;\"><strong>Renk:<\/strong>\u00a0Sar\u0131, Siyah veya \u00d6zelle\u015ftirilmi\u015f<\/span><\/li>\n<li><span style=\"color: #000000;\"><strong>Kur\u015fun zaman\u0131:<\/strong>\u00a030 g\u00fcn<\/span><\/li>\n<li><span style=\"color: #000000;\"><strong>Garanti:<\/strong>\u00a01 Y\u0131l<\/span><\/li>\n<li><span style=\"color: #000000;\"><strong>Hizmet:<\/strong>\u00a0OEM veya ODM<\/span><\/li>\n<li><span style=\"color: #000000;\"><strong>Men\u015fei Yeri:<\/strong>\u00a0Fujian, \u00c7in<\/span><\/li>\n<li><span style=\"color: #000000;\"><strong>Ba\u015fvuru:<\/strong>\u00a0Ekskavat\u00f6r veya Buldozer<\/span><\/li>\n<li><span style=\"color: #000000;\"><strong>Paketleme:<\/strong>\u00a0Standart \u0130hracat Ah\u015fap Palet<\/span><\/li>\n<\/ul>\n<p style=\"text-align: center;\"><span style=\"color: #000000;\"><img fetchpriority=\"high\" decoding=\"async\" class=\"alignnone wp-image-2900\" src=\"https:\/\/gfmparts.com\/wp-content\/uploads\/2024\/12\/carrier-roller-product-768x1024.jpg\" alt=\"\" width=\"342\" height=\"456\" srcset=\"https:\/\/gfmparts.com\/wp-content\/uploads\/2024\/12\/carrier-roller-product-768x1024.jpg 768w, https:\/\/gfmparts.com\/wp-content\/uploads\/2024\/12\/carrier-roller-product-225x300.jpg 225w, https:\/\/gfmparts.com\/wp-content\/uploads\/2024\/12\/carrier-roller-product-1152x1536.jpg 1152w, https:\/\/gfmparts.com\/wp-content\/uploads\/2024\/12\/carrier-roller-product-1536x2048.jpg 1536w, https:\/\/gfmparts.com\/wp-content\/uploads\/2024\/12\/carrier-roller-product-600x800.jpg 600w, https:\/\/gfmparts.com\/wp-content\/uploads\/2024\/12\/carrier-roller-product-scaled.jpg 1920w\" sizes=\"(max-width: 342px) 100vw, 342px\" \/> <img decoding=\"async\" class=\"alignnone wp-image-2901\" src=\"https:\/\/gfmparts.com\/wp-content\/uploads\/2024\/12\/high-quality-carrier-roller-768x1024.jpg\" alt=\"\" width=\"342\" height=\"456\" srcset=\"https:\/\/gfmparts.com\/wp-content\/uploads\/2024\/12\/high-quality-carrier-roller-768x1024.jpg 768w, https:\/\/gfmparts.com\/wp-content\/uploads\/2024\/12\/high-quality-carrier-roller-225x300.jpg 225w, https:\/\/gfmparts.com\/wp-content\/uploads\/2024\/12\/high-quality-carrier-roller-1152x1536.jpg 1152w, https:\/\/gfmparts.com\/wp-content\/uploads\/2024\/12\/high-quality-carrier-roller-1536x2048.jpg 1536w, https:\/\/gfmparts.com\/wp-content\/uploads\/2024\/12\/high-quality-carrier-roller-600x800.jpg 600w, https:\/\/gfmparts.com\/wp-content\/uploads\/2024\/12\/high-quality-carrier-roller-scaled.jpg 1920w\" sizes=\"(max-width: 342px) 100vw, 342px\" \/><\/span><\/p>\n<h3><span style=\"color: #ff6600;\">\u00d6zellikler<\/span><\/h3>\n<ul>\n<li><span style=\"color: #000000;\"><b><\/b><strong><b>Uzun \u00d6m\u00fcrl\u00fc Dayan\u0131kl\u0131l\u0131k: <\/b><\/strong>Maksimum dayan\u0131kl\u0131l\u0131k ve uzun kullan\u0131m \u00f6mr\u00fc i\u00e7in y\u00fcksek kaliteli, a\u015f\u0131nmaya dayan\u0131kl\u0131 \u00e7elikten \u00fcretilmi\u015ftir.<\/span><\/li>\n<li><span style=\"color: #000000;\"><b><\/b><strong><b>M\u00fch\u00fcrl\u00fc ve Ya\u011flanm\u0131\u015f<\/b><\/strong>: Tamamen kapal\u0131 tasar\u0131m, kir, su ve kirleticilerin i\u00e7eri girmesini engelleyerek a\u015f\u0131nmay\u0131 ve bak\u0131m\u0131 en aza indirir.<\/span><\/li>\n<li><span style=\"color: #000000;\"><b><\/b><strong><b>Sorunsuz \u00c7al\u0131\u015fma<\/b><\/strong>: Raylar\u0131n \u00fcst k\u0131sm\u0131na etkili ve dengeli destek sa\u011flamak i\u00e7in hassas bir \u015fekilde tasarlanm\u0131\u015ft\u0131r.<\/span><\/li>\n<li><span style=\"color: #000000;\"><b><\/b><strong><b>Korozyon Direnci<\/b><\/strong>: Korozyona dayan\u0131kl\u0131 y\u00fczey i\u015flemleri zorlu ortamlarda g\u00fcvenilir \u00e7al\u0131\u015fmay\u0131 garanti eder.<\/span><\/li>\n<li><span style=\"color: #000000;\"><b><\/b><strong><b>\u00c7e\u015fitli Modellere Uyar<\/b><\/strong>: \u00c7e\u015fitli uygulamalar i\u00e7in geni\u015f yelpazedeki ekskavat\u00f6r ve buldozer modellerine uyacak \u015fekilde tasarlanm\u0131\u015ft\u0131r.<\/span><\/li>\n<li><span style=\"color: #000000;\"><b><\/b><strong><b>Kan\u0131tlanm\u0131\u015f Dayan\u0131kl\u0131l\u0131k: <\/b><\/strong>A\u015f\u0131r\u0131 ko\u015fullarda g\u00fcvenilir performans g\u00f6sterecek \u015fekilde test edilmi\u015ftir, bu sayede duru\u015f s\u00fcreleri azalt\u0131l\u0131r ve \u00fcretkenlik artar.<\/span><\/li>\n<\/ul>\n<p><span style=\"color: #000000;\">GFM Factory&#039;de ta\u015f\u0131y\u0131c\u0131 silindirlerimiz, makinelerinizin performans\u0131n\u0131 en iyi hale getirmek, daha sorunsuz palet operasyonlar\u0131 ve daha uzun ekipman \u00f6mr\u00fc sa\u011flamak i\u00e7in \u00fcretilmi\u015ftir.<\/span><\/p>\n<h3><span style=\"color: #ff6600;\">\u00d6zellikler<\/span><\/h3>\n<p style=\"text-align: center;\"><span style=\"color: #000000;\"><img decoding=\"async\" class=\"alignnone  wp-image-6818\" src=\"https:\/\/gfmparts.com\/wp-content\/uploads\/2025\/03\/carrier-roller-Main-Dimensions-of-Installation-1024x761.png\" alt=\"Ta\u015f\u0131y\u0131c\u0131 silindir Kurulumun Ana Boyutlar\u0131\" width=\"904\" height=\"672\" srcset=\"https:\/\/gfmparts.com\/wp-content\/uploads\/2025\/03\/carrier-roller-Main-Dimensions-of-Installation-1024x761.png 1024w, https:\/\/gfmparts.com\/wp-content\/uploads\/2025\/03\/carrier-roller-Main-Dimensions-of-Installation-300x223.png 300w, https:\/\/gfmparts.com\/wp-content\/uploads\/2025\/03\/carrier-roller-Main-Dimensions-of-Installation-768x571.png 768w, https:\/\/gfmparts.com\/wp-content\/uploads\/2025\/03\/carrier-roller-Main-Dimensions-of-Installation-1536x1141.png 1536w, https:\/\/gfmparts.com\/wp-content\/uploads\/2025\/03\/carrier-roller-Main-Dimensions-of-Installation-16x12.png 16w, https:\/\/gfmparts.com\/wp-content\/uploads\/2025\/03\/carrier-roller-Main-Dimensions-of-Installation-600x446.png 600w, https:\/\/gfmparts.com\/wp-content\/uploads\/2025\/03\/carrier-roller-Main-Dimensions-of-Installation.png 1595w\" sizes=\"(max-width: 904px) 100vw, 904px\" \/><\/span><\/p>\n<h3><span style=\"color: #ff6600;\">\u00dcr\u00fcn Modelleri<\/span><\/h3>\n<p style=\"text-align: center;\"><span style=\"color: #000000;\"><img loading=\"lazy\" decoding=\"async\" class=\"alignnone size-full wp-image-2862\" src=\"https:\/\/gfmparts.com\/wp-content\/uploads\/2024\/11\/\u673a\u578b\u578b\u53f7-2.png\" alt=\"ekskavat\u00f6r par\u00e7a a\u00e7\u0131klamas\u0131\" width=\"854\" height=\"741\" srcset=\"https:\/\/gfmparts.com\/wp-content\/uploads\/2024\/11\/\u673a\u578b\u578b\u53f7-2.png 854w, https:\/\/gfmparts.com\/wp-content\/uploads\/2024\/11\/\u673a\u578b\u578b\u53f7-2-300x260.png 300w, https:\/\/gfmparts.com\/wp-content\/uploads\/2024\/11\/\u673a\u578b\u578b\u53f7-2-768x666.png 768w, https:\/\/gfmparts.com\/wp-content\/uploads\/2024\/11\/\u673a\u578b\u578b\u53f7-2-600x521.png 600w\" sizes=\"(max-width: 854px) 100vw, 854px\" \/><\/span><\/p>\n<h3><span style=\"color: #ff6600;\">\u00dcretim S\u00fcreci<\/span><\/h3>\n<p><img loading=\"lazy\" decoding=\"async\" class=\"size-large wp-image-3043 aligncenter\" src=\"https:\/\/gfmparts.com\/wp-content\/uploads\/2024\/12\/\u901a\u7528\u751f\u4ea7\u6d41\u7a0b-1-1024x648.jpg\" alt=\"ekskavat\u00f6r par\u00e7a \u00fcretim s\u00fcreci\" width=\"1024\" height=\"648\" srcset=\"\" sizes=\"(max-width: 1024px) 100vw, 1024px\" data-srcset=\"\" \/><\/p>\n<h3><span style=\"color: #ff6600;\">Paketleme ve Nakliye<\/span><\/h3>\n<p style=\"text-align: center;\"><img loading=\"lazy\" decoding=\"async\" class=\"alignnone size-large wp-image-6521\" src=\"https:\/\/gfmparts.com\/wp-content\/uploads\/2025\/05\/Packaging-and-Shipping-1-1-1024x648.jpg\" alt=\"Paketleme ve Nakliye\" width=\"1024\" height=\"648\" srcset=\"https:\/\/gfmparts.com\/wp-content\/uploads\/2025\/05\/Packaging-and-Shipping-1-1-1024x648.jpg 1024w, https:\/\/gfmparts.com\/wp-content\/uploads\/2025\/05\/Packaging-and-Shipping-1-1-300x190.jpg 300w, https:\/\/gfmparts.com\/wp-content\/uploads\/2025\/05\/Packaging-and-Shipping-1-1-768x486.jpg 768w, https:\/\/gfmparts.com\/wp-content\/uploads\/2025\/05\/Packaging-and-Shipping-1-1-1536x973.jpg 1536w, https:\/\/gfmparts.com\/wp-content\/uploads\/2025\/05\/Packaging-and-Shipping-1-1-2048x1297.jpg 2048w, https:\/\/gfmparts.com\/wp-content\/uploads\/2025\/05\/Packaging-and-Shipping-1-1-600x380.jpg 600w\" sizes=\"(max-width: 1024px) 100vw, 1024px\" \/><\/p>\n<h3><span style=\"color: #ff6600;\">Fabrika Avantajlar\u0131<\/span><\/h3>\n<p><span style=\"color: #000000;\">GFM&#039;nin profesyonel ta\u015f\u0131y\u0131c\u0131 silindir \u00fcreticisi, zorlu \u00e7al\u0131\u015fma ortamlar\u0131na dayanabilecek en y\u00fcksek kalitede ta\u015f\u0131y\u0131c\u0131 silindirler \u00fcretmek i\u00e7in geli\u015fmi\u015f malzemeler ve hassas s\u00fcre\u00e7ler kullan\u0131r. Tasar\u0131mdan \u00fcretime kadar her a\u015fama, nihai \u00fcr\u00fcn\u00fcn yaln\u0131zca uluslararas\u0131 kalite standartlar\u0131n\u0131 kar\u015f\u0131lamas\u0131n\u0131 de\u011fil, ayn\u0131 zamanda ger\u00e7ek uygulamalarda da m\u00fckemmel performans g\u00f6stermesini sa\u011flamak i\u00e7in s\u0131k\u0131 bir \u015fekilde kontrol edilir. En kaliteli ekskavat\u00f6r silindirlerimizi se\u00e7mek, g\u00fcvenilir, verimli ve uzun \u00f6m\u00fcrl\u00fc bir \u00e7\u00f6z\u00fcm se\u00e7mek anlam\u0131na gelir.<\/span><\/p>\n<p><span style=\"color: #000000;\">GFM, ki\u015fiselle\u015ftirilmi\u015f \u00f6zelle\u015ftirme hizmetleri sunar ve \u00fcr\u00fcnlerin m\u00fc\u015fteri ihtiya\u00e7lar\u0131n\u0131 tam olarak kar\u015f\u0131lamas\u0131n\u0131 sa\u011flamak i\u00e7in y\u00fcksek kaliteli ekskavat\u00f6r silindirleri \u00fcretmeye odaklan\u0131r. Ekskavat\u00f6r\u00fcn\u00fcz\u00fc en iyi ta\u015f\u0131y\u0131c\u0131 silindir se\u00e7enekleriyle nas\u0131l donataca\u011f\u0131n\u0131z\u0131 \u00f6\u011frenmek i\u00e7in hemen bizimle ileti\u015fime ge\u00e7in.<\/span><\/p>\n<p style=\"text-align: center;\"><span style=\"color: #000000;\"><img loading=\"lazy\" decoding=\"async\" class=\"alignnone wp-image-2159\" src=\"https:\/\/gfmparts.com\/wp-content\/uploads\/2024\/12\/\u5fae\u4fe1\u56fe\u7247_20241202160325-1024x576.jpg\" alt=\"ta\u015f\u0131y\u0131c\u0131 silindir \u00fcreticisi\" width=\"767\" height=\"431\" srcset=\"\" sizes=\"(max-width: 767px) 100vw, 767px\" data-srcset=\"\" \/><\/span><\/p>","protected":false},"excerpt":{"rendered":"<ul>\n<li><span style=\"color: #000000;\">\u00dcr\u00fcn Kalitesi Garantili<\/span><\/li>\n<li><span style=\"color: #000000;\">B\u00fcy\u00fck Tedarik<\/span><\/li>\n<li><span style=\"color: #000000;\">Rekabet\u00e7i Fiyatland\u0131rma<\/span><\/li>\n<li><span style=\"color: #000000;\">\u00c7o\u011fu Marka ve Model<\/span><\/li>\n<li><span style=\"color: #000000;\">Yard\u0131msever M\u00fc\u015fteri Hizmetleri Ekibi<\/span><\/li>\n<li><span style=\"color: #000000;\">Profesyonel Teknik Destek<\/span><\/li>\n<\/ul>","protected":false},"featured_media":3609,"template":"","meta":{"site-sidebar-layout":"default","site-content-layout":"","ast-site-content-layout":"default","site-content-style":"default","site-sidebar-style":"default","ast-global-header-display":"","ast-banner-title-visibility":"","ast-main-header-display":"","ast-hfb-above-header-display":"","ast-hfb-below-header-display":"","ast-hfb-mobile-header-display":"","site-post-title":"","ast-breadcrumbs-content":"","ast-featured-img":"","footer-sml-layout":"","theme-transparent-header-meta":"default","adv-header-id-meta":"","stick-header-meta":"default","header-above-stick-meta":"","header-main-stick-meta":"","header-below-stick-meta":"","astra-migrate-meta-layouts":"set","ast-page-background-enabled":"default","ast-page-background-meta":{"desktop":{"background-color":"","background-image":"","background-repeat":"repeat","background-position":"center center","background-size":"auto","background-attachment":"scroll","background-type":"","background-media":"","overlay-type":"","overlay-color":"","overlay-opacity":"","overlay-gradient":""},"tablet":{"background-color":"","background-image":"","background-repeat":"repeat","background-position":"center center","background-size":"auto","background-attachment":"scroll","background-type":"","background-media":"","overlay-type":"","overlay-color":"","overlay-opacity":"","overlay-gradient":""},"mobile":{"background-color":"","background-image":"","background-repeat":"repeat","background-position":"center center","background-size":"auto","background-attachment":"scroll","background-type":"","background-media":"","overlay-type":"","overlay-color":"","overlay-opacity":"","overlay-gradient":""}},"ast-content-background-meta":{"desktop":{"background-color":"var(--ast-global-color-5)","background-image":"","background-repeat":"repeat","background-position":"center center","background-size":"auto","background-attachment":"scroll","background-type":"","background-media":"","overlay-type":"","overlay-color":"","overlay-opacity":"","overlay-gradient":""},"tablet":{"background-color":"var(--ast-global-color-5)","background-image":"","background-repeat":"repeat","background-position":"center center","background-size":"auto","background-attachment":"scroll","background-type":"","background-media":"","overlay-type":"","overlay-color":"","overlay-opacity":"","overlay-gradient":""},"mobile":{"background-color":"var(--ast-global-color-5)","background-image":"","background-repeat":"repeat","background-position":"center center","background-size":"auto","background-attachment":"scroll","background-type":"","background-media":"","overlay-type":"","overlay-color":"","overlay-opacity":"","overlay-gradient":""}}},"product_cat":[38,30],"product_tag":[],"class_list":{"0":"post-2893","1":"product","2":"type-product","3":"status-publish","4":"has-post-thumbnail","6":"product_cat-undercarriage","7":"product_cat-carrier-roller","8":"desktop-align-left","9":"tablet-align-left","10":"mobile-align-left","11":"ast-product-gallery-layout-horizontal-slider","12":"ast-product-tabs-layout-horizontal","14":"first","15":"instock","16":"shipping-taxable","17":"product-type-simple"},"yoast_head":"<!-- This site is optimized with the Yoast SEO Premium plugin v22.8 (Yoast SEO v23.9) - https:\/\/yoast.com\/wordpress\/plugins\/seo\/ -->\n<title>Top Roller Excavator Carrier Roller Factory - GFM<\/title>\n<meta name=\"description\" content=\"GFM is a professional carrier roller factory that specializes in producing top roller excavator to meet your highest demands for durability and performance.\" \/>\n<meta name=\"robots\" content=\"index, follow, max-snippet:-1, max-image-preview:large, max-video-preview:-1\" \/>\n<link rel=\"canonical\" href=\"https:\/\/gfmparts.com\/tr\/product\/ust-silindir-ekskavator-tasiyici-silindir-fabrikasi\/\" \/>\n<meta property=\"og:locale\" content=\"tr_TR\" \/>\n<meta property=\"og:type\" content=\"article\" \/>\n<meta property=\"og:title\" content=\"Top Roller Excavator Carrier Roller Factory\" \/>\n<meta property=\"og:description\" content=\"GFM is a professional carrier roller factory that specializes in producing top roller excavator to meet your highest demands for durability and performance.\" \/>\n<meta property=\"og:url\" content=\"https:\/\/gfmparts.com\/tr\/product\/ust-silindir-ekskavator-tasiyici-silindir-fabrikasi\/\" \/>\n<meta property=\"article:publisher\" content=\"https:\/\/www.facebook.com\/gfmparts\" \/>\n<meta property=\"article:modified_time\" content=\"2025-07-01T05:56:20+00:00\" \/>\n<meta property=\"og:image\" content=\"https:\/\/gfmparts.com\/wp-content\/uploads\/2024\/12\/Top-Roller-Excavator-Carrier-Roller-1024x1024.png\" \/>\n\t<meta property=\"og:image:width\" content=\"1024\" \/>\n\t<meta property=\"og:image:height\" content=\"1024\" \/>\n\t<meta property=\"og:image:type\" content=\"image\/png\" \/>\n<meta name=\"twitter:card\" content=\"summary_large_image\" \/>\n<meta name=\"twitter:label1\" content=\"Tahmini okuma s\u00fcresi\" \/>\n\t<meta name=\"twitter:data1\" content=\"4 dakika\" \/>\n<script type=\"application\/ld+json\" class=\"yoast-schema-graph\">{\"@context\":\"https:\/\/schema.org\",\"@graph\":[{\"@type\":\"WebPage\",\"@id\":\"https:\/\/gfmparts.com\/product\/top-roller-excavator-carrier-roller-factory\/\",\"url\":\"https:\/\/gfmparts.com\/product\/top-roller-excavator-carrier-roller-factory\/\",\"name\":\"Top Roller Excavator Carrier Roller Factory - GFM\",\"isPartOf\":{\"@id\":\"https:\/\/gfmparts.com\/#website\"},\"primaryImageOfPage\":{\"@id\":\"https:\/\/gfmparts.com\/product\/top-roller-excavator-carrier-roller-factory\/#primaryimage\"},\"image\":{\"@id\":\"https:\/\/gfmparts.com\/product\/top-roller-excavator-carrier-roller-factory\/#primaryimage\"},\"thumbnailUrl\":\"https:\/\/gfmparts.com\/wp-content\/uploads\/2024\/12\/Top-Roller-Excavator-Carrier-Roller.png\",\"datePublished\":\"2024-12-16T02:26:22+00:00\",\"dateModified\":\"2025-07-01T05:56:20+00:00\",\"description\":\"GFM is a professional carrier roller factory that specializes in producing top roller excavator to meet your highest demands for durability and performance.\",\"breadcrumb\":{\"@id\":\"https:\/\/gfmparts.com\/product\/top-roller-excavator-carrier-roller-factory\/#breadcrumb\"},\"inLanguage\":\"tr\",\"potentialAction\":[{\"@type\":\"ReadAction\",\"target\":[\"https:\/\/gfmparts.com\/product\/top-roller-excavator-carrier-roller-factory\/\"]}]},{\"@type\":\"ImageObject\",\"inLanguage\":\"tr\",\"@id\":\"https:\/\/gfmparts.com\/product\/top-roller-excavator-carrier-roller-factory\/#primaryimage\",\"url\":\"https:\/\/gfmparts.com\/wp-content\/uploads\/2024\/12\/Top-Roller-Excavator-Carrier-Roller.png\",\"contentUrl\":\"https:\/\/gfmparts.com\/wp-content\/uploads\/2024\/12\/Top-Roller-Excavator-Carrier-Roller.png\",\"width\":3600,\"height\":3600,\"caption\":\"Top Roller Excavator Carrier Roller\"},{\"@type\":\"BreadcrumbList\",\"@id\":\"https:\/\/gfmparts.com\/product\/top-roller-excavator-carrier-roller-factory\/#breadcrumb\",\"itemListElement\":[{\"@type\":\"ListItem\",\"position\":1,\"name\":\"\u9996\u9875\",\"item\":\"https:\/\/gfmparts.com\/\"},{\"@type\":\"ListItem\",\"position\":2,\"name\":\"All Product\",\"item\":\"https:\/\/gfmparts.com\/all-product\/\"},{\"@type\":\"ListItem\",\"position\":3,\"name\":\"Top Roller Excavator Carrier Roller Factory\"}]},{\"@type\":\"WebSite\",\"@id\":\"https:\/\/gfmparts.com\/#website\",\"url\":\"https:\/\/gfmparts.com\/\",\"name\":\"GFM PARTS\",\"description\":\"GFM since 2011 focused on excavator and bulldozer undercarriage parts manufacturing :Track rollers,carrier roller,idler,sprocket,track group,bucket tooth pin.\",\"publisher\":{\"@id\":\"https:\/\/gfmparts.com\/#organization\"},\"alternateName\":\"gfmparts.com\",\"potentialAction\":[{\"@type\":\"SearchAction\",\"target\":{\"@type\":\"EntryPoint\",\"urlTemplate\":\"https:\/\/gfmparts.com\/?s={search_term_string}\"},\"query-input\":{\"@type\":\"PropertyValueSpecification\",\"valueRequired\":true,\"valueName\":\"search_term_string\"}}],\"inLanguage\":\"tr\"},{\"@type\":\"Organization\",\"@id\":\"https:\/\/gfmparts.com\/#organization\",\"name\":\"GFM PARTS\",\"url\":\"https:\/\/gfmparts.com\/\",\"logo\":{\"@type\":\"ImageObject\",\"inLanguage\":\"tr\",\"@id\":\"https:\/\/gfmparts.com\/#\/schema\/logo\/image\/\",\"url\":\"https:\/\/gfmparts.com\/wp-content\/uploads\/2024\/11\/cropped-GFMparts.com_-2.png\",\"contentUrl\":\"https:\/\/gfmparts.com\/wp-content\/uploads\/2024\/11\/cropped-GFMparts.com_-2.png\",\"width\":5987,\"height\":2564,\"caption\":\"GFM PARTS\"},\"image\":{\"@id\":\"https:\/\/gfmparts.com\/#\/schema\/logo\/image\/\"},\"sameAs\":[\"https:\/\/www.facebook.com\/gfmparts\",\"https:\/\/www.linkedin.com\/company\/gfmparts\/\",\"https:\/\/www.tiktok.com\/@gfmparts\",\"https:\/\/www.youtube.com\/@GFMparts\/featured\"]}]}<\/script>\n<!-- \/ Yoast SEO Premium plugin. -->","yoast_head_json":{"title":"Top Roller Excavator Carrier Roller Factory - GFM","description":"GFM is a professional carrier roller factory that specializes in producing top roller excavator to meet your highest demands for durability and performance.","robots":{"index":"index","follow":"follow","max-snippet":"max-snippet:-1","max-image-preview":"max-image-preview:large","max-video-preview":"max-video-preview:-1"},"canonical":"https:\/\/gfmparts.com\/tr\/product\/ust-silindir-ekskavator-tasiyici-silindir-fabrikasi\/","og_locale":"tr_TR","og_type":"article","og_title":"Top Roller Excavator Carrier Roller Factory","og_description":"GFM is a professional carrier roller factory that specializes in producing top roller excavator to meet your highest demands for durability and performance.","og_url":"https:\/\/gfmparts.com\/tr\/product\/ust-silindir-ekskavator-tasiyici-silindir-fabrikasi\/","article_publisher":"https:\/\/www.facebook.com\/gfmparts","article_modified_time":"2025-07-01T05:56:20+00:00","og_image":[{"width":1024,"height":1024,"url":"https:\/\/gfmparts.com\/wp-content\/uploads\/2024\/12\/Top-Roller-Excavator-Carrier-Roller-1024x1024.png","type":"image\/png"}],"twitter_card":"summary_large_image","twitter_misc":{"Tahmini okuma s\u00fcresi":"4 dakika"},"schema":{"@context":"https:\/\/schema.org","@graph":[{"@type":"WebPage","@id":"https:\/\/gfmparts.com\/product\/top-roller-excavator-carrier-roller-factory\/","url":"https:\/\/gfmparts.com\/product\/top-roller-excavator-carrier-roller-factory\/","name":"Top Roller Excavator Carrier Roller Factory - GFM","isPartOf":{"@id":"https:\/\/gfmparts.com\/#website"},"primaryImageOfPage":{"@id":"https:\/\/gfmparts.com\/product\/top-roller-excavator-carrier-roller-factory\/#primaryimage"},"image":{"@id":"https:\/\/gfmparts.com\/product\/top-roller-excavator-carrier-roller-factory\/#primaryimage"},"thumbnailUrl":"https:\/\/gfmparts.com\/wp-content\/uploads\/2024\/12\/Top-Roller-Excavator-Carrier-Roller.png","datePublished":"2024-12-16T02:26:22+00:00","dateModified":"2025-07-01T05:56:20+00:00","description":"GFM is a professional carrier roller factory that specializes in producing top roller excavator to meet your highest demands for durability and performance.","breadcrumb":{"@id":"https:\/\/gfmparts.com\/product\/top-roller-excavator-carrier-roller-factory\/#breadcrumb"},"inLanguage":"tr","potentialAction":[{"@type":"ReadAction","target":["https:\/\/gfmparts.com\/product\/top-roller-excavator-carrier-roller-factory\/"]}]},{"@type":"ImageObject","inLanguage":"tr","@id":"https:\/\/gfmparts.com\/product\/top-roller-excavator-carrier-roller-factory\/#primaryimage","url":"https:\/\/gfmparts.com\/wp-content\/uploads\/2024\/12\/Top-Roller-Excavator-Carrier-Roller.png","contentUrl":"https:\/\/gfmparts.com\/wp-content\/uploads\/2024\/12\/Top-Roller-Excavator-Carrier-Roller.png","width":3600,"height":3600,"caption":"Top Roller Excavator Carrier Roller"},{"@type":"BreadcrumbList","@id":"https:\/\/gfmparts.com\/product\/top-roller-excavator-carrier-roller-factory\/#breadcrumb","itemListElement":[{"@type":"ListItem","position":1,"name":"\u9996\u9875","item":"https:\/\/gfmparts.com\/"},{"@type":"ListItem","position":2,"name":"All Product","item":"https:\/\/gfmparts.com\/all-product\/"},{"@type":"ListItem","position":3,"name":"Top Roller Excavator Carrier Roller Factory"}]},{"@type":"WebSite","@id":"https:\/\/gfmparts.com\/#website","url":"https:\/\/gfmparts.com\/","name":"GFM PARTS","description":"GFM since 2011 focused on excavator and bulldozer undercarriage parts manufacturing :Track rollers,carrier roller,idler,sprocket,track group,bucket tooth pin.","publisher":{"@id":"https:\/\/gfmparts.com\/#organization"},"alternateName":"gfmparts.com","potentialAction":[{"@type":"SearchAction","target":{"@type":"EntryPoint","urlTemplate":"https:\/\/gfmparts.com\/?s={search_term_string}"},"query-input":{"@type":"PropertyValueSpecification","valueRequired":true,"valueName":"search_term_string"}}],"inLanguage":"tr"},{"@type":"Organization","@id":"https:\/\/gfmparts.com\/#organization","name":"GFM PARTS","url":"https:\/\/gfmparts.com\/","logo":{"@type":"ImageObject","inLanguage":"tr","@id":"https:\/\/gfmparts.com\/#\/schema\/logo\/image\/","url":"https:\/\/gfmparts.com\/wp-content\/uploads\/2024\/11\/cropped-GFMparts.com_-2.png","contentUrl":"https:\/\/gfmparts.com\/wp-content\/uploads\/2024\/11\/cropped-GFMparts.com_-2.png","width":5987,"height":2564,"caption":"GFM PARTS"},"image":{"@id":"https:\/\/gfmparts.com\/#\/schema\/logo\/image\/"},"sameAs":["https:\/\/www.facebook.com\/gfmparts","https:\/\/www.linkedin.com\/company\/gfmparts\/","https:\/\/www.tiktok.com\/@gfmparts","https:\/\/www.youtube.com\/@GFMparts\/featured"]}]}},"_links":{"self":[{"href":"https:\/\/gfmparts.com\/tr\/wp-json\/wp\/v2\/product\/2893"}],"collection":[{"href":"https:\/\/gfmparts.com\/tr\/wp-json\/wp\/v2\/product"}],"about":[{"href":"https:\/\/gfmparts.com\/tr\/wp-json\/wp\/v2\/types\/product"}],"wp:featuredmedia":[{"embeddable":true,"href":"https:\/\/gfmparts.com\/tr\/wp-json\/wp\/v2\/media\/3609"}],"wp:attachment":[{"href":"https:\/\/gfmparts.com\/tr\/wp-json\/wp\/v2\/media?parent=2893"}],"wp:term":[{"taxonomy":"product_cat","embeddable":true,"href":"https:\/\/gfmparts.com\/tr\/wp-json\/wp\/v2\/product_cat?post=2893"},{"taxonomy":"product_tag","embeddable":true,"href":"https:\/\/gfmparts.com\/tr\/wp-json\/wp\/v2\/product_tag?post=2893"}],"curies":[{"name":"wp","href":"https:\/\/api.w.org\/{rel}","templated":true}]}}