{"id":3046,"date":"2024-12-19T02:35:08","date_gmt":"2024-12-19T02:35:08","guid":{"rendered":"https:\/\/gfmparts.com\/?post_type=product&#038;p=3046"},"modified":"2025-05-16T09:49:02","modified_gmt":"2025-05-16T09:49:02","slug":"excellent-excavator-bucket-teeth-supplier","status":"publish","type":"product","link":"https:\/\/gfmparts.com\/tr\/product\/mukemmel-ekskavator-kepce-disleri-tedarikcisi\/","title":{"rendered":"M\u00fckemmel Ekskavat\u00f6r Kep\u00e7e Di\u015fleri Tedarik\u00e7isi"},"content":{"rendered":"<p><span style=\"color: #000000;\">GFM <a style=\"color: #000000;\" href=\"https:\/\/gfmparts.com\/tr\/product\/yuksek-kaliteli-ekskavator-dislisi-tedarikcisi\/\">ekskavat\u00f6r kep\u00e7e di\u015fleri<\/a> Y\u00fcksek mukavemetli ala\u015f\u0131ml\u0131 \u00e7elikten \u00fcretilmi\u015ftir. Hassas \u0131s\u0131l i\u015flemden sonra m\u00fckemmel a\u015f\u0131nma ve darbe direncine sahip olup, \u00e7e\u015fitli zorlu in\u015faat ortamlar\u0131na uyum sa\u011flayabilirler. Toprak i\u015fleri, kaya madencili\u011fi veya madencilik operasyonlar\u0131 olsun, GFM kep\u00e7e di\u015fleri daha uzun hizmet \u00f6mr\u00fc ve daha y\u00fcksek \u00e7al\u0131\u015fma verimlili\u011fi sa\u011flar. \u00c7e\u015fitli ihtiya\u00e7lar\u0131n\u0131z\u0131 kar\u015f\u0131lamak i\u00e7in, \u00f6nde gelen ekskavat\u00f6r markalar\u0131yla uyumlu \u00e7e\u015fitli model ve boyutlar sunuyoruz.<\/span><\/p>\n<h3><span style=\"color: #ff6600;\">\u00dcr\u00fcn A\u00e7\u0131klamas\u0131<\/span><\/h3>\n<ul>\n<li><span style=\"color: #000000;\"><strong>Hammadde:<\/strong> 30CrMnSi \u00e7elik<\/span><\/li>\n<li><span style=\"color: #000000;\"><strong>Minimum Sipari\u015f Adedi:<\/strong>\u00a01 Bilgisayar<\/span><\/li>\n<li><span style=\"color: #000000;\"><strong>\u00d6deme y\u00f6ntemi:<\/strong>\u00a0T\/T<\/span><\/li>\n<li><span style=\"color: #000000;\"><strong>Marka:<\/strong>\u00a0GFM<\/span><\/li>\n<li><span style=\"color: #000000;\"><strong>Durum:<\/strong>\u00a0Yeni<\/span><\/li>\n<li><span style=\"color: #000000;\"><strong>Renk:<\/strong>\u00a0Sar\u0131, Siyah veya \u00d6zelle\u015ftirilmi\u015f<\/span><\/li>\n<li><span style=\"color: #000000;\"><strong>Kur\u015fun zaman\u0131:<\/strong>\u00a030 g\u00fcn<\/span><\/li>\n<li><span style=\"color: #000000;\"><strong>Garanti:<\/strong>\u00a01 Y\u0131l<\/span><\/li>\n<li><span style=\"color: #000000;\"><strong>Hizmet:<\/strong>\u00a0OEM veya ODM<\/span><\/li>\n<li><span style=\"color: #000000;\"><strong>Men\u015fei Yeri:<\/strong>\u00a0Fujian, \u00c7in<\/span><\/li>\n<li><span style=\"color: #000000;\"><strong>Ba\u015fvuru:<\/strong> Ekskavat\u00f6r<\/span><\/li>\n<li><span style=\"color: #000000;\"><strong>Paketleme:<\/strong>\u00a0Standart \u0130hracat Ah\u015fap Palet<\/span><\/li>\n<\/ul>\n<p style=\"text-align: center;\"><img fetchpriority=\"high\" decoding=\"async\" class=\"alignnone wp-image-3049\" src=\"https:\/\/gfmparts.com\/wp-content\/uploads\/2024\/12\/Bucket-Teeth_4-768x1024.jpg\" alt=\"Kova Di\u015fleri-2\" width=\"399\" height=\"532\" srcset=\"https:\/\/gfmparts.com\/wp-content\/uploads\/2024\/12\/Bucket-Teeth_4-768x1024.jpg 768w, https:\/\/gfmparts.com\/wp-content\/uploads\/2024\/12\/Bucket-Teeth_4-225x300.jpg 225w, https:\/\/gfmparts.com\/wp-content\/uploads\/2024\/12\/Bucket-Teeth_4-1152x1536.jpg 1152w, https:\/\/gfmparts.com\/wp-content\/uploads\/2024\/12\/Bucket-Teeth_4-1536x2048.jpg 1536w, https:\/\/gfmparts.com\/wp-content\/uploads\/2024\/12\/Bucket-Teeth_4-600x800.jpg 600w, https:\/\/gfmparts.com\/wp-content\/uploads\/2024\/12\/Bucket-Teeth_4-scaled.jpg 1920w\" sizes=\"(max-width: 399px) 100vw, 399px\" \/> <img decoding=\"async\" class=\"alignnone wp-image-3050\" src=\"https:\/\/gfmparts.com\/wp-content\/uploads\/2024\/12\/Bucket-Teeth_7-768x1024.jpg\" alt=\"Kova Di\u015fleri-3\" width=\"400\" height=\"534\" srcset=\"https:\/\/gfmparts.com\/wp-content\/uploads\/2024\/12\/Bucket-Teeth_7-768x1024.jpg 768w, https:\/\/gfmparts.com\/wp-content\/uploads\/2024\/12\/Bucket-Teeth_7-225x300.jpg 225w, https:\/\/gfmparts.com\/wp-content\/uploads\/2024\/12\/Bucket-Teeth_7-1152x1536.jpg 1152w, https:\/\/gfmparts.com\/wp-content\/uploads\/2024\/12\/Bucket-Teeth_7-1536x2048.jpg 1536w, https:\/\/gfmparts.com\/wp-content\/uploads\/2024\/12\/Bucket-Teeth_7-600x800.jpg 600w, https:\/\/gfmparts.com\/wp-content\/uploads\/2024\/12\/Bucket-Teeth_7-scaled.jpg 1920w\" sizes=\"(max-width: 400px) 100vw, 400px\" \/><\/p>\n<h3><span style=\"color: #ff6600;\">\u00d6zellikler<\/span><\/h3>\n<ul>\n<li><b><\/b><span style=\"color: #000000;\"><strong><b>Premium Malzemeler: <\/b><\/strong>Ola\u011fan\u00fcst\u00fc dayan\u0131kl\u0131l\u0131k, sertlik ve a\u015f\u0131nma direnci i\u00e7in geli\u015fmi\u015f \u0131s\u0131l i\u015flem uygulanm\u0131\u015f ala\u015f\u0131ml\u0131 \u00e7elikten \u00fcretilmi\u015ftir.<\/span><\/li>\n<li><span style=\"color: #000000;\"><b><\/b><strong><b>Hassas Uyum: <\/b><\/strong>A\u011f\u0131r hizmet tipi operasyonlar s\u0131ras\u0131nda stabiliteyi garanti alt\u0131na alarak, \u00e7ok \u00e7e\u015fitli ekskavat\u00f6r kovalar\u0131na g\u00fcvenli bir \u015fekilde uyacak \u015fekilde tasarlanm\u0131\u015ft\u0131r.<\/span><\/li>\n<li><span style=\"color: #000000;\"><b><\/b><strong><b>Optimize Edilmi\u015f Kaz\u0131 Performans\u0131:<\/b><\/strong>Keskin profiller ve g\u00fc\u00e7lendirilmi\u015f kenarlar, topra\u011f\u0131n d\u00fczg\u00fcn bir \u015fekilde n\u00fcfuz etmesini sa\u011flayarak kaz\u0131n\u0131n daha h\u0131zl\u0131 ve daha verimli olmas\u0131n\u0131 sa\u011flar.<\/span><\/li>\n<li><span style=\"color: #000000;\"><b><\/b><strong><b>Darbe Dayan\u0131m\u0131: <\/b><\/strong>Y\u00fcksek darbeli y\u00fcklere dayanacak \u015fekilde \u00fcretildikleri i\u00e7in kaya, kil ve di\u011fer sert malzemeler i\u00e7in idealdirler.<\/span><\/li>\n<li><span style=\"color: #000000;\"><b><\/b><strong><b>Pas ve Korozyona Dayan\u0131kl\u0131: <\/b><\/strong>Pas ve neme kar\u015f\u0131 dayan\u0131kl\u0131 olacak \u015fekilde kaplanm\u0131\u015f veya i\u015flenmi\u015f olup, \u0131slak veya zorlu ortamlarda dayan\u0131kl\u0131l\u0131k sa\u011flar.<\/span><\/li>\n<li><span style=\"color: #000000;\"><b><\/b><strong><b>H\u0131zl\u0131 De\u011fi\u015ftirme Sistemi: <\/b><\/strong>Ar\u0131za s\u00fcresini en aza indirmek ve \u00fcretkenli\u011fi art\u0131rmak i\u00e7in kolay kurulum ve de\u011fi\u015ftirme i\u00e7in tasarlanm\u0131\u015ft\u0131r.<\/span><b><\/b><\/li>\n<\/ul>\n<p style=\"text-align: center;\"><img decoding=\"async\" class=\"alignnone wp-image-3687\" src=\"https:\/\/gfmparts.com\/wp-content\/uploads\/2024\/12\/Excavator-Bucket-Teeth-models-1024x407.png\" alt=\"Ekskavat\u00f6r Kep\u00e7e Di\u015fleri modelleri\" width=\"857\" height=\"341\" srcset=\"https:\/\/gfmparts.com\/wp-content\/uploads\/2024\/12\/Excavator-Bucket-Teeth-models-1024x407.png 1024w, https:\/\/gfmparts.com\/wp-content\/uploads\/2024\/12\/Excavator-Bucket-Teeth-models-300x119.png 300w, https:\/\/gfmparts.com\/wp-content\/uploads\/2024\/12\/Excavator-Bucket-Teeth-models-768x305.png 768w, https:\/\/gfmparts.com\/wp-content\/uploads\/2024\/12\/Excavator-Bucket-Teeth-models-1536x610.png 1536w, https:\/\/gfmparts.com\/wp-content\/uploads\/2024\/12\/Excavator-Bucket-Teeth-models-600x238.png 600w, https:\/\/gfmparts.com\/wp-content\/uploads\/2024\/12\/Excavator-Bucket-Teeth-models.png 1556w\" sizes=\"(max-width: 857px) 100vw, 857px\" \/><\/p>\n<h3><span style=\"color: #ff6600;\">\u00dcr\u00fcn Modelleri<\/span><\/h3>\n<p style=\"text-align: center;\"><img loading=\"lazy\" decoding=\"async\" class=\"alignnone size-full wp-image-3147\" src=\"https:\/\/gfmparts.com\/wp-content\/uploads\/2024\/11\/excavator-part-description-e1735350735761.png\" alt=\"ekskavat\u00f6r par\u00e7a a\u00e7\u0131klamas\u0131\" width=\"856\" height=\"694\" srcset=\"https:\/\/gfmparts.com\/wp-content\/uploads\/2024\/11\/excavator-part-description-e1735350735761.png 856w, https:\/\/gfmparts.com\/wp-content\/uploads\/2024\/11\/excavator-part-description-e1735350735761-300x243.png 300w, https:\/\/gfmparts.com\/wp-content\/uploads\/2024\/11\/excavator-part-description-e1735350735761-768x623.png 768w, https:\/\/gfmparts.com\/wp-content\/uploads\/2024\/11\/excavator-part-description-e1735350735761-600x486.png 600w\" sizes=\"(max-width: 856px) 100vw, 856px\" \/><\/p>\n<h3><span style=\"color: #ff6600;\">\u00dcretim S\u00fcreci<\/span><\/h3>\n<p><img loading=\"lazy\" decoding=\"async\" class=\"size-large wp-image-3043 aligncenter\" src=\"https:\/\/gfmparts.com\/wp-content\/uploads\/2024\/12\/\u901a\u7528\u751f\u4ea7\u6d41\u7a0b-1-1024x648.jpg\" alt=\"ekskavat\u00f6r par\u00e7a \u00fcretim s\u00fcreci\" width=\"1024\" height=\"648\" srcset=\"\" sizes=\"(max-width: 1024px) 100vw, 1024px\" data-srcset=\"\" \/><\/p>\n<h3><span style=\"color: #ff6600;\">Paketleme ve Nakliye<\/span><\/h3>\n<p style=\"text-align: center;\"><img loading=\"lazy\" decoding=\"async\" class=\"alignnone size-large wp-image-6521\" src=\"https:\/\/gfmparts.com\/wp-content\/uploads\/2025\/05\/Packaging-and-Shipping-1-1-1024x648.jpg\" alt=\"Paketleme ve Nakliye\" width=\"1024\" height=\"648\" srcset=\"https:\/\/gfmparts.com\/wp-content\/uploads\/2025\/05\/Packaging-and-Shipping-1-1-1024x648.jpg 1024w, https:\/\/gfmparts.com\/wp-content\/uploads\/2025\/05\/Packaging-and-Shipping-1-1-300x190.jpg 300w, https:\/\/gfmparts.com\/wp-content\/uploads\/2025\/05\/Packaging-and-Shipping-1-1-768x486.jpg 768w, https:\/\/gfmparts.com\/wp-content\/uploads\/2025\/05\/Packaging-and-Shipping-1-1-1536x973.jpg 1536w, https:\/\/gfmparts.com\/wp-content\/uploads\/2025\/05\/Packaging-and-Shipping-1-1-2048x1297.jpg 2048w, https:\/\/gfmparts.com\/wp-content\/uploads\/2025\/05\/Packaging-and-Shipping-1-1-600x380.jpg 600w\" sizes=\"(max-width: 1024px) 100vw, 1024px\" \/><\/p>\n<h3><span style=\"color: #ff6600;\">Fabrika Avantajlar\u0131<\/span><\/h3>\n<p><span style=\"color: #000000;\">Bir profesyonel olarak <a style=\"color: #000000;\" href=\"https:\/\/gfmparts.com\/tr\/product\/yuksek-kaliteli-ekskavator-paletli-gergi-makarasi-ureticileri\/\">kep\u00e7e di\u015fi tedarik\u00e7isi<\/a>GFM, m\u00fc\u015fterilerine her zaman y\u00fcksek kalite kontrol standartlar\u0131 ve s\u0131k\u0131 test prosed\u00fcrlerine sahip g\u00fcvenilir \u00fcr\u00fcnler sunar. \u00dcretim s\u00fcrecimiz, her kep\u00e7e di\u015finin uluslararas\u0131 kalite standartlar\u0131n\u0131 kar\u015f\u0131lad\u0131\u011f\u0131ndan emin olmak i\u00e7in ISO sertifikal\u0131d\u0131r. Esnek envanter y\u00f6netimi ve verimli lojistik sistemlerimizle, m\u00fc\u015fteri sipari\u015flerine h\u0131zl\u0131 yan\u0131t verebilir, istikrarl\u0131 tedarik hizmetleri sa\u011flayabilir ve projenizin sorunsuz ilerlemesine yard\u0131mc\u0131 olabiliriz.<\/span><\/p>\n<p><span style=\"color: #000000;\">GFM, \u00fcr\u00fcn teknolojisini ve performans\u0131n\u0131 s\u00fcrekli iyile\u015ftirmeye kendini adam\u0131\u015f, geli\u015fmi\u015f otomatik \u00fcretim ekipmanlar\u0131na ve profesyonel bir Ar-Ge ekibine sahiptir. Fabrikam\u0131z\u0131n y\u0131ll\u0131k \u00fcretim kapasitesi bir milyon kep\u00e7e di\u015fidir. Geni\u015f \u00e7apl\u0131 operasyonlar maliyetleri d\u00fc\u015f\u00fcr\u00fcr ve tedarik verimlili\u011fini art\u0131r\u0131r. Ayr\u0131ca, m\u00fc\u015fterilerimize ger\u00e7ek in\u015faattaki sorunlar\u0131 \u00e7\u00f6zmelerine yard\u0131mc\u0131 olmak ve g\u00fcvenilir orta\u011f\u0131n\u0131z olmak i\u00e7in birebir teknik destek hizmetleri sunuyoruz.<\/span><\/p>\n<p style=\"text-align: center;\"><span style=\"color: #000000;\"><img loading=\"lazy\" decoding=\"async\" class=\"alignnone wp-image-2159\" src=\"https:\/\/gfmparts.com\/wp-content\/uploads\/2024\/12\/\u5fae\u4fe1\u56fe\u7247_20241202160325-1024x576.jpg\" alt=\"ta\u015f\u0131y\u0131c\u0131 silindir \u00fcreticisi\" width=\"767\" height=\"431\" srcset=\"\" sizes=\"(max-width: 767px) 100vw, 767px\" data-srcset=\"\" \/><\/span><\/p>","protected":false},"excerpt":{"rendered":"<ul>\n<li><span style=\"color: #000000;\">\u00dcr\u00fcn Kalitesi Garantili<\/span><\/li>\n<li><span style=\"color: #000000;\">B\u00fcy\u00fck Tedarik<\/span><\/li>\n<li><span style=\"color: #000000;\">Rekabet\u00e7i Fiyatland\u0131rma<\/span><\/li>\n<li><span style=\"color: #000000;\">\u00c7o\u011fu Marka ve Model<\/span><\/li>\n<li><span style=\"color: #000000;\">Yard\u0131msever M\u00fc\u015fteri Hizmetleri Ekibi<\/span><\/li>\n<li><span style=\"color: #000000;\">Profesyonel Teknik Destek<\/span><\/li>\n<\/ul>","protected":false},"featured_media":3606,"template":"","meta":{"site-sidebar-layout":"default","site-content-layout":"","ast-site-content-layout":"default","site-content-style":"default","site-sidebar-style":"default","ast-global-header-display":"","ast-banner-title-visibility":"","ast-main-header-display":"","ast-hfb-above-header-display":"","ast-hfb-below-header-display":"","ast-hfb-mobile-header-display":"","site-post-title":"","ast-breadcrumbs-content":"","ast-featured-img":"","footer-sml-layout":"","theme-transparent-header-meta":"default","adv-header-id-meta":"","stick-header-meta":"default","header-above-stick-meta":"","header-main-stick-meta":"","header-below-stick-meta":"","astra-migrate-meta-layouts":"set","ast-page-background-enabled":"default","ast-page-background-meta":{"desktop":{"background-color":"","background-image":"","background-repeat":"repeat","background-position":"center center","background-size":"auto","background-attachment":"scroll","background-type":"","background-media":"","overlay-type":"","overlay-color":"","overlay-opacity":"","overlay-gradient":""},"tablet":{"background-color":"","background-image":"","background-repeat":"repeat","background-position":"center center","background-size":"auto","background-attachment":"scroll","background-type":"","background-media":"","overlay-type":"","overlay-color":"","overlay-opacity":"","overlay-gradient":""},"mobile":{"background-color":"","background-image":"","background-repeat":"repeat","background-position":"center center","background-size":"auto","background-attachment":"scroll","background-type":"","background-media":"","overlay-type":"","overlay-color":"","overlay-opacity":"","overlay-gradient":""}},"ast-content-background-meta":{"desktop":{"background-color":"var(--ast-global-color-5)","background-image":"","background-repeat":"repeat","background-position":"center center","background-size":"auto","background-attachment":"scroll","background-type":"","background-media":"","overlay-type":"","overlay-color":"","overlay-opacity":"","overlay-gradient":""},"tablet":{"background-color":"var(--ast-global-color-5)","background-image":"","background-repeat":"repeat","background-position":"center center","background-size":"auto","background-attachment":"scroll","background-type":"","background-media":"","overlay-type":"","overlay-color":"","overlay-opacity":"","overlay-gradient":""},"mobile":{"background-color":"var(--ast-global-color-5)","background-image":"","background-repeat":"repeat","background-position":"center center","background-size":"auto","background-attachment":"scroll","background-type":"","background-media":"","overlay-type":"","overlay-color":"","overlay-opacity":"","overlay-gradient":""}}},"product_cat":[27,34],"product_tag":[],"class_list":{"0":"post-3046","1":"product","2":"type-product","3":"status-publish","4":"has-post-thumbnail","6":"product_cat-parts","7":"product_cat-bucket-teeth","8":"desktop-align-left","9":"tablet-align-left","10":"mobile-align-left","11":"ast-product-gallery-layout-horizontal-slider","12":"ast-product-tabs-layout-horizontal","14":"first","15":"instock","16":"shipping-taxable","17":"product-type-simple"},"yoast_head":"<!-- This site is optimized with the Yoast SEO Premium plugin v22.8 (Yoast SEO v23.9) - https:\/\/yoast.com\/wordpress\/plugins\/seo\/ -->\n<title>Excavator Bucket Teeth Supplier and Manufacturer - GFM<\/title>\n<meta name=\"description\" content=\"GFM excavator bucket teeth supplier, providing a variety of models and sizes, compatible with major mainstream excavator brands, to meet your needs.\" \/>\n<meta name=\"robots\" content=\"index, follow, max-snippet:-1, max-image-preview:large, max-video-preview:-1\" \/>\n<link rel=\"canonical\" href=\"https:\/\/gfmparts.com\/tr\/product\/mukemmel-ekskavator-kepce-disleri-tedarikcisi\/\" \/>\n<meta property=\"og:locale\" content=\"tr_TR\" \/>\n<meta property=\"og:type\" content=\"article\" \/>\n<meta property=\"og:title\" content=\"Excellent Excavator Bucket Teeth Supplier\" \/>\n<meta property=\"og:description\" content=\"GFM excavator bucket teeth supplier, providing a variety of models and sizes, compatible with major mainstream excavator brands, to meet your needs.\" \/>\n<meta property=\"og:url\" content=\"https:\/\/gfmparts.com\/tr\/product\/mukemmel-ekskavator-kepce-disleri-tedarikcisi\/\" \/>\n<meta property=\"article:publisher\" content=\"https:\/\/www.facebook.com\/gfmparts\" \/>\n<meta property=\"article:modified_time\" content=\"2025-05-16T09:49:02+00:00\" \/>\n<meta property=\"og:image\" content=\"https:\/\/gfmparts.com\/wp-content\/uploads\/2024\/12\/Bucket-Teeth-1-1.png\" \/>\n\t<meta property=\"og:image:width\" content=\"1306\" \/>\n\t<meta property=\"og:image:height\" content=\"1307\" \/>\n\t<meta property=\"og:image:type\" content=\"image\/png\" \/>\n<meta name=\"twitter:card\" content=\"summary_large_image\" \/>\n<meta name=\"twitter:label1\" content=\"Tahmini okuma s\u00fcresi\" \/>\n\t<meta name=\"twitter:data1\" content=\"3 dakika\" \/>\n<script type=\"application\/ld+json\" class=\"yoast-schema-graph\">{\"@context\":\"https:\/\/schema.org\",\"@graph\":[{\"@type\":\"WebPage\",\"@id\":\"https:\/\/gfmparts.com\/product\/excellent-excavator-bucket-teeth-supplier\/\",\"url\":\"https:\/\/gfmparts.com\/product\/excellent-excavator-bucket-teeth-supplier\/\",\"name\":\"Excavator Bucket Teeth Supplier and Manufacturer - GFM\",\"isPartOf\":{\"@id\":\"https:\/\/gfmparts.com\/#website\"},\"primaryImageOfPage\":{\"@id\":\"https:\/\/gfmparts.com\/product\/excellent-excavator-bucket-teeth-supplier\/#primaryimage\"},\"image\":{\"@id\":\"https:\/\/gfmparts.com\/product\/excellent-excavator-bucket-teeth-supplier\/#primaryimage\"},\"thumbnailUrl\":\"https:\/\/gfmparts.com\/wp-content\/uploads\/2024\/12\/Bucket-Teeth-1-1.png\",\"datePublished\":\"2024-12-19T02:35:08+00:00\",\"dateModified\":\"2025-05-16T09:49:02+00:00\",\"description\":\"GFM excavator bucket teeth supplier, providing a variety of models and sizes, compatible with major mainstream excavator brands, to meet your needs.\",\"breadcrumb\":{\"@id\":\"https:\/\/gfmparts.com\/product\/excellent-excavator-bucket-teeth-supplier\/#breadcrumb\"},\"inLanguage\":\"tr\",\"potentialAction\":[{\"@type\":\"ReadAction\",\"target\":[\"https:\/\/gfmparts.com\/product\/excellent-excavator-bucket-teeth-supplier\/\"]}]},{\"@type\":\"ImageObject\",\"inLanguage\":\"tr\",\"@id\":\"https:\/\/gfmparts.com\/product\/excellent-excavator-bucket-teeth-supplier\/#primaryimage\",\"url\":\"https:\/\/gfmparts.com\/wp-content\/uploads\/2024\/12\/Bucket-Teeth-1-1.png\",\"contentUrl\":\"https:\/\/gfmparts.com\/wp-content\/uploads\/2024\/12\/Bucket-Teeth-1-1.png\",\"width\":1306,\"height\":1307,\"caption\":\"Bucket Teeth\"},{\"@type\":\"BreadcrumbList\",\"@id\":\"https:\/\/gfmparts.com\/product\/excellent-excavator-bucket-teeth-supplier\/#breadcrumb\",\"itemListElement\":[{\"@type\":\"ListItem\",\"position\":1,\"name\":\"\u9996\u9875\",\"item\":\"https:\/\/gfmparts.com\/\"},{\"@type\":\"ListItem\",\"position\":2,\"name\":\"All Product\",\"item\":\"https:\/\/gfmparts.com\/all-product\/\"},{\"@type\":\"ListItem\",\"position\":3,\"name\":\"Excellent Excavator Bucket Teeth Supplier\"}]},{\"@type\":\"WebSite\",\"@id\":\"https:\/\/gfmparts.com\/#website\",\"url\":\"https:\/\/gfmparts.com\/\",\"name\":\"GFM PARTS\",\"description\":\"GFM since 2011 focused on excavator and bulldozer undercarriage parts manufacturing :Track rollers,carrier roller,idler,sprocket,track group,bucket tooth pin.\",\"publisher\":{\"@id\":\"https:\/\/gfmparts.com\/#organization\"},\"alternateName\":\"gfmparts.com\",\"potentialAction\":[{\"@type\":\"SearchAction\",\"target\":{\"@type\":\"EntryPoint\",\"urlTemplate\":\"https:\/\/gfmparts.com\/?s={search_term_string}\"},\"query-input\":{\"@type\":\"PropertyValueSpecification\",\"valueRequired\":true,\"valueName\":\"search_term_string\"}}],\"inLanguage\":\"tr\"},{\"@type\":\"Organization\",\"@id\":\"https:\/\/gfmparts.com\/#organization\",\"name\":\"GFM PARTS\",\"url\":\"https:\/\/gfmparts.com\/\",\"logo\":{\"@type\":\"ImageObject\",\"inLanguage\":\"tr\",\"@id\":\"https:\/\/gfmparts.com\/#\/schema\/logo\/image\/\",\"url\":\"https:\/\/gfmparts.com\/wp-content\/uploads\/2024\/11\/cropped-GFMparts.com_-2.png\",\"contentUrl\":\"https:\/\/gfmparts.com\/wp-content\/uploads\/2024\/11\/cropped-GFMparts.com_-2.png\",\"width\":5987,\"height\":2564,\"caption\":\"GFM PARTS\"},\"image\":{\"@id\":\"https:\/\/gfmparts.com\/#\/schema\/logo\/image\/\"},\"sameAs\":[\"https:\/\/www.facebook.com\/gfmparts\",\"https:\/\/www.linkedin.com\/company\/gfmparts\/\",\"https:\/\/www.tiktok.com\/@gfmparts\",\"https:\/\/www.youtube.com\/@GFMparts\/featured\"]}]}<\/script>\n<!-- \/ Yoast SEO Premium plugin. -->","yoast_head_json":{"title":"Excavator Bucket Teeth Supplier and Manufacturer - GFM","description":"GFM excavator bucket teeth supplier, providing a variety of models and sizes, compatible with major mainstream excavator brands, to meet your needs.","robots":{"index":"index","follow":"follow","max-snippet":"max-snippet:-1","max-image-preview":"max-image-preview:large","max-video-preview":"max-video-preview:-1"},"canonical":"https:\/\/gfmparts.com\/tr\/product\/mukemmel-ekskavator-kepce-disleri-tedarikcisi\/","og_locale":"tr_TR","og_type":"article","og_title":"Excellent Excavator Bucket Teeth Supplier","og_description":"GFM excavator bucket teeth supplier, providing a variety of models and sizes, compatible with major mainstream excavator brands, to meet your needs.","og_url":"https:\/\/gfmparts.com\/tr\/product\/mukemmel-ekskavator-kepce-disleri-tedarikcisi\/","article_publisher":"https:\/\/www.facebook.com\/gfmparts","article_modified_time":"2025-05-16T09:49:02+00:00","og_image":[{"width":1306,"height":1307,"url":"https:\/\/gfmparts.com\/wp-content\/uploads\/2024\/12\/Bucket-Teeth-1-1.png","type":"image\/png"}],"twitter_card":"summary_large_image","twitter_misc":{"Tahmini okuma s\u00fcresi":"3 dakika"},"schema":{"@context":"https:\/\/schema.org","@graph":[{"@type":"WebPage","@id":"https:\/\/gfmparts.com\/product\/excellent-excavator-bucket-teeth-supplier\/","url":"https:\/\/gfmparts.com\/product\/excellent-excavator-bucket-teeth-supplier\/","name":"Excavator Bucket Teeth Supplier and Manufacturer - GFM","isPartOf":{"@id":"https:\/\/gfmparts.com\/#website"},"primaryImageOfPage":{"@id":"https:\/\/gfmparts.com\/product\/excellent-excavator-bucket-teeth-supplier\/#primaryimage"},"image":{"@id":"https:\/\/gfmparts.com\/product\/excellent-excavator-bucket-teeth-supplier\/#primaryimage"},"thumbnailUrl":"https:\/\/gfmparts.com\/wp-content\/uploads\/2024\/12\/Bucket-Teeth-1-1.png","datePublished":"2024-12-19T02:35:08+00:00","dateModified":"2025-05-16T09:49:02+00:00","description":"GFM excavator bucket teeth supplier, providing a variety of models and sizes, compatible with major mainstream excavator brands, to meet your needs.","breadcrumb":{"@id":"https:\/\/gfmparts.com\/product\/excellent-excavator-bucket-teeth-supplier\/#breadcrumb"},"inLanguage":"tr","potentialAction":[{"@type":"ReadAction","target":["https:\/\/gfmparts.com\/product\/excellent-excavator-bucket-teeth-supplier\/"]}]},{"@type":"ImageObject","inLanguage":"tr","@id":"https:\/\/gfmparts.com\/product\/excellent-excavator-bucket-teeth-supplier\/#primaryimage","url":"https:\/\/gfmparts.com\/wp-content\/uploads\/2024\/12\/Bucket-Teeth-1-1.png","contentUrl":"https:\/\/gfmparts.com\/wp-content\/uploads\/2024\/12\/Bucket-Teeth-1-1.png","width":1306,"height":1307,"caption":"Bucket Teeth"},{"@type":"BreadcrumbList","@id":"https:\/\/gfmparts.com\/product\/excellent-excavator-bucket-teeth-supplier\/#breadcrumb","itemListElement":[{"@type":"ListItem","position":1,"name":"\u9996\u9875","item":"https:\/\/gfmparts.com\/"},{"@type":"ListItem","position":2,"name":"All Product","item":"https:\/\/gfmparts.com\/all-product\/"},{"@type":"ListItem","position":3,"name":"Excellent Excavator Bucket Teeth Supplier"}]},{"@type":"WebSite","@id":"https:\/\/gfmparts.com\/#website","url":"https:\/\/gfmparts.com\/","name":"GFM PARTS","description":"GFM since 2011 focused on excavator and bulldozer undercarriage parts manufacturing :Track rollers,carrier roller,idler,sprocket,track group,bucket tooth pin.","publisher":{"@id":"https:\/\/gfmparts.com\/#organization"},"alternateName":"gfmparts.com","potentialAction":[{"@type":"SearchAction","target":{"@type":"EntryPoint","urlTemplate":"https:\/\/gfmparts.com\/?s={search_term_string}"},"query-input":{"@type":"PropertyValueSpecification","valueRequired":true,"valueName":"search_term_string"}}],"inLanguage":"tr"},{"@type":"Organization","@id":"https:\/\/gfmparts.com\/#organization","name":"GFM PARTS","url":"https:\/\/gfmparts.com\/","logo":{"@type":"ImageObject","inLanguage":"tr","@id":"https:\/\/gfmparts.com\/#\/schema\/logo\/image\/","url":"https:\/\/gfmparts.com\/wp-content\/uploads\/2024\/11\/cropped-GFMparts.com_-2.png","contentUrl":"https:\/\/gfmparts.com\/wp-content\/uploads\/2024\/11\/cropped-GFMparts.com_-2.png","width":5987,"height":2564,"caption":"GFM PARTS"},"image":{"@id":"https:\/\/gfmparts.com\/#\/schema\/logo\/image\/"},"sameAs":["https:\/\/www.facebook.com\/gfmparts","https:\/\/www.linkedin.com\/company\/gfmparts\/","https:\/\/www.tiktok.com\/@gfmparts","https:\/\/www.youtube.com\/@GFMparts\/featured"]}]}},"_links":{"self":[{"href":"https:\/\/gfmparts.com\/tr\/wp-json\/wp\/v2\/product\/3046"}],"collection":[{"href":"https:\/\/gfmparts.com\/tr\/wp-json\/wp\/v2\/product"}],"about":[{"href":"https:\/\/gfmparts.com\/tr\/wp-json\/wp\/v2\/types\/product"}],"wp:featuredmedia":[{"embeddable":true,"href":"https:\/\/gfmparts.com\/tr\/wp-json\/wp\/v2\/media\/3606"}],"wp:attachment":[{"href":"https:\/\/gfmparts.com\/tr\/wp-json\/wp\/v2\/media?parent=3046"}],"wp:term":[{"taxonomy":"product_cat","embeddable":true,"href":"https:\/\/gfmparts.com\/tr\/wp-json\/wp\/v2\/product_cat?post=3046"},{"taxonomy":"product_tag","embeddable":true,"href":"https:\/\/gfmparts.com\/tr\/wp-json\/wp\/v2\/product_tag?post=3046"}],"curies":[{"name":"wp","href":"https:\/\/api.w.org\/{rel}","templated":true}]}}