{"id":3064,"date":"2024-12-20T02:59:17","date_gmt":"2024-12-20T02:59:17","guid":{"rendered":"https:\/\/gfmparts.com\/?post_type=product&#038;p=3064"},"modified":"2025-07-16T03:35:00","modified_gmt":"2025-07-16T03:35:00","slug":"excavator-grouser-track-shoe-manufacturer","status":"publish","type":"product","link":"https:\/\/gfmparts.com\/tr\/product\/ekskavator-palet-pabucu-ureticisi\/","title":{"rendered":"Y\u00fcksek Kaliteli Ekskavat\u00f6r Palet Pabucu \u00dcreticisi"},"content":{"rendered":"<p><span style=\"color: #000000;\">GFM, y\u00fcksek kaliteli \u00fcr\u00fcnlerin Ar-Ge ve \u00fcretimine odaklanm\u0131\u015ft\u0131r. <a style=\"color: #000000;\" href=\"https:\/\/gfmparts.com\/tr\/product\/toptan-pist-grubu-pist-ayakkabisi-fabrikasi\/\">ekskavat\u00f6r palet pabucu<\/a> 2011&#039;den beri. \u00dcr\u00fcnlerimiz y\u00fcksek kaliteli ala\u015f\u0131ml\u0131 \u00e7elikten \u00fcretilmi\u015f olup, hassas \u0131s\u0131l i\u015flem s\u00fcre\u00e7leri sayesinde m\u00fckemmel a\u015f\u0131nma ve darbe direncine sahiptir. Hizmet \u00f6mr\u00fcn\u00fc etkili bir \u015fekilde uzatman\u0131n yan\u0131 s\u0131ra, ola\u011fan\u00fcst\u00fc performans da sunarlar. Kaz\u0131 ekipmanlar\u0131n\u0131n \u00e7al\u0131\u015fma verimlili\u011fini art\u0131rmak i\u00e7in. \u0130ster madencilik ister karma\u015f\u0131k arazilerde in\u015faat olsun, GFM palet pabu\u00e7lar\u0131 proje ihtiya\u00e7lar\u0131n\u0131z\u0131 istikrarl\u0131 bir \u015fekilde kar\u015f\u0131layabilir.<\/span><\/p>\n<h3><span style=\"color: #ff6600;\">\u00dcr\u00fcn A\u00e7\u0131klamas\u0131<\/span><\/h3>\n<ul>\n<li><span style=\"color: #000000;\"><strong>Minimum Sipari\u015f Adedi:<\/strong>\u00a01 Bilgisayar<\/span><\/li>\n<li><span style=\"color: #000000;\"><strong>\u00d6deme y\u00f6ntemi:<\/strong>\u00a0T\/T<\/span><\/li>\n<li><span style=\"color: #000000;\"><strong>Marka:<\/strong>\u00a0GFM<\/span><\/li>\n<li><span style=\"color: #000000;\"><strong>Durum:<\/strong>\u00a0Yeni<\/span><\/li>\n<li><span style=\"color: #000000;\"><strong>Renk:<\/strong>\u00a0Sar\u0131, Siyah veya \u00d6zelle\u015ftirilmi\u015f<\/span><\/li>\n<li><span style=\"color: #000000;\"><strong>Kur\u015fun zaman\u0131:<\/strong>\u00a030 g\u00fcn<\/span><\/li>\n<li><span style=\"color: #000000;\"><strong>Garanti:<\/strong>\u00a01 Y\u0131l<\/span><\/li>\n<li><span style=\"color: #000000;\"><strong>Hizmet:<\/strong>\u00a0OEM veya ODM<\/span><\/li>\n<li><span style=\"color: #000000;\"><strong>Men\u015fei Yeri:<\/strong>\u00a0Fujian, \u00c7in<\/span><\/li>\n<li><span style=\"color: #000000;\"><strong>Ba\u015fvuru:<\/strong> Ekskavat\u00f6r<\/span><\/li>\n<li><span style=\"color: #000000;\"><strong>Paketleme:<\/strong>\u00a0Standart \u0130hracat Ah\u015fap Palet<\/span><\/li>\n<\/ul>\n<p style=\"text-align: center;\"><img fetchpriority=\"high\" decoding=\"async\" class=\"alignnone wp-image-3209\" src=\"https:\/\/gfmparts.com\/wp-content\/uploads\/2024\/12\/excavator-track-shoe-1024x768.jpg\" alt=\"ekskavat\u00f6r palet pabucu\" width=\"546\" height=\"410\" srcset=\"https:\/\/gfmparts.com\/wp-content\/uploads\/2024\/12\/excavator-track-shoe-1024x768.jpg 1024w, https:\/\/gfmparts.com\/wp-content\/uploads\/2024\/12\/excavator-track-shoe-300x225.jpg 300w, https:\/\/gfmparts.com\/wp-content\/uploads\/2024\/12\/excavator-track-shoe-768x576.jpg 768w, https:\/\/gfmparts.com\/wp-content\/uploads\/2024\/12\/excavator-track-shoe-1536x1152.jpg 1536w, https:\/\/gfmparts.com\/wp-content\/uploads\/2024\/12\/excavator-track-shoe-2048x1536.jpg 2048w, https:\/\/gfmparts.com\/wp-content\/uploads\/2024\/12\/excavator-track-shoe-600x450.jpg 600w\" sizes=\"(max-width: 546px) 100vw, 546px\" \/><\/p>\n<h3><span style=\"color: #ff6600;\">\u00d6zellikler<\/span><\/h3>\n<ul>\n<li><b><\/b><strong><b>Dayan\u0131kl\u0131 ve Uzun \u00d6m\u00fcrl\u00fc: <\/b><\/strong>Zorlu i\u015flere dayan\u0131kl\u0131, y\u00fcksek kaliteli \u00e7elikten \u00fcretilmi\u015ftir.<\/li>\n<li><b><\/b><strong><b>Geli\u015fmi\u015f Stabilite: <\/b><\/strong>Her t\u00fcrl\u00fc arazide g\u00fcvenli kullan\u0131m i\u00e7in m\u00fckemmel \u00e7eki\u015f g\u00fcc\u00fc.<\/li>\n<li><b><\/b><strong><b>Uzun \u00d6m\u00fcr: <\/b><\/strong>A\u015f\u0131nmay\u0131 azalt\u0131r ve alt tak\u0131m\u0131n\u0131z\u0131 korur.<\/li>\n<li><b><\/b><strong><b>Paslanmaya Dayan\u0131kl\u0131: <\/b><\/strong>Zorlu ko\u015fullarda g\u00fcvenilir performans i\u00e7in kaplanm\u0131\u015ft\u0131r.<\/li>\n<li><b><\/b><strong><b>Maliyet Etkin: <\/b><\/strong>\u00dcst\u00fcn dayan\u0131kl\u0131l\u0131\u011f\u0131 ile bak\u0131m maliyetlerini d\u00fc\u015f\u00fcr\u00fcr.<\/li>\n<li><b><\/b><strong><b>\u00c7ok y\u00f6nl\u00fc: <\/b><\/strong>Kaya, \u00e7amur, kum veya yumu\u015fak zeminler i\u00e7in m\u00fckemmeldir.<\/li>\n<\/ul>\n<h3><span style=\"color: #ff6600;\">\u00d6zellikler<\/span><\/h3>\n<p style=\"text-align: center;\"><img decoding=\"async\" class=\"alignnone size-large wp-image-6791\" src=\"https:\/\/gfmparts.com\/wp-content\/uploads\/2025\/03\/Excavator-Track-Shoe-Specifications-1024x826.png\" alt=\"Ekskavat\u00f6r Palet Pabucu \u00d6zellikleri\" width=\"1024\" height=\"826\" srcset=\"https:\/\/gfmparts.com\/wp-content\/uploads\/2025\/03\/Excavator-Track-Shoe-Specifications-1024x826.png 1024w, https:\/\/gfmparts.com\/wp-content\/uploads\/2025\/03\/Excavator-Track-Shoe-Specifications-300x242.png 300w, https:\/\/gfmparts.com\/wp-content\/uploads\/2025\/03\/Excavator-Track-Shoe-Specifications-768x620.png 768w, https:\/\/gfmparts.com\/wp-content\/uploads\/2025\/03\/Excavator-Track-Shoe-Specifications-1536x1239.png 1536w, https:\/\/gfmparts.com\/wp-content\/uploads\/2025\/03\/Excavator-Track-Shoe-Specifications-600x484.png 600w, https:\/\/gfmparts.com\/wp-content\/uploads\/2025\/03\/Excavator-Track-Shoe-Specifications.png 1543w\" sizes=\"(max-width: 1024px) 100vw, 1024px\" \/><\/p>\n<h3><span style=\"color: #ff6600;\">\u00dcr\u00fcn Modelleri<\/span><\/h3>\n<p style=\"text-align: center;\"><img decoding=\"async\" class=\"alignnone size-full wp-image-3147\" src=\"https:\/\/gfmparts.com\/wp-content\/uploads\/2024\/11\/excavator-part-description-e1735350735761.png\" alt=\"ekskavat\u00f6r par\u00e7a a\u00e7\u0131klamas\u0131\" width=\"856\" height=\"694\" srcset=\"https:\/\/gfmparts.com\/wp-content\/uploads\/2024\/11\/excavator-part-description-e1735350735761.png 856w, https:\/\/gfmparts.com\/wp-content\/uploads\/2024\/11\/excavator-part-description-e1735350735761-300x243.png 300w, https:\/\/gfmparts.com\/wp-content\/uploads\/2024\/11\/excavator-part-description-e1735350735761-768x623.png 768w, https:\/\/gfmparts.com\/wp-content\/uploads\/2024\/11\/excavator-part-description-e1735350735761-600x486.png 600w\" sizes=\"(max-width: 856px) 100vw, 856px\" \/><\/p>\n<h3><span style=\"color: #ff6600;\">\u00dcretim S\u00fcreci<\/span><\/h3>\n<p style=\"text-align: center;\"><iframe title=\"YouTube video oynat\u0131c\u0131s\u0131\" src=\"https:\/\/www.youtube.com\/embed\/Nj9u7bBv59w?si=nEYwUUSoPTBFYng3\" width=\"1000\" height=\"563\" frameborder=\"0\" allowfullscreen=\"allowfullscreen\"><\/iframe><\/p>\n<p><img loading=\"lazy\" decoding=\"async\" class=\"size-large wp-image-3043 aligncenter\" src=\"https:\/\/gfmparts.com\/wp-content\/uploads\/2024\/12\/\u901a\u7528\u751f\u4ea7\u6d41\u7a0b-1-1024x648.jpg\" alt=\"ekskavat\u00f6r par\u00e7a \u00fcretim s\u00fcreci\" width=\"1024\" height=\"648\" srcset=\"\" sizes=\"(max-width: 1024px) 100vw, 1024px\" data-srcset=\"\" \/><\/p>\n<h3><span style=\"color: #ff6600;\">Paketleme ve Nakliye<\/span><\/h3>\n<p style=\"text-align: center;\"><img loading=\"lazy\" decoding=\"async\" class=\"alignnone size-large wp-image-6521\" src=\"https:\/\/gfmparts.com\/wp-content\/uploads\/2025\/05\/Packaging-and-Shipping-1-1-1024x648.jpg\" alt=\"Paketleme ve Nakliye\" width=\"1024\" height=\"648\" srcset=\"https:\/\/gfmparts.com\/wp-content\/uploads\/2025\/05\/Packaging-and-Shipping-1-1-1024x648.jpg 1024w, https:\/\/gfmparts.com\/wp-content\/uploads\/2025\/05\/Packaging-and-Shipping-1-1-300x190.jpg 300w, https:\/\/gfmparts.com\/wp-content\/uploads\/2025\/05\/Packaging-and-Shipping-1-1-768x486.jpg 768w, https:\/\/gfmparts.com\/wp-content\/uploads\/2025\/05\/Packaging-and-Shipping-1-1-1536x973.jpg 1536w, https:\/\/gfmparts.com\/wp-content\/uploads\/2025\/05\/Packaging-and-Shipping-1-1-2048x1297.jpg 2048w, https:\/\/gfmparts.com\/wp-content\/uploads\/2025\/05\/Packaging-and-Shipping-1-1-600x380.jpg 600w\" sizes=\"(max-width: 1024px) 100vw, 1024px\" \/><\/p>\n<h3><span style=\"color: #ff6600;\">Fabrika Avantajlar\u0131<\/span><\/h3>\n<p><span style=\"color: #000000;\">Sekt\u00f6r\u00fcn lider ekskavat\u00f6r\u00fc olarak <a style=\"color: #000000;\" href=\"https:\/\/gfmparts.com\/tr\/product\/ekskavator-palet-zinciri-ureticileri-tedarik-ediyor\/\">paletli ayakkab\u0131 \u00fcreticisi<\/a>GFM, geli\u015fmi\u015f \u00fcretim s\u00fcre\u00e7leri ve s\u0131k\u0131 kalite kontrol\u00fcyle tan\u0131n\u0131r. Pist ayakkab\u0131lar\u0131m\u0131z, \u00fcr\u00fcn performans\u0131n\u0131n sekt\u00f6r standartlar\u0131n\u0131 kar\u015f\u0131lad\u0131\u011f\u0131n\u0131 veya a\u015ft\u0131\u011f\u0131n\u0131 garanti alt\u0131na almak i\u00e7in bir\u00e7ok uluslararas\u0131 sertifikaya sahiptir. Ayn\u0131 zamanda esnek \u00f6zelle\u015ftirme hizmetleri de sunuyoruz. Malzeme se\u00e7iminden beden \u00f6zelliklerine kadar her \u015fey, farkl\u0131 m\u00fc\u015fteri ve ekipmanlar\u0131n \u00f6zel gereksinimlerini kar\u015f\u0131lamak \u00fczere gerekti\u011fi gibi ayarlanabilir. Verimli \u00fcretim s\u00fcre\u00e7leri ve profesyonel ekiplerimiz, pazar ihtiya\u00e7lar\u0131na h\u0131zl\u0131 bir \u015fekilde yan\u0131t vermemizi ve d\u00fcnya \u00e7ap\u0131ndaki m\u00fc\u015fterilerimize y\u00fcksek kaliteli pist ayakkab\u0131s\u0131 \u00e7\u00f6z\u00fcmleri sunmam\u0131z\u0131 sa\u011flar.<\/span><\/p>\n<p><span style=\"color: #000000;\">GFM sadece g\u00fcvenilir bir ekskavat\u00f6r de\u011fil <a style=\"color: #000000;\" href=\"https:\/\/gfmparts.com\/tr\/product\/ust-silindir-ekskavator-tasiyici-silindir-fabrikasi\/\">paletli ayakkab\u0131 tedarik\u00e7isi<\/a>, ayn\u0131 zamanda uzun vadeli orta\u011f\u0131n\u0131zd\u0131r. Fabrikam\u0131z en geli\u015fmi\u015f \u00fcretim ekipmanlar\u0131yla donat\u0131lm\u0131\u015f olup, y\u0131ll\u0131k \u00fcretim kapasitesini istikrarl\u0131 bir \u015fekilde art\u0131rarak b\u00fcy\u00fck \u00f6l\u00e7ekli sipari\u015flerin sorunsuz bir \u015fekilde teslim edilmesini sa\u011flamaktad\u0131r. Ayr\u0131ca, ara ba\u011flant\u0131lar\u0131 azaltmak ve m\u00fc\u015fterilerimize son derece rekabet\u00e7i fiyatlar sunmak i\u00e7in fabrikadan do\u011frudan tedarik modelini uyguluyoruz. Y\u00fcksek kaliteli \u00fcr\u00fcnler, h\u0131zl\u0131 lojistik hizmetleri ve kapsaml\u0131 sat\u0131\u015f sonras\u0131 destek ile GFM, m\u00fc\u015fterilerinin zorlu pazar rekabetinde \u00f6ne \u00e7\u0131kmalar\u0131na yard\u0131mc\u0131 olmaya kendini adam\u0131\u015ft\u0131r.<\/span><\/p>\n<p style=\"text-align: center;\"><span style=\"color: #000000;\"><img loading=\"lazy\" decoding=\"async\" class=\"alignnone wp-image-2159\" src=\"https:\/\/gfmparts.com\/wp-content\/uploads\/2024\/12\/\u5fae\u4fe1\u56fe\u7247_20241202160325-1024x576.jpg\" alt=\"ta\u015f\u0131y\u0131c\u0131 silindir \u00fcreticisi\" width=\"767\" height=\"431\" srcset=\"\" sizes=\"(max-width: 767px) 100vw, 767px\" data-srcset=\"\" \/><\/span><\/p>","protected":false},"excerpt":{"rendered":"<ul>\n<li><span style=\"color: #000000;\">\u00dcr\u00fcn Kalitesi Garantili<\/span><\/li>\n<li><span style=\"color: #000000;\">B\u00fcy\u00fck Tedarik<\/span><\/li>\n<li><span style=\"color: #000000;\">Rekabet\u00e7i Fiyatland\u0131rma<\/span><\/li>\n<li><span style=\"color: #000000;\">\u00c7o\u011fu Marka ve Model<\/span><\/li>\n<li><span style=\"color: #000000;\">Yard\u0131msever M\u00fc\u015fteri Hizmetleri Ekibi<\/span><\/li>\n<li><span style=\"color: #000000;\">Profesyonel Teknik Destek<\/span><\/li>\n<\/ul>","protected":false},"featured_media":3605,"template":"","meta":{"site-sidebar-layout":"default","site-content-layout":"","ast-site-content-layout":"default","site-content-style":"default","site-sidebar-style":"default","ast-global-header-display":"","ast-banner-title-visibility":"","ast-main-header-display":"","ast-hfb-above-header-display":"","ast-hfb-below-header-display":"","ast-hfb-mobile-header-display":"","site-post-title":"","ast-breadcrumbs-content":"","ast-featured-img":"","footer-sml-layout":"","theme-transparent-header-meta":"default","adv-header-id-meta":"","stick-header-meta":"default","header-above-stick-meta":"","header-main-stick-meta":"","header-below-stick-meta":"","astra-migrate-meta-layouts":"set","ast-page-background-enabled":"default","ast-page-background-meta":{"desktop":{"background-color":"","background-image":"","background-repeat":"repeat","background-position":"center center","background-size":"auto","background-attachment":"scroll","background-type":"","background-media":"","overlay-type":"","overlay-color":"","overlay-opacity":"","overlay-gradient":""},"tablet":{"background-color":"","background-image":"","background-repeat":"repeat","background-position":"center center","background-size":"auto","background-attachment":"scroll","background-type":"","background-media":"","overlay-type":"","overlay-color":"","overlay-opacity":"","overlay-gradient":""},"mobile":{"background-color":"","background-image":"","background-repeat":"repeat","background-position":"center center","background-size":"auto","background-attachment":"scroll","background-type":"","background-media":"","overlay-type":"","overlay-color":"","overlay-opacity":"","overlay-gradient":""}},"ast-content-background-meta":{"desktop":{"background-color":"var(--ast-global-color-5)","background-image":"","background-repeat":"repeat","background-position":"center center","background-size":"auto","background-attachment":"scroll","background-type":"","background-media":"","overlay-type":"","overlay-color":"","overlay-opacity":"","overlay-gradient":""},"tablet":{"background-color":"var(--ast-global-color-5)","background-image":"","background-repeat":"repeat","background-position":"center center","background-size":"auto","background-attachment":"scroll","background-type":"","background-media":"","overlay-type":"","overlay-color":"","overlay-opacity":"","overlay-gradient":""},"mobile":{"background-color":"var(--ast-global-color-5)","background-image":"","background-repeat":"repeat","background-position":"center center","background-size":"auto","background-attachment":"scroll","background-type":"","background-media":"","overlay-type":"","overlay-color":"","overlay-opacity":"","overlay-gradient":""}}},"product_cat":[38,33],"product_tag":[],"class_list":{"0":"post-3064","1":"product","2":"type-product","3":"status-publish","4":"has-post-thumbnail","6":"product_cat-undercarriage","7":"product_cat-track-shoe","8":"desktop-align-left","9":"tablet-align-left","10":"mobile-align-left","11":"ast-product-gallery-layout-horizontal-slider","12":"ast-product-gallery-with-no-image","13":"ast-product-tabs-layout-horizontal","15":"first","16":"instock","17":"shipping-taxable","18":"product-type-simple"},"yoast_head":"<!-- This site is optimized with the Yoast SEO Premium plugin v22.8 (Yoast SEO v23.9) - https:\/\/yoast.com\/wordpress\/plugins\/seo\/ -->\n<title>Excavator Grouser Plate - Excavator Track Shoe Manufacturer<\/title>\n<meta name=\"description\" content=\"As a leading excavator track shoe manufacturer, GFM provides customized services, ranging from material and size specifications to meet the specific requirements of different customers and equipment.\" \/>\n<meta name=\"robots\" content=\"index, follow, max-snippet:-1, max-image-preview:large, max-video-preview:-1\" \/>\n<link rel=\"canonical\" href=\"https:\/\/gfmparts.com\/tr\/product\/ekskavator-palet-pabucu-ureticisi\/\" \/>\n<meta property=\"og:locale\" content=\"tr_TR\" \/>\n<meta property=\"og:type\" content=\"article\" \/>\n<meta property=\"og:title\" content=\"High Quality Excavator Track Shoe Manufacturer\" \/>\n<meta property=\"og:description\" content=\"As a leading excavator track shoe manufacturer, GFM provides customized services, ranging from material and size specifications to meet the specific requirements of different customers and equipment.\" \/>\n<meta property=\"og:url\" content=\"https:\/\/gfmparts.com\/tr\/product\/ekskavator-palet-pabucu-ureticisi\/\" \/>\n<meta property=\"article:publisher\" content=\"https:\/\/www.facebook.com\/gfmparts\" \/>\n<meta property=\"article:modified_time\" content=\"2025-07-16T03:35:00+00:00\" \/>\n<meta property=\"og:image\" content=\"https:\/\/gfmparts.com\/wp-content\/uploads\/2024\/12\/Excavator-Track-Shoe.png\" \/>\n\t<meta property=\"og:image:width\" content=\"765\" \/>\n\t<meta property=\"og:image:height\" content=\"765\" \/>\n\t<meta property=\"og:image:type\" content=\"image\/png\" \/>\n<meta name=\"twitter:card\" content=\"summary_large_image\" \/>\n<meta name=\"twitter:label1\" content=\"Tahmini okuma s\u00fcresi\" \/>\n\t<meta name=\"twitter:data1\" content=\"3 dakika\" \/>\n<script type=\"application\/ld+json\" class=\"yoast-schema-graph\">{\"@context\":\"https:\/\/schema.org\",\"@graph\":[{\"@type\":\"WebPage\",\"@id\":\"https:\/\/gfmparts.com\/product\/excavator-grouser-track-shoe-manufacturer\/\",\"url\":\"https:\/\/gfmparts.com\/product\/excavator-grouser-track-shoe-manufacturer\/\",\"name\":\"Excavator Grouser Plate - Excavator Track Shoe Manufacturer\",\"isPartOf\":{\"@id\":\"https:\/\/gfmparts.com\/#website\"},\"primaryImageOfPage\":{\"@id\":\"https:\/\/gfmparts.com\/product\/excavator-grouser-track-shoe-manufacturer\/#primaryimage\"},\"image\":{\"@id\":\"https:\/\/gfmparts.com\/product\/excavator-grouser-track-shoe-manufacturer\/#primaryimage\"},\"thumbnailUrl\":\"https:\/\/gfmparts.com\/wp-content\/uploads\/2024\/12\/Excavator-Track-Shoe.png\",\"datePublished\":\"2024-12-20T02:59:17+00:00\",\"dateModified\":\"2025-07-16T03:35:00+00:00\",\"description\":\"As a leading excavator track shoe manufacturer, GFM provides customized services, ranging from material and size specifications to meet the specific requirements of different customers and equipment.\",\"breadcrumb\":{\"@id\":\"https:\/\/gfmparts.com\/product\/excavator-grouser-track-shoe-manufacturer\/#breadcrumb\"},\"inLanguage\":\"tr\",\"potentialAction\":[{\"@type\":\"ReadAction\",\"target\":[\"https:\/\/gfmparts.com\/product\/excavator-grouser-track-shoe-manufacturer\/\"]}]},{\"@type\":\"ImageObject\",\"inLanguage\":\"tr\",\"@id\":\"https:\/\/gfmparts.com\/product\/excavator-grouser-track-shoe-manufacturer\/#primaryimage\",\"url\":\"https:\/\/gfmparts.com\/wp-content\/uploads\/2024\/12\/Excavator-Track-Shoe.png\",\"contentUrl\":\"https:\/\/gfmparts.com\/wp-content\/uploads\/2024\/12\/Excavator-Track-Shoe.png\",\"width\":765,\"height\":765,\"caption\":\"Excavator Track Shoe\"},{\"@type\":\"BreadcrumbList\",\"@id\":\"https:\/\/gfmparts.com\/product\/excavator-grouser-track-shoe-manufacturer\/#breadcrumb\",\"itemListElement\":[{\"@type\":\"ListItem\",\"position\":1,\"name\":\"\u9996\u9875\",\"item\":\"https:\/\/gfmparts.com\/\"},{\"@type\":\"ListItem\",\"position\":2,\"name\":\"All Product\",\"item\":\"https:\/\/gfmparts.com\/all-product\/\"},{\"@type\":\"ListItem\",\"position\":3,\"name\":\"High Quality Excavator Track Shoe Manufacturer\"}]},{\"@type\":\"WebSite\",\"@id\":\"https:\/\/gfmparts.com\/#website\",\"url\":\"https:\/\/gfmparts.com\/\",\"name\":\"GFM PARTS\",\"description\":\"GFM since 2011 focused on excavator and bulldozer undercarriage parts manufacturing :Track rollers,carrier roller,idler,sprocket,track group,bucket tooth pin.\",\"publisher\":{\"@id\":\"https:\/\/gfmparts.com\/#organization\"},\"alternateName\":\"gfmparts.com\",\"potentialAction\":[{\"@type\":\"SearchAction\",\"target\":{\"@type\":\"EntryPoint\",\"urlTemplate\":\"https:\/\/gfmparts.com\/?s={search_term_string}\"},\"query-input\":{\"@type\":\"PropertyValueSpecification\",\"valueRequired\":true,\"valueName\":\"search_term_string\"}}],\"inLanguage\":\"tr\"},{\"@type\":\"Organization\",\"@id\":\"https:\/\/gfmparts.com\/#organization\",\"name\":\"GFM PARTS\",\"url\":\"https:\/\/gfmparts.com\/\",\"logo\":{\"@type\":\"ImageObject\",\"inLanguage\":\"tr\",\"@id\":\"https:\/\/gfmparts.com\/#\/schema\/logo\/image\/\",\"url\":\"https:\/\/gfmparts.com\/wp-content\/uploads\/2024\/11\/cropped-GFMparts.com_-2.png\",\"contentUrl\":\"https:\/\/gfmparts.com\/wp-content\/uploads\/2024\/11\/cropped-GFMparts.com_-2.png\",\"width\":5987,\"height\":2564,\"caption\":\"GFM PARTS\"},\"image\":{\"@id\":\"https:\/\/gfmparts.com\/#\/schema\/logo\/image\/\"},\"sameAs\":[\"https:\/\/www.facebook.com\/gfmparts\",\"https:\/\/www.linkedin.com\/company\/gfmparts\/\",\"https:\/\/www.tiktok.com\/@gfmparts\",\"https:\/\/www.youtube.com\/@GFMparts\/featured\"]}]}<\/script>\n<!-- \/ Yoast SEO Premium plugin. -->","yoast_head_json":{"title":"Excavator Grouser Plate - Excavator Track Shoe Manufacturer","description":"As a leading excavator track shoe manufacturer, GFM provides customized services, ranging from material and size specifications to meet the specific requirements of different customers and equipment.","robots":{"index":"index","follow":"follow","max-snippet":"max-snippet:-1","max-image-preview":"max-image-preview:large","max-video-preview":"max-video-preview:-1"},"canonical":"https:\/\/gfmparts.com\/tr\/product\/ekskavator-palet-pabucu-ureticisi\/","og_locale":"tr_TR","og_type":"article","og_title":"High Quality Excavator Track Shoe Manufacturer","og_description":"As a leading excavator track shoe manufacturer, GFM provides customized services, ranging from material and size specifications to meet the specific requirements of different customers and equipment.","og_url":"https:\/\/gfmparts.com\/tr\/product\/ekskavator-palet-pabucu-ureticisi\/","article_publisher":"https:\/\/www.facebook.com\/gfmparts","article_modified_time":"2025-07-16T03:35:00+00:00","og_image":[{"width":765,"height":765,"url":"https:\/\/gfmparts.com\/wp-content\/uploads\/2024\/12\/Excavator-Track-Shoe.png","type":"image\/png"}],"twitter_card":"summary_large_image","twitter_misc":{"Tahmini okuma s\u00fcresi":"3 dakika"},"schema":{"@context":"https:\/\/schema.org","@graph":[{"@type":"WebPage","@id":"https:\/\/gfmparts.com\/product\/excavator-grouser-track-shoe-manufacturer\/","url":"https:\/\/gfmparts.com\/product\/excavator-grouser-track-shoe-manufacturer\/","name":"Excavator Grouser Plate - Excavator Track Shoe Manufacturer","isPartOf":{"@id":"https:\/\/gfmparts.com\/#website"},"primaryImageOfPage":{"@id":"https:\/\/gfmparts.com\/product\/excavator-grouser-track-shoe-manufacturer\/#primaryimage"},"image":{"@id":"https:\/\/gfmparts.com\/product\/excavator-grouser-track-shoe-manufacturer\/#primaryimage"},"thumbnailUrl":"https:\/\/gfmparts.com\/wp-content\/uploads\/2024\/12\/Excavator-Track-Shoe.png","datePublished":"2024-12-20T02:59:17+00:00","dateModified":"2025-07-16T03:35:00+00:00","description":"As a leading excavator track shoe manufacturer, GFM provides customized services, ranging from material and size specifications to meet the specific requirements of different customers and equipment.","breadcrumb":{"@id":"https:\/\/gfmparts.com\/product\/excavator-grouser-track-shoe-manufacturer\/#breadcrumb"},"inLanguage":"tr","potentialAction":[{"@type":"ReadAction","target":["https:\/\/gfmparts.com\/product\/excavator-grouser-track-shoe-manufacturer\/"]}]},{"@type":"ImageObject","inLanguage":"tr","@id":"https:\/\/gfmparts.com\/product\/excavator-grouser-track-shoe-manufacturer\/#primaryimage","url":"https:\/\/gfmparts.com\/wp-content\/uploads\/2024\/12\/Excavator-Track-Shoe.png","contentUrl":"https:\/\/gfmparts.com\/wp-content\/uploads\/2024\/12\/Excavator-Track-Shoe.png","width":765,"height":765,"caption":"Excavator Track Shoe"},{"@type":"BreadcrumbList","@id":"https:\/\/gfmparts.com\/product\/excavator-grouser-track-shoe-manufacturer\/#breadcrumb","itemListElement":[{"@type":"ListItem","position":1,"name":"\u9996\u9875","item":"https:\/\/gfmparts.com\/"},{"@type":"ListItem","position":2,"name":"All Product","item":"https:\/\/gfmparts.com\/all-product\/"},{"@type":"ListItem","position":3,"name":"High Quality Excavator Track Shoe Manufacturer"}]},{"@type":"WebSite","@id":"https:\/\/gfmparts.com\/#website","url":"https:\/\/gfmparts.com\/","name":"GFM PARTS","description":"GFM since 2011 focused on excavator and bulldozer undercarriage parts manufacturing :Track rollers,carrier roller,idler,sprocket,track group,bucket tooth pin.","publisher":{"@id":"https:\/\/gfmparts.com\/#organization"},"alternateName":"gfmparts.com","potentialAction":[{"@type":"SearchAction","target":{"@type":"EntryPoint","urlTemplate":"https:\/\/gfmparts.com\/?s={search_term_string}"},"query-input":{"@type":"PropertyValueSpecification","valueRequired":true,"valueName":"search_term_string"}}],"inLanguage":"tr"},{"@type":"Organization","@id":"https:\/\/gfmparts.com\/#organization","name":"GFM PARTS","url":"https:\/\/gfmparts.com\/","logo":{"@type":"ImageObject","inLanguage":"tr","@id":"https:\/\/gfmparts.com\/#\/schema\/logo\/image\/","url":"https:\/\/gfmparts.com\/wp-content\/uploads\/2024\/11\/cropped-GFMparts.com_-2.png","contentUrl":"https:\/\/gfmparts.com\/wp-content\/uploads\/2024\/11\/cropped-GFMparts.com_-2.png","width":5987,"height":2564,"caption":"GFM PARTS"},"image":{"@id":"https:\/\/gfmparts.com\/#\/schema\/logo\/image\/"},"sameAs":["https:\/\/www.facebook.com\/gfmparts","https:\/\/www.linkedin.com\/company\/gfmparts\/","https:\/\/www.tiktok.com\/@gfmparts","https:\/\/www.youtube.com\/@GFMparts\/featured"]}]}},"_links":{"self":[{"href":"https:\/\/gfmparts.com\/tr\/wp-json\/wp\/v2\/product\/3064"}],"collection":[{"href":"https:\/\/gfmparts.com\/tr\/wp-json\/wp\/v2\/product"}],"about":[{"href":"https:\/\/gfmparts.com\/tr\/wp-json\/wp\/v2\/types\/product"}],"wp:featuredmedia":[{"embeddable":true,"href":"https:\/\/gfmparts.com\/tr\/wp-json\/wp\/v2\/media\/3605"}],"wp:attachment":[{"href":"https:\/\/gfmparts.com\/tr\/wp-json\/wp\/v2\/media?parent=3064"}],"wp:term":[{"taxonomy":"product_cat","embeddable":true,"href":"https:\/\/gfmparts.com\/tr\/wp-json\/wp\/v2\/product_cat?post=3064"},{"taxonomy":"product_tag","embeddable":true,"href":"https:\/\/gfmparts.com\/tr\/wp-json\/wp\/v2\/product_tag?post=3064"}],"curies":[{"name":"wp","href":"https:\/\/api.w.org\/{rel}","templated":true}]}}