{"id":3082,"date":"2024-12-23T01:45:45","date_gmt":"2024-12-23T01:45:45","guid":{"rendered":"https:\/\/gfmparts.com\/?post_type=product&#038;p=3082"},"modified":"2025-05-14T07:53:36","modified_gmt":"2025-05-14T07:53:36","slug":"digger-bucket-excavator-bucket-manufacturer","status":"publish","type":"product","link":"https:\/\/gfmparts.com\/tr\/product\/kazici-kova-ekskavator-kova-ureticisi\/","title":{"rendered":"Kaz\u0131c\u0131 Kova Ekskavat\u00f6r Kova \u00dcreticisi"},"content":{"rendered":"<p><span style=\"color: #000000;\">GFM ekskavat\u00f6r kovalar\u0131, zorlu \u00e7al\u0131\u015fma ko\u015fullar\u0131nda yap\u0131sal olarak sa\u011flam kalmas\u0131n\u0131 ve kolayca deforme olmamas\u0131n\u0131 veya hasar g\u00f6rmemesini sa\u011flamak i\u00e7in hassas lazer kesim ve CNC kaynakl\u0131, y\u00fcksek mukavemetli, a\u015f\u0131nmaya dayan\u0131kl\u0131 ala\u015f\u0131ml\u0131 \u00e7elikten \u00fcretilmi\u015ftir. Ayn\u0131 zamanda, kovan\u0131n sertli\u011fi ve toklu\u011fu aras\u0131nda en iyi dengeyi sa\u011flamak ve hizmet \u00f6mr\u00fcn\u00fc daha da uzatmak i\u00e7in geli\u015fmi\u015f \u0131s\u0131l i\u015flem s\u00fcre\u00e7leri uygulad\u0131k.<\/span><\/p>\n<p><span style=\"color: #000000;\">Kovan\u0131n b\u0131\u00e7ak k\u0131sm\u0131 i\u00e7in, sert malzemeleri kazarken keskinli\u011fini koruyabilmesi ve a\u015f\u0131nmay\u0131 azaltabilmesi i\u00e7in \u00f6zel olarak y\u00fcksek mukavemetli a\u015f\u0131nmaya dayan\u0131kl\u0131 ala\u015f\u0131mlar kullan\u0131yor ve \u00f6zel sertle\u015ftirme i\u015flemleri uyguluyoruz. Ayr\u0131ca, geli\u015fmi\u015f ak\u0131\u015fkanlar dinami\u011fi prensipleriyle birle\u015ftirilmi\u015f, optimize edilmi\u015f aerodinamik bir kova yap\u0131s\u0131 tasarlad\u0131k. B\u00f6ylece, kaz\u0131 ve y\u00fckleme s\u0131ras\u0131nda kova daha p\u00fcr\u00fczs\u00fcz hale gelerek direnci azalt\u0131yor, i\u015f verimlili\u011fini art\u0131r\u0131yor ve enerji t\u00fcketimini d\u00fc\u015f\u00fcr\u00fcyoruz.<\/span><\/p>\n<p><span style=\"color: #000000;\">\u00d6nde gelen bir <a style=\"color: #000000;\" href=\"https:\/\/gfmparts.com\/tr\/product\/ekskavator-palet-pabucu-ureticisi\/\">ekskavat\u00f6r kovas\u0131 \u00fcreticisi<\/a>, sadece standart boyutlarda kovalar sa\u011flamakla kalm\u0131yoruz, ayn\u0131 zamanda m\u00fc\u015fterilerin \u00f6zel ihtiya\u00e7lar\u0131na g\u00f6re bunlar\u0131 \u00f6zelle\u015ftiriyoruz; \u00f6rne\u011fin kovan\u0131n geni\u015fli\u011fini, derinli\u011fini, e\u011frili\u011fini vb. ayarlayarak \u00e7e\u015fitli m\u00fchendislik uygulama ihtiya\u00e7lar\u0131n\u0131 kar\u015f\u0131l\u0131yoruz.<\/span><\/p>\n<h3><span style=\"color: #ff6600;\">\u00dcr\u00fcn A\u00e7\u0131klamas\u0131<\/span><\/h3>\n<ul>\n<li><span style=\"color: #000000;\"><strong>Minimum Sipari\u015f Adedi:<\/strong>\u00a01 Bilgisayar<\/span><\/li>\n<li><span style=\"color: #000000;\"><strong>\u00d6deme y\u00f6ntemi:<\/strong>\u00a0T\/T<\/span><\/li>\n<li><span style=\"color: #000000;\"><strong>Marka:<\/strong>\u00a0GFM<\/span><\/li>\n<li><span style=\"color: #000000;\"><strong>Durum:<\/strong>\u00a0Yeni<\/span><\/li>\n<li><span style=\"color: #000000;\"><strong>Renk:<\/strong>\u00a0Sar\u0131, Siyah veya \u00d6zelle\u015ftirilmi\u015f<\/span><\/li>\n<li><span style=\"color: #000000;\"><strong>Kur\u015fun zaman\u0131:<\/strong>\u00a030 g\u00fcn<\/span><\/li>\n<li><span style=\"color: #000000;\"><strong>Garanti:<\/strong>\u00a01 Y\u0131l<\/span><\/li>\n<li><span style=\"color: #000000;\"><strong>Hizmet:<\/strong>\u00a0OEM veya ODM<\/span><\/li>\n<li><span style=\"color: #000000;\"><strong>Men\u015fei Yeri:<\/strong>\u00a0Fujian, \u00c7in<\/span><\/li>\n<li><span style=\"color: #000000;\"><strong>Ba\u015fvuru:<\/strong> Ekskavat\u00f6r<\/span><\/li>\n<li><span style=\"color: #000000;\"><strong>Paketleme:<\/strong>\u00a0Standart \u0130hracat Ah\u015fap Palet<\/span><\/li>\n<\/ul>\n<p style=\"text-align: center;\"><img fetchpriority=\"high\" decoding=\"async\" class=\"alignnone wp-image-6502\" src=\"https:\/\/gfmparts.com\/wp-content\/uploads\/2025\/04\/Digger-Bucket-Excavator-Bucket.jpg\" alt=\"Kaz\u0131c\u0131 Kova Ekskavat\u00f6r Kovas\u0131\" width=\"658\" height=\"494\" srcset=\"https:\/\/gfmparts.com\/wp-content\/uploads\/2025\/04\/Digger-Bucket-Excavator-Bucket.jpg 1000w, https:\/\/gfmparts.com\/wp-content\/uploads\/2025\/04\/Digger-Bucket-Excavator-Bucket-300x225.jpg 300w, https:\/\/gfmparts.com\/wp-content\/uploads\/2025\/04\/Digger-Bucket-Excavator-Bucket-768x576.jpg 768w, https:\/\/gfmparts.com\/wp-content\/uploads\/2025\/04\/Digger-Bucket-Excavator-Bucket-600x450.jpg 600w\" sizes=\"(max-width: 658px) 100vw, 658px\" \/><\/p>\n<h3><span style=\"color: #ff6600;\">\u00d6zellikler<\/span><\/h3>\n<p><span style=\"color: #000000;\"><strong><b>GFM <\/b><\/strong><strong><b>Sizin Kadar \u00c7ok \u00c7al\u0131\u015fan Ekskavat\u00f6r Kovalar\u0131<\/b><\/strong><\/span><br \/>\n<span style=\"color: #000000;\">Dayan\u0131kl\u0131l\u0131k i\u00e7in tasarland\u0131. Performans i\u00e7in tasarland\u0131.<\/span><\/p>\n<ul>\n<li><span style=\"color: #000000;\"><b><\/b><strong><b>Maksimum G\u00fc\u00e7<\/b><\/strong><strong><b>: <\/b><\/strong>A\u015f\u0131r\u0131 dayan\u0131kl\u0131l\u0131k ve a\u015f\u0131nma direnci i\u00e7in sertle\u015ftirilmi\u015f \u00e7elikten \u00fcretilmi\u015ftir.<\/span><\/li>\n<li><span style=\"color: #000000;\"><b><\/b><strong><b>\u00dcretkenli\u011finizi Art\u0131r\u0131n<\/b><\/strong><strong><b>: <\/b><\/strong>Y\u00fcksek verimli kaz\u0131 ve yak\u0131t tasarrufu i\u00e7in optimize edilmi\u015ftir.<\/span><\/li>\n<li><span style=\"color: #000000;\"><b><\/b><strong><b>Her \u0130\u015fe \u00d6zel Uyum<\/b><\/strong><strong><b>: <\/b><\/strong>\u00d6zel ihtiya\u00e7lar\u0131n\u0131za uygun \u00e7e\u015fitli ebat ve tasar\u0131mlarda mevcuttur.<\/span><\/li>\n<li><span style=\"color: #000000;\"><b><\/b><strong><b>Bak\u0131m Maliyetlerini Azalt\u0131n<\/b><\/strong><strong><b>: <\/b><\/strong>Daha uzun \u00f6m\u00fcrl\u00fc performans i\u00e7in g\u00fc\u00e7lendirilmi\u015f kenarlar ve a\u015f\u0131nmaya dayan\u0131kl\u0131 plakalar.<\/span><\/li>\n<li><span style=\"color: #000000;\"><b><\/b><strong><b>\u00c7ok Y\u00f6nl\u00fcl\u00fc\u011f\u00fcn En \u0130yisi<\/b><\/strong><strong><b>: <\/b><\/strong>Yumu\u015fak, sert ve kayal\u0131k araziler i\u00e7in m\u00fckemmel; her zaman i\u015f i\u00e7in do\u011fru ara\u00e7.<\/span><\/li>\n<\/ul>\n<h3><span style=\"color: #ff6600;\">\u00dcr\u00fcn Modelleri<\/span><\/h3>\n<p style=\"text-align: center;\"><img decoding=\"async\" class=\"alignnone size-full wp-image-3147\" src=\"https:\/\/gfmparts.com\/wp-content\/uploads\/2024\/11\/excavator-part-description-e1735350735761.png\" alt=\"ekskavat\u00f6r par\u00e7a a\u00e7\u0131klamas\u0131\" width=\"856\" height=\"694\" srcset=\"https:\/\/gfmparts.com\/wp-content\/uploads\/2024\/11\/excavator-part-description-e1735350735761.png 856w, https:\/\/gfmparts.com\/wp-content\/uploads\/2024\/11\/excavator-part-description-e1735350735761-300x243.png 300w, https:\/\/gfmparts.com\/wp-content\/uploads\/2024\/11\/excavator-part-description-e1735350735761-768x623.png 768w, https:\/\/gfmparts.com\/wp-content\/uploads\/2024\/11\/excavator-part-description-e1735350735761-600x486.png 600w\" sizes=\"(max-width: 856px) 100vw, 856px\" \/><\/p>\n<h3><span style=\"color: #ff6600;\">\u00dcretim S\u00fcreci<\/span><\/h3>\n<p style=\"text-align: center;\"><iframe title=\"YouTube video oynat\u0131c\u0131s\u0131\" src=\"https:\/\/www.youtube.com\/embed\/qij5NGvY1dg?si=kflkgp313BnFWRa9\" width=\"1000\" height=\"563\" frameborder=\"0\" allowfullscreen=\"allowfullscreen\"><\/iframe><\/p>\n<p><img decoding=\"async\" class=\"size-large wp-image-3043 aligncenter\" src=\"https:\/\/gfmparts.com\/wp-content\/uploads\/2024\/12\/\u901a\u7528\u751f\u4ea7\u6d41\u7a0b-1-1024x648.jpg\" alt=\"ekskavat\u00f6r par\u00e7a \u00fcretim s\u00fcreci\" width=\"1024\" height=\"648\" srcset=\"\" sizes=\"(max-width: 1024px) 100vw, 1024px\" data-srcset=\"\" \/><\/p>\n<h3><span style=\"color: #ff6600;\">Paketleme ve Nakliye<\/span><\/h3>\n<p style=\"text-align: center;\"><img loading=\"lazy\" decoding=\"async\" class=\"alignnone size-large wp-image-6521\" src=\"https:\/\/gfmparts.com\/wp-content\/uploads\/2025\/05\/Packaging-and-Shipping-1-1-1024x648.jpg\" alt=\"Paketleme ve Nakliye\" width=\"1024\" height=\"648\" srcset=\"https:\/\/gfmparts.com\/wp-content\/uploads\/2025\/05\/Packaging-and-Shipping-1-1-1024x648.jpg 1024w, https:\/\/gfmparts.com\/wp-content\/uploads\/2025\/05\/Packaging-and-Shipping-1-1-300x190.jpg 300w, https:\/\/gfmparts.com\/wp-content\/uploads\/2025\/05\/Packaging-and-Shipping-1-1-768x486.jpg 768w, https:\/\/gfmparts.com\/wp-content\/uploads\/2025\/05\/Packaging-and-Shipping-1-1-1536x973.jpg 1536w, https:\/\/gfmparts.com\/wp-content\/uploads\/2025\/05\/Packaging-and-Shipping-1-1-2048x1297.jpg 2048w, https:\/\/gfmparts.com\/wp-content\/uploads\/2025\/05\/Packaging-and-Shipping-1-1-600x380.jpg 600w\" sizes=\"(max-width: 1024px) 100vw, 1024px\" \/><\/p>\n<h3><span style=\"color: #ff6600;\">Fabrika Avantajlar\u0131<\/span><\/h3>\n<p><span style=\"color: #000000;\">Bir olarak <a style=\"color: #000000;\" href=\"https:\/\/gfmparts.com\/tr\/product\/mukemmel-ekskavator-kepce-disleri-tedarikcisi\/\">kaz\u0131c\u0131 kova \u00fcreticisi<\/a> Sekt\u00f6rde, GFM&#039;nin Ar-Ge alan\u0131nda deneyimli ve tutkulu m\u00fchendislerden olu\u015fan bir ekibi bulunmaktad\u0131r. \u00dcretim teknolojisi alan\u0131nda, hammadde kesiminden bitmi\u015f \u00fcr\u00fcn montaj\u0131na kadar t\u00fcm zincirin hassas kontrol\u00fcn\u00fc sa\u011flamak i\u00e7in geli\u015fmi\u015f CNC tak\u0131m tezgahlar\u0131 ve otomatik \u00fcretim hatlar\u0131 geli\u015ftirdik. Hassas lazer kesim ve CNC kaynak teknolojisi sayesinde, kovan\u0131n her bir bile\u015feninin do\u011fru ve kusursuz bir \u015fekilde yerle\u015ftirilmesini sa\u011fl\u0131yoruz.<\/span><\/p>\n<p><span style=\"color: #000000;\">GFM, malzeme se\u00e7iminden yap\u0131sal tasar\u0131ma ve nihai \u00fcr\u00fcne kadar eksiksiz bir \u00f6zelle\u015ftirilmi\u015f hizmet yelpazesi sunar ve s\u00fcre\u00e7 boyunca profesyonel dan\u0131\u015fmanl\u0131k hizmeti sunar. Fabrikam\u0131z, lazer kesim makineleri, CNC kaynak makineleri, \u0131s\u0131l i\u015flem ekipmanlar\u0131 ve y\u00fcksek hassasiyetli \u00f6l\u00e7\u00fcm cihazlar\u0131 dahil olmak \u00fczere modern \u00fcretim ekipmanlar\u0131 ve test ekipmanlar\u0131yla donat\u0131lm\u0131\u015ft\u0131r. \u0130ster standart \u00f6l\u00e7\u00fclerde bir kova ister \u00f6zel olarak tasarlanm\u0131\u015f bir kova olsun, m\u00fc\u015fteri ihtiya\u00e7lar\u0131na h\u0131zla yan\u0131t verebilir ve en iyi \u00e7\u00f6z\u00fcmleri sunabiliriz.<\/span><\/p>\n<p><span style=\"color: #000000;\">G\u00fcvenilir orta\u011f\u0131n\u0131z olarak, size en uygun maliyetli, en k\u0131sa teslimat d\u00f6ng\u00fcs\u00fc ve en g\u00fcvenilir sat\u0131\u015f sonras\u0131 hizmetiyle en g\u00fcvenilir ekskavat\u00f6r kovas\u0131 \u00e7\u00f6z\u00fcmlerini sunmay\u0131 taahh\u00fct ediyoruz. GFM&#039;yi tercih edin; m\u00fckemmel i\u015f\u00e7ilik, s\u0131k\u0131 kalite kontrol ve y\u00fcksek kaliteli hizmetlerle sizin i\u00e7in en iyi ekskavat\u00f6r kovalar\u0131n\u0131 \u00fcretelim ve m\u00fchendislik projelerinizi birlikte ba\u015far\u0131ya ula\u015ft\u0131ral\u0131m.<\/span><\/p>\n<p style=\"text-align: center;\"><span style=\"color: #000000;\"><img loading=\"lazy\" decoding=\"async\" class=\"alignnone wp-image-2159\" src=\"https:\/\/gfmparts.com\/wp-content\/uploads\/2024\/12\/\u5fae\u4fe1\u56fe\u7247_20241202160325-1024x576.jpg\" alt=\"ta\u015f\u0131y\u0131c\u0131 silindir \u00fcreticisi\" width=\"767\" height=\"431\" srcset=\"\" sizes=\"(max-width: 767px) 100vw, 767px\" data-srcset=\"\" \/><\/span><\/p>","protected":false},"excerpt":{"rendered":"<ul>\n<li><span style=\"color: #000000;\">\u00dcr\u00fcn Kalitesi Garantili<\/span><\/li>\n<li><span style=\"color: #000000;\">B\u00fcy\u00fck Tedarik<\/span><\/li>\n<li><span style=\"color: #000000;\">Rekabet\u00e7i Fiyatland\u0131rma<\/span><\/li>\n<li><span style=\"color: #000000;\">\u00c7o\u011fu Marka ve Model<\/span><\/li>\n<li><span style=\"color: #000000;\">Yard\u0131msever M\u00fc\u015fteri Hizmetleri Ekibi<\/span><\/li>\n<li><span style=\"color: #000000;\">Profesyonel Teknik Destek<\/span><\/li>\n<\/ul>","protected":false},"featured_media":3604,"template":"","meta":{"site-sidebar-layout":"default","site-content-layout":"","ast-site-content-layout":"default","site-content-style":"default","site-sidebar-style":"default","ast-global-header-display":"","ast-banner-title-visibility":"","ast-main-header-display":"","ast-hfb-above-header-display":"","ast-hfb-below-header-display":"","ast-hfb-mobile-header-display":"","site-post-title":"","ast-breadcrumbs-content":"","ast-featured-img":"","footer-sml-layout":"","theme-transparent-header-meta":"default","adv-header-id-meta":"","stick-header-meta":"default","header-above-stick-meta":"","header-main-stick-meta":"","header-below-stick-meta":"","astra-migrate-meta-layouts":"set","ast-page-background-enabled":"default","ast-page-background-meta":{"desktop":{"background-color":"","background-image":"","background-repeat":"repeat","background-position":"center center","background-size":"auto","background-attachment":"scroll","background-type":"","background-media":"","overlay-type":"","overlay-color":"","overlay-opacity":"","overlay-gradient":""},"tablet":{"background-color":"","background-image":"","background-repeat":"repeat","background-position":"center center","background-size":"auto","background-attachment":"scroll","background-type":"","background-media":"","overlay-type":"","overlay-color":"","overlay-opacity":"","overlay-gradient":""},"mobile":{"background-color":"","background-image":"","background-repeat":"repeat","background-position":"center center","background-size":"auto","background-attachment":"scroll","background-type":"","background-media":"","overlay-type":"","overlay-color":"","overlay-opacity":"","overlay-gradient":""}},"ast-content-background-meta":{"desktop":{"background-color":"var(--ast-global-color-5)","background-image":"","background-repeat":"repeat","background-position":"center center","background-size":"auto","background-attachment":"scroll","background-type":"","background-media":"","overlay-type":"","overlay-color":"","overlay-opacity":"","overlay-gradient":""},"tablet":{"background-color":"var(--ast-global-color-5)","background-image":"","background-repeat":"repeat","background-position":"center center","background-size":"auto","background-attachment":"scroll","background-type":"","background-media":"","overlay-type":"","overlay-color":"","overlay-opacity":"","overlay-gradient":""},"mobile":{"background-color":"var(--ast-global-color-5)","background-image":"","background-repeat":"repeat","background-position":"center center","background-size":"auto","background-attachment":"scroll","background-type":"","background-media":"","overlay-type":"","overlay-color":"","overlay-opacity":"","overlay-gradient":""}}},"product_cat":[27,50],"product_tag":[],"class_list":{"0":"post-3082","1":"product","2":"type-product","3":"status-publish","4":"has-post-thumbnail","6":"product_cat-parts","7":"product_cat-digger-buckets","8":"desktop-align-left","9":"tablet-align-left","10":"mobile-align-left","11":"ast-product-gallery-layout-horizontal-slider","12":"ast-product-tabs-layout-horizontal","14":"first","15":"instock","16":"shipping-taxable","17":"product-type-simple"},"yoast_head":"<!-- This site is optimized with the Yoast SEO Premium plugin v22.8 (Yoast SEO v23.9) - https:\/\/yoast.com\/wordpress\/plugins\/seo\/ -->\n<title>Digger Bucket &amp; Excavator Bucket Manufacturer<\/title>\n<meta name=\"description\" content=\"GFM excavator bucket manufacturer provides professional customization services, from material selection, structural design to the final product, full participation and professional advice.\" \/>\n<meta name=\"robots\" content=\"index, follow, max-snippet:-1, max-image-preview:large, max-video-preview:-1\" \/>\n<link rel=\"canonical\" href=\"https:\/\/gfmparts.com\/tr\/product\/kazici-kova-ekskavator-kova-ureticisi\/\" \/>\n<meta property=\"og:locale\" content=\"tr_TR\" \/>\n<meta property=\"og:type\" content=\"article\" \/>\n<meta property=\"og:title\" content=\"Digger Bucket Excavator Bucket Manufacturer\" \/>\n<meta property=\"og:description\" content=\"GFM excavator bucket manufacturer provides professional customization services, from material selection, structural design to the final product, full participation and professional advice.\" \/>\n<meta property=\"og:url\" content=\"https:\/\/gfmparts.com\/tr\/product\/kazici-kova-ekskavator-kova-ureticisi\/\" \/>\n<meta property=\"article:publisher\" content=\"https:\/\/www.facebook.com\/gfmparts\" \/>\n<meta property=\"article:modified_time\" content=\"2025-05-14T07:53:36+00:00\" \/>\n<meta property=\"og:image\" content=\"https:\/\/gfmparts.com\/wp-content\/uploads\/2024\/12\/Digger-Bucket-Excavator-Bucket.png\" \/>\n\t<meta property=\"og:image:width\" content=\"894\" \/>\n\t<meta property=\"og:image:height\" content=\"894\" \/>\n\t<meta property=\"og:image:type\" content=\"image\/png\" \/>\n<meta name=\"twitter:card\" content=\"summary_large_image\" \/>\n<meta name=\"twitter:label1\" content=\"Tahmini okuma s\u00fcresi\" \/>\n\t<meta name=\"twitter:data1\" content=\"4 dakika\" \/>\n<script type=\"application\/ld+json\" class=\"yoast-schema-graph\">{\"@context\":\"https:\/\/schema.org\",\"@graph\":[{\"@type\":\"WebPage\",\"@id\":\"https:\/\/gfmparts.com\/product\/digger-bucket-excavator-bucket-manufacturer\/\",\"url\":\"https:\/\/gfmparts.com\/product\/digger-bucket-excavator-bucket-manufacturer\/\",\"name\":\"Digger Bucket & Excavator Bucket Manufacturer\",\"isPartOf\":{\"@id\":\"https:\/\/gfmparts.com\/#website\"},\"primaryImageOfPage\":{\"@id\":\"https:\/\/gfmparts.com\/product\/digger-bucket-excavator-bucket-manufacturer\/#primaryimage\"},\"image\":{\"@id\":\"https:\/\/gfmparts.com\/product\/digger-bucket-excavator-bucket-manufacturer\/#primaryimage\"},\"thumbnailUrl\":\"https:\/\/gfmparts.com\/wp-content\/uploads\/2024\/12\/Digger-Bucket-Excavator-Bucket.png\",\"datePublished\":\"2024-12-23T01:45:45+00:00\",\"dateModified\":\"2025-05-14T07:53:36+00:00\",\"description\":\"GFM excavator bucket manufacturer provides professional customization services, from material selection, structural design to the final product, full participation and professional advice.\",\"breadcrumb\":{\"@id\":\"https:\/\/gfmparts.com\/product\/digger-bucket-excavator-bucket-manufacturer\/#breadcrumb\"},\"inLanguage\":\"tr\",\"potentialAction\":[{\"@type\":\"ReadAction\",\"target\":[\"https:\/\/gfmparts.com\/product\/digger-bucket-excavator-bucket-manufacturer\/\"]}]},{\"@type\":\"ImageObject\",\"inLanguage\":\"tr\",\"@id\":\"https:\/\/gfmparts.com\/product\/digger-bucket-excavator-bucket-manufacturer\/#primaryimage\",\"url\":\"https:\/\/gfmparts.com\/wp-content\/uploads\/2024\/12\/Digger-Bucket-Excavator-Bucket.png\",\"contentUrl\":\"https:\/\/gfmparts.com\/wp-content\/uploads\/2024\/12\/Digger-Bucket-Excavator-Bucket.png\",\"width\":894,\"height\":894,\"caption\":\"Digger Bucket Excavator Bucket\"},{\"@type\":\"BreadcrumbList\",\"@id\":\"https:\/\/gfmparts.com\/product\/digger-bucket-excavator-bucket-manufacturer\/#breadcrumb\",\"itemListElement\":[{\"@type\":\"ListItem\",\"position\":1,\"name\":\"\u9996\u9875\",\"item\":\"https:\/\/gfmparts.com\/\"},{\"@type\":\"ListItem\",\"position\":2,\"name\":\"All Product\",\"item\":\"https:\/\/gfmparts.com\/all-product\/\"},{\"@type\":\"ListItem\",\"position\":3,\"name\":\"Digger Bucket Excavator Bucket Manufacturer\"}]},{\"@type\":\"WebSite\",\"@id\":\"https:\/\/gfmparts.com\/#website\",\"url\":\"https:\/\/gfmparts.com\/\",\"name\":\"GFM PARTS\",\"description\":\"GFM since 2011 focused on excavator and bulldozer undercarriage parts manufacturing :Track rollers,carrier roller,idler,sprocket,track group,bucket tooth pin.\",\"publisher\":{\"@id\":\"https:\/\/gfmparts.com\/#organization\"},\"alternateName\":\"gfmparts.com\",\"potentialAction\":[{\"@type\":\"SearchAction\",\"target\":{\"@type\":\"EntryPoint\",\"urlTemplate\":\"https:\/\/gfmparts.com\/?s={search_term_string}\"},\"query-input\":{\"@type\":\"PropertyValueSpecification\",\"valueRequired\":true,\"valueName\":\"search_term_string\"}}],\"inLanguage\":\"tr\"},{\"@type\":\"Organization\",\"@id\":\"https:\/\/gfmparts.com\/#organization\",\"name\":\"GFM PARTS\",\"url\":\"https:\/\/gfmparts.com\/\",\"logo\":{\"@type\":\"ImageObject\",\"inLanguage\":\"tr\",\"@id\":\"https:\/\/gfmparts.com\/#\/schema\/logo\/image\/\",\"url\":\"https:\/\/gfmparts.com\/wp-content\/uploads\/2024\/11\/cropped-GFMparts.com_-2.png\",\"contentUrl\":\"https:\/\/gfmparts.com\/wp-content\/uploads\/2024\/11\/cropped-GFMparts.com_-2.png\",\"width\":5987,\"height\":2564,\"caption\":\"GFM PARTS\"},\"image\":{\"@id\":\"https:\/\/gfmparts.com\/#\/schema\/logo\/image\/\"},\"sameAs\":[\"https:\/\/www.facebook.com\/gfmparts\",\"https:\/\/www.linkedin.com\/company\/gfmparts\/\",\"https:\/\/www.tiktok.com\/@gfmparts\",\"https:\/\/www.youtube.com\/@GFMparts\/featured\"]}]}<\/script>\n<!-- \/ Yoast SEO Premium plugin. -->","yoast_head_json":{"title":"Digger Bucket & Excavator Bucket Manufacturer","description":"GFM excavator bucket manufacturer provides professional customization services, from material selection, structural design to the final product, full participation and professional advice.","robots":{"index":"index","follow":"follow","max-snippet":"max-snippet:-1","max-image-preview":"max-image-preview:large","max-video-preview":"max-video-preview:-1"},"canonical":"https:\/\/gfmparts.com\/tr\/product\/kazici-kova-ekskavator-kova-ureticisi\/","og_locale":"tr_TR","og_type":"article","og_title":"Digger Bucket Excavator Bucket Manufacturer","og_description":"GFM excavator bucket manufacturer provides professional customization services, from material selection, structural design to the final product, full participation and professional advice.","og_url":"https:\/\/gfmparts.com\/tr\/product\/kazici-kova-ekskavator-kova-ureticisi\/","article_publisher":"https:\/\/www.facebook.com\/gfmparts","article_modified_time":"2025-05-14T07:53:36+00:00","og_image":[{"width":894,"height":894,"url":"https:\/\/gfmparts.com\/wp-content\/uploads\/2024\/12\/Digger-Bucket-Excavator-Bucket.png","type":"image\/png"}],"twitter_card":"summary_large_image","twitter_misc":{"Tahmini okuma s\u00fcresi":"4 dakika"},"schema":{"@context":"https:\/\/schema.org","@graph":[{"@type":"WebPage","@id":"https:\/\/gfmparts.com\/product\/digger-bucket-excavator-bucket-manufacturer\/","url":"https:\/\/gfmparts.com\/product\/digger-bucket-excavator-bucket-manufacturer\/","name":"Digger Bucket & Excavator Bucket Manufacturer","isPartOf":{"@id":"https:\/\/gfmparts.com\/#website"},"primaryImageOfPage":{"@id":"https:\/\/gfmparts.com\/product\/digger-bucket-excavator-bucket-manufacturer\/#primaryimage"},"image":{"@id":"https:\/\/gfmparts.com\/product\/digger-bucket-excavator-bucket-manufacturer\/#primaryimage"},"thumbnailUrl":"https:\/\/gfmparts.com\/wp-content\/uploads\/2024\/12\/Digger-Bucket-Excavator-Bucket.png","datePublished":"2024-12-23T01:45:45+00:00","dateModified":"2025-05-14T07:53:36+00:00","description":"GFM excavator bucket manufacturer provides professional customization services, from material selection, structural design to the final product, full participation and professional advice.","breadcrumb":{"@id":"https:\/\/gfmparts.com\/product\/digger-bucket-excavator-bucket-manufacturer\/#breadcrumb"},"inLanguage":"tr","potentialAction":[{"@type":"ReadAction","target":["https:\/\/gfmparts.com\/product\/digger-bucket-excavator-bucket-manufacturer\/"]}]},{"@type":"ImageObject","inLanguage":"tr","@id":"https:\/\/gfmparts.com\/product\/digger-bucket-excavator-bucket-manufacturer\/#primaryimage","url":"https:\/\/gfmparts.com\/wp-content\/uploads\/2024\/12\/Digger-Bucket-Excavator-Bucket.png","contentUrl":"https:\/\/gfmparts.com\/wp-content\/uploads\/2024\/12\/Digger-Bucket-Excavator-Bucket.png","width":894,"height":894,"caption":"Digger Bucket Excavator Bucket"},{"@type":"BreadcrumbList","@id":"https:\/\/gfmparts.com\/product\/digger-bucket-excavator-bucket-manufacturer\/#breadcrumb","itemListElement":[{"@type":"ListItem","position":1,"name":"\u9996\u9875","item":"https:\/\/gfmparts.com\/"},{"@type":"ListItem","position":2,"name":"All Product","item":"https:\/\/gfmparts.com\/all-product\/"},{"@type":"ListItem","position":3,"name":"Digger Bucket Excavator Bucket Manufacturer"}]},{"@type":"WebSite","@id":"https:\/\/gfmparts.com\/#website","url":"https:\/\/gfmparts.com\/","name":"GFM PARTS","description":"GFM since 2011 focused on excavator and bulldozer undercarriage parts manufacturing :Track rollers,carrier roller,idler,sprocket,track group,bucket tooth pin.","publisher":{"@id":"https:\/\/gfmparts.com\/#organization"},"alternateName":"gfmparts.com","potentialAction":[{"@type":"SearchAction","target":{"@type":"EntryPoint","urlTemplate":"https:\/\/gfmparts.com\/?s={search_term_string}"},"query-input":{"@type":"PropertyValueSpecification","valueRequired":true,"valueName":"search_term_string"}}],"inLanguage":"tr"},{"@type":"Organization","@id":"https:\/\/gfmparts.com\/#organization","name":"GFM PARTS","url":"https:\/\/gfmparts.com\/","logo":{"@type":"ImageObject","inLanguage":"tr","@id":"https:\/\/gfmparts.com\/#\/schema\/logo\/image\/","url":"https:\/\/gfmparts.com\/wp-content\/uploads\/2024\/11\/cropped-GFMparts.com_-2.png","contentUrl":"https:\/\/gfmparts.com\/wp-content\/uploads\/2024\/11\/cropped-GFMparts.com_-2.png","width":5987,"height":2564,"caption":"GFM PARTS"},"image":{"@id":"https:\/\/gfmparts.com\/#\/schema\/logo\/image\/"},"sameAs":["https:\/\/www.facebook.com\/gfmparts","https:\/\/www.linkedin.com\/company\/gfmparts\/","https:\/\/www.tiktok.com\/@gfmparts","https:\/\/www.youtube.com\/@GFMparts\/featured"]}]}},"_links":{"self":[{"href":"https:\/\/gfmparts.com\/tr\/wp-json\/wp\/v2\/product\/3082"}],"collection":[{"href":"https:\/\/gfmparts.com\/tr\/wp-json\/wp\/v2\/product"}],"about":[{"href":"https:\/\/gfmparts.com\/tr\/wp-json\/wp\/v2\/types\/product"}],"wp:featuredmedia":[{"embeddable":true,"href":"https:\/\/gfmparts.com\/tr\/wp-json\/wp\/v2\/media\/3604"}],"wp:attachment":[{"href":"https:\/\/gfmparts.com\/tr\/wp-json\/wp\/v2\/media?parent=3082"}],"wp:term":[{"taxonomy":"product_cat","embeddable":true,"href":"https:\/\/gfmparts.com\/tr\/wp-json\/wp\/v2\/product_cat?post=3082"},{"taxonomy":"product_tag","embeddable":true,"href":"https:\/\/gfmparts.com\/tr\/wp-json\/wp\/v2\/product_tag?post=3082"}],"curies":[{"name":"wp","href":"https:\/\/api.w.org\/{rel}","templated":true}]}}