{"id":3095,"date":"2024-12-24T02:01:02","date_gmt":"2024-12-24T02:01:02","guid":{"rendered":"https:\/\/gfmparts.com\/?post_type=product&#038;p=3095"},"modified":"2025-04-11T06:25:35","modified_gmt":"2025-04-11T06:25:35","slug":"excavator-hydraulic-cylinder-manufacturer","status":"publish","type":"product","link":"https:\/\/gfmparts.com\/tr\/product\/ekskavator-hidrolik-silindir-ureticisi\/","title":{"rendered":"Ekskavat\u00f6r Hidrolik Silindir \u00dcreticisi"},"content":{"rendered":"<p><span style=\"color: #000000;\">GFM olarak, en zorlu \u00e7al\u0131\u015fma ortamlar\u0131na uyum sa\u011flayacak \u015fekilde tasarlanm\u0131\u015f, ekskavat\u00f6rler i\u00e7in y\u00fcksek kaliteli hidrolik silindirler \u00fcretme konusunda uzmanla\u015f\u0131yoruz. Hidrolik silindirlerimiz, m\u00fckemmel y\u00fck ta\u015f\u0131ma kapasitesi ve ultra uzun kullan\u0131m \u00f6mr\u00fc sa\u011flayan y\u00fcksek mukavemetli malzemelerden \u00fcretilmi\u015ftir. Benzersiz s\u0131zd\u0131rmazl\u0131k teknolojisi, s\u0131z\u0131nt\u0131lar\u0131 etkili bir \u015fekilde \u00f6nler ve a\u015f\u0131r\u0131 s\u0131cakl\u0131k ve bas\u0131n\u00e7larda bile istikrarl\u0131 performans sa\u011flar. GFM <a style=\"color: #000000;\" href=\"https:\/\/gfmparts.com\/tr\/product\/kazici-kova-ekskavator-kova-ureticisi\/\">ekskavat\u00f6r hidrolik silindirleri<\/a>M\u00fckemmel tepki h\u0131z\u0131 ve hassas kontrol yetenekleriyle ekskavat\u00f6rlerin genel verimlili\u011fini ve g\u00fcvenilirli\u011fini art\u0131rmak i\u00e7in \u00f6nemli bir bile\u015fen haline gelmi\u015ftir.<\/span><\/p>\n<h3><span style=\"color: #ff6600;\">\u00dcr\u00fcn A\u00e7\u0131klamas\u0131<\/span><\/h3>\n<ul>\n<li><span style=\"color: #000000;\"><strong>Minimum Sipari\u015f Adedi:<\/strong>\u00a01 Bilgisayar<\/span><\/li>\n<li><span style=\"color: #000000;\"><strong>\u00d6deme y\u00f6ntemi:<\/strong>\u00a0T\/T<\/span><\/li>\n<li><span style=\"color: #000000;\"><strong>Marka:<\/strong>\u00a0GFM<\/span><\/li>\n<li><span style=\"color: #000000;\"><strong>Durum:<\/strong>\u00a0Yeni<\/span><\/li>\n<li><span style=\"color: #000000;\"><strong>Renk:<\/strong>\u00a0Sar\u0131, Siyah veya \u00d6zelle\u015ftirilmi\u015f<\/span><\/li>\n<li><span style=\"color: #000000;\"><strong>Kur\u015fun zaman\u0131:<\/strong>\u00a030 g\u00fcn<\/span><\/li>\n<li><span style=\"color: #000000;\"><strong>Garanti:<\/strong>\u00a01 Y\u0131l<\/span><\/li>\n<li><span style=\"color: #000000;\"><strong>Hizmet:<\/strong>\u00a0OEM veya ODM<\/span><\/li>\n<li><span style=\"color: #000000;\"><strong>Men\u015fei Yeri:<\/strong>\u00a0Fujian, \u00c7in<\/span><\/li>\n<li><span style=\"color: #000000;\"><strong>Ba\u015fvuru:<\/strong>\u00a0Ekskavat\u00f6r veya Buldozer<\/span><\/li>\n<li><span style=\"color: #000000;\"><strong>Paketleme:<\/strong>\u00a0Standart \u0130hracat Ah\u015fap Palet<\/span><\/li>\n<\/ul>\n<p style=\"text-align: center;\"><img fetchpriority=\"high\" decoding=\"async\" class=\"alignnone wp-image-3097\" src=\"https:\/\/gfmparts.com\/wp-content\/uploads\/2024\/12\/cylinder_2-768x1024.jpg\" alt=\"silindir_2\" width=\"385\" height=\"513\" srcset=\"https:\/\/gfmparts.com\/wp-content\/uploads\/2024\/12\/cylinder_2-768x1024.jpg 768w, https:\/\/gfmparts.com\/wp-content\/uploads\/2024\/12\/cylinder_2-225x300.jpg 225w, https:\/\/gfmparts.com\/wp-content\/uploads\/2024\/12\/cylinder_2-1152x1536.jpg 1152w, https:\/\/gfmparts.com\/wp-content\/uploads\/2024\/12\/cylinder_2-600x800.jpg 600w, https:\/\/gfmparts.com\/wp-content\/uploads\/2024\/12\/cylinder_2.jpg 1199w\" sizes=\"(max-width: 385px) 100vw, 385px\" \/> \u00a0<img decoding=\"async\" class=\"alignnone wp-image-3098\" src=\"https:\/\/gfmparts.com\/wp-content\/uploads\/2024\/12\/cylinder_3-769x1024.jpg\" alt=\"silindir_3\" width=\"386\" height=\"514\" srcset=\"https:\/\/gfmparts.com\/wp-content\/uploads\/2024\/12\/cylinder_3-769x1024.jpg 769w, https:\/\/gfmparts.com\/wp-content\/uploads\/2024\/12\/cylinder_3-225x300.jpg 225w, https:\/\/gfmparts.com\/wp-content\/uploads\/2024\/12\/cylinder_3-768x1023.jpg 768w, https:\/\/gfmparts.com\/wp-content\/uploads\/2024\/12\/cylinder_3-600x799.jpg 600w, https:\/\/gfmparts.com\/wp-content\/uploads\/2024\/12\/cylinder_3.jpg 1074w\" sizes=\"(max-width: 386px) 100vw, 386px\" \/><\/p>\n<h3><span style=\"color: #ff6600;\">\u00d6zellikler<\/span><\/h3>\n<ul>\n<li><b><\/b><span style=\"color: #000000;\"><strong><b>A\u011f\u0131r Hizmet Tipi Yap\u0131<\/b><\/strong>: A\u015f\u0131r\u0131 bas\u0131n\u00e7lara ve zorlu ko\u015fullara dayan\u0131kl\u0131d\u0131r.<\/span><\/li>\n<li><span style=\"color: #000000;\"><b><\/b><strong><b>Hassas M\u00fchendislik<\/b><\/strong>: Sorunsuz performans ve uzun s\u00fcreli dayan\u0131kl\u0131l\u0131k sa\u011flar.<\/span><\/li>\n<li><span style=\"color: #000000;\"><b><\/b><strong><b>Korozyona Dayan\u0131kl\u0131 Kaplama<\/b><\/strong>: Her t\u00fcrl\u00fc ortamda g\u00fcvenilir performans g\u00f6sterir.<\/span><\/li>\n<li><span style=\"color: #000000;\"><b><\/b><strong><b>S\u0131zd\u0131rmaz Contalar<\/b><\/strong>: S\u0131v\u0131 kayb\u0131 yok, maksimum g\u00fc\u00e7 verimlili\u011fi.<\/span><\/li>\n<li><span style=\"color: #000000;\"><b><\/b><strong><b>\u00d6zel Boyutlar Mevcuttur<\/b><\/strong>: \u00c7e\u015fitli ekskavat\u00f6r modellerine uyacak \u015fekilde tasarlanm\u0131\u015ft\u0131r.<\/span><\/li>\n<li><span style=\"color: #000000;\"><b><\/b><strong><b>Kolay Kurulum<\/b><\/strong>: H\u0131zl\u0131 kurulum, kesinti s\u00fcresini en aza indirir.<\/span><\/li>\n<\/ul>\n<p><span style=\"color: #000000;\"><strong><b>GFM&#039;nin y\u00fcksek kaliteli hidrolik silindirleriyle ekskavat\u00f6r\u00fcn\u00fcz\u00fcn g\u00fcc\u00fcn\u00fc art\u0131r\u0131n!<\/b><\/strong><\/span><\/p>\n<h3><span style=\"color: #ff6600;\">\u00dcr\u00fcn Modelleri<\/span><\/h3>\n<p style=\"text-align: center;\"><img decoding=\"async\" class=\"alignnone size-full wp-image-3147\" src=\"https:\/\/gfmparts.com\/wp-content\/uploads\/2024\/11\/excavator-part-description-e1735350735761.png\" alt=\"ekskavat\u00f6r par\u00e7a a\u00e7\u0131klamas\u0131\" width=\"856\" height=\"694\" srcset=\"https:\/\/gfmparts.com\/wp-content\/uploads\/2024\/11\/excavator-part-description-e1735350735761.png 856w, https:\/\/gfmparts.com\/wp-content\/uploads\/2024\/11\/excavator-part-description-e1735350735761-300x243.png 300w, https:\/\/gfmparts.com\/wp-content\/uploads\/2024\/11\/excavator-part-description-e1735350735761-768x623.png 768w, https:\/\/gfmparts.com\/wp-content\/uploads\/2024\/11\/excavator-part-description-e1735350735761-600x486.png 600w\" sizes=\"(max-width: 856px) 100vw, 856px\" \/><\/p>\n<h3><span style=\"color: #ff6600;\">\u00dcretim S\u00fcreci<\/span><\/h3>\n<p><img loading=\"lazy\" decoding=\"async\" class=\"size-large wp-image-3043 aligncenter\" src=\"https:\/\/gfmparts.com\/wp-content\/uploads\/2024\/12\/\u901a\u7528\u751f\u4ea7\u6d41\u7a0b-1-1024x648.jpg\" alt=\"ekskavat\u00f6r par\u00e7a \u00fcretim s\u00fcreci\" width=\"1024\" height=\"648\" srcset=\"\" sizes=\"(max-width: 1024px) 100vw, 1024px\" data-srcset=\"\" \/><\/p>\n<h3><span style=\"color: #ff6600;\">Paketleme ve Nakliye<\/span><\/h3>\n<p style=\"text-align: center;\"><img loading=\"lazy\" decoding=\"async\" class=\"alignnone size-large wp-image-3783\" src=\"https:\/\/gfmparts.com\/wp-content\/uploads\/2025\/03\/Packaging-and-Shipping-1024x648.jpg\" alt=\"Paketleme ve Nakliye\" width=\"1024\" height=\"648\" srcset=\"https:\/\/gfmparts.com\/wp-content\/uploads\/2025\/03\/Packaging-and-Shipping-1024x648.jpg 1024w, https:\/\/gfmparts.com\/wp-content\/uploads\/2025\/03\/Packaging-and-Shipping-300x190.jpg 300w, https:\/\/gfmparts.com\/wp-content\/uploads\/2025\/03\/Packaging-and-Shipping-768x486.jpg 768w, https:\/\/gfmparts.com\/wp-content\/uploads\/2025\/03\/Packaging-and-Shipping-1536x973.jpg 1536w, https:\/\/gfmparts.com\/wp-content\/uploads\/2025\/03\/Packaging-and-Shipping-2048x1297.jpg 2048w, https:\/\/gfmparts.com\/wp-content\/uploads\/2025\/03\/Packaging-and-Shipping-600x380.jpg 600w\" sizes=\"(max-width: 1024px) 100vw, 1024px\" \/><\/p>\n<h3><span style=\"color: #ff6600;\">Fabrika Avantajlar\u0131<\/span><\/h3>\n<p><span style=\"color: #000000;\">GFM hidrolik silindirleri titizlikle test edilmi\u015f olup m\u00fckemmel a\u015f\u0131nma ve korozyon direncine sahiptir ve \u00e7e\u015fitli karma\u015f\u0131k \u00e7al\u0131\u015fma ko\u015fullar\u0131na uyum sa\u011flayabilir. Ak\u0131\u015fkan dinami\u011fi tasar\u0131m\u0131n\u0131n optimize edilmesiyle GFM hidrolik silindirleri daha y\u00fcksek enerji d\u00f6n\u00fc\u015f\u00fcm verimlili\u011fi elde eder, enerji t\u00fcketimini azalt\u0131r ve ak\u0131c\u0131 ve g\u00fc\u00e7l\u00fc bir g\u00fc\u00e7 \u00e7\u0131k\u0131\u015f\u0131 sa\u011flar. GFM fabrikas\u0131, her \u00fcr\u00fcn\u00fcn end\u00fcstri standartlar\u0131n\u0131 kar\u015f\u0131lamas\u0131n\u0131, hatta a\u015fmas\u0131n\u0131 sa\u011flamak i\u00e7in modern \u00fcretim ekipmanlar\u0131 ve y\u00fcksek hassasiyetli test cihazlar\u0131yla donat\u0131lm\u0131\u015ft\u0131r. Ayr\u0131ca, hidrolik silindir teknolojisinde s\u00fcrekli inovasyonu te\u015fvik etmek i\u00e7in s\u00fcrekli olarak yeni malzemeler ve yeni s\u00fcre\u00e7ler ara\u015ft\u0131ran sekt\u00f6r uzmanlar\u0131ndan olu\u015fan bir ara\u015ft\u0131rma ve geli\u015ftirme ekibimiz bulunmaktad\u0131r.<\/span><\/p>\n<p><span style=\"color: #000000;\">\u00d6nde gelen bir <a style=\"color: #000000;\" href=\"https:\/\/gfmparts.com\/tr\/product\/ekskavator-palet-pabucu-ureticisi\/\">hidrolik silindir \u00fcreticisi<\/a>GFM, geli\u015fmi\u015f \u00fcretim teknolojisi ve s\u0131k\u0131 kalite kontrol sistemiyle d\u00fcnya \u00e7ap\u0131ndaki m\u00fc\u015fterilerine \u00f6zelle\u015ftirilmi\u015f hidrolik silindir \u00e7\u00f6z\u00fcmleri sunar. GFM, ekskavat\u00f6r\u00fcn\u00fcz\u00fcn her zaman en iyi durumda olmas\u0131n\u0131 sa\u011flamak i\u00e7in se\u00e7im dan\u0131\u015fmanl\u0131\u011f\u0131ndan sat\u0131\u015f sonras\u0131 deste\u011fe kadar her m\u00fc\u015fteriye eksiksiz bir hizmet yelpazesi sunmay\u0131 taahh\u00fct eder. Hidrolik silindir orta\u011f\u0131n\u0131z olarak GFM&#039;yi se\u00e7mek, g\u00fcvenilir kalite, h\u0131zl\u0131 teslimat ve profesyonel sat\u0131\u015f sonras\u0131 hizmeti se\u00e7mek anlam\u0131na gelir.<\/span><\/p>\n<p style=\"text-align: center;\"><span style=\"color: #000000;\"><img loading=\"lazy\" decoding=\"async\" class=\"alignnone wp-image-2159\" src=\"https:\/\/gfmparts.com\/wp-content\/uploads\/2024\/12\/\u5fae\u4fe1\u56fe\u7247_20241202160325-1024x576.jpg\" alt=\"ta\u015f\u0131y\u0131c\u0131 silindir \u00fcreticisi\" width=\"767\" height=\"431\" srcset=\"\" sizes=\"(max-width: 767px) 100vw, 767px\" data-srcset=\"\" \/><\/span><\/p>","protected":false},"excerpt":{"rendered":"<ul>\n<li><span style=\"color: #000000;\">\u00dcr\u00fcn Kalitesi Garantili<\/span><\/li>\n<li><span style=\"color: #000000;\">B\u00fcy\u00fck Tedarik<\/span><\/li>\n<li><span style=\"color: #000000;\">Rekabet\u00e7i Fiyatland\u0131rma<\/span><\/li>\n<li><span style=\"color: #000000;\">\u00c7o\u011fu Marka ve Model<\/span><\/li>\n<li><span style=\"color: #000000;\">Yard\u0131msever M\u00fc\u015fteri Hizmetleri Ekibi<\/span><\/li>\n<li><span style=\"color: #000000;\">Profesyonel Teknik Destek<\/span><\/li>\n<\/ul>","protected":false},"featured_media":3603,"template":"","meta":{"site-sidebar-layout":"default","site-content-layout":"","ast-site-content-layout":"default","site-content-style":"default","site-sidebar-style":"default","ast-global-header-display":"","ast-banner-title-visibility":"","ast-main-header-display":"","ast-hfb-above-header-display":"","ast-hfb-below-header-display":"","ast-hfb-mobile-header-display":"","site-post-title":"","ast-breadcrumbs-content":"","ast-featured-img":"","footer-sml-layout":"","theme-transparent-header-meta":"default","adv-header-id-meta":"","stick-header-meta":"default","header-above-stick-meta":"","header-main-stick-meta":"","header-below-stick-meta":"","astra-migrate-meta-layouts":"set","ast-page-background-enabled":"default","ast-page-background-meta":{"desktop":{"background-color":"","background-image":"","background-repeat":"repeat","background-position":"center center","background-size":"auto","background-attachment":"scroll","background-type":"","background-media":"","overlay-type":"","overlay-color":"","overlay-opacity":"","overlay-gradient":""},"tablet":{"background-color":"","background-image":"","background-repeat":"repeat","background-position":"center center","background-size":"auto","background-attachment":"scroll","background-type":"","background-media":"","overlay-type":"","overlay-color":"","overlay-opacity":"","overlay-gradient":""},"mobile":{"background-color":"","background-image":"","background-repeat":"repeat","background-position":"center center","background-size":"auto","background-attachment":"scroll","background-type":"","background-media":"","overlay-type":"","overlay-color":"","overlay-opacity":"","overlay-gradient":""}},"ast-content-background-meta":{"desktop":{"background-color":"var(--ast-global-color-5)","background-image":"","background-repeat":"repeat","background-position":"center center","background-size":"auto","background-attachment":"scroll","background-type":"","background-media":"","overlay-type":"","overlay-color":"","overlay-opacity":"","overlay-gradient":""},"tablet":{"background-color":"var(--ast-global-color-5)","background-image":"","background-repeat":"repeat","background-position":"center center","background-size":"auto","background-attachment":"scroll","background-type":"","background-media":"","overlay-type":"","overlay-color":"","overlay-opacity":"","overlay-gradient":""},"mobile":{"background-color":"var(--ast-global-color-5)","background-image":"","background-repeat":"repeat","background-position":"center center","background-size":"auto","background-attachment":"scroll","background-type":"","background-media":"","overlay-type":"","overlay-color":"","overlay-opacity":"","overlay-gradient":""}}},"product_cat":[27],"product_tag":[],"class_list":{"0":"post-3095","1":"product","2":"type-product","3":"status-publish","4":"has-post-thumbnail","6":"product_cat-parts","7":"desktop-align-left","8":"tablet-align-left","9":"mobile-align-left","10":"ast-product-gallery-layout-horizontal-slider","11":"ast-product-gallery-with-no-image","12":"ast-product-tabs-layout-horizontal","14":"first","15":"instock","16":"shipping-taxable","17":"product-type-simple"},"yoast_head":"<!-- This site is optimized with the Yoast SEO Premium plugin v22.8 (Yoast SEO v23.9) - https:\/\/yoast.com\/wordpress\/plugins\/seo\/ -->\n<title>Excavator Hydraulic Cylinder Manufacturer - GFM<\/title>\n<meta name=\"description\" content=\"GFM excavator hydraulic cylinder manufacturer provides professional customization services, from material selection, structural design to final product, full participation and professional advice.\" \/>\n<meta name=\"robots\" content=\"index, follow, max-snippet:-1, max-image-preview:large, max-video-preview:-1\" \/>\n<link rel=\"canonical\" href=\"https:\/\/gfmparts.com\/tr\/product\/ekskavator-hidrolik-silindir-ureticisi\/\" \/>\n<meta property=\"og:locale\" content=\"tr_TR\" \/>\n<meta property=\"og:type\" content=\"article\" \/>\n<meta property=\"og:title\" content=\"Excavator Hydraulic Cylinder Manufacturer\" \/>\n<meta property=\"og:description\" content=\"GFM excavator hydraulic cylinder manufacturer provides professional customization services, from material selection, structural design to final product, full participation and professional advice.\" \/>\n<meta property=\"og:url\" content=\"https:\/\/gfmparts.com\/tr\/product\/ekskavator-hidrolik-silindir-ureticisi\/\" \/>\n<meta property=\"article:publisher\" content=\"https:\/\/www.facebook.com\/gfmparts\" \/>\n<meta property=\"article:modified_time\" content=\"2025-04-11T06:25:35+00:00\" \/>\n<meta property=\"og:image\" content=\"https:\/\/gfmparts.com\/wp-content\/uploads\/2024\/12\/hydraulic-cylinder-1.png\" \/>\n\t<meta property=\"og:image:width\" content=\"806\" \/>\n\t<meta property=\"og:image:height\" content=\"806\" \/>\n\t<meta property=\"og:image:type\" content=\"image\/png\" \/>\n<meta name=\"twitter:card\" content=\"summary_large_image\" \/>\n<meta name=\"twitter:label1\" content=\"Tahmini okuma s\u00fcresi\" \/>\n\t<meta name=\"twitter:data1\" content=\"3 dakika\" \/>\n<script type=\"application\/ld+json\" class=\"yoast-schema-graph\">{\"@context\":\"https:\/\/schema.org\",\"@graph\":[{\"@type\":\"WebPage\",\"@id\":\"https:\/\/gfmparts.com\/product\/excavator-hydraulic-cylinder-manufacturer\/\",\"url\":\"https:\/\/gfmparts.com\/product\/excavator-hydraulic-cylinder-manufacturer\/\",\"name\":\"Excavator Hydraulic Cylinder Manufacturer - GFM\",\"isPartOf\":{\"@id\":\"https:\/\/gfmparts.com\/#website\"},\"primaryImageOfPage\":{\"@id\":\"https:\/\/gfmparts.com\/product\/excavator-hydraulic-cylinder-manufacturer\/#primaryimage\"},\"image\":{\"@id\":\"https:\/\/gfmparts.com\/product\/excavator-hydraulic-cylinder-manufacturer\/#primaryimage\"},\"thumbnailUrl\":\"https:\/\/gfmparts.com\/wp-content\/uploads\/2024\/12\/hydraulic-cylinder-1.png\",\"datePublished\":\"2024-12-24T02:01:02+00:00\",\"dateModified\":\"2025-04-11T06:25:35+00:00\",\"description\":\"GFM excavator hydraulic cylinder manufacturer provides professional customization services, from material selection, structural design to final product, full participation and professional advice.\",\"breadcrumb\":{\"@id\":\"https:\/\/gfmparts.com\/product\/excavator-hydraulic-cylinder-manufacturer\/#breadcrumb\"},\"inLanguage\":\"tr\",\"potentialAction\":[{\"@type\":\"ReadAction\",\"target\":[\"https:\/\/gfmparts.com\/product\/excavator-hydraulic-cylinder-manufacturer\/\"]}]},{\"@type\":\"ImageObject\",\"inLanguage\":\"tr\",\"@id\":\"https:\/\/gfmparts.com\/product\/excavator-hydraulic-cylinder-manufacturer\/#primaryimage\",\"url\":\"https:\/\/gfmparts.com\/wp-content\/uploads\/2024\/12\/hydraulic-cylinder-1.png\",\"contentUrl\":\"https:\/\/gfmparts.com\/wp-content\/uploads\/2024\/12\/hydraulic-cylinder-1.png\",\"width\":806,\"height\":806,\"caption\":\"hydraulic cylinder\"},{\"@type\":\"BreadcrumbList\",\"@id\":\"https:\/\/gfmparts.com\/product\/excavator-hydraulic-cylinder-manufacturer\/#breadcrumb\",\"itemListElement\":[{\"@type\":\"ListItem\",\"position\":1,\"name\":\"\u9996\u9875\",\"item\":\"https:\/\/gfmparts.com\/\"},{\"@type\":\"ListItem\",\"position\":2,\"name\":\"All Product\",\"item\":\"https:\/\/gfmparts.com\/all-product\/\"},{\"@type\":\"ListItem\",\"position\":3,\"name\":\"Excavator Hydraulic Cylinder Manufacturer\"}]},{\"@type\":\"WebSite\",\"@id\":\"https:\/\/gfmparts.com\/#website\",\"url\":\"https:\/\/gfmparts.com\/\",\"name\":\"GFM PARTS\",\"description\":\"GFM since 2011 focused on excavator and bulldozer undercarriage parts manufacturing :Track rollers,carrier roller,idler,sprocket,track group,bucket tooth pin.\",\"publisher\":{\"@id\":\"https:\/\/gfmparts.com\/#organization\"},\"alternateName\":\"gfmparts.com\",\"potentialAction\":[{\"@type\":\"SearchAction\",\"target\":{\"@type\":\"EntryPoint\",\"urlTemplate\":\"https:\/\/gfmparts.com\/?s={search_term_string}\"},\"query-input\":{\"@type\":\"PropertyValueSpecification\",\"valueRequired\":true,\"valueName\":\"search_term_string\"}}],\"inLanguage\":\"tr\"},{\"@type\":\"Organization\",\"@id\":\"https:\/\/gfmparts.com\/#organization\",\"name\":\"GFM PARTS\",\"url\":\"https:\/\/gfmparts.com\/\",\"logo\":{\"@type\":\"ImageObject\",\"inLanguage\":\"tr\",\"@id\":\"https:\/\/gfmparts.com\/#\/schema\/logo\/image\/\",\"url\":\"https:\/\/gfmparts.com\/wp-content\/uploads\/2024\/11\/cropped-GFMparts.com_-2.png\",\"contentUrl\":\"https:\/\/gfmparts.com\/wp-content\/uploads\/2024\/11\/cropped-GFMparts.com_-2.png\",\"width\":5987,\"height\":2564,\"caption\":\"GFM PARTS\"},\"image\":{\"@id\":\"https:\/\/gfmparts.com\/#\/schema\/logo\/image\/\"},\"sameAs\":[\"https:\/\/www.facebook.com\/gfmparts\",\"https:\/\/www.linkedin.com\/company\/gfmparts\/\",\"https:\/\/www.tiktok.com\/@gfmparts\",\"https:\/\/www.youtube.com\/@GFMparts\/featured\"]}]}<\/script>\n<!-- \/ Yoast SEO Premium plugin. -->","yoast_head_json":{"title":"Excavator Hydraulic Cylinder Manufacturer - GFM","description":"GFM excavator hydraulic cylinder manufacturer provides professional customization services, from material selection, structural design to final product, full participation and professional advice.","robots":{"index":"index","follow":"follow","max-snippet":"max-snippet:-1","max-image-preview":"max-image-preview:large","max-video-preview":"max-video-preview:-1"},"canonical":"https:\/\/gfmparts.com\/tr\/product\/ekskavator-hidrolik-silindir-ureticisi\/","og_locale":"tr_TR","og_type":"article","og_title":"Excavator Hydraulic Cylinder Manufacturer","og_description":"GFM excavator hydraulic cylinder manufacturer provides professional customization services, from material selection, structural design to final product, full participation and professional advice.","og_url":"https:\/\/gfmparts.com\/tr\/product\/ekskavator-hidrolik-silindir-ureticisi\/","article_publisher":"https:\/\/www.facebook.com\/gfmparts","article_modified_time":"2025-04-11T06:25:35+00:00","og_image":[{"width":806,"height":806,"url":"https:\/\/gfmparts.com\/wp-content\/uploads\/2024\/12\/hydraulic-cylinder-1.png","type":"image\/png"}],"twitter_card":"summary_large_image","twitter_misc":{"Tahmini okuma s\u00fcresi":"3 dakika"},"schema":{"@context":"https:\/\/schema.org","@graph":[{"@type":"WebPage","@id":"https:\/\/gfmparts.com\/product\/excavator-hydraulic-cylinder-manufacturer\/","url":"https:\/\/gfmparts.com\/product\/excavator-hydraulic-cylinder-manufacturer\/","name":"Excavator Hydraulic Cylinder Manufacturer - GFM","isPartOf":{"@id":"https:\/\/gfmparts.com\/#website"},"primaryImageOfPage":{"@id":"https:\/\/gfmparts.com\/product\/excavator-hydraulic-cylinder-manufacturer\/#primaryimage"},"image":{"@id":"https:\/\/gfmparts.com\/product\/excavator-hydraulic-cylinder-manufacturer\/#primaryimage"},"thumbnailUrl":"https:\/\/gfmparts.com\/wp-content\/uploads\/2024\/12\/hydraulic-cylinder-1.png","datePublished":"2024-12-24T02:01:02+00:00","dateModified":"2025-04-11T06:25:35+00:00","description":"GFM excavator hydraulic cylinder manufacturer provides professional customization services, from material selection, structural design to final product, full participation and professional advice.","breadcrumb":{"@id":"https:\/\/gfmparts.com\/product\/excavator-hydraulic-cylinder-manufacturer\/#breadcrumb"},"inLanguage":"tr","potentialAction":[{"@type":"ReadAction","target":["https:\/\/gfmparts.com\/product\/excavator-hydraulic-cylinder-manufacturer\/"]}]},{"@type":"ImageObject","inLanguage":"tr","@id":"https:\/\/gfmparts.com\/product\/excavator-hydraulic-cylinder-manufacturer\/#primaryimage","url":"https:\/\/gfmparts.com\/wp-content\/uploads\/2024\/12\/hydraulic-cylinder-1.png","contentUrl":"https:\/\/gfmparts.com\/wp-content\/uploads\/2024\/12\/hydraulic-cylinder-1.png","width":806,"height":806,"caption":"hydraulic cylinder"},{"@type":"BreadcrumbList","@id":"https:\/\/gfmparts.com\/product\/excavator-hydraulic-cylinder-manufacturer\/#breadcrumb","itemListElement":[{"@type":"ListItem","position":1,"name":"\u9996\u9875","item":"https:\/\/gfmparts.com\/"},{"@type":"ListItem","position":2,"name":"All Product","item":"https:\/\/gfmparts.com\/all-product\/"},{"@type":"ListItem","position":3,"name":"Excavator Hydraulic Cylinder Manufacturer"}]},{"@type":"WebSite","@id":"https:\/\/gfmparts.com\/#website","url":"https:\/\/gfmparts.com\/","name":"GFM PARTS","description":"GFM since 2011 focused on excavator and bulldozer undercarriage parts manufacturing :Track rollers,carrier roller,idler,sprocket,track group,bucket tooth pin.","publisher":{"@id":"https:\/\/gfmparts.com\/#organization"},"alternateName":"gfmparts.com","potentialAction":[{"@type":"SearchAction","target":{"@type":"EntryPoint","urlTemplate":"https:\/\/gfmparts.com\/?s={search_term_string}"},"query-input":{"@type":"PropertyValueSpecification","valueRequired":true,"valueName":"search_term_string"}}],"inLanguage":"tr"},{"@type":"Organization","@id":"https:\/\/gfmparts.com\/#organization","name":"GFM PARTS","url":"https:\/\/gfmparts.com\/","logo":{"@type":"ImageObject","inLanguage":"tr","@id":"https:\/\/gfmparts.com\/#\/schema\/logo\/image\/","url":"https:\/\/gfmparts.com\/wp-content\/uploads\/2024\/11\/cropped-GFMparts.com_-2.png","contentUrl":"https:\/\/gfmparts.com\/wp-content\/uploads\/2024\/11\/cropped-GFMparts.com_-2.png","width":5987,"height":2564,"caption":"GFM PARTS"},"image":{"@id":"https:\/\/gfmparts.com\/#\/schema\/logo\/image\/"},"sameAs":["https:\/\/www.facebook.com\/gfmparts","https:\/\/www.linkedin.com\/company\/gfmparts\/","https:\/\/www.tiktok.com\/@gfmparts","https:\/\/www.youtube.com\/@GFMparts\/featured"]}]}},"_links":{"self":[{"href":"https:\/\/gfmparts.com\/tr\/wp-json\/wp\/v2\/product\/3095"}],"collection":[{"href":"https:\/\/gfmparts.com\/tr\/wp-json\/wp\/v2\/product"}],"about":[{"href":"https:\/\/gfmparts.com\/tr\/wp-json\/wp\/v2\/types\/product"}],"wp:featuredmedia":[{"embeddable":true,"href":"https:\/\/gfmparts.com\/tr\/wp-json\/wp\/v2\/media\/3603"}],"wp:attachment":[{"href":"https:\/\/gfmparts.com\/tr\/wp-json\/wp\/v2\/media?parent=3095"}],"wp:term":[{"taxonomy":"product_cat","embeddable":true,"href":"https:\/\/gfmparts.com\/tr\/wp-json\/wp\/v2\/product_cat?post=3095"},{"taxonomy":"product_tag","embeddable":true,"href":"https:\/\/gfmparts.com\/tr\/wp-json\/wp\/v2\/product_tag?post=3095"}],"curies":[{"name":"wp","href":"https:\/\/api.w.org\/{rel}","templated":true}]}}