{"id":3099,"date":"2024-12-24T06:06:51","date_gmt":"2024-12-24T06:06:51","guid":{"rendered":"https:\/\/gfmparts.com\/?post_type=product&#038;p=3099"},"modified":"2025-07-09T08:13:02","modified_gmt":"2025-07-09T08:13:02","slug":"excavator-bucket-teeth-pin-manufacturer","status":"publish","type":"product","link":"https:\/\/gfmparts.com\/tr\/product\/ekskavator-kepce-dis-pimi-ureticisi\/","title":{"rendered":"Ekskavat\u00f6r Kep\u00e7e Di\u015f Pimi \u00dcreticisi"},"content":{"rendered":"<p>G<span style=\"color: #000000;\">FM y\u00fcksek performans <a style=\"color: #000000;\" href=\"https:\/\/gfmparts.com\/tr\/product\/yuksek-kaliteli-ekskavator-dislisi-tedarikcisi\/\">ekskavat\u00f6r kep\u00e7e di\u015f pimleri<\/a> Y\u00fcksek mukavemetli ala\u015f\u0131ml\u0131 \u00e7elikten \u00fcretilmi\u015f olup, m\u00fckemmel a\u015f\u0131nma ve darbe direnci sa\u011flamak i\u00e7in hassas \u0131s\u0131l i\u015flem ve s\u00f6nd\u00fcrme i\u015flemlerinden ge\u00e7irilmi\u015ftir. Benzersiz kilitleme tasar\u0131m\u0131, gev\u015femeyi etkili bir \u015fekilde \u00f6nler ve en zorlu kaz\u0131 ko\u015fullar\u0131nda bile istikrarl\u0131 performans sa\u011flar. Ayr\u0131ca, sundu\u011fumuz kep\u00e7e di\u015fli pimler, piyasadaki \u00e7o\u011fu ekskavat\u00f6r modeliyle son derece uyumlu ve uygundur; bu da in\u015faat verimlili\u011finizi \u00f6nemli \u00f6l\u00e7\u00fcde art\u0131rman\u0131za ve bak\u0131m maliyetlerinizi \u00f6nemli \u00f6l\u00e7\u00fcde azaltman\u0131za yard\u0131mc\u0131 olur.<\/span><\/p>\n<h3><span style=\"color: #ff6600;\">\u00dcr\u00fcn A\u00e7\u0131klamas\u0131<\/span><\/h3>\n<ul>\n<li><span style=\"color: #000000;\"><strong>Hammadde:<\/strong> 40CR<\/span><\/li>\n<li><span style=\"color: #000000;\"><strong>Minimum Sipari\u015f Adedi:<\/strong>\u00a01 Bilgisayar<\/span><\/li>\n<li><span style=\"color: #000000;\"><strong>\u00d6deme y\u00f6ntemi:<\/strong>\u00a0T\/T<\/span><\/li>\n<li><span style=\"color: #000000;\"><strong>Marka:<\/strong>\u00a0GFM<\/span><\/li>\n<li><span style=\"color: #000000;\"><strong>Durum:<\/strong>\u00a0Yeni<\/span><\/li>\n<li><span style=\"color: #000000;\"><strong>Renk:<\/strong>\u00a0Sar\u0131, Siyah veya \u00d6zelle\u015ftirilmi\u015f<\/span><\/li>\n<li><span style=\"color: #000000;\"><strong>Kur\u015fun zaman\u0131:<\/strong>\u00a030 g\u00fcn<\/span><\/li>\n<li><span style=\"color: #000000;\"><strong>Garanti:<\/strong>\u00a01 Y\u0131l<\/span><\/li>\n<li><span style=\"color: #000000;\"><strong>Hizmet:<\/strong>\u00a0OEM veya ODM<\/span><\/li>\n<li><span style=\"color: #000000;\"><strong>Men\u015fei Yeri:<\/strong>\u00a0Fujian, \u00c7in<\/span><\/li>\n<li><span style=\"color: #000000;\"><strong>Ba\u015fvuru:<\/strong> Ekskavat\u00f6r<\/span><\/li>\n<li><span style=\"color: #000000;\"><strong>Paketleme:<\/strong>\u00a0Standart \u0130hracat Ah\u015fap Palet<\/span><\/li>\n<\/ul>\n<p><span style=\"color: #000000;\">Dayan\u0131kl\u0131l\u0131k ve hassasiyet i\u00e7in \u00fcretilen GFM kep\u00e7e di\u015fli pimleri, a\u011f\u0131r i\u015fleriniz i\u00e7in maksimum verimlilik sa\u011flar.<\/span><\/p>\n<h3><span style=\"color: #ff6600;\">\u00d6zellikler<\/span><\/h3>\n<ul>\n<li><b><\/b><span style=\"color: #000000;\"><strong><b>Dayan\u0131kl\u0131 Malzeme: <\/b><\/strong>A\u015f\u0131r\u0131 a\u015f\u0131nma direnci i\u00e7in birinci s\u0131n\u0131f ala\u015f\u0131ml\u0131 \u00e7elik.<\/span><\/li>\n<li><span style=\"color: #000000;\"><b><\/b><strong><b>M\u00fckemmel Uyum: <\/b><\/strong>A\u015f\u0131nmay\u0131 azaltmak ve stabiliteyi art\u0131rmak i\u00e7in hassas bir \u015fekilde tasarlanm\u0131\u015ft\u0131r.<\/span><\/li>\n<li><span style=\"color: #000000;\"><b><\/b><strong><b>Is\u0131l \u0130\u015flem G\u00f6rm\u00fc\u015f: <\/b><\/strong>Daha uzun hizmet \u00f6mr\u00fc i\u00e7in geli\u015ftirilmi\u015f sertlik.<\/span><\/li>\n<li><span style=\"color: #000000;\"><b><\/b><strong><b>Paslanmaya Dayan\u0131kl\u0131: <\/b><\/strong>Uzun \u00f6m\u00fcrl\u00fc performans i\u00e7in korozyon \u00f6nleyici kaplama.<\/span><\/li>\n<li><span style=\"color: #000000;\"><b><\/b><strong><b>Kolay Kurulum: <\/b><\/strong>H\u0131zl\u0131 ve zahmetsiz de\u011fi\u015fim.<\/span><\/li>\n<\/ul>\n<p><span style=\"color: #000000;\">Geni\u015f bir ekskavat\u00f6r yelpazesiyle uyumlu, g\u00fcvenilir ve uygun maliyetli kep\u00e7e di\u015fli pimleri i\u00e7in GFM&#039;yi se\u00e7in.<\/span><\/p>\n<h3><span style=\"color: #ff6600;\">\u00d6zellikler<\/span><\/h3>\n<p style=\"text-align: center;\"><img fetchpriority=\"high\" decoding=\"async\" class=\"wp-image-6811 aligncenter\" src=\"https:\/\/gfmparts.com\/wp-content\/uploads\/2025\/04\/Excavator-Bucket-Tooth-Locking-Pinspecifications-1024x855.png\" alt=\"Ekskavat\u00f6r Kep\u00e7e Di\u015f Kilitleme Pimi \u00f6zellikleri\" width=\"949\" height=\"793\" srcset=\"https:\/\/gfmparts.com\/wp-content\/uploads\/2025\/04\/Excavator-Bucket-Tooth-Locking-Pinspecifications-1024x855.png 1024w, https:\/\/gfmparts.com\/wp-content\/uploads\/2025\/04\/Excavator-Bucket-Tooth-Locking-Pinspecifications-300x250.png 300w, https:\/\/gfmparts.com\/wp-content\/uploads\/2025\/04\/Excavator-Bucket-Tooth-Locking-Pinspecifications-768x641.png 768w, https:\/\/gfmparts.com\/wp-content\/uploads\/2025\/04\/Excavator-Bucket-Tooth-Locking-Pinspecifications-1536x1283.png 1536w, https:\/\/gfmparts.com\/wp-content\/uploads\/2025\/04\/Excavator-Bucket-Tooth-Locking-Pinspecifications-14x12.png 14w, https:\/\/gfmparts.com\/wp-content\/uploads\/2025\/04\/Excavator-Bucket-Tooth-Locking-Pinspecifications-600x501.png 600w, https:\/\/gfmparts.com\/wp-content\/uploads\/2025\/04\/Excavator-Bucket-Tooth-Locking-Pinspecifications.png 1721w\" sizes=\"(max-width: 949px) 100vw, 949px\" \/><\/p>\n<h3><span style=\"color: #ff6600;\"><strong>Kurulum Ad\u0131mlar\u0131<\/strong><\/span><\/h3>\n<p style=\"text-align: center;\"><img decoding=\"async\" class=\"wp-image-6813 aligncenter\" src=\"https:\/\/gfmparts.com\/wp-content\/uploads\/2025\/04\/excavator-tooth-pin-Installation-Steps-1020x1024.png\" alt=\"ekskavat\u00f6r di\u015f pimi montaj ad\u0131mlar\u0131\" width=\"907\" height=\"911\" srcset=\"https:\/\/gfmparts.com\/wp-content\/uploads\/2025\/04\/excavator-tooth-pin-Installation-Steps-1020x1024.png 1020w, https:\/\/gfmparts.com\/wp-content\/uploads\/2025\/04\/excavator-tooth-pin-Installation-Steps-300x300.png 300w, https:\/\/gfmparts.com\/wp-content\/uploads\/2025\/04\/excavator-tooth-pin-Installation-Steps-150x150.png 150w, https:\/\/gfmparts.com\/wp-content\/uploads\/2025\/04\/excavator-tooth-pin-Installation-Steps-768x771.png 768w, https:\/\/gfmparts.com\/wp-content\/uploads\/2025\/04\/excavator-tooth-pin-Installation-Steps-12x12.png 12w, https:\/\/gfmparts.com\/wp-content\/uploads\/2025\/04\/excavator-tooth-pin-Installation-Steps-600x603.png 600w, https:\/\/gfmparts.com\/wp-content\/uploads\/2025\/04\/excavator-tooth-pin-Installation-Steps-100x100.png 100w, https:\/\/gfmparts.com\/wp-content\/uploads\/2025\/04\/excavator-tooth-pin-Installation-Steps.png 1363w\" sizes=\"(max-width: 907px) 100vw, 907px\" \/><\/p>\n<h3><span style=\"color: #ff6600;\">\u00dcr\u00fcn Modelleri<\/span><\/h3>\n<p style=\"text-align: center;\"><img decoding=\"async\" class=\"alignnone size-full wp-image-3147\" src=\"https:\/\/gfmparts.com\/wp-content\/uploads\/2024\/11\/excavator-part-description-e1735350735761.png\" alt=\"ekskavat\u00f6r par\u00e7a a\u00e7\u0131klamas\u0131\" width=\"856\" height=\"694\" srcset=\"https:\/\/gfmparts.com\/wp-content\/uploads\/2024\/11\/excavator-part-description-e1735350735761.png 856w, https:\/\/gfmparts.com\/wp-content\/uploads\/2024\/11\/excavator-part-description-e1735350735761-300x243.png 300w, https:\/\/gfmparts.com\/wp-content\/uploads\/2024\/11\/excavator-part-description-e1735350735761-768x623.png 768w, https:\/\/gfmparts.com\/wp-content\/uploads\/2024\/11\/excavator-part-description-e1735350735761-600x486.png 600w\" sizes=\"(max-width: 856px) 100vw, 856px\" \/><\/p>\n<h3><span style=\"color: #ff6600;\">\u00dcretim S\u00fcreci<\/span><\/h3>\n<p><img loading=\"lazy\" decoding=\"async\" class=\"size-large wp-image-3043 aligncenter\" src=\"https:\/\/gfmparts.com\/wp-content\/uploads\/2024\/12\/\u901a\u7528\u751f\u4ea7\u6d41\u7a0b-1-1024x648.jpg\" alt=\"ekskavat\u00f6r par\u00e7a \u00fcretim s\u00fcreci\" width=\"1024\" height=\"648\" srcset=\"\" sizes=\"(max-width: 1024px) 100vw, 1024px\" data-srcset=\"\" \/><\/p>\n<h3><span style=\"color: #ff6600;\">Paketleme ve Nakliye<\/span><\/h3>\n<p style=\"text-align: center;\"><img loading=\"lazy\" decoding=\"async\" class=\"alignnone size-large wp-image-6521\" src=\"https:\/\/gfmparts.com\/wp-content\/uploads\/2025\/05\/Packaging-and-Shipping-1-1-1024x648.jpg\" alt=\"Paketleme ve Nakliye\" width=\"1024\" height=\"648\" srcset=\"https:\/\/gfmparts.com\/wp-content\/uploads\/2025\/05\/Packaging-and-Shipping-1-1-1024x648.jpg 1024w, https:\/\/gfmparts.com\/wp-content\/uploads\/2025\/05\/Packaging-and-Shipping-1-1-300x190.jpg 300w, https:\/\/gfmparts.com\/wp-content\/uploads\/2025\/05\/Packaging-and-Shipping-1-1-768x486.jpg 768w, https:\/\/gfmparts.com\/wp-content\/uploads\/2025\/05\/Packaging-and-Shipping-1-1-1536x973.jpg 1536w, https:\/\/gfmparts.com\/wp-content\/uploads\/2025\/05\/Packaging-and-Shipping-1-1-2048x1297.jpg 2048w, https:\/\/gfmparts.com\/wp-content\/uploads\/2025\/05\/Packaging-and-Shipping-1-1-600x380.jpg 600w\" sizes=\"(max-width: 1024px) 100vw, 1024px\" \/><\/p>\n<h3><span style=\"color: #ff6600;\">Fabrika Avantajlar\u0131<\/span><\/h3>\n<p><span style=\"color: #000000;\">Sekt\u00f6r lideri olarak <a style=\"color: #000000;\" href=\"https:\/\/gfmparts.com\/tr\/product\/toptan-pist-grubu-pist-ayakkabisi-fabrikasi\/\">ekskavat\u00f6r par\u00e7a \u00fcreticisi<\/a>GFM, geli\u015fmi\u015f \u00fcretim ekipmanlar\u0131na ve s\u0131k\u0131 bir kalite kontrol sistemine sahiptir. Kep\u00e7e di\u015fli pim \u00fcretim hatt\u0131m\u0131z, her \u00fcr\u00fcn\u00fcn end\u00fcstri standartlar\u0131n\u0131 kar\u015f\u0131lad\u0131\u011f\u0131ndan, hatta a\u015ft\u0131\u011f\u0131ndan emin olmak i\u00e7in CNC tak\u0131m tezgahlar\u0131 ve otomatik test ekipmanlar\u0131yla donat\u0131lm\u0131\u015ft\u0131r. Fabrika, ISO 9001 kalite y\u00f6netim sistemi sertifikas\u0131n\u0131 alm\u0131\u015ft\u0131r ve hammadde tedarikinden bitmi\u015f \u00fcr\u00fcn teslimat\u0131na kadar her ad\u0131m s\u0131k\u0131 kalite kontrol s\u00fcre\u00e7lerini takip etmektedir. Ayr\u0131ca, GFM&#039;nin Ar-Ge ekibi yeni teknolojiler ve malzemeler ke\u015ffetmeye devam etmekte ve k\u00fcresel m\u00fc\u015fterilerin artan ihtiya\u00e7lar\u0131n\u0131 kar\u015f\u0131lamak i\u00e7in daha dayan\u0131kl\u0131 ve verimli ekskavat\u00f6r aksesuarlar\u0131 geli\u015ftirmeye kendini adam\u0131\u015ft\u0131r. GFM&#039;yi k\u00fcresel ekskavat\u00f6r aksesuarlar\u0131 pazar\u0131nda \u00f6ne \u00e7\u0131karan \u015fey, kaliteye olan bu aral\u0131ks\u0131z ba\u011fl\u0131l\u0131\u011f\u0131 ve g\u00fc\u00e7l\u00fc Ar-Ge yetenekleridir.<\/span><\/p>\n<p><span style=\"color: #000000;\">GFM yaln\u0131zca standart spesifikasyonlar sa\u011flamakla kalmaz <a style=\"color: #000000;\" href=\"https:\/\/gfmparts.com\/tr\/gfm-ile-iletisime-gecin\/\">ekskavat\u00f6r di\u015f pimi<\/a>, ayn\u0131 zamanda m\u00fc\u015fterilerin \u00f6zel ihtiya\u00e7lar\u0131na g\u00f6re \u00f6zelle\u015ftirilmi\u015f \u00e7\u00f6z\u00fcmler de sunar. \u0130ster \u00f6zel malzeme se\u00e7imi, ister boyut ayarlamalar\u0131 veya h\u0131zl\u0131 sat\u0131\u015f sonras\u0131 hizmet olsun, GFM m\u00fc\u015fterilerine tek noktadan, sorunsuz bir al\u0131\u015fveri\u015f deneyimi sunmaya kendini adam\u0131\u015ft\u0131r. M\u00fc\u015fteri hizmetleri ekibimiz g\u00fcn\u00fcn 24 saati \u00e7evrimi\u00e7i olup sorular\u0131n\u0131z\u0131 yan\u0131tlamaya ve in\u015faat projenizin sorunsuz ilerlemesini sa\u011flamaya haz\u0131rd\u0131r. GFM&#039;yi se\u00e7mek, g\u00fcvenilir \u00fcr\u00fcnler, profesyonel hizmetler ve s\u00fcrekli teknik destek anlam\u0131na gelir.<\/span><\/p>\n<p style=\"text-align: center;\"><span style=\"color: #000000;\"><img loading=\"lazy\" decoding=\"async\" class=\"alignnone wp-image-2159\" src=\"https:\/\/gfmparts.com\/wp-content\/uploads\/2024\/12\/\u5fae\u4fe1\u56fe\u7247_20241202160325-1024x576.jpg\" alt=\"ekskavat\u00f6r di\u015f pimi \u00fcreticisi\" width=\"767\" height=\"431\" srcset=\"\" sizes=\"(max-width: 767px) 100vw, 767px\" data-srcset=\"\" \/><\/span><\/p>","protected":false},"excerpt":{"rendered":"<ul>\n<li><span style=\"color: #000000;\">\u00dcr\u00fcn Kalitesi Garantili<\/span><\/li>\n<li><span style=\"color: #000000;\">B\u00fcy\u00fck Tedarik<\/span><\/li>\n<li><span style=\"color: #000000;\">Rekabet\u00e7i Fiyatland\u0131rma<\/span><\/li>\n<li><span style=\"color: #000000;\">\u00c7o\u011fu Marka ve Model<\/span><\/li>\n<li><span style=\"color: #000000;\">Yard\u0131msever M\u00fc\u015fteri Hizmetleri Ekibi<\/span><\/li>\n<li><span style=\"color: #000000;\">Profesyonel Teknik Destek<\/span><\/li>\n<\/ul>","protected":false},"featured_media":6877,"template":"","meta":{"site-sidebar-layout":"default","site-content-layout":"","ast-site-content-layout":"default","site-content-style":"default","site-sidebar-style":"default","ast-global-header-display":"","ast-banner-title-visibility":"","ast-main-header-display":"","ast-hfb-above-header-display":"","ast-hfb-below-header-display":"","ast-hfb-mobile-header-display":"","site-post-title":"","ast-breadcrumbs-content":"","ast-featured-img":"","footer-sml-layout":"","theme-transparent-header-meta":"default","adv-header-id-meta":"","stick-header-meta":"default","header-above-stick-meta":"","header-main-stick-meta":"","header-below-stick-meta":"","astra-migrate-meta-layouts":"set","ast-page-background-enabled":"default","ast-page-background-meta":{"desktop":{"background-color":"","background-image":"","background-repeat":"repeat","background-position":"center center","background-size":"auto","background-attachment":"scroll","background-type":"","background-media":"","overlay-type":"","overlay-color":"","overlay-opacity":"","overlay-gradient":""},"tablet":{"background-color":"","background-image":"","background-repeat":"repeat","background-position":"center center","background-size":"auto","background-attachment":"scroll","background-type":"","background-media":"","overlay-type":"","overlay-color":"","overlay-opacity":"","overlay-gradient":""},"mobile":{"background-color":"","background-image":"","background-repeat":"repeat","background-position":"center center","background-size":"auto","background-attachment":"scroll","background-type":"","background-media":"","overlay-type":"","overlay-color":"","overlay-opacity":"","overlay-gradient":""}},"ast-content-background-meta":{"desktop":{"background-color":"var(--ast-global-color-5)","background-image":"","background-repeat":"repeat","background-position":"center center","background-size":"auto","background-attachment":"scroll","background-type":"","background-media":"","overlay-type":"","overlay-color":"","overlay-opacity":"","overlay-gradient":""},"tablet":{"background-color":"var(--ast-global-color-5)","background-image":"","background-repeat":"repeat","background-position":"center center","background-size":"auto","background-attachment":"scroll","background-type":"","background-media":"","overlay-type":"","overlay-color":"","overlay-opacity":"","overlay-gradient":""},"mobile":{"background-color":"var(--ast-global-color-5)","background-image":"","background-repeat":"repeat","background-position":"center center","background-size":"auto","background-attachment":"scroll","background-type":"","background-media":"","overlay-type":"","overlay-color":"","overlay-opacity":"","overlay-gradient":""}}},"product_cat":[27,142],"product_tag":[],"class_list":{"0":"post-3099","1":"product","2":"type-product","3":"status-publish","4":"has-post-thumbnail","6":"product_cat-parts","7":"product_cat-bucket-tooth-pins","8":"desktop-align-left","9":"tablet-align-left","10":"mobile-align-left","11":"ast-product-gallery-layout-horizontal-slider","12":"ast-product-tabs-layout-horizontal","14":"first","15":"instock","16":"shipping-taxable","17":"product-type-simple"},"yoast_head":"<!-- This site is optimized with the Yoast SEO Premium plugin v22.8 (Yoast SEO v23.9) - https:\/\/yoast.com\/wordpress\/plugins\/seo\/ -->\n<title>Excavator Bucket Teeth Pin Manufacturer - GFM<\/title>\n<meta name=\"description\" content=\"GFM excavator parts manufacturer not only provides standard specifications of excavator bucket tooth pins, but also provides customized services according to customer specific needs.\" \/>\n<meta name=\"robots\" content=\"index, follow, max-snippet:-1, max-image-preview:large, max-video-preview:-1\" \/>\n<link rel=\"canonical\" href=\"https:\/\/gfmparts.com\/tr\/product\/ekskavator-kepce-dis-pimi-ureticisi\/\" \/>\n<meta property=\"og:locale\" content=\"tr_TR\" \/>\n<meta property=\"og:type\" content=\"article\" \/>\n<meta property=\"og:title\" content=\"Excavator Bucket Teeth Pin Manufacturer\" \/>\n<meta property=\"og:description\" content=\"GFM excavator parts manufacturer not only provides standard specifications of excavator bucket tooth pins, but also provides customized services according to customer specific needs.\" \/>\n<meta property=\"og:url\" content=\"https:\/\/gfmparts.com\/tr\/product\/ekskavator-kepce-dis-pimi-ureticisi\/\" \/>\n<meta property=\"article:publisher\" content=\"https:\/\/www.facebook.com\/gfmparts\" \/>\n<meta property=\"article:modified_time\" content=\"2025-07-09T08:13:02+00:00\" \/>\n<meta property=\"og:image\" content=\"https:\/\/gfmparts.com\/wp-content\/uploads\/2024\/12\/Excavator-Bucket-Teeth-Pin-4.png\" \/>\n\t<meta property=\"og:image:width\" content=\"1000\" \/>\n\t<meta property=\"og:image:height\" content=\"1000\" \/>\n\t<meta property=\"og:image:type\" content=\"image\/png\" \/>\n<meta name=\"twitter:card\" content=\"summary_large_image\" \/>\n<meta name=\"twitter:label1\" content=\"Tahmini okuma s\u00fcresi\" \/>\n\t<meta name=\"twitter:data1\" content=\"4 dakika\" \/>\n<script type=\"application\/ld+json\" class=\"yoast-schema-graph\">{\"@context\":\"https:\/\/schema.org\",\"@graph\":[{\"@type\":\"WebPage\",\"@id\":\"https:\/\/gfmparts.com\/product\/excavator-bucket-teeth-pin-manufacturer\/\",\"url\":\"https:\/\/gfmparts.com\/product\/excavator-bucket-teeth-pin-manufacturer\/\",\"name\":\"Excavator Bucket Teeth Pin Manufacturer - GFM\",\"isPartOf\":{\"@id\":\"https:\/\/gfmparts.com\/#website\"},\"primaryImageOfPage\":{\"@id\":\"https:\/\/gfmparts.com\/product\/excavator-bucket-teeth-pin-manufacturer\/#primaryimage\"},\"image\":{\"@id\":\"https:\/\/gfmparts.com\/product\/excavator-bucket-teeth-pin-manufacturer\/#primaryimage\"},\"thumbnailUrl\":\"https:\/\/gfmparts.com\/wp-content\/uploads\/2024\/12\/Excavator-Bucket-Teeth-Pin-4.png\",\"datePublished\":\"2024-12-24T06:06:51+00:00\",\"dateModified\":\"2025-07-09T08:13:02+00:00\",\"description\":\"GFM excavator parts manufacturer not only provides standard specifications of excavator bucket tooth pins, but also provides customized services according to customer specific needs.\",\"breadcrumb\":{\"@id\":\"https:\/\/gfmparts.com\/product\/excavator-bucket-teeth-pin-manufacturer\/#breadcrumb\"},\"inLanguage\":\"tr\",\"potentialAction\":[{\"@type\":\"ReadAction\",\"target\":[\"https:\/\/gfmparts.com\/product\/excavator-bucket-teeth-pin-manufacturer\/\"]}]},{\"@type\":\"ImageObject\",\"inLanguage\":\"tr\",\"@id\":\"https:\/\/gfmparts.com\/product\/excavator-bucket-teeth-pin-manufacturer\/#primaryimage\",\"url\":\"https:\/\/gfmparts.com\/wp-content\/uploads\/2024\/12\/Excavator-Bucket-Teeth-Pin-4.png\",\"contentUrl\":\"https:\/\/gfmparts.com\/wp-content\/uploads\/2024\/12\/Excavator-Bucket-Teeth-Pin-4.png\",\"width\":1000,\"height\":1000,\"caption\":\"Excavator Bucket Teeth Pin\"},{\"@type\":\"BreadcrumbList\",\"@id\":\"https:\/\/gfmparts.com\/product\/excavator-bucket-teeth-pin-manufacturer\/#breadcrumb\",\"itemListElement\":[{\"@type\":\"ListItem\",\"position\":1,\"name\":\"\u9996\u9875\",\"item\":\"https:\/\/gfmparts.com\/\"},{\"@type\":\"ListItem\",\"position\":2,\"name\":\"All Product\",\"item\":\"https:\/\/gfmparts.com\/all-product\/\"},{\"@type\":\"ListItem\",\"position\":3,\"name\":\"Excavator Bucket Teeth Pin Manufacturer\"}]},{\"@type\":\"WebSite\",\"@id\":\"https:\/\/gfmparts.com\/#website\",\"url\":\"https:\/\/gfmparts.com\/\",\"name\":\"GFM PARTS\",\"description\":\"GFM since 2011 focused on excavator and bulldozer undercarriage parts manufacturing :Track rollers,carrier roller,idler,sprocket,track group,bucket tooth pin.\",\"publisher\":{\"@id\":\"https:\/\/gfmparts.com\/#organization\"},\"alternateName\":\"gfmparts.com\",\"potentialAction\":[{\"@type\":\"SearchAction\",\"target\":{\"@type\":\"EntryPoint\",\"urlTemplate\":\"https:\/\/gfmparts.com\/?s={search_term_string}\"},\"query-input\":{\"@type\":\"PropertyValueSpecification\",\"valueRequired\":true,\"valueName\":\"search_term_string\"}}],\"inLanguage\":\"tr\"},{\"@type\":\"Organization\",\"@id\":\"https:\/\/gfmparts.com\/#organization\",\"name\":\"GFM PARTS\",\"url\":\"https:\/\/gfmparts.com\/\",\"logo\":{\"@type\":\"ImageObject\",\"inLanguage\":\"tr\",\"@id\":\"https:\/\/gfmparts.com\/#\/schema\/logo\/image\/\",\"url\":\"https:\/\/gfmparts.com\/wp-content\/uploads\/2024\/11\/cropped-GFMparts.com_-2.png\",\"contentUrl\":\"https:\/\/gfmparts.com\/wp-content\/uploads\/2024\/11\/cropped-GFMparts.com_-2.png\",\"width\":5987,\"height\":2564,\"caption\":\"GFM PARTS\"},\"image\":{\"@id\":\"https:\/\/gfmparts.com\/#\/schema\/logo\/image\/\"},\"sameAs\":[\"https:\/\/www.facebook.com\/gfmparts\",\"https:\/\/www.linkedin.com\/company\/gfmparts\/\",\"https:\/\/www.tiktok.com\/@gfmparts\",\"https:\/\/www.youtube.com\/@GFMparts\/featured\"]}]}<\/script>\n<!-- \/ Yoast SEO Premium plugin. -->","yoast_head_json":{"title":"Excavator Bucket Teeth Pin Manufacturer - GFM","description":"GFM excavator parts manufacturer not only provides standard specifications of excavator bucket tooth pins, but also provides customized services according to customer specific needs.","robots":{"index":"index","follow":"follow","max-snippet":"max-snippet:-1","max-image-preview":"max-image-preview:large","max-video-preview":"max-video-preview:-1"},"canonical":"https:\/\/gfmparts.com\/tr\/product\/ekskavator-kepce-dis-pimi-ureticisi\/","og_locale":"tr_TR","og_type":"article","og_title":"Excavator Bucket Teeth Pin Manufacturer","og_description":"GFM excavator parts manufacturer not only provides standard specifications of excavator bucket tooth pins, but also provides customized services according to customer specific needs.","og_url":"https:\/\/gfmparts.com\/tr\/product\/ekskavator-kepce-dis-pimi-ureticisi\/","article_publisher":"https:\/\/www.facebook.com\/gfmparts","article_modified_time":"2025-07-09T08:13:02+00:00","og_image":[{"width":1000,"height":1000,"url":"https:\/\/gfmparts.com\/wp-content\/uploads\/2024\/12\/Excavator-Bucket-Teeth-Pin-4.png","type":"image\/png"}],"twitter_card":"summary_large_image","twitter_misc":{"Tahmini okuma s\u00fcresi":"4 dakika"},"schema":{"@context":"https:\/\/schema.org","@graph":[{"@type":"WebPage","@id":"https:\/\/gfmparts.com\/product\/excavator-bucket-teeth-pin-manufacturer\/","url":"https:\/\/gfmparts.com\/product\/excavator-bucket-teeth-pin-manufacturer\/","name":"Excavator Bucket Teeth Pin Manufacturer - GFM","isPartOf":{"@id":"https:\/\/gfmparts.com\/#website"},"primaryImageOfPage":{"@id":"https:\/\/gfmparts.com\/product\/excavator-bucket-teeth-pin-manufacturer\/#primaryimage"},"image":{"@id":"https:\/\/gfmparts.com\/product\/excavator-bucket-teeth-pin-manufacturer\/#primaryimage"},"thumbnailUrl":"https:\/\/gfmparts.com\/wp-content\/uploads\/2024\/12\/Excavator-Bucket-Teeth-Pin-4.png","datePublished":"2024-12-24T06:06:51+00:00","dateModified":"2025-07-09T08:13:02+00:00","description":"GFM excavator parts manufacturer not only provides standard specifications of excavator bucket tooth pins, but also provides customized services according to customer specific needs.","breadcrumb":{"@id":"https:\/\/gfmparts.com\/product\/excavator-bucket-teeth-pin-manufacturer\/#breadcrumb"},"inLanguage":"tr","potentialAction":[{"@type":"ReadAction","target":["https:\/\/gfmparts.com\/product\/excavator-bucket-teeth-pin-manufacturer\/"]}]},{"@type":"ImageObject","inLanguage":"tr","@id":"https:\/\/gfmparts.com\/product\/excavator-bucket-teeth-pin-manufacturer\/#primaryimage","url":"https:\/\/gfmparts.com\/wp-content\/uploads\/2024\/12\/Excavator-Bucket-Teeth-Pin-4.png","contentUrl":"https:\/\/gfmparts.com\/wp-content\/uploads\/2024\/12\/Excavator-Bucket-Teeth-Pin-4.png","width":1000,"height":1000,"caption":"Excavator Bucket Teeth Pin"},{"@type":"BreadcrumbList","@id":"https:\/\/gfmparts.com\/product\/excavator-bucket-teeth-pin-manufacturer\/#breadcrumb","itemListElement":[{"@type":"ListItem","position":1,"name":"\u9996\u9875","item":"https:\/\/gfmparts.com\/"},{"@type":"ListItem","position":2,"name":"All Product","item":"https:\/\/gfmparts.com\/all-product\/"},{"@type":"ListItem","position":3,"name":"Excavator Bucket Teeth Pin Manufacturer"}]},{"@type":"WebSite","@id":"https:\/\/gfmparts.com\/#website","url":"https:\/\/gfmparts.com\/","name":"GFM PARTS","description":"GFM since 2011 focused on excavator and bulldozer undercarriage parts manufacturing :Track rollers,carrier roller,idler,sprocket,track group,bucket tooth pin.","publisher":{"@id":"https:\/\/gfmparts.com\/#organization"},"alternateName":"gfmparts.com","potentialAction":[{"@type":"SearchAction","target":{"@type":"EntryPoint","urlTemplate":"https:\/\/gfmparts.com\/?s={search_term_string}"},"query-input":{"@type":"PropertyValueSpecification","valueRequired":true,"valueName":"search_term_string"}}],"inLanguage":"tr"},{"@type":"Organization","@id":"https:\/\/gfmparts.com\/#organization","name":"GFM PARTS","url":"https:\/\/gfmparts.com\/","logo":{"@type":"ImageObject","inLanguage":"tr","@id":"https:\/\/gfmparts.com\/#\/schema\/logo\/image\/","url":"https:\/\/gfmparts.com\/wp-content\/uploads\/2024\/11\/cropped-GFMparts.com_-2.png","contentUrl":"https:\/\/gfmparts.com\/wp-content\/uploads\/2024\/11\/cropped-GFMparts.com_-2.png","width":5987,"height":2564,"caption":"GFM PARTS"},"image":{"@id":"https:\/\/gfmparts.com\/#\/schema\/logo\/image\/"},"sameAs":["https:\/\/www.facebook.com\/gfmparts","https:\/\/www.linkedin.com\/company\/gfmparts\/","https:\/\/www.tiktok.com\/@gfmparts","https:\/\/www.youtube.com\/@GFMparts\/featured"]}]}},"_links":{"self":[{"href":"https:\/\/gfmparts.com\/tr\/wp-json\/wp\/v2\/product\/3099"}],"collection":[{"href":"https:\/\/gfmparts.com\/tr\/wp-json\/wp\/v2\/product"}],"about":[{"href":"https:\/\/gfmparts.com\/tr\/wp-json\/wp\/v2\/types\/product"}],"wp:featuredmedia":[{"embeddable":true,"href":"https:\/\/gfmparts.com\/tr\/wp-json\/wp\/v2\/media\/6877"}],"wp:attachment":[{"href":"https:\/\/gfmparts.com\/tr\/wp-json\/wp\/v2\/media?parent=3099"}],"wp:term":[{"taxonomy":"product_cat","embeddable":true,"href":"https:\/\/gfmparts.com\/tr\/wp-json\/wp\/v2\/product_cat?post=3099"},{"taxonomy":"product_tag","embeddable":true,"href":"https:\/\/gfmparts.com\/tr\/wp-json\/wp\/v2\/product_tag?post=3099"}],"curies":[{"name":"wp","href":"https:\/\/api.w.org\/{rel}","templated":true}]}}