{"id":3126,"date":"2024-12-26T09:00:41","date_gmt":"2024-12-26T09:00:41","guid":{"rendered":"https:\/\/gfmparts.com\/?post_type=product&#038;p=3126"},"modified":"2025-07-15T06:16:27","modified_gmt":"2025-07-15T06:16:27","slug":"best-excavator-bucket-bush-manufacturer","status":"publish","type":"product","link":"https:\/\/gfmparts.com\/tr\/product\/en-iyi-ekskavator-kepce-burcu-ureticisi\/","title":{"rendered":"En \u0130yi Ekskavat\u00f6r Kova Burcu \u00dcreticisi"},"content":{"rendered":"<p><span style=\"color: #000000;\">GFM, y\u00fcksek performans konusunda uzmanla\u015fm\u0131\u015ft\u0131r <a style=\"color: #000000;\" href=\"https:\/\/gfmparts.com\/tr\/product\/ozel-ekskavator-kepce-pimi-ureticisi\/\">ekskavat\u00f6r kep\u00e7esi \u00e7al\u0131s\u0131<\/a> Zorlu \u00e7al\u0131\u015fma ortamlar\u0131 i\u00e7in tasarlanm\u0131\u015ft\u0131r. Bu kova bur\u00e7lar\u0131, y\u00fcksek mukavemetli, a\u015f\u0131nmaya dayan\u0131kl\u0131 ala\u015f\u0131ml\u0131 malzemelerden \u00fcretilmi\u015f olup, a\u011f\u0131r y\u00fckler ve zorlu \u00e7al\u0131\u015fma ko\u015fullar\u0131 alt\u0131nda m\u00fckemmel dayan\u0131kl\u0131l\u0131k ve darbe direnci sa\u011flamak i\u00e7in hassas d\u00f6k\u00fcm ve \u0131s\u0131l i\u015flemden ge\u00e7irilmi\u015ftir. Benzersiz tasar\u0131m\u0131, s\u00fcrt\u00fcnmeyi ve g\u00fcr\u00fclt\u00fcy\u00fc etkili bir \u015fekilde azaltabilir, kaz\u0131 verimlili\u011fini art\u0131rabilir ve bak\u0131m maliyetlerini d\u00fc\u015f\u00fcrebilir. \u0130ster madencilik, ister yol yap\u0131m\u0131 veya hafriyat olsun, GFM kova bur\u00e7lar\u0131 ekskavat\u00f6r\u00fcn\u00fcz i\u00e7in vazge\u00e7ilmez bir y\u00fckseltmedir ve her kaz\u0131y\u0131 daha sorunsuz ve daha verimli hale getirir.<\/span><\/p>\n<p style=\"text-align: center;\"><img fetchpriority=\"high\" decoding=\"async\" class=\"alignnone wp-image-3132\" src=\"https:\/\/gfmparts.com\/wp-content\/uploads\/2024\/12\/Excavator-Bucket-Bush-5-768x1024.jpg\" alt=\"\" width=\"340\" height=\"453\" srcset=\"https:\/\/gfmparts.com\/wp-content\/uploads\/2024\/12\/Excavator-Bucket-Bush-5-768x1024.jpg 768w, https:\/\/gfmparts.com\/wp-content\/uploads\/2024\/12\/Excavator-Bucket-Bush-5-225x300.jpg 225w, https:\/\/gfmparts.com\/wp-content\/uploads\/2024\/12\/Excavator-Bucket-Bush-5-1152x1536.jpg 1152w, https:\/\/gfmparts.com\/wp-content\/uploads\/2024\/12\/Excavator-Bucket-Bush-5-1536x2048.jpg 1536w, https:\/\/gfmparts.com\/wp-content\/uploads\/2024\/12\/Excavator-Bucket-Bush-5-600x800.jpg 600w, https:\/\/gfmparts.com\/wp-content\/uploads\/2024\/12\/Excavator-Bucket-Bush-5-scaled.jpg 1920w\" sizes=\"(max-width: 340px) 100vw, 340px\" \/> \u00a0<img decoding=\"async\" class=\"alignnone wp-image-3133\" src=\"https:\/\/gfmparts.com\/wp-content\/uploads\/2024\/12\/Excavator-Bucket-Bush-6-768x1024.jpg\" alt=\"\" width=\"339\" height=\"452\" srcset=\"https:\/\/gfmparts.com\/wp-content\/uploads\/2024\/12\/Excavator-Bucket-Bush-6-768x1024.jpg 768w, https:\/\/gfmparts.com\/wp-content\/uploads\/2024\/12\/Excavator-Bucket-Bush-6-225x300.jpg 225w, https:\/\/gfmparts.com\/wp-content\/uploads\/2024\/12\/Excavator-Bucket-Bush-6-1152x1536.jpg 1152w, https:\/\/gfmparts.com\/wp-content\/uploads\/2024\/12\/Excavator-Bucket-Bush-6-1536x2048.jpg 1536w, https:\/\/gfmparts.com\/wp-content\/uploads\/2024\/12\/Excavator-Bucket-Bush-6-600x800.jpg 600w, https:\/\/gfmparts.com\/wp-content\/uploads\/2024\/12\/Excavator-Bucket-Bush-6-scaled.jpg 1920w\" sizes=\"(max-width: 339px) 100vw, 339px\" \/><\/p>\n<h3><span style=\"color: #ff6600;\">\u00dcr\u00fcn A\u00e7\u0131klamas\u0131<\/span><\/h3>\n<ul>\n<li><span style=\"color: #000000;\"><strong>Hammadde:<\/strong> 40CR<\/span><\/li>\n<li><span style=\"color: #000000;\"><strong>Minimum Sipari\u015f Adedi:<\/strong>\u00a01 Bilgisayar<\/span><\/li>\n<li><span style=\"color: #000000;\"><strong>\u00d6deme y\u00f6ntemi:<\/strong>\u00a0T\/T<\/span><\/li>\n<li><span style=\"color: #000000;\"><strong>Marka:<\/strong>\u00a0GFM<\/span><\/li>\n<li><span style=\"color: #000000;\"><strong>Durum:<\/strong>\u00a0Yeni<\/span><\/li>\n<li><span style=\"color: #000000;\"><strong>Renk:<\/strong>\u00a0Sar\u0131, Siyah veya \u00d6zelle\u015ftirilmi\u015f<\/span><\/li>\n<li><span style=\"color: #000000;\"><strong>Kur\u015fun zaman\u0131:<\/strong>\u00a030 g\u00fcn<\/span><\/li>\n<li><span style=\"color: #000000;\"><strong>Garanti:<\/strong>\u00a01 Y\u0131l<\/span><\/li>\n<li><span style=\"color: #000000;\"><strong>Hizmet:<\/strong>\u00a0OEM veya ODM<\/span><\/li>\n<li><span style=\"color: #000000;\"><strong>Men\u015fei Yeri:<\/strong>\u00a0Fujian, \u00c7in<\/span><\/li>\n<li><span style=\"color: #000000;\"><strong>Ba\u015fvuru:<\/strong> Ekskavat\u00f6r<\/span><\/li>\n<li><span style=\"color: #000000;\"><strong>Paketleme:<\/strong>\u00a0Standart \u0130hracat Ah\u015fap Palet<\/span><\/li>\n<\/ul>\n<h3><span style=\"color: #ff6600;\">\u00d6zellikler<\/span><\/h3>\n<p style=\"text-align: center;\"><img decoding=\"async\" class=\"alignnone size-full wp-image-3134\" src=\"https:\/\/gfmparts.com\/wp-content\/uploads\/2024\/12\/Excavator-Bucket-Bush-description.png\" alt=\"Ekskavat\u00f6r Kova Burcu a\u00e7\u0131klamas\u0131\" width=\"762\" height=\"346\" srcset=\"https:\/\/gfmparts.com\/wp-content\/uploads\/2024\/12\/Excavator-Bucket-Bush-description.png 762w, https:\/\/gfmparts.com\/wp-content\/uploads\/2024\/12\/Excavator-Bucket-Bush-description-300x136.png 300w, https:\/\/gfmparts.com\/wp-content\/uploads\/2024\/12\/Excavator-Bucket-Bush-description-600x272.png 600w\" sizes=\"(max-width: 762px) 100vw, 762px\" \/><\/p>\n<h3><span style=\"color: #ff6600;\">\u00d6zellikler<\/span><\/h3>\n<ul>\n<li><b><\/b><span style=\"color: #000000;\"><strong><b>Dayan\u0131kl\u0131<\/b><\/strong>: Uzun \u00f6m\u00fcrl\u00fc performans i\u00e7in y\u00fcksek mukavemetli, a\u015f\u0131nmaya dayan\u0131kl\u0131 \u00e7elikten \u00fcretilmi\u015ftir.<\/span><\/li>\n<li><span style=\"color: #000000;\"><b><\/b><strong><b>M\u00fckemmel Uyum<\/b><\/strong>: \u00c7e\u015fitli ekskavat\u00f6rlerle kolay kurulum ve uyumluluk i\u00e7in hassas m\u00fchendislikle \u00fcretilmi\u015ftir.<\/span><\/li>\n<li><span style=\"color: #000000;\"><b><\/b><strong><b>Sorunsuz \u00c7al\u0131\u015fma<\/b><\/strong>: Zorlu ko\u015fullarda daha iyi verimlilik i\u00e7in s\u00fcrt\u00fcnmeyi azalt\u0131r.<\/span><\/li>\n<li><span style=\"color: #000000;\"><b><\/b><strong><b>Sa\u011flam Yap\u0131l\u0131<\/b><\/strong>: A\u011f\u0131r darbelere dayan\u0131kl\u0131d\u0131r, g\u00fcvenilir ve az bak\u0131m gerektirir.<\/span><\/li>\n<li><span style=\"color: #000000;\"><b><\/b><strong><b>Maliyet Etkin<\/b><\/strong>: Rekabet\u00e7i fiyata OEM kalitesinde performans.<\/span><b><\/b><\/li>\n<\/ul>\n<h3><span style=\"color: #ff6600;\">\u00dcr\u00fcn Modelleri<\/span><\/h3>\n<p style=\"text-align: center;\"><img loading=\"lazy\" decoding=\"async\" class=\"alignnone size-full wp-image-3147\" src=\"https:\/\/gfmparts.com\/wp-content\/uploads\/2024\/11\/excavator-part-description-e1735350735761.png\" alt=\"ekskavat\u00f6r par\u00e7a a\u00e7\u0131klamas\u0131\" width=\"856\" height=\"694\" srcset=\"https:\/\/gfmparts.com\/wp-content\/uploads\/2024\/11\/excavator-part-description-e1735350735761.png 856w, https:\/\/gfmparts.com\/wp-content\/uploads\/2024\/11\/excavator-part-description-e1735350735761-300x243.png 300w, https:\/\/gfmparts.com\/wp-content\/uploads\/2024\/11\/excavator-part-description-e1735350735761-768x623.png 768w, https:\/\/gfmparts.com\/wp-content\/uploads\/2024\/11\/excavator-part-description-e1735350735761-600x486.png 600w\" sizes=\"(max-width: 856px) 100vw, 856px\" \/><\/p>\n<h3><span style=\"color: #ff6600;\">\u00dcretim S\u00fcreci<\/span><\/h3>\n<p style=\"text-align: center;\"><iframe title=\"YouTube video oynat\u0131c\u0131s\u0131\" src=\"https:\/\/www.youtube.com\/embed\/S9FgH9x9cPU?si=ts181DKmJtj_6aaN\" width=\"1000\" height=\"563\" frameborder=\"0\" allowfullscreen=\"allowfullscreen\"><span data-mce-type=\"bookmark\" style=\"display: inline-block; width: 0px; overflow: hidden; line-height: 0;\" class=\"mce_SELRES_start\"><\/span><\/iframe><\/p>\n<p><img loading=\"lazy\" decoding=\"async\" class=\"size-large wp-image-3043 aligncenter\" src=\"https:\/\/gfmparts.com\/wp-content\/uploads\/2024\/12\/\u901a\u7528\u751f\u4ea7\u6d41\u7a0b-1-1024x648.jpg\" alt=\"ekskavat\u00f6r par\u00e7a \u00fcretim s\u00fcreci\" width=\"1024\" height=\"648\" srcset=\"\" sizes=\"(max-width: 1024px) 100vw, 1024px\" data-srcset=\"\" \/><\/p>\n<h3><span style=\"color: #ff6600;\">Paketleme ve Nakliye<\/span><\/h3>\n<p style=\"text-align: center;\"><img loading=\"lazy\" decoding=\"async\" class=\"alignnone size-large wp-image-6521\" src=\"https:\/\/gfmparts.com\/wp-content\/uploads\/2025\/05\/Packaging-and-Shipping-1-1-1024x648.jpg\" alt=\"Paketleme ve Nakliye\" width=\"1024\" height=\"648\" srcset=\"https:\/\/gfmparts.com\/wp-content\/uploads\/2025\/05\/Packaging-and-Shipping-1-1-1024x648.jpg 1024w, https:\/\/gfmparts.com\/wp-content\/uploads\/2025\/05\/Packaging-and-Shipping-1-1-300x190.jpg 300w, https:\/\/gfmparts.com\/wp-content\/uploads\/2025\/05\/Packaging-and-Shipping-1-1-768x486.jpg 768w, https:\/\/gfmparts.com\/wp-content\/uploads\/2025\/05\/Packaging-and-Shipping-1-1-1536x973.jpg 1536w, https:\/\/gfmparts.com\/wp-content\/uploads\/2025\/05\/Packaging-and-Shipping-1-1-2048x1297.jpg 2048w, https:\/\/gfmparts.com\/wp-content\/uploads\/2025\/05\/Packaging-and-Shipping-1-1-600x380.jpg 600w\" sizes=\"(max-width: 1024px) 100vw, 1024px\" \/><\/p>\n<h3><span style=\"color: #ff6600;\">Fabrika Avantajlar\u0131<\/span><\/h3>\n<p><span style=\"color: #000000;\">Bir profesyonel olarak <a style=\"color: #000000;\" href=\"https:\/\/gfmparts.com\/tr\/product\/ekskavator-kepce-dis-pimi-ureticisi\/\"><span class=\"keyword _ngcontent-sbz-115\" aria-hidden=\"false\">ekskavat\u00f6r kova pimleri ve bur\u00e7lar\u0131 <\/span><\/a>\u00dcretici GFM, geli\u015fmi\u015f \u00fcretim ekipmanlar\u0131na ve s\u0131k\u0131 bir kalite kontrol sistemine sahiptir. Fabrikam\u0131z, tam otomatik \u00fcretim hatlar\u0131 ve hassas test cihazlar\u0131yla donat\u0131lm\u0131\u015ft\u0131r. Hammadde elemesinden bitmi\u015f \u00fcr\u00fcn teslimat\u0131na kadar her s\u00fcre\u00e7, her kova burcunun sekt\u00f6r standartlar\u0131n\u0131 kar\u015f\u0131lamas\u0131n\u0131, hatta a\u015fmas\u0131n\u0131 sa\u011flamak i\u00e7in s\u0131k\u0131 bir \u015fekilde kontrol edilir. Ayr\u0131ca GFM, pazar\u0131n \u00e7e\u015fitli ihtiya\u00e7lar\u0131n\u0131 kar\u015f\u0131lamak i\u00e7in tasar\u0131mlar\u0131 s\u00fcrekli olarak yenileyen deneyimli bir Ar-Ge ekibine sahiptir.<\/span><\/p>\n<p><span style=\"color: #000000;\">GFM ekskavat\u00f6r par\u00e7a \u00fcreticisi olarak, m\u00fckemmel a\u015f\u0131nma direnci, darbe dayan\u0131m\u0131 ve d\u00fc\u015f\u00fck s\u00fcrt\u00fcnme tasar\u0131m\u0131yla kep\u00e7e bur\u00e7lar\u0131m\u0131z, ekskavat\u00f6r\u00fcn \u00e7al\u0131\u015fma verimlili\u011fini ve hizmet \u00f6mr\u00fcn\u00fc \u00f6nemli \u00f6l\u00e7\u00fcde art\u0131r\u0131r. Bu avantajlar, fabrikam\u0131zda benimsenen geli\u015fmi\u015f \u00fcretim teknolojisi ve s\u0131k\u0131 kalite kontrol s\u00fcrecinin yan\u0131 s\u0131ra hammaddelerin \u00f6zenle se\u00e7ilmesinden kaynaklanmaktad\u0131r. Kep\u00e7e bur\u00e7lar\u0131n\u0131 standart boyutlarda sa\u011flaman\u0131n yan\u0131 s\u0131ra, en iyi uyumu sa\u011flamak i\u00e7in m\u00fc\u015fterilerimizin \u00f6zel ihtiya\u00e7lar\u0131na g\u00f6re de \u00f6zelle\u015ftiriyoruz.<\/span><\/p>\n<p style=\"text-align: center;\"><span style=\"color: #000000;\"><img loading=\"lazy\" decoding=\"async\" class=\"alignnone wp-image-2159\" src=\"https:\/\/gfmparts.com\/wp-content\/uploads\/2024\/12\/\u5fae\u4fe1\u56fe\u7247_20241202160325-1024x576.jpg\" alt=\"ekskavat\u00f6r di\u015f pimi \u00fcreticisi\" width=\"767\" height=\"431\" srcset=\"\" sizes=\"(max-width: 767px) 100vw, 767px\" data-srcset=\"\" \/><\/span><\/p>","protected":false},"excerpt":{"rendered":"<ul>\n<li><span style=\"color: #000000;\">\u00dcr\u00fcn Kalitesi Garantili<\/span><\/li>\n<li><span style=\"color: #000000;\">B\u00fcy\u00fck Tedarik<\/span><\/li>\n<li><span style=\"color: #000000;\">Rekabet\u00e7i Fiyatland\u0131rma<\/span><\/li>\n<li><span style=\"color: #000000;\">\u00c7o\u011fu Marka ve Model<\/span><\/li>\n<li><span style=\"color: #000000;\">Yard\u0131msever M\u00fc\u015fteri Hizmetleri Ekibi<\/span><\/li>\n<li><span style=\"color: #000000;\">Profesyonel Teknik Destek<\/span><\/li>\n<\/ul>","protected":false},"featured_media":3600,"template":"","meta":{"site-sidebar-layout":"default","site-content-layout":"","ast-site-content-layout":"default","site-content-style":"default","site-sidebar-style":"default","ast-global-header-display":"","ast-banner-title-visibility":"","ast-main-header-display":"","ast-hfb-above-header-display":"","ast-hfb-below-header-display":"","ast-hfb-mobile-header-display":"","site-post-title":"","ast-breadcrumbs-content":"","ast-featured-img":"","footer-sml-layout":"","theme-transparent-header-meta":"default","adv-header-id-meta":"","stick-header-meta":"default","header-above-stick-meta":"","header-main-stick-meta":"","header-below-stick-meta":"","astra-migrate-meta-layouts":"set","ast-page-background-enabled":"default","ast-page-background-meta":{"desktop":{"background-color":"","background-image":"","background-repeat":"repeat","background-position":"center center","background-size":"auto","background-attachment":"scroll","background-type":"","background-media":"","overlay-type":"","overlay-color":"","overlay-opacity":"","overlay-gradient":""},"tablet":{"background-color":"","background-image":"","background-repeat":"repeat","background-position":"center center","background-size":"auto","background-attachment":"scroll","background-type":"","background-media":"","overlay-type":"","overlay-color":"","overlay-opacity":"","overlay-gradient":""},"mobile":{"background-color":"","background-image":"","background-repeat":"repeat","background-position":"center center","background-size":"auto","background-attachment":"scroll","background-type":"","background-media":"","overlay-type":"","overlay-color":"","overlay-opacity":"","overlay-gradient":""}},"ast-content-background-meta":{"desktop":{"background-color":"var(--ast-global-color-5)","background-image":"","background-repeat":"repeat","background-position":"center center","background-size":"auto","background-attachment":"scroll","background-type":"","background-media":"","overlay-type":"","overlay-color":"","overlay-opacity":"","overlay-gradient":""},"tablet":{"background-color":"var(--ast-global-color-5)","background-image":"","background-repeat":"repeat","background-position":"center center","background-size":"auto","background-attachment":"scroll","background-type":"","background-media":"","overlay-type":"","overlay-color":"","overlay-opacity":"","overlay-gradient":""},"mobile":{"background-color":"var(--ast-global-color-5)","background-image":"","background-repeat":"repeat","background-position":"center center","background-size":"auto","background-attachment":"scroll","background-type":"","background-media":"","overlay-type":"","overlay-color":"","overlay-opacity":"","overlay-gradient":""}}},"product_cat":[27,36],"product_tag":[],"class_list":{"0":"post-3126","1":"product","2":"type-product","3":"status-publish","4":"has-post-thumbnail","6":"product_cat-parts","7":"product_cat-pin-bush","8":"desktop-align-left","9":"tablet-align-left","10":"mobile-align-left","11":"ast-product-gallery-layout-horizontal-slider","12":"ast-product-tabs-layout-horizontal","14":"first","15":"instock","16":"shipping-taxable","17":"product-type-simple"},"yoast_head":"<!-- This site is optimized with the Yoast SEO Premium plugin v22.8 (Yoast SEO v23.9) - https:\/\/yoast.com\/wordpress\/plugins\/seo\/ -->\n<title>Best Excavator Bucket Bush Manufacturer - GFM<\/title>\n<meta name=\"description\" content=\"As a professional excavator bucket bushing manufacturer, GFM has advanced production equipment and a strict quality control system.\" \/>\n<meta name=\"robots\" content=\"index, follow, max-snippet:-1, max-image-preview:large, max-video-preview:-1\" \/>\n<link rel=\"canonical\" href=\"https:\/\/gfmparts.com\/tr\/product\/en-iyi-ekskavator-kepce-burcu-ureticisi\/\" \/>\n<meta property=\"og:locale\" content=\"tr_TR\" \/>\n<meta property=\"og:type\" content=\"article\" \/>\n<meta property=\"og:title\" content=\"Best Excavator Bucket Bush Manufacturer\" \/>\n<meta property=\"og:description\" content=\"As a professional excavator bucket bushing manufacturer, GFM has advanced production equipment and a strict quality control system.\" \/>\n<meta property=\"og:url\" content=\"https:\/\/gfmparts.com\/tr\/product\/en-iyi-ekskavator-kepce-burcu-ureticisi\/\" \/>\n<meta property=\"article:publisher\" content=\"https:\/\/www.facebook.com\/gfmparts\" \/>\n<meta property=\"article:modified_time\" content=\"2025-07-15T06:16:27+00:00\" \/>\n<meta property=\"og:image\" content=\"https:\/\/gfmparts.com\/wp-content\/uploads\/2024\/12\/Excavator-Bucket-Bush-2-1024x1024.png\" \/>\n\t<meta property=\"og:image:width\" content=\"1024\" \/>\n\t<meta property=\"og:image:height\" content=\"1024\" \/>\n\t<meta property=\"og:image:type\" content=\"image\/png\" \/>\n<meta name=\"twitter:card\" content=\"summary_large_image\" \/>\n<meta name=\"twitter:label1\" content=\"Tahmini okuma s\u00fcresi\" \/>\n\t<meta name=\"twitter:data1\" content=\"4 dakika\" \/>\n<script type=\"application\/ld+json\" class=\"yoast-schema-graph\">{\"@context\":\"https:\/\/schema.org\",\"@graph\":[{\"@type\":\"WebPage\",\"@id\":\"https:\/\/gfmparts.com\/product\/best-excavator-bucket-bush-manufacturer\/\",\"url\":\"https:\/\/gfmparts.com\/product\/best-excavator-bucket-bush-manufacturer\/\",\"name\":\"Best Excavator Bucket Bush Manufacturer - GFM\",\"isPartOf\":{\"@id\":\"https:\/\/gfmparts.com\/#website\"},\"primaryImageOfPage\":{\"@id\":\"https:\/\/gfmparts.com\/product\/best-excavator-bucket-bush-manufacturer\/#primaryimage\"},\"image\":{\"@id\":\"https:\/\/gfmparts.com\/product\/best-excavator-bucket-bush-manufacturer\/#primaryimage\"},\"thumbnailUrl\":\"https:\/\/gfmparts.com\/wp-content\/uploads\/2024\/12\/Excavator-Bucket-Bush-2.png\",\"datePublished\":\"2024-12-26T09:00:41+00:00\",\"dateModified\":\"2025-07-15T06:16:27+00:00\",\"description\":\"As a professional excavator bucket bushing manufacturer, GFM has advanced production equipment and a strict quality control system.\",\"breadcrumb\":{\"@id\":\"https:\/\/gfmparts.com\/product\/best-excavator-bucket-bush-manufacturer\/#breadcrumb\"},\"inLanguage\":\"tr\",\"potentialAction\":[{\"@type\":\"ReadAction\",\"target\":[\"https:\/\/gfmparts.com\/product\/best-excavator-bucket-bush-manufacturer\/\"]}]},{\"@type\":\"ImageObject\",\"inLanguage\":\"tr\",\"@id\":\"https:\/\/gfmparts.com\/product\/best-excavator-bucket-bush-manufacturer\/#primaryimage\",\"url\":\"https:\/\/gfmparts.com\/wp-content\/uploads\/2024\/12\/Excavator-Bucket-Bush-2.png\",\"contentUrl\":\"https:\/\/gfmparts.com\/wp-content\/uploads\/2024\/12\/Excavator-Bucket-Bush-2.png\",\"width\":3024,\"height\":3024,\"caption\":\"Excavator Bucket Bush\"},{\"@type\":\"BreadcrumbList\",\"@id\":\"https:\/\/gfmparts.com\/product\/best-excavator-bucket-bush-manufacturer\/#breadcrumb\",\"itemListElement\":[{\"@type\":\"ListItem\",\"position\":1,\"name\":\"\u9996\u9875\",\"item\":\"https:\/\/gfmparts.com\/\"},{\"@type\":\"ListItem\",\"position\":2,\"name\":\"All Product\",\"item\":\"https:\/\/gfmparts.com\/all-product\/\"},{\"@type\":\"ListItem\",\"position\":3,\"name\":\"Best Excavator Bucket Bush Manufacturer\"}]},{\"@type\":\"WebSite\",\"@id\":\"https:\/\/gfmparts.com\/#website\",\"url\":\"https:\/\/gfmparts.com\/\",\"name\":\"GFM PARTS\",\"description\":\"GFM since 2011 focused on excavator and bulldozer undercarriage parts manufacturing :Track rollers,carrier roller,idler,sprocket,track group,bucket tooth pin.\",\"publisher\":{\"@id\":\"https:\/\/gfmparts.com\/#organization\"},\"alternateName\":\"gfmparts.com\",\"potentialAction\":[{\"@type\":\"SearchAction\",\"target\":{\"@type\":\"EntryPoint\",\"urlTemplate\":\"https:\/\/gfmparts.com\/?s={search_term_string}\"},\"query-input\":{\"@type\":\"PropertyValueSpecification\",\"valueRequired\":true,\"valueName\":\"search_term_string\"}}],\"inLanguage\":\"tr\"},{\"@type\":\"Organization\",\"@id\":\"https:\/\/gfmparts.com\/#organization\",\"name\":\"GFM PARTS\",\"url\":\"https:\/\/gfmparts.com\/\",\"logo\":{\"@type\":\"ImageObject\",\"inLanguage\":\"tr\",\"@id\":\"https:\/\/gfmparts.com\/#\/schema\/logo\/image\/\",\"url\":\"https:\/\/gfmparts.com\/wp-content\/uploads\/2024\/11\/cropped-GFMparts.com_-2.png\",\"contentUrl\":\"https:\/\/gfmparts.com\/wp-content\/uploads\/2024\/11\/cropped-GFMparts.com_-2.png\",\"width\":5987,\"height\":2564,\"caption\":\"GFM PARTS\"},\"image\":{\"@id\":\"https:\/\/gfmparts.com\/#\/schema\/logo\/image\/\"},\"sameAs\":[\"https:\/\/www.facebook.com\/gfmparts\",\"https:\/\/www.linkedin.com\/company\/gfmparts\/\",\"https:\/\/www.tiktok.com\/@gfmparts\",\"https:\/\/www.youtube.com\/@GFMparts\/featured\"]}]}<\/script>\n<!-- \/ Yoast SEO Premium plugin. -->","yoast_head_json":{"title":"Best Excavator Bucket Bush Manufacturer - GFM","description":"As a professional excavator bucket bushing manufacturer, GFM has advanced production equipment and a strict quality control system.","robots":{"index":"index","follow":"follow","max-snippet":"max-snippet:-1","max-image-preview":"max-image-preview:large","max-video-preview":"max-video-preview:-1"},"canonical":"https:\/\/gfmparts.com\/tr\/product\/en-iyi-ekskavator-kepce-burcu-ureticisi\/","og_locale":"tr_TR","og_type":"article","og_title":"Best Excavator Bucket Bush Manufacturer","og_description":"As a professional excavator bucket bushing manufacturer, GFM has advanced production equipment and a strict quality control system.","og_url":"https:\/\/gfmparts.com\/tr\/product\/en-iyi-ekskavator-kepce-burcu-ureticisi\/","article_publisher":"https:\/\/www.facebook.com\/gfmparts","article_modified_time":"2025-07-15T06:16:27+00:00","og_image":[{"width":1024,"height":1024,"url":"https:\/\/gfmparts.com\/wp-content\/uploads\/2024\/12\/Excavator-Bucket-Bush-2-1024x1024.png","type":"image\/png"}],"twitter_card":"summary_large_image","twitter_misc":{"Tahmini okuma s\u00fcresi":"4 dakika"},"schema":{"@context":"https:\/\/schema.org","@graph":[{"@type":"WebPage","@id":"https:\/\/gfmparts.com\/product\/best-excavator-bucket-bush-manufacturer\/","url":"https:\/\/gfmparts.com\/product\/best-excavator-bucket-bush-manufacturer\/","name":"Best Excavator Bucket Bush Manufacturer - GFM","isPartOf":{"@id":"https:\/\/gfmparts.com\/#website"},"primaryImageOfPage":{"@id":"https:\/\/gfmparts.com\/product\/best-excavator-bucket-bush-manufacturer\/#primaryimage"},"image":{"@id":"https:\/\/gfmparts.com\/product\/best-excavator-bucket-bush-manufacturer\/#primaryimage"},"thumbnailUrl":"https:\/\/gfmparts.com\/wp-content\/uploads\/2024\/12\/Excavator-Bucket-Bush-2.png","datePublished":"2024-12-26T09:00:41+00:00","dateModified":"2025-07-15T06:16:27+00:00","description":"As a professional excavator bucket bushing manufacturer, GFM has advanced production equipment and a strict quality control system.","breadcrumb":{"@id":"https:\/\/gfmparts.com\/product\/best-excavator-bucket-bush-manufacturer\/#breadcrumb"},"inLanguage":"tr","potentialAction":[{"@type":"ReadAction","target":["https:\/\/gfmparts.com\/product\/best-excavator-bucket-bush-manufacturer\/"]}]},{"@type":"ImageObject","inLanguage":"tr","@id":"https:\/\/gfmparts.com\/product\/best-excavator-bucket-bush-manufacturer\/#primaryimage","url":"https:\/\/gfmparts.com\/wp-content\/uploads\/2024\/12\/Excavator-Bucket-Bush-2.png","contentUrl":"https:\/\/gfmparts.com\/wp-content\/uploads\/2024\/12\/Excavator-Bucket-Bush-2.png","width":3024,"height":3024,"caption":"Excavator Bucket Bush"},{"@type":"BreadcrumbList","@id":"https:\/\/gfmparts.com\/product\/best-excavator-bucket-bush-manufacturer\/#breadcrumb","itemListElement":[{"@type":"ListItem","position":1,"name":"\u9996\u9875","item":"https:\/\/gfmparts.com\/"},{"@type":"ListItem","position":2,"name":"All Product","item":"https:\/\/gfmparts.com\/all-product\/"},{"@type":"ListItem","position":3,"name":"Best Excavator Bucket Bush Manufacturer"}]},{"@type":"WebSite","@id":"https:\/\/gfmparts.com\/#website","url":"https:\/\/gfmparts.com\/","name":"GFM PARTS","description":"GFM since 2011 focused on excavator and bulldozer undercarriage parts manufacturing :Track rollers,carrier roller,idler,sprocket,track group,bucket tooth pin.","publisher":{"@id":"https:\/\/gfmparts.com\/#organization"},"alternateName":"gfmparts.com","potentialAction":[{"@type":"SearchAction","target":{"@type":"EntryPoint","urlTemplate":"https:\/\/gfmparts.com\/?s={search_term_string}"},"query-input":{"@type":"PropertyValueSpecification","valueRequired":true,"valueName":"search_term_string"}}],"inLanguage":"tr"},{"@type":"Organization","@id":"https:\/\/gfmparts.com\/#organization","name":"GFM PARTS","url":"https:\/\/gfmparts.com\/","logo":{"@type":"ImageObject","inLanguage":"tr","@id":"https:\/\/gfmparts.com\/#\/schema\/logo\/image\/","url":"https:\/\/gfmparts.com\/wp-content\/uploads\/2024\/11\/cropped-GFMparts.com_-2.png","contentUrl":"https:\/\/gfmparts.com\/wp-content\/uploads\/2024\/11\/cropped-GFMparts.com_-2.png","width":5987,"height":2564,"caption":"GFM PARTS"},"image":{"@id":"https:\/\/gfmparts.com\/#\/schema\/logo\/image\/"},"sameAs":["https:\/\/www.facebook.com\/gfmparts","https:\/\/www.linkedin.com\/company\/gfmparts\/","https:\/\/www.tiktok.com\/@gfmparts","https:\/\/www.youtube.com\/@GFMparts\/featured"]}]}},"_links":{"self":[{"href":"https:\/\/gfmparts.com\/tr\/wp-json\/wp\/v2\/product\/3126"}],"collection":[{"href":"https:\/\/gfmparts.com\/tr\/wp-json\/wp\/v2\/product"}],"about":[{"href":"https:\/\/gfmparts.com\/tr\/wp-json\/wp\/v2\/types\/product"}],"wp:featuredmedia":[{"embeddable":true,"href":"https:\/\/gfmparts.com\/tr\/wp-json\/wp\/v2\/media\/3600"}],"wp:attachment":[{"href":"https:\/\/gfmparts.com\/tr\/wp-json\/wp\/v2\/media?parent=3126"}],"wp:term":[{"taxonomy":"product_cat","embeddable":true,"href":"https:\/\/gfmparts.com\/tr\/wp-json\/wp\/v2\/product_cat?post=3126"},{"taxonomy":"product_tag","embeddable":true,"href":"https:\/\/gfmparts.com\/tr\/wp-json\/wp\/v2\/product_tag?post=3126"}],"curies":[{"name":"wp","href":"https:\/\/api.w.org\/{rel}","templated":true}]}}