{"id":3135,"date":"2024-12-27T03:32:45","date_gmt":"2024-12-27T03:32:45","guid":{"rendered":"https:\/\/gfmparts.com\/?post_type=product&#038;p=3135"},"modified":"2025-05-16T09:18:29","modified_gmt":"2025-05-16T09:18:29","slug":"excavator-track-shoe-bolts-and-nuts-manufacturer","status":"publish","type":"product","link":"https:\/\/gfmparts.com\/tr\/product\/ekskavator-palet-pabucu-civata-ve-somun-ureticisi\/","title":{"rendered":"Ray Pabucu C\u0131vata ve Somun \u00dcreticisi"},"content":{"rendered":"<p><span style=\"color: #000000;\">GFM, y\u00fcksek kaliteli \u00fcr\u00fcnler \u00fcretme konusunda uzmanla\u015fm\u0131\u015ft\u0131r <a style=\"color: #000000;\" href=\"https:\/\/gfmparts.com\/tr\/product\/toptan-pist-grubu-pist-ayakkabisi-fabrikasi\/\">palet pabucu c\u0131vatalar\u0131 ve somunlar\u0131<\/a>Bu \u00f6nemli aksesuarlar, y\u00fcksek mukavemetli ala\u015f\u0131ml\u0131 malzemelerden \u00fcretilmi\u015f olup, m\u00fckemmel a\u015f\u0131nma ve yorulma direncine sahip olmalar\u0131n\u0131 sa\u011flamak i\u00e7in titiz \u0131s\u0131l i\u015flem s\u00fcre\u00e7lerinden ge\u00e7irilmi\u015ftir. Tasar\u0131mda, detaylara \u00f6nem veriyor ve c\u0131vata ve somunlar\u0131n s\u0131k\u0131ca oturmas\u0131n\u0131, gev\u015femeyi etkili bir \u015fekilde \u00f6nlemesini ve kullan\u0131m \u00f6mr\u00fcn\u00fc uzatmas\u0131n\u0131 sa\u011flamak i\u00e7in hassas di\u015f i\u015fleme teknolojisi kullan\u0131yoruz. \u00d6nde gelen bir marka olarak, <a style=\"color: #000000;\" href=\"https:\/\/gfmparts.com\/tr\/product\/ekskavator-palet-zinciri-ureticileri-tedarik-ediyor\/\">ekskavat\u00f6r par\u00e7a \u00fcreticisi<\/a>Fabrikam\u0131z, geli\u015fmi\u015f \u00fcretim ekipmanlar\u0131 ve test sistemleriyle donat\u0131lm\u0131\u015ft\u0131r. Hammaddeden bitmi\u015f \u00fcr\u00fcne kadar her s\u00fcre\u00e7, her \u00fcr\u00fcn\u00fcn sekt\u00f6r standartlar\u0131n\u0131 kar\u015f\u0131layabilmesini, hatta a\u015fabilmesini sa\u011flamak i\u00e7in s\u0131k\u0131 bir kalite kontrol\u00fcnden ge\u00e7mektedir.<\/span><\/p>\n<h3><span style=\"color: #ff6600;\">\u00dcr\u00fcn A\u00e7\u0131klamas\u0131<\/span><\/h3>\n<ul>\n<li><span style=\"color: #000000;\"><strong>Hammadde:<\/strong> 40CR<\/span><\/li>\n<li><span style=\"color: #000000;\"><strong>Minimum Sipari\u015f Adedi:<\/strong>\u00a01 Bilgisayar<\/span><\/li>\n<li><span style=\"color: #000000;\"><strong>\u00d6deme y\u00f6ntemi:<\/strong>\u00a0T\/T<\/span><\/li>\n<li><span style=\"color: #000000;\"><strong>Marka:<\/strong>\u00a0GFM<\/span><\/li>\n<li><span style=\"color: #000000;\"><strong>Durum:<\/strong>\u00a0Yeni<\/span><\/li>\n<li><span style=\"color: #000000;\"><strong>Renk:<\/strong>\u00a0Sar\u0131, Siyah veya \u00d6zelle\u015ftirilmi\u015f<\/span><\/li>\n<li><span style=\"color: #000000;\"><strong>Kur\u015fun zaman\u0131:<\/strong>\u00a030 g\u00fcn<\/span><\/li>\n<li><span style=\"color: #000000;\"><strong>Garanti:<\/strong>\u00a01 Y\u0131l<\/span><\/li>\n<li><span style=\"color: #000000;\"><strong>Hizmet:<\/strong>\u00a0OEM veya ODM<\/span><\/li>\n<li><span style=\"color: #000000;\"><strong>Men\u015fei Yeri:<\/strong>\u00a0Fujian, \u00c7in<\/span><\/li>\n<li><span style=\"color: #000000;\"><strong>Ba\u015fvuru:<\/strong> Ekskavat\u00f6r veya Buldozerler<\/span><\/li>\n<li><span style=\"color: #000000;\"><strong>Paketleme:<\/strong>\u00a0Standart \u0130hracat Ah\u015fap Palet<\/span><\/li>\n<\/ul>\n<h3><span style=\"color: #ff6600;\">\u00d6zellikler<\/span><\/h3>\n<ul>\n<li><b><\/b><span style=\"color: #000000;\"><strong><b>Y\u00fcksek Mukavemetli Ala\u015f\u0131ml\u0131 \u00c7elik: <\/b><\/strong>Ola\u011fan\u00fcst\u00fc dayan\u0131kl\u0131l\u0131k ve a\u015f\u0131nma direnci i\u00e7in \u00fcretilmi\u015ftir.<\/span><\/li>\n<li><span style=\"color: #000000;\"><b><\/b><strong><b>Hassas M\u00fchendislik: <\/b><\/strong>Ba\u015fl\u0131ca ekskavat\u00f6r markalar\u0131yla m\u00fckemmel uyum i\u00e7in OEM standartlar\u0131n\u0131 kar\u015f\u0131lar.<\/span><\/li>\n<li><span style=\"color: #000000;\"><b><\/b><strong><b>\u0130leri Is\u0131l \u0130\u015flem: <\/b><\/strong>Uzun \u00f6m\u00fcrl\u00fc kullan\u0131m i\u00e7in geli\u015ftirilmi\u015f sertlik ve \u00e7ekme mukavemeti.<\/span><\/li>\n<li><span style=\"color: #000000;\"><b><\/b><strong><b>Gev\u015femeyi \u00d6nleyici Tasar\u0131m: <\/b><\/strong>Yo\u011fun \u00e7al\u0131\u015fmalarda g\u00fcvenli sabitleme sa\u011flar.<\/span><\/li>\n<li><span style=\"color: #000000;\"><b><\/b><strong><b>Korozyon Korumas\u0131: <\/b><\/strong>\u00d6zel kaplama paslanmaya ve zorlu ko\u015fullara kar\u015f\u0131 koruma sa\u011flar<\/span><b><\/b><\/li>\n<\/ul>\n<h3><span style=\"color: #ff6600;\">\u00d6zellikler<\/span><\/h3>\n<p style=\"text-align: center;\"><img fetchpriority=\"high\" decoding=\"async\" class=\"alignnone wp-image-3136\" src=\"https:\/\/gfmparts.com\/wp-content\/uploads\/2024\/12\/bolts-and-nuts-desgin.jpg\" alt=\"palet pabucu c\u0131vatalar\u0131 ve somunlar\u0131 tasar\u0131m\u0131\" width=\"948\" height=\"402\" srcset=\"https:\/\/gfmparts.com\/wp-content\/uploads\/2024\/12\/bolts-and-nuts-desgin.jpg 967w, https:\/\/gfmparts.com\/wp-content\/uploads\/2024\/12\/bolts-and-nuts-desgin-300x127.jpg 300w, https:\/\/gfmparts.com\/wp-content\/uploads\/2024\/12\/bolts-and-nuts-desgin-768x326.jpg 768w, https:\/\/gfmparts.com\/wp-content\/uploads\/2024\/12\/bolts-and-nuts-desgin-600x254.jpg 600w\" sizes=\"(max-width: 948px) 100vw, 948px\" \/><\/p>\n<p><img decoding=\"async\" class=\"alignnone size-full wp-image-3374 aligncenter\" src=\"https:\/\/gfmparts.com\/wp-content\/uploads\/2025\/01\/Track-Shoe-Bolts-and-Nuts-specifications.png\" alt=\"\" width=\"728\" height=\"363\" srcset=\"https:\/\/gfmparts.com\/wp-content\/uploads\/2025\/01\/Track-Shoe-Bolts-and-Nuts-specifications.png 728w, https:\/\/gfmparts.com\/wp-content\/uploads\/2025\/01\/Track-Shoe-Bolts-and-Nuts-specifications-300x150.png 300w, https:\/\/gfmparts.com\/wp-content\/uploads\/2025\/01\/Track-Shoe-Bolts-and-Nuts-specifications-600x299.png 600w\" sizes=\"(max-width: 728px) 100vw, 728px\" \/><\/p>\n<h3><span style=\"color: #ff6600;\">\u00dcr\u00fcn Modelleri<\/span><\/h3>\n<p style=\"text-align: center;\"><img decoding=\"async\" class=\"alignnone size-full wp-image-3154\" src=\"https:\/\/gfmparts.com\/wp-content\/uploads\/2024\/12\/excavator-and-bulldozer-part-description.png\" alt=\"ekskavat\u00f6r ve buldozer par\u00e7a a\u00e7\u0131klamas\u0131\" width=\"853\" height=\"736\" srcset=\"https:\/\/gfmparts.com\/wp-content\/uploads\/2024\/12\/excavator-and-bulldozer-part-description.png 853w, https:\/\/gfmparts.com\/wp-content\/uploads\/2024\/12\/excavator-and-bulldozer-part-description-300x259.png 300w, https:\/\/gfmparts.com\/wp-content\/uploads\/2024\/12\/excavator-and-bulldozer-part-description-768x663.png 768w, https:\/\/gfmparts.com\/wp-content\/uploads\/2024\/12\/excavator-and-bulldozer-part-description-600x518.png 600w\" sizes=\"(max-width: 853px) 100vw, 853px\" \/><\/p>\n<h3><span style=\"color: #ff6600;\">\u00dcretim S\u00fcreci<\/span><\/h3>\n<p style=\"text-align: center;\"><iframe title=\"YouTube video oynat\u0131c\u0131s\u0131\" src=\"https:\/\/www.youtube.com\/embed\/p4WNLmr-Huc?si=PWuiZYSYsuM6wPVz\" width=\"1000\" height=\"562\" frameborder=\"0\" allowfullscreen=\"allowfullscreen\"><span data-mce-type=\"bookmark\" style=\"display: inline-block; width: 0px; overflow: hidden; line-height: 0;\" class=\"mce_SELRES_start\"><\/span><\/iframe><\/p>\n<p><img loading=\"lazy\" decoding=\"async\" class=\"size-large wp-image-3043 aligncenter\" src=\"https:\/\/gfmparts.com\/wp-content\/uploads\/2024\/12\/\u901a\u7528\u751f\u4ea7\u6d41\u7a0b-1-1024x648.jpg\" alt=\"ekskavat\u00f6r par\u00e7a \u00fcretim s\u00fcreci\" width=\"1024\" height=\"648\" srcset=\"\" sizes=\"(max-width: 1024px) 100vw, 1024px\" data-srcset=\"\" \/><\/p>\n<h3><span style=\"color: #ff6600;\">Paketleme ve Nakliye<\/span><\/h3>\n<p><img loading=\"lazy\" decoding=\"async\" class=\"size-large wp-image-6521 aligncenter\" src=\"https:\/\/gfmparts.com\/wp-content\/uploads\/2025\/05\/Packaging-and-Shipping-1-1-1024x648.jpg\" alt=\"Paketleme ve Nakliye\" width=\"1024\" height=\"648\" srcset=\"https:\/\/gfmparts.com\/wp-content\/uploads\/2025\/05\/Packaging-and-Shipping-1-1-1024x648.jpg 1024w, https:\/\/gfmparts.com\/wp-content\/uploads\/2025\/05\/Packaging-and-Shipping-1-1-300x190.jpg 300w, https:\/\/gfmparts.com\/wp-content\/uploads\/2025\/05\/Packaging-and-Shipping-1-1-768x486.jpg 768w, https:\/\/gfmparts.com\/wp-content\/uploads\/2025\/05\/Packaging-and-Shipping-1-1-1536x973.jpg 1536w, https:\/\/gfmparts.com\/wp-content\/uploads\/2025\/05\/Packaging-and-Shipping-1-1-2048x1297.jpg 2048w, https:\/\/gfmparts.com\/wp-content\/uploads\/2025\/05\/Packaging-and-Shipping-1-1-600x380.jpg 600w\" sizes=\"(max-width: 1024px) 100vw, 1024px\" \/><\/p>\n<h3><span style=\"color: #ff6600;\">Fabrika Avantajlar\u0131<\/span><\/h3>\n<p><span style=\"color: #000000;\">GFM ekskavat\u00f6r par\u00e7a \u00fcreticileri, ekskavat\u00f6rlerin zorlu \u00e7al\u0131\u015fma ortam\u0131n\u0131n fark\u0131ndad\u0131r ve aksesuarlar\u0131n dayan\u0131kl\u0131l\u0131\u011f\u0131 ve g\u00fcvenilirli\u011fi konusunda son derece y\u00fcksek gereksinimlere sahiptir. Bu nedenle, <a style=\"color: #000000;\" href=\"https:\/\/gfmparts.com\/tr\/gfm-ile-iletisime-gecin\/\"><span class=\"keyword _ngcontent-sbz-115\" aria-hidden=\"false\">grouser ray c\u0131vatalar\u0131 ve somunlar\u0131 <\/span><\/a>\u00dcr\u00fcnlerimiz sadece m\u00fckemmel korozyon direncine sahip olmakla ve nemli ve tozlu ortamlarda uzun s\u00fcreli stabilite sa\u011flamakla kalm\u0131yor, ayn\u0131 zamanda \u00e7e\u015fitli ekskavat\u00f6r tiplerine m\u00fckemmel uyum sa\u011flayan ve uyumsuz aksesuarlardan kaynaklanan ar\u0131za riskini azaltan uyarlanabilir tasar\u0131mlara da \u00f6zel \u00f6nem veriyoruz. Fabrikam\u0131z, g\u00fc\u00e7l\u00fc bir Ar-Ge ekibine ve zengin \u00fcretim deneyimine sahip olup, s\u00fcrekli yenilikler yapmakta ve m\u00fc\u015fterilerine daha verimli ve g\u00fcvenli ekskavat\u00f6r par\u00e7a \u00e7\u00f6z\u00fcmleri sunmaya kendini adam\u0131\u015ft\u0131r.<\/span><\/p>\n<p><span style=\"color: #000000;\">GFM, pazar talebine h\u0131zl\u0131 yan\u0131t verebilen ve istikrarl\u0131 ve zaman\u0131nda \u00fcr\u00fcn tedarikini garanti alt\u0131na alan, otomatik \u00fcretim hatlar\u0131 ve verimli y\u00f6netim sistemleriyle donat\u0131lm\u0131\u015f geni\u015f \u00f6l\u00e7ekli ve modern bir \u00fcretim \u00fcss\u00fcne sahiptir. Ayn\u0131 zamanda, m\u00fc\u015fterilerimize profesyonel teknik dan\u0131\u015fmanl\u0131k, h\u0131zl\u0131 yan\u0131t veren sat\u0131\u015f sonras\u0131 destek ve kullan\u0131m s\u0131ras\u0131nda kar\u015f\u0131la\u015fabilecekleri sorunlar\u0131n zaman\u0131nda \u00e7\u00f6z\u00fclmesini sa\u011flayan esnek ve \u00f6zelle\u015ftirilmi\u015f hizmetler sunmak i\u00e7in eksiksiz bir sat\u0131\u015f sonras\u0131 hizmet a\u011f\u0131 kurduk. GFM, kaliteyi g\u00fc\u00e7l\u00fc bir \u015fekilde yorumluyor ve gelece\u011fe hizmetle ula\u015f\u0131yor.<\/span><\/p>\n<p style=\"text-align: center;\"><span style=\"color: #000000;\"><img loading=\"lazy\" decoding=\"async\" class=\"alignnone wp-image-2159\" src=\"https:\/\/gfmparts.com\/wp-content\/uploads\/2024\/12\/\u5fae\u4fe1\u56fe\u7247_20241202160325-1024x576.jpg\" alt=\"ekskavat\u00f6r di\u015f pimi \u00fcreticisi\" width=\"767\" height=\"431\" srcset=\"\" sizes=\"(max-width: 767px) 100vw, 767px\" data-srcset=\"\" \/><\/span><\/p>","protected":false},"excerpt":{"rendered":"<ul>\n<li><span style=\"color: #000000;\">\u00dcr\u00fcn Kalitesi Garantili<\/span><\/li>\n<li><span style=\"color: #000000;\">B\u00fcy\u00fck Tedarik<\/span><\/li>\n<li><span style=\"color: #000000;\">Rekabet\u00e7i Fiyatland\u0131rma<\/span><\/li>\n<li><span style=\"color: #000000;\">\u00c7o\u011fu Marka ve Model<\/span><\/li>\n<li><span style=\"color: #000000;\">Yard\u0131msever M\u00fc\u015fteri Hizmetleri Ekibi<\/span><\/li>\n<li><span style=\"color: #000000;\">Profesyonel Teknik Destek<\/span><\/li>\n<\/ul>","protected":false},"featured_media":3599,"template":"","meta":{"site-sidebar-layout":"default","site-content-layout":"","ast-site-content-layout":"default","site-content-style":"default","site-sidebar-style":"default","ast-global-header-display":"","ast-banner-title-visibility":"","ast-main-header-display":"","ast-hfb-above-header-display":"","ast-hfb-below-header-display":"","ast-hfb-mobile-header-display":"","site-post-title":"","ast-breadcrumbs-content":"","ast-featured-img":"","footer-sml-layout":"","theme-transparent-header-meta":"default","adv-header-id-meta":"","stick-header-meta":"default","header-above-stick-meta":"","header-main-stick-meta":"","header-below-stick-meta":"","astra-migrate-meta-layouts":"set","ast-page-background-enabled":"default","ast-page-background-meta":{"desktop":{"background-color":"","background-image":"","background-repeat":"repeat","background-position":"center center","background-size":"auto","background-attachment":"scroll","background-type":"","background-media":"","overlay-type":"","overlay-color":"","overlay-opacity":"","overlay-gradient":""},"tablet":{"background-color":"","background-image":"","background-repeat":"repeat","background-position":"center center","background-size":"auto","background-attachment":"scroll","background-type":"","background-media":"","overlay-type":"","overlay-color":"","overlay-opacity":"","overlay-gradient":""},"mobile":{"background-color":"","background-image":"","background-repeat":"repeat","background-position":"center center","background-size":"auto","background-attachment":"scroll","background-type":"","background-media":"","overlay-type":"","overlay-color":"","overlay-opacity":"","overlay-gradient":""}},"ast-content-background-meta":{"desktop":{"background-color":"var(--ast-global-color-5)","background-image":"","background-repeat":"repeat","background-position":"center center","background-size":"auto","background-attachment":"scroll","background-type":"","background-media":"","overlay-type":"","overlay-color":"","overlay-opacity":"","overlay-gradient":""},"tablet":{"background-color":"var(--ast-global-color-5)","background-image":"","background-repeat":"repeat","background-position":"center center","background-size":"auto","background-attachment":"scroll","background-type":"","background-media":"","overlay-type":"","overlay-color":"","overlay-opacity":"","overlay-gradient":""},"mobile":{"background-color":"var(--ast-global-color-5)","background-image":"","background-repeat":"repeat","background-position":"center center","background-size":"auto","background-attachment":"scroll","background-type":"","background-media":"","overlay-type":"","overlay-color":"","overlay-opacity":"","overlay-gradient":""}}},"product_cat":[27,37],"product_tag":[],"class_list":{"0":"post-3135","1":"product","2":"type-product","3":"status-publish","4":"has-post-thumbnail","6":"product_cat-parts","7":"product_cat-bolt-nut","8":"desktop-align-left","9":"tablet-align-left","10":"mobile-align-left","11":"ast-product-gallery-layout-horizontal-slider","12":"ast-product-gallery-with-no-image","13":"ast-product-tabs-layout-horizontal","15":"first","16":"instock","17":"shipping-taxable","18":"product-type-simple"},"yoast_head":"<!-- This site is optimized with the Yoast SEO Premium plugin v22.8 (Yoast SEO v23.9) - https:\/\/yoast.com\/wordpress\/plugins\/seo\/ -->\n<title>Bulldozer Track Shoe Bolts and Nuts Manufacturer - GFM<\/title>\n<meta name=\"description\" content=\"The track shoe bolts and nuts produced by GFM have corrosion resistance and can also adapt to various types of excavators. Support customization and have rich experience.\" \/>\n<meta name=\"robots\" content=\"index, follow, max-snippet:-1, max-image-preview:large, max-video-preview:-1\" \/>\n<link rel=\"canonical\" href=\"https:\/\/gfmparts.com\/tr\/product\/ekskavator-palet-pabucu-civata-ve-somun-ureticisi\/\" \/>\n<meta property=\"og:locale\" content=\"tr_TR\" \/>\n<meta property=\"og:type\" content=\"article\" \/>\n<meta property=\"og:title\" content=\"Track Shoe Bolts and Nuts Manufacturer\" \/>\n<meta property=\"og:description\" content=\"The track shoe bolts and nuts produced by GFM have corrosion resistance and can also adapt to various types of excavators. Support customization and have rich experience.\" \/>\n<meta property=\"og:url\" content=\"https:\/\/gfmparts.com\/tr\/product\/ekskavator-palet-pabucu-civata-ve-somun-ureticisi\/\" \/>\n<meta property=\"article:publisher\" content=\"https:\/\/www.facebook.com\/gfmparts\" \/>\n<meta property=\"article:modified_time\" content=\"2025-05-16T09:18:29+00:00\" \/>\n<meta property=\"og:image\" content=\"https:\/\/gfmparts.com\/wp-content\/uploads\/2024\/12\/bolts-and-nuts-6.png\" \/>\n\t<meta property=\"og:image:width\" content=\"1212\" \/>\n\t<meta property=\"og:image:height\" content=\"1212\" \/>\n\t<meta property=\"og:image:type\" content=\"image\/png\" \/>\n<meta name=\"twitter:card\" content=\"summary_large_image\" \/>\n<meta name=\"twitter:label1\" content=\"Tahmini okuma s\u00fcresi\" \/>\n\t<meta name=\"twitter:data1\" content=\"4 dakika\" \/>\n<script type=\"application\/ld+json\" class=\"yoast-schema-graph\">{\"@context\":\"https:\/\/schema.org\",\"@graph\":[{\"@type\":\"WebPage\",\"@id\":\"https:\/\/gfmparts.com\/product\/excavator-track-shoe-bolts-and-nuts-manufacturer\/\",\"url\":\"https:\/\/gfmparts.com\/product\/excavator-track-shoe-bolts-and-nuts-manufacturer\/\",\"name\":\"Bulldozer Track Shoe Bolts and Nuts Manufacturer - GFM\",\"isPartOf\":{\"@id\":\"https:\/\/gfmparts.com\/#website\"},\"primaryImageOfPage\":{\"@id\":\"https:\/\/gfmparts.com\/product\/excavator-track-shoe-bolts-and-nuts-manufacturer\/#primaryimage\"},\"image\":{\"@id\":\"https:\/\/gfmparts.com\/product\/excavator-track-shoe-bolts-and-nuts-manufacturer\/#primaryimage\"},\"thumbnailUrl\":\"https:\/\/gfmparts.com\/wp-content\/uploads\/2024\/12\/bolts-and-nuts-6.png\",\"datePublished\":\"2024-12-27T03:32:45+00:00\",\"dateModified\":\"2025-05-16T09:18:29+00:00\",\"description\":\"The track shoe bolts and nuts produced by GFM have corrosion resistance and can also adapt to various types of excavators. Support customization and have rich experience.\",\"breadcrumb\":{\"@id\":\"https:\/\/gfmparts.com\/product\/excavator-track-shoe-bolts-and-nuts-manufacturer\/#breadcrumb\"},\"inLanguage\":\"tr\",\"potentialAction\":[{\"@type\":\"ReadAction\",\"target\":[\"https:\/\/gfmparts.com\/product\/excavator-track-shoe-bolts-and-nuts-manufacturer\/\"]}]},{\"@type\":\"ImageObject\",\"inLanguage\":\"tr\",\"@id\":\"https:\/\/gfmparts.com\/product\/excavator-track-shoe-bolts-and-nuts-manufacturer\/#primaryimage\",\"url\":\"https:\/\/gfmparts.com\/wp-content\/uploads\/2024\/12\/bolts-and-nuts-6.png\",\"contentUrl\":\"https:\/\/gfmparts.com\/wp-content\/uploads\/2024\/12\/bolts-and-nuts-6.png\",\"width\":1212,\"height\":1212,\"caption\":\"bolts and nuts\"},{\"@type\":\"BreadcrumbList\",\"@id\":\"https:\/\/gfmparts.com\/product\/excavator-track-shoe-bolts-and-nuts-manufacturer\/#breadcrumb\",\"itemListElement\":[{\"@type\":\"ListItem\",\"position\":1,\"name\":\"\u9996\u9875\",\"item\":\"https:\/\/gfmparts.com\/\"},{\"@type\":\"ListItem\",\"position\":2,\"name\":\"All Product\",\"item\":\"https:\/\/gfmparts.com\/all-product\/\"},{\"@type\":\"ListItem\",\"position\":3,\"name\":\"Track Shoe Bolts and Nuts Manufacturer\"}]},{\"@type\":\"WebSite\",\"@id\":\"https:\/\/gfmparts.com\/#website\",\"url\":\"https:\/\/gfmparts.com\/\",\"name\":\"GFM PARTS\",\"description\":\"GFM since 2011 focused on excavator and bulldozer undercarriage parts manufacturing :Track rollers,carrier roller,idler,sprocket,track group,bucket tooth pin.\",\"publisher\":{\"@id\":\"https:\/\/gfmparts.com\/#organization\"},\"alternateName\":\"gfmparts.com\",\"potentialAction\":[{\"@type\":\"SearchAction\",\"target\":{\"@type\":\"EntryPoint\",\"urlTemplate\":\"https:\/\/gfmparts.com\/?s={search_term_string}\"},\"query-input\":{\"@type\":\"PropertyValueSpecification\",\"valueRequired\":true,\"valueName\":\"search_term_string\"}}],\"inLanguage\":\"tr\"},{\"@type\":\"Organization\",\"@id\":\"https:\/\/gfmparts.com\/#organization\",\"name\":\"GFM PARTS\",\"url\":\"https:\/\/gfmparts.com\/\",\"logo\":{\"@type\":\"ImageObject\",\"inLanguage\":\"tr\",\"@id\":\"https:\/\/gfmparts.com\/#\/schema\/logo\/image\/\",\"url\":\"https:\/\/gfmparts.com\/wp-content\/uploads\/2024\/11\/cropped-GFMparts.com_-2.png\",\"contentUrl\":\"https:\/\/gfmparts.com\/wp-content\/uploads\/2024\/11\/cropped-GFMparts.com_-2.png\",\"width\":5987,\"height\":2564,\"caption\":\"GFM PARTS\"},\"image\":{\"@id\":\"https:\/\/gfmparts.com\/#\/schema\/logo\/image\/\"},\"sameAs\":[\"https:\/\/www.facebook.com\/gfmparts\",\"https:\/\/www.linkedin.com\/company\/gfmparts\/\",\"https:\/\/www.tiktok.com\/@gfmparts\",\"https:\/\/www.youtube.com\/@GFMparts\/featured\"]}]}<\/script>\n<!-- \/ Yoast SEO Premium plugin. -->","yoast_head_json":{"title":"Bulldozer Track Shoe Bolts and Nuts Manufacturer - GFM","description":"The track shoe bolts and nuts produced by GFM have corrosion resistance and can also adapt to various types of excavators. Support customization and have rich experience.","robots":{"index":"index","follow":"follow","max-snippet":"max-snippet:-1","max-image-preview":"max-image-preview:large","max-video-preview":"max-video-preview:-1"},"canonical":"https:\/\/gfmparts.com\/tr\/product\/ekskavator-palet-pabucu-civata-ve-somun-ureticisi\/","og_locale":"tr_TR","og_type":"article","og_title":"Track Shoe Bolts and Nuts Manufacturer","og_description":"The track shoe bolts and nuts produced by GFM have corrosion resistance and can also adapt to various types of excavators. Support customization and have rich experience.","og_url":"https:\/\/gfmparts.com\/tr\/product\/ekskavator-palet-pabucu-civata-ve-somun-ureticisi\/","article_publisher":"https:\/\/www.facebook.com\/gfmparts","article_modified_time":"2025-05-16T09:18:29+00:00","og_image":[{"width":1212,"height":1212,"url":"https:\/\/gfmparts.com\/wp-content\/uploads\/2024\/12\/bolts-and-nuts-6.png","type":"image\/png"}],"twitter_card":"summary_large_image","twitter_misc":{"Tahmini okuma s\u00fcresi":"4 dakika"},"schema":{"@context":"https:\/\/schema.org","@graph":[{"@type":"WebPage","@id":"https:\/\/gfmparts.com\/product\/excavator-track-shoe-bolts-and-nuts-manufacturer\/","url":"https:\/\/gfmparts.com\/product\/excavator-track-shoe-bolts-and-nuts-manufacturer\/","name":"Bulldozer Track Shoe Bolts and Nuts Manufacturer - GFM","isPartOf":{"@id":"https:\/\/gfmparts.com\/#website"},"primaryImageOfPage":{"@id":"https:\/\/gfmparts.com\/product\/excavator-track-shoe-bolts-and-nuts-manufacturer\/#primaryimage"},"image":{"@id":"https:\/\/gfmparts.com\/product\/excavator-track-shoe-bolts-and-nuts-manufacturer\/#primaryimage"},"thumbnailUrl":"https:\/\/gfmparts.com\/wp-content\/uploads\/2024\/12\/bolts-and-nuts-6.png","datePublished":"2024-12-27T03:32:45+00:00","dateModified":"2025-05-16T09:18:29+00:00","description":"The track shoe bolts and nuts produced by GFM have corrosion resistance and can also adapt to various types of excavators. Support customization and have rich experience.","breadcrumb":{"@id":"https:\/\/gfmparts.com\/product\/excavator-track-shoe-bolts-and-nuts-manufacturer\/#breadcrumb"},"inLanguage":"tr","potentialAction":[{"@type":"ReadAction","target":["https:\/\/gfmparts.com\/product\/excavator-track-shoe-bolts-and-nuts-manufacturer\/"]}]},{"@type":"ImageObject","inLanguage":"tr","@id":"https:\/\/gfmparts.com\/product\/excavator-track-shoe-bolts-and-nuts-manufacturer\/#primaryimage","url":"https:\/\/gfmparts.com\/wp-content\/uploads\/2024\/12\/bolts-and-nuts-6.png","contentUrl":"https:\/\/gfmparts.com\/wp-content\/uploads\/2024\/12\/bolts-and-nuts-6.png","width":1212,"height":1212,"caption":"bolts and nuts"},{"@type":"BreadcrumbList","@id":"https:\/\/gfmparts.com\/product\/excavator-track-shoe-bolts-and-nuts-manufacturer\/#breadcrumb","itemListElement":[{"@type":"ListItem","position":1,"name":"\u9996\u9875","item":"https:\/\/gfmparts.com\/"},{"@type":"ListItem","position":2,"name":"All Product","item":"https:\/\/gfmparts.com\/all-product\/"},{"@type":"ListItem","position":3,"name":"Track Shoe Bolts and Nuts Manufacturer"}]},{"@type":"WebSite","@id":"https:\/\/gfmparts.com\/#website","url":"https:\/\/gfmparts.com\/","name":"GFM PARTS","description":"GFM since 2011 focused on excavator and bulldozer undercarriage parts manufacturing :Track rollers,carrier roller,idler,sprocket,track group,bucket tooth pin.","publisher":{"@id":"https:\/\/gfmparts.com\/#organization"},"alternateName":"gfmparts.com","potentialAction":[{"@type":"SearchAction","target":{"@type":"EntryPoint","urlTemplate":"https:\/\/gfmparts.com\/?s={search_term_string}"},"query-input":{"@type":"PropertyValueSpecification","valueRequired":true,"valueName":"search_term_string"}}],"inLanguage":"tr"},{"@type":"Organization","@id":"https:\/\/gfmparts.com\/#organization","name":"GFM PARTS","url":"https:\/\/gfmparts.com\/","logo":{"@type":"ImageObject","inLanguage":"tr","@id":"https:\/\/gfmparts.com\/#\/schema\/logo\/image\/","url":"https:\/\/gfmparts.com\/wp-content\/uploads\/2024\/11\/cropped-GFMparts.com_-2.png","contentUrl":"https:\/\/gfmparts.com\/wp-content\/uploads\/2024\/11\/cropped-GFMparts.com_-2.png","width":5987,"height":2564,"caption":"GFM PARTS"},"image":{"@id":"https:\/\/gfmparts.com\/#\/schema\/logo\/image\/"},"sameAs":["https:\/\/www.facebook.com\/gfmparts","https:\/\/www.linkedin.com\/company\/gfmparts\/","https:\/\/www.tiktok.com\/@gfmparts","https:\/\/www.youtube.com\/@GFMparts\/featured"]}]}},"_links":{"self":[{"href":"https:\/\/gfmparts.com\/tr\/wp-json\/wp\/v2\/product\/3135"}],"collection":[{"href":"https:\/\/gfmparts.com\/tr\/wp-json\/wp\/v2\/product"}],"about":[{"href":"https:\/\/gfmparts.com\/tr\/wp-json\/wp\/v2\/types\/product"}],"wp:featuredmedia":[{"embeddable":true,"href":"https:\/\/gfmparts.com\/tr\/wp-json\/wp\/v2\/media\/3599"}],"wp:attachment":[{"href":"https:\/\/gfmparts.com\/tr\/wp-json\/wp\/v2\/media?parent=3135"}],"wp:term":[{"taxonomy":"product_cat","embeddable":true,"href":"https:\/\/gfmparts.com\/tr\/wp-json\/wp\/v2\/product_cat?post=3135"},{"taxonomy":"product_tag","embeddable":true,"href":"https:\/\/gfmparts.com\/tr\/wp-json\/wp\/v2\/product_tag?post=3135"}],"curies":[{"name":"wp","href":"https:\/\/api.w.org\/{rel}","templated":true}]}}