{"id":3185,"date":"2024-12-30T02:34:55","date_gmt":"2024-12-30T02:34:55","guid":{"rendered":"https:\/\/gfmparts.com\/?post_type=product&#038;p=3185"},"modified":"2025-07-22T05:56:58","modified_gmt":"2025-07-22T05:56:58","slug":"bulldozer-track-chain-manufacturer","status":"publish","type":"product","link":"https:\/\/gfmparts.com\/tr\/product\/buldozer-palet-zinciri-ureticisi\/","title":{"rendered":"Buldozer Palet Zinciri \u00dcreticisi"},"content":{"rendered":"<p><span style=\"color: #000000;\">GFM <a style=\"color: #000000;\" href=\"https:\/\/gfmparts.com\/tr\/product\/buldozer-palet-grubu-ureticisi\/\">buldozer tren zinciri<\/a> Y\u00fcksek mukavemetli ala\u015f\u0131ml\u0131 \u00e7elikten \u00fcretilmi\u015f olup, zincirin zorlu \u00e7al\u0131\u015fma ko\u015fullar\u0131nda ola\u011fan\u00fcst\u00fc a\u015f\u0131nma direnci ve \u00e7ekme dayan\u0131m\u0131 sa\u011flamak i\u00e7in hassas \u0131s\u0131l i\u015flem ve y\u00fczey sertle\u015ftirme i\u015flemlerinden ge\u00e7irilmi\u015ftir. Benzersiz tasar\u0131m\u0131, zincir ve di\u015fli aras\u0131ndaki ba\u011flant\u0131y\u0131 optimize eder, s\u00fcrt\u00fcnme kayb\u0131n\u0131 azalt\u0131r ve kullan\u0131m \u00f6mr\u00fcn\u00fc uzat\u0131r. \u0130ster zorlu madencilik ister a\u011f\u0131r in\u015faat sahalar\u0131nda olsun, buldozer zincirlerimiz ekipman\u0131n\u0131z\u0131n m\u00fckemmel performansla s\u00fcrekli ve verimli \u00e7al\u0131\u015fmas\u0131n\u0131 sa\u011flar.<\/span><\/p>\n<h3><span style=\"color: #ff6600;\">\u00dcr\u00fcn A\u00e7\u0131klamas\u0131<\/span><\/h3>\n<ul>\n<li><span style=\"color: #000000;\"><strong>Teknik:<\/strong> D\u00f6vme\u00a0<\/span><\/li>\n<li><span style=\"color: #000000;\"><strong>Hammadde:<\/strong> 35MnBH<\/span><\/li>\n<li><span style=\"color: #000000;\"><strong>Minimum Sipari\u015f Adedi:<\/strong> 1 Bilgisayar<\/span><\/li>\n<li><span style=\"color: #000000;\"><strong>\u00d6deme y\u00f6ntemi:<\/strong> T\/T<\/span><\/li>\n<li><span style=\"color: #000000;\"><strong>Marka:<\/strong> GFM<\/span><\/li>\n<li><span style=\"color: #000000;\"><strong>Durum:<\/strong> Yeni<\/span><\/li>\n<li><span style=\"color: #000000;\"><strong>Renk:<\/strong> Sar\u0131, Siyah veya \u00d6zelle\u015ftirilmi\u015f<\/span><\/li>\n<li><span style=\"color: #000000;\"><strong>Kur\u015fun zaman\u0131:<\/strong> 30 g\u00fcn<\/span><\/li>\n<li><span style=\"color: #000000;\"><strong>Garanti:<\/strong> 1 Y\u0131l<\/span><\/li>\n<li><span style=\"color: #000000;\"><strong>Hizmet:<\/strong> OEM veya ODM<\/span><\/li>\n<li><span style=\"color: #000000;\"><strong>Men\u015fei Yeri:<\/strong> Fujian, \u00c7in<\/span><\/li>\n<li><span style=\"color: #000000;\"><strong>Ba\u015fvuru:<\/strong> Buldozer<\/span><\/li>\n<li><span style=\"color: #000000;\"><strong>Paketleme:<\/strong> Standart \u0130hracat Ah\u015fap Palet<\/span><\/li>\n<\/ul>\n<h3><span style=\"color: #ff6600;\">\u00d6zellikler<\/span><\/h3>\n<ul>\n<li><span style=\"color: #000000;\">M\u00fch\u00fcrl\u00fc ve <span style=\"color: #ff6600;\">Ya\u011f<\/span>-Ya\u011flanm\u0131\u015f<\/span><\/li>\n<li><span style=\"color: #000000;\">Artt\u0131r\u0131lm\u0131\u015f Hareketlilik ve Takip H\u0131z\u0131<\/span><\/li>\n<li><span style=\"color: #000000;\"><span style=\"color: #ff6600;\">50% Daha Uzun<\/span> \u00c7al\u0131\u015fma Hayat\u0131<\/span><\/li>\n<li><span style=\"color: #000000;\">Azalt\u0131lm\u0131\u015f Kirlenme ve Bak\u0131m<\/span><\/li>\n<li><span style=\"color: #000000;\">Daha Y\u00fcksek S\u00fcrd\u00fcr\u00fclebilirlik ve Dayan\u0131kl\u0131l\u0131k<b><\/b><\/span><\/li>\n<\/ul>\n<p><span style=\"color: #000000;\">GFM Factory&#039;de, <span style=\"color: #ff6600;\">ya\u011f<\/span>\u00a0\u00dcst\u00fcn ya\u011flama ve performans\u0131 nedeniyle buldozer palet baklalar\u0131 i\u00e7in gres yerine kullan\u0131l\u0131r. Gresle ya\u011flanan palet baklalar\u0131n\u0131n aksine, ya\u011fla ya\u011flanan sistemlerde pim ile bur\u00e7 aras\u0131nda daha fazla bo\u015fluk bulunur. Pim yerine bast\u0131r\u0131ld\u0131ktan sonra, bo\u015fluk vakumla kapat\u0131l\u0131r ve ya\u011fla doldurulur, b\u00f6ylece optimum ya\u011flama i\u00e7in bo\u015flu\u011fun tamamen dolmas\u0131n\u0131 sa\u011flar. Bu i\u015flem ayn\u0131 zamanda palet contas\u0131n\u0131n sa\u011flam olup olmad\u0131\u011f\u0131n\u0131 da kontrol eder; bu da a\u015f\u0131nmay\u0131 \u00f6nlemek ve paletin en iyi performans\u0131 g\u00f6stermesini sa\u011flamak i\u00e7in kritik \u00f6neme sahiptir.<\/span><\/p>\n<p><span style=\"color: #000000;\">Ya\u011f, palet ba\u011flant\u0131lar\u0131 i\u00e7in ideal bir se\u00e7imdir; geli\u015fmi\u015f a\u015f\u0131nma korumas\u0131, etkili \u0131s\u0131 da\u011f\u0131l\u0131m\u0131 ve kirleticilerin d\u0131\u015far\u0131da tutulmas\u0131na yard\u0131mc\u0131 olur. Ayr\u0131ca s\u0131k bak\u0131m ihtiyac\u0131n\u0131 da azalt\u0131r. Bu avantajlar, ya\u011f dolu buldozer palet ba\u011flant\u0131lar\u0131n\u0131 dayan\u0131kl\u0131, verimli ve g\u00fcvenilir k\u0131lar. <\/span><span style=\"color: #000000; font-size: 16px;\">A\u011f\u0131r hizmet tipi makineler i\u00e7in uzun \u00f6m\u00fcrl\u00fc performans sa\u011flayan g\u00fcvenilir \u00e7\u00f6z\u00fcm.<\/span><\/p>\n<h3><span style=\"color: #ff6600;\">\u00d6zellikler<\/span><\/h3>\n<p style=\"text-align: center;\"><img fetchpriority=\"high\" decoding=\"async\" class=\"alignnone wp-image-6788\" src=\"https:\/\/gfmparts.com\/wp-content\/uploads\/2024\/12\/Bulldozer-Track-Chain-Specifications-1024x692.png\" alt=\"Buldozer Palet Zinciri \u00d6zellikleri\" width=\"851\" height=\"575\" srcset=\"https:\/\/gfmparts.com\/wp-content\/uploads\/2024\/12\/Bulldozer-Track-Chain-Specifications-1024x692.png 1024w, https:\/\/gfmparts.com\/wp-content\/uploads\/2024\/12\/Bulldozer-Track-Chain-Specifications-300x203.png 300w, https:\/\/gfmparts.com\/wp-content\/uploads\/2024\/12\/Bulldozer-Track-Chain-Specifications-768x519.png 768w, https:\/\/gfmparts.com\/wp-content\/uploads\/2024\/12\/Bulldozer-Track-Chain-Specifications-1536x1038.png 1536w, https:\/\/gfmparts.com\/wp-content\/uploads\/2024\/12\/Bulldozer-Track-Chain-Specifications-600x405.png 600w, https:\/\/gfmparts.com\/wp-content\/uploads\/2024\/12\/Bulldozer-Track-Chain-Specifications.png 1849w\" sizes=\"(max-width: 851px) 100vw, 851px\" \/><\/p>\n<h3><span style=\"color: #ff6600;\">\u00dcr\u00fcn Modelleri<\/span><\/h3>\n<p style=\"text-align: center;\"><img decoding=\"async\" class=\"alignnone size-full wp-image-3146\" src=\"https:\/\/gfmparts.com\/wp-content\/uploads\/2024\/11\/bulldozer-part-description.png\" alt=\"buldozer par\u00e7a a\u00e7\u0131klamas\u0131\" width=\"626\" height=\"317\" srcset=\"https:\/\/gfmparts.com\/wp-content\/uploads\/2024\/11\/bulldozer-part-description.png 626w, https:\/\/gfmparts.com\/wp-content\/uploads\/2024\/11\/bulldozer-part-description-300x152.png 300w, https:\/\/gfmparts.com\/wp-content\/uploads\/2024\/11\/bulldozer-part-description-600x304.png 600w\" sizes=\"(max-width: 626px) 100vw, 626px\" \/><\/p>\n<h3><span style=\"color: #ff6600;\">\u00dcretim S\u00fcreci<\/span><\/h3>\n<p style=\"text-align: center;\"><iframe title=\"YouTube video oynat\u0131c\u0131s\u0131\" src=\"https:\/\/www.youtube.com\/embed\/0MdGoauuqtc?si=qQfjAiRnGnq8PQ2B\" width=\"1000\" height=\"563\" frameborder=\"0\" allowfullscreen=\"allowfullscreen\"><\/iframe><\/p>\n<p><img decoding=\"async\" class=\"size-large wp-image-3043 aligncenter\" src=\"https:\/\/gfmparts.com\/wp-content\/uploads\/2024\/12\/\u901a\u7528\u751f\u4ea7\u6d41\u7a0b-1-1024x648.jpg\" alt=\"ekskavat\u00f6r par\u00e7a \u00fcretim s\u00fcreci\" width=\"1024\" height=\"648\" srcset=\"\" sizes=\"(max-width: 1024px) 100vw, 1024px\" data-srcset=\"\" \/><\/p>\n<h3><span style=\"color: #ff6600;\">Paketleme ve Nakliye<\/span><\/h3>\n<p style=\"text-align: center;\"><img loading=\"lazy\" decoding=\"async\" class=\"alignnone size-large wp-image-6521\" src=\"https:\/\/gfmparts.com\/wp-content\/uploads\/2025\/05\/Packaging-and-Shipping-1-1-1024x648.jpg\" alt=\"Paketleme ve Nakliye\" width=\"1024\" height=\"648\" srcset=\"https:\/\/gfmparts.com\/wp-content\/uploads\/2025\/05\/Packaging-and-Shipping-1-1-1024x648.jpg 1024w, https:\/\/gfmparts.com\/wp-content\/uploads\/2025\/05\/Packaging-and-Shipping-1-1-300x190.jpg 300w, https:\/\/gfmparts.com\/wp-content\/uploads\/2025\/05\/Packaging-and-Shipping-1-1-768x486.jpg 768w, https:\/\/gfmparts.com\/wp-content\/uploads\/2025\/05\/Packaging-and-Shipping-1-1-1536x973.jpg 1536w, https:\/\/gfmparts.com\/wp-content\/uploads\/2025\/05\/Packaging-and-Shipping-1-1-2048x1297.jpg 2048w, https:\/\/gfmparts.com\/wp-content\/uploads\/2025\/05\/Packaging-and-Shipping-1-1-600x380.jpg 600w\" sizes=\"(max-width: 1024px) 100vw, 1024px\" \/><\/p>\n<h3><span style=\"color: #ff6600;\">Fabrika Avantajlar\u0131<\/span><\/h3>\n<p><span style=\"color: #000000;\">Sekt\u00f6r lideri bir buldozer olarak <a style=\"color: #000000;\" href=\"https:\/\/gfmparts.com\/tr\/product\/ekskavator-palet-zinciri-ureticileri-tedarik-ediyor\/\">palet ba\u011flantisi takimi fabri\u0307ka<\/a>GFM, geli\u015fmi\u015f \u00fcretim hatlar\u0131na ve s\u0131k\u0131 bir kalite kontrol sistemine sahiptir. Hammadde tedarikinden bitmi\u015f \u00fcr\u00fcn teslimat\u0131na kadar her a\u015fama titizlikle incelenir ve her bir zincirin en y\u00fcksek standartlar\u0131 kar\u015f\u0131lad\u0131\u011f\u0131ndan emin olmak i\u00e7in s\u0131k\u0131 bir \u015fekilde test edilir. Ar-Ge ekibimiz s\u00fcrekli olarak yenilikler geli\u015ftirir, pazar trendlerini takip eder ve m\u00fc\u015fterilerimize \u00f6zel \u00e7\u00f6z\u00fcmler sunar. Ayr\u0131ca, fabrikam\u0131z geni\u015f bir \u00f6l\u00e7e\u011fe ve yeterli envantere sahiptir; bu da m\u00fc\u015fteri ihtiya\u00e7lar\u0131na h\u0131zl\u0131 yan\u0131t vermesini, verimli \u00fcretim ve zaman\u0131nda teslimat sa\u011flamas\u0131n\u0131 m\u00fcmk\u00fcn k\u0131lar.<\/span><\/p>\n<p><span style=\"color: #000000;\">Y\u00fcksek performansl\u0131 buldozer zincirleri ar\u0131yorsan\u0131z, fabrikam\u0131z en iyi tercihinizdir. Zincirlerin ultra uzun kullan\u0131m \u00f6mr\u00fc ve m\u00fckemmel performans sunmas\u0131n\u0131 sa\u011flamak i\u00e7in en iyi malzemeleri ve s\u00fcre\u00e7leri kullanarak y\u00fcksek kaliteli buldozer zincirleri \u00fcretmeye odaklan\u0131yoruz. Zengin \u00fcretim deneyimine ve ileri teknolojiye sahip bir buldozer zinciri fabrikas\u0131 olarak, yaln\u0131zca standart \u00fcr\u00fcnler sunmakla kalm\u0131yor, ayn\u0131 zamanda farkl\u0131 uygulama senaryolar\u0131n\u0131 kar\u015f\u0131lamak i\u00e7in m\u00fc\u015fteriye \u00f6zel ihtiya\u00e7lara g\u00f6re \u00f6zel tasar\u0131mlar da sunuyoruz. Hammaddelerin titizlikle se\u00e7ilmesinden bitmi\u015f \u00fcr\u00fcnlerin s\u0131k\u0131 testlerine kadar, her \u00fcr\u00fcn\u00fcn piyasa testlerine dayanabilmesini sa\u011flamak i\u00e7in her zaman \u00f6nce kalite ilkesine ba\u011fl\u0131 kal\u0131yoruz. Buldozer zincirimizi se\u00e7mek, profesyonellik, g\u00fcven ve ba\u015far\u0131y\u0131 se\u00e7mek anlam\u0131na gelir.<\/span><\/p>\n<p style=\"text-align: center;\"><img loading=\"lazy\" decoding=\"async\" class=\"alignnone wp-image-2159\" src=\"https:\/\/gfmparts.com\/wp-content\/uploads\/2024\/12\/\u5fae\u4fe1\u56fe\u7247_20241202160325-1024x576.jpg\" alt=\"Ekskavat\u00f6r par\u00e7alar\u0131 \u00fcreticisi\" width=\"800\" height=\"450\" srcset=\"\" sizes=\"(max-width: 800px) 100vw, 800px\" data-srcset=\"\" \/><\/p>","protected":false},"excerpt":{"rendered":"<ul>\n<li><span style=\"color: #000000;\">\u00dcr\u00fcn Kalitesi Garantili<\/span><\/li>\n<li><span style=\"color: #000000;\">B\u00fcy\u00fck Tedarik<\/span><\/li>\n<li><span style=\"color: #000000;\">Rekabet\u00e7i Fiyatland\u0131rma<\/span><\/li>\n<li><span style=\"color: #000000;\">\u00c7o\u011fu Marka ve Model<\/span><\/li>\n<li><span style=\"color: #000000;\">Yard\u0131msever M\u00fc\u015fteri Hizmetleri Ekibi<\/span><\/li>\n<li><span style=\"color: #000000;\">Profesyonel Teknik Destek<\/span><\/li>\n<\/ul>","protected":false},"featured_media":3597,"template":"","meta":{"site-sidebar-layout":"default","site-content-layout":"","ast-site-content-layout":"default","site-content-style":"default","site-sidebar-style":"default","ast-global-header-display":"","ast-banner-title-visibility":"","ast-main-header-display":"","ast-hfb-above-header-display":"","ast-hfb-below-header-display":"","ast-hfb-mobile-header-display":"","site-post-title":"","ast-breadcrumbs-content":"","ast-featured-img":"","footer-sml-layout":"","theme-transparent-header-meta":"default","adv-header-id-meta":"","stick-header-meta":"default","header-above-stick-meta":"","header-main-stick-meta":"","header-below-stick-meta":"","astra-migrate-meta-layouts":"set","ast-page-background-enabled":"default","ast-page-background-meta":{"desktop":{"background-color":"","background-image":"","background-repeat":"repeat","background-position":"center center","background-size":"auto","background-attachment":"scroll","background-type":"","background-media":"","overlay-type":"","overlay-color":"","overlay-opacity":"","overlay-gradient":""},"tablet":{"background-color":"","background-image":"","background-repeat":"repeat","background-position":"center center","background-size":"auto","background-attachment":"scroll","background-type":"","background-media":"","overlay-type":"","overlay-color":"","overlay-opacity":"","overlay-gradient":""},"mobile":{"background-color":"","background-image":"","background-repeat":"repeat","background-position":"center center","background-size":"auto","background-attachment":"scroll","background-type":"","background-media":"","overlay-type":"","overlay-color":"","overlay-opacity":"","overlay-gradient":""}},"ast-content-background-meta":{"desktop":{"background-color":"var(--ast-global-color-5)","background-image":"","background-repeat":"repeat","background-position":"center center","background-size":"auto","background-attachment":"scroll","background-type":"","background-media":"","overlay-type":"","overlay-color":"","overlay-opacity":"","overlay-gradient":""},"tablet":{"background-color":"var(--ast-global-color-5)","background-image":"","background-repeat":"repeat","background-position":"center center","background-size":"auto","background-attachment":"scroll","background-type":"","background-media":"","overlay-type":"","overlay-color":"","overlay-opacity":"","overlay-gradient":""},"mobile":{"background-color":"var(--ast-global-color-5)","background-image":"","background-repeat":"repeat","background-position":"center center","background-size":"auto","background-attachment":"scroll","background-type":"","background-media":"","overlay-type":"","overlay-color":"","overlay-opacity":"","overlay-gradient":""}}},"product_cat":[38,29],"product_tag":[],"class_list":{"0":"post-3185","1":"product","2":"type-product","3":"status-publish","4":"has-post-thumbnail","6":"product_cat-undercarriage","7":"product_cat-track-link","8":"desktop-align-left","9":"tablet-align-left","10":"mobile-align-left","11":"ast-product-gallery-layout-horizontal-slider","12":"ast-product-gallery-with-no-image","13":"ast-product-tabs-layout-horizontal","15":"first","16":"instock","17":"shipping-taxable","18":"product-type-simple"},"yoast_head":"<!-- This site is optimized with the Yoast SEO Premium plugin v22.8 (Yoast SEO v23.9) - https:\/\/yoast.com\/wordpress\/plugins\/seo\/ -->\n<title>Bulldozer Track Chain|Track Link Assy Factory<\/title>\n<meta name=\"description\" content=\"As an leading bulldozer track chain factory, GFM not only provides standardized products, but also customized designs according to customer specific needs to meet diverse application scenarios.\" \/>\n<meta name=\"robots\" content=\"index, follow, max-snippet:-1, max-image-preview:large, max-video-preview:-1\" \/>\n<link rel=\"canonical\" href=\"https:\/\/gfmparts.com\/tr\/product\/buldozer-palet-zinciri-ureticisi\/\" \/>\n<meta property=\"og:locale\" content=\"tr_TR\" \/>\n<meta property=\"og:type\" content=\"article\" \/>\n<meta property=\"og:title\" content=\"Bulldozer Track Chain Manufacturer\" \/>\n<meta property=\"og:description\" content=\"As an leading bulldozer track chain factory, GFM not only provides standardized products, but also customized designs according to customer specific needs to meet diverse application scenarios.\" \/>\n<meta property=\"og:url\" content=\"https:\/\/gfmparts.com\/tr\/product\/buldozer-palet-zinciri-ureticisi\/\" \/>\n<meta property=\"article:publisher\" content=\"https:\/\/www.facebook.com\/gfmparts\" \/>\n<meta property=\"article:modified_time\" content=\"2025-07-22T05:56:58+00:00\" \/>\n<meta property=\"og:image\" content=\"https:\/\/gfmparts.com\/wp-content\/uploads\/2024\/12\/bulldozer-track-chain-2.png\" \/>\n\t<meta property=\"og:image:width\" content=\"754\" \/>\n\t<meta property=\"og:image:height\" content=\"754\" \/>\n\t<meta property=\"og:image:type\" content=\"image\/png\" \/>\n<meta name=\"twitter:card\" content=\"summary_large_image\" \/>\n<meta name=\"twitter:label1\" content=\"Tahmini okuma s\u00fcresi\" \/>\n\t<meta name=\"twitter:data1\" content=\"4 dakika\" \/>\n<script type=\"application\/ld+json\" class=\"yoast-schema-graph\">{\"@context\":\"https:\/\/schema.org\",\"@graph\":[{\"@type\":\"WebPage\",\"@id\":\"https:\/\/gfmparts.com\/product\/bulldozer-track-chain-manufacturer\/\",\"url\":\"https:\/\/gfmparts.com\/product\/bulldozer-track-chain-manufacturer\/\",\"name\":\"Bulldozer Track Chain|Track Link Assy Factory\",\"isPartOf\":{\"@id\":\"https:\/\/gfmparts.com\/#website\"},\"primaryImageOfPage\":{\"@id\":\"https:\/\/gfmparts.com\/product\/bulldozer-track-chain-manufacturer\/#primaryimage\"},\"image\":{\"@id\":\"https:\/\/gfmparts.com\/product\/bulldozer-track-chain-manufacturer\/#primaryimage\"},\"thumbnailUrl\":\"https:\/\/gfmparts.com\/wp-content\/uploads\/2024\/12\/bulldozer-track-chain-2.png\",\"datePublished\":\"2024-12-30T02:34:55+00:00\",\"dateModified\":\"2025-07-22T05:56:58+00:00\",\"description\":\"As an leading bulldozer track chain factory, GFM not only provides standardized products, but also customized designs according to customer specific needs to meet diverse application scenarios.\",\"breadcrumb\":{\"@id\":\"https:\/\/gfmparts.com\/product\/bulldozer-track-chain-manufacturer\/#breadcrumb\"},\"inLanguage\":\"tr\",\"potentialAction\":[{\"@type\":\"ReadAction\",\"target\":[\"https:\/\/gfmparts.com\/product\/bulldozer-track-chain-manufacturer\/\"]}]},{\"@type\":\"ImageObject\",\"inLanguage\":\"tr\",\"@id\":\"https:\/\/gfmparts.com\/product\/bulldozer-track-chain-manufacturer\/#primaryimage\",\"url\":\"https:\/\/gfmparts.com\/wp-content\/uploads\/2024\/12\/bulldozer-track-chain-2.png\",\"contentUrl\":\"https:\/\/gfmparts.com\/wp-content\/uploads\/2024\/12\/bulldozer-track-chain-2.png\",\"width\":754,\"height\":754,\"caption\":\"Bulldozer Track Chain\"},{\"@type\":\"BreadcrumbList\",\"@id\":\"https:\/\/gfmparts.com\/product\/bulldozer-track-chain-manufacturer\/#breadcrumb\",\"itemListElement\":[{\"@type\":\"ListItem\",\"position\":1,\"name\":\"\u9996\u9875\",\"item\":\"https:\/\/gfmparts.com\/\"},{\"@type\":\"ListItem\",\"position\":2,\"name\":\"All Product\",\"item\":\"https:\/\/gfmparts.com\/all-product\/\"},{\"@type\":\"ListItem\",\"position\":3,\"name\":\"Bulldozer Track Chain Manufacturer\"}]},{\"@type\":\"WebSite\",\"@id\":\"https:\/\/gfmparts.com\/#website\",\"url\":\"https:\/\/gfmparts.com\/\",\"name\":\"GFM PARTS\",\"description\":\"GFM since 2011 focused on excavator and bulldozer undercarriage parts manufacturing :Track rollers,carrier roller,idler,sprocket,track group,bucket tooth pin.\",\"publisher\":{\"@id\":\"https:\/\/gfmparts.com\/#organization\"},\"alternateName\":\"gfmparts.com\",\"potentialAction\":[{\"@type\":\"SearchAction\",\"target\":{\"@type\":\"EntryPoint\",\"urlTemplate\":\"https:\/\/gfmparts.com\/?s={search_term_string}\"},\"query-input\":{\"@type\":\"PropertyValueSpecification\",\"valueRequired\":true,\"valueName\":\"search_term_string\"}}],\"inLanguage\":\"tr\"},{\"@type\":\"Organization\",\"@id\":\"https:\/\/gfmparts.com\/#organization\",\"name\":\"GFM PARTS\",\"url\":\"https:\/\/gfmparts.com\/\",\"logo\":{\"@type\":\"ImageObject\",\"inLanguage\":\"tr\",\"@id\":\"https:\/\/gfmparts.com\/#\/schema\/logo\/image\/\",\"url\":\"https:\/\/gfmparts.com\/wp-content\/uploads\/2024\/11\/cropped-GFMparts.com_-2.png\",\"contentUrl\":\"https:\/\/gfmparts.com\/wp-content\/uploads\/2024\/11\/cropped-GFMparts.com_-2.png\",\"width\":5987,\"height\":2564,\"caption\":\"GFM PARTS\"},\"image\":{\"@id\":\"https:\/\/gfmparts.com\/#\/schema\/logo\/image\/\"},\"sameAs\":[\"https:\/\/www.facebook.com\/gfmparts\",\"https:\/\/www.linkedin.com\/company\/gfmparts\/\",\"https:\/\/www.tiktok.com\/@gfmparts\",\"https:\/\/www.youtube.com\/@GFMparts\/featured\"]}]}<\/script>\n<!-- \/ Yoast SEO Premium plugin. -->","yoast_head_json":{"title":"Bulldozer Track Chain|Track Link Assy Factory","description":"As an leading bulldozer track chain factory, GFM not only provides standardized products, but also customized designs according to customer specific needs to meet diverse application scenarios.","robots":{"index":"index","follow":"follow","max-snippet":"max-snippet:-1","max-image-preview":"max-image-preview:large","max-video-preview":"max-video-preview:-1"},"canonical":"https:\/\/gfmparts.com\/tr\/product\/buldozer-palet-zinciri-ureticisi\/","og_locale":"tr_TR","og_type":"article","og_title":"Bulldozer Track Chain Manufacturer","og_description":"As an leading bulldozer track chain factory, GFM not only provides standardized products, but also customized designs according to customer specific needs to meet diverse application scenarios.","og_url":"https:\/\/gfmparts.com\/tr\/product\/buldozer-palet-zinciri-ureticisi\/","article_publisher":"https:\/\/www.facebook.com\/gfmparts","article_modified_time":"2025-07-22T05:56:58+00:00","og_image":[{"width":754,"height":754,"url":"https:\/\/gfmparts.com\/wp-content\/uploads\/2024\/12\/bulldozer-track-chain-2.png","type":"image\/png"}],"twitter_card":"summary_large_image","twitter_misc":{"Tahmini okuma s\u00fcresi":"4 dakika"},"schema":{"@context":"https:\/\/schema.org","@graph":[{"@type":"WebPage","@id":"https:\/\/gfmparts.com\/product\/bulldozer-track-chain-manufacturer\/","url":"https:\/\/gfmparts.com\/product\/bulldozer-track-chain-manufacturer\/","name":"Bulldozer Track Chain|Track Link Assy Factory","isPartOf":{"@id":"https:\/\/gfmparts.com\/#website"},"primaryImageOfPage":{"@id":"https:\/\/gfmparts.com\/product\/bulldozer-track-chain-manufacturer\/#primaryimage"},"image":{"@id":"https:\/\/gfmparts.com\/product\/bulldozer-track-chain-manufacturer\/#primaryimage"},"thumbnailUrl":"https:\/\/gfmparts.com\/wp-content\/uploads\/2024\/12\/bulldozer-track-chain-2.png","datePublished":"2024-12-30T02:34:55+00:00","dateModified":"2025-07-22T05:56:58+00:00","description":"As an leading bulldozer track chain factory, GFM not only provides standardized products, but also customized designs according to customer specific needs to meet diverse application scenarios.","breadcrumb":{"@id":"https:\/\/gfmparts.com\/product\/bulldozer-track-chain-manufacturer\/#breadcrumb"},"inLanguage":"tr","potentialAction":[{"@type":"ReadAction","target":["https:\/\/gfmparts.com\/product\/bulldozer-track-chain-manufacturer\/"]}]},{"@type":"ImageObject","inLanguage":"tr","@id":"https:\/\/gfmparts.com\/product\/bulldozer-track-chain-manufacturer\/#primaryimage","url":"https:\/\/gfmparts.com\/wp-content\/uploads\/2024\/12\/bulldozer-track-chain-2.png","contentUrl":"https:\/\/gfmparts.com\/wp-content\/uploads\/2024\/12\/bulldozer-track-chain-2.png","width":754,"height":754,"caption":"Bulldozer Track Chain"},{"@type":"BreadcrumbList","@id":"https:\/\/gfmparts.com\/product\/bulldozer-track-chain-manufacturer\/#breadcrumb","itemListElement":[{"@type":"ListItem","position":1,"name":"\u9996\u9875","item":"https:\/\/gfmparts.com\/"},{"@type":"ListItem","position":2,"name":"All Product","item":"https:\/\/gfmparts.com\/all-product\/"},{"@type":"ListItem","position":3,"name":"Bulldozer Track Chain Manufacturer"}]},{"@type":"WebSite","@id":"https:\/\/gfmparts.com\/#website","url":"https:\/\/gfmparts.com\/","name":"GFM PARTS","description":"GFM since 2011 focused on excavator and bulldozer undercarriage parts manufacturing :Track rollers,carrier roller,idler,sprocket,track group,bucket tooth pin.","publisher":{"@id":"https:\/\/gfmparts.com\/#organization"},"alternateName":"gfmparts.com","potentialAction":[{"@type":"SearchAction","target":{"@type":"EntryPoint","urlTemplate":"https:\/\/gfmparts.com\/?s={search_term_string}"},"query-input":{"@type":"PropertyValueSpecification","valueRequired":true,"valueName":"search_term_string"}}],"inLanguage":"tr"},{"@type":"Organization","@id":"https:\/\/gfmparts.com\/#organization","name":"GFM PARTS","url":"https:\/\/gfmparts.com\/","logo":{"@type":"ImageObject","inLanguage":"tr","@id":"https:\/\/gfmparts.com\/#\/schema\/logo\/image\/","url":"https:\/\/gfmparts.com\/wp-content\/uploads\/2024\/11\/cropped-GFMparts.com_-2.png","contentUrl":"https:\/\/gfmparts.com\/wp-content\/uploads\/2024\/11\/cropped-GFMparts.com_-2.png","width":5987,"height":2564,"caption":"GFM PARTS"},"image":{"@id":"https:\/\/gfmparts.com\/#\/schema\/logo\/image\/"},"sameAs":["https:\/\/www.facebook.com\/gfmparts","https:\/\/www.linkedin.com\/company\/gfmparts\/","https:\/\/www.tiktok.com\/@gfmparts","https:\/\/www.youtube.com\/@GFMparts\/featured"]}]}},"_links":{"self":[{"href":"https:\/\/gfmparts.com\/tr\/wp-json\/wp\/v2\/product\/3185"}],"collection":[{"href":"https:\/\/gfmparts.com\/tr\/wp-json\/wp\/v2\/product"}],"about":[{"href":"https:\/\/gfmparts.com\/tr\/wp-json\/wp\/v2\/types\/product"}],"wp:featuredmedia":[{"embeddable":true,"href":"https:\/\/gfmparts.com\/tr\/wp-json\/wp\/v2\/media\/3597"}],"wp:attachment":[{"href":"https:\/\/gfmparts.com\/tr\/wp-json\/wp\/v2\/media?parent=3185"}],"wp:term":[{"taxonomy":"product_cat","embeddable":true,"href":"https:\/\/gfmparts.com\/tr\/wp-json\/wp\/v2\/product_cat?post=3185"},{"taxonomy":"product_tag","embeddable":true,"href":"https:\/\/gfmparts.com\/tr\/wp-json\/wp\/v2\/product_tag?post=3185"}],"curies":[{"name":"wp","href":"https:\/\/api.w.org\/{rel}","templated":true}]}}