{"id":3200,"date":"2025-01-02T01:43:20","date_gmt":"2025-01-02T01:43:20","guid":{"rendered":"https:\/\/gfmparts.com\/?post_type=product&#038;p=3200"},"modified":"2025-07-16T03:34:22","modified_gmt":"2025-07-16T03:34:22","slug":"bulldozer-track-shoe-factory","status":"publish","type":"product","link":"https:\/\/gfmparts.com\/tr\/product\/buldozer-paletli-ayakkabi-fabrikasi\/","title":{"rendered":"Buldozer Paletli Ayakkab\u0131 Fabrikas\u0131"},"content":{"rendered":"<p><span style=\"color: #000000;\"><a style=\"color: #000000;\" href=\"https:\/\/gfmparts.com\/tr\/product\/ekskavator-palet-pabucu-ureticisi\/\">Buldozer palet pabucu<\/a> Buldozer palet sisteminin \u00f6nemli bir bile\u015fenidir ve performans\u0131, ekipman\u0131n \u00e7al\u0131\u015fma verimlili\u011fini ve hizmet \u00f6mr\u00fcn\u00fc do\u011frudan etkiler. GFM taraf\u0131ndan \u00fcretilen buldozer palet pabucu, y\u00fcksek mukavemetli ala\u015f\u0131ml\u0131 \u00e7elikten \u00fcretilmi\u015ftir ve m\u00fckemmel a\u015f\u0131nma ve darbe direnci sa\u011flamak i\u00e7in geli\u015fmi\u015f bir \u0131s\u0131l i\u015flem s\u00fcrecinden ge\u00e7irilmi\u015ftir. Palet pabucumuz, zorlu ortamlarda istikrarl\u0131 performans\u0131n\u0131 koruyabilen ve ekipman\u0131n hizmet \u00f6mr\u00fcn\u00fc uzatan hassas bir tasar\u0131ma ve palet sistemiyle m\u00fckemmel bir uyum i\u00e7indedir. \u0130ster bir in\u015faat sahas\u0131, ister bir maden sahas\u0131 veya tar\u0131m alan\u0131 olsun, GFM buldozer palet pabucu m\u00fc\u015fterilerine her zaman g\u00fcvenilir destek sa\u011flar.<\/span><\/p>\n<h3><span style=\"color: #ff6600;\">\u00dcr\u00fcn A\u00e7\u0131klamas\u0131<\/span><\/h3>\n<ul>\n<li><span style=\"color: #000000;\"><strong>Minimum Sipari\u015f Adedi:<\/strong>\u00a01 Bilgisayar<\/span><\/li>\n<li><span style=\"color: #000000;\"><strong>\u00d6deme y\u00f6ntemi:<\/strong>\u00a0T\/T<\/span><\/li>\n<li><span style=\"color: #000000;\"><strong>Marka:<\/strong>\u00a0GFM<\/span><\/li>\n<li><span style=\"color: #000000;\"><strong>Durum:<\/strong>\u00a0Yeni<\/span><\/li>\n<li><span style=\"color: #000000;\"><strong>Renk:<\/strong>\u00a0Sar\u0131, Siyah veya \u00d6zelle\u015ftirilmi\u015f<\/span><\/li>\n<li><span style=\"color: #000000;\"><strong>Kur\u015fun zaman\u0131:<\/strong>\u00a030 g\u00fcn<\/span><\/li>\n<li><span style=\"color: #000000;\"><strong>Garanti:<\/strong>\u00a01 Y\u0131l<\/span><\/li>\n<li><span style=\"color: #000000;\"><strong>Hizmet:<\/strong>\u00a0OEM veya ODM<\/span><\/li>\n<li><span style=\"color: #000000;\"><strong>Men\u015fei Yeri:<\/strong>\u00a0Fujian, \u00c7in<\/span><\/li>\n<li><span style=\"color: #000000;\"><strong>Ba\u015fvuru:<\/strong> Buldozer<\/span><\/li>\n<li><span style=\"color: #000000;\"><strong>Paketleme:<\/strong>\u00a0Standart \u0130hracat Ah\u015fap Palet<\/span><\/li>\n<\/ul>\n<p style=\"text-align: center;\">\u00a0<img fetchpriority=\"high\" decoding=\"async\" class=\"alignnone wp-image-3069\" src=\"https:\/\/gfmparts.com\/wp-content\/uploads\/2024\/12\/track-shoe_2-1024x768.jpg\" alt=\"ekskavat\u00f6r t\u0131rna\u011f\u0131\" width=\"396\" height=\"297\" srcset=\"https:\/\/gfmparts.com\/wp-content\/uploads\/2024\/12\/track-shoe_2-1024x768.jpg 1024w, https:\/\/gfmparts.com\/wp-content\/uploads\/2024\/12\/track-shoe_2-300x225.jpg 300w, https:\/\/gfmparts.com\/wp-content\/uploads\/2024\/12\/track-shoe_2-768x576.jpg 768w, https:\/\/gfmparts.com\/wp-content\/uploads\/2024\/12\/track-shoe_2-1536x1152.jpg 1536w, https:\/\/gfmparts.com\/wp-content\/uploads\/2024\/12\/track-shoe_2-2048x1536.jpg 2048w, https:\/\/gfmparts.com\/wp-content\/uploads\/2024\/12\/track-shoe_2-600x450.jpg 600w\" sizes=\"(max-width: 396px) 100vw, 396px\" \/><\/p>\n<h3><span style=\"color: #ff6600;\">\u00d6zellikler<\/span><\/h3>\n<ul>\n<li><b><\/b><span style=\"color: #000000;\"><strong><b>Dayan\u0131kl\u0131 ve Uzun \u00d6m\u00fcrl\u00fc: <\/b><\/strong>Zorlu i\u015flere dayan\u0131kl\u0131, y\u00fcksek kaliteli \u00e7elikten \u00fcretilmi\u015ftir.<\/span><\/li>\n<li><span style=\"color: #000000;\"><b><\/b><strong><b>Geli\u015fmi\u015f Stabilite: <\/b><\/strong>Her t\u00fcrl\u00fc arazide g\u00fcvenli kullan\u0131m i\u00e7in m\u00fckemmel \u00e7eki\u015f g\u00fcc\u00fc.<\/span><\/li>\n<li><span style=\"color: #000000;\"><b><\/b><strong><b>Uzun \u00d6m\u00fcr: <\/b><\/strong>A\u015f\u0131nmay\u0131 azalt\u0131r ve alt tak\u0131m\u0131n\u0131z\u0131 korur.<\/span><\/li>\n<li><span style=\"color: #000000;\"><b><\/b><strong><b>Paslanmaya Dayan\u0131kl\u0131: <\/b><\/strong>Zorlu ko\u015fullarda g\u00fcvenilir performans i\u00e7in kaplanm\u0131\u015ft\u0131r.<\/span><\/li>\n<li><span style=\"color: #000000;\"><b><\/b><strong><b>Maliyet Etkin: <\/b><\/strong>\u00dcst\u00fcn dayan\u0131kl\u0131l\u0131\u011f\u0131 ile bak\u0131m maliyetlerini d\u00fc\u015f\u00fcr\u00fcr.<\/span><\/li>\n<li><span style=\"color: #000000;\"><b><\/b><strong><b>\u00c7ok y\u00f6nl\u00fc: <\/b><\/strong>Kaya, \u00e7amur, kum veya yumu\u015fak zeminler i\u00e7in m\u00fckemmeldir.<\/span><\/li>\n<\/ul>\n<h3><span style=\"color: #ff6600;\">\u00d6zellikler<\/span><\/h3>\n<p style=\"text-align: center;\"><img decoding=\"async\" class=\"alignnone wp-image-6792\" src=\"https:\/\/gfmparts.com\/wp-content\/uploads\/2025\/01\/Bulldozer-Track-Shoe-Specifications-1024x707.png\" alt=\"Buldozer Palet Pabucu \u00d6zellikleri\" width=\"921\" height=\"636\" srcset=\"https:\/\/gfmparts.com\/wp-content\/uploads\/2025\/01\/Bulldozer-Track-Shoe-Specifications-1024x707.png 1024w, https:\/\/gfmparts.com\/wp-content\/uploads\/2025\/01\/Bulldozer-Track-Shoe-Specifications-300x207.png 300w, https:\/\/gfmparts.com\/wp-content\/uploads\/2025\/01\/Bulldozer-Track-Shoe-Specifications-768x530.png 768w, https:\/\/gfmparts.com\/wp-content\/uploads\/2025\/01\/Bulldozer-Track-Shoe-Specifications-1536x1060.png 1536w, https:\/\/gfmparts.com\/wp-content\/uploads\/2025\/01\/Bulldozer-Track-Shoe-Specifications-600x414.png 600w, https:\/\/gfmparts.com\/wp-content\/uploads\/2025\/01\/Bulldozer-Track-Shoe-Specifications.png 1743w\" sizes=\"(max-width: 921px) 100vw, 921px\" \/><\/p>\n<h3><span style=\"color: #ff6600;\">\u00dcr\u00fcn Modelleri<\/span><\/h3>\n<p style=\"text-align: center;\"><img decoding=\"async\" class=\"alignnone size-full wp-image-3146\" src=\"https:\/\/gfmparts.com\/wp-content\/uploads\/2024\/11\/bulldozer-part-description.png\" alt=\"buldozer par\u00e7a a\u00e7\u0131klamas\u0131\" width=\"626\" height=\"317\" srcset=\"https:\/\/gfmparts.com\/wp-content\/uploads\/2024\/11\/bulldozer-part-description.png 626w, https:\/\/gfmparts.com\/wp-content\/uploads\/2024\/11\/bulldozer-part-description-300x152.png 300w, https:\/\/gfmparts.com\/wp-content\/uploads\/2024\/11\/bulldozer-part-description-600x304.png 600w\" sizes=\"(max-width: 626px) 100vw, 626px\" \/><\/p>\n<h3><span style=\"color: #ff6600;\">\u00dcretim S\u00fcreci<\/span><\/h3>\n<p style=\"text-align: center;\"><iframe title=\"YouTube video oynat\u0131c\u0131s\u0131\" src=\"https:\/\/www.youtube.com\/embed\/Nj9u7bBv59w?si=nEYwUUSoPTBFYng3\" width=\"1000\" height=\"563\" frameborder=\"0\" allowfullscreen=\"allowfullscreen\"><\/iframe><\/p>\n<p><img loading=\"lazy\" decoding=\"async\" class=\"size-large wp-image-3043 aligncenter\" src=\"https:\/\/gfmparts.com\/wp-content\/uploads\/2024\/12\/\u901a\u7528\u751f\u4ea7\u6d41\u7a0b-1-1024x648.jpg\" alt=\"ekskavat\u00f6r par\u00e7a \u00fcretim s\u00fcreci\" width=\"1024\" height=\"648\" srcset=\"\" sizes=\"(max-width: 1024px) 100vw, 1024px\" data-srcset=\"\" \/><\/p>\n<h3><span style=\"color: #ff6600;\">Paketleme ve Nakliye<\/span><\/h3>\n<p style=\"text-align: center;\"><img loading=\"lazy\" decoding=\"async\" class=\"alignnone size-large wp-image-6521\" src=\"https:\/\/gfmparts.com\/wp-content\/uploads\/2025\/05\/Packaging-and-Shipping-1-1-1024x648.jpg\" alt=\"Paketleme ve Nakliye\" width=\"1024\" height=\"648\" srcset=\"https:\/\/gfmparts.com\/wp-content\/uploads\/2025\/05\/Packaging-and-Shipping-1-1-1024x648.jpg 1024w, https:\/\/gfmparts.com\/wp-content\/uploads\/2025\/05\/Packaging-and-Shipping-1-1-300x190.jpg 300w, https:\/\/gfmparts.com\/wp-content\/uploads\/2025\/05\/Packaging-and-Shipping-1-1-768x486.jpg 768w, https:\/\/gfmparts.com\/wp-content\/uploads\/2025\/05\/Packaging-and-Shipping-1-1-1536x973.jpg 1536w, https:\/\/gfmparts.com\/wp-content\/uploads\/2025\/05\/Packaging-and-Shipping-1-1-2048x1297.jpg 2048w, https:\/\/gfmparts.com\/wp-content\/uploads\/2025\/05\/Packaging-and-Shipping-1-1-600x380.jpg 600w\" sizes=\"(max-width: 1024px) 100vw, 1024px\" \/><\/p>\n<h3><span style=\"color: #ff6600;\">Fabrika Avantajlar\u0131<\/span><\/h3>\n<p><span style=\"color: #000000;\">Profesyonel bir buldozer olarak <a style=\"color: #000000;\" href=\"https:\/\/gfmparts.com\/tr\/product\/buldozer-palet-zinciri-ureticisi\/\">paletli\u0307 ayakkabi fabri\u0307kasi<\/a>GFM, 10 y\u0131l\u0131 a\u015fk\u0131n \u00fcretim deneyimine ve modern \u00fcretim tesislerine sahiptir. Her bir zincirin s\u0131k\u0131 kalite standartlar\u0131n\u0131 kar\u015f\u0131lamas\u0131n\u0131 sa\u011flamak i\u00e7in uluslararas\u0131 alanda lider CNC i\u015fleme ekipmanlar\u0131 ve otomatik \u00fcretim hatlar\u0131 kurduk. Fabrikam\u0131z ISO 9001 sertifikal\u0131d\u0131r ve malzeme testi, boyutsal do\u011fruluk testi ve dayan\u0131kl\u0131l\u0131k testlerini kapsayan ba\u011f\u0131ms\u0131z bir test merkezine sahiptir. GFM, yaln\u0131zca \u00fcr\u00fcn kalitesini g\u00f6zetmekle kalmaz, ayn\u0131 zamanda m\u00fc\u015fterilerine uygun maliyetli buldozer zinciri \u00e7\u00f6z\u00fcmleri sunmak i\u00e7in \u00fcretim verimlili\u011fine ve \u00e7evresel sorumlulu\u011fa da \u00f6nem verir.<\/span><\/p>\n<p><span style=\"color: #000000;\"><strong>GFM&#039;yi se\u00e7mek i\u00e7in nedenler<\/strong><\/span><\/p>\n<ul>\n<li><span style=\"color: #000000;\"><strong>M\u00fckemmel \u00fcr\u00fcn kalitesi:<\/strong> Y\u00fcksek y\u00fck operasyonlar\u0131nda palet pabu\u00e7lar\u0131n\u0131n istikrarl\u0131 performans\u0131n\u0131 garantilemek i\u00e7in y\u00fcksek kaliteli hammaddeler se\u00e7iyoruz ve hassas teknoloji kullan\u0131yoruz.<\/span><\/li>\n<li><span style=\"color: #000000;\"><strong>Esnek \u00f6zelle\u015ftirme yetenekleri:<\/strong> M\u00fc\u015fteri ihtiya\u00e7lar\u0131na g\u00f6re \u00e7oklu \u00f6zellikler ve modellerde buldozer zincir plakalar\u0131n\u0131n \u00f6zelle\u015ftirilmi\u015f hizmetlerini destekliyoruz.<\/span><\/li>\n<li><span style=\"color: #000000;\"><strong>M\u00fckemmel sat\u0131\u015f sonras\u0131 hizmet:<\/strong> M\u00fc\u015fterilerin \u00fcr\u00fcn kullan\u0131m\u0131 s\u0131ras\u0131nda endi\u015fesiz bir deneyim ya\u015famas\u0131n\u0131 sa\u011flamak i\u00e7in teknik rehberlik ve sat\u0131\u015f sonras\u0131 destek sa\u011flay\u0131n.<\/span><\/li>\n<li><span style=\"color: #000000;\"><strong>K\u00fcresel i\u015fbirli\u011fi a\u011f\u0131:<\/strong> Buldozer paletlerimiz d\u00fcnya \u00e7ap\u0131nda 30&#039;dan fazla \u00fclkeye ihra\u00e7 edilmekte olup m\u00fc\u015fterilerimiz taraf\u0131ndan b\u00fcy\u00fck bir g\u00fcven duymaktad\u0131r.<\/span><\/li>\n<\/ul>\n<p><span style=\"color: #000000;\">GFM, y\u00fcksek kaliteli \u00fcr\u00fcnleri ve profesyonel fabrika \u00fcretim kapasitesiyle, m\u00fc\u015fterileri i\u00e7in g\u00fcvenilir bir buldozer palet pabucu tedarik\u00e7isi olmaya kararl\u0131d\u0131r. G\u00fcvenilir bir buldozer palet pabucu veya y\u00fcksek kaliteli bir buldozer palet pabucu fabrikas\u0131 ar\u0131yorsan\u0131z, GFM sizin i\u00e7in en iyi se\u00e7im olacakt\u0131r!<\/span><\/p>\n<p style=\"text-align: center;\"><span style=\"color: #000000;\"><img loading=\"lazy\" decoding=\"async\" class=\"alignnone wp-image-2159\" src=\"https:\/\/gfmparts.com\/wp-content\/uploads\/2024\/12\/\u5fae\u4fe1\u56fe\u7247_20241202160325-1024x576.jpg\" alt=\"ta\u015f\u0131y\u0131c\u0131 silindir \u00fcreticisi\" width=\"767\" height=\"431\" srcset=\"\" sizes=\"(max-width: 767px) 100vw, 767px\" data-srcset=\"\" \/><\/span><\/p>","protected":false},"excerpt":{"rendered":"<ul>\n<li><span style=\"color: #000000;\">\u00dcr\u00fcn Kalitesi Garantili<\/span><\/li>\n<li><span style=\"color: #000000;\">B\u00fcy\u00fck Tedarik<\/span><\/li>\n<li><span style=\"color: #000000;\">Rekabet\u00e7i Fiyatland\u0131rma<\/span><\/li>\n<li><span style=\"color: #000000;\">\u00c7o\u011fu Marka ve Model<\/span><\/li>\n<li><span style=\"color: #000000;\">Yard\u0131msever M\u00fc\u015fteri Hizmetleri Ekibi<\/span><\/li>\n<li><span style=\"color: #000000;\">Profesyonel Teknik Destek<\/span><\/li>\n<\/ul>","protected":false},"featured_media":3596,"template":"","meta":{"site-sidebar-layout":"default","site-content-layout":"","ast-site-content-layout":"default","site-content-style":"default","site-sidebar-style":"default","ast-global-header-display":"","ast-banner-title-visibility":"","ast-main-header-display":"","ast-hfb-above-header-display":"","ast-hfb-below-header-display":"","ast-hfb-mobile-header-display":"","site-post-title":"","ast-breadcrumbs-content":"","ast-featured-img":"","footer-sml-layout":"","theme-transparent-header-meta":"default","adv-header-id-meta":"","stick-header-meta":"default","header-above-stick-meta":"","header-main-stick-meta":"","header-below-stick-meta":"","astra-migrate-meta-layouts":"set","ast-page-background-enabled":"default","ast-page-background-meta":{"desktop":{"background-color":"","background-image":"","background-repeat":"repeat","background-position":"center center","background-size":"auto","background-attachment":"scroll","background-type":"","background-media":"","overlay-type":"","overlay-color":"","overlay-opacity":"","overlay-gradient":""},"tablet":{"background-color":"","background-image":"","background-repeat":"repeat","background-position":"center center","background-size":"auto","background-attachment":"scroll","background-type":"","background-media":"","overlay-type":"","overlay-color":"","overlay-opacity":"","overlay-gradient":""},"mobile":{"background-color":"","background-image":"","background-repeat":"repeat","background-position":"center center","background-size":"auto","background-attachment":"scroll","background-type":"","background-media":"","overlay-type":"","overlay-color":"","overlay-opacity":"","overlay-gradient":""}},"ast-content-background-meta":{"desktop":{"background-color":"var(--ast-global-color-5)","background-image":"","background-repeat":"repeat","background-position":"center center","background-size":"auto","background-attachment":"scroll","background-type":"","background-media":"","overlay-type":"","overlay-color":"","overlay-opacity":"","overlay-gradient":""},"tablet":{"background-color":"var(--ast-global-color-5)","background-image":"","background-repeat":"repeat","background-position":"center center","background-size":"auto","background-attachment":"scroll","background-type":"","background-media":"","overlay-type":"","overlay-color":"","overlay-opacity":"","overlay-gradient":""},"mobile":{"background-color":"var(--ast-global-color-5)","background-image":"","background-repeat":"repeat","background-position":"center center","background-size":"auto","background-attachment":"scroll","background-type":"","background-media":"","overlay-type":"","overlay-color":"","overlay-opacity":"","overlay-gradient":""}}},"product_cat":[38,33],"product_tag":[],"class_list":{"0":"post-3200","1":"product","2":"type-product","3":"status-publish","4":"has-post-thumbnail","6":"product_cat-undercarriage","7":"product_cat-track-shoe","8":"desktop-align-left","9":"tablet-align-left","10":"mobile-align-left","11":"ast-product-gallery-layout-horizontal-slider","12":"ast-product-tabs-layout-horizontal","14":"first","15":"instock","16":"shipping-taxable","17":"product-type-simple"},"yoast_head":"<!-- This site is optimized with the Yoast SEO Premium plugin v22.8 (Yoast SEO v23.9) - https:\/\/yoast.com\/wordpress\/plugins\/seo\/ -->\n<title>Dozer Grouser Plate - Bulldozer Track Shoe Factory<\/title>\n<meta name=\"description\" content=\"As a professional bulldozer track shoe factory, GFM has more than 10 years of manufacturing experience and modern production facilities. Support customized services.\" \/>\n<meta name=\"robots\" content=\"index, follow, max-snippet:-1, max-image-preview:large, max-video-preview:-1\" \/>\n<link rel=\"canonical\" href=\"https:\/\/gfmparts.com\/tr\/product\/buldozer-paletli-ayakkabi-fabrikasi\/\" \/>\n<meta property=\"og:locale\" content=\"tr_TR\" \/>\n<meta property=\"og:type\" content=\"article\" \/>\n<meta property=\"og:title\" content=\"Bulldozer Track Shoe Factory\" \/>\n<meta property=\"og:description\" content=\"As a professional bulldozer track shoe factory, GFM has more than 10 years of manufacturing experience and modern production facilities. Support customized services.\" \/>\n<meta property=\"og:url\" content=\"https:\/\/gfmparts.com\/tr\/product\/buldozer-paletli-ayakkabi-fabrikasi\/\" \/>\n<meta property=\"article:publisher\" content=\"https:\/\/www.facebook.com\/gfmparts\" \/>\n<meta property=\"article:modified_time\" content=\"2025-07-16T03:34:22+00:00\" \/>\n<meta property=\"og:image\" content=\"https:\/\/gfmparts.com\/wp-content\/uploads\/2025\/01\/bulldozer-track-shoe.png\" \/>\n\t<meta property=\"og:image:width\" content=\"388\" \/>\n\t<meta property=\"og:image:height\" content=\"388\" \/>\n\t<meta property=\"og:image:type\" content=\"image\/png\" \/>\n<meta name=\"twitter:card\" content=\"summary_large_image\" \/>\n<meta name=\"twitter:label1\" content=\"Tahmini okuma s\u00fcresi\" \/>\n\t<meta name=\"twitter:data1\" content=\"4 dakika\" \/>\n<script type=\"application\/ld+json\" class=\"yoast-schema-graph\">{\"@context\":\"https:\/\/schema.org\",\"@graph\":[{\"@type\":\"WebPage\",\"@id\":\"https:\/\/gfmparts.com\/product\/bulldozer-track-shoe-factory\/\",\"url\":\"https:\/\/gfmparts.com\/product\/bulldozer-track-shoe-factory\/\",\"name\":\"Dozer Grouser Plate - Bulldozer Track Shoe Factory\",\"isPartOf\":{\"@id\":\"https:\/\/gfmparts.com\/#website\"},\"primaryImageOfPage\":{\"@id\":\"https:\/\/gfmparts.com\/product\/bulldozer-track-shoe-factory\/#primaryimage\"},\"image\":{\"@id\":\"https:\/\/gfmparts.com\/product\/bulldozer-track-shoe-factory\/#primaryimage\"},\"thumbnailUrl\":\"https:\/\/gfmparts.com\/wp-content\/uploads\/2025\/01\/bulldozer-track-shoe.png\",\"datePublished\":\"2025-01-02T01:43:20+00:00\",\"dateModified\":\"2025-07-16T03:34:22+00:00\",\"description\":\"As a professional bulldozer track shoe factory, GFM has more than 10 years of manufacturing experience and modern production facilities. Support customized services.\",\"breadcrumb\":{\"@id\":\"https:\/\/gfmparts.com\/product\/bulldozer-track-shoe-factory\/#breadcrumb\"},\"inLanguage\":\"tr\",\"potentialAction\":[{\"@type\":\"ReadAction\",\"target\":[\"https:\/\/gfmparts.com\/product\/bulldozer-track-shoe-factory\/\"]}]},{\"@type\":\"ImageObject\",\"inLanguage\":\"tr\",\"@id\":\"https:\/\/gfmparts.com\/product\/bulldozer-track-shoe-factory\/#primaryimage\",\"url\":\"https:\/\/gfmparts.com\/wp-content\/uploads\/2025\/01\/bulldozer-track-shoe.png\",\"contentUrl\":\"https:\/\/gfmparts.com\/wp-content\/uploads\/2025\/01\/bulldozer-track-shoe.png\",\"width\":388,\"height\":388,\"caption\":\"Bulldozer Track Shoe\"},{\"@type\":\"BreadcrumbList\",\"@id\":\"https:\/\/gfmparts.com\/product\/bulldozer-track-shoe-factory\/#breadcrumb\",\"itemListElement\":[{\"@type\":\"ListItem\",\"position\":1,\"name\":\"\u9996\u9875\",\"item\":\"https:\/\/gfmparts.com\/\"},{\"@type\":\"ListItem\",\"position\":2,\"name\":\"All Product\",\"item\":\"https:\/\/gfmparts.com\/all-product\/\"},{\"@type\":\"ListItem\",\"position\":3,\"name\":\"Bulldozer Track Shoe Factory\"}]},{\"@type\":\"WebSite\",\"@id\":\"https:\/\/gfmparts.com\/#website\",\"url\":\"https:\/\/gfmparts.com\/\",\"name\":\"GFM PARTS\",\"description\":\"GFM since 2011 focused on excavator and bulldozer undercarriage parts manufacturing :Track rollers,carrier roller,idler,sprocket,track group,bucket tooth pin.\",\"publisher\":{\"@id\":\"https:\/\/gfmparts.com\/#organization\"},\"alternateName\":\"gfmparts.com\",\"potentialAction\":[{\"@type\":\"SearchAction\",\"target\":{\"@type\":\"EntryPoint\",\"urlTemplate\":\"https:\/\/gfmparts.com\/?s={search_term_string}\"},\"query-input\":{\"@type\":\"PropertyValueSpecification\",\"valueRequired\":true,\"valueName\":\"search_term_string\"}}],\"inLanguage\":\"tr\"},{\"@type\":\"Organization\",\"@id\":\"https:\/\/gfmparts.com\/#organization\",\"name\":\"GFM PARTS\",\"url\":\"https:\/\/gfmparts.com\/\",\"logo\":{\"@type\":\"ImageObject\",\"inLanguage\":\"tr\",\"@id\":\"https:\/\/gfmparts.com\/#\/schema\/logo\/image\/\",\"url\":\"https:\/\/gfmparts.com\/wp-content\/uploads\/2024\/11\/cropped-GFMparts.com_-2.png\",\"contentUrl\":\"https:\/\/gfmparts.com\/wp-content\/uploads\/2024\/11\/cropped-GFMparts.com_-2.png\",\"width\":5987,\"height\":2564,\"caption\":\"GFM PARTS\"},\"image\":{\"@id\":\"https:\/\/gfmparts.com\/#\/schema\/logo\/image\/\"},\"sameAs\":[\"https:\/\/www.facebook.com\/gfmparts\",\"https:\/\/www.linkedin.com\/company\/gfmparts\/\",\"https:\/\/www.tiktok.com\/@gfmparts\",\"https:\/\/www.youtube.com\/@GFMparts\/featured\"]}]}<\/script>\n<!-- \/ Yoast SEO Premium plugin. -->","yoast_head_json":{"title":"Dozer Grouser Plate - Bulldozer Track Shoe Factory","description":"As a professional bulldozer track shoe factory, GFM has more than 10 years of manufacturing experience and modern production facilities. Support customized services.","robots":{"index":"index","follow":"follow","max-snippet":"max-snippet:-1","max-image-preview":"max-image-preview:large","max-video-preview":"max-video-preview:-1"},"canonical":"https:\/\/gfmparts.com\/tr\/product\/buldozer-paletli-ayakkabi-fabrikasi\/","og_locale":"tr_TR","og_type":"article","og_title":"Bulldozer Track Shoe Factory","og_description":"As a professional bulldozer track shoe factory, GFM has more than 10 years of manufacturing experience and modern production facilities. Support customized services.","og_url":"https:\/\/gfmparts.com\/tr\/product\/buldozer-paletli-ayakkabi-fabrikasi\/","article_publisher":"https:\/\/www.facebook.com\/gfmparts","article_modified_time":"2025-07-16T03:34:22+00:00","og_image":[{"width":388,"height":388,"url":"https:\/\/gfmparts.com\/wp-content\/uploads\/2025\/01\/bulldozer-track-shoe.png","type":"image\/png"}],"twitter_card":"summary_large_image","twitter_misc":{"Tahmini okuma s\u00fcresi":"4 dakika"},"schema":{"@context":"https:\/\/schema.org","@graph":[{"@type":"WebPage","@id":"https:\/\/gfmparts.com\/product\/bulldozer-track-shoe-factory\/","url":"https:\/\/gfmparts.com\/product\/bulldozer-track-shoe-factory\/","name":"Dozer Grouser Plate - Bulldozer Track Shoe Factory","isPartOf":{"@id":"https:\/\/gfmparts.com\/#website"},"primaryImageOfPage":{"@id":"https:\/\/gfmparts.com\/product\/bulldozer-track-shoe-factory\/#primaryimage"},"image":{"@id":"https:\/\/gfmparts.com\/product\/bulldozer-track-shoe-factory\/#primaryimage"},"thumbnailUrl":"https:\/\/gfmparts.com\/wp-content\/uploads\/2025\/01\/bulldozer-track-shoe.png","datePublished":"2025-01-02T01:43:20+00:00","dateModified":"2025-07-16T03:34:22+00:00","description":"As a professional bulldozer track shoe factory, GFM has more than 10 years of manufacturing experience and modern production facilities. Support customized services.","breadcrumb":{"@id":"https:\/\/gfmparts.com\/product\/bulldozer-track-shoe-factory\/#breadcrumb"},"inLanguage":"tr","potentialAction":[{"@type":"ReadAction","target":["https:\/\/gfmparts.com\/product\/bulldozer-track-shoe-factory\/"]}]},{"@type":"ImageObject","inLanguage":"tr","@id":"https:\/\/gfmparts.com\/product\/bulldozer-track-shoe-factory\/#primaryimage","url":"https:\/\/gfmparts.com\/wp-content\/uploads\/2025\/01\/bulldozer-track-shoe.png","contentUrl":"https:\/\/gfmparts.com\/wp-content\/uploads\/2025\/01\/bulldozer-track-shoe.png","width":388,"height":388,"caption":"Bulldozer Track Shoe"},{"@type":"BreadcrumbList","@id":"https:\/\/gfmparts.com\/product\/bulldozer-track-shoe-factory\/#breadcrumb","itemListElement":[{"@type":"ListItem","position":1,"name":"\u9996\u9875","item":"https:\/\/gfmparts.com\/"},{"@type":"ListItem","position":2,"name":"All Product","item":"https:\/\/gfmparts.com\/all-product\/"},{"@type":"ListItem","position":3,"name":"Bulldozer Track Shoe Factory"}]},{"@type":"WebSite","@id":"https:\/\/gfmparts.com\/#website","url":"https:\/\/gfmparts.com\/","name":"GFM PARTS","description":"GFM since 2011 focused on excavator and bulldozer undercarriage parts manufacturing :Track rollers,carrier roller,idler,sprocket,track group,bucket tooth pin.","publisher":{"@id":"https:\/\/gfmparts.com\/#organization"},"alternateName":"gfmparts.com","potentialAction":[{"@type":"SearchAction","target":{"@type":"EntryPoint","urlTemplate":"https:\/\/gfmparts.com\/?s={search_term_string}"},"query-input":{"@type":"PropertyValueSpecification","valueRequired":true,"valueName":"search_term_string"}}],"inLanguage":"tr"},{"@type":"Organization","@id":"https:\/\/gfmparts.com\/#organization","name":"GFM PARTS","url":"https:\/\/gfmparts.com\/","logo":{"@type":"ImageObject","inLanguage":"tr","@id":"https:\/\/gfmparts.com\/#\/schema\/logo\/image\/","url":"https:\/\/gfmparts.com\/wp-content\/uploads\/2024\/11\/cropped-GFMparts.com_-2.png","contentUrl":"https:\/\/gfmparts.com\/wp-content\/uploads\/2024\/11\/cropped-GFMparts.com_-2.png","width":5987,"height":2564,"caption":"GFM PARTS"},"image":{"@id":"https:\/\/gfmparts.com\/#\/schema\/logo\/image\/"},"sameAs":["https:\/\/www.facebook.com\/gfmparts","https:\/\/www.linkedin.com\/company\/gfmparts\/","https:\/\/www.tiktok.com\/@gfmparts","https:\/\/www.youtube.com\/@GFMparts\/featured"]}]}},"_links":{"self":[{"href":"https:\/\/gfmparts.com\/tr\/wp-json\/wp\/v2\/product\/3200"}],"collection":[{"href":"https:\/\/gfmparts.com\/tr\/wp-json\/wp\/v2\/product"}],"about":[{"href":"https:\/\/gfmparts.com\/tr\/wp-json\/wp\/v2\/types\/product"}],"wp:featuredmedia":[{"embeddable":true,"href":"https:\/\/gfmparts.com\/tr\/wp-json\/wp\/v2\/media\/3596"}],"wp:attachment":[{"href":"https:\/\/gfmparts.com\/tr\/wp-json\/wp\/v2\/media?parent=3200"}],"wp:term":[{"taxonomy":"product_cat","embeddable":true,"href":"https:\/\/gfmparts.com\/tr\/wp-json\/wp\/v2\/product_cat?post=3200"},{"taxonomy":"product_tag","embeddable":true,"href":"https:\/\/gfmparts.com\/tr\/wp-json\/wp\/v2\/product_tag?post=3200"}],"curies":[{"name":"wp","href":"https:\/\/api.w.org\/{rel}","templated":true}]}}