{"id":3210,"date":"2025-01-03T01:37:25","date_gmt":"2025-01-03T01:37:25","guid":{"rendered":"https:\/\/gfmparts.com\/?post_type=product&#038;p=3210"},"modified":"2025-07-09T08:08:26","modified_gmt":"2025-07-09T08:08:26","slug":"best-bulldozer-bottom-roller-factory","status":"publish","type":"product","link":"https:\/\/gfmparts.com\/tr\/product\/en-iyi-buldozer-alt-silindir-fabrikasi\/","title":{"rendered":"En \u0130yi Buldozer Alt Silindir Fabrikas\u0131"},"content":{"rendered":"<p><span style=\"color: #000000;\">GFM <a style=\"color: #000000;\" href=\"https:\/\/gfmparts.com\/tr\/product\/yuksek-kaliteli-alt-silindir-ureticisi\/\">buldozer palet silindirleri<\/a>A\u011f\u0131r hizmet tipi m\u00fchendislik ekipmanlar\u0131n\u0131n temel bile\u015fenleri olan , zorlu \u00e7al\u0131\u015fma ortamlar\u0131 i\u00e7in tasarlanm\u0131\u015ft\u0131r. Y\u00fcksek mukavemetli ala\u015f\u0131mdan \u00fcretilen bu par\u00e7alar, zorlu \u00e7al\u0131\u015fma ko\u015fullar\u0131nda m\u00fckemmel a\u015f\u0131nma direnci ve y\u00fck ta\u015f\u0131ma kapasitesi sa\u011flamak i\u00e7in hassas d\u00f6k\u00fcm ve \u0131s\u0131l i\u015flemden ge\u00e7irilmi\u015ftir. Benzersiz s\u0131zd\u0131rmazl\u0131k yap\u0131s\u0131 tasar\u0131m\u0131, \u00e7amur ve su giri\u015fini etkili bir \u015fekilde \u00f6nler, hizmet \u00f6mr\u00fcn\u00fc uzat\u0131r ve bak\u0131m maliyetlerini azalt\u0131r. Ayr\u0131ca, optimize edilmi\u015f tekerlek yap\u0131s\u0131 tasar\u0131m\u0131, silindirlerin yuvarlanma verimlili\u011fini ve stabilitesini art\u0131rarak, buldozerin engebeli arazilerde bile sorunsuz bir \u015fekilde s\u00fcr\u00fclmesini sa\u011flar ve genel \u00e7al\u0131\u015fma verimlili\u011fini ve g\u00fcvenli\u011fini art\u0131r\u0131r.<\/span><\/p>\n<h3><span style=\"color: #ff6600;\">\u00dcr\u00fcn A\u00e7\u0131klamas\u0131<\/span><\/h3>\n<ul>\n<li><span style=\"color: #000000;\"><strong>Minimum Sipari\u015f Adedi:<\/strong>\u00a01 Bilgisayar<\/span><\/li>\n<li><span style=\"color: #000000;\"><strong>\u00d6deme y\u00f6ntemi:<\/strong>\u00a0T\/T<\/span><\/li>\n<li><span style=\"color: #000000;\"><strong>Marka:<\/strong>\u00a0GFM<\/span><\/li>\n<li><span style=\"color: #000000;\"><strong>Durum:<\/strong>\u00a0Yeni<\/span><\/li>\n<li><span style=\"color: #000000;\"><strong>Renk:<\/strong>\u00a0Sar\u0131, Siyah veya \u00d6zelle\u015ftirilmi\u015f<\/span><\/li>\n<li><span style=\"color: #000000;\"><strong>Kur\u015fun zaman\u0131:<\/strong>\u00a030 g\u00fcn<\/span><\/li>\n<li><span style=\"color: #000000;\"><strong>Garanti:<\/strong>\u00a01 Y\u0131l<\/span><\/li>\n<li><span style=\"color: #000000;\"><strong>Hizmet:<\/strong>\u00a0OEM veya ODM<\/span><\/li>\n<li><span style=\"color: #000000;\"><strong>Men\u015fei Yeri:<\/strong>\u00a0Fujian, \u00c7in<\/span><\/li>\n<li><span style=\"color: #000000;\"><strong>Ba\u015fvuru:<\/strong> Buldozer<\/span><\/li>\n<li><span style=\"color: #000000;\"><strong>Paketleme:<\/strong>\u00a0Standart \u0130hracat Ah\u015fap Palet<\/span><\/li>\n<\/ul>\n<p style=\"text-align: center;\"><span style=\"color: #000000;\"><img fetchpriority=\"high\" decoding=\"async\" class=\"alignnone wp-image-3220\" src=\"https:\/\/gfmparts.com\/wp-content\/uploads\/2025\/01\/bulldozer-bottom-roller-2-1.png\" alt=\"buldozer alt silindiri\" width=\"621\" height=\"400\" srcset=\"https:\/\/gfmparts.com\/wp-content\/uploads\/2025\/01\/bulldozer-bottom-roller-2-1.png 720w, https:\/\/gfmparts.com\/wp-content\/uploads\/2025\/01\/bulldozer-bottom-roller-2-1-300x193.png 300w, https:\/\/gfmparts.com\/wp-content\/uploads\/2025\/01\/bulldozer-bottom-roller-2-1-600x387.png 600w\" sizes=\"(max-width: 621px) 100vw, 621px\" \/><\/span><\/p>\n<h3><span style=\"color: #ff6600;\">\u00d6zellikler<\/span><\/h3>\n<ul>\n<li><span style=\"color: #000000;\"><strong><b>Ultra Dayan\u0131kl\u0131: <\/b><\/strong>Uzun \u00f6m\u00fcrl\u00fc performans i\u00e7in birinci s\u0131n\u0131f \u00e7elik ve geli\u015fmi\u015f \u0131s\u0131l i\u015flemle \u00fcretilmi\u015ftir.<\/span><\/li>\n<li><span style=\"color: #000000;\"><strong><b>A\u011f\u0131r Hizmet Tipi Tasar\u0131m: <\/b><\/strong>A\u015f\u0131r\u0131 y\u00fckleri kolayl\u0131kla kald\u0131rarak g\u00fcvenilir bir \u00e7al\u0131\u015fma sa\u011flar.<\/span><\/li>\n<li><span style=\"color: #000000;\"><strong><b>Sorunsuz Performans: <\/b><\/strong>Titre\u015fimi ve a\u015f\u0131nmay\u0131 azaltmak i\u00e7in hassas bir \u015fekilde tasarlanm\u0131\u015ft\u0131r.<\/span><\/li>\n<li><span style=\"color: #000000;\"><strong><b>Bak\u0131m Gerektirmez: <\/b><\/strong>Kir ve suya kar\u015f\u0131 koruma sa\u011flamak i\u00e7in m\u00fch\u00fcrlenmi\u015f ve \u00f6nceden ya\u011flanm\u0131\u015ft\u0131r.<\/span><\/li>\n<li><span style=\"color: #000000;\"><strong><b>Evrensel Uyum: <\/b><\/strong>\u00c7ok \u00e7e\u015fitli buldozer modelleriyle uyumludur.<\/span><\/li>\n<li><span style=\"color: #000000;\"><strong><b>Kan\u0131tlanm\u0131\u015f Kalite: <\/b><\/strong>Sekt\u00f6r standartlar\u0131n\u0131 kar\u015f\u0131lamak ve a\u015fmak i\u00e7in titizlikle test edilmi\u015ftir.<\/span><\/li>\n<li><span style=\"color: #000000;\"><strong><b>Maliyet Etkin: <\/b><\/strong>Dayan\u0131kl\u0131, g\u00fcvenilir ve rekabet\u00e7i fiyatl\u0131.<\/span><\/li>\n<li><span style=\"color: #000000;\"><strong><b>\u00d6zelle\u015ftirilebilir \u00c7\u00f6z\u00fcmler: <\/b><\/strong>Belirli ekipman ihtiya\u00e7lar\u0131na uygun, \u00f6zel se\u00e7enekler.<\/span><\/li>\n<\/ul>\n<h3><span style=\"color: #ff6600;\">\u00d6zellikler<\/span><\/h3>\n<p style=\"text-align: center;\"><span style=\"color: #000000;\"> <img decoding=\"async\" class=\"alignnone wp-image-6790 size-large\" src=\"https:\/\/gfmparts.com\/wp-content\/uploads\/2025\/03\/Bulldozer-bottom-roller-Specifications-1024x662.png\" alt=\"Buldozer alt silindiri \u00f6zellikleri\" width=\"1024\" height=\"662\" srcset=\"https:\/\/gfmparts.com\/wp-content\/uploads\/2025\/03\/Bulldozer-bottom-roller-Specifications-1024x662.png 1024w, https:\/\/gfmparts.com\/wp-content\/uploads\/2025\/03\/Bulldozer-bottom-roller-Specifications-300x194.png 300w, https:\/\/gfmparts.com\/wp-content\/uploads\/2025\/03\/Bulldozer-bottom-roller-Specifications-768x497.png 768w, https:\/\/gfmparts.com\/wp-content\/uploads\/2025\/03\/Bulldozer-bottom-roller-Specifications-1536x993.png 1536w, https:\/\/gfmparts.com\/wp-content\/uploads\/2025\/03\/Bulldozer-bottom-roller-Specifications-600x388.png 600w, https:\/\/gfmparts.com\/wp-content\/uploads\/2025\/03\/Bulldozer-bottom-roller-Specifications.png 1863w\" sizes=\"(max-width: 1024px) 100vw, 1024px\" \/><\/span><\/p>\n<h3><span style=\"color: #ff6600;\">\u00dcr\u00fcn Modelleri<\/span><\/h3>\n<p style=\"text-align: center;\"><img decoding=\"async\" class=\"alignnone size-full wp-image-3146\" src=\"https:\/\/gfmparts.com\/wp-content\/uploads\/2024\/11\/bulldozer-part-description.png\" alt=\"buldozer par\u00e7a a\u00e7\u0131klamas\u0131\" width=\"626\" height=\"317\" srcset=\"https:\/\/gfmparts.com\/wp-content\/uploads\/2024\/11\/bulldozer-part-description.png 626w, https:\/\/gfmparts.com\/wp-content\/uploads\/2024\/11\/bulldozer-part-description-300x152.png 300w, https:\/\/gfmparts.com\/wp-content\/uploads\/2024\/11\/bulldozer-part-description-600x304.png 600w\" sizes=\"(max-width: 626px) 100vw, 626px\" \/><\/p>\n<h3><span style=\"color: #ff6600;\">\u00dcretim S\u00fcreci<\/span><\/h3>\n<p style=\"text-align: center;\"><iframe title=\"YouTube video oynat\u0131c\u0131s\u0131\" src=\"https:\/\/www.youtube.com\/embed\/c9nWGaJ_cxc?si=MdoYxVrGQYaNoOFY\" width=\"850\" height=\"479\" frameborder=\"0\" allowfullscreen=\"allowfullscreen\"><span data-mce-type=\"bookmark\" style=\"display: inline-block; width: 0px; overflow: hidden; line-height: 0;\" class=\"mce_SELRES_start\"><\/span><\/iframe><img loading=\"lazy\" decoding=\"async\" class=\"alignnone wp-image-3043 aligncenter\" src=\"https:\/\/gfmparts.com\/wp-content\/uploads\/2024\/12\/\u901a\u7528\u751f\u4ea7\u6d41\u7a0b-1-1024x648.jpg\" alt=\"ekskavat\u00f6r par\u00e7a \u00fcretim s\u00fcreci\" width=\"999\" height=\"632\" srcset=\"\" sizes=\"(max-width: 999px) 100vw, 999px\" data-srcset=\"\" \/><\/p>\n<h3><span style=\"color: #ff6600;\">Paketleme ve Nakliye<\/span><\/h3>\n<p style=\"text-align: center;\"><img loading=\"lazy\" decoding=\"async\" class=\"alignnone size-large wp-image-6521\" src=\"https:\/\/gfmparts.com\/wp-content\/uploads\/2025\/05\/Packaging-and-Shipping-1-1-1024x648.jpg\" alt=\"Paketleme ve Nakliye\" width=\"1024\" height=\"648\" srcset=\"https:\/\/gfmparts.com\/wp-content\/uploads\/2025\/05\/Packaging-and-Shipping-1-1-1024x648.jpg 1024w, https:\/\/gfmparts.com\/wp-content\/uploads\/2025\/05\/Packaging-and-Shipping-1-1-300x190.jpg 300w, https:\/\/gfmparts.com\/wp-content\/uploads\/2025\/05\/Packaging-and-Shipping-1-1-768x486.jpg 768w, https:\/\/gfmparts.com\/wp-content\/uploads\/2025\/05\/Packaging-and-Shipping-1-1-1536x973.jpg 1536w, https:\/\/gfmparts.com\/wp-content\/uploads\/2025\/05\/Packaging-and-Shipping-1-1-2048x1297.jpg 2048w, https:\/\/gfmparts.com\/wp-content\/uploads\/2025\/05\/Packaging-and-Shipping-1-1-600x380.jpg 600w\" sizes=\"(max-width: 1024px) 100vw, 1024px\" \/><\/p>\n<h3><span style=\"color: #ff6600;\">Fabrika Avantajlar\u0131<\/span><\/h3>\n<p><span style=\"color: #000000;\">Bir buldozer par\u00e7alar\u0131 \u00fcreticisi olan GFM, hammaddeden bitmi\u015f \u00fcr\u00fcne kadar her silindirin s\u0131k\u0131 bir kalite kontrol\u00fcnden ge\u00e7mesini sa\u011flamak i\u00e7in geli\u015fmi\u015f \u00fcretim ekipmanlar\u0131 ve test cihazlar\u0131na sahiptir. Ar-Ge ekibimiz, s\u00fcrekli olarak yenilik\u00e7i teknolojileri ara\u015ft\u0131ran ve \u00fcr\u00fcn performans\u0131n\u0131 ve g\u00fcvenilirli\u011fini art\u0131rmaya kendini adam\u0131\u015f k\u0131demli m\u00fchendislerden olu\u015fmaktad\u0131r. Fabrikam\u0131z, geni\u015f bir alana yay\u0131lm\u0131\u015f olup, \u00fcretim hatt\u0131nda y\u00fcksek otomasyon seviyesi sayesinde pazar talebine h\u0131zla yan\u0131t verebilir ve b\u00fcy\u00fck \u00f6l\u00e7ekli \u00f6zelle\u015ftirilmi\u015f \u00fcretim ger\u00e7ekle\u015ftirebilir. Ayn\u0131 zamanda, k\u00fcresel m\u00fc\u015fterilerimize zaman\u0131nda ve profesyonel teknik destek ve par\u00e7a tedari\u011fi sa\u011flamak i\u00e7in eksiksiz bir sat\u0131\u015f sonras\u0131 hizmet sistemi kurmu\u015f, geni\u015f bir be\u011feni ve g\u00fcven kazanm\u0131\u015f bulunmaktay\u0131z.<\/span><\/p>\n<p><span style=\"color: #000000;\">GFM&#039;ler <a style=\"color: #000000;\" href=\"https:\/\/gfmparts.com\/tr\/product\/ust-silindir-ekskavator-tasiyici-silindir-fabrikasi\/\">alt silindir fabrikas\u0131<\/a> \u00dcretim s\u00fcre\u00e7lerini s\u00fcrekli olarak optimize eder ve \u00fcretim verimlili\u011fini art\u0131rarak Buldozer Paletli Silindiri&#039;nin maliyet performans\u0131 a\u00e7\u0131s\u0131ndan pazar lideri olmas\u0131n\u0131 sa\u011flar. \u0130ster y\u00fcksek performansl\u0131 par\u00e7alar arayan bir orijinal ekipman \u00fcreticisi (OEM) ister yedek par\u00e7aya ihtiya\u00e7 duyan bir son kullan\u0131c\u0131 olun, GFM g\u00fcvenilir tercihinizdir. Fabrikam\u0131z sadece ISO sertifikal\u0131 olmakla kalmay\u0131p, ayn\u0131 zamanda teknolojik inovasyon alan\u0131nda bir\u00e7ok \u00f6d\u00fcl kazanm\u0131\u015f olup, buldozer par\u00e7a \u00fcretimi alan\u0131ndaki k\u00f6kl\u00fc miras\u0131m\u0131z\u0131 ve lider g\u00fcc\u00fcm\u00fcz\u00fc kan\u0131tlam\u0131\u015ft\u0131r.<\/span><\/p>\n<p style=\"text-align: center;\"><img loading=\"lazy\" decoding=\"async\" class=\"alignnone wp-image-2159\" src=\"https:\/\/gfmparts.com\/wp-content\/uploads\/2024\/12\/\u5fae\u4fe1\u56fe\u7247_20241202160325-1024x576.jpg\" alt=\"Ekskavat\u00f6r par\u00e7alar\u0131 \u00fcreticisi\" width=\"850\" height=\"478\" srcset=\"\" sizes=\"(max-width: 850px) 100vw, 850px\" data-srcset=\"\" \/><\/p>","protected":false},"excerpt":{"rendered":"<ul>\n<li><span style=\"color: #000000;\">\u00dcr\u00fcn Kalitesi Garantili<\/span><\/li>\n<li><span style=\"color: #000000;\">B\u00fcy\u00fck Tedarik<\/span><\/li>\n<li><span style=\"color: #000000;\">Rekabet\u00e7i Fiyatland\u0131rma<\/span><\/li>\n<li><span style=\"color: #000000;\">\u00c7o\u011fu Marka ve Model<\/span><\/li>\n<li><span style=\"color: #000000;\">Yard\u0131msever M\u00fc\u015fteri Hizmetleri Ekibi<\/span><\/li>\n<li><span style=\"color: #000000;\">Profesyonel Teknik Destek<\/span><\/li>\n<\/ul>","protected":false},"featured_media":6874,"template":"","meta":{"site-sidebar-layout":"default","site-content-layout":"","ast-site-content-layout":"default","site-content-style":"default","site-sidebar-style":"default","ast-global-header-display":"","ast-banner-title-visibility":"","ast-main-header-display":"","ast-hfb-above-header-display":"","ast-hfb-below-header-display":"","ast-hfb-mobile-header-display":"","site-post-title":"","ast-breadcrumbs-content":"","ast-featured-img":"","footer-sml-layout":"","theme-transparent-header-meta":"default","adv-header-id-meta":"","stick-header-meta":"default","header-above-stick-meta":"","header-main-stick-meta":"","header-below-stick-meta":"","astra-migrate-meta-layouts":"set","ast-page-background-enabled":"default","ast-page-background-meta":{"desktop":{"background-color":"","background-image":"","background-repeat":"repeat","background-position":"center center","background-size":"auto","background-attachment":"scroll","background-type":"","background-media":"","overlay-type":"","overlay-color":"","overlay-opacity":"","overlay-gradient":""},"tablet":{"background-color":"","background-image":"","background-repeat":"repeat","background-position":"center center","background-size":"auto","background-attachment":"scroll","background-type":"","background-media":"","overlay-type":"","overlay-color":"","overlay-opacity":"","overlay-gradient":""},"mobile":{"background-color":"","background-image":"","background-repeat":"repeat","background-position":"center center","background-size":"auto","background-attachment":"scroll","background-type":"","background-media":"","overlay-type":"","overlay-color":"","overlay-opacity":"","overlay-gradient":""}},"ast-content-background-meta":{"desktop":{"background-color":"var(--ast-global-color-5)","background-image":"","background-repeat":"repeat","background-position":"center center","background-size":"auto","background-attachment":"scroll","background-type":"","background-media":"","overlay-type":"","overlay-color":"","overlay-opacity":"","overlay-gradient":""},"tablet":{"background-color":"var(--ast-global-color-5)","background-image":"","background-repeat":"repeat","background-position":"center center","background-size":"auto","background-attachment":"scroll","background-type":"","background-media":"","overlay-type":"","overlay-color":"","overlay-opacity":"","overlay-gradient":""},"mobile":{"background-color":"var(--ast-global-color-5)","background-image":"","background-repeat":"repeat","background-position":"center center","background-size":"auto","background-attachment":"scroll","background-type":"","background-media":"","overlay-type":"","overlay-color":"","overlay-opacity":"","overlay-gradient":""}}},"product_cat":[38,49],"product_tag":[],"class_list":{"0":"post-3210","1":"product","2":"type-product","3":"status-publish","4":"has-post-thumbnail","6":"product_cat-undercarriage","7":"product_cat-track-roller","8":"desktop-align-left","9":"tablet-align-left","10":"mobile-align-left","11":"ast-product-gallery-layout-horizontal-slider","12":"ast-product-tabs-layout-horizontal","14":"first","15":"instock","16":"shipping-taxable","17":"product-type-simple"},"yoast_head":"<!-- This site is optimized with the Yoast SEO Premium plugin v22.8 (Yoast SEO v23.9) - https:\/\/yoast.com\/wordpress\/plugins\/seo\/ -->\n<title>Bulldozer Track Roller - GFM Bottom Roller Factory<\/title>\n<meta name=\"description\" content=\"GFM Track Roller Factory is an OEM &amp; ODM manufacturer that provides any accessories for bulldozers and supports customization.\" \/>\n<meta name=\"robots\" content=\"index, follow, max-snippet:-1, max-image-preview:large, max-video-preview:-1\" \/>\n<link rel=\"canonical\" href=\"https:\/\/gfmparts.com\/tr\/product\/en-iyi-buldozer-alt-silindir-fabrikasi\/\" \/>\n<meta property=\"og:locale\" content=\"tr_TR\" \/>\n<meta property=\"og:type\" content=\"article\" \/>\n<meta property=\"og:title\" content=\"Best Bulldozer Bottom Roller Factory\" \/>\n<meta property=\"og:description\" content=\"GFM Track Roller Factory is an OEM &amp; ODM manufacturer that provides any accessories for bulldozers and supports customization.\" \/>\n<meta property=\"og:url\" content=\"https:\/\/gfmparts.com\/tr\/product\/en-iyi-buldozer-alt-silindir-fabrikasi\/\" \/>\n<meta property=\"article:publisher\" content=\"https:\/\/www.facebook.com\/gfmparts\" \/>\n<meta property=\"article:modified_time\" content=\"2025-07-09T08:08:26+00:00\" \/>\n<meta property=\"og:image\" content=\"https:\/\/gfmparts.com\/wp-content\/uploads\/2025\/01\/Best-Bulldozer-Bottom-Roller-1.png\" \/>\n\t<meta property=\"og:image:width\" content=\"912\" \/>\n\t<meta property=\"og:image:height\" content=\"912\" \/>\n\t<meta property=\"og:image:type\" content=\"image\/png\" \/>\n<meta name=\"twitter:card\" content=\"summary_large_image\" \/>\n<meta name=\"twitter:label1\" content=\"Tahmini okuma s\u00fcresi\" \/>\n\t<meta name=\"twitter:data1\" content=\"4 dakika\" \/>\n<script type=\"application\/ld+json\" class=\"yoast-schema-graph\">{\"@context\":\"https:\/\/schema.org\",\"@graph\":[{\"@type\":\"WebPage\",\"@id\":\"https:\/\/gfmparts.com\/product\/best-bulldozer-bottom-roller-factory\/\",\"url\":\"https:\/\/gfmparts.com\/product\/best-bulldozer-bottom-roller-factory\/\",\"name\":\"Bulldozer Track Roller - GFM Bottom Roller Factory\",\"isPartOf\":{\"@id\":\"https:\/\/gfmparts.com\/#website\"},\"primaryImageOfPage\":{\"@id\":\"https:\/\/gfmparts.com\/product\/best-bulldozer-bottom-roller-factory\/#primaryimage\"},\"image\":{\"@id\":\"https:\/\/gfmparts.com\/product\/best-bulldozer-bottom-roller-factory\/#primaryimage\"},\"thumbnailUrl\":\"https:\/\/gfmparts.com\/wp-content\/uploads\/2025\/01\/Best-Bulldozer-Bottom-Roller-1.png\",\"datePublished\":\"2025-01-03T01:37:25+00:00\",\"dateModified\":\"2025-07-09T08:08:26+00:00\",\"description\":\"GFM Track Roller Factory is an OEM & ODM manufacturer that provides any accessories for bulldozers and supports customization.\",\"breadcrumb\":{\"@id\":\"https:\/\/gfmparts.com\/product\/best-bulldozer-bottom-roller-factory\/#breadcrumb\"},\"inLanguage\":\"tr\",\"potentialAction\":[{\"@type\":\"ReadAction\",\"target\":[\"https:\/\/gfmparts.com\/product\/best-bulldozer-bottom-roller-factory\/\"]}]},{\"@type\":\"ImageObject\",\"inLanguage\":\"tr\",\"@id\":\"https:\/\/gfmparts.com\/product\/best-bulldozer-bottom-roller-factory\/#primaryimage\",\"url\":\"https:\/\/gfmparts.com\/wp-content\/uploads\/2025\/01\/Best-Bulldozer-Bottom-Roller-1.png\",\"contentUrl\":\"https:\/\/gfmparts.com\/wp-content\/uploads\/2025\/01\/Best-Bulldozer-Bottom-Roller-1.png\",\"width\":912,\"height\":912,\"caption\":\"Best Bulldozer Bottom Roller\"},{\"@type\":\"BreadcrumbList\",\"@id\":\"https:\/\/gfmparts.com\/product\/best-bulldozer-bottom-roller-factory\/#breadcrumb\",\"itemListElement\":[{\"@type\":\"ListItem\",\"position\":1,\"name\":\"\u9996\u9875\",\"item\":\"https:\/\/gfmparts.com\/\"},{\"@type\":\"ListItem\",\"position\":2,\"name\":\"All Product\",\"item\":\"https:\/\/gfmparts.com\/all-product\/\"},{\"@type\":\"ListItem\",\"position\":3,\"name\":\"Best Bulldozer Bottom Roller Factory\"}]},{\"@type\":\"WebSite\",\"@id\":\"https:\/\/gfmparts.com\/#website\",\"url\":\"https:\/\/gfmparts.com\/\",\"name\":\"GFM PARTS\",\"description\":\"GFM since 2011 focused on excavator and bulldozer undercarriage parts manufacturing :Track rollers,carrier roller,idler,sprocket,track group,bucket tooth pin.\",\"publisher\":{\"@id\":\"https:\/\/gfmparts.com\/#organization\"},\"alternateName\":\"gfmparts.com\",\"potentialAction\":[{\"@type\":\"SearchAction\",\"target\":{\"@type\":\"EntryPoint\",\"urlTemplate\":\"https:\/\/gfmparts.com\/?s={search_term_string}\"},\"query-input\":{\"@type\":\"PropertyValueSpecification\",\"valueRequired\":true,\"valueName\":\"search_term_string\"}}],\"inLanguage\":\"tr\"},{\"@type\":\"Organization\",\"@id\":\"https:\/\/gfmparts.com\/#organization\",\"name\":\"GFM PARTS\",\"url\":\"https:\/\/gfmparts.com\/\",\"logo\":{\"@type\":\"ImageObject\",\"inLanguage\":\"tr\",\"@id\":\"https:\/\/gfmparts.com\/#\/schema\/logo\/image\/\",\"url\":\"https:\/\/gfmparts.com\/wp-content\/uploads\/2024\/11\/cropped-GFMparts.com_-2.png\",\"contentUrl\":\"https:\/\/gfmparts.com\/wp-content\/uploads\/2024\/11\/cropped-GFMparts.com_-2.png\",\"width\":5987,\"height\":2564,\"caption\":\"GFM PARTS\"},\"image\":{\"@id\":\"https:\/\/gfmparts.com\/#\/schema\/logo\/image\/\"},\"sameAs\":[\"https:\/\/www.facebook.com\/gfmparts\",\"https:\/\/www.linkedin.com\/company\/gfmparts\/\",\"https:\/\/www.tiktok.com\/@gfmparts\",\"https:\/\/www.youtube.com\/@GFMparts\/featured\"]}]}<\/script>\n<!-- \/ Yoast SEO Premium plugin. -->","yoast_head_json":{"title":"Bulldozer Track Roller - GFM Bottom Roller Factory","description":"GFM Track Roller Factory is an OEM & ODM manufacturer that provides any accessories for bulldozers and supports customization.","robots":{"index":"index","follow":"follow","max-snippet":"max-snippet:-1","max-image-preview":"max-image-preview:large","max-video-preview":"max-video-preview:-1"},"canonical":"https:\/\/gfmparts.com\/tr\/product\/en-iyi-buldozer-alt-silindir-fabrikasi\/","og_locale":"tr_TR","og_type":"article","og_title":"Best Bulldozer Bottom Roller Factory","og_description":"GFM Track Roller Factory is an OEM & ODM manufacturer that provides any accessories for bulldozers and supports customization.","og_url":"https:\/\/gfmparts.com\/tr\/product\/en-iyi-buldozer-alt-silindir-fabrikasi\/","article_publisher":"https:\/\/www.facebook.com\/gfmparts","article_modified_time":"2025-07-09T08:08:26+00:00","og_image":[{"width":912,"height":912,"url":"https:\/\/gfmparts.com\/wp-content\/uploads\/2025\/01\/Best-Bulldozer-Bottom-Roller-1.png","type":"image\/png"}],"twitter_card":"summary_large_image","twitter_misc":{"Tahmini okuma s\u00fcresi":"4 dakika"},"schema":{"@context":"https:\/\/schema.org","@graph":[{"@type":"WebPage","@id":"https:\/\/gfmparts.com\/product\/best-bulldozer-bottom-roller-factory\/","url":"https:\/\/gfmparts.com\/product\/best-bulldozer-bottom-roller-factory\/","name":"Bulldozer Track Roller - GFM Bottom Roller Factory","isPartOf":{"@id":"https:\/\/gfmparts.com\/#website"},"primaryImageOfPage":{"@id":"https:\/\/gfmparts.com\/product\/best-bulldozer-bottom-roller-factory\/#primaryimage"},"image":{"@id":"https:\/\/gfmparts.com\/product\/best-bulldozer-bottom-roller-factory\/#primaryimage"},"thumbnailUrl":"https:\/\/gfmparts.com\/wp-content\/uploads\/2025\/01\/Best-Bulldozer-Bottom-Roller-1.png","datePublished":"2025-01-03T01:37:25+00:00","dateModified":"2025-07-09T08:08:26+00:00","description":"GFM Track Roller Factory is an OEM & ODM manufacturer that provides any accessories for bulldozers and supports customization.","breadcrumb":{"@id":"https:\/\/gfmparts.com\/product\/best-bulldozer-bottom-roller-factory\/#breadcrumb"},"inLanguage":"tr","potentialAction":[{"@type":"ReadAction","target":["https:\/\/gfmparts.com\/product\/best-bulldozer-bottom-roller-factory\/"]}]},{"@type":"ImageObject","inLanguage":"tr","@id":"https:\/\/gfmparts.com\/product\/best-bulldozer-bottom-roller-factory\/#primaryimage","url":"https:\/\/gfmparts.com\/wp-content\/uploads\/2025\/01\/Best-Bulldozer-Bottom-Roller-1.png","contentUrl":"https:\/\/gfmparts.com\/wp-content\/uploads\/2025\/01\/Best-Bulldozer-Bottom-Roller-1.png","width":912,"height":912,"caption":"Best Bulldozer Bottom Roller"},{"@type":"BreadcrumbList","@id":"https:\/\/gfmparts.com\/product\/best-bulldozer-bottom-roller-factory\/#breadcrumb","itemListElement":[{"@type":"ListItem","position":1,"name":"\u9996\u9875","item":"https:\/\/gfmparts.com\/"},{"@type":"ListItem","position":2,"name":"All Product","item":"https:\/\/gfmparts.com\/all-product\/"},{"@type":"ListItem","position":3,"name":"Best Bulldozer Bottom Roller Factory"}]},{"@type":"WebSite","@id":"https:\/\/gfmparts.com\/#website","url":"https:\/\/gfmparts.com\/","name":"GFM PARTS","description":"GFM since 2011 focused on excavator and bulldozer undercarriage parts manufacturing :Track rollers,carrier roller,idler,sprocket,track group,bucket tooth pin.","publisher":{"@id":"https:\/\/gfmparts.com\/#organization"},"alternateName":"gfmparts.com","potentialAction":[{"@type":"SearchAction","target":{"@type":"EntryPoint","urlTemplate":"https:\/\/gfmparts.com\/?s={search_term_string}"},"query-input":{"@type":"PropertyValueSpecification","valueRequired":true,"valueName":"search_term_string"}}],"inLanguage":"tr"},{"@type":"Organization","@id":"https:\/\/gfmparts.com\/#organization","name":"GFM PARTS","url":"https:\/\/gfmparts.com\/","logo":{"@type":"ImageObject","inLanguage":"tr","@id":"https:\/\/gfmparts.com\/#\/schema\/logo\/image\/","url":"https:\/\/gfmparts.com\/wp-content\/uploads\/2024\/11\/cropped-GFMparts.com_-2.png","contentUrl":"https:\/\/gfmparts.com\/wp-content\/uploads\/2024\/11\/cropped-GFMparts.com_-2.png","width":5987,"height":2564,"caption":"GFM PARTS"},"image":{"@id":"https:\/\/gfmparts.com\/#\/schema\/logo\/image\/"},"sameAs":["https:\/\/www.facebook.com\/gfmparts","https:\/\/www.linkedin.com\/company\/gfmparts\/","https:\/\/www.tiktok.com\/@gfmparts","https:\/\/www.youtube.com\/@GFMparts\/featured"]}]}},"_links":{"self":[{"href":"https:\/\/gfmparts.com\/tr\/wp-json\/wp\/v2\/product\/3210"}],"collection":[{"href":"https:\/\/gfmparts.com\/tr\/wp-json\/wp\/v2\/product"}],"about":[{"href":"https:\/\/gfmparts.com\/tr\/wp-json\/wp\/v2\/types\/product"}],"wp:featuredmedia":[{"embeddable":true,"href":"https:\/\/gfmparts.com\/tr\/wp-json\/wp\/v2\/media\/6874"}],"wp:attachment":[{"href":"https:\/\/gfmparts.com\/tr\/wp-json\/wp\/v2\/media?parent=3210"}],"wp:term":[{"taxonomy":"product_cat","embeddable":true,"href":"https:\/\/gfmparts.com\/tr\/wp-json\/wp\/v2\/product_cat?post=3210"},{"taxonomy":"product_tag","embeddable":true,"href":"https:\/\/gfmparts.com\/tr\/wp-json\/wp\/v2\/product_tag?post=3210"}],"curies":[{"name":"wp","href":"https:\/\/api.w.org\/{rel}","templated":true}]}}