{"id":3227,"date":"2025-01-06T06:32:09","date_gmt":"2025-01-06T06:32:09","guid":{"rendered":"https:\/\/gfmparts.com\/?post_type=product&#038;p=3227"},"modified":"2025-07-16T03:33:46","modified_gmt":"2025-07-16T03:33:46","slug":"bulldozer-swamp-track-shoe-supplier","status":"publish","type":"product","link":"https:\/\/gfmparts.com\/tr\/product\/buldozer-bataklik-paletli-ayakkabi-tedarikcisi\/","title":{"rendered":"Buldozer Batakl\u0131k Paleti Pabucu Tedarik\u00e7isi"},"content":{"rendered":"<p><span style=\"color: #000000;\">Profesyonel bir buldozer olarak <a style=\"color: #000000;\" href=\"https:\/\/gfmparts.com\/tr\/product\/buldozer-paletli-ayakkabi-fabrikasi\/\">paletli ayakkab\u0131 \u00fcreticisi<\/a>GFM, y\u00fcksek performansl\u0131 buldozer sa\u011flamaya odaklan\u0131yor <a style=\"color: #000000;\" href=\"https:\/\/gfmparts.com\/tr\/product\/buldozer-palet-zinciri-ureticisi\/\">batakl\u0131k pisti ayakkab\u0131lar\u0131<\/a> ve palet pabucu. GFM taraf\u0131ndan \u00fcretilen batakl\u0131k palet pabu\u00e7lar\u0131, y\u00fcksek mukavemetli ala\u015f\u0131ml\u0131 \u00e7elikten \u00fcretilmi\u015ftir ve geli\u015fmi\u015f \u0131s\u0131l i\u015flem s\u00fcre\u00e7leri sayesinde m\u00fckemmel a\u015f\u0131nma direnci ve kaymay\u0131 \u00f6nleyici \u00f6zelliklere sahiptir. \u00d6zel olarak tasarlanm\u0131\u015f geni\u015f palet yap\u0131s\u0131, zemin bas\u0131nc\u0131n\u0131 etkili bir \u015fekilde azaltarak ekipman\u0131n yumu\u015fak ve \u00e7amurlu ortamlarda dengeli \u00e7al\u0131\u015fmas\u0131n\u0131 sa\u011flarken, zemine verilen hasar\u0131 azalt\u0131r ve in\u015faat verimlili\u011fini art\u0131r\u0131r. \u00dcr\u00fcnlerimiz dayan\u0131kl\u0131l\u0131k, sa\u011flaml\u0131k ve m\u00fckemmel uyum \u00f6zellikleriyle bilinir ve \u00f6zellikle karma\u015f\u0131k batakl\u0131klar ve zorlu in\u015faat ortamlar\u0131 i\u00e7in uygundur.<\/span><\/p>\n<h3><span style=\"color: #ff6600;\">\u00dcr\u00fcn A\u00e7\u0131klamas\u0131<\/span><\/h3>\n<ul>\n<li><span style=\"color: #000000;\"><strong>Minimum Sipari\u015f Adedi:<\/strong>\u00a01 Bilgisayar<\/span><\/li>\n<li><span style=\"color: #000000;\"><strong>\u00d6deme y\u00f6ntemi:<\/strong>\u00a0T\/T<\/span><\/li>\n<li><span style=\"color: #000000;\"><strong>Marka:<\/strong>\u00a0GFM<\/span><\/li>\n<li><span style=\"color: #000000;\"><strong>Durum:<\/strong>\u00a0Yeni<\/span><\/li>\n<li><span style=\"color: #000000;\"><strong>Renk:<\/strong>\u00a0Sar\u0131, Siyah veya \u00d6zelle\u015ftirilmi\u015f<\/span><\/li>\n<li><span style=\"color: #000000;\"><strong>Kur\u015fun zaman\u0131:<\/strong>\u00a030 g\u00fcn<\/span><\/li>\n<li><span style=\"color: #000000;\"><strong>Garanti:<\/strong>\u00a01 Y\u0131l<\/span><\/li>\n<li><span style=\"color: #000000;\"><strong>Hizmet:<\/strong>\u00a0OEM veya ODM<\/span><\/li>\n<li><span style=\"color: #000000;\"><strong>Men\u015fei Yeri:<\/strong>\u00a0Fujian, \u00c7in<\/span><\/li>\n<li><span style=\"color: #000000;\"><strong>Ba\u015fvuru:<\/strong> Buldozer<\/span><\/li>\n<li><span style=\"color: #000000;\"><strong>Paketleme:<\/strong>\u00a0Standart \u0130hracat Ah\u015fap Palet<\/span><\/li>\n<\/ul>\n<p style=\"text-align: center;\"><img fetchpriority=\"high\" decoding=\"async\" class=\"alignnone wp-image-3229\" src=\"https:\/\/gfmparts.com\/wp-content\/uploads\/2025\/01\/\u63a8\u571f\u673a\u6e7f\u5730\u677fswamp-track-shoe-1-1024x768.jpg\" alt=\"batakl\u0131k izi ayakkab\u0131s\u0131-2\" width=\"435\" height=\"327\" srcset=\"https:\/\/gfmparts.com\/wp-content\/uploads\/2025\/01\/\u63a8\u571f\u673a\u6e7f\u5730\u677fswamp-track-shoe-1-1024x768.jpg 1024w, https:\/\/gfmparts.com\/wp-content\/uploads\/2025\/01\/\u63a8\u571f\u673a\u6e7f\u5730\u677fswamp-track-shoe-1-300x225.jpg 300w, https:\/\/gfmparts.com\/wp-content\/uploads\/2025\/01\/\u63a8\u571f\u673a\u6e7f\u5730\u677fswamp-track-shoe-1-768x576.jpg 768w, https:\/\/gfmparts.com\/wp-content\/uploads\/2025\/01\/\u63a8\u571f\u673a\u6e7f\u5730\u677fswamp-track-shoe-1-1536x1152.jpg 1536w, https:\/\/gfmparts.com\/wp-content\/uploads\/2025\/01\/\u63a8\u571f\u673a\u6e7f\u5730\u677fswamp-track-shoe-1-2048x1536.jpg 2048w, https:\/\/gfmparts.com\/wp-content\/uploads\/2025\/01\/\u63a8\u571f\u673a\u6e7f\u5730\u677fswamp-track-shoe-1-600x450.jpg 600w\" sizes=\"(max-width: 435px) 100vw, 435px\" \/> \u00a0<img decoding=\"async\" class=\"alignnone wp-image-3230\" src=\"https:\/\/gfmparts.com\/wp-content\/uploads\/2025\/01\/\u63a8\u571f\u673a\u6e7f\u5730\u677fswamp-track-shoe-6-1024x768.jpg\" alt=\"batakl\u0131k izi ayakkab\u0131s\u0131 -1\" width=\"438\" height=\"328\" srcset=\"https:\/\/gfmparts.com\/wp-content\/uploads\/2025\/01\/\u63a8\u571f\u673a\u6e7f\u5730\u677fswamp-track-shoe-6-1024x768.jpg 1024w, https:\/\/gfmparts.com\/wp-content\/uploads\/2025\/01\/\u63a8\u571f\u673a\u6e7f\u5730\u677fswamp-track-shoe-6-300x225.jpg 300w, https:\/\/gfmparts.com\/wp-content\/uploads\/2025\/01\/\u63a8\u571f\u673a\u6e7f\u5730\u677fswamp-track-shoe-6-768x576.jpg 768w, https:\/\/gfmparts.com\/wp-content\/uploads\/2025\/01\/\u63a8\u571f\u673a\u6e7f\u5730\u677fswamp-track-shoe-6-1536x1152.jpg 1536w, https:\/\/gfmparts.com\/wp-content\/uploads\/2025\/01\/\u63a8\u571f\u673a\u6e7f\u5730\u677fswamp-track-shoe-6-2048x1536.jpg 2048w, https:\/\/gfmparts.com\/wp-content\/uploads\/2025\/01\/\u63a8\u571f\u673a\u6e7f\u5730\u677fswamp-track-shoe-6-600x450.jpg 600w\" sizes=\"(max-width: 438px) 100vw, 438px\" \/><\/p>\n<h3><span style=\"color: #ff6600;\">\u00d6zellikler<\/span><\/h3>\n<ul>\n<li><b><\/b><span style=\"color: #000000;\"><strong>M\u00fchendislik Dayan\u0131kl\u0131l\u0131\u011f\u0131:<\/strong> Batakl\u0131k ve sulak alanlar\u0131n zorlu ko\u015fullar\u0131na dayanacak \u015fekilde y\u00fcksek mukavemetli \u00e7elikten \u00fcretilmi\u015ftir.<\/span><\/li>\n<li><span style=\"color: #000000;\"><strong>Ola\u011fan\u00fcst\u00fc \u00c7eki\u015f:<\/strong> \u00d6zel s\u0131rt deseni, yumu\u015fak, \u00e7amurlu ve su dolu arazilerde e\u015fsiz tutu\u015f ve denge sa\u011flar.<\/span><\/li>\n<li><span style=\"color: #000000;\"><strong>Uzun S\u00fcreli Dayan\u0131kl\u0131l\u0131k:<\/strong> A\u015f\u0131nmay\u0131 en aza indirir ve alt tak\u0131m\u0131n\u0131z\u0131 koruyarak, uzun vadede g\u00fcvenilir performans sa\u011flar.<\/span><\/li>\n<li><span style=\"color: #000000;\"><strong>Korozyona Dayan\u0131kl\u0131:<\/strong> Geli\u015fmi\u015f kaplama pas ve neme kar\u015f\u0131 koruma sa\u011flar, \u0131slak ortamlarda uzun s\u00fcreli kullan\u0131m i\u00e7in m\u00fckemmeldir.<\/span><\/li>\n<li><span style=\"color: #000000;\"><strong>Maliyet Etkin Performans:<\/strong> \u00dcst\u00fcn dayan\u0131kl\u0131l\u0131k ve g\u00fcvenilirlik ile bak\u0131m s\u0131kl\u0131\u011f\u0131n\u0131 ve i\u015fletme maliyetlerini azalt\u0131r.<\/span><\/li>\n<li><span style=\"color: #000000;\"><strong>\u00c7ok Y\u00f6nl\u00fc Uygulama:<\/strong> Batakl\u0131klardan sazl\u0131klara kadar \u00e7e\u015fitli sulak alan ko\u015fullar\u0131nda \u00fcst\u00fcn performans sunmak \u00fczere tasarlanm\u0131\u015ft\u0131r ve yumu\u015fak veya doymu\u015f zeminlerde g\u00fcvenilir performans sunar.<\/span><\/li>\n<\/ul>\n<h3><span style=\"color: #ff6600;\">\u00dcr\u00fcn Modelleri<\/span><\/h3>\n<p style=\"text-align: center;\"><img decoding=\"async\" class=\"alignnone size-full wp-image-3146\" src=\"https:\/\/gfmparts.com\/wp-content\/uploads\/2024\/11\/bulldozer-part-description.png\" alt=\"buldozer par\u00e7a a\u00e7\u0131klamas\u0131\" width=\"626\" height=\"317\" srcset=\"https:\/\/gfmparts.com\/wp-content\/uploads\/2024\/11\/bulldozer-part-description.png 626w, https:\/\/gfmparts.com\/wp-content\/uploads\/2024\/11\/bulldozer-part-description-300x152.png 300w, https:\/\/gfmparts.com\/wp-content\/uploads\/2024\/11\/bulldozer-part-description-600x304.png 600w\" sizes=\"(max-width: 626px) 100vw, 626px\" \/><\/p>\n<h3><span style=\"color: #ff6600;\">\u00dcretim S\u00fcreci<\/span><\/h3>\n<p style=\"text-align: center;\"><iframe title=\"YouTube video oynat\u0131c\u0131s\u0131\" src=\"https:\/\/www.youtube.com\/embed\/Nj9u7bBv59w?si=nEYwUUSoPTBFYng3\" width=\"1000\" height=\"563\" frameborder=\"0\" allowfullscreen=\"allowfullscreen\"><\/iframe><\/p>\n<p><img loading=\"lazy\" decoding=\"async\" class=\"size-large wp-image-3043 aligncenter\" src=\"https:\/\/gfmparts.com\/wp-content\/uploads\/2024\/12\/\u901a\u7528\u751f\u4ea7\u6d41\u7a0b-1-1024x648.jpg\" alt=\"ekskavat\u00f6r par\u00e7a \u00fcretim s\u00fcreci\" width=\"1024\" height=\"648\" srcset=\"\" sizes=\"(max-width: 1024px) 100vw, 1024px\" data-srcset=\"\" \/><\/p>\n<h3><span style=\"color: #ff6600;\">Paketleme ve Nakliye<\/span><\/h3>\n<p style=\"text-align: center;\"><img loading=\"lazy\" decoding=\"async\" class=\"alignnone size-large wp-image-6521\" src=\"https:\/\/gfmparts.com\/wp-content\/uploads\/2025\/05\/Packaging-and-Shipping-1-1-1024x648.jpg\" alt=\"Paketleme ve Nakliye\" width=\"1024\" height=\"648\" srcset=\"https:\/\/gfmparts.com\/wp-content\/uploads\/2025\/05\/Packaging-and-Shipping-1-1-1024x648.jpg 1024w, https:\/\/gfmparts.com\/wp-content\/uploads\/2025\/05\/Packaging-and-Shipping-1-1-300x190.jpg 300w, https:\/\/gfmparts.com\/wp-content\/uploads\/2025\/05\/Packaging-and-Shipping-1-1-768x486.jpg 768w, https:\/\/gfmparts.com\/wp-content\/uploads\/2025\/05\/Packaging-and-Shipping-1-1-1536x973.jpg 1536w, https:\/\/gfmparts.com\/wp-content\/uploads\/2025\/05\/Packaging-and-Shipping-1-1-2048x1297.jpg 2048w, https:\/\/gfmparts.com\/wp-content\/uploads\/2025\/05\/Packaging-and-Shipping-1-1-600x380.jpg 600w\" sizes=\"(max-width: 1024px) 100vw, 1024px\" \/><\/p>\n<h3><span style=\"color: #ff6600;\">Fabrika Avantajlar\u0131<\/span><\/h3>\n<p><span style=\"color: #000000;\">GFM buldozer palet pabu\u00e7lar\u0131, zincirin y\u00fcksek y\u00fck alt\u0131nda bile p\u00fcr\u00fczs\u00fcz ve p\u00fcr\u00fczs\u00fcz kalmas\u0131n\u0131 sa\u011flamak i\u00e7in hassas i\u015fleme ve s\u0131k\u0131 ge\u00e7me esas\u0131na dayanmaktad\u0131r. A\u015f\u0131nmaya kar\u015f\u0131 son derece dayan\u0131kl\u0131 malzemesi ve optimize edilmi\u015f tasar\u0131m\u0131, hizmet \u00f6mr\u00fcn\u00fc uzatman\u0131n yan\u0131 s\u0131ra ekipman bak\u0131m maliyetlerini de azalt\u0131r. \u0130ster toprak i\u015fleri, ister madencilik operasyonlar\u0131 veya sulak alan in\u015faat\u0131 olsun, GFM palet pabu\u00e7lar\u0131 her \u015feyi yapabilir.<\/span><\/p>\n<h5><span style=\"color: #000000;\">Neden buldozer par\u00e7alar\u0131 tedarik\u00e7isi olarak GFM&#039;yi se\u00e7melisiniz?<\/span><\/h5>\n<ul>\n<li><span style=\"color: #000000;\"><strong>G\u00fc\u00e7l\u00fc \u00fcretim kapasitesi:<\/strong> GFM, b\u00fcy\u00fck hacimli sipari\u015flerin verimli bir \u015fekilde teslim edilmesini sa\u011flamak i\u00e7in modern fabrika ekipmanlar\u0131na ve otomatik \u00fcretim hatlar\u0131na sahiptir.<\/span><\/li>\n<li><span style=\"color: #000000;\"><strong>Teknolojik yenilik:<\/strong> Ar-Ge ekibimiz \u00fcr\u00fcn tasar\u0131m\u0131n\u0131 optimize etmeye ve daha iyi performansa sahip \u00e7\u00f6z\u00fcmler sunmaya kendini adam\u0131\u015ft\u0131r.<\/span><\/li>\n<li><span style=\"color: #000000;\"><strong>\u00d6zelle\u015ftirilmi\u015f hizmet:<\/strong> OEM\/ODM \u00f6zelle\u015ftirilmi\u015f hizmetleri desteklenmektedir ve m\u00fc\u015fteri ihtiya\u00e7lar\u0131na g\u00f6re palet pabu\u00e7lar\u0131 ve zincirlerin \u00f6zel boyutlar\u0131 ve \u00f6zellikleri geli\u015ftirilebilir.<\/span><\/li>\n<li><span style=\"color: #000000;\"><strong>Zengin deneyim:<\/strong> On y\u0131l\u0131 a\u015fk\u0131n derin sekt\u00f6r deneyimimiz, bizi uluslararas\u0131 alanda tan\u0131nm\u0131\u015f bir\u00e7ok markan\u0131n uzun vadeli i\u015f orta\u011f\u0131 haline getirmi\u015ftir.<\/span><\/li>\n<\/ul>\n<p><span style=\"color: #000000;\">Profesyonel bir buldozer olarak <a style=\"color: #000000;\" href=\"https:\/\/gfmparts.com\/tr\/product\/ekskavator-palet-pabucu-ureticisi\/\">paletli ayakkab\u0131 tedarik\u00e7isi<\/a>GFM, m\u00fckemmel kalite ve y\u00fcksek kaliteli hizmetleriyle d\u00fcnya \u00e7ap\u0131ndaki m\u00fc\u015fterilerin g\u00fcvenini kazanm\u0131\u015ft\u0131r. G\u00fcvenilir buldozer par\u00e7alar\u0131na ihtiyac\u0131n\u0131z varsa, daha fazla \u00fcr\u00fcn bilgisi ve \u00e7\u00f6z\u00fcm i\u00e7in l\u00fctfen bizimle ileti\u015fime ge\u00e7mekten \u00e7ekinmeyin!<\/span><\/p>\n<p style=\"text-align: center;\"><span style=\"color: #000000;\"><img loading=\"lazy\" decoding=\"async\" class=\"alignnone wp-image-2159\" src=\"https:\/\/gfmparts.com\/wp-content\/uploads\/2024\/12\/\u5fae\u4fe1\u56fe\u7247_20241202160325-1024x576.jpg\" alt=\"ta\u015f\u0131y\u0131c\u0131 silindir \u00fcreticisi\" width=\"767\" height=\"431\" srcset=\"\" sizes=\"(max-width: 767px) 100vw, 767px\" data-srcset=\"\" \/><\/span><\/p>","protected":false},"excerpt":{"rendered":"<ul>\n<li><span style=\"color: #000000;\">\u00dcr\u00fcn Kalitesi Garantili<\/span><\/li>\n<li><span style=\"color: #000000;\">B\u00fcy\u00fck Tedarik<\/span><\/li>\n<li><span style=\"color: #000000;\">Rekabet\u00e7i Fiyatland\u0131rma<\/span><\/li>\n<li><span style=\"color: #000000;\">\u00c7o\u011fu Marka ve Model<\/span><\/li>\n<li><span style=\"color: #000000;\">Yard\u0131msever M\u00fc\u015fteri Hizmetleri Ekibi<\/span><\/li>\n<li><span style=\"color: #000000;\">Profesyonel Teknik Destek<\/span><\/li>\n<\/ul>","protected":false},"featured_media":3594,"template":"","meta":{"site-sidebar-layout":"default","site-content-layout":"","ast-site-content-layout":"default","site-content-style":"default","site-sidebar-style":"default","ast-global-header-display":"","ast-banner-title-visibility":"","ast-main-header-display":"","ast-hfb-above-header-display":"","ast-hfb-below-header-display":"","ast-hfb-mobile-header-display":"","site-post-title":"","ast-breadcrumbs-content":"","ast-featured-img":"","footer-sml-layout":"","theme-transparent-header-meta":"default","adv-header-id-meta":"","stick-header-meta":"default","header-above-stick-meta":"","header-main-stick-meta":"","header-below-stick-meta":"","astra-migrate-meta-layouts":"set","ast-page-background-enabled":"default","ast-page-background-meta":{"desktop":{"background-color":"","background-image":"","background-repeat":"repeat","background-position":"center center","background-size":"auto","background-attachment":"scroll","background-type":"","background-media":"","overlay-type":"","overlay-color":"","overlay-opacity":"","overlay-gradient":""},"tablet":{"background-color":"","background-image":"","background-repeat":"repeat","background-position":"center center","background-size":"auto","background-attachment":"scroll","background-type":"","background-media":"","overlay-type":"","overlay-color":"","overlay-opacity":"","overlay-gradient":""},"mobile":{"background-color":"","background-image":"","background-repeat":"repeat","background-position":"center center","background-size":"auto","background-attachment":"scroll","background-type":"","background-media":"","overlay-type":"","overlay-color":"","overlay-opacity":"","overlay-gradient":""}},"ast-content-background-meta":{"desktop":{"background-color":"var(--ast-global-color-5)","background-image":"","background-repeat":"repeat","background-position":"center center","background-size":"auto","background-attachment":"scroll","background-type":"","background-media":"","overlay-type":"","overlay-color":"","overlay-opacity":"","overlay-gradient":""},"tablet":{"background-color":"var(--ast-global-color-5)","background-image":"","background-repeat":"repeat","background-position":"center center","background-size":"auto","background-attachment":"scroll","background-type":"","background-media":"","overlay-type":"","overlay-color":"","overlay-opacity":"","overlay-gradient":""},"mobile":{"background-color":"var(--ast-global-color-5)","background-image":"","background-repeat":"repeat","background-position":"center center","background-size":"auto","background-attachment":"scroll","background-type":"","background-media":"","overlay-type":"","overlay-color":"","overlay-opacity":"","overlay-gradient":""}}},"product_cat":[38,33],"product_tag":[],"class_list":{"0":"post-3227","1":"product","2":"type-product","3":"status-publish","4":"has-post-thumbnail","6":"product_cat-undercarriage","7":"product_cat-track-shoe","8":"desktop-align-left","9":"tablet-align-left","10":"mobile-align-left","11":"ast-product-gallery-layout-horizontal-slider","12":"ast-product-gallery-with-no-image","13":"ast-product-tabs-layout-horizontal","15":"first","16":"instock","17":"shipping-taxable","18":"product-type-simple"},"yoast_head":"<!-- This site is optimized with the Yoast SEO Premium plugin v22.8 (Yoast SEO v23.9) - https:\/\/yoast.com\/wordpress\/plugins\/seo\/ -->\n<title>Swamp Track Shoe - Bulldozer Track Shoe Supplier<\/title>\n<meta name=\"description\" content=\"As a dozer track shoe supplier, GFM supports OEM\/ODM customization services and can develop track shoes of special sizes and specifications according to customer needs.\" \/>\n<meta name=\"robots\" content=\"index, follow, max-snippet:-1, max-image-preview:large, max-video-preview:-1\" \/>\n<link rel=\"canonical\" href=\"https:\/\/gfmparts.com\/tr\/product\/buldozer-bataklik-paletli-ayakkabi-tedarikcisi\/\" \/>\n<meta property=\"og:locale\" content=\"tr_TR\" \/>\n<meta property=\"og:type\" content=\"article\" \/>\n<meta property=\"og:title\" content=\"Bulldozer Swamp Track Shoe Supplier\" \/>\n<meta property=\"og:description\" content=\"As a dozer track shoe supplier, GFM supports OEM\/ODM customization services and can develop track shoes of special sizes and specifications according to customer needs.\" \/>\n<meta property=\"og:url\" content=\"https:\/\/gfmparts.com\/tr\/product\/buldozer-bataklik-paletli-ayakkabi-tedarikcisi\/\" \/>\n<meta property=\"article:publisher\" content=\"https:\/\/www.facebook.com\/gfmparts\" \/>\n<meta property=\"article:modified_time\" content=\"2025-07-16T03:33:46+00:00\" \/>\n<meta property=\"og:image\" content=\"https:\/\/gfmparts.com\/wp-content\/uploads\/2025\/01\/bulldozer-swamp-track-shoe-1-1024x1024.png\" \/>\n\t<meta property=\"og:image:width\" content=\"1024\" \/>\n\t<meta property=\"og:image:height\" content=\"1024\" \/>\n\t<meta property=\"og:image:type\" content=\"image\/png\" \/>\n<meta name=\"twitter:card\" content=\"summary_large_image\" \/>\n<meta name=\"twitter:label1\" content=\"Tahmini okuma s\u00fcresi\" \/>\n\t<meta name=\"twitter:data1\" content=\"4 dakika\" \/>\n<script type=\"application\/ld+json\" class=\"yoast-schema-graph\">{\"@context\":\"https:\/\/schema.org\",\"@graph\":[{\"@type\":\"WebPage\",\"@id\":\"https:\/\/gfmparts.com\/product\/bulldozer-swamp-track-shoe-supplier\/\",\"url\":\"https:\/\/gfmparts.com\/product\/bulldozer-swamp-track-shoe-supplier\/\",\"name\":\"Swamp Track Shoe - Bulldozer Track Shoe Supplier\",\"isPartOf\":{\"@id\":\"https:\/\/gfmparts.com\/#website\"},\"primaryImageOfPage\":{\"@id\":\"https:\/\/gfmparts.com\/product\/bulldozer-swamp-track-shoe-supplier\/#primaryimage\"},\"image\":{\"@id\":\"https:\/\/gfmparts.com\/product\/bulldozer-swamp-track-shoe-supplier\/#primaryimage\"},\"thumbnailUrl\":\"https:\/\/gfmparts.com\/wp-content\/uploads\/2025\/01\/bulldozer-swamp-track-shoe-1.png\",\"datePublished\":\"2025-01-06T06:32:09+00:00\",\"dateModified\":\"2025-07-16T03:33:46+00:00\",\"description\":\"As a dozer track shoe supplier, GFM supports OEM\/ODM customization services and can develop track shoes of special sizes and specifications according to customer needs.\",\"breadcrumb\":{\"@id\":\"https:\/\/gfmparts.com\/product\/bulldozer-swamp-track-shoe-supplier\/#breadcrumb\"},\"inLanguage\":\"tr\",\"potentialAction\":[{\"@type\":\"ReadAction\",\"target\":[\"https:\/\/gfmparts.com\/product\/bulldozer-swamp-track-shoe-supplier\/\"]}]},{\"@type\":\"ImageObject\",\"inLanguage\":\"tr\",\"@id\":\"https:\/\/gfmparts.com\/product\/bulldozer-swamp-track-shoe-supplier\/#primaryimage\",\"url\":\"https:\/\/gfmparts.com\/wp-content\/uploads\/2025\/01\/bulldozer-swamp-track-shoe-1.png\",\"contentUrl\":\"https:\/\/gfmparts.com\/wp-content\/uploads\/2025\/01\/bulldozer-swamp-track-shoe-1.png\",\"width\":3072,\"height\":3072,\"caption\":\"Bulldozer Swamp Track Shoe\"},{\"@type\":\"BreadcrumbList\",\"@id\":\"https:\/\/gfmparts.com\/product\/bulldozer-swamp-track-shoe-supplier\/#breadcrumb\",\"itemListElement\":[{\"@type\":\"ListItem\",\"position\":1,\"name\":\"\u9996\u9875\",\"item\":\"https:\/\/gfmparts.com\/\"},{\"@type\":\"ListItem\",\"position\":2,\"name\":\"All Product\",\"item\":\"https:\/\/gfmparts.com\/all-product\/\"},{\"@type\":\"ListItem\",\"position\":3,\"name\":\"Bulldozer Swamp Track Shoe Supplier\"}]},{\"@type\":\"WebSite\",\"@id\":\"https:\/\/gfmparts.com\/#website\",\"url\":\"https:\/\/gfmparts.com\/\",\"name\":\"GFM PARTS\",\"description\":\"GFM since 2011 focused on excavator and bulldozer undercarriage parts manufacturing :Track rollers,carrier roller,idler,sprocket,track group,bucket tooth pin.\",\"publisher\":{\"@id\":\"https:\/\/gfmparts.com\/#organization\"},\"alternateName\":\"gfmparts.com\",\"potentialAction\":[{\"@type\":\"SearchAction\",\"target\":{\"@type\":\"EntryPoint\",\"urlTemplate\":\"https:\/\/gfmparts.com\/?s={search_term_string}\"},\"query-input\":{\"@type\":\"PropertyValueSpecification\",\"valueRequired\":true,\"valueName\":\"search_term_string\"}}],\"inLanguage\":\"tr\"},{\"@type\":\"Organization\",\"@id\":\"https:\/\/gfmparts.com\/#organization\",\"name\":\"GFM PARTS\",\"url\":\"https:\/\/gfmparts.com\/\",\"logo\":{\"@type\":\"ImageObject\",\"inLanguage\":\"tr\",\"@id\":\"https:\/\/gfmparts.com\/#\/schema\/logo\/image\/\",\"url\":\"https:\/\/gfmparts.com\/wp-content\/uploads\/2024\/11\/cropped-GFMparts.com_-2.png\",\"contentUrl\":\"https:\/\/gfmparts.com\/wp-content\/uploads\/2024\/11\/cropped-GFMparts.com_-2.png\",\"width\":5987,\"height\":2564,\"caption\":\"GFM PARTS\"},\"image\":{\"@id\":\"https:\/\/gfmparts.com\/#\/schema\/logo\/image\/\"},\"sameAs\":[\"https:\/\/www.facebook.com\/gfmparts\",\"https:\/\/www.linkedin.com\/company\/gfmparts\/\",\"https:\/\/www.tiktok.com\/@gfmparts\",\"https:\/\/www.youtube.com\/@GFMparts\/featured\"]}]}<\/script>\n<!-- \/ Yoast SEO Premium plugin. -->","yoast_head_json":{"title":"Swamp Track Shoe - Bulldozer Track Shoe Supplier","description":"As a dozer track shoe supplier, GFM supports OEM\/ODM customization services and can develop track shoes of special sizes and specifications according to customer needs.","robots":{"index":"index","follow":"follow","max-snippet":"max-snippet:-1","max-image-preview":"max-image-preview:large","max-video-preview":"max-video-preview:-1"},"canonical":"https:\/\/gfmparts.com\/tr\/product\/buldozer-bataklik-paletli-ayakkabi-tedarikcisi\/","og_locale":"tr_TR","og_type":"article","og_title":"Bulldozer Swamp Track Shoe Supplier","og_description":"As a dozer track shoe supplier, GFM supports OEM\/ODM customization services and can develop track shoes of special sizes and specifications according to customer needs.","og_url":"https:\/\/gfmparts.com\/tr\/product\/buldozer-bataklik-paletli-ayakkabi-tedarikcisi\/","article_publisher":"https:\/\/www.facebook.com\/gfmparts","article_modified_time":"2025-07-16T03:33:46+00:00","og_image":[{"width":1024,"height":1024,"url":"https:\/\/gfmparts.com\/wp-content\/uploads\/2025\/01\/bulldozer-swamp-track-shoe-1-1024x1024.png","type":"image\/png"}],"twitter_card":"summary_large_image","twitter_misc":{"Tahmini okuma s\u00fcresi":"4 dakika"},"schema":{"@context":"https:\/\/schema.org","@graph":[{"@type":"WebPage","@id":"https:\/\/gfmparts.com\/product\/bulldozer-swamp-track-shoe-supplier\/","url":"https:\/\/gfmparts.com\/product\/bulldozer-swamp-track-shoe-supplier\/","name":"Swamp Track Shoe - Bulldozer Track Shoe Supplier","isPartOf":{"@id":"https:\/\/gfmparts.com\/#website"},"primaryImageOfPage":{"@id":"https:\/\/gfmparts.com\/product\/bulldozer-swamp-track-shoe-supplier\/#primaryimage"},"image":{"@id":"https:\/\/gfmparts.com\/product\/bulldozer-swamp-track-shoe-supplier\/#primaryimage"},"thumbnailUrl":"https:\/\/gfmparts.com\/wp-content\/uploads\/2025\/01\/bulldozer-swamp-track-shoe-1.png","datePublished":"2025-01-06T06:32:09+00:00","dateModified":"2025-07-16T03:33:46+00:00","description":"As a dozer track shoe supplier, GFM supports OEM\/ODM customization services and can develop track shoes of special sizes and specifications according to customer needs.","breadcrumb":{"@id":"https:\/\/gfmparts.com\/product\/bulldozer-swamp-track-shoe-supplier\/#breadcrumb"},"inLanguage":"tr","potentialAction":[{"@type":"ReadAction","target":["https:\/\/gfmparts.com\/product\/bulldozer-swamp-track-shoe-supplier\/"]}]},{"@type":"ImageObject","inLanguage":"tr","@id":"https:\/\/gfmparts.com\/product\/bulldozer-swamp-track-shoe-supplier\/#primaryimage","url":"https:\/\/gfmparts.com\/wp-content\/uploads\/2025\/01\/bulldozer-swamp-track-shoe-1.png","contentUrl":"https:\/\/gfmparts.com\/wp-content\/uploads\/2025\/01\/bulldozer-swamp-track-shoe-1.png","width":3072,"height":3072,"caption":"Bulldozer Swamp Track Shoe"},{"@type":"BreadcrumbList","@id":"https:\/\/gfmparts.com\/product\/bulldozer-swamp-track-shoe-supplier\/#breadcrumb","itemListElement":[{"@type":"ListItem","position":1,"name":"\u9996\u9875","item":"https:\/\/gfmparts.com\/"},{"@type":"ListItem","position":2,"name":"All Product","item":"https:\/\/gfmparts.com\/all-product\/"},{"@type":"ListItem","position":3,"name":"Bulldozer Swamp Track Shoe Supplier"}]},{"@type":"WebSite","@id":"https:\/\/gfmparts.com\/#website","url":"https:\/\/gfmparts.com\/","name":"GFM PARTS","description":"GFM since 2011 focused on excavator and bulldozer undercarriage parts manufacturing :Track rollers,carrier roller,idler,sprocket,track group,bucket tooth pin.","publisher":{"@id":"https:\/\/gfmparts.com\/#organization"},"alternateName":"gfmparts.com","potentialAction":[{"@type":"SearchAction","target":{"@type":"EntryPoint","urlTemplate":"https:\/\/gfmparts.com\/?s={search_term_string}"},"query-input":{"@type":"PropertyValueSpecification","valueRequired":true,"valueName":"search_term_string"}}],"inLanguage":"tr"},{"@type":"Organization","@id":"https:\/\/gfmparts.com\/#organization","name":"GFM PARTS","url":"https:\/\/gfmparts.com\/","logo":{"@type":"ImageObject","inLanguage":"tr","@id":"https:\/\/gfmparts.com\/#\/schema\/logo\/image\/","url":"https:\/\/gfmparts.com\/wp-content\/uploads\/2024\/11\/cropped-GFMparts.com_-2.png","contentUrl":"https:\/\/gfmparts.com\/wp-content\/uploads\/2024\/11\/cropped-GFMparts.com_-2.png","width":5987,"height":2564,"caption":"GFM PARTS"},"image":{"@id":"https:\/\/gfmparts.com\/#\/schema\/logo\/image\/"},"sameAs":["https:\/\/www.facebook.com\/gfmparts","https:\/\/www.linkedin.com\/company\/gfmparts\/","https:\/\/www.tiktok.com\/@gfmparts","https:\/\/www.youtube.com\/@GFMparts\/featured"]}]}},"_links":{"self":[{"href":"https:\/\/gfmparts.com\/tr\/wp-json\/wp\/v2\/product\/3227"}],"collection":[{"href":"https:\/\/gfmparts.com\/tr\/wp-json\/wp\/v2\/product"}],"about":[{"href":"https:\/\/gfmparts.com\/tr\/wp-json\/wp\/v2\/types\/product"}],"wp:featuredmedia":[{"embeddable":true,"href":"https:\/\/gfmparts.com\/tr\/wp-json\/wp\/v2\/media\/3594"}],"wp:attachment":[{"href":"https:\/\/gfmparts.com\/tr\/wp-json\/wp\/v2\/media?parent=3227"}],"wp:term":[{"taxonomy":"product_cat","embeddable":true,"href":"https:\/\/gfmparts.com\/tr\/wp-json\/wp\/v2\/product_cat?post=3227"},{"taxonomy":"product_tag","embeddable":true,"href":"https:\/\/gfmparts.com\/tr\/wp-json\/wp\/v2\/product_tag?post=3227"}],"curies":[{"name":"wp","href":"https:\/\/api.w.org\/{rel}","templated":true}]}}