{"id":3241,"date":"2025-01-08T07:09:55","date_gmt":"2025-01-08T07:09:55","guid":{"rendered":"https:\/\/gfmparts.com\/?post_type=product&#038;p=3241"},"modified":"2025-05-16T09:38:16","modified_gmt":"2025-05-16T09:38:16","slug":"excavator-bulldozer-track-idler-suppliers","status":"publish","type":"product","link":"https:\/\/gfmparts.com\/tr\/product\/ekskavator-buldozer-paletli-gergi-tedarikcileri\/","title":{"rendered":"Ekskavat\u00f6r ve Buldozer Tekerlek \u00dcreticileri"},"content":{"rendered":"<p><span style=\"color: #000000;\">\u00d6nde gelen bir \u00fcretici olarak <a style=\"color: #000000;\" href=\"https:\/\/gfmparts.com\/tr\/product\/yuksek-kaliteli-ekskavator-paletli-gergi-makarasi-ureticileri\/\">buldozer tembel<\/a> GFM, ekskavat\u00f6rler ve buldozerler i\u00e7in, buldozer ve ekskavat\u00f6r gibi a\u011f\u0131r i\u015f makinelerine \u00f6zel olarak tasarlanm\u0131\u015f, yenilik\u00e7i tasar\u0131ml\u0131 ve y\u00fcksek performansl\u0131 k\u0131lavuz tekerlekler sunar. K\u0131lavuz tekerleklerimiz, a\u015f\u0131nmay\u0131 etkili bir \u015fekilde azaltan ve ekipman\u0131n \u00f6mr\u00fcn\u00fc uzatan y\u00fcksek mukavemetli malzemeler ve geli\u015fmi\u015f \u00fcretim s\u00fcre\u00e7leriyle \u00fcretilmi\u015ftir. Her \u00fcr\u00fcn\u00fcn m\u00fc\u015fteri ihtiya\u00e7lar\u0131na m\u00fckemmel \u015fekilde uyum sa\u011flamas\u0131n\u0131 garantilemek i\u00e7in m\u00fc\u015fteri ihtiya\u00e7lar\u0131na g\u00f6re OEM\/ODM \u00f6zelle\u015ftirme hizmetleri sunabiliriz.<\/span><\/p>\n<h3><span style=\"color: #ff6600;\">\u00dcr\u00fcn A\u00e7\u0131klamas\u0131<\/span><\/h3>\n<ul>\n<li><span style=\"color: #000000;\"><strong>Minimum Sipari\u015f Adedi:<\/strong>\u00a01 Bilgisayar<\/span><\/li>\n<li><span style=\"color: #000000;\"><strong>\u00d6deme y\u00f6ntemi:<\/strong>\u00a0T\/T<\/span><\/li>\n<li><span style=\"color: #000000;\"><strong>Marka:<\/strong>\u00a0GFM<\/span><\/li>\n<li><span style=\"color: #000000;\"><strong>Durum:<\/strong>\u00a0Yeni<\/span><\/li>\n<li><span style=\"color: #000000;\"><strong>Renk:<\/strong>\u00a0Sar\u0131, Siyah veya \u00d6zelle\u015ftirilmi\u015f<\/span><\/li>\n<li><span style=\"color: #000000;\"><strong>Kur\u015fun zaman\u0131:<\/strong>\u00a030 g\u00fcn<\/span><\/li>\n<li><span style=\"color: #000000;\"><strong>Garanti:<\/strong>\u00a01 Y\u0131l<\/span><\/li>\n<li><span style=\"color: #000000;\"><strong>Hizmet:<\/strong>\u00a0OEM veya ODM<\/span><\/li>\n<li><span style=\"color: #000000;\"><strong>Men\u015fei Yeri:<\/strong>\u00a0Fujian, \u00c7in<\/span><\/li>\n<li><span style=\"color: #000000;\"><strong>Ba\u015fvuru:<\/strong>\u00a0Ekskavat\u00f6r veya Buldozer<\/span><\/li>\n<li><span style=\"color: #000000;\"><strong>Paketleme:<\/strong>\u00a0Standart \u0130hracat Ah\u015fap Palet<\/span><\/li>\n<\/ul>\n<p style=\"text-align: center;\"><span style=\"color: #000000;\"><img fetchpriority=\"high\" decoding=\"async\" class=\"alignnone size-full wp-image-3242\" src=\"https:\/\/gfmparts.com\/wp-content\/uploads\/2025\/01\/Idler_\u5e93\u5b58.jpg\" alt=\"ekskavat\u00f6r ve buldozer paletli kasna\u011f\u0131\" width=\"622\" height=\"380\" srcset=\"https:\/\/gfmparts.com\/wp-content\/uploads\/2025\/01\/Idler_\u5e93\u5b58.jpg 622w, https:\/\/gfmparts.com\/wp-content\/uploads\/2025\/01\/Idler_\u5e93\u5b58-300x183.jpg 300w, https:\/\/gfmparts.com\/wp-content\/uploads\/2025\/01\/Idler_\u5e93\u5b58-600x367.jpg 600w\" sizes=\"(max-width: 622px) 100vw, 622px\" \/><\/span><\/p>\n<h3><span style=\"color: #ff6600;\">\u00d6zellikler<\/span><\/h3>\n<ul>\n<li><b><\/b><span style=\"color: #000000;\"><strong><b>Dayan\u0131kl\u0131:<\/b><\/strong>Uzun s\u00fcreli performans i\u00e7in zorlu ko\u015fullara dayanacak \u015fekilde \u00fcretildi.<\/span><\/li>\n<li><span style=\"color: #000000;\"><b><\/b><strong><b>M\u00fckemmel Uyum: <\/b><\/strong>\u00c7e\u015fitli ekskavat\u00f6r ve buldozer modellerine kolay montaj i\u00e7in tasarlanm\u0131\u015ft\u0131r.<\/span><\/li>\n<li><span style=\"color: #000000;\"><b><\/b><strong><b>A\u011f\u0131r Hizmet: <\/b><\/strong>A\u011f\u0131r y\u00fckleri destekleyerek d\u00fczg\u00fcn ve stabil bir \u00e7al\u0131\u015fma sa\u011flar.<\/span><\/li>\n<li><span style=\"color: #000000;\"><b><\/b><strong><b>P\u00fcr\u00fczs\u00fcz ve Sessiz<\/b><\/strong>: T\u00fcm arazilerde daha ak\u0131c\u0131 hareket ve daha iyi \u00e7eki\u015f i\u00e7in titre\u015fimi en aza indirir.<\/span><\/li>\n<li><span style=\"color: #000000;\"><b><\/b><strong><b>D\u00fc\u015f\u00fck Bak\u0131m: <\/b><\/strong>Daha az bak\u0131m ve daha uzun \u00e7al\u0131\u015fma s\u00fcresi i\u00e7in kendi kendini ya\u011flayan sistem.<\/span><\/li>\n<li><span style=\"color: #000000;\"><b><\/b><strong><b>Hava Ko\u015fullar\u0131na Dayan\u0131kl\u0131: <\/b><\/strong>Her t\u00fcrl\u00fc iklimde iyi performans g\u00f6sterir, paslanmaya ve a\u015f\u0131r\u0131 s\u0131cakl\u0131klara dayan\u0131kl\u0131d\u0131r.<\/span><\/li>\n<\/ul>\n<h3><span style=\"color: #ff6600;\">\u00d6zellikler<\/span><\/h3>\n<p style=\"text-align: center;\"><img decoding=\"async\" class=\"alignnone wp-image-3002\" src=\"https:\/\/gfmparts.com\/wp-content\/uploads\/2024\/12\/\u5f15\u5bfc\u8f6e\u8bbe\u8ba1\u56fe-1024x402.png\" alt=\"paletli gergi makaras\u0131 tasar\u0131m\u0131\" width=\"950\" height=\"373\" srcset=\"https:\/\/gfmparts.com\/wp-content\/uploads\/2024\/12\/\u5f15\u5bfc\u8f6e\u8bbe\u8ba1\u56fe-1024x402.png 1024w, https:\/\/gfmparts.com\/wp-content\/uploads\/2024\/12\/\u5f15\u5bfc\u8f6e\u8bbe\u8ba1\u56fe-300x118.png 300w, https:\/\/gfmparts.com\/wp-content\/uploads\/2024\/12\/\u5f15\u5bfc\u8f6e\u8bbe\u8ba1\u56fe-768x301.png 768w, https:\/\/gfmparts.com\/wp-content\/uploads\/2024\/12\/\u5f15\u5bfc\u8f6e\u8bbe\u8ba1\u56fe-600x235.png 600w, https:\/\/gfmparts.com\/wp-content\/uploads\/2024\/12\/\u5f15\u5bfc\u8f6e\u8bbe\u8ba1\u56fe.png 1537w\" sizes=\"(max-width: 950px) 100vw, 950px\" \/><\/p>\n<p style=\"text-align: center;\"><img decoding=\"async\" class=\"alignnone size-full wp-image-3003\" style=\"font-style: inherit; font-weight: inherit;\" src=\"https:\/\/gfmparts.com\/wp-content\/uploads\/2024\/12\/\u5f15\u5bfc\u8f6e\u578b\u53f7.png\" alt=\"paletli gergi modeli\" width=\"867\" height=\"369\" srcset=\"https:\/\/gfmparts.com\/wp-content\/uploads\/2024\/12\/\u5f15\u5bfc\u8f6e\u578b\u53f7.png 867w, https:\/\/gfmparts.com\/wp-content\/uploads\/2024\/12\/\u5f15\u5bfc\u8f6e\u578b\u53f7-300x128.png 300w, https:\/\/gfmparts.com\/wp-content\/uploads\/2024\/12\/\u5f15\u5bfc\u8f6e\u578b\u53f7-768x327.png 768w, https:\/\/gfmparts.com\/wp-content\/uploads\/2024\/12\/\u5f15\u5bfc\u8f6e\u578b\u53f7-600x255.png 600w\" sizes=\"(max-width: 867px) 100vw, 867px\" \/><\/p>\n<h3><span style=\"color: #ff6600;\">\u00dcr\u00fcn Modelleri<\/span><\/h3>\n<p style=\"text-align: center;\"><img loading=\"lazy\" decoding=\"async\" class=\"alignnone size-full wp-image-3154\" src=\"https:\/\/gfmparts.com\/wp-content\/uploads\/2024\/12\/excavator-and-bulldozer-part-description.png\" alt=\"ekskavat\u00f6r ve buldozer par\u00e7a a\u00e7\u0131klamas\u0131\" width=\"853\" height=\"736\" srcset=\"https:\/\/gfmparts.com\/wp-content\/uploads\/2024\/12\/excavator-and-bulldozer-part-description.png 853w, https:\/\/gfmparts.com\/wp-content\/uploads\/2024\/12\/excavator-and-bulldozer-part-description-300x259.png 300w, https:\/\/gfmparts.com\/wp-content\/uploads\/2024\/12\/excavator-and-bulldozer-part-description-768x663.png 768w, https:\/\/gfmparts.com\/wp-content\/uploads\/2024\/12\/excavator-and-bulldozer-part-description-600x518.png 600w\" sizes=\"(max-width: 853px) 100vw, 853px\" \/><\/p>\n<h3><span style=\"color: #ff9900;\">\u00dcretim S\u00fcreci<\/span><\/h3>\n<p><img loading=\"lazy\" decoding=\"async\" class=\"size-large wp-image-3043 aligncenter\" src=\"https:\/\/gfmparts.com\/wp-content\/uploads\/2024\/12\/\u901a\u7528\u751f\u4ea7\u6d41\u7a0b-1-1024x648.jpg\" alt=\"ekskavat\u00f6r par\u00e7a \u00fcretim s\u00fcreci\" width=\"1024\" height=\"648\" srcset=\"\" sizes=\"(max-width: 1024px) 100vw, 1024px\" data-srcset=\"\" \/><\/p>\n<h3><span style=\"color: #ff6600;\">Paketleme ve Nakliye<\/span><\/h3>\n<p style=\"text-align: center;\"><img loading=\"lazy\" decoding=\"async\" class=\"alignnone size-large wp-image-6521\" src=\"https:\/\/gfmparts.com\/wp-content\/uploads\/2025\/05\/Packaging-and-Shipping-1-1-1024x648.jpg\" alt=\"Paketleme ve Nakliye\" width=\"1024\" height=\"648\" srcset=\"https:\/\/gfmparts.com\/wp-content\/uploads\/2025\/05\/Packaging-and-Shipping-1-1-1024x648.jpg 1024w, https:\/\/gfmparts.com\/wp-content\/uploads\/2025\/05\/Packaging-and-Shipping-1-1-300x190.jpg 300w, https:\/\/gfmparts.com\/wp-content\/uploads\/2025\/05\/Packaging-and-Shipping-1-1-768x486.jpg 768w, https:\/\/gfmparts.com\/wp-content\/uploads\/2025\/05\/Packaging-and-Shipping-1-1-1536x973.jpg 1536w, https:\/\/gfmparts.com\/wp-content\/uploads\/2025\/05\/Packaging-and-Shipping-1-1-2048x1297.jpg 2048w, https:\/\/gfmparts.com\/wp-content\/uploads\/2025\/05\/Packaging-and-Shipping-1-1-600x380.jpg 600w\" sizes=\"(max-width: 1024px) 100vw, 1024px\" \/><\/p>\n<h3><span style=\"color: #ff6600;\">Fabrika Avantajlar\u0131<\/span><\/h3>\n<p><span style=\"color: #000000;\">Bir profesyonel olarak <a style=\"color: #000000;\" href=\"https:\/\/gfmparts.com\/tr\/product\/ust-silindir-ekskavator-tasiyici-silindir-fabrikasi\/\">paletli gergi makaras\u0131 tedarik\u00e7isi<\/a>GFM, buldozer ve ekskavat\u00f6r aksesuarlar\u0131 alan\u0131nda uzun y\u0131llara dayanan deneyime sahiptir ve y\u00fcksek kaliteli k\u0131lavuz tekerlek \u00fcr\u00fcnleri sunmaya odaklanm\u0131\u015ft\u0131r. Her bir k\u0131lavuz tekerle\u011fin zorlu \u00e7al\u0131\u015fma ko\u015fullar\u0131nda iyi performans g\u00f6stermesini sa\u011flamak i\u00e7in en son teknolojiyi ve a\u015f\u0131nmaya dayan\u0131kl\u0131 malzemeleri kullan\u0131yoruz. GFM&#039;nin k\u0131lavuz tekerlekleri hassas bir \u015fekilde tasarlanm\u0131\u015f ve son derece uyarlanabilir olup, \u00e7e\u015fitli buldozer ve ekskavat\u00f6r modellerine m\u00fckemmel uyum sa\u011flayabilir.<\/span><\/p>\n<p><span style=\"color: #000000;\">GFM, eksiksiz bir \u00f6zelle\u015ftirilmi\u015f hizmet yelpazesi sunar. Geri vites tekerleklerimiz yaln\u0131zca m\u00fckemmel dayan\u0131kl\u0131l\u0131\u011fa sahip olmakla kalmaz, ayn\u0131 zamanda m\u00fc\u015fterilerin \u00f6zel ihtiya\u00e7lar\u0131na g\u00f6re hassas bir \u015fekilde \u00f6zelle\u015ftirilebilir. \u0130ster standart bir k\u0131lavuz tekerle\u011fe ister \u00f6zel bir tasar\u0131ma ihtiyac\u0131n\u0131z olsun, profesyonel ekibimiz her \u00fcr\u00fcn\u00fcn optimum performansa ula\u015fmas\u0131n\u0131 sa\u011flamak i\u00e7in size do\u011fru \u00e7\u00f6z\u00fcm\u00fc sunabilir. Fabrikam\u0131z, m\u00fc\u015fterilerimize istikrarl\u0131 ve y\u00fcksek kaliteli \u00fcr\u00fcnler sunmak i\u00e7in geli\u015fmi\u015f \u00fcretim ekipmanlar\u0131na ve s\u0131k\u0131 bir kalite kontrol sistemine sahiptir.<\/span><\/p>\n<p><span style=\"color: #000000;\">GFM k\u0131lavuz tekerlekleri, zorlu \u00e7al\u0131\u015fma ortamlar\u0131nda uzun s\u00fcreli stabilite sa\u011flamak i\u00e7in a\u015f\u0131nmaya ve korozyona dayan\u0131kl\u0131 malzemelerden \u00fcretilmi\u015ftir. Geli\u015fmi\u015f \u00fcretim teknolojisi ve birinci s\u0131n\u0131f \u00fcretim tesislerine sahip olan GFM, m\u00fc\u015fterilerine y\u00fcksek kaliteli ve dayan\u0131kl\u0131 ekskavat\u00f6r ve buldozer par\u00e7a \u00e7\u00f6z\u00fcmleri sunmaya kendini adam\u0131\u015ft\u0131r. Par\u00e7alar\u0131m\u0131z, alt tak\u0131m par\u00e7alar\u0131 gibi \u00e7e\u015fitli temel bile\u015fenleri kapsar. Her \u00fcr\u00fcn uluslararas\u0131 standartlar\u0131 kar\u015f\u0131lar ve \u00e7e\u015fitli arazi zorluklar\u0131yla ba\u015fa \u00e7\u0131karak ekipman\u0131n\u0131z\u0131n i\u015f verimlili\u011fini art\u0131rmas\u0131na ve hizmet \u00f6mr\u00fcn\u00fc uzatmas\u0131na yard\u0131mc\u0131 olur.<\/span><\/p>\n<p style=\"text-align: center;\"><span style=\"color: #000000;\"><img loading=\"lazy\" decoding=\"async\" class=\"alignnone wp-image-2159\" src=\"https:\/\/gfmparts.com\/wp-content\/uploads\/2024\/12\/\u5fae\u4fe1\u56fe\u7247_20241202160325-1024x576.jpg\" alt=\"ta\u015f\u0131y\u0131c\u0131 silindir \u00fcreticisi\" width=\"767\" height=\"431\" srcset=\"\" sizes=\"(max-width: 767px) 100vw, 767px\" data-srcset=\"\" \/><\/span><\/p>","protected":false},"excerpt":{"rendered":"<ul>\n<li><span style=\"color: #000000;\">\u00dcr\u00fcn Kalitesi Garantili<\/span><\/li>\n<li><span style=\"color: #000000;\">B\u00fcy\u00fck Tedarik<\/span><\/li>\n<li><span style=\"color: #000000;\">Rekabet\u00e7i Fiyatland\u0131rma<\/span><\/li>\n<li><span style=\"color: #000000;\">\u00c7o\u011fu Marka ve Model<\/span><\/li>\n<li><span style=\"color: #000000;\">Yard\u0131msever M\u00fc\u015fteri Hizmetleri Ekibi<\/span><\/li>\n<li><span style=\"color: #000000;\">Profesyonel Teknik Destek<\/span><\/li>\n<\/ul>","protected":false},"featured_media":3592,"template":"","meta":{"site-sidebar-layout":"default","site-content-layout":"","ast-site-content-layout":"default","site-content-style":"default","site-sidebar-style":"default","ast-global-header-display":"","ast-banner-title-visibility":"","ast-main-header-display":"","ast-hfb-above-header-display":"","ast-hfb-below-header-display":"","ast-hfb-mobile-header-display":"","site-post-title":"","ast-breadcrumbs-content":"","ast-featured-img":"","footer-sml-layout":"","theme-transparent-header-meta":"default","adv-header-id-meta":"","stick-header-meta":"default","header-above-stick-meta":"","header-main-stick-meta":"","header-below-stick-meta":"","astra-migrate-meta-layouts":"set","ast-page-background-enabled":"default","ast-page-background-meta":{"desktop":{"background-color":"","background-image":"","background-repeat":"repeat","background-position":"center center","background-size":"auto","background-attachment":"scroll","background-type":"","background-media":"","overlay-type":"","overlay-color":"","overlay-opacity":"","overlay-gradient":""},"tablet":{"background-color":"","background-image":"","background-repeat":"repeat","background-position":"center center","background-size":"auto","background-attachment":"scroll","background-type":"","background-media":"","overlay-type":"","overlay-color":"","overlay-opacity":"","overlay-gradient":""},"mobile":{"background-color":"","background-image":"","background-repeat":"repeat","background-position":"center center","background-size":"auto","background-attachment":"scroll","background-type":"","background-media":"","overlay-type":"","overlay-color":"","overlay-opacity":"","overlay-gradient":""}},"ast-content-background-meta":{"desktop":{"background-color":"var(--ast-global-color-5)","background-image":"","background-repeat":"repeat","background-position":"center center","background-size":"auto","background-attachment":"scroll","background-type":"","background-media":"","overlay-type":"","overlay-color":"","overlay-opacity":"","overlay-gradient":""},"tablet":{"background-color":"var(--ast-global-color-5)","background-image":"","background-repeat":"repeat","background-position":"center center","background-size":"auto","background-attachment":"scroll","background-type":"","background-media":"","overlay-type":"","overlay-color":"","overlay-opacity":"","overlay-gradient":""},"mobile":{"background-color":"var(--ast-global-color-5)","background-image":"","background-repeat":"repeat","background-position":"center center","background-size":"auto","background-attachment":"scroll","background-type":"","background-media":"","overlay-type":"","overlay-color":"","overlay-opacity":"","overlay-gradient":""}}},"product_cat":[38,32],"product_tag":[],"class_list":{"0":"post-3241","1":"product","2":"type-product","3":"status-publish","4":"has-post-thumbnail","6":"product_cat-undercarriage","7":"product_cat-track-idler","8":"desktop-align-left","9":"tablet-align-left","10":"mobile-align-left","11":"ast-product-gallery-layout-horizontal-slider","12":"ast-product-tabs-layout-horizontal","14":"first","15":"instock","16":"shipping-taxable","17":"product-type-simple"},"yoast_head":"<!-- This site is optimized with the Yoast SEO Premium plugin v22.8 (Yoast SEO v23.9) - https:\/\/yoast.com\/wordpress\/plugins\/seo\/ -->\n<title>Excavator and Bulldozer Track Idler Suppliers -GFM<\/title>\n<meta name=\"description\" content=\"GFM provides a full range of customized services. Whether you need a standard guide wheel or a special design, our professional team can provide you with the right solution.\" \/>\n<meta name=\"robots\" content=\"index, follow, max-snippet:-1, max-image-preview:large, max-video-preview:-1\" \/>\n<link rel=\"canonical\" href=\"https:\/\/gfmparts.com\/tr\/product\/ekskavator-buldozer-paletli-gergi-tedarikcileri\/\" \/>\n<meta property=\"og:locale\" content=\"tr_TR\" \/>\n<meta property=\"og:type\" content=\"article\" \/>\n<meta property=\"og:title\" content=\"Excavator and Bulldozer Idler Wheel Manufacturers\" \/>\n<meta property=\"og:description\" content=\"GFM provides a full range of customized services. Whether you need a standard guide wheel or a special design, our professional team can provide you with the right solution.\" \/>\n<meta property=\"og:url\" content=\"https:\/\/gfmparts.com\/tr\/product\/ekskavator-buldozer-paletli-gergi-tedarikcileri\/\" \/>\n<meta property=\"article:publisher\" content=\"https:\/\/www.facebook.com\/gfmparts\" \/>\n<meta property=\"article:modified_time\" content=\"2025-05-16T09:38:16+00:00\" \/>\n<meta property=\"og:image\" content=\"https:\/\/gfmparts.com\/wp-content\/uploads\/2025\/01\/Excavator-and-Bulldozer-Idler-Wheel.png\" \/>\n\t<meta property=\"og:image:width\" content=\"1078\" \/>\n\t<meta property=\"og:image:height\" content=\"1078\" \/>\n\t<meta property=\"og:image:type\" content=\"image\/png\" \/>\n<meta name=\"twitter:card\" content=\"summary_large_image\" \/>\n<meta name=\"twitter:label1\" content=\"Tahmini okuma s\u00fcresi\" \/>\n\t<meta name=\"twitter:data1\" content=\"4 dakika\" \/>\n<script type=\"application\/ld+json\" class=\"yoast-schema-graph\">{\"@context\":\"https:\/\/schema.org\",\"@graph\":[{\"@type\":\"WebPage\",\"@id\":\"https:\/\/gfmparts.com\/product\/excavator-bulldozer-track-idler-suppliers\/\",\"url\":\"https:\/\/gfmparts.com\/product\/excavator-bulldozer-track-idler-suppliers\/\",\"name\":\"Excavator and Bulldozer Track Idler Suppliers -GFM\",\"isPartOf\":{\"@id\":\"https:\/\/gfmparts.com\/#website\"},\"primaryImageOfPage\":{\"@id\":\"https:\/\/gfmparts.com\/product\/excavator-bulldozer-track-idler-suppliers\/#primaryimage\"},\"image\":{\"@id\":\"https:\/\/gfmparts.com\/product\/excavator-bulldozer-track-idler-suppliers\/#primaryimage\"},\"thumbnailUrl\":\"https:\/\/gfmparts.com\/wp-content\/uploads\/2025\/01\/Excavator-and-Bulldozer-Idler-Wheel.png\",\"datePublished\":\"2025-01-08T07:09:55+00:00\",\"dateModified\":\"2025-05-16T09:38:16+00:00\",\"description\":\"GFM provides a full range of customized services. Whether you need a standard guide wheel or a special design, our professional team can provide you with the right solution.\",\"breadcrumb\":{\"@id\":\"https:\/\/gfmparts.com\/product\/excavator-bulldozer-track-idler-suppliers\/#breadcrumb\"},\"inLanguage\":\"tr\",\"potentialAction\":[{\"@type\":\"ReadAction\",\"target\":[\"https:\/\/gfmparts.com\/product\/excavator-bulldozer-track-idler-suppliers\/\"]}]},{\"@type\":\"ImageObject\",\"inLanguage\":\"tr\",\"@id\":\"https:\/\/gfmparts.com\/product\/excavator-bulldozer-track-idler-suppliers\/#primaryimage\",\"url\":\"https:\/\/gfmparts.com\/wp-content\/uploads\/2025\/01\/Excavator-and-Bulldozer-Idler-Wheel.png\",\"contentUrl\":\"https:\/\/gfmparts.com\/wp-content\/uploads\/2025\/01\/Excavator-and-Bulldozer-Idler-Wheel.png\",\"width\":1078,\"height\":1078,\"caption\":\"Excavator and Bulldozer Idler Wheel\"},{\"@type\":\"BreadcrumbList\",\"@id\":\"https:\/\/gfmparts.com\/product\/excavator-bulldozer-track-idler-suppliers\/#breadcrumb\",\"itemListElement\":[{\"@type\":\"ListItem\",\"position\":1,\"name\":\"\u9996\u9875\",\"item\":\"https:\/\/gfmparts.com\/\"},{\"@type\":\"ListItem\",\"position\":2,\"name\":\"All Product\",\"item\":\"https:\/\/gfmparts.com\/all-product\/\"},{\"@type\":\"ListItem\",\"position\":3,\"name\":\"Excavator and Bulldozer Idler Wheel Manufacturers\"}]},{\"@type\":\"WebSite\",\"@id\":\"https:\/\/gfmparts.com\/#website\",\"url\":\"https:\/\/gfmparts.com\/\",\"name\":\"GFM PARTS\",\"description\":\"GFM since 2011 focused on excavator and bulldozer undercarriage parts manufacturing :Track rollers,carrier roller,idler,sprocket,track group,bucket tooth pin.\",\"publisher\":{\"@id\":\"https:\/\/gfmparts.com\/#organization\"},\"alternateName\":\"gfmparts.com\",\"potentialAction\":[{\"@type\":\"SearchAction\",\"target\":{\"@type\":\"EntryPoint\",\"urlTemplate\":\"https:\/\/gfmparts.com\/?s={search_term_string}\"},\"query-input\":{\"@type\":\"PropertyValueSpecification\",\"valueRequired\":true,\"valueName\":\"search_term_string\"}}],\"inLanguage\":\"tr\"},{\"@type\":\"Organization\",\"@id\":\"https:\/\/gfmparts.com\/#organization\",\"name\":\"GFM PARTS\",\"url\":\"https:\/\/gfmparts.com\/\",\"logo\":{\"@type\":\"ImageObject\",\"inLanguage\":\"tr\",\"@id\":\"https:\/\/gfmparts.com\/#\/schema\/logo\/image\/\",\"url\":\"https:\/\/gfmparts.com\/wp-content\/uploads\/2024\/11\/cropped-GFMparts.com_-2.png\",\"contentUrl\":\"https:\/\/gfmparts.com\/wp-content\/uploads\/2024\/11\/cropped-GFMparts.com_-2.png\",\"width\":5987,\"height\":2564,\"caption\":\"GFM PARTS\"},\"image\":{\"@id\":\"https:\/\/gfmparts.com\/#\/schema\/logo\/image\/\"},\"sameAs\":[\"https:\/\/www.facebook.com\/gfmparts\",\"https:\/\/www.linkedin.com\/company\/gfmparts\/\",\"https:\/\/www.tiktok.com\/@gfmparts\",\"https:\/\/www.youtube.com\/@GFMparts\/featured\"]}]}<\/script>\n<!-- \/ Yoast SEO Premium plugin. -->","yoast_head_json":{"title":"Excavator and Bulldozer Track Idler Suppliers -GFM","description":"GFM provides a full range of customized services. Whether you need a standard guide wheel or a special design, our professional team can provide you with the right solution.","robots":{"index":"index","follow":"follow","max-snippet":"max-snippet:-1","max-image-preview":"max-image-preview:large","max-video-preview":"max-video-preview:-1"},"canonical":"https:\/\/gfmparts.com\/tr\/product\/ekskavator-buldozer-paletli-gergi-tedarikcileri\/","og_locale":"tr_TR","og_type":"article","og_title":"Excavator and Bulldozer Idler Wheel Manufacturers","og_description":"GFM provides a full range of customized services. Whether you need a standard guide wheel or a special design, our professional team can provide you with the right solution.","og_url":"https:\/\/gfmparts.com\/tr\/product\/ekskavator-buldozer-paletli-gergi-tedarikcileri\/","article_publisher":"https:\/\/www.facebook.com\/gfmparts","article_modified_time":"2025-05-16T09:38:16+00:00","og_image":[{"width":1078,"height":1078,"url":"https:\/\/gfmparts.com\/wp-content\/uploads\/2025\/01\/Excavator-and-Bulldozer-Idler-Wheel.png","type":"image\/png"}],"twitter_card":"summary_large_image","twitter_misc":{"Tahmini okuma s\u00fcresi":"4 dakika"},"schema":{"@context":"https:\/\/schema.org","@graph":[{"@type":"WebPage","@id":"https:\/\/gfmparts.com\/product\/excavator-bulldozer-track-idler-suppliers\/","url":"https:\/\/gfmparts.com\/product\/excavator-bulldozer-track-idler-suppliers\/","name":"Excavator and Bulldozer Track Idler Suppliers -GFM","isPartOf":{"@id":"https:\/\/gfmparts.com\/#website"},"primaryImageOfPage":{"@id":"https:\/\/gfmparts.com\/product\/excavator-bulldozer-track-idler-suppliers\/#primaryimage"},"image":{"@id":"https:\/\/gfmparts.com\/product\/excavator-bulldozer-track-idler-suppliers\/#primaryimage"},"thumbnailUrl":"https:\/\/gfmparts.com\/wp-content\/uploads\/2025\/01\/Excavator-and-Bulldozer-Idler-Wheel.png","datePublished":"2025-01-08T07:09:55+00:00","dateModified":"2025-05-16T09:38:16+00:00","description":"GFM provides a full range of customized services. Whether you need a standard guide wheel or a special design, our professional team can provide you with the right solution.","breadcrumb":{"@id":"https:\/\/gfmparts.com\/product\/excavator-bulldozer-track-idler-suppliers\/#breadcrumb"},"inLanguage":"tr","potentialAction":[{"@type":"ReadAction","target":["https:\/\/gfmparts.com\/product\/excavator-bulldozer-track-idler-suppliers\/"]}]},{"@type":"ImageObject","inLanguage":"tr","@id":"https:\/\/gfmparts.com\/product\/excavator-bulldozer-track-idler-suppliers\/#primaryimage","url":"https:\/\/gfmparts.com\/wp-content\/uploads\/2025\/01\/Excavator-and-Bulldozer-Idler-Wheel.png","contentUrl":"https:\/\/gfmparts.com\/wp-content\/uploads\/2025\/01\/Excavator-and-Bulldozer-Idler-Wheel.png","width":1078,"height":1078,"caption":"Excavator and Bulldozer Idler Wheel"},{"@type":"BreadcrumbList","@id":"https:\/\/gfmparts.com\/product\/excavator-bulldozer-track-idler-suppliers\/#breadcrumb","itemListElement":[{"@type":"ListItem","position":1,"name":"\u9996\u9875","item":"https:\/\/gfmparts.com\/"},{"@type":"ListItem","position":2,"name":"All Product","item":"https:\/\/gfmparts.com\/all-product\/"},{"@type":"ListItem","position":3,"name":"Excavator and Bulldozer Idler Wheel Manufacturers"}]},{"@type":"WebSite","@id":"https:\/\/gfmparts.com\/#website","url":"https:\/\/gfmparts.com\/","name":"GFM PARTS","description":"GFM since 2011 focused on excavator and bulldozer undercarriage parts manufacturing :Track rollers,carrier roller,idler,sprocket,track group,bucket tooth pin.","publisher":{"@id":"https:\/\/gfmparts.com\/#organization"},"alternateName":"gfmparts.com","potentialAction":[{"@type":"SearchAction","target":{"@type":"EntryPoint","urlTemplate":"https:\/\/gfmparts.com\/?s={search_term_string}"},"query-input":{"@type":"PropertyValueSpecification","valueRequired":true,"valueName":"search_term_string"}}],"inLanguage":"tr"},{"@type":"Organization","@id":"https:\/\/gfmparts.com\/#organization","name":"GFM PARTS","url":"https:\/\/gfmparts.com\/","logo":{"@type":"ImageObject","inLanguage":"tr","@id":"https:\/\/gfmparts.com\/#\/schema\/logo\/image\/","url":"https:\/\/gfmparts.com\/wp-content\/uploads\/2024\/11\/cropped-GFMparts.com_-2.png","contentUrl":"https:\/\/gfmparts.com\/wp-content\/uploads\/2024\/11\/cropped-GFMparts.com_-2.png","width":5987,"height":2564,"caption":"GFM PARTS"},"image":{"@id":"https:\/\/gfmparts.com\/#\/schema\/logo\/image\/"},"sameAs":["https:\/\/www.facebook.com\/gfmparts","https:\/\/www.linkedin.com\/company\/gfmparts\/","https:\/\/www.tiktok.com\/@gfmparts","https:\/\/www.youtube.com\/@GFMparts\/featured"]}]}},"_links":{"self":[{"href":"https:\/\/gfmparts.com\/tr\/wp-json\/wp\/v2\/product\/3241"}],"collection":[{"href":"https:\/\/gfmparts.com\/tr\/wp-json\/wp\/v2\/product"}],"about":[{"href":"https:\/\/gfmparts.com\/tr\/wp-json\/wp\/v2\/types\/product"}],"wp:featuredmedia":[{"embeddable":true,"href":"https:\/\/gfmparts.com\/tr\/wp-json\/wp\/v2\/media\/3592"}],"wp:attachment":[{"href":"https:\/\/gfmparts.com\/tr\/wp-json\/wp\/v2\/media?parent=3241"}],"wp:term":[{"taxonomy":"product_cat","embeddable":true,"href":"https:\/\/gfmparts.com\/tr\/wp-json\/wp\/v2\/product_cat?post=3241"},{"taxonomy":"product_tag","embeddable":true,"href":"https:\/\/gfmparts.com\/tr\/wp-json\/wp\/v2\/product_tag?post=3241"}],"curies":[{"name":"wp","href":"https:\/\/api.w.org\/{rel}","templated":true}]}}