{"id":3266,"date":"2025-01-10T06:32:03","date_gmt":"2025-01-10T06:32:03","guid":{"rendered":"https:\/\/gfmparts.com\/?post_type=product&#038;p=3266"},"modified":"2025-05-16T09:47:54","modified_gmt":"2025-05-16T09:47:54","slug":"excavator-bucket-tooth-adapter-supplier","status":"publish","type":"product","link":"https:\/\/gfmparts.com\/tr\/product\/ekskavator-kepce-dis-adaptoru-tedarikcisi\/","title":{"rendered":"Ekskavat\u00f6r Kova Di\u015f Adapt\u00f6r\u00fc Tedarik\u00e7isi"},"content":{"rendered":"<p><span style=\"color: #000000;\">Bir profesyonel olarak <a style=\"color: #000000;\" href=\"https:\/\/gfmparts.com\/tr\/product\/ekskavator-kepce-dis-pimi-ureticisi\/\">ekskavat\u00f6r par\u00e7alar\u0131 \u00fcreticisi<\/a>GFM size y\u00fcksek kaliteli ekskavat\u00f6r sa\u011flar <a style=\"color: #000000;\" href=\"https:\/\/gfmparts.com\/tr\/product\/mukemmel-ekskavator-kepce-disleri-tedarikcisi\/\">kep\u00e7e di\u015fli adapt\u00f6rleri<\/a> \u00c7e\u015fitli ekskavat\u00f6r tipleri i\u00e7in tasarlanm\u0131\u015ft\u0131r. Kep\u00e7e di\u015fi adapt\u00f6rlerimiz, m\u00fckemmel a\u015f\u0131nma ve darbe direncine sahip y\u00fcksek mukavemetli ala\u015f\u0131ml\u0131 \u00e7elikten \u00fcretilmi\u015ftir ve zorlu \u00e7al\u0131\u015fma ortamlar\u0131nda istikrarl\u0131 performans sa\u011flar. Hassas i\u015fleme teknolojisi, kep\u00e7e di\u015fleri ile adapt\u00f6r aras\u0131nda s\u0131k\u0131 bir uyum sa\u011flayarak gev\u015fekli\u011fi ve a\u015f\u0131nmay\u0131 etkili bir \u015fekilde azalt\u0131r ve ekipman\u0131n kullan\u0131m \u00f6mr\u00fcn\u00fc uzat\u0131r.<\/span><\/p>\n<p><span style=\"color: #000000;\">Fabrikam\u0131z, her \u00fcr\u00fcn\u00fcn uluslararas\u0131 standartlara uygun olmas\u0131n\u0131 sa\u011flamak i\u00e7in geli\u015fmi\u015f CNC i\u015fleme ekipmanlar\u0131na ve s\u0131k\u0131 bir kalite y\u00f6netim sistemine sahiptir. \u0130ster standart bir adapt\u00f6re ister \u00f6zelle\u015ftirilmi\u015f bir \u00fcr\u00fcne ihtiyac\u0131n\u0131z olsun, GFM ihtiya\u00e7lar\u0131n\u0131za h\u0131zl\u0131 bir \u015fekilde yan\u0131t verebilir ve size verimli ve g\u00fcvenilir \u00e7\u00f6z\u00fcmler sunabilir.<\/span><\/p>\n<h3><span style=\"color: #ff6600;\">\u00dcr\u00fcn A\u00e7\u0131klamas\u0131<\/span><\/h3>\n<ul>\n<li><span style=\"color: #000000;\"><strong>Minimum Sipari\u015f Adedi:<\/strong>\u00a01 Bilgisayar<\/span><\/li>\n<li><span style=\"color: #000000;\"><strong>\u00d6deme y\u00f6ntemi:<\/strong>\u00a0T\/T<\/span><\/li>\n<li><span style=\"color: #000000;\"><strong>Marka:<\/strong>\u00a0GFM<\/span><\/li>\n<li><span style=\"color: #000000;\"><strong>Durum:<\/strong>\u00a0Yeni<\/span><\/li>\n<li><span style=\"color: #000000;\"><strong>Renk:<\/strong>\u00a0Sar\u0131, Siyah veya \u00d6zelle\u015ftirilmi\u015f<\/span><\/li>\n<li><span style=\"color: #000000;\"><strong>Kur\u015fun zaman\u0131:<\/strong>\u00a030 g\u00fcn<\/span><\/li>\n<li><span style=\"color: #000000;\"><strong>Garanti:<\/strong>\u00a01 Y\u0131l<\/span><\/li>\n<li><span style=\"color: #000000;\"><strong>Hizmet:<\/strong>\u00a0OEM veya ODM<\/span><\/li>\n<li><span style=\"color: #000000;\"><strong>Men\u015fei Yeri:<\/strong>\u00a0Fujian, \u00c7in<\/span><\/li>\n<li><span style=\"color: #000000;\"><strong>Ba\u015fvuru:<\/strong> Ekskavat\u00f6r<\/span><\/li>\n<li><span style=\"color: #000000;\"><strong>Paketleme:<\/strong>\u00a0Standart \u0130hracat Ah\u015fap Palet<\/span><\/li>\n<\/ul>\n<p style=\"text-align: center;\"><img fetchpriority=\"high\" decoding=\"async\" class=\"alignnone wp-image-3857\" src=\"https:\/\/gfmparts.com\/wp-content\/uploads\/2025\/01\/Excavator-Bucket-Tooth-Adapter.png\" alt=\"Ekskavat\u00f6r Kova Di\u015f Adapt\u00f6r\u00fc\" width=\"529\" height=\"529\" \/><\/p>\n<h3><span style=\"color: #ff6600;\">\u00d6zellikler<\/span><\/h3>\n<ul>\n<li><b><\/b><span style=\"color: #000000;\"><strong><b>Y\u00fcksek Mukavemetli Malzeme: <\/b><\/strong>A\u015f\u0131r\u0131 stres ve a\u015f\u0131nmaya dayan\u0131kl\u0131 birinci s\u0131n\u0131f \u00e7elikten \u00fcretilmi\u015ftir.<\/span><\/li>\n<li><span style=\"color: #000000;\"><b><\/b><strong><b>Hassas Uyum: <\/b><\/strong>Kep\u00e7e di\u015flerini g\u00fcvenli bir \u015fekilde tutarak istikrarl\u0131 ve verimli bir performans sa\u011flar.<\/span><\/li>\n<li><span style=\"color: #000000;\"><b><\/b><strong><b>Geli\u015fmi\u015f Dayan\u0131kl\u0131l\u0131k: <\/b><\/strong>Kova a\u011fz\u0131ndaki a\u015f\u0131nmay\u0131 azaltmak i\u00e7in stresi e\u015fit \u015fekilde da\u011f\u0131t\u0131r.<\/span><\/li>\n<li><span style=\"color: #000000;\"><b><\/b><strong><b>Korozyon Direnci: <\/b><\/strong>Paslanmaya ve zorlu \u00e7evre ko\u015fullar\u0131na dayan\u0131kl\u0131 olacak \u015fekilde i\u015flenmi\u015ftir.<\/span><\/li>\n<li><span style=\"color: #000000;\"><b><\/b><strong><b>H\u0131zl\u0131 Kurulum: <\/b><\/strong>Kurulumu ve de\u011fi\u015fimi kolayd\u0131r, kesinti s\u00fcresini en aza indirir.<\/span><\/li>\n<li><span style=\"color: #000000;\"><b><\/b><strong><b>Geni\u015f Uyumluluk: <\/b><\/strong>Caterpillar, Komatsu, Hitachi, Volvo gibi b\u00fcy\u00fck markalar\u0131n kullan\u0131m\u0131na uygun olarak tasarlanm\u0131\u015ft\u0131r.<\/span><\/li>\n<li><span style=\"color: #000000;\"><b><\/b><strong><b>Optimize Edilmi\u015f Tasar\u0131m: <\/b><\/strong>Kazma verimlili\u011fini art\u0131r\u0131r ve operasyon s\u0131ras\u0131nda di\u015flerin sa\u011flam bir \u015fekilde yerinde kalmas\u0131n\u0131 sa\u011flar.<\/span><b><\/b><\/li>\n<\/ul>\n<h3><span style=\"color: #ff6600;\">\u00d6zellikler<\/span><\/h3>\n<p style=\"text-align: center;\"><img decoding=\"async\" class=\"alignnone size-full wp-image-3270\" src=\"https:\/\/gfmparts.com\/wp-content\/uploads\/2025\/01\/bucket-teeth-adapter-models.png\" alt=\"kep\u00e7e di\u015fli adapt\u00f6r modelleri\" width=\"827\" height=\"313\" srcset=\"https:\/\/gfmparts.com\/wp-content\/uploads\/2025\/01\/bucket-teeth-adapter-models.png 827w, https:\/\/gfmparts.com\/wp-content\/uploads\/2025\/01\/bucket-teeth-adapter-models-300x114.png 300w, https:\/\/gfmparts.com\/wp-content\/uploads\/2025\/01\/bucket-teeth-adapter-models-768x291.png 768w, https:\/\/gfmparts.com\/wp-content\/uploads\/2025\/01\/bucket-teeth-adapter-models-600x227.png 600w\" sizes=\"(max-width: 827px) 100vw, 827px\" \/><\/p>\n<h3><span style=\"color: #ff6600;\">\u00dcr\u00fcn Modelleri<\/span><\/h3>\n<p style=\"text-align: center;\"><img decoding=\"async\" class=\"alignnone size-full wp-image-3147\" src=\"https:\/\/gfmparts.com\/wp-content\/uploads\/2024\/11\/excavator-part-description-e1735350735761.png\" alt=\"ekskavat\u00f6r par\u00e7a a\u00e7\u0131klamas\u0131\" width=\"856\" height=\"694\" srcset=\"https:\/\/gfmparts.com\/wp-content\/uploads\/2024\/11\/excavator-part-description-e1735350735761.png 856w, https:\/\/gfmparts.com\/wp-content\/uploads\/2024\/11\/excavator-part-description-e1735350735761-300x243.png 300w, https:\/\/gfmparts.com\/wp-content\/uploads\/2024\/11\/excavator-part-description-e1735350735761-768x623.png 768w, https:\/\/gfmparts.com\/wp-content\/uploads\/2024\/11\/excavator-part-description-e1735350735761-600x486.png 600w\" sizes=\"(max-width: 856px) 100vw, 856px\" \/><\/p>\n<h3><span style=\"color: #ff6600;\">\u00dcretim S\u00fcreci<\/span><\/h3>\n<p><img loading=\"lazy\" decoding=\"async\" class=\"size-large wp-image-3043 aligncenter\" src=\"https:\/\/gfmparts.com\/wp-content\/uploads\/2024\/12\/\u901a\u7528\u751f\u4ea7\u6d41\u7a0b-1-1024x648.jpg\" alt=\"ekskavat\u00f6r par\u00e7a \u00fcretim s\u00fcreci\" width=\"1024\" height=\"648\" srcset=\"\" sizes=\"(max-width: 1024px) 100vw, 1024px\" data-srcset=\"\" \/><\/p>\n<h3><span style=\"color: #ff6600;\">Paketleme ve Nakliye<\/span><\/h3>\n<p style=\"text-align: center;\"><img loading=\"lazy\" decoding=\"async\" class=\"alignnone size-large wp-image-6521\" src=\"https:\/\/gfmparts.com\/wp-content\/uploads\/2025\/05\/Packaging-and-Shipping-1-1-1024x648.jpg\" alt=\"Paketleme ve Nakliye\" width=\"1024\" height=\"648\" srcset=\"https:\/\/gfmparts.com\/wp-content\/uploads\/2025\/05\/Packaging-and-Shipping-1-1-1024x648.jpg 1024w, https:\/\/gfmparts.com\/wp-content\/uploads\/2025\/05\/Packaging-and-Shipping-1-1-300x190.jpg 300w, https:\/\/gfmparts.com\/wp-content\/uploads\/2025\/05\/Packaging-and-Shipping-1-1-768x486.jpg 768w, https:\/\/gfmparts.com\/wp-content\/uploads\/2025\/05\/Packaging-and-Shipping-1-1-1536x973.jpg 1536w, https:\/\/gfmparts.com\/wp-content\/uploads\/2025\/05\/Packaging-and-Shipping-1-1-2048x1297.jpg 2048w, https:\/\/gfmparts.com\/wp-content\/uploads\/2025\/05\/Packaging-and-Shipping-1-1-600x380.jpg 600w\" sizes=\"(max-width: 1024px) 100vw, 1024px\" \/><\/p>\n<h3><span style=\"color: #ff6600;\">Fabrika Avantajlar\u0131<\/span><\/h3>\n<p><span style=\"color: #000000;\">GFM g\u00fcvenilir bir <a style=\"color: #000000;\" href=\"https:\/\/gfmparts.com\/tr\/product\/en-iyi-ekskavator-kepce-burcu-ureticisi\/\">ekskavat\u00f6r kep\u00e7e di\u015fi tedarik\u00e7isi<\/a>M\u00fc\u015fterilerimize y\u00fcksek performansl\u0131 ekskavat\u00f6r kep\u00e7e di\u015fi \u00fcr\u00fcnleri sunmaya kendini adam\u0131\u015ft\u0131r. Kep\u00e7e di\u015flerimiz y\u00fcksek kaliteli malzemelerden \u00fcretilmi\u015f olup, \u00fcst\u00fcn a\u015f\u0131nma ve darbe direncine sahip \u00f6zel \u0131s\u0131l i\u015flem s\u00fcre\u00e7lerinden ge\u00e7mi\u015ftir. Toprak i\u015fleri, madencilik veya di\u011fer karma\u015f\u0131k \u00e7al\u0131\u015fma ko\u015fullar\u0131 olsun, kep\u00e7e di\u015flerimiz verimli kaz\u0131 olanaklar\u0131 sunabilir ve in\u015faat verimlili\u011fini art\u0131rmaya yard\u0131mc\u0131 olabilir.<\/span><\/p>\n<p><strong><span style=\"color: #000000;\">Fabrikam\u0131z\u0131n avantajlar\u0131 temel rekabet g\u00fcc\u00fcm\u00fczd\u00fcr:<\/span><\/strong><\/p>\n<ul>\n<li><span style=\"color: #000000;\"><strong>Kapsaml\u0131 \u00fcretim kapasitesi:<\/strong> farkl\u0131 markalardaki ekskavat\u00f6rlerin adaptasyon ihtiya\u00e7lar\u0131n\u0131 kar\u015f\u0131lamak i\u00e7in \u00e7e\u015fitli ekskavat\u00f6r kep\u00e7e di\u015fleri ve aksesuarlar\u0131n\u0131n model ve \u00f6zelliklerini kapsar.<\/span><\/li>\n<li><span style=\"color: #000000;\"><strong>OEM\/ODM hizmeti:<\/strong> \u00f6zel proje gereksinimlerinizi kar\u015f\u0131lamak i\u00e7in m\u00fc\u015fteri \u00e7izimlerine veya numunelerine g\u00f6re \u00f6zelle\u015ftirmeyi destekler.<\/span><\/li>\n<li><span style=\"color: #000000;\"><strong>Zengin sekt\u00f6r deneyimi:<\/strong> On y\u0131l\u0131 a\u015fk\u0131n \u00fcretim ve ihracat deneyimimiz, k\u00fcresel pazar\u0131n ihtiya\u00e7lar\u0131n\u0131 daha iyi anlamam\u0131z\u0131 sa\u011fl\u0131yor.<\/span><\/li>\n<\/ul>\n<p><span style=\"color: #000000;\">GFM&#039;i tercih edin, ekipman\u0131n\u0131z\u0131n verimli bir \u015fekilde \u00e7al\u0131\u015fmaya devam etmesine yard\u0131mc\u0131 olacak g\u00fcvenilir kalite g\u00fcvencesi ve profesyonel teknik destekten yararlan\u0131n.<\/span><\/p>\n<p style=\"text-align: center;\"><span style=\"color: #000000;\"><img loading=\"lazy\" decoding=\"async\" class=\"alignnone wp-image-2159\" src=\"https:\/\/gfmparts.com\/wp-content\/uploads\/2024\/12\/\u5fae\u4fe1\u56fe\u7247_20241202160325-1024x576.jpg\" alt=\"ta\u015f\u0131y\u0131c\u0131 silindir \u00fcreticisi\" width=\"767\" height=\"431\" srcset=\"\" sizes=\"(max-width: 767px) 100vw, 767px\" data-srcset=\"\" \/><\/span><\/p>","protected":false},"excerpt":{"rendered":"<ul>\n<li><span style=\"color: #000000;\">\u00dcr\u00fcn Kalitesi Garantili<\/span><\/li>\n<li><span style=\"color: #000000;\">B\u00fcy\u00fck Tedarik<\/span><\/li>\n<li><span style=\"color: #000000;\">Rekabet\u00e7i Fiyatland\u0131rma<\/span><\/li>\n<li><span style=\"color: #000000;\">\u00c7o\u011fu Marka ve Model<\/span><\/li>\n<li><span style=\"color: #000000;\">Yard\u0131msever M\u00fc\u015fteri Hizmetleri Ekibi<\/span><\/li>\n<li><span style=\"color: #000000;\">Profesyonel Teknik Destek<\/span><\/li>\n<\/ul>","protected":false},"featured_media":3590,"template":"","meta":{"site-sidebar-layout":"default","site-content-layout":"","ast-site-content-layout":"default","site-content-style":"default","site-sidebar-style":"default","ast-global-header-display":"","ast-banner-title-visibility":"","ast-main-header-display":"","ast-hfb-above-header-display":"","ast-hfb-below-header-display":"","ast-hfb-mobile-header-display":"","site-post-title":"","ast-breadcrumbs-content":"","ast-featured-img":"","footer-sml-layout":"","theme-transparent-header-meta":"default","adv-header-id-meta":"","stick-header-meta":"default","header-above-stick-meta":"","header-main-stick-meta":"","header-below-stick-meta":"","astra-migrate-meta-layouts":"set","ast-page-background-enabled":"default","ast-page-background-meta":{"desktop":{"background-color":"","background-image":"","background-repeat":"repeat","background-position":"center center","background-size":"auto","background-attachment":"scroll","background-type":"","background-media":"","overlay-type":"","overlay-color":"","overlay-opacity":"","overlay-gradient":""},"tablet":{"background-color":"","background-image":"","background-repeat":"repeat","background-position":"center center","background-size":"auto","background-attachment":"scroll","background-type":"","background-media":"","overlay-type":"","overlay-color":"","overlay-opacity":"","overlay-gradient":""},"mobile":{"background-color":"","background-image":"","background-repeat":"repeat","background-position":"center center","background-size":"auto","background-attachment":"scroll","background-type":"","background-media":"","overlay-type":"","overlay-color":"","overlay-opacity":"","overlay-gradient":""}},"ast-content-background-meta":{"desktop":{"background-color":"var(--ast-global-color-5)","background-image":"","background-repeat":"repeat","background-position":"center center","background-size":"auto","background-attachment":"scroll","background-type":"","background-media":"","overlay-type":"","overlay-color":"","overlay-opacity":"","overlay-gradient":""},"tablet":{"background-color":"var(--ast-global-color-5)","background-image":"","background-repeat":"repeat","background-position":"center center","background-size":"auto","background-attachment":"scroll","background-type":"","background-media":"","overlay-type":"","overlay-color":"","overlay-opacity":"","overlay-gradient":""},"mobile":{"background-color":"var(--ast-global-color-5)","background-image":"","background-repeat":"repeat","background-position":"center center","background-size":"auto","background-attachment":"scroll","background-type":"","background-media":"","overlay-type":"","overlay-color":"","overlay-opacity":"","overlay-gradient":""}}},"product_cat":[27,34],"product_tag":[],"class_list":{"0":"post-3266","1":"product","2":"type-product","3":"status-publish","4":"has-post-thumbnail","6":"product_cat-parts","7":"product_cat-bucket-teeth","8":"desktop-align-left","9":"tablet-align-left","10":"mobile-align-left","11":"ast-product-gallery-layout-horizontal-slider","12":"ast-product-gallery-with-no-image","13":"ast-product-tabs-layout-horizontal","15":"first","16":"instock","17":"shipping-taxable","18":"product-type-simple"},"yoast_head":"<!-- This site is optimized with the Yoast SEO Premium plugin v22.8 (Yoast SEO v23.9) - https:\/\/yoast.com\/wordpress\/plugins\/seo\/ -->\n<title>Bucket Tooth Adapter - GFM Excavator Bucket Teeth Supplier<\/title>\n<meta name=\"description\" content=\"As a professional excavator parts manufacturer, GFM provides you with high-quality excavator bucket tooth adapters designed for various types of excavators.\" \/>\n<meta name=\"robots\" content=\"index, follow, max-snippet:-1, max-image-preview:large, max-video-preview:-1\" \/>\n<link rel=\"canonical\" href=\"https:\/\/gfmparts.com\/tr\/product\/ekskavator-kepce-dis-adaptoru-tedarikcisi\/\" \/>\n<meta property=\"og:locale\" content=\"tr_TR\" \/>\n<meta property=\"og:type\" content=\"article\" \/>\n<meta property=\"og:title\" content=\"Excavator Bucket Tooth Adapter Supplier\" \/>\n<meta property=\"og:description\" content=\"As a professional excavator parts manufacturer, GFM provides you with high-quality excavator bucket tooth adapters designed for various types of excavators.\" \/>\n<meta property=\"og:url\" content=\"https:\/\/gfmparts.com\/tr\/product\/ekskavator-kepce-dis-adaptoru-tedarikcisi\/\" \/>\n<meta property=\"article:publisher\" content=\"https:\/\/www.facebook.com\/gfmparts\" \/>\n<meta property=\"article:modified_time\" content=\"2025-05-16T09:47:54+00:00\" \/>\n<meta property=\"og:image\" content=\"https:\/\/gfmparts.com\/wp-content\/uploads\/2025\/01\/Bucket-Tooth-Adapter-3.png\" \/>\n\t<meta property=\"og:image:width\" content=\"1280\" \/>\n\t<meta property=\"og:image:height\" content=\"1280\" \/>\n\t<meta property=\"og:image:type\" content=\"image\/png\" \/>\n<meta name=\"twitter:card\" content=\"summary_large_image\" \/>\n<meta name=\"twitter:label1\" content=\"Tahmini okuma s\u00fcresi\" \/>\n\t<meta name=\"twitter:data1\" content=\"3 dakika\" \/>\n<script type=\"application\/ld+json\" class=\"yoast-schema-graph\">{\"@context\":\"https:\/\/schema.org\",\"@graph\":[{\"@type\":\"WebPage\",\"@id\":\"https:\/\/gfmparts.com\/product\/excavator-bucket-tooth-adapter-supplier\/\",\"url\":\"https:\/\/gfmparts.com\/product\/excavator-bucket-tooth-adapter-supplier\/\",\"name\":\"Bucket Tooth Adapter - GFM Excavator Bucket Teeth Supplier\",\"isPartOf\":{\"@id\":\"https:\/\/gfmparts.com\/#website\"},\"primaryImageOfPage\":{\"@id\":\"https:\/\/gfmparts.com\/product\/excavator-bucket-tooth-adapter-supplier\/#primaryimage\"},\"image\":{\"@id\":\"https:\/\/gfmparts.com\/product\/excavator-bucket-tooth-adapter-supplier\/#primaryimage\"},\"thumbnailUrl\":\"https:\/\/gfmparts.com\/wp-content\/uploads\/2025\/01\/Bucket-Tooth-Adapter-3.png\",\"datePublished\":\"2025-01-10T06:32:03+00:00\",\"dateModified\":\"2025-05-16T09:47:54+00:00\",\"description\":\"As a professional excavator parts manufacturer, GFM provides you with high-quality excavator bucket tooth adapters designed for various types of excavators.\",\"breadcrumb\":{\"@id\":\"https:\/\/gfmparts.com\/product\/excavator-bucket-tooth-adapter-supplier\/#breadcrumb\"},\"inLanguage\":\"tr\",\"potentialAction\":[{\"@type\":\"ReadAction\",\"target\":[\"https:\/\/gfmparts.com\/product\/excavator-bucket-tooth-adapter-supplier\/\"]}]},{\"@type\":\"ImageObject\",\"inLanguage\":\"tr\",\"@id\":\"https:\/\/gfmparts.com\/product\/excavator-bucket-tooth-adapter-supplier\/#primaryimage\",\"url\":\"https:\/\/gfmparts.com\/wp-content\/uploads\/2025\/01\/Bucket-Tooth-Adapter-3.png\",\"contentUrl\":\"https:\/\/gfmparts.com\/wp-content\/uploads\/2025\/01\/Bucket-Tooth-Adapter-3.png\",\"width\":1280,\"height\":1280,\"caption\":\"Bucket Tooth Adapter\"},{\"@type\":\"BreadcrumbList\",\"@id\":\"https:\/\/gfmparts.com\/product\/excavator-bucket-tooth-adapter-supplier\/#breadcrumb\",\"itemListElement\":[{\"@type\":\"ListItem\",\"position\":1,\"name\":\"\u9996\u9875\",\"item\":\"https:\/\/gfmparts.com\/\"},{\"@type\":\"ListItem\",\"position\":2,\"name\":\"All Product\",\"item\":\"https:\/\/gfmparts.com\/all-product\/\"},{\"@type\":\"ListItem\",\"position\":3,\"name\":\"Excavator Bucket Tooth Adapter Supplier\"}]},{\"@type\":\"WebSite\",\"@id\":\"https:\/\/gfmparts.com\/#website\",\"url\":\"https:\/\/gfmparts.com\/\",\"name\":\"GFM PARTS\",\"description\":\"GFM since 2011 focused on excavator and bulldozer undercarriage parts manufacturing :Track rollers,carrier roller,idler,sprocket,track group,bucket tooth pin.\",\"publisher\":{\"@id\":\"https:\/\/gfmparts.com\/#organization\"},\"alternateName\":\"gfmparts.com\",\"potentialAction\":[{\"@type\":\"SearchAction\",\"target\":{\"@type\":\"EntryPoint\",\"urlTemplate\":\"https:\/\/gfmparts.com\/?s={search_term_string}\"},\"query-input\":{\"@type\":\"PropertyValueSpecification\",\"valueRequired\":true,\"valueName\":\"search_term_string\"}}],\"inLanguage\":\"tr\"},{\"@type\":\"Organization\",\"@id\":\"https:\/\/gfmparts.com\/#organization\",\"name\":\"GFM PARTS\",\"url\":\"https:\/\/gfmparts.com\/\",\"logo\":{\"@type\":\"ImageObject\",\"inLanguage\":\"tr\",\"@id\":\"https:\/\/gfmparts.com\/#\/schema\/logo\/image\/\",\"url\":\"https:\/\/gfmparts.com\/wp-content\/uploads\/2024\/11\/cropped-GFMparts.com_-2.png\",\"contentUrl\":\"https:\/\/gfmparts.com\/wp-content\/uploads\/2024\/11\/cropped-GFMparts.com_-2.png\",\"width\":5987,\"height\":2564,\"caption\":\"GFM PARTS\"},\"image\":{\"@id\":\"https:\/\/gfmparts.com\/#\/schema\/logo\/image\/\"},\"sameAs\":[\"https:\/\/www.facebook.com\/gfmparts\",\"https:\/\/www.linkedin.com\/company\/gfmparts\/\",\"https:\/\/www.tiktok.com\/@gfmparts\",\"https:\/\/www.youtube.com\/@GFMparts\/featured\"]}]}<\/script>\n<!-- \/ Yoast SEO Premium plugin. -->","yoast_head_json":{"title":"Bucket Tooth Adapter - GFM Excavator Bucket Teeth Supplier","description":"As a professional excavator parts manufacturer, GFM provides you with high-quality excavator bucket tooth adapters designed for various types of excavators.","robots":{"index":"index","follow":"follow","max-snippet":"max-snippet:-1","max-image-preview":"max-image-preview:large","max-video-preview":"max-video-preview:-1"},"canonical":"https:\/\/gfmparts.com\/tr\/product\/ekskavator-kepce-dis-adaptoru-tedarikcisi\/","og_locale":"tr_TR","og_type":"article","og_title":"Excavator Bucket Tooth Adapter Supplier","og_description":"As a professional excavator parts manufacturer, GFM provides you with high-quality excavator bucket tooth adapters designed for various types of excavators.","og_url":"https:\/\/gfmparts.com\/tr\/product\/ekskavator-kepce-dis-adaptoru-tedarikcisi\/","article_publisher":"https:\/\/www.facebook.com\/gfmparts","article_modified_time":"2025-05-16T09:47:54+00:00","og_image":[{"width":1280,"height":1280,"url":"https:\/\/gfmparts.com\/wp-content\/uploads\/2025\/01\/Bucket-Tooth-Adapter-3.png","type":"image\/png"}],"twitter_card":"summary_large_image","twitter_misc":{"Tahmini okuma s\u00fcresi":"3 dakika"},"schema":{"@context":"https:\/\/schema.org","@graph":[{"@type":"WebPage","@id":"https:\/\/gfmparts.com\/product\/excavator-bucket-tooth-adapter-supplier\/","url":"https:\/\/gfmparts.com\/product\/excavator-bucket-tooth-adapter-supplier\/","name":"Bucket Tooth Adapter - GFM Excavator Bucket Teeth Supplier","isPartOf":{"@id":"https:\/\/gfmparts.com\/#website"},"primaryImageOfPage":{"@id":"https:\/\/gfmparts.com\/product\/excavator-bucket-tooth-adapter-supplier\/#primaryimage"},"image":{"@id":"https:\/\/gfmparts.com\/product\/excavator-bucket-tooth-adapter-supplier\/#primaryimage"},"thumbnailUrl":"https:\/\/gfmparts.com\/wp-content\/uploads\/2025\/01\/Bucket-Tooth-Adapter-3.png","datePublished":"2025-01-10T06:32:03+00:00","dateModified":"2025-05-16T09:47:54+00:00","description":"As a professional excavator parts manufacturer, GFM provides you with high-quality excavator bucket tooth adapters designed for various types of excavators.","breadcrumb":{"@id":"https:\/\/gfmparts.com\/product\/excavator-bucket-tooth-adapter-supplier\/#breadcrumb"},"inLanguage":"tr","potentialAction":[{"@type":"ReadAction","target":["https:\/\/gfmparts.com\/product\/excavator-bucket-tooth-adapter-supplier\/"]}]},{"@type":"ImageObject","inLanguage":"tr","@id":"https:\/\/gfmparts.com\/product\/excavator-bucket-tooth-adapter-supplier\/#primaryimage","url":"https:\/\/gfmparts.com\/wp-content\/uploads\/2025\/01\/Bucket-Tooth-Adapter-3.png","contentUrl":"https:\/\/gfmparts.com\/wp-content\/uploads\/2025\/01\/Bucket-Tooth-Adapter-3.png","width":1280,"height":1280,"caption":"Bucket Tooth Adapter"},{"@type":"BreadcrumbList","@id":"https:\/\/gfmparts.com\/product\/excavator-bucket-tooth-adapter-supplier\/#breadcrumb","itemListElement":[{"@type":"ListItem","position":1,"name":"\u9996\u9875","item":"https:\/\/gfmparts.com\/"},{"@type":"ListItem","position":2,"name":"All Product","item":"https:\/\/gfmparts.com\/all-product\/"},{"@type":"ListItem","position":3,"name":"Excavator Bucket Tooth Adapter Supplier"}]},{"@type":"WebSite","@id":"https:\/\/gfmparts.com\/#website","url":"https:\/\/gfmparts.com\/","name":"GFM PARTS","description":"GFM since 2011 focused on excavator and bulldozer undercarriage parts manufacturing :Track rollers,carrier roller,idler,sprocket,track group,bucket tooth pin.","publisher":{"@id":"https:\/\/gfmparts.com\/#organization"},"alternateName":"gfmparts.com","potentialAction":[{"@type":"SearchAction","target":{"@type":"EntryPoint","urlTemplate":"https:\/\/gfmparts.com\/?s={search_term_string}"},"query-input":{"@type":"PropertyValueSpecification","valueRequired":true,"valueName":"search_term_string"}}],"inLanguage":"tr"},{"@type":"Organization","@id":"https:\/\/gfmparts.com\/#organization","name":"GFM PARTS","url":"https:\/\/gfmparts.com\/","logo":{"@type":"ImageObject","inLanguage":"tr","@id":"https:\/\/gfmparts.com\/#\/schema\/logo\/image\/","url":"https:\/\/gfmparts.com\/wp-content\/uploads\/2024\/11\/cropped-GFMparts.com_-2.png","contentUrl":"https:\/\/gfmparts.com\/wp-content\/uploads\/2024\/11\/cropped-GFMparts.com_-2.png","width":5987,"height":2564,"caption":"GFM PARTS"},"image":{"@id":"https:\/\/gfmparts.com\/#\/schema\/logo\/image\/"},"sameAs":["https:\/\/www.facebook.com\/gfmparts","https:\/\/www.linkedin.com\/company\/gfmparts\/","https:\/\/www.tiktok.com\/@gfmparts","https:\/\/www.youtube.com\/@GFMparts\/featured"]}]}},"_links":{"self":[{"href":"https:\/\/gfmparts.com\/tr\/wp-json\/wp\/v2\/product\/3266"}],"collection":[{"href":"https:\/\/gfmparts.com\/tr\/wp-json\/wp\/v2\/product"}],"about":[{"href":"https:\/\/gfmparts.com\/tr\/wp-json\/wp\/v2\/types\/product"}],"wp:featuredmedia":[{"embeddable":true,"href":"https:\/\/gfmparts.com\/tr\/wp-json\/wp\/v2\/media\/3590"}],"wp:attachment":[{"href":"https:\/\/gfmparts.com\/tr\/wp-json\/wp\/v2\/media?parent=3266"}],"wp:term":[{"taxonomy":"product_cat","embeddable":true,"href":"https:\/\/gfmparts.com\/tr\/wp-json\/wp\/v2\/product_cat?post=3266"},{"taxonomy":"product_tag","embeddable":true,"href":"https:\/\/gfmparts.com\/tr\/wp-json\/wp\/v2\/product_tag?post=3266"}],"curies":[{"name":"wp","href":"https:\/\/api.w.org\/{rel}","templated":true}]}}