{"id":3283,"date":"2025-01-13T06:01:59","date_gmt":"2025-01-13T06:01:59","guid":{"rendered":"https:\/\/gfmparts.com\/?post_type=product&#038;p=3283"},"modified":"2025-05-16T09:34:17","modified_gmt":"2025-05-16T09:34:17","slug":"excavator-track-link-assy-factory","status":"publish","type":"product","link":"https:\/\/gfmparts.com\/tr\/product\/ekskavator-palet-baglanti-tertibati-fabrikasi\/","title":{"rendered":"SY365 Ekskavat\u00f6r Palet Ba\u011flant\u0131s\u0131 Tertibat\u0131 Fabrikas\u0131"},"content":{"rendered":"<p><span style=\"color: #000000;\">GFM <a style=\"color: #000000;\" href=\"https:\/\/gfmparts.com\/tr\/product\/ekskavator-palet-zinciri-ureticileri-tedarik-ediyor\/\">ekskavat\u00f6r zincir ba\u011flant\u0131s\u0131<\/a> Y\u00fcksek mukavemetli ala\u015f\u0131ml\u0131 \u00e7elikten \u00fcretilen palet zincirimiz, m\u00fckemmel a\u015f\u0131nma ve darbe direnci sa\u011flamak i\u00e7in hassas bir \u015fekilde i\u015flenmi\u015f ve \u0131s\u0131l i\u015fleme tabi tutulmu\u015ftur. Sert kaya, toprak veya karma\u015f\u0131k \u015fantiye ortamlar\u0131nda bile palet zincirimiz istikrarl\u0131 bir performans sunar. \u00dcr\u00fcn tasar\u0131m\u0131m\u0131z, bak\u0131m maliyetlerini d\u00fc\u015f\u00fcrmeye, hizmet \u00f6mr\u00fcn\u00fc uzatmaya ve makinelerin genel \u00e7al\u0131\u015fma verimlili\u011fini art\u0131rmaya odaklan\u0131r. GFM <a style=\"color: #000000;\" href=\"https:\/\/gfmparts.com\/tr\/product\/buldozer-palet-zinciri-ureticisi\/\">par\u00e7a ba\u011flant\u0131 tertibat\u0131<\/a> sadece standart ekskavat\u00f6rler i\u00e7in uygun olmakla kalmay\u0131p, ayn\u0131 zamanda \u00e7e\u015fitli ki\u015fiselle\u015ftirilmi\u015f ihtiya\u00e7lar\u0131 kar\u015f\u0131lamak \u00fczere m\u00fc\u015fteri ihtiya\u00e7lar\u0131na g\u00f6re \u00f6zelle\u015ftirilebilir.<\/span><\/p>\n<h3><span style=\"color: #ff6600;\">\u00dcr\u00fcn A\u00e7\u0131klamas\u0131<\/span><\/h3>\n<ul>\n<li><span style=\"color: #000000;\"><strong>Teknik:<\/strong> D\u00f6vme\u00a0<\/span><\/li>\n<li><span style=\"color: #000000;\"><strong>Hammadde: <\/strong>35MnBH\/40Mn2<\/span><\/li>\n<li><span style=\"color: #000000;\"><strong>Minimum Sipari\u015f Adedi:<\/strong> 1 Bilgisayar<\/span><\/li>\n<li><span style=\"color: #000000;\"><strong>\u00d6deme y\u00f6ntemi:<\/strong> T\/T<\/span><\/li>\n<li><span style=\"color: #000000;\"><strong>Marka:<\/strong> GFM<\/span><\/li>\n<li><span style=\"color: #000000;\"><strong>Durum:<\/strong> Yeni<\/span><\/li>\n<li><span style=\"color: #000000;\"><strong>Renk:<\/strong> Sar\u0131, Siyah veya \u00d6zelle\u015ftirilmi\u015f<\/span><\/li>\n<li><span style=\"color: #000000;\"><strong>Kur\u015fun zaman\u0131:<\/strong> 30 g\u00fcn<\/span><\/li>\n<li><span style=\"color: #000000;\"><strong>Garanti:<\/strong> 1 Y\u0131l<\/span><\/li>\n<li><span style=\"color: #000000;\"><strong>Hizmet:<\/strong> OEM veya ODM<\/span><\/li>\n<li><span style=\"color: #000000;\"><strong>Men\u015fei Yeri:<\/strong> Fujian, \u00c7in<\/span><\/li>\n<li><span style=\"color: #000000;\"><strong>Ba\u015fvuru:<\/strong> Ekskavat\u00f6r<\/span><\/li>\n<li><span style=\"color: #000000;\"><strong>Paketleme:<\/strong> Standart \u0130hracat Ah\u015fap Palet<\/span><\/li>\n<\/ul>\n<p style=\"text-align: center;\"><img fetchpriority=\"high\" decoding=\"async\" class=\"alignnone wp-image-3286\" src=\"https:\/\/gfmparts.com\/wp-content\/uploads\/2025\/01\/SY365-2-768x1024.jpg\" alt=\"\" width=\"356\" height=\"474\" srcset=\"https:\/\/gfmparts.com\/wp-content\/uploads\/2025\/01\/SY365-2-768x1024.jpg 768w, https:\/\/gfmparts.com\/wp-content\/uploads\/2025\/01\/SY365-2-225x300.jpg 225w, https:\/\/gfmparts.com\/wp-content\/uploads\/2025\/01\/SY365-2-1152x1536.jpg 1152w, https:\/\/gfmparts.com\/wp-content\/uploads\/2025\/01\/SY365-2-1536x2048.jpg 1536w, https:\/\/gfmparts.com\/wp-content\/uploads\/2025\/01\/SY365-2-600x800.jpg 600w, https:\/\/gfmparts.com\/wp-content\/uploads\/2025\/01\/SY365-2-scaled.jpg 1920w\" sizes=\"(max-width: 356px) 100vw, 356px\" \/> \u00a0<img decoding=\"async\" class=\"alignnone wp-image-3287\" src=\"https:\/\/gfmparts.com\/wp-content\/uploads\/2025\/01\/SY365-768x1024.jpg\" alt=\"\" width=\"356\" height=\"474\" srcset=\"https:\/\/gfmparts.com\/wp-content\/uploads\/2025\/01\/SY365-768x1024.jpg 768w, https:\/\/gfmparts.com\/wp-content\/uploads\/2025\/01\/SY365-225x300.jpg 225w, https:\/\/gfmparts.com\/wp-content\/uploads\/2025\/01\/SY365-1152x1536.jpg 1152w, https:\/\/gfmparts.com\/wp-content\/uploads\/2025\/01\/SY365-1536x2048.jpg 1536w, https:\/\/gfmparts.com\/wp-content\/uploads\/2025\/01\/SY365-600x800.jpg 600w, https:\/\/gfmparts.com\/wp-content\/uploads\/2025\/01\/SY365-scaled.jpg 1920w\" sizes=\"(max-width: 356px) 100vw, 356px\" \/><\/p>\n<h3><span style=\"color: #ff6600;\">\u00d6zellikler<\/span><\/h3>\n<ul>\n<li><b><\/b><span style=\"color: #000000;\"><strong><b>Y\u00fcksek Dayan\u0131kl\u0131l\u0131k<\/b><\/strong>\u2013 A\u011f\u0131r kullan\u0131ma dayan\u0131kl\u0131 birinci s\u0131n\u0131f ala\u015f\u0131ml\u0131 \u00e7elikten \u00fcretilmi\u015ftir.<\/span><\/li>\n<li><span style=\"color: #000000;\"><b><\/b><strong><b>M\u00fckemmel Uyum<\/b><\/strong>\u2013 Ba\u015fl\u0131ca ekskavat\u00f6r markalar\u0131yla kusursuz uyumluluk i\u00e7in hassas i\u015f\u00e7ilikle \u00fcretilmi\u015ftir.<\/span><\/li>\n<li><span style=\"color: #000000;\"><b><\/b><strong><b>Geli\u015ftirilmi\u015f G\u00fc\u00e7<\/b><\/strong>\u2013 \u00dcst\u00fcn sertlik ve a\u015f\u0131nma direnci i\u00e7in \u0131s\u0131l i\u015fleme tabi tutulmu\u015ftur.<\/span><\/li>\n<li><span style=\"color: #000000;\"><b><\/b><strong><b>Korozyona dayan\u0131kl\u0131<\/b><\/strong>\u2013 \u00d6zel kaplamas\u0131 zorlu ko\u015fullarda paslanmaya kar\u015f\u0131 koruma sa\u011flar.<\/span><\/li>\n<li><span style=\"color: #000000;\"><b><\/b><strong><b>Sorunsuz \u00c7al\u0131\u015fma<\/b><\/strong>\u2013 D\u00fc\u015f\u00fck s\u00fcrt\u00fcnmeli tasar\u0131m\u0131 sessiz ve verimli performans sa\u011flar.<\/span><\/li>\n<li><span style=\"color: #000000;\"><b><\/b><strong><b>H\u0131zl\u0131 Kurulum<\/b><\/strong>\u2013 Montaj\u0131 kolayd\u0131r, zamandan tasarruf sa\u011flar ve duru\u015f s\u00fcrelerini azalt\u0131r.<\/span><\/li>\n<\/ul>\n<h3><span style=\"color: #ff6600;\">\u00d6zellikler<\/span><\/h3>\n<p style=\"text-align: center;\"><img decoding=\"async\" class=\"alignnone size-large wp-image-2860\" src=\"https:\/\/gfmparts.com\/wp-content\/uploads\/2024\/11\/\u94fe\u6761\u6570\u636e\u56fe-2-1024x671.jpg\" alt=\"par\u00e7a ba\u011flant\u0131s\u0131 a\u00e7\u0131klamas\u0131\" width=\"1024\" height=\"671\" srcset=\"\" sizes=\"(max-width: 1024px) 100vw, 1024px\" data-srcset=\"\" \/><\/p>\n<h3><span style=\"color: #ff6600;\">\u00dcr\u00fcn Modelleri<\/span><\/h3>\n<p style=\"text-align: center;\"><img loading=\"lazy\" decoding=\"async\" class=\"alignnone size-full wp-image-3147\" src=\"https:\/\/gfmparts.com\/wp-content\/uploads\/2024\/11\/excavator-part-description-e1735350735761.png\" alt=\"ekskavat\u00f6r par\u00e7a a\u00e7\u0131klamas\u0131\" width=\"856\" height=\"694\" srcset=\"https:\/\/gfmparts.com\/wp-content\/uploads\/2024\/11\/excavator-part-description-e1735350735761.png 856w, https:\/\/gfmparts.com\/wp-content\/uploads\/2024\/11\/excavator-part-description-e1735350735761-300x243.png 300w, https:\/\/gfmparts.com\/wp-content\/uploads\/2024\/11\/excavator-part-description-e1735350735761-768x623.png 768w, https:\/\/gfmparts.com\/wp-content\/uploads\/2024\/11\/excavator-part-description-e1735350735761-600x486.png 600w\" sizes=\"(max-width: 856px) 100vw, 856px\" \/><\/p>\n<h3><span style=\"color: #ff6600;\">\u00dcretim S\u00fcreci<\/span><\/h3>\n<p style=\"text-align: center;\"><iframe title=\"YouTube video oynat\u0131c\u0131s\u0131\" src=\"https:\/\/www.youtube.com\/embed\/0MdGoauuqtc?si=qQfjAiRnGnq8PQ2B\" width=\"1000\" height=\"563\" frameborder=\"0\" allowfullscreen=\"allowfullscreen\"><\/iframe><\/p>\n<p><img loading=\"lazy\" decoding=\"async\" class=\"size-large wp-image-3043 aligncenter\" src=\"https:\/\/gfmparts.com\/wp-content\/uploads\/2024\/12\/\u901a\u7528\u751f\u4ea7\u6d41\u7a0b-1-1024x648.jpg\" alt=\"ekskavat\u00f6r par\u00e7a \u00fcretim s\u00fcreci\" width=\"1024\" height=\"648\" srcset=\"\" sizes=\"(max-width: 1024px) 100vw, 1024px\" data-srcset=\"\" \/><\/p>\n<h3><span style=\"color: #ff6600;\">Paketleme ve Nakliye<\/span><\/h3>\n<p style=\"text-align: center;\"><img loading=\"lazy\" decoding=\"async\" class=\"alignnone size-large wp-image-6521\" src=\"https:\/\/gfmparts.com\/wp-content\/uploads\/2025\/05\/Packaging-and-Shipping-1-1-1024x648.jpg\" alt=\"Paketleme ve Nakliye\" width=\"1024\" height=\"648\" srcset=\"https:\/\/gfmparts.com\/wp-content\/uploads\/2025\/05\/Packaging-and-Shipping-1-1-1024x648.jpg 1024w, https:\/\/gfmparts.com\/wp-content\/uploads\/2025\/05\/Packaging-and-Shipping-1-1-300x190.jpg 300w, https:\/\/gfmparts.com\/wp-content\/uploads\/2025\/05\/Packaging-and-Shipping-1-1-768x486.jpg 768w, https:\/\/gfmparts.com\/wp-content\/uploads\/2025\/05\/Packaging-and-Shipping-1-1-1536x973.jpg 1536w, https:\/\/gfmparts.com\/wp-content\/uploads\/2025\/05\/Packaging-and-Shipping-1-1-2048x1297.jpg 2048w, https:\/\/gfmparts.com\/wp-content\/uploads\/2025\/05\/Packaging-and-Shipping-1-1-600x380.jpg 600w\" sizes=\"(max-width: 1024px) 100vw, 1024px\" \/><\/p>\n<h3><span style=\"color: #ff6600;\">Fabrika Avantajlar\u0131<\/span><\/h3>\n<p><span style=\"color: #000000;\">GFM ekskavat\u00f6r <a style=\"color: #000000;\" href=\"https:\/\/gfmparts.com\/tr\/product\/toptan-pist-grubu-pist-ayakkabisi-fabrikasi\/\">palet ba\u011flantisi takimi fabri\u0307ka<\/a> Geli\u015fmi\u015f \u00fcretim ekipmanlar\u0131na ve s\u0131k\u0131 bir kalite kontrol sistemine sahiptir. Her bir palet zincirinin kalitesinin sekt\u00f6r standartlar\u0131n\u0131 kar\u015f\u0131lad\u0131\u011f\u0131ndan emin olmak i\u00e7in d\u00fcnyan\u0131n \u00f6nde gelen \u00fcretim teknolojilerini kullan\u0131yoruz. Fabrikan\u0131n her halkas\u0131, \u00fcr\u00fcnlerin uluslararas\u0131 sertifikasyon gerekliliklerini kar\u015f\u0131lad\u0131\u011f\u0131ndan emin olmak i\u00e7in s\u0131k\u0131 bir \u015fekilde test edilmektedir. Profesyonel ekibimiz, zengin \u00fcretim deneyimine sahiptir ve \u00fcretimi m\u00fc\u015fterilerin \u00f6zel ihtiya\u00e7lar\u0131na g\u00f6re \u00f6zelle\u015ftirebilmektedir. \u0130ster tek sipari\u015f ister seri \u00fcretim olsun, GFM verimli ve do\u011fru hizmetler sunabilir.<\/span><\/p>\n<p><span style=\"color: #000000;\">Bir olarak <a style=\"color: #000000;\" href=\"https:\/\/gfmparts.com\/tr\/product\/toptan-ekskavator-ust-silindiri\/\">ekskavat\u00f6r par\u00e7alar\u0131 \u00fcreticisi<\/a> Uzun y\u0131llara dayanan sekt\u00f6r deneyimiyle GFM, yenilik ve geli\u015fime devam etmekte ve d\u00fcnya \u00e7ap\u0131ndaki m\u00fc\u015fterilerine y\u00fcksek kaliteli ve y\u00fcksek performansl\u0131 ekskavat\u00f6r par\u00e7alar\u0131 sunmaya kendini adam\u0131\u015ft\u0131r. Fabrikam\u0131z ISO9001 kalite y\u00f6netim sistemi sertifikas\u0131na sahiptir ve \u00fcretim s\u00fcreci uluslararas\u0131 standartlara s\u0131k\u0131 s\u0131k\u0131ya ba\u011fl\u0131d\u0131r. GFM, y\u00fcksek kaliteli ekskavat\u00f6r zincirleri sa\u011flaman\u0131n yan\u0131 s\u0131ra, m\u00fc\u015fterilerinin en iyi \u00fcr\u00fcn deneyimini ve y\u00fcksek maliyet performans\u0131n\u0131 elde etmelerini sa\u011flamak i\u00e7in \u00fcr\u00fcn \u00f6zelle\u015ftirme, teslimat s\u00fcresi kontrol\u00fc ve sat\u0131\u015f sonras\u0131 destek gibi tek noktadan hizmetler de sunmaktad\u0131r.<\/span><\/p>\n<p style=\"text-align: center;\"><img loading=\"lazy\" decoding=\"async\" class=\"alignnone wp-image-2159\" src=\"https:\/\/gfmparts.com\/wp-content\/uploads\/2024\/12\/\u5fae\u4fe1\u56fe\u7247_20241202160325-1024x576.jpg\" alt=\"Ekskavat\u00f6r par\u00e7alar\u0131 \u00fcreticisi\" width=\"800\" height=\"450\" srcset=\"\" sizes=\"(max-width: 800px) 100vw, 800px\" data-srcset=\"\" \/><\/p>","protected":false},"excerpt":{"rendered":"<ul>\n<li><span style=\"color: #000000;\">\u00dcr\u00fcn Kalitesi Garantili<\/span><\/li>\n<li><span style=\"color: #000000;\">B\u00fcy\u00fck Tedarik<\/span><\/li>\n<li><span style=\"color: #000000;\">Rekabet\u00e7i Fiyatland\u0131rma<\/span><\/li>\n<li><span style=\"color: #000000;\">\u00c7o\u011fu Marka ve Model<\/span><\/li>\n<li><span style=\"color: #000000;\">Yard\u0131msever M\u00fc\u015fteri Hizmetleri Ekibi<\/span><\/li>\n<li><span style=\"color: #000000;\">Profesyonel Teknik Destek<\/span><\/li>\n<\/ul>","protected":false},"featured_media":3588,"template":"","meta":{"site-sidebar-layout":"default","site-content-layout":"","ast-site-content-layout":"default","site-content-style":"default","site-sidebar-style":"default","ast-global-header-display":"","ast-banner-title-visibility":"","ast-main-header-display":"","ast-hfb-above-header-display":"","ast-hfb-below-header-display":"","ast-hfb-mobile-header-display":"","site-post-title":"","ast-breadcrumbs-content":"","ast-featured-img":"","footer-sml-layout":"","theme-transparent-header-meta":"default","adv-header-id-meta":"","stick-header-meta":"default","header-above-stick-meta":"","header-main-stick-meta":"","header-below-stick-meta":"","astra-migrate-meta-layouts":"set","ast-page-background-enabled":"default","ast-page-background-meta":{"desktop":{"background-color":"","background-image":"","background-repeat":"repeat","background-position":"center center","background-size":"auto","background-attachment":"scroll","background-type":"","background-media":"","overlay-type":"","overlay-color":"","overlay-opacity":"","overlay-gradient":""},"tablet":{"background-color":"","background-image":"","background-repeat":"repeat","background-position":"center center","background-size":"auto","background-attachment":"scroll","background-type":"","background-media":"","overlay-type":"","overlay-color":"","overlay-opacity":"","overlay-gradient":""},"mobile":{"background-color":"","background-image":"","background-repeat":"repeat","background-position":"center center","background-size":"auto","background-attachment":"scroll","background-type":"","background-media":"","overlay-type":"","overlay-color":"","overlay-opacity":"","overlay-gradient":""}},"ast-content-background-meta":{"desktop":{"background-color":"var(--ast-global-color-5)","background-image":"","background-repeat":"repeat","background-position":"center center","background-size":"auto","background-attachment":"scroll","background-type":"","background-media":"","overlay-type":"","overlay-color":"","overlay-opacity":"","overlay-gradient":""},"tablet":{"background-color":"var(--ast-global-color-5)","background-image":"","background-repeat":"repeat","background-position":"center center","background-size":"auto","background-attachment":"scroll","background-type":"","background-media":"","overlay-type":"","overlay-color":"","overlay-opacity":"","overlay-gradient":""},"mobile":{"background-color":"var(--ast-global-color-5)","background-image":"","background-repeat":"repeat","background-position":"center center","background-size":"auto","background-attachment":"scroll","background-type":"","background-media":"","overlay-type":"","overlay-color":"","overlay-opacity":"","overlay-gradient":""}}},"product_cat":[38,29],"product_tag":[149],"class_list":{"0":"post-3283","1":"product","2":"type-product","3":"status-publish","4":"has-post-thumbnail","6":"product_cat-undercarriage","7":"product_cat-track-link","8":"product_tag-sy365","9":"desktop-align-left","10":"tablet-align-left","11":"mobile-align-left","12":"ast-product-gallery-layout-horizontal-slider","13":"ast-product-gallery-with-no-image","14":"ast-product-tabs-layout-horizontal","16":"first","17":"instock","18":"shipping-taxable","19":"product-type-simple"},"yoast_head":"<!-- This site is optimized with the Yoast SEO Premium plugin v22.8 (Yoast SEO v23.9) - https:\/\/yoast.com\/wordpress\/plugins\/seo\/ -->\n<title>Excavator Track Link Assy Factory - GFM SY365<\/title>\n<meta name=\"description\" content=\"As an excavator parts manufacturer with many years of industry experience, GFM continues to innovate and improve, and is committed to providing high-quality excavator parts to customers around the world.\" \/>\n<meta name=\"robots\" content=\"index, follow, max-snippet:-1, max-image-preview:large, max-video-preview:-1\" \/>\n<link rel=\"canonical\" href=\"https:\/\/gfmparts.com\/tr\/product\/ekskavator-palet-baglanti-tertibati-fabrikasi\/\" \/>\n<meta property=\"og:locale\" content=\"tr_TR\" \/>\n<meta property=\"og:type\" content=\"article\" \/>\n<meta property=\"og:title\" content=\"SY365 Excavator Track Link Assy Factory\" \/>\n<meta property=\"og:description\" content=\"As an excavator parts manufacturer with many years of industry experience, GFM continues to innovate and improve, and is committed to providing high-quality excavator parts to customers around the world.\" \/>\n<meta property=\"og:url\" content=\"https:\/\/gfmparts.com\/tr\/product\/ekskavator-palet-baglanti-tertibati-fabrikasi\/\" \/>\n<meta property=\"article:publisher\" content=\"https:\/\/www.facebook.com\/gfmparts\" \/>\n<meta property=\"article:modified_time\" content=\"2025-05-16T09:34:17+00:00\" \/>\n<meta property=\"og:image\" content=\"https:\/\/gfmparts.com\/wp-content\/uploads\/2025\/01\/SY365-Excavator-Track-Link-Assy.png\" \/>\n\t<meta property=\"og:image:width\" content=\"720\" \/>\n\t<meta property=\"og:image:height\" content=\"720\" \/>\n\t<meta property=\"og:image:type\" content=\"image\/png\" \/>\n<meta name=\"twitter:card\" content=\"summary_large_image\" \/>\n<meta name=\"twitter:label1\" content=\"Tahmini okuma s\u00fcresi\" \/>\n\t<meta name=\"twitter:data1\" content=\"4 dakika\" \/>\n<script type=\"application\/ld+json\" class=\"yoast-schema-graph\">{\"@context\":\"https:\/\/schema.org\",\"@graph\":[{\"@type\":\"WebPage\",\"@id\":\"https:\/\/gfmparts.com\/product\/excavator-track-link-assy-factory\/\",\"url\":\"https:\/\/gfmparts.com\/product\/excavator-track-link-assy-factory\/\",\"name\":\"Excavator Track Link Assy Factory - GFM SY365\",\"isPartOf\":{\"@id\":\"https:\/\/gfmparts.com\/#website\"},\"primaryImageOfPage\":{\"@id\":\"https:\/\/gfmparts.com\/product\/excavator-track-link-assy-factory\/#primaryimage\"},\"image\":{\"@id\":\"https:\/\/gfmparts.com\/product\/excavator-track-link-assy-factory\/#primaryimage\"},\"thumbnailUrl\":\"https:\/\/gfmparts.com\/wp-content\/uploads\/2025\/01\/SY365-Excavator-Track-Link-Assy.png\",\"datePublished\":\"2025-01-13T06:01:59+00:00\",\"dateModified\":\"2025-05-16T09:34:17+00:00\",\"description\":\"As an excavator parts manufacturer with many years of industry experience, GFM continues to innovate and improve, and is committed to providing high-quality excavator parts to customers around the world.\",\"breadcrumb\":{\"@id\":\"https:\/\/gfmparts.com\/product\/excavator-track-link-assy-factory\/#breadcrumb\"},\"inLanguage\":\"tr\",\"potentialAction\":[{\"@type\":\"ReadAction\",\"target\":[\"https:\/\/gfmparts.com\/product\/excavator-track-link-assy-factory\/\"]}]},{\"@type\":\"ImageObject\",\"inLanguage\":\"tr\",\"@id\":\"https:\/\/gfmparts.com\/product\/excavator-track-link-assy-factory\/#primaryimage\",\"url\":\"https:\/\/gfmparts.com\/wp-content\/uploads\/2025\/01\/SY365-Excavator-Track-Link-Assy.png\",\"contentUrl\":\"https:\/\/gfmparts.com\/wp-content\/uploads\/2025\/01\/SY365-Excavator-Track-Link-Assy.png\",\"width\":720,\"height\":720,\"caption\":\"SY365 Excavator Track Link Assy\"},{\"@type\":\"BreadcrumbList\",\"@id\":\"https:\/\/gfmparts.com\/product\/excavator-track-link-assy-factory\/#breadcrumb\",\"itemListElement\":[{\"@type\":\"ListItem\",\"position\":1,\"name\":\"\u9996\u9875\",\"item\":\"https:\/\/gfmparts.com\/\"},{\"@type\":\"ListItem\",\"position\":2,\"name\":\"All Product\",\"item\":\"https:\/\/gfmparts.com\/all-product\/\"},{\"@type\":\"ListItem\",\"position\":3,\"name\":\"SY365 Excavator Track Link Assy Factory\"}]},{\"@type\":\"WebSite\",\"@id\":\"https:\/\/gfmparts.com\/#website\",\"url\":\"https:\/\/gfmparts.com\/\",\"name\":\"GFM PARTS\",\"description\":\"GFM since 2011 focused on excavator and bulldozer undercarriage parts manufacturing :Track rollers,carrier roller,idler,sprocket,track group,bucket tooth pin.\",\"publisher\":{\"@id\":\"https:\/\/gfmparts.com\/#organization\"},\"alternateName\":\"gfmparts.com\",\"potentialAction\":[{\"@type\":\"SearchAction\",\"target\":{\"@type\":\"EntryPoint\",\"urlTemplate\":\"https:\/\/gfmparts.com\/?s={search_term_string}\"},\"query-input\":{\"@type\":\"PropertyValueSpecification\",\"valueRequired\":true,\"valueName\":\"search_term_string\"}}],\"inLanguage\":\"tr\"},{\"@type\":\"Organization\",\"@id\":\"https:\/\/gfmparts.com\/#organization\",\"name\":\"GFM PARTS\",\"url\":\"https:\/\/gfmparts.com\/\",\"logo\":{\"@type\":\"ImageObject\",\"inLanguage\":\"tr\",\"@id\":\"https:\/\/gfmparts.com\/#\/schema\/logo\/image\/\",\"url\":\"https:\/\/gfmparts.com\/wp-content\/uploads\/2024\/11\/cropped-GFMparts.com_-2.png\",\"contentUrl\":\"https:\/\/gfmparts.com\/wp-content\/uploads\/2024\/11\/cropped-GFMparts.com_-2.png\",\"width\":5987,\"height\":2564,\"caption\":\"GFM PARTS\"},\"image\":{\"@id\":\"https:\/\/gfmparts.com\/#\/schema\/logo\/image\/\"},\"sameAs\":[\"https:\/\/www.facebook.com\/gfmparts\",\"https:\/\/www.linkedin.com\/company\/gfmparts\/\",\"https:\/\/www.tiktok.com\/@gfmparts\",\"https:\/\/www.youtube.com\/@GFMparts\/featured\"]}]}<\/script>\n<!-- \/ Yoast SEO Premium plugin. -->","yoast_head_json":{"title":"Excavator Track Link Assy Factory - GFM SY365","description":"As an excavator parts manufacturer with many years of industry experience, GFM continues to innovate and improve, and is committed to providing high-quality excavator parts to customers around the world.","robots":{"index":"index","follow":"follow","max-snippet":"max-snippet:-1","max-image-preview":"max-image-preview:large","max-video-preview":"max-video-preview:-1"},"canonical":"https:\/\/gfmparts.com\/tr\/product\/ekskavator-palet-baglanti-tertibati-fabrikasi\/","og_locale":"tr_TR","og_type":"article","og_title":"SY365 Excavator Track Link Assy Factory","og_description":"As an excavator parts manufacturer with many years of industry experience, GFM continues to innovate and improve, and is committed to providing high-quality excavator parts to customers around the world.","og_url":"https:\/\/gfmparts.com\/tr\/product\/ekskavator-palet-baglanti-tertibati-fabrikasi\/","article_publisher":"https:\/\/www.facebook.com\/gfmparts","article_modified_time":"2025-05-16T09:34:17+00:00","og_image":[{"width":720,"height":720,"url":"https:\/\/gfmparts.com\/wp-content\/uploads\/2025\/01\/SY365-Excavator-Track-Link-Assy.png","type":"image\/png"}],"twitter_card":"summary_large_image","twitter_misc":{"Tahmini okuma s\u00fcresi":"4 dakika"},"schema":{"@context":"https:\/\/schema.org","@graph":[{"@type":"WebPage","@id":"https:\/\/gfmparts.com\/product\/excavator-track-link-assy-factory\/","url":"https:\/\/gfmparts.com\/product\/excavator-track-link-assy-factory\/","name":"Excavator Track Link Assy Factory - GFM SY365","isPartOf":{"@id":"https:\/\/gfmparts.com\/#website"},"primaryImageOfPage":{"@id":"https:\/\/gfmparts.com\/product\/excavator-track-link-assy-factory\/#primaryimage"},"image":{"@id":"https:\/\/gfmparts.com\/product\/excavator-track-link-assy-factory\/#primaryimage"},"thumbnailUrl":"https:\/\/gfmparts.com\/wp-content\/uploads\/2025\/01\/SY365-Excavator-Track-Link-Assy.png","datePublished":"2025-01-13T06:01:59+00:00","dateModified":"2025-05-16T09:34:17+00:00","description":"As an excavator parts manufacturer with many years of industry experience, GFM continues to innovate and improve, and is committed to providing high-quality excavator parts to customers around the world.","breadcrumb":{"@id":"https:\/\/gfmparts.com\/product\/excavator-track-link-assy-factory\/#breadcrumb"},"inLanguage":"tr","potentialAction":[{"@type":"ReadAction","target":["https:\/\/gfmparts.com\/product\/excavator-track-link-assy-factory\/"]}]},{"@type":"ImageObject","inLanguage":"tr","@id":"https:\/\/gfmparts.com\/product\/excavator-track-link-assy-factory\/#primaryimage","url":"https:\/\/gfmparts.com\/wp-content\/uploads\/2025\/01\/SY365-Excavator-Track-Link-Assy.png","contentUrl":"https:\/\/gfmparts.com\/wp-content\/uploads\/2025\/01\/SY365-Excavator-Track-Link-Assy.png","width":720,"height":720,"caption":"SY365 Excavator Track Link Assy"},{"@type":"BreadcrumbList","@id":"https:\/\/gfmparts.com\/product\/excavator-track-link-assy-factory\/#breadcrumb","itemListElement":[{"@type":"ListItem","position":1,"name":"\u9996\u9875","item":"https:\/\/gfmparts.com\/"},{"@type":"ListItem","position":2,"name":"All Product","item":"https:\/\/gfmparts.com\/all-product\/"},{"@type":"ListItem","position":3,"name":"SY365 Excavator Track Link Assy Factory"}]},{"@type":"WebSite","@id":"https:\/\/gfmparts.com\/#website","url":"https:\/\/gfmparts.com\/","name":"GFM PARTS","description":"GFM since 2011 focused on excavator and bulldozer undercarriage parts manufacturing :Track rollers,carrier roller,idler,sprocket,track group,bucket tooth pin.","publisher":{"@id":"https:\/\/gfmparts.com\/#organization"},"alternateName":"gfmparts.com","potentialAction":[{"@type":"SearchAction","target":{"@type":"EntryPoint","urlTemplate":"https:\/\/gfmparts.com\/?s={search_term_string}"},"query-input":{"@type":"PropertyValueSpecification","valueRequired":true,"valueName":"search_term_string"}}],"inLanguage":"tr"},{"@type":"Organization","@id":"https:\/\/gfmparts.com\/#organization","name":"GFM PARTS","url":"https:\/\/gfmparts.com\/","logo":{"@type":"ImageObject","inLanguage":"tr","@id":"https:\/\/gfmparts.com\/#\/schema\/logo\/image\/","url":"https:\/\/gfmparts.com\/wp-content\/uploads\/2024\/11\/cropped-GFMparts.com_-2.png","contentUrl":"https:\/\/gfmparts.com\/wp-content\/uploads\/2024\/11\/cropped-GFMparts.com_-2.png","width":5987,"height":2564,"caption":"GFM PARTS"},"image":{"@id":"https:\/\/gfmparts.com\/#\/schema\/logo\/image\/"},"sameAs":["https:\/\/www.facebook.com\/gfmparts","https:\/\/www.linkedin.com\/company\/gfmparts\/","https:\/\/www.tiktok.com\/@gfmparts","https:\/\/www.youtube.com\/@GFMparts\/featured"]}]}},"_links":{"self":[{"href":"https:\/\/gfmparts.com\/tr\/wp-json\/wp\/v2\/product\/3283"}],"collection":[{"href":"https:\/\/gfmparts.com\/tr\/wp-json\/wp\/v2\/product"}],"about":[{"href":"https:\/\/gfmparts.com\/tr\/wp-json\/wp\/v2\/types\/product"}],"wp:featuredmedia":[{"embeddable":true,"href":"https:\/\/gfmparts.com\/tr\/wp-json\/wp\/v2\/media\/3588"}],"wp:attachment":[{"href":"https:\/\/gfmparts.com\/tr\/wp-json\/wp\/v2\/media?parent=3283"}],"wp:term":[{"taxonomy":"product_cat","embeddable":true,"href":"https:\/\/gfmparts.com\/tr\/wp-json\/wp\/v2\/product_cat?post=3283"},{"taxonomy":"product_tag","embeddable":true,"href":"https:\/\/gfmparts.com\/tr\/wp-json\/wp\/v2\/product_tag?post=3283"}],"curies":[{"name":"wp","href":"https:\/\/api.w.org\/{rel}","templated":true}]}}