{"id":3303,"date":"2025-01-15T06:08:39","date_gmt":"2025-01-15T06:08:39","guid":{"rendered":"https:\/\/gfmparts.com\/?post_type=product&#038;p=3303"},"modified":"2025-05-16T09:47:13","modified_gmt":"2025-05-16T09:47:13","slug":"wholesale-excavator-bucket-hook","status":"publish","type":"product","link":"https:\/\/gfmparts.com\/tr\/product\/toptan-ekskavator-kepce-kancasi\/","title":{"rendered":"Toptan Ekskavat\u00f6r Kova Kancas\u0131"},"content":{"rendered":"<h5 style=\"text-align: center;\"><span style=\"color: #000000;\">GFM <a style=\"color: #000000;\" href=\"https:\/\/gfmparts.com\/tr\/gfm-ile-iletisime-gecin\/\">ekskavat\u00f6r kep\u00e7e kancas\u0131<\/a> Y\u00fcksek performansl\u0131 ekskavat\u00f6r\u00fcn\u00fcz i\u00e7in olmazsa olmazd\u0131r.<\/span><\/h5>\n<p style=\"text-align: left;\"><span style=\"color: #000000;\">GFM, ekskavat\u00f6r\u00fcn\u00fcz\u00fcn \u00e7e\u015fitli \u00e7al\u0131\u015fma ko\u015fullar\u0131nda her zaman m\u00fckemmel \u00e7al\u0131\u015fma performans\u0131n\u0131 korumas\u0131n\u0131 sa\u011flamak i\u00e7in y\u00fcksek a\u015f\u0131nma diren\u00e7li ekskavat\u00f6r kep\u00e7e kancalar\u0131 tedarikinde uzmanla\u015fm\u0131\u015ft\u0131r. Kep\u00e7e kancalar\u0131m\u0131z y\u00fcksek kaliteli ala\u015f\u0131ml\u0131 \u00e7elikten \u00fcretilmi\u015f olup, m\u00fckemmel mukavemet ve yorulma direnci sa\u011flamak i\u00e7in s\u0131k\u0131 \u0131s\u0131l i\u015flem s\u00fcre\u00e7lerinden ge\u00e7mektedir.<\/span><\/p>\n<h3><span style=\"color: #ff6600;\">\u00dcr\u00fcn A\u00e7\u0131klamas\u0131<\/span><\/h3>\n<ul>\n<li><span style=\"color: #000000;\"><strong>Minimum Sipari\u015f Adedi:<\/strong>\u00a01 Bilgisayar<\/span><\/li>\n<li><span style=\"color: #000000;\"><strong>\u00d6deme y\u00f6ntemi:<\/strong>\u00a0T\/T<\/span><\/li>\n<li><span style=\"color: #000000;\"><strong>Marka:<\/strong>\u00a0GFM<\/span><\/li>\n<li><span style=\"color: #000000;\"><strong>Durum:<\/strong>\u00a0Yeni<\/span><\/li>\n<li><span style=\"color: #000000;\"><strong>Renk:<\/strong>\u00a0Sar\u0131, Siyah veya \u00d6zelle\u015ftirilmi\u015f<\/span><\/li>\n<li><span style=\"color: #000000;\"><strong>Kur\u015fun zaman\u0131:<\/strong>\u00a030 g\u00fcn<\/span><\/li>\n<li><span style=\"color: #000000;\"><strong>Garanti:<\/strong>\u00a01 Y\u0131l<\/span><\/li>\n<li><span style=\"color: #000000;\"><strong>Hizmet:<\/strong>\u00a0OEM veya ODM<\/span><\/li>\n<li><span style=\"color: #000000;\"><strong>Men\u015fei Yeri:<\/strong>\u00a0Fujian, \u00c7in<\/span><\/li>\n<li><span style=\"color: #000000;\"><strong>Ba\u015fvuru:<\/strong> Ekskavat\u00f6r<\/span><\/li>\n<li><span style=\"color: #000000;\"><strong>Paketleme:<\/strong>\u00a0Standart \u0130hracat Ah\u015fap Palet<\/span><\/li>\n<\/ul>\n<p style=\"text-align: center;\"><img fetchpriority=\"high\" decoding=\"async\" class=\"alignnone wp-image-3306\" src=\"https:\/\/gfmparts.com\/wp-content\/uploads\/2025\/01\/excavator-bucket-hook-2-768x1024.jpg\" alt=\"ekskavat\u00f6r kep\u00e7e kancas\u0131-2\" width=\"395\" height=\"527\" srcset=\"https:\/\/gfmparts.com\/wp-content\/uploads\/2025\/01\/excavator-bucket-hook-2-768x1024.jpg 768w, https:\/\/gfmparts.com\/wp-content\/uploads\/2025\/01\/excavator-bucket-hook-2-225x300.jpg 225w, https:\/\/gfmparts.com\/wp-content\/uploads\/2025\/01\/excavator-bucket-hook-2-1152x1536.jpg 1152w, https:\/\/gfmparts.com\/wp-content\/uploads\/2025\/01\/excavator-bucket-hook-2-600x800.jpg 600w, https:\/\/gfmparts.com\/wp-content\/uploads\/2025\/01\/excavator-bucket-hook-2.jpg 1279w\" sizes=\"(max-width: 395px) 100vw, 395px\" \/> <img decoding=\"async\" class=\"alignnone wp-image-3307\" src=\"https:\/\/gfmparts.com\/wp-content\/uploads\/2025\/01\/excavator-bucket-hook-3-768x1024.jpg\" alt=\"ekskavat\u00f6r kep\u00e7e kancas\u0131-3\" width=\"397\" height=\"530\" srcset=\"https:\/\/gfmparts.com\/wp-content\/uploads\/2025\/01\/excavator-bucket-hook-3-768x1024.jpg 768w, https:\/\/gfmparts.com\/wp-content\/uploads\/2025\/01\/excavator-bucket-hook-3-225x300.jpg 225w, https:\/\/gfmparts.com\/wp-content\/uploads\/2025\/01\/excavator-bucket-hook-3-1152x1536.jpg 1152w, https:\/\/gfmparts.com\/wp-content\/uploads\/2025\/01\/excavator-bucket-hook-3-600x800.jpg 600w, https:\/\/gfmparts.com\/wp-content\/uploads\/2025\/01\/excavator-bucket-hook-3-rotated.jpg 1279w\" sizes=\"(max-width: 397px) 100vw, 397px\" \/><\/p>\n<h3><span style=\"color: #ff6600;\">\u00d6zellikler<\/span><\/h3>\n<ul>\n<li><b><\/b><span style=\"color: #000000;\"><strong><b>G\u00fc\u00e7l\u00fc ve Dayan\u0131kl\u0131<\/b><\/strong>: A\u011f\u0131r i\u015flerin \u00fcstesinden gelebilecek \u015fekilde dayan\u0131kl\u0131 ala\u015f\u0131ml\u0131 \u00e7elikten \u00fcretilmi\u015ftir.<\/span><\/li>\n<li><span style=\"color: #000000;\"><b><\/b><strong><b>Do\u011fru Fi<\/b><\/strong><strong><b>T: <\/b><\/strong>Kovalara m\u00fckemmel uyum sa\u011flayacak \u015fekilde \u00f6zenle tasarlanm\u0131\u015ft\u0131r.<\/span><\/li>\n<li><span style=\"color: #000000;\"><b><\/b><strong><b>G\u00fcvenli Tasar\u0131m<\/b><\/strong>: G\u00fcvenilir performans i\u00e7in g\u00fcvenli bir kilitleme mekanizmas\u0131 i\u00e7erir.<\/span><\/li>\n<li><span style=\"color: #000000;\"><b><\/b><strong><b>Paslanmaya dayan\u0131kl\u0131<\/b><\/strong>: Korozyonu \u00f6nlemek ve \u00f6mr\u00fcn\u00fc uzatmak i\u00e7in kaplanm\u0131\u015ft\u0131r.<\/span><\/li>\n<li><span style=\"color: #000000;\"><b><\/b><strong><b>Kullan\u0131m\u0131 Kolay<\/b><\/strong><strong><b>: <\/b><\/strong>Tak\u0131lmas\u0131 kolayd\u0131r ve k\u0131sa s\u00fcrede kullan\u0131ma haz\u0131rd\u0131r.<\/span><b><\/b><\/li>\n<\/ul>\n<h3><span style=\"color: #ff6600;\">\u00dcr\u00fcn Modelleri<\/span><\/h3>\n<p style=\"text-align: center;\"><img decoding=\"async\" class=\"alignnone size-full wp-image-3147\" src=\"https:\/\/gfmparts.com\/wp-content\/uploads\/2024\/11\/excavator-part-description-e1735350735761.png\" alt=\"ekskavat\u00f6r par\u00e7a a\u00e7\u0131klamas\u0131\" width=\"856\" height=\"694\" srcset=\"https:\/\/gfmparts.com\/wp-content\/uploads\/2024\/11\/excavator-part-description-e1735350735761.png 856w, https:\/\/gfmparts.com\/wp-content\/uploads\/2024\/11\/excavator-part-description-e1735350735761-300x243.png 300w, https:\/\/gfmparts.com\/wp-content\/uploads\/2024\/11\/excavator-part-description-e1735350735761-768x623.png 768w, https:\/\/gfmparts.com\/wp-content\/uploads\/2024\/11\/excavator-part-description-e1735350735761-600x486.png 600w\" sizes=\"(max-width: 856px) 100vw, 856px\" \/><\/p>\n<h3><span style=\"color: #ff6600;\">\u00dcretim S\u00fcreci<\/span><\/h3>\n<p><img loading=\"lazy\" decoding=\"async\" class=\"size-large wp-image-3043 aligncenter\" src=\"https:\/\/gfmparts.com\/wp-content\/uploads\/2024\/12\/\u901a\u7528\u751f\u4ea7\u6d41\u7a0b-1-1024x648.jpg\" alt=\"ekskavat\u00f6r par\u00e7a \u00fcretim s\u00fcreci\" width=\"1024\" height=\"648\" srcset=\"\" sizes=\"(max-width: 1024px) 100vw, 1024px\" data-srcset=\"\" \/><\/p>\n<h3><span style=\"color: #ff6600;\">Paketleme ve Nakliye<\/span><\/h3>\n<p style=\"text-align: center;\"><img loading=\"lazy\" decoding=\"async\" class=\"alignnone size-large wp-image-6521\" src=\"https:\/\/gfmparts.com\/wp-content\/uploads\/2025\/05\/Packaging-and-Shipping-1-1-1024x648.jpg\" alt=\"Paketleme ve Nakliye\" width=\"1024\" height=\"648\" srcset=\"https:\/\/gfmparts.com\/wp-content\/uploads\/2025\/05\/Packaging-and-Shipping-1-1-1024x648.jpg 1024w, https:\/\/gfmparts.com\/wp-content\/uploads\/2025\/05\/Packaging-and-Shipping-1-1-300x190.jpg 300w, https:\/\/gfmparts.com\/wp-content\/uploads\/2025\/05\/Packaging-and-Shipping-1-1-768x486.jpg 768w, https:\/\/gfmparts.com\/wp-content\/uploads\/2025\/05\/Packaging-and-Shipping-1-1-1536x973.jpg 1536w, https:\/\/gfmparts.com\/wp-content\/uploads\/2025\/05\/Packaging-and-Shipping-1-1-2048x1297.jpg 2048w, https:\/\/gfmparts.com\/wp-content\/uploads\/2025\/05\/Packaging-and-Shipping-1-1-600x380.jpg 600w\" sizes=\"(max-width: 1024px) 100vw, 1024px\" \/><\/p>\n<h3><span style=\"color: #ff6600;\">Fabrika Avantajlar\u0131<\/span><\/h3>\n<ul>\n<li><span style=\"color: #000000;\"><strong>\u0130leri \u00fcretim teknolojisi:<\/strong> GFM fabrikas\u0131, modern \u00fcretim ekipmanlar\u0131na ve geli\u015fmi\u015f d\u00f6k\u00fcm teknolojisine sahiptir. Hammadde se\u00e7iminden bitmi\u015f \u00fcr\u00fcn denetimine kadar, her \u00fcr\u00fcn\u00fcn uluslararas\u0131 standartlara uygun olmas\u0131n\u0131 sa\u011flamak i\u00e7in s\u0131k\u0131 bir kalite y\u00f6netim sistemi benimsenmi\u015ftir.<\/span><\/li>\n<li><span style=\"color: #000000;\"><strong>Tam \u00fcr\u00fcn yelpazesi:<\/strong> \u0130ster standart model, ister standart d\u0131\u015f\u0131 \u00f6zelle\u015ftirme olsun, farkl\u0131 marka ve modellerdeki ekskavat\u00f6rlerin aksesuar ihtiya\u00e7lar\u0131n\u0131 kar\u015f\u0131lamak i\u00e7in \u00e7e\u015fitli \u00f6zelliklerde kova kancalar\u0131 ve kova di\u015fleri sa\u011fl\u0131yoruz.<\/span><\/li>\n<li><span style=\"color: #000000;\"><strong>Ar-Ge ve inovasyon kabiliyetleri:<\/strong> GFM&#039;nin teknik ekibi, \u00fcr\u00fcn tasar\u0131m\u0131n\u0131 s\u00fcrekli olarak optimize ediyor, sonlu elemanlar analizi (FEA) teknolojisiyle aksesuarlar\u0131n mukavemetini ve dayan\u0131kl\u0131l\u0131\u011f\u0131n\u0131 art\u0131r\u0131yor ve m\u00fc\u015fterilere uygun maliyetli \u00e7\u00f6z\u00fcmler sunuyor.<\/span><\/li>\n<li><span style=\"color: #000000;\"><strong>H\u0131zl\u0131 teslimat yetenekleri:<\/strong> Yeterli stok ve verimli \u00fcretim kapasitesiyle, m\u00fc\u015fterilerimizin acil ihtiya\u00e7lar\u0131n\u0131 kar\u015f\u0131lamak i\u00e7in k\u00fc\u00e7\u00fck parti sipari\u015flerini ve b\u00fcy\u00fck parti tedariklerini destekliyoruz.<\/span><\/li>\n<\/ul>\n<h5><span style=\"color: #000000;\">Neden GFM&#039;yi se\u00e7melisiniz? <a style=\"color: #000000;\" href=\"https:\/\/gfmparts.com\/tr\/product\/mukemmel-ekskavator-kepce-disleri-tedarikcisi\/\">ekskavat\u00f6r kep\u00e7e di\u015fleri tedarik\u00e7isi<\/a>?<\/span><\/h5>\n<ul>\n<li><span style=\"color: #000000;\"><strong>OEM\/ODM hizmeti:<\/strong> M\u00fc\u015fteri gereksinimlerine g\u00f6re \u00f6zelle\u015ftirilmi\u015f \u00fcr\u00fcnleri destekleyerek, boyut, malzeme, kaplama vb. gibi ki\u015fiselle\u015ftirilmi\u015f tasar\u0131m gereksinimlerini kar\u015f\u0131lay\u0131n.<\/span><\/li>\n<li><span style=\"color: #000000;\"><strong>K\u00fcresel i\u015f birli\u011fi deneyimi:<\/strong> Uluslararas\u0131 alanda tan\u0131nm\u0131\u015f bir\u00e7ok markayla i\u015fbirli\u011fi yap\u0131yoruz ve ekskavat\u00f6r aksesuarlar\u0131 konusunda k\u00fcresel m\u00fc\u015fterilerin s\u0131k\u0131 gereksinimlerini anl\u0131yoruz.<\/span><\/li>\n<li><span style=\"color: #000000;\"><strong>M\u00fckemmel sat\u0131\u015f sonras\u0131 hizmet:<\/strong> Kurulum k\u0131lavuzundan kullan\u0131m s\u0131ras\u0131ndaki teknik deste\u011fe kadar, m\u00fc\u015fterilerimizin hi\u00e7bir endi\u015fe duymamas\u0131n\u0131 sa\u011flamak i\u00e7in tek elden hizmet sa\u011fl\u0131yoruz.<\/span><\/li>\n<\/ul>\n<p><span style=\"color: #000000;\">GFM&#039;nin ekskavat\u00f6r kep\u00e7e kancalar\u0131n\u0131 ve kep\u00e7e di\u015flerini tercih ederek, m\u00fchendislik ekipmanlar\u0131n\u0131z\u0131 korumak i\u00e7in y\u00fcksek kaliteli aksesuarlar ve profesyonel servis deste\u011fi elde edersiniz.<\/span><\/p>\n<p style=\"text-align: center;\"><span style=\"color: #000000;\"><img loading=\"lazy\" decoding=\"async\" class=\"alignnone wp-image-2159\" src=\"https:\/\/gfmparts.com\/wp-content\/uploads\/2024\/12\/\u5fae\u4fe1\u56fe\u7247_20241202160325-1024x576.jpg\" alt=\"ekskavat\u00f6r kep\u00e7e di\u015fleri tedarik\u00e7isi\" width=\"767\" height=\"431\" srcset=\"\" sizes=\"(max-width: 767px) 100vw, 767px\" data-srcset=\"\" \/><\/span><\/p>","protected":false},"excerpt":{"rendered":"<ul>\n<li><span style=\"color: #000000;\">\u00dcr\u00fcn Kalitesi Garantili<\/span><\/li>\n<li><span style=\"color: #000000;\">B\u00fcy\u00fck Tedarik<\/span><\/li>\n<li><span style=\"color: #000000;\">Rekabet\u00e7i Fiyatland\u0131rma<\/span><\/li>\n<li><span style=\"color: #000000;\">\u00c7o\u011fu Marka ve Model<\/span><\/li>\n<li><span style=\"color: #000000;\">Yard\u0131msever M\u00fc\u015fteri Hizmetleri Ekibi<\/span><\/li>\n<li><span style=\"color: #000000;\">Profesyonel Teknik Destek<\/span><\/li>\n<\/ul>","protected":false},"featured_media":3586,"template":"","meta":{"site-sidebar-layout":"default","site-content-layout":"","ast-site-content-layout":"default","site-content-style":"default","site-sidebar-style":"default","ast-global-header-display":"","ast-banner-title-visibility":"","ast-main-header-display":"","ast-hfb-above-header-display":"","ast-hfb-below-header-display":"","ast-hfb-mobile-header-display":"","site-post-title":"","ast-breadcrumbs-content":"","ast-featured-img":"","footer-sml-layout":"","theme-transparent-header-meta":"default","adv-header-id-meta":"","stick-header-meta":"default","header-above-stick-meta":"","header-main-stick-meta":"","header-below-stick-meta":"","astra-migrate-meta-layouts":"set","ast-page-background-enabled":"default","ast-page-background-meta":{"desktop":{"background-color":"","background-image":"","background-repeat":"repeat","background-position":"center center","background-size":"auto","background-attachment":"scroll","background-type":"","background-media":"","overlay-type":"","overlay-color":"","overlay-opacity":"","overlay-gradient":""},"tablet":{"background-color":"","background-image":"","background-repeat":"repeat","background-position":"center center","background-size":"auto","background-attachment":"scroll","background-type":"","background-media":"","overlay-type":"","overlay-color":"","overlay-opacity":"","overlay-gradient":""},"mobile":{"background-color":"","background-image":"","background-repeat":"repeat","background-position":"center center","background-size":"auto","background-attachment":"scroll","background-type":"","background-media":"","overlay-type":"","overlay-color":"","overlay-opacity":"","overlay-gradient":""}},"ast-content-background-meta":{"desktop":{"background-color":"var(--ast-global-color-5)","background-image":"","background-repeat":"repeat","background-position":"center center","background-size":"auto","background-attachment":"scroll","background-type":"","background-media":"","overlay-type":"","overlay-color":"","overlay-opacity":"","overlay-gradient":""},"tablet":{"background-color":"var(--ast-global-color-5)","background-image":"","background-repeat":"repeat","background-position":"center center","background-size":"auto","background-attachment":"scroll","background-type":"","background-media":"","overlay-type":"","overlay-color":"","overlay-opacity":"","overlay-gradient":""},"mobile":{"background-color":"var(--ast-global-color-5)","background-image":"","background-repeat":"repeat","background-position":"center center","background-size":"auto","background-attachment":"scroll","background-type":"","background-media":"","overlay-type":"","overlay-color":"","overlay-opacity":"","overlay-gradient":""}}},"product_cat":[27,34],"product_tag":[],"class_list":{"0":"post-3303","1":"product","2":"type-product","3":"status-publish","4":"has-post-thumbnail","6":"product_cat-parts","7":"product_cat-bucket-teeth","8":"desktop-align-left","9":"tablet-align-left","10":"mobile-align-left","11":"ast-product-gallery-layout-horizontal-slider","12":"ast-product-tabs-layout-horizontal","14":"first","15":"instock","16":"shipping-taxable","17":"product-type-simple"},"yoast_head":"<!-- This site is optimized with the Yoast SEO Premium plugin v22.8 (Yoast SEO v23.9) - https:\/\/yoast.com\/wordpress\/plugins\/seo\/ -->\n<title>Excavator Bucket Hook - GFM Excavator Bucket Teeth Supplier<\/title>\n<meta name=\"description\" content=\"Choose GFM&#039;s excavator bucket hook, you will get high-quality accessories and professional service support to protect your engineering equipment.\" \/>\n<meta name=\"robots\" content=\"index, follow, max-snippet:-1, max-image-preview:large, max-video-preview:-1\" \/>\n<link rel=\"canonical\" href=\"https:\/\/gfmparts.com\/tr\/product\/toptan-ekskavator-kepce-kancasi\/\" \/>\n<meta property=\"og:locale\" content=\"tr_TR\" \/>\n<meta property=\"og:type\" content=\"article\" \/>\n<meta property=\"og:title\" content=\"Wholesale Excavator Bucket Hook\" \/>\n<meta property=\"og:description\" content=\"Choose GFM&#039;s excavator bucket hook, you will get high-quality accessories and professional service support to protect your engineering equipment.\" \/>\n<meta property=\"og:url\" content=\"https:\/\/gfmparts.com\/tr\/product\/toptan-ekskavator-kepce-kancasi\/\" \/>\n<meta property=\"article:publisher\" content=\"https:\/\/www.facebook.com\/gfmparts\" \/>\n<meta property=\"article:modified_time\" content=\"2025-05-16T09:47:13+00:00\" \/>\n<meta property=\"og:image\" content=\"https:\/\/gfmparts.com\/wp-content\/uploads\/2025\/01\/excavator-bucket-hook-2.png\" \/>\n\t<meta property=\"og:image:width\" content=\"1000\" \/>\n\t<meta property=\"og:image:height\" content=\"1000\" \/>\n\t<meta property=\"og:image:type\" content=\"image\/png\" \/>\n<meta name=\"twitter:card\" content=\"summary_large_image\" \/>\n<meta name=\"twitter:label1\" content=\"Tahmini okuma s\u00fcresi\" \/>\n\t<meta name=\"twitter:data1\" content=\"3 dakika\" \/>\n<script type=\"application\/ld+json\" class=\"yoast-schema-graph\">{\"@context\":\"https:\/\/schema.org\",\"@graph\":[{\"@type\":\"WebPage\",\"@id\":\"https:\/\/gfmparts.com\/product\/wholesale-excavator-bucket-hook\/\",\"url\":\"https:\/\/gfmparts.com\/product\/wholesale-excavator-bucket-hook\/\",\"name\":\"Excavator Bucket Hook - GFM Excavator Bucket Teeth Supplier\",\"isPartOf\":{\"@id\":\"https:\/\/gfmparts.com\/#website\"},\"primaryImageOfPage\":{\"@id\":\"https:\/\/gfmparts.com\/product\/wholesale-excavator-bucket-hook\/#primaryimage\"},\"image\":{\"@id\":\"https:\/\/gfmparts.com\/product\/wholesale-excavator-bucket-hook\/#primaryimage\"},\"thumbnailUrl\":\"https:\/\/gfmparts.com\/wp-content\/uploads\/2025\/01\/excavator-bucket-hook-2.png\",\"datePublished\":\"2025-01-15T06:08:39+00:00\",\"dateModified\":\"2025-05-16T09:47:13+00:00\",\"description\":\"Choose GFM's excavator bucket hook, you will get high-quality accessories and professional service support to protect your engineering equipment.\",\"breadcrumb\":{\"@id\":\"https:\/\/gfmparts.com\/product\/wholesale-excavator-bucket-hook\/#breadcrumb\"},\"inLanguage\":\"tr\",\"potentialAction\":[{\"@type\":\"ReadAction\",\"target\":[\"https:\/\/gfmparts.com\/product\/wholesale-excavator-bucket-hook\/\"]}]},{\"@type\":\"ImageObject\",\"inLanguage\":\"tr\",\"@id\":\"https:\/\/gfmparts.com\/product\/wholesale-excavator-bucket-hook\/#primaryimage\",\"url\":\"https:\/\/gfmparts.com\/wp-content\/uploads\/2025\/01\/excavator-bucket-hook-2.png\",\"contentUrl\":\"https:\/\/gfmparts.com\/wp-content\/uploads\/2025\/01\/excavator-bucket-hook-2.png\",\"width\":1000,\"height\":1000,\"caption\":\"excavator bucket hook\"},{\"@type\":\"BreadcrumbList\",\"@id\":\"https:\/\/gfmparts.com\/product\/wholesale-excavator-bucket-hook\/#breadcrumb\",\"itemListElement\":[{\"@type\":\"ListItem\",\"position\":1,\"name\":\"\u9996\u9875\",\"item\":\"https:\/\/gfmparts.com\/\"},{\"@type\":\"ListItem\",\"position\":2,\"name\":\"All Product\",\"item\":\"https:\/\/gfmparts.com\/all-product\/\"},{\"@type\":\"ListItem\",\"position\":3,\"name\":\"Wholesale Excavator Bucket Hook\"}]},{\"@type\":\"WebSite\",\"@id\":\"https:\/\/gfmparts.com\/#website\",\"url\":\"https:\/\/gfmparts.com\/\",\"name\":\"GFM PARTS\",\"description\":\"GFM since 2011 focused on excavator and bulldozer undercarriage parts manufacturing :Track rollers,carrier roller,idler,sprocket,track group,bucket tooth pin.\",\"publisher\":{\"@id\":\"https:\/\/gfmparts.com\/#organization\"},\"alternateName\":\"gfmparts.com\",\"potentialAction\":[{\"@type\":\"SearchAction\",\"target\":{\"@type\":\"EntryPoint\",\"urlTemplate\":\"https:\/\/gfmparts.com\/?s={search_term_string}\"},\"query-input\":{\"@type\":\"PropertyValueSpecification\",\"valueRequired\":true,\"valueName\":\"search_term_string\"}}],\"inLanguage\":\"tr\"},{\"@type\":\"Organization\",\"@id\":\"https:\/\/gfmparts.com\/#organization\",\"name\":\"GFM PARTS\",\"url\":\"https:\/\/gfmparts.com\/\",\"logo\":{\"@type\":\"ImageObject\",\"inLanguage\":\"tr\",\"@id\":\"https:\/\/gfmparts.com\/#\/schema\/logo\/image\/\",\"url\":\"https:\/\/gfmparts.com\/wp-content\/uploads\/2024\/11\/cropped-GFMparts.com_-2.png\",\"contentUrl\":\"https:\/\/gfmparts.com\/wp-content\/uploads\/2024\/11\/cropped-GFMparts.com_-2.png\",\"width\":5987,\"height\":2564,\"caption\":\"GFM PARTS\"},\"image\":{\"@id\":\"https:\/\/gfmparts.com\/#\/schema\/logo\/image\/\"},\"sameAs\":[\"https:\/\/www.facebook.com\/gfmparts\",\"https:\/\/www.linkedin.com\/company\/gfmparts\/\",\"https:\/\/www.tiktok.com\/@gfmparts\",\"https:\/\/www.youtube.com\/@GFMparts\/featured\"]}]}<\/script>\n<!-- \/ Yoast SEO Premium plugin. -->","yoast_head_json":{"title":"Excavator Bucket Hook - GFM Excavator Bucket Teeth Supplier","description":"Choose GFM's excavator bucket hook, you will get high-quality accessories and professional service support to protect your engineering equipment.","robots":{"index":"index","follow":"follow","max-snippet":"max-snippet:-1","max-image-preview":"max-image-preview:large","max-video-preview":"max-video-preview:-1"},"canonical":"https:\/\/gfmparts.com\/tr\/product\/toptan-ekskavator-kepce-kancasi\/","og_locale":"tr_TR","og_type":"article","og_title":"Wholesale Excavator Bucket Hook","og_description":"Choose GFM's excavator bucket hook, you will get high-quality accessories and professional service support to protect your engineering equipment.","og_url":"https:\/\/gfmparts.com\/tr\/product\/toptan-ekskavator-kepce-kancasi\/","article_publisher":"https:\/\/www.facebook.com\/gfmparts","article_modified_time":"2025-05-16T09:47:13+00:00","og_image":[{"width":1000,"height":1000,"url":"https:\/\/gfmparts.com\/wp-content\/uploads\/2025\/01\/excavator-bucket-hook-2.png","type":"image\/png"}],"twitter_card":"summary_large_image","twitter_misc":{"Tahmini okuma s\u00fcresi":"3 dakika"},"schema":{"@context":"https:\/\/schema.org","@graph":[{"@type":"WebPage","@id":"https:\/\/gfmparts.com\/product\/wholesale-excavator-bucket-hook\/","url":"https:\/\/gfmparts.com\/product\/wholesale-excavator-bucket-hook\/","name":"Excavator Bucket Hook - GFM Excavator Bucket Teeth Supplier","isPartOf":{"@id":"https:\/\/gfmparts.com\/#website"},"primaryImageOfPage":{"@id":"https:\/\/gfmparts.com\/product\/wholesale-excavator-bucket-hook\/#primaryimage"},"image":{"@id":"https:\/\/gfmparts.com\/product\/wholesale-excavator-bucket-hook\/#primaryimage"},"thumbnailUrl":"https:\/\/gfmparts.com\/wp-content\/uploads\/2025\/01\/excavator-bucket-hook-2.png","datePublished":"2025-01-15T06:08:39+00:00","dateModified":"2025-05-16T09:47:13+00:00","description":"Choose GFM's excavator bucket hook, you will get high-quality accessories and professional service support to protect your engineering equipment.","breadcrumb":{"@id":"https:\/\/gfmparts.com\/product\/wholesale-excavator-bucket-hook\/#breadcrumb"},"inLanguage":"tr","potentialAction":[{"@type":"ReadAction","target":["https:\/\/gfmparts.com\/product\/wholesale-excavator-bucket-hook\/"]}]},{"@type":"ImageObject","inLanguage":"tr","@id":"https:\/\/gfmparts.com\/product\/wholesale-excavator-bucket-hook\/#primaryimage","url":"https:\/\/gfmparts.com\/wp-content\/uploads\/2025\/01\/excavator-bucket-hook-2.png","contentUrl":"https:\/\/gfmparts.com\/wp-content\/uploads\/2025\/01\/excavator-bucket-hook-2.png","width":1000,"height":1000,"caption":"excavator bucket hook"},{"@type":"BreadcrumbList","@id":"https:\/\/gfmparts.com\/product\/wholesale-excavator-bucket-hook\/#breadcrumb","itemListElement":[{"@type":"ListItem","position":1,"name":"\u9996\u9875","item":"https:\/\/gfmparts.com\/"},{"@type":"ListItem","position":2,"name":"All Product","item":"https:\/\/gfmparts.com\/all-product\/"},{"@type":"ListItem","position":3,"name":"Wholesale Excavator Bucket Hook"}]},{"@type":"WebSite","@id":"https:\/\/gfmparts.com\/#website","url":"https:\/\/gfmparts.com\/","name":"GFM PARTS","description":"GFM since 2011 focused on excavator and bulldozer undercarriage parts manufacturing :Track rollers,carrier roller,idler,sprocket,track group,bucket tooth pin.","publisher":{"@id":"https:\/\/gfmparts.com\/#organization"},"alternateName":"gfmparts.com","potentialAction":[{"@type":"SearchAction","target":{"@type":"EntryPoint","urlTemplate":"https:\/\/gfmparts.com\/?s={search_term_string}"},"query-input":{"@type":"PropertyValueSpecification","valueRequired":true,"valueName":"search_term_string"}}],"inLanguage":"tr"},{"@type":"Organization","@id":"https:\/\/gfmparts.com\/#organization","name":"GFM PARTS","url":"https:\/\/gfmparts.com\/","logo":{"@type":"ImageObject","inLanguage":"tr","@id":"https:\/\/gfmparts.com\/#\/schema\/logo\/image\/","url":"https:\/\/gfmparts.com\/wp-content\/uploads\/2024\/11\/cropped-GFMparts.com_-2.png","contentUrl":"https:\/\/gfmparts.com\/wp-content\/uploads\/2024\/11\/cropped-GFMparts.com_-2.png","width":5987,"height":2564,"caption":"GFM PARTS"},"image":{"@id":"https:\/\/gfmparts.com\/#\/schema\/logo\/image\/"},"sameAs":["https:\/\/www.facebook.com\/gfmparts","https:\/\/www.linkedin.com\/company\/gfmparts\/","https:\/\/www.tiktok.com\/@gfmparts","https:\/\/www.youtube.com\/@GFMparts\/featured"]}]}},"_links":{"self":[{"href":"https:\/\/gfmparts.com\/tr\/wp-json\/wp\/v2\/product\/3303"}],"collection":[{"href":"https:\/\/gfmparts.com\/tr\/wp-json\/wp\/v2\/product"}],"about":[{"href":"https:\/\/gfmparts.com\/tr\/wp-json\/wp\/v2\/types\/product"}],"wp:featuredmedia":[{"embeddable":true,"href":"https:\/\/gfmparts.com\/tr\/wp-json\/wp\/v2\/media\/3586"}],"wp:attachment":[{"href":"https:\/\/gfmparts.com\/tr\/wp-json\/wp\/v2\/media?parent=3303"}],"wp:term":[{"taxonomy":"product_cat","embeddable":true,"href":"https:\/\/gfmparts.com\/tr\/wp-json\/wp\/v2\/product_cat?post=3303"},{"taxonomy":"product_tag","embeddable":true,"href":"https:\/\/gfmparts.com\/tr\/wp-json\/wp\/v2\/product_tag?post=3303"}],"curies":[{"name":"wp","href":"https:\/\/api.w.org\/{rel}","templated":true}]}}