{"id":3372,"date":"2025-01-21T07:04:02","date_gmt":"2025-01-21T07:04:02","guid":{"rendered":"https:\/\/gfmparts.com\/?post_type=product&#038;p=3372"},"modified":"2025-05-16T09:15:10","modified_gmt":"2025-05-16T09:15:10","slug":"excavator-bulldozer-track-roller-bolts","status":"publish","type":"product","link":"https:\/\/gfmparts.com\/tr\/product\/ekskavator-buldozer-palet-makarasi-civatalari\/","title":{"rendered":"Ekskavat\u00f6r ve Buldozer Palet Silindiri C\u0131vatalar\u0131"},"content":{"rendered":"<p><span style=\"color: #000000;\">The <a style=\"color: #000000;\" href=\"https:\/\/gfmparts.com\/tr\/product\/ekskavator-palet-pabucu-civata-ve-somun-ureticisi\/\">alt silindir c\u0131vatalar\u0131<\/a> Ekskavat\u00f6rler ve buldozerler, a\u011f\u0131r makinelerin istikrarl\u0131 \u00e7al\u0131\u015fmas\u0131n\u0131 destekleyen \u00f6nemli bile\u015fenlerdir. Buldozer paletlerini ve silindirlerini birbirine ba\u011flayan temel par\u00e7alar olarak, <a style=\"color: #000000;\" href=\"https:\/\/gfmparts.com\/tr\/product\/doosan-ekskavator-alt-silindir-fabrikasi\/\">palet makaras\u0131 c\u0131vatalar\u0131<\/a> Y\u00fcksek mukavemetli \u00e7elikten \u00fcretilmi\u015f olup, b\u00fcy\u00fck gerilim ve bas\u0131nca dayan\u0131kl\u0131d\u0131r ve ekipman\u0131n kullan\u0131m \u00f6mr\u00fcn\u00fc etkili bir \u015fekilde uzat\u0131r. Ekskavat\u00f6r ve buldozerlerin g\u00fcnl\u00fck kullan\u0131m\u0131nda, bu c\u0131vatalar silindirlerin ve palet sisteminin hassas bir \u015fekilde e\u015fle\u015fmesini sa\u011flar, a\u015f\u0131nmay\u0131 azalt\u0131r ve iyi \u00e7al\u0131\u015fma ko\u015fullar\u0131n\u0131 korur.<\/span><\/p>\n<p><span style=\"color: #000000;\">\u00d6zenli tasar\u0131m ve \u00fcretim sayesinde GFM \u00fcr\u00fcnleri, ekskavat\u00f6rler ve buldozerler gibi \u00e7e\u015fitli a\u011f\u0131r i\u015f makinelerine m\u00fckemmel uyum sa\u011flayarak g\u00fc\u00e7l\u00fc destek ve denge sa\u011flar. \u0130ster temel in\u015faat\u0131, ister madencilik veya karma\u015f\u0131k m\u00fchendislik operasyonlar\u0131 olsun, GFM&#039;nin silindirleri ve c\u0131vatalar\u0131 ekipman\u0131n verimli ve sorunsuz \u00e7al\u0131\u015fmas\u0131n\u0131 sa\u011flar.<\/span><\/p>\n<h6><span style=\"color: #000000;\">Temel avantajlar:<\/span><\/h6>\n<ul>\n<li><span style=\"color: #000000;\"><strong>Geli\u015ftirilmi\u015f ta\u015f\u0131ma kapasitesi:<\/strong> Silindir c\u0131vatalar\u0131 ve silindirler, uzun s\u00fcreli y\u00fcksek y\u00fck alt\u0131nda \u00e7al\u0131\u015fman\u0131n neden oldu\u011fu hasarlar\u0131 etkili bir \u015fekilde \u00f6nleyecek \u015fekilde y\u00fcksek ta\u015f\u0131ma kapasitesine sahip olarak tasarlanm\u0131\u015ft\u0131r.<\/span><\/li>\n<li><span style=\"color: #000000;\"><strong>Optimize edilmi\u015f e\u015fle\u015ftirme:<\/strong> GFM silindirleri ve silindir c\u0131vatalar\u0131n\u0131n hassas bir \u015fekilde e\u015fle\u015ftirilmesi a\u015f\u0131nmay\u0131 azalt\u0131r ve ekipman\u0131n genel performans\u0131n\u0131 ve hizmet \u00f6mr\u00fcn\u00fc art\u0131r\u0131r.<\/span><\/li>\n<\/ul>\n<h3><span style=\"color: #ff6600;\">\u00dcr\u00fcn A\u00e7\u0131klamas\u0131<\/span><\/h3>\n<ul>\n<li><span style=\"color: #000000;\"><strong>Hammadde:<\/strong> 40CR<\/span><\/li>\n<li><span style=\"color: #000000;\"><strong>Minimum Sipari\u015f Adedi:<\/strong>\u00a01 Bilgisayar<\/span><\/li>\n<li><span style=\"color: #000000;\"><strong>\u00d6deme y\u00f6ntemi:<\/strong>\u00a0T\/T<\/span><\/li>\n<li><span style=\"color: #000000;\"><strong>Marka:<\/strong>\u00a0GFM<\/span><\/li>\n<li><span style=\"color: #000000;\"><strong>Durum:<\/strong>\u00a0Yeni<\/span><\/li>\n<li><span style=\"color: #000000;\"><strong>Renk:<\/strong>\u00a0Sar\u0131, Siyah veya \u00d6zelle\u015ftirilmi\u015f<\/span><\/li>\n<li><span style=\"color: #000000;\"><strong>Kur\u015fun zaman\u0131:<\/strong>\u00a030 g\u00fcn<\/span><\/li>\n<li><span style=\"color: #000000;\"><strong>Garanti:<\/strong>\u00a01 Y\u0131l<\/span><\/li>\n<li><span style=\"color: #000000;\"><strong>Hizmet:<\/strong>\u00a0OEM veya ODM<\/span><\/li>\n<li><span style=\"color: #000000;\"><strong>Men\u015fei Yeri:<\/strong>\u00a0Fujian, \u00c7in<\/span><\/li>\n<li><span style=\"color: #000000;\"><strong>Ba\u015fvuru:<\/strong> Ekskavat\u00f6r veya Buldozerler<\/span><\/li>\n<li><span style=\"color: #000000;\"><strong>Paketleme:<\/strong>\u00a0Standart \u0130hracat Ah\u015fap Palet<\/span><\/li>\n<\/ul>\n<h3><span style=\"color: #ff6600;\">\u00d6zellikler<\/span><\/h3>\n<ul>\n<li><b><\/b><span style=\"color: #000000;\"><strong><b>Y\u00fcksek Mukavemetli Ala\u015f\u0131ml\u0131 \u00c7elik: <\/b><\/strong>A\u011f\u0131r hizmet uygulamalar\u0131 i\u00e7in gereken dayan\u0131kl\u0131l\u0131\u011f\u0131 sa\u011flar.<\/span><\/li>\n<li><span style=\"color: #000000;\"><b><\/b><strong><b>Hassas M\u00fchendislik: <\/b><\/strong>G\u00fcvenilir performans i\u00e7in bile\u015fenlerle tam uyum sa\u011flar.<\/span><\/li>\n<li><span style=\"color: #000000;\"><b><\/b><strong><b>Is\u0131l \u0130\u015flem: <\/b><\/strong>Sertli\u011fi ve mukavemeti artt\u0131rarak daha uzun \u00f6m\u00fcrl\u00fc olmas\u0131n\u0131 sa\u011flar.<\/span><\/li>\n<li><span style=\"color: #000000;\"><b><\/b><strong><b>Gev\u015femeyi \u00d6nleyici Tasar\u0131m: <\/b><\/strong>Yo\u011fun \u00e7al\u0131\u015fmalarda bile c\u0131vatalar\u0131n g\u00fcvenli bir \u015fekilde sabitlenmesini sa\u011flar.<\/span><\/li>\n<li><span style=\"color: #000000;\"><b><\/b><strong><b>Korozyon Korumas\u0131: <\/b><\/strong>Paslanmaya ve zorlu \u00e7evre ko\u015fullar\u0131na kar\u015f\u0131 koruma sa\u011flar.<\/span><b><\/b><\/li>\n<\/ul>\n<h3><span style=\"color: #ff6600;\">\u00d6zellikler<\/span><\/h3>\n<p style=\"text-align: center;\"><img fetchpriority=\"high\" decoding=\"async\" class=\"alignnone size-full wp-image-3373\" src=\"https:\/\/gfmparts.com\/wp-content\/uploads\/2025\/01\/Excavator-and-Bulldozer-Bottom-Roller-Bolts-specifications.png\" alt=\"Ekskavat\u00f6r ve Buldozer Alt Silindir C\u0131vatalar\u0131 \u00f6zellikleri\" width=\"728\" height=\"306\" srcset=\"https:\/\/gfmparts.com\/wp-content\/uploads\/2025\/01\/Excavator-and-Bulldozer-Bottom-Roller-Bolts-specifications.png 728w, https:\/\/gfmparts.com\/wp-content\/uploads\/2025\/01\/Excavator-and-Bulldozer-Bottom-Roller-Bolts-specifications-300x126.png 300w, https:\/\/gfmparts.com\/wp-content\/uploads\/2025\/01\/Excavator-and-Bulldozer-Bottom-Roller-Bolts-specifications-600x252.png 600w\" sizes=\"(max-width: 728px) 100vw, 728px\" \/><\/p>\n<h3><span style=\"color: #ff6600;\">\u00dcr\u00fcn Modelleri<\/span><\/h3>\n<p style=\"text-align: center;\"><img decoding=\"async\" class=\"alignnone size-full wp-image-3154\" src=\"https:\/\/gfmparts.com\/wp-content\/uploads\/2024\/12\/excavator-and-bulldozer-part-description.png\" alt=\"ekskavat\u00f6r ve buldozer par\u00e7a a\u00e7\u0131klamas\u0131\" width=\"853\" height=\"736\" srcset=\"https:\/\/gfmparts.com\/wp-content\/uploads\/2024\/12\/excavator-and-bulldozer-part-description.png 853w, https:\/\/gfmparts.com\/wp-content\/uploads\/2024\/12\/excavator-and-bulldozer-part-description-300x259.png 300w, https:\/\/gfmparts.com\/wp-content\/uploads\/2024\/12\/excavator-and-bulldozer-part-description-768x663.png 768w, https:\/\/gfmparts.com\/wp-content\/uploads\/2024\/12\/excavator-and-bulldozer-part-description-600x518.png 600w\" sizes=\"(max-width: 853px) 100vw, 853px\" \/><\/p>\n<h3><span style=\"color: #ff6600;\">\u00dcretim S\u00fcreci<\/span><\/h3>\n<p style=\"text-align: center;\"><iframe title=\"YouTube video oynat\u0131c\u0131s\u0131\" src=\"https:\/\/www.youtube.com\/embed\/p4WNLmr-Huc?si=PWuiZYSYsuM6wPVz\" width=\"1000\" height=\"562\" frameborder=\"0\" allowfullscreen=\"allowfullscreen\"><span data-mce-type=\"bookmark\" style=\"display: inline-block; width: 0px; overflow: hidden; line-height: 0;\" class=\"mce_SELRES_start\"><\/span><\/iframe><\/p>\n<p><img decoding=\"async\" class=\"size-large wp-image-3043 aligncenter\" src=\"https:\/\/gfmparts.com\/wp-content\/uploads\/2024\/12\/\u901a\u7528\u751f\u4ea7\u6d41\u7a0b-1-1024x648.jpg\" alt=\"ekskavat\u00f6r par\u00e7a \u00fcretim s\u00fcreci\" width=\"1024\" height=\"648\" srcset=\"\" sizes=\"(max-width: 1024px) 100vw, 1024px\" data-srcset=\"\" \/><\/p>\n<h3><span style=\"color: #ff6600;\">Paketleme ve Nakliye<\/span><\/h3>\n<p style=\"text-align: center;\"><img loading=\"lazy\" decoding=\"async\" class=\"alignnone size-large wp-image-6521\" src=\"https:\/\/gfmparts.com\/wp-content\/uploads\/2025\/05\/Packaging-and-Shipping-1-1-1024x648.jpg\" alt=\"Paketleme ve Nakliye\" width=\"1024\" height=\"648\" srcset=\"https:\/\/gfmparts.com\/wp-content\/uploads\/2025\/05\/Packaging-and-Shipping-1-1-1024x648.jpg 1024w, https:\/\/gfmparts.com\/wp-content\/uploads\/2025\/05\/Packaging-and-Shipping-1-1-300x190.jpg 300w, https:\/\/gfmparts.com\/wp-content\/uploads\/2025\/05\/Packaging-and-Shipping-1-1-768x486.jpg 768w, https:\/\/gfmparts.com\/wp-content\/uploads\/2025\/05\/Packaging-and-Shipping-1-1-1536x973.jpg 1536w, https:\/\/gfmparts.com\/wp-content\/uploads\/2025\/05\/Packaging-and-Shipping-1-1-2048x1297.jpg 2048w, https:\/\/gfmparts.com\/wp-content\/uploads\/2025\/05\/Packaging-and-Shipping-1-1-600x380.jpg 600w\" sizes=\"(max-width: 1024px) 100vw, 1024px\" \/><\/p>\n<h3><span style=\"color: #ff6600;\">Fabrika Avantajlar\u0131<\/span><\/h3>\n<p><span style=\"color: #000000;\">GFM <a style=\"color: #000000;\" href=\"https:\/\/gfmparts.com\/tr\/product\/kedi-alt-silindir-ekskavator-palet-silindiri-ureticisi\/\">palet silindiri fabrikas\u0131<\/a> y\u00fcksek kaliteli ekskavat\u00f6r sa\u011flamaya odaklan\u0131yor <a style=\"color: #000000;\" href=\"https:\/\/gfmparts.com\/tr\/product\/ekskavator-palet-silindiri-tedarikcisi\/\">buldozer palet silindirleri<\/a> ve ilgili aksesuarlar\u0131 d\u00fcnya \u00e7ap\u0131ndaki m\u00fc\u015fterilerimize sunuyoruz. Fabrikam\u0131z, her silindirin y\u00fcksek standartlarda test edilip onaylanmas\u0131n\u0131 sa\u011flamak i\u00e7in geli\u015fmi\u015f \u00fcretim ekipmanlar\u0131na ve s\u0131k\u0131 bir kalite kontrol sistemine sahiptir. Sekt\u00f6r lideri bir \u00fcretici olan GFM, yaln\u0131zca y\u00fcksek performansl\u0131 silindirler sa\u011flamakla kalmaz, ayn\u0131 zamanda farkl\u0131 \u00e7al\u0131\u015fma ko\u015fullar\u0131ndaki kullan\u0131m gereksinimlerini kar\u015f\u0131lamak i\u00e7in m\u00fc\u015fteri ihtiya\u00e7lar\u0131na g\u00f6re \u00f6zelle\u015ftirilmi\u015f hizmetler de sunar.<\/span><\/p>\n<h6><span style=\"color: #000000;\">Fabrikan\u0131n G\u00fcc\u00fc ve Avantajlar\u0131:<\/span><\/h6>\n<ul>\n<li><span style=\"color: #000000;\"><strong>\u0130leri \u00fcretim teknolojisi:<\/strong> GFM fabrikas\u0131, her \u00fcr\u00fcn\u00fcn y\u00fcksek hassasiyetini ve dayan\u0131kl\u0131l\u0131\u011f\u0131n\u0131 garanti alt\u0131na almak i\u00e7in uluslararas\u0131 d\u00fczeyde geli\u015fmi\u015f \u00fcretim s\u00fcre\u00e7leri ve ekipmanlar\u0131 kullanmaktad\u0131r.<\/span><\/li>\n<li><span style=\"color: #000000;\"><strong>\u00d6zelle\u015ftirilmi\u015f hizmetler:<\/strong> OEM\/ODM hizmetlerinin tamam\u0131n\u0131 sunuyoruz, ki\u015fiselle\u015ftirilmi\u015f \u00f6zelle\u015ftirmeyi destekliyoruz ve farkl\u0131 \u00e7al\u0131\u015fma ortamlar\u0131ndaki m\u00fc\u015fterilerin \u00f6zel ihtiya\u00e7lar\u0131n\u0131 kar\u015f\u0131l\u0131yoruz.<\/span><\/li>\n<li><span style=\"color: #000000;\"><strong>S\u0131k\u0131 kalite kontrol\u00fc:<\/strong> Her silindir \u00fcr\u00fcn\u00fc, istikrarl\u0131 \u00fcr\u00fcn kalitesini garantilemek ve m\u00fc\u015fteri g\u00fcvenini art\u0131rmak i\u00e7in \u00e7ok say\u0131da i\u015flem testinden ge\u00e7irilir.<\/span><\/li>\n<li><span style=\"color: #000000;\"><strong>Zengin deneyim:<\/strong> Uzun y\u0131llara dayanan sekt\u00f6r deneyimine sahip profesyonel bir \u00fcretici olarak GFM, zengin \u00fcretim deneyimi biriktirmi\u015f olup, m\u00fc\u015fterilerine daha profesyonel teknik destek ve \u00e7\u00f6z\u00fcmler sunabilmektedir.<\/span><\/li>\n<\/ul>\n<p style=\"text-align: center;\"><span style=\"color: #000000;\"><img loading=\"lazy\" decoding=\"async\" class=\"alignnone wp-image-2159\" src=\"https:\/\/gfmparts.com\/wp-content\/uploads\/2024\/12\/\u5fae\u4fe1\u56fe\u7247_20241202160325-1024x576.jpg\" alt=\"ekskavat\u00f6r di\u015f pimi \u00fcreticisi\" width=\"767\" height=\"431\" srcset=\"\" sizes=\"(max-width: 767px) 100vw, 767px\" data-srcset=\"\" \/><\/span><\/p>","protected":false},"excerpt":{"rendered":"<ul>\n<li><span style=\"color: #000000;\">\u00dcr\u00fcn Kalitesi Garantili<\/span><\/li>\n<li><span style=\"color: #000000;\">B\u00fcy\u00fck Tedarik<\/span><\/li>\n<li><span style=\"color: #000000;\">Rekabet\u00e7i Fiyatland\u0131rma<\/span><\/li>\n<li><span style=\"color: #000000;\">\u00c7o\u011fu Marka ve Model<\/span><\/li>\n<li><span style=\"color: #000000;\">Yard\u0131msever M\u00fc\u015fteri Hizmetleri Ekibi<\/span><\/li>\n<li><span style=\"color: #000000;\">Profesyonel Teknik Destek<\/span><\/li>\n<\/ul>","protected":false},"featured_media":3580,"template":"","meta":{"site-sidebar-layout":"default","site-content-layout":"","ast-site-content-layout":"default","site-content-style":"default","site-sidebar-style":"default","ast-global-header-display":"","ast-banner-title-visibility":"","ast-main-header-display":"","ast-hfb-above-header-display":"","ast-hfb-below-header-display":"","ast-hfb-mobile-header-display":"","site-post-title":"","ast-breadcrumbs-content":"","ast-featured-img":"","footer-sml-layout":"","theme-transparent-header-meta":"default","adv-header-id-meta":"","stick-header-meta":"default","header-above-stick-meta":"","header-main-stick-meta":"","header-below-stick-meta":"","astra-migrate-meta-layouts":"set","ast-page-background-enabled":"default","ast-page-background-meta":{"desktop":{"background-color":"","background-image":"","background-repeat":"repeat","background-position":"center center","background-size":"auto","background-attachment":"scroll","background-type":"","background-media":"","overlay-type":"","overlay-color":"","overlay-opacity":"","overlay-gradient":""},"tablet":{"background-color":"","background-image":"","background-repeat":"repeat","background-position":"center center","background-size":"auto","background-attachment":"scroll","background-type":"","background-media":"","overlay-type":"","overlay-color":"","overlay-opacity":"","overlay-gradient":""},"mobile":{"background-color":"","background-image":"","background-repeat":"repeat","background-position":"center center","background-size":"auto","background-attachment":"scroll","background-type":"","background-media":"","overlay-type":"","overlay-color":"","overlay-opacity":"","overlay-gradient":""}},"ast-content-background-meta":{"desktop":{"background-color":"var(--ast-global-color-5)","background-image":"","background-repeat":"repeat","background-position":"center center","background-size":"auto","background-attachment":"scroll","background-type":"","background-media":"","overlay-type":"","overlay-color":"","overlay-opacity":"","overlay-gradient":""},"tablet":{"background-color":"var(--ast-global-color-5)","background-image":"","background-repeat":"repeat","background-position":"center center","background-size":"auto","background-attachment":"scroll","background-type":"","background-media":"","overlay-type":"","overlay-color":"","overlay-opacity":"","overlay-gradient":""},"mobile":{"background-color":"var(--ast-global-color-5)","background-image":"","background-repeat":"repeat","background-position":"center center","background-size":"auto","background-attachment":"scroll","background-type":"","background-media":"","overlay-type":"","overlay-color":"","overlay-opacity":"","overlay-gradient":""}}},"product_cat":[27,37],"product_tag":[],"class_list":{"0":"post-3372","1":"product","2":"type-product","3":"status-publish","4":"has-post-thumbnail","6":"product_cat-parts","7":"product_cat-bolt-nut","8":"desktop-align-left","9":"tablet-align-left","10":"mobile-align-left","11":"ast-product-gallery-layout-horizontal-slider","12":"ast-product-gallery-with-no-image","13":"ast-product-tabs-layout-horizontal","15":"first","16":"instock","17":"shipping-taxable","18":"product-type-simple"},"yoast_head":"<!-- This site is optimized with the Yoast SEO Premium plugin v22.8 (Yoast SEO v23.9) - https:\/\/yoast.com\/wordpress\/plugins\/seo\/ -->\n<title>Excavator Bulldozer Track Roller Bolts Manufacturer - GFM<\/title>\n<meta name=\"description\" content=\"The GFM track roller factory has more than ten years of production experience and focuses on providing high-quality excavator bulldozer rollers and related accessories.\" \/>\n<meta name=\"robots\" content=\"index, follow, max-snippet:-1, max-image-preview:large, max-video-preview:-1\" \/>\n<link rel=\"canonical\" href=\"https:\/\/gfmparts.com\/tr\/product\/ekskavator-buldozer-palet-makarasi-civatalari\/\" \/>\n<meta property=\"og:locale\" content=\"tr_TR\" \/>\n<meta property=\"og:type\" content=\"article\" \/>\n<meta property=\"og:title\" content=\"Excavator and Bulldozer Track Roller Bolts\" \/>\n<meta property=\"og:description\" content=\"The GFM track roller factory has more than ten years of production experience and focuses on providing high-quality excavator bulldozer rollers and related accessories.\" \/>\n<meta property=\"og:url\" content=\"https:\/\/gfmparts.com\/tr\/product\/ekskavator-buldozer-palet-makarasi-civatalari\/\" \/>\n<meta property=\"article:publisher\" content=\"https:\/\/www.facebook.com\/gfmparts\" \/>\n<meta property=\"article:modified_time\" content=\"2025-05-16T09:15:10+00:00\" \/>\n<meta property=\"og:image\" content=\"https:\/\/gfmparts.com\/wp-content\/uploads\/2025\/01\/Bottom-Roller-Bolts-1.png\" \/>\n\t<meta property=\"og:image:width\" content=\"918\" \/>\n\t<meta property=\"og:image:height\" content=\"918\" \/>\n\t<meta property=\"og:image:type\" content=\"image\/png\" \/>\n<meta name=\"twitter:card\" content=\"summary_large_image\" \/>\n<meta name=\"twitter:label1\" content=\"Tahmini okuma s\u00fcresi\" \/>\n\t<meta name=\"twitter:data1\" content=\"3 dakika\" \/>\n<script type=\"application\/ld+json\" class=\"yoast-schema-graph\">{\"@context\":\"https:\/\/schema.org\",\"@graph\":[{\"@type\":\"WebPage\",\"@id\":\"https:\/\/gfmparts.com\/product\/excavator-bulldozer-track-roller-bolts\/\",\"url\":\"https:\/\/gfmparts.com\/product\/excavator-bulldozer-track-roller-bolts\/\",\"name\":\"Excavator Bulldozer Track Roller Bolts Manufacturer - GFM\",\"isPartOf\":{\"@id\":\"https:\/\/gfmparts.com\/#website\"},\"primaryImageOfPage\":{\"@id\":\"https:\/\/gfmparts.com\/product\/excavator-bulldozer-track-roller-bolts\/#primaryimage\"},\"image\":{\"@id\":\"https:\/\/gfmparts.com\/product\/excavator-bulldozer-track-roller-bolts\/#primaryimage\"},\"thumbnailUrl\":\"https:\/\/gfmparts.com\/wp-content\/uploads\/2025\/01\/Bottom-Roller-Bolts-1.png\",\"datePublished\":\"2025-01-21T07:04:02+00:00\",\"dateModified\":\"2025-05-16T09:15:10+00:00\",\"description\":\"The GFM track roller factory has more than ten years of production experience and focuses on providing high-quality excavator bulldozer rollers and related accessories.\",\"breadcrumb\":{\"@id\":\"https:\/\/gfmparts.com\/product\/excavator-bulldozer-track-roller-bolts\/#breadcrumb\"},\"inLanguage\":\"tr\",\"potentialAction\":[{\"@type\":\"ReadAction\",\"target\":[\"https:\/\/gfmparts.com\/product\/excavator-bulldozer-track-roller-bolts\/\"]}]},{\"@type\":\"ImageObject\",\"inLanguage\":\"tr\",\"@id\":\"https:\/\/gfmparts.com\/product\/excavator-bulldozer-track-roller-bolts\/#primaryimage\",\"url\":\"https:\/\/gfmparts.com\/wp-content\/uploads\/2025\/01\/Bottom-Roller-Bolts-1.png\",\"contentUrl\":\"https:\/\/gfmparts.com\/wp-content\/uploads\/2025\/01\/Bottom-Roller-Bolts-1.png\",\"width\":918,\"height\":918,\"caption\":\"Bottom Roller Bolts\"},{\"@type\":\"BreadcrumbList\",\"@id\":\"https:\/\/gfmparts.com\/product\/excavator-bulldozer-track-roller-bolts\/#breadcrumb\",\"itemListElement\":[{\"@type\":\"ListItem\",\"position\":1,\"name\":\"\u9996\u9875\",\"item\":\"https:\/\/gfmparts.com\/\"},{\"@type\":\"ListItem\",\"position\":2,\"name\":\"All Product\",\"item\":\"https:\/\/gfmparts.com\/all-product\/\"},{\"@type\":\"ListItem\",\"position\":3,\"name\":\"Excavator and Bulldozer Track Roller Bolts\"}]},{\"@type\":\"WebSite\",\"@id\":\"https:\/\/gfmparts.com\/#website\",\"url\":\"https:\/\/gfmparts.com\/\",\"name\":\"GFM PARTS\",\"description\":\"GFM since 2011 focused on excavator and bulldozer undercarriage parts manufacturing :Track rollers,carrier roller,idler,sprocket,track group,bucket tooth pin.\",\"publisher\":{\"@id\":\"https:\/\/gfmparts.com\/#organization\"},\"alternateName\":\"gfmparts.com\",\"potentialAction\":[{\"@type\":\"SearchAction\",\"target\":{\"@type\":\"EntryPoint\",\"urlTemplate\":\"https:\/\/gfmparts.com\/?s={search_term_string}\"},\"query-input\":{\"@type\":\"PropertyValueSpecification\",\"valueRequired\":true,\"valueName\":\"search_term_string\"}}],\"inLanguage\":\"tr\"},{\"@type\":\"Organization\",\"@id\":\"https:\/\/gfmparts.com\/#organization\",\"name\":\"GFM PARTS\",\"url\":\"https:\/\/gfmparts.com\/\",\"logo\":{\"@type\":\"ImageObject\",\"inLanguage\":\"tr\",\"@id\":\"https:\/\/gfmparts.com\/#\/schema\/logo\/image\/\",\"url\":\"https:\/\/gfmparts.com\/wp-content\/uploads\/2024\/11\/cropped-GFMparts.com_-2.png\",\"contentUrl\":\"https:\/\/gfmparts.com\/wp-content\/uploads\/2024\/11\/cropped-GFMparts.com_-2.png\",\"width\":5987,\"height\":2564,\"caption\":\"GFM PARTS\"},\"image\":{\"@id\":\"https:\/\/gfmparts.com\/#\/schema\/logo\/image\/\"},\"sameAs\":[\"https:\/\/www.facebook.com\/gfmparts\",\"https:\/\/www.linkedin.com\/company\/gfmparts\/\",\"https:\/\/www.tiktok.com\/@gfmparts\",\"https:\/\/www.youtube.com\/@GFMparts\/featured\"]}]}<\/script>\n<!-- \/ Yoast SEO Premium plugin. -->","yoast_head_json":{"title":"Excavator Bulldozer Track Roller Bolts Manufacturer - GFM","description":"The GFM track roller factory has more than ten years of production experience and focuses on providing high-quality excavator bulldozer rollers and related accessories.","robots":{"index":"index","follow":"follow","max-snippet":"max-snippet:-1","max-image-preview":"max-image-preview:large","max-video-preview":"max-video-preview:-1"},"canonical":"https:\/\/gfmparts.com\/tr\/product\/ekskavator-buldozer-palet-makarasi-civatalari\/","og_locale":"tr_TR","og_type":"article","og_title":"Excavator and Bulldozer Track Roller Bolts","og_description":"The GFM track roller factory has more than ten years of production experience and focuses on providing high-quality excavator bulldozer rollers and related accessories.","og_url":"https:\/\/gfmparts.com\/tr\/product\/ekskavator-buldozer-palet-makarasi-civatalari\/","article_publisher":"https:\/\/www.facebook.com\/gfmparts","article_modified_time":"2025-05-16T09:15:10+00:00","og_image":[{"width":918,"height":918,"url":"https:\/\/gfmparts.com\/wp-content\/uploads\/2025\/01\/Bottom-Roller-Bolts-1.png","type":"image\/png"}],"twitter_card":"summary_large_image","twitter_misc":{"Tahmini okuma s\u00fcresi":"3 dakika"},"schema":{"@context":"https:\/\/schema.org","@graph":[{"@type":"WebPage","@id":"https:\/\/gfmparts.com\/product\/excavator-bulldozer-track-roller-bolts\/","url":"https:\/\/gfmparts.com\/product\/excavator-bulldozer-track-roller-bolts\/","name":"Excavator Bulldozer Track Roller Bolts Manufacturer - GFM","isPartOf":{"@id":"https:\/\/gfmparts.com\/#website"},"primaryImageOfPage":{"@id":"https:\/\/gfmparts.com\/product\/excavator-bulldozer-track-roller-bolts\/#primaryimage"},"image":{"@id":"https:\/\/gfmparts.com\/product\/excavator-bulldozer-track-roller-bolts\/#primaryimage"},"thumbnailUrl":"https:\/\/gfmparts.com\/wp-content\/uploads\/2025\/01\/Bottom-Roller-Bolts-1.png","datePublished":"2025-01-21T07:04:02+00:00","dateModified":"2025-05-16T09:15:10+00:00","description":"The GFM track roller factory has more than ten years of production experience and focuses on providing high-quality excavator bulldozer rollers and related accessories.","breadcrumb":{"@id":"https:\/\/gfmparts.com\/product\/excavator-bulldozer-track-roller-bolts\/#breadcrumb"},"inLanguage":"tr","potentialAction":[{"@type":"ReadAction","target":["https:\/\/gfmparts.com\/product\/excavator-bulldozer-track-roller-bolts\/"]}]},{"@type":"ImageObject","inLanguage":"tr","@id":"https:\/\/gfmparts.com\/product\/excavator-bulldozer-track-roller-bolts\/#primaryimage","url":"https:\/\/gfmparts.com\/wp-content\/uploads\/2025\/01\/Bottom-Roller-Bolts-1.png","contentUrl":"https:\/\/gfmparts.com\/wp-content\/uploads\/2025\/01\/Bottom-Roller-Bolts-1.png","width":918,"height":918,"caption":"Bottom Roller Bolts"},{"@type":"BreadcrumbList","@id":"https:\/\/gfmparts.com\/product\/excavator-bulldozer-track-roller-bolts\/#breadcrumb","itemListElement":[{"@type":"ListItem","position":1,"name":"\u9996\u9875","item":"https:\/\/gfmparts.com\/"},{"@type":"ListItem","position":2,"name":"All Product","item":"https:\/\/gfmparts.com\/all-product\/"},{"@type":"ListItem","position":3,"name":"Excavator and Bulldozer Track Roller Bolts"}]},{"@type":"WebSite","@id":"https:\/\/gfmparts.com\/#website","url":"https:\/\/gfmparts.com\/","name":"GFM PARTS","description":"GFM since 2011 focused on excavator and bulldozer undercarriage parts manufacturing :Track rollers,carrier roller,idler,sprocket,track group,bucket tooth pin.","publisher":{"@id":"https:\/\/gfmparts.com\/#organization"},"alternateName":"gfmparts.com","potentialAction":[{"@type":"SearchAction","target":{"@type":"EntryPoint","urlTemplate":"https:\/\/gfmparts.com\/?s={search_term_string}"},"query-input":{"@type":"PropertyValueSpecification","valueRequired":true,"valueName":"search_term_string"}}],"inLanguage":"tr"},{"@type":"Organization","@id":"https:\/\/gfmparts.com\/#organization","name":"GFM PARTS","url":"https:\/\/gfmparts.com\/","logo":{"@type":"ImageObject","inLanguage":"tr","@id":"https:\/\/gfmparts.com\/#\/schema\/logo\/image\/","url":"https:\/\/gfmparts.com\/wp-content\/uploads\/2024\/11\/cropped-GFMparts.com_-2.png","contentUrl":"https:\/\/gfmparts.com\/wp-content\/uploads\/2024\/11\/cropped-GFMparts.com_-2.png","width":5987,"height":2564,"caption":"GFM PARTS"},"image":{"@id":"https:\/\/gfmparts.com\/#\/schema\/logo\/image\/"},"sameAs":["https:\/\/www.facebook.com\/gfmparts","https:\/\/www.linkedin.com\/company\/gfmparts\/","https:\/\/www.tiktok.com\/@gfmparts","https:\/\/www.youtube.com\/@GFMparts\/featured"]}]}},"_links":{"self":[{"href":"https:\/\/gfmparts.com\/tr\/wp-json\/wp\/v2\/product\/3372"}],"collection":[{"href":"https:\/\/gfmparts.com\/tr\/wp-json\/wp\/v2\/product"}],"about":[{"href":"https:\/\/gfmparts.com\/tr\/wp-json\/wp\/v2\/types\/product"}],"wp:featuredmedia":[{"embeddable":true,"href":"https:\/\/gfmparts.com\/tr\/wp-json\/wp\/v2\/media\/3580"}],"wp:attachment":[{"href":"https:\/\/gfmparts.com\/tr\/wp-json\/wp\/v2\/media?parent=3372"}],"wp:term":[{"taxonomy":"product_cat","embeddable":true,"href":"https:\/\/gfmparts.com\/tr\/wp-json\/wp\/v2\/product_cat?post=3372"},{"taxonomy":"product_tag","embeddable":true,"href":"https:\/\/gfmparts.com\/tr\/wp-json\/wp\/v2\/product_tag?post=3372"}],"curies":[{"name":"wp","href":"https:\/\/api.w.org\/{rel}","templated":true}]}}