{"id":3383,"date":"2025-01-22T06:41:37","date_gmt":"2025-01-22T06:41:37","guid":{"rendered":"https:\/\/gfmparts.com\/?post_type=product&#038;p=3383"},"modified":"2025-05-16T09:14:36","modified_gmt":"2025-05-16T09:14:36","slug":"excavator-sprocket-bolts-supplier","status":"publish","type":"product","link":"https:\/\/gfmparts.com\/tr\/product\/ekskavator-disli-civatalari-tedarikcisi\/","title":{"rendered":"40CR Malzeme Ekskavat\u00f6r Di\u015fli C\u0131vatalar\u0131"},"content":{"rendered":"<p><span style=\"color: #000000;\">The <a style=\"color: #000000;\" href=\"https:\/\/gfmparts.com\/tr\/product\/ekskavator-buldozer-palet-makarasi-civatalari\/\">di\u015fli c\u0131vatalar\u0131<\/a> Ekskavat\u00f6rlerin tahrik sisteminin \u00f6nemli bir bile\u015feni olan di\u015fli, zincir di\u015flisi ile paletli ara\u00e7 aras\u0131nda sa\u011flam bir ba\u011flant\u0131 sa\u011flayarak ekipman\u0131n karma\u015f\u0131k ortamlarda \u00e7al\u0131\u015fma verimlili\u011fini art\u0131r\u0131r. GFM taraf\u0131ndan sa\u011flanan di\u015fli c\u0131vatalar\u0131, y\u00fcksek mukavemetli ala\u015f\u0131ml\u0131 \u00e7elikten \u00fcretilmi\u015ftir ve m\u00fckemmel a\u015f\u0131nma ve yorulma direncine sahip olup, su verme ve \u0131s\u0131l i\u015flemden sonra uzun kullan\u0131m \u00f6mr\u00fc sunar. Bu c\u0131vatalar, montaj do\u011frulu\u011fu ve \u00e7al\u0131\u015fma stabilitesi sa\u011flamak i\u00e7in hassas bir \u015fekilde i\u015flenmi\u015f ve s\u0131k\u0131 bir \u015fekilde kontrol edilmi\u015ftir ve y\u00fcksek y\u00fck operasyonlar\u0131nda bile m\u00fckemmel performans g\u00f6sterebilir.<\/span><\/p>\n<p><span style=\"color: #000000;\">GFM, s\u0131radan tedarik\u00e7ilerle kar\u015f\u0131la\u015ft\u0131r\u0131ld\u0131\u011f\u0131nda \u00f6zelle\u015ftirilmi\u015f OEM\/ODM hizmetlerini destekler ve m\u00fc\u015fteri ihtiya\u00e7lar\u0131na g\u00f6re \u00f6zel \u00f6zellikler, malzemeler ve y\u00fczey i\u015flemleri i\u00e7eren \u00fcr\u00fcnler sa\u011flayabilir. Ayr\u0131ca, GFM&#039;nin m\u00fchendislik ekibi zengin pratik deneyime sahiptir ve m\u00fc\u015fterilere ekipmanlar\u0131n uzun vadeli ve verimli \u00e7al\u0131\u015fmas\u0131n\u0131 sa\u011flamak i\u00e7in profesyonel teknik destek ve \u00e7\u00f6z\u00fcmler sunabilir. GFM ile i\u015f birli\u011fi yapmak, yaln\u0131zca y\u00fcksek kaliteli di\u015fli c\u0131vata \u00fcr\u00fcnleri se\u00e7mek de\u011fil, ayn\u0131 zamanda g\u00fcvenilir bir ortak se\u00e7mek anlam\u0131na gelir.<\/span><\/p>\n<h3><span style=\"color: #ff6600;\">\u00dcr\u00fcn A\u00e7\u0131klamas\u0131<\/span><\/h3>\n<ul>\n<li><span style=\"color: #000000;\"><strong>Hammadde:<\/strong> 40CR<\/span><\/li>\n<li><span style=\"color: #000000;\"><strong>Minimum Sipari\u015f Adedi:<\/strong>\u00a01 Bilgisayar<\/span><\/li>\n<li><span style=\"color: #000000;\"><strong>\u00d6deme y\u00f6ntemi:<\/strong>\u00a0T\/T<\/span><\/li>\n<li><span style=\"color: #000000;\"><strong>Marka:<\/strong>\u00a0GFM<\/span><\/li>\n<li><span style=\"color: #000000;\"><strong>Durum:<\/strong>\u00a0Yeni<\/span><\/li>\n<li><span style=\"color: #000000;\"><strong>Renk:<\/strong>\u00a0Sar\u0131, Siyah veya \u00d6zelle\u015ftirilmi\u015f<\/span><\/li>\n<li><span style=\"color: #000000;\"><strong>Kur\u015fun zaman\u0131:<\/strong>\u00a030 g\u00fcn<\/span><\/li>\n<li><span style=\"color: #000000;\"><strong>Garanti:<\/strong>\u00a01 Y\u0131l<\/span><\/li>\n<li><span style=\"color: #000000;\"><strong>Hizmet:<\/strong>\u00a0OEM veya ODM<\/span><\/li>\n<li><span style=\"color: #000000;\"><strong>Men\u015fei Yeri:<\/strong>\u00a0Fujian, \u00c7in<\/span><\/li>\n<li><span style=\"color: #000000;\"><strong>Ba\u015fvuru:<\/strong> Ekskavat\u00f6r<\/span><\/li>\n<li><span style=\"color: #000000;\"><strong>Paketleme:<\/strong>\u00a0Standart \u0130hracat Ah\u015fap Palet<\/span><\/li>\n<\/ul>\n<h3><span style=\"color: #ff6600;\">\u00d6zellikler<\/span><\/h3>\n<ul>\n<li><b><\/b><span style=\"color: #000000;\"><strong><b>Y\u00fcksek Mukavemetli Ala\u015f\u0131ml\u0131 \u00c7elik: <\/b><\/strong>A\u011f\u0131r hizmet uygulamalar\u0131nda dayan\u0131kl\u0131l\u0131k i\u00e7in tasarlanm\u0131\u015ft\u0131r ve uzun s\u00fcreli performans sa\u011flar.<\/span><\/li>\n<li><span style=\"color: #000000;\"><b><\/b><strong><b>Hassas M\u00fchendislik: <\/b><\/strong>Makinenizle m\u00fckemmel uyum sa\u011flayacak \u015fekilde tasarlanm\u0131\u015ft\u0131r, g\u00fcvenilir ve verimli bir \u00e7al\u0131\u015fma sa\u011flar.<\/span><\/li>\n<li><span style=\"color: #000000;\"><b><\/b><strong><b>Is\u0131l \u0130\u015flem: <\/b><\/strong>Geli\u015ftirilmi\u015f sertlik ve mukavemet, c\u0131vatalar\u0131n kullan\u0131m \u00f6mr\u00fcn\u00fc uzatarak s\u00fcrekli performans sa\u011flar.<\/span><\/li>\n<li><span style=\"color: #000000;\"><b><\/b><strong><b>Gev\u015femeyi \u00d6nleyici Tasar\u0131m: <\/b><\/strong>Yo\u011fun \u00e7al\u0131\u015fma ko\u015fullar\u0131nda bile c\u0131vatalar\u0131n g\u00fcvenli bir \u015fekilde sabitlenmesini sa\u011flar.<\/span><\/li>\n<li><span style=\"color: #000000;\"><b><\/b><strong><b>Korozyon Korumas\u0131: <\/b><\/strong>Paslanmaya kar\u015f\u0131 dayan\u0131kl\u0131 ve zorlu \u00e7evre ko\u015fullar\u0131na dayan\u0131kl\u0131 olacak \u015fekilde kaplanm\u0131\u015ft\u0131r, her t\u00fcrl\u00fc ortamda g\u00fcvenilirlik sa\u011flar.<\/span><b><\/b><\/li>\n<\/ul>\n<h3><span style=\"color: #ff6600;\">\u00d6zellikler<\/span><\/h3>\n<p style=\"text-align: center;\"><img fetchpriority=\"high\" decoding=\"async\" class=\"alignnone size-full wp-image-3384\" src=\"https:\/\/gfmparts.com\/wp-content\/uploads\/2025\/01\/Excavator-Sprocket-Bolts-spec.png\" alt=\"Ekskavat\u00f6r Di\u015fli C\u0131vatalar\u0131 \u00f6zellikleri\" width=\"664\" height=\"155\" srcset=\"https:\/\/gfmparts.com\/wp-content\/uploads\/2025\/01\/Excavator-Sprocket-Bolts-spec.png 664w, https:\/\/gfmparts.com\/wp-content\/uploads\/2025\/01\/Excavator-Sprocket-Bolts-spec-300x70.png 300w, https:\/\/gfmparts.com\/wp-content\/uploads\/2025\/01\/Excavator-Sprocket-Bolts-spec-600x140.png 600w\" sizes=\"(max-width: 664px) 100vw, 664px\" \/><\/p>\n<h3><span style=\"color: #ff6600;\">\u00dcr\u00fcn Modelleri<\/span><\/h3>\n<p style=\"text-align: center;\"><img decoding=\"async\" class=\"alignnone size-full wp-image-3147\" src=\"https:\/\/gfmparts.com\/wp-content\/uploads\/2024\/11\/excavator-part-description-e1735350735761.png\" alt=\"ekskavat\u00f6r par\u00e7a a\u00e7\u0131klamas\u0131\" width=\"856\" height=\"694\" srcset=\"https:\/\/gfmparts.com\/wp-content\/uploads\/2024\/11\/excavator-part-description-e1735350735761.png 856w, https:\/\/gfmparts.com\/wp-content\/uploads\/2024\/11\/excavator-part-description-e1735350735761-300x243.png 300w, https:\/\/gfmparts.com\/wp-content\/uploads\/2024\/11\/excavator-part-description-e1735350735761-768x623.png 768w, https:\/\/gfmparts.com\/wp-content\/uploads\/2024\/11\/excavator-part-description-e1735350735761-600x486.png 600w\" sizes=\"(max-width: 856px) 100vw, 856px\" \/><\/p>\n<h3><span style=\"color: #ff6600;\">\u00dcretim S\u00fcreci<\/span><\/h3>\n<p style=\"text-align: center;\"><iframe title=\"YouTube video oynat\u0131c\u0131s\u0131\" src=\"https:\/\/www.youtube.com\/embed\/p4WNLmr-Huc?si=PWuiZYSYsuM6wPVz\" width=\"1000\" height=\"562\" frameborder=\"0\" allowfullscreen=\"allowfullscreen\"><span data-mce-type=\"bookmark\" style=\"display: inline-block; width: 0px; overflow: hidden; line-height: 0;\" class=\"mce_SELRES_start\"><\/span><\/iframe><\/p>\n<p><img decoding=\"async\" class=\"size-large wp-image-3043 aligncenter\" src=\"https:\/\/gfmparts.com\/wp-content\/uploads\/2024\/12\/\u901a\u7528\u751f\u4ea7\u6d41\u7a0b-1-1024x648.jpg\" alt=\"ekskavat\u00f6r par\u00e7a \u00fcretim s\u00fcreci\" width=\"1024\" height=\"648\" srcset=\"\" sizes=\"(max-width: 1024px) 100vw, 1024px\" data-srcset=\"\" \/><\/p>\n<h3><span style=\"color: #ff6600;\">Paketleme ve Nakliye<\/span><\/h3>\n<p style=\"text-align: center;\"><img loading=\"lazy\" decoding=\"async\" class=\"alignnone size-large wp-image-6521\" src=\"https:\/\/gfmparts.com\/wp-content\/uploads\/2025\/05\/Packaging-and-Shipping-1-1-1024x648.jpg\" alt=\"Paketleme ve Nakliye\" width=\"1024\" height=\"648\" srcset=\"https:\/\/gfmparts.com\/wp-content\/uploads\/2025\/05\/Packaging-and-Shipping-1-1-1024x648.jpg 1024w, https:\/\/gfmparts.com\/wp-content\/uploads\/2025\/05\/Packaging-and-Shipping-1-1-300x190.jpg 300w, https:\/\/gfmparts.com\/wp-content\/uploads\/2025\/05\/Packaging-and-Shipping-1-1-768x486.jpg 768w, https:\/\/gfmparts.com\/wp-content\/uploads\/2025\/05\/Packaging-and-Shipping-1-1-1536x973.jpg 1536w, https:\/\/gfmparts.com\/wp-content\/uploads\/2025\/05\/Packaging-and-Shipping-1-1-2048x1297.jpg 2048w, https:\/\/gfmparts.com\/wp-content\/uploads\/2025\/05\/Packaging-and-Shipping-1-1-600x380.jpg 600w\" sizes=\"(max-width: 1024px) 100vw, 1024px\" \/><\/p>\n<h3><span style=\"color: #ff6600;\">Fabrika Avantajlar\u0131<\/span><\/h3>\n<p><span style=\"color: #000000;\">Bir profesyonel olarak <a style=\"color: #000000;\" href=\"https:\/\/gfmparts.com\/tr\/product\/ekskavator-palet-pabucu-civata-ve-somun-ureticisi\/\">ekskavat\u00f6r di\u015flisi tedarik\u00e7isi<\/a>GFM, modern \u00fcretim ekipmanlar\u0131na ve s\u0131k\u0131 bir kalite y\u00f6netim sistemine sahiptir. Fabrikam\u0131z ISO sertifikal\u0131d\u0131r ve b\u00fcy\u00fck \u00f6l\u00e7ekli \u00f6zelle\u015ftirilmi\u015f \u00fcretimi destekler. \u00dcr\u00fcnlerimiz \u00e7e\u015fitli ekskavat\u00f6r zincir di\u015flisi ve aksesuarlar\u0131n\u0131 kapsamaktad\u0131r. 20 y\u0131l\u0131 a\u015fk\u0131n sekt\u00f6r deneyimimizle, Ar-Ge&#039;den \u00fcretime ve sat\u0131\u015f sonras\u0131na kadar tek elden hizmet sunarak, m\u00fc\u015fterilerimizin tahrik sistemi sorunlar\u0131n\u0131 verimli bir \u015fekilde \u00e7\u00f6zmelerine yard\u0131mc\u0131 oluyoruz. GFM ayr\u0131ca \u00e7evre dostu \u00fcretime odaklan\u0131yor ve \u00fcr\u00fcnlerin hem y\u00fcksek performansl\u0131 hem de \u00e7evre dostu olmas\u0131n\u0131 sa\u011flamak i\u00e7in y\u00fcksek kaliteli malzemeler se\u00e7iyor.<\/span><\/p>\n<p><span style=\"color: #000000;\">GFM&#039;nin zincir di\u015flileri ve c\u0131vatalar\u0131 d\u00fcnya \u00e7ap\u0131nda bir\u00e7ok \u00fclke ve b\u00f6lgede ba\u015far\u0131yla sat\u0131lmakta ve m\u00fc\u015fterilerimiz taraf\u0131ndan memnuniyetle kar\u015f\u0131lanmaktad\u0131r. M\u00fc\u015fteri taleplerine her zaman odakl\u0131y\u0131z ve \u00fcr\u00fcn kalitemizi ve hizmet seviyemizi s\u00fcrekli geli\u015ftiriyoruz. \u0130ster bir in\u015faat makinesi ekipman\u0131 \u00fcreticisi ister bir bak\u0131m hizmeti sa\u011flay\u0131c\u0131s\u0131 olun, GFM size uluslararas\u0131 standartlar\u0131 kar\u015f\u0131layan y\u00fcksek kaliteli tahrik di\u015flisi \u00fcr\u00fcnleri sa\u011flayabilir. Ekipman\u0131n\u0131z\u0131n m\u00fckemmel performans elde etmesine yard\u0131mc\u0131 olmak i\u00e7in GFM&#039;yi se\u00e7in!<\/span><\/p>\n<p style=\"text-align: center;\"><span style=\"color: #000000;\"><img loading=\"lazy\" decoding=\"async\" class=\"alignnone wp-image-2159\" src=\"https:\/\/gfmparts.com\/wp-content\/uploads\/2024\/12\/\u5fae\u4fe1\u56fe\u7247_20241202160325-1024x576.jpg\" alt=\"ekskavat\u00f6r di\u015f pimi \u00fcreticisi\" width=\"767\" height=\"431\" srcset=\"\" sizes=\"(max-width: 767px) 100vw, 767px\" data-srcset=\"\" \/><\/span><\/p>","protected":false},"excerpt":{"rendered":"<ul>\n<li><span style=\"color: #000000;\">\u00dcr\u00fcn Kalitesi Garantili<\/span><\/li>\n<li><span style=\"color: #000000;\">B\u00fcy\u00fck Tedarik<\/span><\/li>\n<li><span style=\"color: #000000;\">Rekabet\u00e7i Fiyatland\u0131rma<\/span><\/li>\n<li><span style=\"color: #000000;\">\u00c7o\u011fu Marka ve Model<\/span><\/li>\n<li><span style=\"color: #000000;\">Yard\u0131msever M\u00fc\u015fteri Hizmetleri Ekibi<\/span><\/li>\n<li><span style=\"color: #000000;\">Profesyonel Teknik Destek<\/span><\/li>\n<\/ul>","protected":false},"featured_media":3579,"template":"","meta":{"site-sidebar-layout":"default","site-content-layout":"","ast-site-content-layout":"default","site-content-style":"default","site-sidebar-style":"default","ast-global-header-display":"","ast-banner-title-visibility":"","ast-main-header-display":"","ast-hfb-above-header-display":"","ast-hfb-below-header-display":"","ast-hfb-mobile-header-display":"","site-post-title":"","ast-breadcrumbs-content":"","ast-featured-img":"","footer-sml-layout":"","theme-transparent-header-meta":"default","adv-header-id-meta":"","stick-header-meta":"default","header-above-stick-meta":"","header-main-stick-meta":"","header-below-stick-meta":"","astra-migrate-meta-layouts":"set","ast-page-background-enabled":"default","ast-page-background-meta":{"desktop":{"background-color":"","background-image":"","background-repeat":"repeat","background-position":"center center","background-size":"auto","background-attachment":"scroll","background-type":"","background-media":"","overlay-type":"","overlay-color":"","overlay-opacity":"","overlay-gradient":""},"tablet":{"background-color":"","background-image":"","background-repeat":"repeat","background-position":"center center","background-size":"auto","background-attachment":"scroll","background-type":"","background-media":"","overlay-type":"","overlay-color":"","overlay-opacity":"","overlay-gradient":""},"mobile":{"background-color":"","background-image":"","background-repeat":"repeat","background-position":"center center","background-size":"auto","background-attachment":"scroll","background-type":"","background-media":"","overlay-type":"","overlay-color":"","overlay-opacity":"","overlay-gradient":""}},"ast-content-background-meta":{"desktop":{"background-color":"var(--ast-global-color-5)","background-image":"","background-repeat":"repeat","background-position":"center center","background-size":"auto","background-attachment":"scroll","background-type":"","background-media":"","overlay-type":"","overlay-color":"","overlay-opacity":"","overlay-gradient":""},"tablet":{"background-color":"var(--ast-global-color-5)","background-image":"","background-repeat":"repeat","background-position":"center center","background-size":"auto","background-attachment":"scroll","background-type":"","background-media":"","overlay-type":"","overlay-color":"","overlay-opacity":"","overlay-gradient":""},"mobile":{"background-color":"var(--ast-global-color-5)","background-image":"","background-repeat":"repeat","background-position":"center center","background-size":"auto","background-attachment":"scroll","background-type":"","background-media":"","overlay-type":"","overlay-color":"","overlay-opacity":"","overlay-gradient":""}}},"product_cat":[27,37],"product_tag":[],"class_list":{"0":"post-3383","1":"product","2":"type-product","3":"status-publish","4":"has-post-thumbnail","6":"product_cat-parts","7":"product_cat-bolt-nut","8":"desktop-align-left","9":"tablet-align-left","10":"mobile-align-left","11":"ast-product-gallery-layout-horizontal-slider","12":"ast-product-gallery-with-no-image","13":"ast-product-tabs-layout-horizontal","15":"first","16":"instock","17":"shipping-taxable","18":"product-type-simple"},"yoast_head":"<!-- This site is optimized with the Yoast SEO Premium plugin v22.8 (Yoast SEO v23.9) - https:\/\/yoast.com\/wordpress\/plugins\/seo\/ -->\n<title>40CR Material Excavator Sprocket Bolts - GFM<\/title>\n<meta name=\"description\" content=\"As a professional excavator sprocket supplier, we support mass customized production, and our products cover a variety of excavator accessories.\" \/>\n<meta name=\"robots\" content=\"index, follow, max-snippet:-1, max-image-preview:large, max-video-preview:-1\" \/>\n<link rel=\"canonical\" href=\"https:\/\/gfmparts.com\/tr\/product\/ekskavator-disli-civatalari-tedarikcisi\/\" \/>\n<meta property=\"og:locale\" content=\"tr_TR\" \/>\n<meta property=\"og:type\" content=\"article\" \/>\n<meta property=\"og:title\" content=\"40CR Material Excavator Sprocket Bolts\" \/>\n<meta property=\"og:description\" content=\"As a professional excavator sprocket supplier, we support mass customized production, and our products cover a variety of excavator accessories.\" \/>\n<meta property=\"og:url\" content=\"https:\/\/gfmparts.com\/tr\/product\/ekskavator-disli-civatalari-tedarikcisi\/\" \/>\n<meta property=\"article:publisher\" content=\"https:\/\/www.facebook.com\/gfmparts\" \/>\n<meta property=\"article:modified_time\" content=\"2025-05-16T09:14:36+00:00\" \/>\n<meta property=\"og:image\" content=\"https:\/\/gfmparts.com\/wp-content\/uploads\/2025\/01\/sprocket-bolts-1.png\" \/>\n\t<meta property=\"og:image:width\" content=\"648\" \/>\n\t<meta property=\"og:image:height\" content=\"649\" \/>\n\t<meta property=\"og:image:type\" content=\"image\/png\" \/>\n<meta name=\"twitter:card\" content=\"summary_large_image\" \/>\n<meta name=\"twitter:label1\" content=\"Tahmini okuma s\u00fcresi\" \/>\n\t<meta name=\"twitter:data1\" content=\"3 dakika\" \/>\n<script type=\"application\/ld+json\" class=\"yoast-schema-graph\">{\"@context\":\"https:\/\/schema.org\",\"@graph\":[{\"@type\":\"WebPage\",\"@id\":\"https:\/\/gfmparts.com\/product\/excavator-sprocket-bolts-supplier\/\",\"url\":\"https:\/\/gfmparts.com\/product\/excavator-sprocket-bolts-supplier\/\",\"name\":\"40CR Material Excavator Sprocket Bolts - GFM\",\"isPartOf\":{\"@id\":\"https:\/\/gfmparts.com\/#website\"},\"primaryImageOfPage\":{\"@id\":\"https:\/\/gfmparts.com\/product\/excavator-sprocket-bolts-supplier\/#primaryimage\"},\"image\":{\"@id\":\"https:\/\/gfmparts.com\/product\/excavator-sprocket-bolts-supplier\/#primaryimage\"},\"thumbnailUrl\":\"https:\/\/gfmparts.com\/wp-content\/uploads\/2025\/01\/sprocket-bolts-1.png\",\"datePublished\":\"2025-01-22T06:41:37+00:00\",\"dateModified\":\"2025-05-16T09:14:36+00:00\",\"description\":\"As a professional excavator sprocket supplier, we support mass customized production, and our products cover a variety of excavator accessories.\",\"breadcrumb\":{\"@id\":\"https:\/\/gfmparts.com\/product\/excavator-sprocket-bolts-supplier\/#breadcrumb\"},\"inLanguage\":\"tr\",\"potentialAction\":[{\"@type\":\"ReadAction\",\"target\":[\"https:\/\/gfmparts.com\/product\/excavator-sprocket-bolts-supplier\/\"]}]},{\"@type\":\"ImageObject\",\"inLanguage\":\"tr\",\"@id\":\"https:\/\/gfmparts.com\/product\/excavator-sprocket-bolts-supplier\/#primaryimage\",\"url\":\"https:\/\/gfmparts.com\/wp-content\/uploads\/2025\/01\/sprocket-bolts-1.png\",\"contentUrl\":\"https:\/\/gfmparts.com\/wp-content\/uploads\/2025\/01\/sprocket-bolts-1.png\",\"width\":648,\"height\":649,\"caption\":\"excavator sprocket bolts\"},{\"@type\":\"BreadcrumbList\",\"@id\":\"https:\/\/gfmparts.com\/product\/excavator-sprocket-bolts-supplier\/#breadcrumb\",\"itemListElement\":[{\"@type\":\"ListItem\",\"position\":1,\"name\":\"\u9996\u9875\",\"item\":\"https:\/\/gfmparts.com\/\"},{\"@type\":\"ListItem\",\"position\":2,\"name\":\"All Product\",\"item\":\"https:\/\/gfmparts.com\/all-product\/\"},{\"@type\":\"ListItem\",\"position\":3,\"name\":\"40CR Material Excavator Sprocket Bolts\"}]},{\"@type\":\"WebSite\",\"@id\":\"https:\/\/gfmparts.com\/#website\",\"url\":\"https:\/\/gfmparts.com\/\",\"name\":\"GFM PARTS\",\"description\":\"GFM since 2011 focused on excavator and bulldozer undercarriage parts manufacturing :Track rollers,carrier roller,idler,sprocket,track group,bucket tooth pin.\",\"publisher\":{\"@id\":\"https:\/\/gfmparts.com\/#organization\"},\"alternateName\":\"gfmparts.com\",\"potentialAction\":[{\"@type\":\"SearchAction\",\"target\":{\"@type\":\"EntryPoint\",\"urlTemplate\":\"https:\/\/gfmparts.com\/?s={search_term_string}\"},\"query-input\":{\"@type\":\"PropertyValueSpecification\",\"valueRequired\":true,\"valueName\":\"search_term_string\"}}],\"inLanguage\":\"tr\"},{\"@type\":\"Organization\",\"@id\":\"https:\/\/gfmparts.com\/#organization\",\"name\":\"GFM PARTS\",\"url\":\"https:\/\/gfmparts.com\/\",\"logo\":{\"@type\":\"ImageObject\",\"inLanguage\":\"tr\",\"@id\":\"https:\/\/gfmparts.com\/#\/schema\/logo\/image\/\",\"url\":\"https:\/\/gfmparts.com\/wp-content\/uploads\/2024\/11\/cropped-GFMparts.com_-2.png\",\"contentUrl\":\"https:\/\/gfmparts.com\/wp-content\/uploads\/2024\/11\/cropped-GFMparts.com_-2.png\",\"width\":5987,\"height\":2564,\"caption\":\"GFM PARTS\"},\"image\":{\"@id\":\"https:\/\/gfmparts.com\/#\/schema\/logo\/image\/\"},\"sameAs\":[\"https:\/\/www.facebook.com\/gfmparts\",\"https:\/\/www.linkedin.com\/company\/gfmparts\/\",\"https:\/\/www.tiktok.com\/@gfmparts\",\"https:\/\/www.youtube.com\/@GFMparts\/featured\"]}]}<\/script>\n<!-- \/ Yoast SEO Premium plugin. -->","yoast_head_json":{"title":"40CR Material Excavator Sprocket Bolts - GFM","description":"As a professional excavator sprocket supplier, we support mass customized production, and our products cover a variety of excavator accessories.","robots":{"index":"index","follow":"follow","max-snippet":"max-snippet:-1","max-image-preview":"max-image-preview:large","max-video-preview":"max-video-preview:-1"},"canonical":"https:\/\/gfmparts.com\/tr\/product\/ekskavator-disli-civatalari-tedarikcisi\/","og_locale":"tr_TR","og_type":"article","og_title":"40CR Material Excavator Sprocket Bolts","og_description":"As a professional excavator sprocket supplier, we support mass customized production, and our products cover a variety of excavator accessories.","og_url":"https:\/\/gfmparts.com\/tr\/product\/ekskavator-disli-civatalari-tedarikcisi\/","article_publisher":"https:\/\/www.facebook.com\/gfmparts","article_modified_time":"2025-05-16T09:14:36+00:00","og_image":[{"width":648,"height":649,"url":"https:\/\/gfmparts.com\/wp-content\/uploads\/2025\/01\/sprocket-bolts-1.png","type":"image\/png"}],"twitter_card":"summary_large_image","twitter_misc":{"Tahmini okuma s\u00fcresi":"3 dakika"},"schema":{"@context":"https:\/\/schema.org","@graph":[{"@type":"WebPage","@id":"https:\/\/gfmparts.com\/product\/excavator-sprocket-bolts-supplier\/","url":"https:\/\/gfmparts.com\/product\/excavator-sprocket-bolts-supplier\/","name":"40CR Material Excavator Sprocket Bolts - GFM","isPartOf":{"@id":"https:\/\/gfmparts.com\/#website"},"primaryImageOfPage":{"@id":"https:\/\/gfmparts.com\/product\/excavator-sprocket-bolts-supplier\/#primaryimage"},"image":{"@id":"https:\/\/gfmparts.com\/product\/excavator-sprocket-bolts-supplier\/#primaryimage"},"thumbnailUrl":"https:\/\/gfmparts.com\/wp-content\/uploads\/2025\/01\/sprocket-bolts-1.png","datePublished":"2025-01-22T06:41:37+00:00","dateModified":"2025-05-16T09:14:36+00:00","description":"As a professional excavator sprocket supplier, we support mass customized production, and our products cover a variety of excavator accessories.","breadcrumb":{"@id":"https:\/\/gfmparts.com\/product\/excavator-sprocket-bolts-supplier\/#breadcrumb"},"inLanguage":"tr","potentialAction":[{"@type":"ReadAction","target":["https:\/\/gfmparts.com\/product\/excavator-sprocket-bolts-supplier\/"]}]},{"@type":"ImageObject","inLanguage":"tr","@id":"https:\/\/gfmparts.com\/product\/excavator-sprocket-bolts-supplier\/#primaryimage","url":"https:\/\/gfmparts.com\/wp-content\/uploads\/2025\/01\/sprocket-bolts-1.png","contentUrl":"https:\/\/gfmparts.com\/wp-content\/uploads\/2025\/01\/sprocket-bolts-1.png","width":648,"height":649,"caption":"excavator sprocket bolts"},{"@type":"BreadcrumbList","@id":"https:\/\/gfmparts.com\/product\/excavator-sprocket-bolts-supplier\/#breadcrumb","itemListElement":[{"@type":"ListItem","position":1,"name":"\u9996\u9875","item":"https:\/\/gfmparts.com\/"},{"@type":"ListItem","position":2,"name":"All Product","item":"https:\/\/gfmparts.com\/all-product\/"},{"@type":"ListItem","position":3,"name":"40CR Material Excavator Sprocket Bolts"}]},{"@type":"WebSite","@id":"https:\/\/gfmparts.com\/#website","url":"https:\/\/gfmparts.com\/","name":"GFM PARTS","description":"GFM since 2011 focused on excavator and bulldozer undercarriage parts manufacturing :Track rollers,carrier roller,idler,sprocket,track group,bucket tooth pin.","publisher":{"@id":"https:\/\/gfmparts.com\/#organization"},"alternateName":"gfmparts.com","potentialAction":[{"@type":"SearchAction","target":{"@type":"EntryPoint","urlTemplate":"https:\/\/gfmparts.com\/?s={search_term_string}"},"query-input":{"@type":"PropertyValueSpecification","valueRequired":true,"valueName":"search_term_string"}}],"inLanguage":"tr"},{"@type":"Organization","@id":"https:\/\/gfmparts.com\/#organization","name":"GFM PARTS","url":"https:\/\/gfmparts.com\/","logo":{"@type":"ImageObject","inLanguage":"tr","@id":"https:\/\/gfmparts.com\/#\/schema\/logo\/image\/","url":"https:\/\/gfmparts.com\/wp-content\/uploads\/2024\/11\/cropped-GFMparts.com_-2.png","contentUrl":"https:\/\/gfmparts.com\/wp-content\/uploads\/2024\/11\/cropped-GFMparts.com_-2.png","width":5987,"height":2564,"caption":"GFM PARTS"},"image":{"@id":"https:\/\/gfmparts.com\/#\/schema\/logo\/image\/"},"sameAs":["https:\/\/www.facebook.com\/gfmparts","https:\/\/www.linkedin.com\/company\/gfmparts\/","https:\/\/www.tiktok.com\/@gfmparts","https:\/\/www.youtube.com\/@GFMparts\/featured"]}]}},"_links":{"self":[{"href":"https:\/\/gfmparts.com\/tr\/wp-json\/wp\/v2\/product\/3383"}],"collection":[{"href":"https:\/\/gfmparts.com\/tr\/wp-json\/wp\/v2\/product"}],"about":[{"href":"https:\/\/gfmparts.com\/tr\/wp-json\/wp\/v2\/types\/product"}],"wp:featuredmedia":[{"embeddable":true,"href":"https:\/\/gfmparts.com\/tr\/wp-json\/wp\/v2\/media\/3579"}],"wp:attachment":[{"href":"https:\/\/gfmparts.com\/tr\/wp-json\/wp\/v2\/media?parent=3383"}],"wp:term":[{"taxonomy":"product_cat","embeddable":true,"href":"https:\/\/gfmparts.com\/tr\/wp-json\/wp\/v2\/product_cat?post=3383"},{"taxonomy":"product_tag","embeddable":true,"href":"https:\/\/gfmparts.com\/tr\/wp-json\/wp\/v2\/product_tag?post=3383"}],"curies":[{"name":"wp","href":"https:\/\/api.w.org\/{rel}","templated":true}]}}