{"id":3391,"date":"2025-01-23T06:33:12","date_gmt":"2025-01-23T06:33:12","guid":{"rendered":"https:\/\/gfmparts.com\/?post_type=product&#038;p=3391"},"modified":"2025-05-16T09:13:57","modified_gmt":"2025-05-16T09:13:57","slug":"bulldozer-sprocket-segment-bolts","status":"publish","type":"product","link":"https:\/\/gfmparts.com\/tr\/product\/buldozer-disli-segment-civatalari\/","title":{"rendered":"40CR Malzeme Buldozer Di\u015fli Segment C\u0131vatalar\u0131"},"content":{"rendered":"<p><span style=\"color: #000000;\"><a style=\"color: #000000;\" href=\"https:\/\/gfmparts.com\/tr\/product\/ekskavator-disli-civatalari-tedarikcisi\/\">Buldozer di\u015fli c\u0131vatalar\u0131<\/a> Buldozerlerin verimli \u00e7al\u0131\u015fmas\u0131n\u0131 sa\u011flayan temel bile\u015fenlerden biridir. Temel i\u015flevleri, motor g\u00fcc\u00fcn\u00fc palet zincirine ileterek buldozerin g\u00fc\u00e7l\u00fc \u00e7eki\u015f g\u00fcc\u00fcn\u00fc ve dengesini sa\u011flamakt\u0131r. GFM taraf\u0131ndan \u00fcretilen di\u015fli c\u0131vatalar\u0131, y\u00fcksek mukavemetli ala\u015f\u0131ml\u0131 \u00e7elikten \u00fcretilmi\u015ftir. Hassas i\u015fleme ve \u0131s\u0131l i\u015flemden sonra m\u00fckemmel \u00e7ekme, a\u015f\u0131nma ve korozyon direncine sahip olup, \u00e7e\u015fitli karma\u015f\u0131k \u00e7al\u0131\u015fma ko\u015fullar\u0131nda uzun s\u00fcreli kullan\u0131ma uygundurlar. D\u00fcnya genelindeki m\u00fc\u015fterilerimizin farkl\u0131 ihtiya\u00e7lar\u0131n\u0131 kar\u015f\u0131lamak i\u00e7in \u00e7e\u015fitli \u00f6zelliklerde c\u0131vatalar\u0131n \u00f6zelle\u015ftirilmesini destekliyoruz. Daha g\u00fcvenilir ve dayan\u0131kl\u0131 performans i\u00e7in GFM di\u015fli c\u0131vatalar\u0131n\u0131 tercih edin.<\/span><\/p>\n<h3><span style=\"color: #ff6600;\">\u00dcr\u00fcn A\u00e7\u0131klamas\u0131<\/span><\/h3>\n<ul>\n<li><span style=\"color: #000000;\"><strong>Hammadde:<\/strong> 40CR<\/span><\/li>\n<li><span style=\"color: #000000;\"><strong>Minimum Sipari\u015f Adedi:<\/strong>\u00a01 Bilgisayar<\/span><\/li>\n<li><span style=\"color: #000000;\"><strong>\u00d6deme y\u00f6ntemi:<\/strong>\u00a0T\/T<\/span><\/li>\n<li><span style=\"color: #000000;\"><strong>Marka:<\/strong>\u00a0GFM<\/span><\/li>\n<li><span style=\"color: #000000;\"><strong>Durum:<\/strong>\u00a0Yeni<\/span><\/li>\n<li><span style=\"color: #000000;\"><strong>Renk:<\/strong>\u00a0Sar\u0131, Siyah veya \u00d6zelle\u015ftirilmi\u015f<\/span><\/li>\n<li><span style=\"color: #000000;\"><strong>Kur\u015fun zaman\u0131:<\/strong>\u00a030 g\u00fcn<\/span><\/li>\n<li><span style=\"color: #000000;\"><strong>Garanti:<\/strong>\u00a01 Y\u0131l<\/span><\/li>\n<li><span style=\"color: #000000;\"><strong>Hizmet:<\/strong>\u00a0OEM veya ODM<\/span><\/li>\n<li><span style=\"color: #000000;\"><strong>Men\u015fei Yeri:<\/strong>\u00a0Fujian, \u00c7in<\/span><\/li>\n<li><span style=\"color: #000000;\"><strong>Ba\u015fvuru:<\/strong> Ekskavat\u00f6r<\/span><\/li>\n<li><span style=\"color: #000000;\"><strong>Paketleme:<\/strong>\u00a0Standart \u0130hracat Ah\u015fap Palet<\/span><\/li>\n<\/ul>\n<h3><span style=\"color: #ff6600;\">\u00d6zellikler<\/span><\/h3>\n<ul>\n<li><b><\/b><span style=\"color: #000000;\"><strong><b>Y\u00fcksek Mukavemetli Ala\u015f\u0131ml\u0131 \u00c7elik: <\/b><\/strong>A\u011f\u0131r hizmet uygulamalar\u0131nda dayan\u0131kl\u0131l\u0131k i\u00e7in tasarlanm\u0131\u015ft\u0131r ve uzun s\u00fcreli performans sa\u011flar.<\/span><\/li>\n<li><span style=\"color: #000000;\"><b><\/b><strong><b>Hassas M\u00fchendislik: <\/b><\/strong>Makinenizle m\u00fckemmel uyum sa\u011flayacak \u015fekilde tasarlanm\u0131\u015ft\u0131r, g\u00fcvenilir ve verimli bir \u00e7al\u0131\u015fma sa\u011flar.<\/span><\/li>\n<li><span style=\"color: #000000;\"><b><\/b><strong><b>Is\u0131l \u0130\u015flem: <\/b><\/strong>Geli\u015ftirilmi\u015f sertlik ve mukavemet, c\u0131vatalar\u0131n kullan\u0131m \u00f6mr\u00fcn\u00fc uzatarak s\u00fcrekli performans sa\u011flar.<\/span><\/li>\n<li><span style=\"color: #000000;\"><b><\/b><strong><b>Gev\u015femeyi \u00d6nleyici Tasar\u0131m: <\/b><\/strong>Yo\u011fun \u00e7al\u0131\u015fma ko\u015fullar\u0131nda bile c\u0131vatalar\u0131n g\u00fcvenli bir \u015fekilde sabitlenmesini sa\u011flar.<\/span><\/li>\n<li><span style=\"color: #000000;\"><b><\/b><strong><b>Korozyon Korumas\u0131: <\/b><\/strong>Paslanmaya kar\u015f\u0131 dayan\u0131kl\u0131 ve zorlu \u00e7evre ko\u015fullar\u0131na dayan\u0131kl\u0131 olacak \u015fekilde kaplanm\u0131\u015ft\u0131r, her t\u00fcrl\u00fc ortamda g\u00fcvenilirlik sa\u011flar.<\/span><b><\/b><\/li>\n<\/ul>\n<h3><span style=\"color: #ff6600;\">\u00d6zellikler<\/span><\/h3>\n<p style=\"text-align: center;\"><img fetchpriority=\"high\" decoding=\"async\" class=\"alignnone size-full wp-image-3392\" src=\"https:\/\/gfmparts.com\/wp-content\/uploads\/2025\/01\/bulldozer-Sprocket-Bolts-spec.png\" alt=\"buldozer Di\u015fli C\u0131vatalar\u0131 \u00f6zellikleri\" width=\"664\" height=\"217\" srcset=\"https:\/\/gfmparts.com\/wp-content\/uploads\/2025\/01\/bulldozer-Sprocket-Bolts-spec.png 664w, https:\/\/gfmparts.com\/wp-content\/uploads\/2025\/01\/bulldozer-Sprocket-Bolts-spec-300x98.png 300w, https:\/\/gfmparts.com\/wp-content\/uploads\/2025\/01\/bulldozer-Sprocket-Bolts-spec-600x196.png 600w\" sizes=\"(max-width: 664px) 100vw, 664px\" \/><\/p>\n<h3><span style=\"color: #ff6600;\">\u00dcr\u00fcn Modelleri<\/span><\/h3>\n<p style=\"text-align: center;\"><img decoding=\"async\" class=\"alignnone size-full wp-image-3146\" src=\"https:\/\/gfmparts.com\/wp-content\/uploads\/2024\/11\/bulldozer-part-description.png\" alt=\"buldozer par\u00e7a a\u00e7\u0131klamas\u0131\" width=\"626\" height=\"317\" srcset=\"https:\/\/gfmparts.com\/wp-content\/uploads\/2024\/11\/bulldozer-part-description.png 626w, https:\/\/gfmparts.com\/wp-content\/uploads\/2024\/11\/bulldozer-part-description-300x152.png 300w, https:\/\/gfmparts.com\/wp-content\/uploads\/2024\/11\/bulldozer-part-description-600x304.png 600w\" sizes=\"(max-width: 626px) 100vw, 626px\" \/><\/p>\n<h3><span style=\"color: #ff6600;\">\u00dcretim S\u00fcreci<\/span><\/h3>\n<p style=\"text-align: center;\"><iframe title=\"YouTube video oynat\u0131c\u0131s\u0131\" src=\"https:\/\/www.youtube.com\/embed\/p4WNLmr-Huc?si=PWuiZYSYsuM6wPVz\" width=\"1000\" height=\"562\" frameborder=\"0\" allowfullscreen=\"allowfullscreen\"><span data-mce-type=\"bookmark\" style=\"display: inline-block; width: 0px; overflow: hidden; line-height: 0;\" class=\"mce_SELRES_start\"><\/span><\/iframe><\/p>\n<p><img decoding=\"async\" class=\"size-large wp-image-3043 aligncenter\" src=\"https:\/\/gfmparts.com\/wp-content\/uploads\/2024\/12\/\u901a\u7528\u751f\u4ea7\u6d41\u7a0b-1-1024x648.jpg\" alt=\"ekskavat\u00f6r par\u00e7a \u00fcretim s\u00fcreci\" width=\"1024\" height=\"648\" srcset=\"\" sizes=\"(max-width: 1024px) 100vw, 1024px\" data-srcset=\"\" \/><\/p>\n<h3><span style=\"color: #ff6600;\">Paketleme ve Nakliye<\/span><\/h3>\n<p style=\"text-align: center;\"><img loading=\"lazy\" decoding=\"async\" class=\"alignnone size-large wp-image-6521\" src=\"https:\/\/gfmparts.com\/wp-content\/uploads\/2025\/05\/Packaging-and-Shipping-1-1-1024x648.jpg\" alt=\"Paketleme ve Nakliye\" width=\"1024\" height=\"648\" srcset=\"https:\/\/gfmparts.com\/wp-content\/uploads\/2025\/05\/Packaging-and-Shipping-1-1-1024x648.jpg 1024w, https:\/\/gfmparts.com\/wp-content\/uploads\/2025\/05\/Packaging-and-Shipping-1-1-300x190.jpg 300w, https:\/\/gfmparts.com\/wp-content\/uploads\/2025\/05\/Packaging-and-Shipping-1-1-768x486.jpg 768w, https:\/\/gfmparts.com\/wp-content\/uploads\/2025\/05\/Packaging-and-Shipping-1-1-1536x973.jpg 1536w, https:\/\/gfmparts.com\/wp-content\/uploads\/2025\/05\/Packaging-and-Shipping-1-1-2048x1297.jpg 2048w, https:\/\/gfmparts.com\/wp-content\/uploads\/2025\/05\/Packaging-and-Shipping-1-1-600x380.jpg 600w\" sizes=\"(max-width: 1024px) 100vw, 1024px\" \/><\/p>\n<h3><span style=\"color: #ff6600;\">Fabrika Avantajlar\u0131<\/span><\/h3>\n<p><span style=\"color: #000000;\">D\u00fcnya \u00e7ap\u0131nda tan\u0131nan bir <a style=\"color: #000000;\" href=\"https:\/\/gfmparts.com\/tr\/product\/ekskavator-buldozer-palet-makarasi-civatalari\/\">buldozer par\u00e7a \u00fcreticisi<\/a>GFM, palet di\u015flileri ve ilgili bile\u015fenlerinin ara\u015ft\u0131rma, geli\u015ftirme ve \u00fcretimine odaklanmaktad\u0131r. Her tahrik di\u015flisi \u00fcr\u00fcn\u00fcn\u00fcn uluslararas\u0131 standartlar\u0131 kar\u015f\u0131lad\u0131\u011f\u0131ndan emin olmak i\u00e7in geli\u015fmi\u015f CNC i\u015fleme ekipmanlar\u0131m\u0131z ve s\u0131k\u0131 kalite kontrol s\u00fcre\u00e7lerimiz mevcuttur. \u00dcr\u00fcn yelpazemiz, s\u0131radan zincir di\u015flilerinden y\u00fcksek performansl\u0131 \u00f6zel palet di\u015flilerine kadar eksiksizdir. Ayn\u0131 zamanda, OEM\/ODM \u00f6zelle\u015ftirilmi\u015f hizmetleri de destekliyor ve m\u00fc\u015fteri ihtiya\u00e7lar\u0131na h\u0131zla yan\u0131t verebiliyoruz. 10 y\u0131l\u0131 a\u015fk\u0131n sekt\u00f6r deneyimi ve y\u00fcksek kaliteli m\u00fc\u015fteri hizmetleriyle GFM, <a style=\"color: #000000;\" href=\"https:\/\/gfmparts.com\/tr\/product\/doosan-ekskavator-alt-silindir-fabrikasi\/\">buldozer di\u015fli tedarik\u00e7isi<\/a> m\u00fc\u015fterilerinin g\u00fcvenini kazanm\u0131\u015f ve g\u00fcvenilir uzun vadeli bir i\u015f orta\u011f\u0131d\u0131r.<\/span><\/p>\n<p><span style=\"color: #000000;\">Buldozerler zorlu ortamlarda \u00e7al\u0131\u015f\u0131rken, tahrik di\u015flisi vidalar\u0131 y\u00fcksek bas\u0131nca ve y\u00fcksek frekansl\u0131 darbelere dayanmal\u0131d\u0131r. GFM&#039;nin buldozer di\u015fli c\u0131vatalar\u0131, y\u00fcksek hassasiyetli tasar\u0131m ve birinci s\u0131n\u0131f malzemelerden \u00fcretilmi\u015ftir. Bu sayede dayan\u0131kl\u0131l\u0131k ve \u00e7al\u0131\u015fma stabilitesi \u00f6nemli \u00f6l\u00e7\u00fcde artarken, de\u011fi\u015ftirme s\u0131kl\u0131\u011f\u0131 ve bak\u0131m maliyetleri de azal\u0131r. Ayr\u0131ca, m\u00fc\u015fterilerimizin ekipman performans\u0131n\u0131 art\u0131r\u0131rken maliyetleri d\u00fc\u015f\u00fcrmelerine yard\u0131mc\u0131 olmak i\u00e7in \u00f6zelle\u015ftirilmi\u015f \u00e7\u00f6z\u00fcmler de sunuyoruz.<\/span><\/p>\n<p><span style=\"color: #000000;\"><strong>Neden GFM tahrik di\u015flisi tedarik\u00e7isini se\u00e7melisiniz?<\/strong><\/span><\/p>\n<p><span style=\"color: #000000;\">GFM, m\u00fckemmel \u00fcretim kapasitesi ve zengin sekt\u00f6r deneyimiyle buldozer palet di\u015flileri alan\u0131nda lider konuma gelmi\u015ftir. Fabrikam\u0131z istikrarl\u0131 bir y\u0131ll\u0131k \u00fcretim kapasitesine sahiptir ve \u00fcr\u00fcnleri bir\u00e7ok \u00fclke ve b\u00f6lgeye ihra\u00e7 edilmekte olup, ISO9001 gibi yetkili sertifikalara sahiptir. GFM ile i\u015f birli\u011fi yapan m\u00fc\u015fteriler, yaln\u0131zca y\u00fcksek kaliteli \u00fcr\u00fcnler elde etmekle kalmaz, ayn\u0131 zamanda ekipman\u0131n uzun vadeli ve istikrarl\u0131 \u00e7al\u0131\u015fmas\u0131n\u0131 sa\u011flamak i\u00e7in kapsaml\u0131 sat\u0131\u015f sonras\u0131 hizmet ve teknik destekten de yararlanabilirler.<\/span><\/p>\n<p style=\"text-align: center;\"><span style=\"color: #000000;\"><img loading=\"lazy\" decoding=\"async\" class=\"alignnone wp-image-2159\" src=\"https:\/\/gfmparts.com\/wp-content\/uploads\/2024\/12\/\u5fae\u4fe1\u56fe\u7247_20241202160325-1024x576.jpg\" alt=\"ekskavat\u00f6r di\u015f pimi \u00fcreticisi\" width=\"767\" height=\"431\" srcset=\"\" sizes=\"(max-width: 767px) 100vw, 767px\" data-srcset=\"\" \/><\/span><\/p>","protected":false},"excerpt":{"rendered":"<ul>\n<li><span style=\"color: #000000;\">\u00dcr\u00fcn Kalitesi Garantili<\/span><\/li>\n<li><span style=\"color: #000000;\">B\u00fcy\u00fck Tedarik<\/span><\/li>\n<li><span style=\"color: #000000;\">Rekabet\u00e7i Fiyatland\u0131rma<\/span><\/li>\n<li><span style=\"color: #000000;\">\u00c7o\u011fu Marka ve Model<\/span><\/li>\n<li><span style=\"color: #000000;\">Yard\u0131msever M\u00fc\u015fteri Hizmetleri Ekibi<\/span><\/li>\n<li><span style=\"color: #000000;\">Profesyonel Teknik Destek<\/span><\/li>\n<\/ul>","protected":false},"featured_media":3578,"template":"","meta":{"site-sidebar-layout":"default","site-content-layout":"","ast-site-content-layout":"default","site-content-style":"default","site-sidebar-style":"default","ast-global-header-display":"","ast-banner-title-visibility":"","ast-main-header-display":"","ast-hfb-above-header-display":"","ast-hfb-below-header-display":"","ast-hfb-mobile-header-display":"","site-post-title":"","ast-breadcrumbs-content":"","ast-featured-img":"","footer-sml-layout":"","theme-transparent-header-meta":"default","adv-header-id-meta":"","stick-header-meta":"default","header-above-stick-meta":"","header-main-stick-meta":"","header-below-stick-meta":"","astra-migrate-meta-layouts":"set","ast-page-background-enabled":"default","ast-page-background-meta":{"desktop":{"background-color":"","background-image":"","background-repeat":"repeat","background-position":"center center","background-size":"auto","background-attachment":"scroll","background-type":"","background-media":"","overlay-type":"","overlay-color":"","overlay-opacity":"","overlay-gradient":""},"tablet":{"background-color":"","background-image":"","background-repeat":"repeat","background-position":"center center","background-size":"auto","background-attachment":"scroll","background-type":"","background-media":"","overlay-type":"","overlay-color":"","overlay-opacity":"","overlay-gradient":""},"mobile":{"background-color":"","background-image":"","background-repeat":"repeat","background-position":"center center","background-size":"auto","background-attachment":"scroll","background-type":"","background-media":"","overlay-type":"","overlay-color":"","overlay-opacity":"","overlay-gradient":""}},"ast-content-background-meta":{"desktop":{"background-color":"var(--ast-global-color-5)","background-image":"","background-repeat":"repeat","background-position":"center center","background-size":"auto","background-attachment":"scroll","background-type":"","background-media":"","overlay-type":"","overlay-color":"","overlay-opacity":"","overlay-gradient":""},"tablet":{"background-color":"var(--ast-global-color-5)","background-image":"","background-repeat":"repeat","background-position":"center center","background-size":"auto","background-attachment":"scroll","background-type":"","background-media":"","overlay-type":"","overlay-color":"","overlay-opacity":"","overlay-gradient":""},"mobile":{"background-color":"var(--ast-global-color-5)","background-image":"","background-repeat":"repeat","background-position":"center center","background-size":"auto","background-attachment":"scroll","background-type":"","background-media":"","overlay-type":"","overlay-color":"","overlay-opacity":"","overlay-gradient":""}}},"product_cat":[27,37],"product_tag":[],"class_list":{"0":"post-3391","1":"product","2":"type-product","3":"status-publish","4":"has-post-thumbnail","6":"product_cat-parts","7":"product_cat-bolt-nut","8":"desktop-align-left","9":"tablet-align-left","10":"mobile-align-left","11":"ast-product-gallery-layout-horizontal-slider","12":"ast-product-gallery-with-no-image","13":"ast-product-tabs-layout-horizontal","15":"first","16":"instock","17":"shipping-taxable","18":"product-type-simple"},"yoast_head":"<!-- This site is optimized with the Yoast SEO Premium plugin v22.8 (Yoast SEO v23.9) - https:\/\/yoast.com\/wordpress\/plugins\/seo\/ -->\n<title>40CR Material Bulldozer Sprocket Bolts - GFM<\/title>\n<meta name=\"description\" content=\"As a world-renowned bulldozer parts manufacturer, GFM focuses on the research and development and production of drive gears and related components. Support OEM\/ODM customized services.\" \/>\n<meta name=\"robots\" content=\"index, follow, max-snippet:-1, max-image-preview:large, max-video-preview:-1\" \/>\n<link rel=\"canonical\" href=\"https:\/\/gfmparts.com\/tr\/product\/buldozer-disli-segment-civatalari\/\" \/>\n<meta property=\"og:locale\" content=\"tr_TR\" \/>\n<meta property=\"og:type\" content=\"article\" \/>\n<meta property=\"og:title\" content=\"40CR Material Bulldozer Sprocket Segment Bolts\" \/>\n<meta property=\"og:description\" content=\"As a world-renowned bulldozer parts manufacturer, GFM focuses on the research and development and production of drive gears and related components. Support OEM\/ODM customized services.\" \/>\n<meta property=\"og:url\" content=\"https:\/\/gfmparts.com\/tr\/product\/buldozer-disli-segment-civatalari\/\" \/>\n<meta property=\"article:publisher\" content=\"https:\/\/www.facebook.com\/gfmparts\" \/>\n<meta property=\"article:modified_time\" content=\"2025-05-16T09:13:57+00:00\" \/>\n<meta property=\"og:image\" content=\"https:\/\/gfmparts.com\/wp-content\/uploads\/2025\/01\/Bulldozer-Sprocket-Segment-Bolts-1.png\" \/>\n\t<meta property=\"og:image:width\" content=\"720\" \/>\n\t<meta property=\"og:image:height\" content=\"717\" \/>\n\t<meta property=\"og:image:type\" content=\"image\/png\" \/>\n<meta name=\"twitter:card\" content=\"summary_large_image\" \/>\n<meta name=\"twitter:label1\" content=\"Tahmini okuma s\u00fcresi\" \/>\n\t<meta name=\"twitter:data1\" content=\"4 dakika\" \/>\n<script type=\"application\/ld+json\" class=\"yoast-schema-graph\">{\"@context\":\"https:\/\/schema.org\",\"@graph\":[{\"@type\":\"WebPage\",\"@id\":\"https:\/\/gfmparts.com\/product\/bulldozer-sprocket-segment-bolts\/\",\"url\":\"https:\/\/gfmparts.com\/product\/bulldozer-sprocket-segment-bolts\/\",\"name\":\"40CR Material Bulldozer Sprocket Bolts - GFM\",\"isPartOf\":{\"@id\":\"https:\/\/gfmparts.com\/#website\"},\"primaryImageOfPage\":{\"@id\":\"https:\/\/gfmparts.com\/product\/bulldozer-sprocket-segment-bolts\/#primaryimage\"},\"image\":{\"@id\":\"https:\/\/gfmparts.com\/product\/bulldozer-sprocket-segment-bolts\/#primaryimage\"},\"thumbnailUrl\":\"https:\/\/gfmparts.com\/wp-content\/uploads\/2025\/01\/Bulldozer-Sprocket-Segment-Bolts-1.png\",\"datePublished\":\"2025-01-23T06:33:12+00:00\",\"dateModified\":\"2025-05-16T09:13:57+00:00\",\"description\":\"As a world-renowned bulldozer parts manufacturer, GFM focuses on the research and development and production of drive gears and related components. Support OEM\/ODM customized services.\",\"breadcrumb\":{\"@id\":\"https:\/\/gfmparts.com\/product\/bulldozer-sprocket-segment-bolts\/#breadcrumb\"},\"inLanguage\":\"tr\",\"potentialAction\":[{\"@type\":\"ReadAction\",\"target\":[\"https:\/\/gfmparts.com\/product\/bulldozer-sprocket-segment-bolts\/\"]}]},{\"@type\":\"ImageObject\",\"inLanguage\":\"tr\",\"@id\":\"https:\/\/gfmparts.com\/product\/bulldozer-sprocket-segment-bolts\/#primaryimage\",\"url\":\"https:\/\/gfmparts.com\/wp-content\/uploads\/2025\/01\/Bulldozer-Sprocket-Segment-Bolts-1.png\",\"contentUrl\":\"https:\/\/gfmparts.com\/wp-content\/uploads\/2025\/01\/Bulldozer-Sprocket-Segment-Bolts-1.png\",\"width\":720,\"height\":717,\"caption\":\"Bulldozer Sprocket Segment Bolts\"},{\"@type\":\"BreadcrumbList\",\"@id\":\"https:\/\/gfmparts.com\/product\/bulldozer-sprocket-segment-bolts\/#breadcrumb\",\"itemListElement\":[{\"@type\":\"ListItem\",\"position\":1,\"name\":\"\u9996\u9875\",\"item\":\"https:\/\/gfmparts.com\/\"},{\"@type\":\"ListItem\",\"position\":2,\"name\":\"All Product\",\"item\":\"https:\/\/gfmparts.com\/all-product\/\"},{\"@type\":\"ListItem\",\"position\":3,\"name\":\"40CR Material Bulldozer Sprocket Segment Bolts\"}]},{\"@type\":\"WebSite\",\"@id\":\"https:\/\/gfmparts.com\/#website\",\"url\":\"https:\/\/gfmparts.com\/\",\"name\":\"GFM PARTS\",\"description\":\"GFM since 2011 focused on excavator and bulldozer undercarriage parts manufacturing :Track rollers,carrier roller,idler,sprocket,track group,bucket tooth pin.\",\"publisher\":{\"@id\":\"https:\/\/gfmparts.com\/#organization\"},\"alternateName\":\"gfmparts.com\",\"potentialAction\":[{\"@type\":\"SearchAction\",\"target\":{\"@type\":\"EntryPoint\",\"urlTemplate\":\"https:\/\/gfmparts.com\/?s={search_term_string}\"},\"query-input\":{\"@type\":\"PropertyValueSpecification\",\"valueRequired\":true,\"valueName\":\"search_term_string\"}}],\"inLanguage\":\"tr\"},{\"@type\":\"Organization\",\"@id\":\"https:\/\/gfmparts.com\/#organization\",\"name\":\"GFM PARTS\",\"url\":\"https:\/\/gfmparts.com\/\",\"logo\":{\"@type\":\"ImageObject\",\"inLanguage\":\"tr\",\"@id\":\"https:\/\/gfmparts.com\/#\/schema\/logo\/image\/\",\"url\":\"https:\/\/gfmparts.com\/wp-content\/uploads\/2024\/11\/cropped-GFMparts.com_-2.png\",\"contentUrl\":\"https:\/\/gfmparts.com\/wp-content\/uploads\/2024\/11\/cropped-GFMparts.com_-2.png\",\"width\":5987,\"height\":2564,\"caption\":\"GFM PARTS\"},\"image\":{\"@id\":\"https:\/\/gfmparts.com\/#\/schema\/logo\/image\/\"},\"sameAs\":[\"https:\/\/www.facebook.com\/gfmparts\",\"https:\/\/www.linkedin.com\/company\/gfmparts\/\",\"https:\/\/www.tiktok.com\/@gfmparts\",\"https:\/\/www.youtube.com\/@GFMparts\/featured\"]}]}<\/script>\n<!-- \/ Yoast SEO Premium plugin. -->","yoast_head_json":{"title":"40CR Material Bulldozer Sprocket Bolts - GFM","description":"As a world-renowned bulldozer parts manufacturer, GFM focuses on the research and development and production of drive gears and related components. Support OEM\/ODM customized services.","robots":{"index":"index","follow":"follow","max-snippet":"max-snippet:-1","max-image-preview":"max-image-preview:large","max-video-preview":"max-video-preview:-1"},"canonical":"https:\/\/gfmparts.com\/tr\/product\/buldozer-disli-segment-civatalari\/","og_locale":"tr_TR","og_type":"article","og_title":"40CR Material Bulldozer Sprocket Segment Bolts","og_description":"As a world-renowned bulldozer parts manufacturer, GFM focuses on the research and development and production of drive gears and related components. Support OEM\/ODM customized services.","og_url":"https:\/\/gfmparts.com\/tr\/product\/buldozer-disli-segment-civatalari\/","article_publisher":"https:\/\/www.facebook.com\/gfmparts","article_modified_time":"2025-05-16T09:13:57+00:00","og_image":[{"width":720,"height":717,"url":"https:\/\/gfmparts.com\/wp-content\/uploads\/2025\/01\/Bulldozer-Sprocket-Segment-Bolts-1.png","type":"image\/png"}],"twitter_card":"summary_large_image","twitter_misc":{"Tahmini okuma s\u00fcresi":"4 dakika"},"schema":{"@context":"https:\/\/schema.org","@graph":[{"@type":"WebPage","@id":"https:\/\/gfmparts.com\/product\/bulldozer-sprocket-segment-bolts\/","url":"https:\/\/gfmparts.com\/product\/bulldozer-sprocket-segment-bolts\/","name":"40CR Material Bulldozer Sprocket Bolts - GFM","isPartOf":{"@id":"https:\/\/gfmparts.com\/#website"},"primaryImageOfPage":{"@id":"https:\/\/gfmparts.com\/product\/bulldozer-sprocket-segment-bolts\/#primaryimage"},"image":{"@id":"https:\/\/gfmparts.com\/product\/bulldozer-sprocket-segment-bolts\/#primaryimage"},"thumbnailUrl":"https:\/\/gfmparts.com\/wp-content\/uploads\/2025\/01\/Bulldozer-Sprocket-Segment-Bolts-1.png","datePublished":"2025-01-23T06:33:12+00:00","dateModified":"2025-05-16T09:13:57+00:00","description":"As a world-renowned bulldozer parts manufacturer, GFM focuses on the research and development and production of drive gears and related components. Support OEM\/ODM customized services.","breadcrumb":{"@id":"https:\/\/gfmparts.com\/product\/bulldozer-sprocket-segment-bolts\/#breadcrumb"},"inLanguage":"tr","potentialAction":[{"@type":"ReadAction","target":["https:\/\/gfmparts.com\/product\/bulldozer-sprocket-segment-bolts\/"]}]},{"@type":"ImageObject","inLanguage":"tr","@id":"https:\/\/gfmparts.com\/product\/bulldozer-sprocket-segment-bolts\/#primaryimage","url":"https:\/\/gfmparts.com\/wp-content\/uploads\/2025\/01\/Bulldozer-Sprocket-Segment-Bolts-1.png","contentUrl":"https:\/\/gfmparts.com\/wp-content\/uploads\/2025\/01\/Bulldozer-Sprocket-Segment-Bolts-1.png","width":720,"height":717,"caption":"Bulldozer Sprocket Segment Bolts"},{"@type":"BreadcrumbList","@id":"https:\/\/gfmparts.com\/product\/bulldozer-sprocket-segment-bolts\/#breadcrumb","itemListElement":[{"@type":"ListItem","position":1,"name":"\u9996\u9875","item":"https:\/\/gfmparts.com\/"},{"@type":"ListItem","position":2,"name":"All Product","item":"https:\/\/gfmparts.com\/all-product\/"},{"@type":"ListItem","position":3,"name":"40CR Material Bulldozer Sprocket Segment Bolts"}]},{"@type":"WebSite","@id":"https:\/\/gfmparts.com\/#website","url":"https:\/\/gfmparts.com\/","name":"GFM PARTS","description":"GFM since 2011 focused on excavator and bulldozer undercarriage parts manufacturing :Track rollers,carrier roller,idler,sprocket,track group,bucket tooth pin.","publisher":{"@id":"https:\/\/gfmparts.com\/#organization"},"alternateName":"gfmparts.com","potentialAction":[{"@type":"SearchAction","target":{"@type":"EntryPoint","urlTemplate":"https:\/\/gfmparts.com\/?s={search_term_string}"},"query-input":{"@type":"PropertyValueSpecification","valueRequired":true,"valueName":"search_term_string"}}],"inLanguage":"tr"},{"@type":"Organization","@id":"https:\/\/gfmparts.com\/#organization","name":"GFM PARTS","url":"https:\/\/gfmparts.com\/","logo":{"@type":"ImageObject","inLanguage":"tr","@id":"https:\/\/gfmparts.com\/#\/schema\/logo\/image\/","url":"https:\/\/gfmparts.com\/wp-content\/uploads\/2024\/11\/cropped-GFMparts.com_-2.png","contentUrl":"https:\/\/gfmparts.com\/wp-content\/uploads\/2024\/11\/cropped-GFMparts.com_-2.png","width":5987,"height":2564,"caption":"GFM PARTS"},"image":{"@id":"https:\/\/gfmparts.com\/#\/schema\/logo\/image\/"},"sameAs":["https:\/\/www.facebook.com\/gfmparts","https:\/\/www.linkedin.com\/company\/gfmparts\/","https:\/\/www.tiktok.com\/@gfmparts","https:\/\/www.youtube.com\/@GFMparts\/featured"]}]}},"_links":{"self":[{"href":"https:\/\/gfmparts.com\/tr\/wp-json\/wp\/v2\/product\/3391"}],"collection":[{"href":"https:\/\/gfmparts.com\/tr\/wp-json\/wp\/v2\/product"}],"about":[{"href":"https:\/\/gfmparts.com\/tr\/wp-json\/wp\/v2\/types\/product"}],"wp:featuredmedia":[{"embeddable":true,"href":"https:\/\/gfmparts.com\/tr\/wp-json\/wp\/v2\/media\/3578"}],"wp:attachment":[{"href":"https:\/\/gfmparts.com\/tr\/wp-json\/wp\/v2\/media?parent=3391"}],"wp:term":[{"taxonomy":"product_cat","embeddable":true,"href":"https:\/\/gfmparts.com\/tr\/wp-json\/wp\/v2\/product_cat?post=3391"},{"taxonomy":"product_tag","embeddable":true,"href":"https:\/\/gfmparts.com\/tr\/wp-json\/wp\/v2\/product_tag?post=3391"}],"curies":[{"name":"wp","href":"https:\/\/api.w.org\/{rel}","templated":true}]}}