{"id":3408,"date":"2025-01-25T03:39:32","date_gmt":"2025-01-25T03:39:32","guid":{"rendered":"https:\/\/gfmparts.com\/?post_type=product&#038;p=3408"},"modified":"2025-06-23T06:47:12","modified_gmt":"2025-06-23T06:47:12","slug":"high-quality-track-idler-for-excavator","status":"publish","type":"product","link":"https:\/\/gfmparts.com\/tr\/product\/ekskavator-icin-yuksek-kaliteli-paletli-gergi-kasnagi\/","title":{"rendered":"Ekskavat\u00f6r i\u00e7in Y\u00fcksek Kaliteli SY365 Paletli R\u00f6lanti"},"content":{"rendered":"<p><span style=\"color: #000000;\">SY365 ekskavat\u00f6r <a style=\"color: #000000;\" href=\"https:\/\/gfmparts.com\/tr\/product\/yuksek-kaliteli-ekskavator-paletli-gergi-makarasi-ureticileri\/\">paletli gergi kasna\u011f\u0131<\/a> Y\u00fcksek performansl\u0131 ekskavat\u00f6rler i\u00e7in tasarlanm\u0131\u015f \u00f6nemli bir bile\u015fendir. Ekskavat\u00f6r alt tak\u0131m sisteminin \u00f6nemli bir par\u00e7as\u0131 olan SY365 paletli gergi kasna\u011f\u0131, palet sisteminin sorunsuz \u00e7al\u0131\u015fmas\u0131n\u0131 sa\u011flar, a\u015f\u0131nmay\u0131 azalt\u0131r ve t\u00fcm makinenin \u00e7al\u0131\u015fma verimlili\u011fini art\u0131r\u0131r. Y\u00fcksek kaliteli malzemelerden \u00fcretilen k\u0131lavuz tekerlek, m\u00fckemmel a\u015f\u0131nma direnci ve dayan\u0131kl\u0131l\u0131\u011fa sahiptir ve \u00e7e\u015fitli zorlu \u00e7al\u0131\u015fma ortamlar\u0131nda m\u00fckemmel performans\u0131n\u0131 koruyabilir.<\/span><\/p>\n<p><span style=\"color: #000000;\">SY365 y\u00fcksek kaliteli ekskavat\u00f6r paletli gergi kasna\u011f\u0131n\u0131 kullanarak, ekskavat\u00f6r\u00fcn\u00fcz\u00fcn \u00e7e\u015fitli karma\u015f\u0131k ortamlarda verimli ve istikrarl\u0131 performans\u0131n\u0131 koruyabilmesini sa\u011flayabilir, b\u00f6ylece genel \u00e7al\u0131\u015fma verimlili\u011fini art\u0131rabilir ve bak\u0131m maliyetlerini azaltabilirsiniz.<\/span><\/p>\n<h3><span style=\"color: #ff6600;\">\u00dcr\u00fcn A\u00e7\u0131klamas\u0131<\/span><\/h3>\n<ul>\n<li><span style=\"color: #000000;\"><strong>Minimum Sipari\u015f Adedi:<\/strong>\u00a01 Bilgisayar<\/span><\/li>\n<li><span style=\"color: #000000;\"><strong>\u00d6deme y\u00f6ntemi:<\/strong>\u00a0T\/T<\/span><\/li>\n<li><span style=\"color: #000000;\"><strong>Marka:<\/strong>\u00a0GFM<\/span><\/li>\n<li><span style=\"color: #000000;\"><strong>Durum:<\/strong>\u00a0Yeni<\/span><\/li>\n<li><span style=\"color: #000000;\"><strong>Renk:<\/strong>\u00a0Sar\u0131, Siyah veya \u00d6zelle\u015ftirilmi\u015f<\/span><\/li>\n<li><span style=\"color: #000000;\"><strong>Kur\u015fun zaman\u0131:<\/strong>\u00a030 g\u00fcn<\/span><\/li>\n<li><span style=\"color: #000000;\"><strong>Garanti:<\/strong>\u00a01 Y\u0131l<\/span><\/li>\n<li><span style=\"color: #000000;\"><strong>Hizmet:<\/strong>\u00a0OEM veya ODM<\/span><\/li>\n<li><span style=\"color: #000000;\"><strong>Men\u015fei Yeri:<\/strong>\u00a0Fujian, \u00c7in<\/span><\/li>\n<li><span style=\"color: #000000;\"><strong>Ba\u015fvuru:<\/strong>\u00a0Ekskavat\u00f6r veya Buldozer<\/span><\/li>\n<li><span style=\"color: #000000;\"><strong>Paketleme:<\/strong>\u00a0Standart \u0130hracat Ah\u015fap Palet<\/span><\/li>\n<\/ul>\n<p style=\"text-align: center;\"><span style=\"color: #000000;\"><img fetchpriority=\"high\" decoding=\"async\" class=\"alignnone wp-image-2996\" src=\"https:\/\/gfmparts.com\/wp-content\/uploads\/2024\/12\/2024-09-10-095923-768x1024.jpg\" alt=\"ekskavat\u00f6r gergi \u00fcr\u00fcn\u00fc\" width=\"412\" height=\"550\" srcset=\"https:\/\/gfmparts.com\/wp-content\/uploads\/2024\/12\/2024-09-10-095923-768x1024.jpg 768w, https:\/\/gfmparts.com\/wp-content\/uploads\/2024\/12\/2024-09-10-095923-225x300.jpg 225w, https:\/\/gfmparts.com\/wp-content\/uploads\/2024\/12\/2024-09-10-095923-1152x1536.jpg 1152w, https:\/\/gfmparts.com\/wp-content\/uploads\/2024\/12\/2024-09-10-095923-1536x2048.jpg 1536w, https:\/\/gfmparts.com\/wp-content\/uploads\/2024\/12\/2024-09-10-095923-600x800.jpg 600w, https:\/\/gfmparts.com\/wp-content\/uploads\/2024\/12\/2024-09-10-095923-scaled.jpg 1920w\" sizes=\"(max-width: 412px) 100vw, 412px\" \/> <img decoding=\"async\" class=\"alignnone wp-image-2998\" src=\"https:\/\/gfmparts.com\/wp-content\/uploads\/2024\/12\/2024-09-10-164127-768x1024.jpg\" alt=\"ekskavat\u00f6r gergisi \u00fcr\u00fcn g\u00f6sterisi\" width=\"412\" height=\"550\" srcset=\"https:\/\/gfmparts.com\/wp-content\/uploads\/2024\/12\/2024-09-10-164127-768x1024.jpg 768w, https:\/\/gfmparts.com\/wp-content\/uploads\/2024\/12\/2024-09-10-164127-225x300.jpg 225w, https:\/\/gfmparts.com\/wp-content\/uploads\/2024\/12\/2024-09-10-164127-1152x1536.jpg 1152w, https:\/\/gfmparts.com\/wp-content\/uploads\/2024\/12\/2024-09-10-164127-1536x2048.jpg 1536w, https:\/\/gfmparts.com\/wp-content\/uploads\/2024\/12\/2024-09-10-164127-600x800.jpg 600w, https:\/\/gfmparts.com\/wp-content\/uploads\/2024\/12\/2024-09-10-164127-scaled.jpg 1920w\" sizes=\"(max-width: 412px) 100vw, 412px\" \/><\/span><\/p>\n<h3><span style=\"color: #ff6600;\">\u00d6zellikler<\/span><\/h3>\n<ul>\n<li><b><\/b><span style=\"color: #000000;\"><strong><b>Dayan\u0131kl\u0131:<\/b><\/strong>Uzun s\u00fcreli performans i\u00e7in zorlu ko\u015fullara dayanacak \u015fekilde \u00fcretildi.<\/span><\/li>\n<li><span style=\"color: #000000;\"><b><\/b><strong><b>M\u00fckemmel Uyum: <\/b><\/strong>\u00c7e\u015fitli ekskavat\u00f6r ve buldozer modellerine kolay montaj i\u00e7in tasarlanm\u0131\u015ft\u0131r.<\/span><\/li>\n<li><span style=\"color: #000000;\"><b><\/b><strong><b>A\u011f\u0131r Hizmet: <\/b><\/strong>A\u011f\u0131r y\u00fckleri destekleyerek d\u00fczg\u00fcn ve stabil bir \u00e7al\u0131\u015fma sa\u011flar.<\/span><\/li>\n<li><span style=\"color: #000000;\"><b><\/b><strong><b>P\u00fcr\u00fczs\u00fcz ve Sessiz<\/b><\/strong>: T\u00fcm arazilerde daha ak\u0131c\u0131 hareket ve daha iyi \u00e7eki\u015f i\u00e7in titre\u015fimi en aza indirir.<\/span><\/li>\n<li><span style=\"color: #000000;\"><b><\/b><strong><b>D\u00fc\u015f\u00fck Bak\u0131m: <\/b><\/strong>Daha az bak\u0131m ve daha uzun \u00e7al\u0131\u015fma s\u00fcresi i\u00e7in kendi kendini ya\u011flayan sistem.<\/span><\/li>\n<li><span style=\"color: #000000;\"><b><\/b><strong><b>Hava Ko\u015fullar\u0131na Dayan\u0131kl\u0131: <\/b><\/strong>Her t\u00fcrl\u00fc iklimde iyi performans g\u00f6sterir, paslanmaya ve a\u015f\u0131r\u0131 s\u0131cakl\u0131klara dayan\u0131kl\u0131d\u0131r.<\/span><\/li>\n<\/ul>\n<h3><span style=\"color: #ff6600;\">\u00d6zellikler<\/span><\/h3>\n<p style=\"text-align: center;\"><img decoding=\"async\" class=\"alignnone size-large wp-image-6793\" src=\"https:\/\/gfmparts.com\/wp-content\/uploads\/2025\/06\/track-idler-specification-1024x402.jpg\" alt=\"palet gergisi spesifikasyonu\" width=\"1024\" height=\"402\" srcset=\"https:\/\/gfmparts.com\/wp-content\/uploads\/2025\/06\/track-idler-specification-1024x402.jpg 1024w, https:\/\/gfmparts.com\/wp-content\/uploads\/2025\/06\/track-idler-specification-300x118.jpg 300w, https:\/\/gfmparts.com\/wp-content\/uploads\/2025\/06\/track-idler-specification-768x301.jpg 768w, https:\/\/gfmparts.com\/wp-content\/uploads\/2025\/06\/track-idler-specification-600x235.jpg 600w, https:\/\/gfmparts.com\/wp-content\/uploads\/2025\/06\/track-idler-specification.jpg 1537w\" sizes=\"(max-width: 1024px) 100vw, 1024px\" \/><\/p>\n<p style=\"text-align: center;\"><img loading=\"lazy\" decoding=\"async\" class=\"alignnone size-full wp-image-3003\" style=\"font-style: inherit; font-weight: inherit;\" src=\"https:\/\/gfmparts.com\/wp-content\/uploads\/2024\/12\/\u5f15\u5bfc\u8f6e\u578b\u53f7.png\" alt=\"paletli gergi modeli\" width=\"867\" height=\"369\" srcset=\"https:\/\/gfmparts.com\/wp-content\/uploads\/2024\/12\/\u5f15\u5bfc\u8f6e\u578b\u53f7.png 867w, https:\/\/gfmparts.com\/wp-content\/uploads\/2024\/12\/\u5f15\u5bfc\u8f6e\u578b\u53f7-300x128.png 300w, https:\/\/gfmparts.com\/wp-content\/uploads\/2024\/12\/\u5f15\u5bfc\u8f6e\u578b\u53f7-768x327.png 768w, https:\/\/gfmparts.com\/wp-content\/uploads\/2024\/12\/\u5f15\u5bfc\u8f6e\u578b\u53f7-600x255.png 600w\" sizes=\"(max-width: 867px) 100vw, 867px\" \/><\/p>\n<h3><span style=\"color: #ff6600;\">\u00dcr\u00fcn Modelleri<\/span><\/h3>\n<p style=\"text-align: center;\"><span style=\"color: #000000;\"><img loading=\"lazy\" decoding=\"async\" class=\"alignnone size-full wp-image-2862\" src=\"https:\/\/gfmparts.com\/wp-content\/uploads\/2024\/11\/\u673a\u578b\u578b\u53f7-2.png\" alt=\"ekskavat\u00f6r par\u00e7a a\u00e7\u0131klamas\u0131\" width=\"854\" height=\"741\" srcset=\"https:\/\/gfmparts.com\/wp-content\/uploads\/2024\/11\/\u673a\u578b\u578b\u53f7-2.png 854w, https:\/\/gfmparts.com\/wp-content\/uploads\/2024\/11\/\u673a\u578b\u578b\u53f7-2-300x260.png 300w, https:\/\/gfmparts.com\/wp-content\/uploads\/2024\/11\/\u673a\u578b\u578b\u53f7-2-768x666.png 768w, https:\/\/gfmparts.com\/wp-content\/uploads\/2024\/11\/\u673a\u578b\u578b\u53f7-2-600x521.png 600w\" sizes=\"(max-width: 854px) 100vw, 854px\" \/><\/span><\/p>\n<h3><span style=\"color: #ff9900;\">\u00dcretim S\u00fcreci<\/span><\/h3>\n<p><img loading=\"lazy\" decoding=\"async\" class=\"size-large wp-image-3043 aligncenter\" src=\"https:\/\/gfmparts.com\/wp-content\/uploads\/2024\/12\/\u901a\u7528\u751f\u4ea7\u6d41\u7a0b-1-1024x648.jpg\" alt=\"ekskavat\u00f6r par\u00e7a \u00fcretim s\u00fcreci\" width=\"1024\" height=\"648\" srcset=\"\" sizes=\"(max-width: 1024px) 100vw, 1024px\" data-srcset=\"\" \/><\/p>\n<h3><span style=\"color: #ff6600;\">Paketleme ve Nakliye<\/span><\/h3>\n<p style=\"text-align: center;\"><img loading=\"lazy\" decoding=\"async\" class=\"alignnone size-large wp-image-6521\" src=\"https:\/\/gfmparts.com\/wp-content\/uploads\/2025\/05\/Packaging-and-Shipping-1-1-1024x648.jpg\" alt=\"Paketleme ve Nakliye\" width=\"1024\" height=\"648\" srcset=\"https:\/\/gfmparts.com\/wp-content\/uploads\/2025\/05\/Packaging-and-Shipping-1-1-1024x648.jpg 1024w, https:\/\/gfmparts.com\/wp-content\/uploads\/2025\/05\/Packaging-and-Shipping-1-1-300x190.jpg 300w, https:\/\/gfmparts.com\/wp-content\/uploads\/2025\/05\/Packaging-and-Shipping-1-1-768x486.jpg 768w, https:\/\/gfmparts.com\/wp-content\/uploads\/2025\/05\/Packaging-and-Shipping-1-1-1536x973.jpg 1536w, https:\/\/gfmparts.com\/wp-content\/uploads\/2025\/05\/Packaging-and-Shipping-1-1-2048x1297.jpg 2048w, https:\/\/gfmparts.com\/wp-content\/uploads\/2025\/05\/Packaging-and-Shipping-1-1-600x380.jpg 600w\" sizes=\"(max-width: 1024px) 100vw, 1024px\" \/><\/p>\n<h3><span style=\"color: #ff6600;\">Fabrika Avantajlar\u0131<\/span><\/h3>\n<p><span style=\"color: #000000;\">\u00d6nde gelen bir <a style=\"color: #000000;\" href=\"https:\/\/gfmparts.com\/tr\/product\/zax870-ekskavator-palet-silindiri-tedarikcisi\/\">ekskavat\u00f6r par\u00e7alar\u0131 \u00fcreticisi<\/a>GFM, geli\u015fmi\u015f \u00fcretim ekipmanlar\u0131na ve g\u00fc\u00e7l\u00fc bir teknik Ar-Ge ekibine sahiptir. Y\u00fcksek kaliteli ekskavat\u00f6r makaralar\u0131 \u00fcretmeye ve s\u0131k\u0131 bir kalite y\u00f6netim sistemiyle her \u00fcr\u00fcn\u00fcn uluslararas\u0131 standartlar\u0131 kar\u015f\u0131lamas\u0131n\u0131 sa\u011flamaya kararl\u0131y\u0131z. Fabrikam\u0131z, OEM\/ODM \u00f6zelle\u015ftirilmi\u015f \u00fcretim kapasitesine sahiptir ve m\u00fc\u015fteri ihtiya\u00e7lar\u0131na g\u00f6re ki\u015fiselle\u015ftirilmi\u015f \u00e7\u00f6z\u00fcmler sunabilmektedir. Ayr\u0131ca, zengin sekt\u00f6r deneyimine sahibiz ve m\u00fc\u015fterilerimize eksiksiz bir sat\u0131\u015f \u00f6ncesi ve sat\u0131\u015f sonras\u0131 destek yelpazesi sunabiliyoruz.<\/span><\/p>\n<p style=\"text-align: center;\"><span style=\"color: #000000;\"><img loading=\"lazy\" decoding=\"async\" class=\"alignnone wp-image-2159\" src=\"https:\/\/gfmparts.com\/wp-content\/uploads\/2024\/12\/\u5fae\u4fe1\u56fe\u7247_20241202160325-1024x576.jpg\" alt=\"ta\u015f\u0131y\u0131c\u0131 silindir \u00fcreticisi\" width=\"767\" height=\"431\" srcset=\"\" sizes=\"(max-width: 767px) 100vw, 767px\" data-srcset=\"\" \/><\/span><\/p>","protected":false},"excerpt":{"rendered":"<ul>\n<li><span style=\"color: #000000;\">\u00dcr\u00fcn Kalitesi Garantili<\/span><\/li>\n<li><span style=\"color: #000000;\">B\u00fcy\u00fck Tedarik<\/span><\/li>\n<li><span style=\"color: #000000;\">Rekabet\u00e7i Fiyatland\u0131rma<\/span><\/li>\n<li><span style=\"color: #000000;\">\u00c7o\u011fu Marka ve Model<\/span><\/li>\n<li><span style=\"color: #000000;\">Yard\u0131msever M\u00fc\u015fteri Hizmetleri Ekibi<\/span><\/li>\n<li><span style=\"color: #000000;\">Profesyonel Teknik Destek<\/span><\/li>\n<\/ul>","protected":false},"featured_media":3576,"template":"","meta":{"site-sidebar-layout":"default","site-content-layout":"","ast-site-content-layout":"default","site-content-style":"default","site-sidebar-style":"default","ast-global-header-display":"","ast-banner-title-visibility":"","ast-main-header-display":"","ast-hfb-above-header-display":"","ast-hfb-below-header-display":"","ast-hfb-mobile-header-display":"","site-post-title":"","ast-breadcrumbs-content":"","ast-featured-img":"","footer-sml-layout":"","theme-transparent-header-meta":"default","adv-header-id-meta":"","stick-header-meta":"default","header-above-stick-meta":"","header-main-stick-meta":"","header-below-stick-meta":"","astra-migrate-meta-layouts":"set","ast-page-background-enabled":"default","ast-page-background-meta":{"desktop":{"background-color":"","background-image":"","background-repeat":"repeat","background-position":"center center","background-size":"auto","background-attachment":"scroll","background-type":"","background-media":"","overlay-type":"","overlay-color":"","overlay-opacity":"","overlay-gradient":""},"tablet":{"background-color":"","background-image":"","background-repeat":"repeat","background-position":"center center","background-size":"auto","background-attachment":"scroll","background-type":"","background-media":"","overlay-type":"","overlay-color":"","overlay-opacity":"","overlay-gradient":""},"mobile":{"background-color":"","background-image":"","background-repeat":"repeat","background-position":"center center","background-size":"auto","background-attachment":"scroll","background-type":"","background-media":"","overlay-type":"","overlay-color":"","overlay-opacity":"","overlay-gradient":""}},"ast-content-background-meta":{"desktop":{"background-color":"var(--ast-global-color-5)","background-image":"","background-repeat":"repeat","background-position":"center center","background-size":"auto","background-attachment":"scroll","background-type":"","background-media":"","overlay-type":"","overlay-color":"","overlay-opacity":"","overlay-gradient":""},"tablet":{"background-color":"var(--ast-global-color-5)","background-image":"","background-repeat":"repeat","background-position":"center center","background-size":"auto","background-attachment":"scroll","background-type":"","background-media":"","overlay-type":"","overlay-color":"","overlay-opacity":"","overlay-gradient":""},"mobile":{"background-color":"var(--ast-global-color-5)","background-image":"","background-repeat":"repeat","background-position":"center center","background-size":"auto","background-attachment":"scroll","background-type":"","background-media":"","overlay-type":"","overlay-color":"","overlay-opacity":"","overlay-gradient":""}}},"product_cat":[38,32],"product_tag":[149],"class_list":{"0":"post-3408","1":"product","2":"type-product","3":"status-publish","4":"has-post-thumbnail","6":"product_cat-undercarriage","7":"product_cat-track-idler","8":"product_tag-sy365","9":"desktop-align-left","10":"tablet-align-left","11":"mobile-align-left","12":"ast-product-gallery-layout-horizontal-slider","13":"ast-product-tabs-layout-horizontal","15":"first","16":"instock","17":"shipping-taxable","18":"product-type-simple"},"yoast_head":"<!-- This site is optimized with the Yoast SEO Premium plugin v22.8 (Yoast SEO v23.9) - https:\/\/yoast.com\/wordpress\/plugins\/seo\/ -->\n<title>Wholesale High Quality SY365 Track Idler For Excavator<\/title>\n<meta name=\"description\" content=\"As an industry-leading excavator parts manufacturer, GFM is committed to producing high-quality excavator track idler and has OEM\/ODM customized production capabilities.\" \/>\n<meta name=\"robots\" content=\"index, follow, max-snippet:-1, max-image-preview:large, max-video-preview:-1\" \/>\n<link rel=\"canonical\" href=\"https:\/\/gfmparts.com\/tr\/product\/ekskavator-icin-yuksek-kaliteli-paletli-gergi-kasnagi\/\" \/>\n<meta property=\"og:locale\" content=\"tr_TR\" \/>\n<meta property=\"og:type\" content=\"article\" \/>\n<meta property=\"og:title\" content=\"High Quality SY365 Track Idler for Excavator\" \/>\n<meta property=\"og:description\" content=\"As an industry-leading excavator parts manufacturer, GFM is committed to producing high-quality excavator track idler and has OEM\/ODM customized production capabilities.\" \/>\n<meta property=\"og:url\" content=\"https:\/\/gfmparts.com\/tr\/product\/ekskavator-icin-yuksek-kaliteli-paletli-gergi-kasnagi\/\" \/>\n<meta property=\"article:publisher\" content=\"https:\/\/www.facebook.com\/gfmparts\" \/>\n<meta property=\"article:modified_time\" content=\"2025-06-23T06:47:12+00:00\" \/>\n<meta property=\"og:image\" content=\"https:\/\/gfmparts.com\/wp-content\/uploads\/2025\/01\/SY365-Track-Idler-1024x1024.png\" \/>\n\t<meta property=\"og:image:width\" content=\"1024\" \/>\n\t<meta property=\"og:image:height\" content=\"1024\" \/>\n\t<meta property=\"og:image:type\" content=\"image\/png\" \/>\n<meta name=\"twitter:card\" content=\"summary_large_image\" \/>\n<meta name=\"twitter:label1\" content=\"Tahmini okuma s\u00fcresi\" \/>\n\t<meta name=\"twitter:data1\" content=\"4 dakika\" \/>\n<script type=\"application\/ld+json\" class=\"yoast-schema-graph\">{\"@context\":\"https:\/\/schema.org\",\"@graph\":[{\"@type\":\"WebPage\",\"@id\":\"https:\/\/gfmparts.com\/product\/high-quality-track-idler-for-excavator\/\",\"url\":\"https:\/\/gfmparts.com\/product\/high-quality-track-idler-for-excavator\/\",\"name\":\"Wholesale High Quality SY365 Track Idler For Excavator\",\"isPartOf\":{\"@id\":\"https:\/\/gfmparts.com\/#website\"},\"primaryImageOfPage\":{\"@id\":\"https:\/\/gfmparts.com\/product\/high-quality-track-idler-for-excavator\/#primaryimage\"},\"image\":{\"@id\":\"https:\/\/gfmparts.com\/product\/high-quality-track-idler-for-excavator\/#primaryimage\"},\"thumbnailUrl\":\"https:\/\/gfmparts.com\/wp-content\/uploads\/2025\/01\/SY365-Track-Idler.png\",\"datePublished\":\"2025-01-25T03:39:32+00:00\",\"dateModified\":\"2025-06-23T06:47:12+00:00\",\"description\":\"As an industry-leading excavator parts manufacturer, GFM is committed to producing high-quality excavator track idler and has OEM\/ODM customized production capabilities.\",\"breadcrumb\":{\"@id\":\"https:\/\/gfmparts.com\/product\/high-quality-track-idler-for-excavator\/#breadcrumb\"},\"inLanguage\":\"tr\",\"potentialAction\":[{\"@type\":\"ReadAction\",\"target\":[\"https:\/\/gfmparts.com\/product\/high-quality-track-idler-for-excavator\/\"]}]},{\"@type\":\"ImageObject\",\"inLanguage\":\"tr\",\"@id\":\"https:\/\/gfmparts.com\/product\/high-quality-track-idler-for-excavator\/#primaryimage\",\"url\":\"https:\/\/gfmparts.com\/wp-content\/uploads\/2025\/01\/SY365-Track-Idler.png\",\"contentUrl\":\"https:\/\/gfmparts.com\/wp-content\/uploads\/2025\/01\/SY365-Track-Idler.png\",\"width\":2781,\"height\":2781,\"caption\":\"SY365 Track Idler\"},{\"@type\":\"BreadcrumbList\",\"@id\":\"https:\/\/gfmparts.com\/product\/high-quality-track-idler-for-excavator\/#breadcrumb\",\"itemListElement\":[{\"@type\":\"ListItem\",\"position\":1,\"name\":\"\u9996\u9875\",\"item\":\"https:\/\/gfmparts.com\/\"},{\"@type\":\"ListItem\",\"position\":2,\"name\":\"All Product\",\"item\":\"https:\/\/gfmparts.com\/all-product\/\"},{\"@type\":\"ListItem\",\"position\":3,\"name\":\"High Quality SY365 Track Idler for Excavator\"}]},{\"@type\":\"WebSite\",\"@id\":\"https:\/\/gfmparts.com\/#website\",\"url\":\"https:\/\/gfmparts.com\/\",\"name\":\"GFM PARTS\",\"description\":\"GFM since 2011 focused on excavator and bulldozer undercarriage parts manufacturing :Track rollers,carrier roller,idler,sprocket,track group,bucket tooth pin.\",\"publisher\":{\"@id\":\"https:\/\/gfmparts.com\/#organization\"},\"alternateName\":\"gfmparts.com\",\"potentialAction\":[{\"@type\":\"SearchAction\",\"target\":{\"@type\":\"EntryPoint\",\"urlTemplate\":\"https:\/\/gfmparts.com\/?s={search_term_string}\"},\"query-input\":{\"@type\":\"PropertyValueSpecification\",\"valueRequired\":true,\"valueName\":\"search_term_string\"}}],\"inLanguage\":\"tr\"},{\"@type\":\"Organization\",\"@id\":\"https:\/\/gfmparts.com\/#organization\",\"name\":\"GFM PARTS\",\"url\":\"https:\/\/gfmparts.com\/\",\"logo\":{\"@type\":\"ImageObject\",\"inLanguage\":\"tr\",\"@id\":\"https:\/\/gfmparts.com\/#\/schema\/logo\/image\/\",\"url\":\"https:\/\/gfmparts.com\/wp-content\/uploads\/2024\/11\/cropped-GFMparts.com_-2.png\",\"contentUrl\":\"https:\/\/gfmparts.com\/wp-content\/uploads\/2024\/11\/cropped-GFMparts.com_-2.png\",\"width\":5987,\"height\":2564,\"caption\":\"GFM PARTS\"},\"image\":{\"@id\":\"https:\/\/gfmparts.com\/#\/schema\/logo\/image\/\"},\"sameAs\":[\"https:\/\/www.facebook.com\/gfmparts\",\"https:\/\/www.linkedin.com\/company\/gfmparts\/\",\"https:\/\/www.tiktok.com\/@gfmparts\",\"https:\/\/www.youtube.com\/@GFMparts\/featured\"]}]}<\/script>\n<!-- \/ Yoast SEO Premium plugin. -->","yoast_head_json":{"title":"Wholesale High Quality SY365 Track Idler For Excavator","description":"As an industry-leading excavator parts manufacturer, GFM is committed to producing high-quality excavator track idler and has OEM\/ODM customized production capabilities.","robots":{"index":"index","follow":"follow","max-snippet":"max-snippet:-1","max-image-preview":"max-image-preview:large","max-video-preview":"max-video-preview:-1"},"canonical":"https:\/\/gfmparts.com\/tr\/product\/ekskavator-icin-yuksek-kaliteli-paletli-gergi-kasnagi\/","og_locale":"tr_TR","og_type":"article","og_title":"High Quality SY365 Track Idler for Excavator","og_description":"As an industry-leading excavator parts manufacturer, GFM is committed to producing high-quality excavator track idler and has OEM\/ODM customized production capabilities.","og_url":"https:\/\/gfmparts.com\/tr\/product\/ekskavator-icin-yuksek-kaliteli-paletli-gergi-kasnagi\/","article_publisher":"https:\/\/www.facebook.com\/gfmparts","article_modified_time":"2025-06-23T06:47:12+00:00","og_image":[{"width":1024,"height":1024,"url":"https:\/\/gfmparts.com\/wp-content\/uploads\/2025\/01\/SY365-Track-Idler-1024x1024.png","type":"image\/png"}],"twitter_card":"summary_large_image","twitter_misc":{"Tahmini okuma s\u00fcresi":"4 dakika"},"schema":{"@context":"https:\/\/schema.org","@graph":[{"@type":"WebPage","@id":"https:\/\/gfmparts.com\/product\/high-quality-track-idler-for-excavator\/","url":"https:\/\/gfmparts.com\/product\/high-quality-track-idler-for-excavator\/","name":"Wholesale High Quality SY365 Track Idler For Excavator","isPartOf":{"@id":"https:\/\/gfmparts.com\/#website"},"primaryImageOfPage":{"@id":"https:\/\/gfmparts.com\/product\/high-quality-track-idler-for-excavator\/#primaryimage"},"image":{"@id":"https:\/\/gfmparts.com\/product\/high-quality-track-idler-for-excavator\/#primaryimage"},"thumbnailUrl":"https:\/\/gfmparts.com\/wp-content\/uploads\/2025\/01\/SY365-Track-Idler.png","datePublished":"2025-01-25T03:39:32+00:00","dateModified":"2025-06-23T06:47:12+00:00","description":"As an industry-leading excavator parts manufacturer, GFM is committed to producing high-quality excavator track idler and has OEM\/ODM customized production capabilities.","breadcrumb":{"@id":"https:\/\/gfmparts.com\/product\/high-quality-track-idler-for-excavator\/#breadcrumb"},"inLanguage":"tr","potentialAction":[{"@type":"ReadAction","target":["https:\/\/gfmparts.com\/product\/high-quality-track-idler-for-excavator\/"]}]},{"@type":"ImageObject","inLanguage":"tr","@id":"https:\/\/gfmparts.com\/product\/high-quality-track-idler-for-excavator\/#primaryimage","url":"https:\/\/gfmparts.com\/wp-content\/uploads\/2025\/01\/SY365-Track-Idler.png","contentUrl":"https:\/\/gfmparts.com\/wp-content\/uploads\/2025\/01\/SY365-Track-Idler.png","width":2781,"height":2781,"caption":"SY365 Track Idler"},{"@type":"BreadcrumbList","@id":"https:\/\/gfmparts.com\/product\/high-quality-track-idler-for-excavator\/#breadcrumb","itemListElement":[{"@type":"ListItem","position":1,"name":"\u9996\u9875","item":"https:\/\/gfmparts.com\/"},{"@type":"ListItem","position":2,"name":"All Product","item":"https:\/\/gfmparts.com\/all-product\/"},{"@type":"ListItem","position":3,"name":"High Quality SY365 Track Idler for Excavator"}]},{"@type":"WebSite","@id":"https:\/\/gfmparts.com\/#website","url":"https:\/\/gfmparts.com\/","name":"GFM PARTS","description":"GFM since 2011 focused on excavator and bulldozer undercarriage parts manufacturing :Track rollers,carrier roller,idler,sprocket,track group,bucket tooth pin.","publisher":{"@id":"https:\/\/gfmparts.com\/#organization"},"alternateName":"gfmparts.com","potentialAction":[{"@type":"SearchAction","target":{"@type":"EntryPoint","urlTemplate":"https:\/\/gfmparts.com\/?s={search_term_string}"},"query-input":{"@type":"PropertyValueSpecification","valueRequired":true,"valueName":"search_term_string"}}],"inLanguage":"tr"},{"@type":"Organization","@id":"https:\/\/gfmparts.com\/#organization","name":"GFM PARTS","url":"https:\/\/gfmparts.com\/","logo":{"@type":"ImageObject","inLanguage":"tr","@id":"https:\/\/gfmparts.com\/#\/schema\/logo\/image\/","url":"https:\/\/gfmparts.com\/wp-content\/uploads\/2024\/11\/cropped-GFMparts.com_-2.png","contentUrl":"https:\/\/gfmparts.com\/wp-content\/uploads\/2024\/11\/cropped-GFMparts.com_-2.png","width":5987,"height":2564,"caption":"GFM PARTS"},"image":{"@id":"https:\/\/gfmparts.com\/#\/schema\/logo\/image\/"},"sameAs":["https:\/\/www.facebook.com\/gfmparts","https:\/\/www.linkedin.com\/company\/gfmparts\/","https:\/\/www.tiktok.com\/@gfmparts","https:\/\/www.youtube.com\/@GFMparts\/featured"]}]}},"_links":{"self":[{"href":"https:\/\/gfmparts.com\/tr\/wp-json\/wp\/v2\/product\/3408"}],"collection":[{"href":"https:\/\/gfmparts.com\/tr\/wp-json\/wp\/v2\/product"}],"about":[{"href":"https:\/\/gfmparts.com\/tr\/wp-json\/wp\/v2\/types\/product"}],"wp:featuredmedia":[{"embeddable":true,"href":"https:\/\/gfmparts.com\/tr\/wp-json\/wp\/v2\/media\/3576"}],"wp:attachment":[{"href":"https:\/\/gfmparts.com\/tr\/wp-json\/wp\/v2\/media?parent=3408"}],"wp:term":[{"taxonomy":"product_cat","embeddable":true,"href":"https:\/\/gfmparts.com\/tr\/wp-json\/wp\/v2\/product_cat?post=3408"},{"taxonomy":"product_tag","embeddable":true,"href":"https:\/\/gfmparts.com\/tr\/wp-json\/wp\/v2\/product_tag?post=3408"}],"curies":[{"name":"wp","href":"https:\/\/api.w.org\/{rel}","templated":true}]}}