{"id":3416,"date":"2025-02-06T07:58:26","date_gmt":"2025-02-06T07:58:26","guid":{"rendered":"https:\/\/gfmparts.com\/?post_type=product&#038;p=3416"},"modified":"2025-06-23T06:46:37","modified_gmt":"2025-06-23T06:46:37","slug":"high-quality-track-idler-on-excavator","status":"publish","type":"product","link":"https:\/\/gfmparts.com\/tr\/product\/ekskavatorde-yuksek-kaliteli-paletli-gergi-kasnagi\/","title":{"rendered":"Ekskavat\u00f6rde PC300-5 PC300-6 Paletli R\u00f6lanti Motoru 207-30-00160"},"content":{"rendered":"<p><span style=\"color: #000000;\">Komatsu PC300 ekskavat\u00f6r i\u00e7in \u00f6nde gelen bir OEM tedarik\u00e7isi olarak <a style=\"color: #000000;\" href=\"https:\/\/gfmparts.com\/tr\/product\/ekskavator-icin-yuksek-kaliteli-paletli-gergi-kasnagi\/\">paletli gergi kasna\u011f\u0131<\/a>GFM, ola\u011fan\u00fcst\u00fc dayan\u0131kl\u0131l\u0131k i\u00e7in tasarlanm\u0131\u015f a\u011f\u0131r hizmet tipi palet makaralar\u0131 sunar. Bile\u015fenlerimiz, ind\u00fcksiyon sertle\u015ftirme i\u015flemine (55-60 HRC) tabi tutulmu\u015f d\u00f6vme ala\u015f\u0131ml\u0131 \u00e7elikten \u00fcretilmi\u015f olup, end\u00fcstri standartlar\u0131ndan daha uzun bir kullan\u0131m \u00f6mr\u00fc sa\u011flar. Hassas CNC i\u015fleme, m\u00fckemmel di\u015fli kavramas\u0131 ve palet kaymas\u0131n\u0131 azaltmak i\u00e7in \u00b10,05 mm boyutsal do\u011fruluk sa\u011flar.<\/span><\/p>\n<h3><span style=\"color: #ff6600;\">\u00dcr\u00fcn A\u00e7\u0131klamas\u0131<\/span><\/h3>\n<ul>\n<li><span style=\"color: #000000;\"><strong>Minimum Sipari\u015f Adedi:<\/strong>\u00a01 Bilgisayar<\/span><\/li>\n<li><span style=\"color: #000000;\"><strong>\u00d6deme y\u00f6ntemi:<\/strong>\u00a0T\/T<\/span><\/li>\n<li><span style=\"color: #000000;\"><strong>Marka:<\/strong>\u00a0GFM<\/span><\/li>\n<li><span style=\"color: #000000;\"><strong>Durum:<\/strong>\u00a0Yeni<\/span><\/li>\n<li><span style=\"color: #000000;\"><strong>Renk:<\/strong>\u00a0Sar\u0131, Siyah veya \u00d6zelle\u015ftirilmi\u015f<\/span><\/li>\n<li><span style=\"color: #000000;\"><strong>Kur\u015fun zaman\u0131:<\/strong>\u00a030 g\u00fcn<\/span><\/li>\n<li><span style=\"color: #000000;\"><strong>Garanti:<\/strong>\u00a01 Y\u0131l<\/span><\/li>\n<li><span style=\"color: #000000;\"><strong>Hizmet:<\/strong>\u00a0OEM veya ODM<\/span><\/li>\n<li><span style=\"color: #000000;\"><strong>Men\u015fei Yeri:<\/strong>\u00a0Fujian, \u00c7in<\/span><\/li>\n<li><span style=\"color: #000000;\"><strong>Ba\u015fvuru:<\/strong> Ekskavat\u00f6r<\/span><\/li>\n<li><span style=\"color: #000000;\"><strong>Paketleme:<\/strong>\u00a0Standart \u0130hracat Ah\u015fap Palet<\/span><\/li>\n<\/ul>\n<p style=\"text-align: center;\"><span style=\"color: #000000;\">\u00a0<img fetchpriority=\"high\" decoding=\"async\" class=\"alignnone wp-image-2998\" src=\"https:\/\/gfmparts.com\/wp-content\/uploads\/2024\/12\/2024-09-10-164127-768x1024.jpg\" alt=\"ekskavat\u00f6r gergisi \u00fcr\u00fcn g\u00f6sterisi\" width=\"412\" height=\"550\" srcset=\"https:\/\/gfmparts.com\/wp-content\/uploads\/2024\/12\/2024-09-10-164127-768x1024.jpg 768w, https:\/\/gfmparts.com\/wp-content\/uploads\/2024\/12\/2024-09-10-164127-225x300.jpg 225w, https:\/\/gfmparts.com\/wp-content\/uploads\/2024\/12\/2024-09-10-164127-1152x1536.jpg 1152w, https:\/\/gfmparts.com\/wp-content\/uploads\/2024\/12\/2024-09-10-164127-1536x2048.jpg 1536w, https:\/\/gfmparts.com\/wp-content\/uploads\/2024\/12\/2024-09-10-164127-600x800.jpg 600w, https:\/\/gfmparts.com\/wp-content\/uploads\/2024\/12\/2024-09-10-164127-scaled.jpg 1920w\" sizes=\"(max-width: 412px) 100vw, 412px\" \/><\/span><\/p>\n<h3><span style=\"color: #ff6600;\">\u00d6zellikler<\/span><\/h3>\n<ul>\n<li><b><\/b><span style=\"color: #000000;\"><strong><b>Dayan\u0131kl\u0131:<\/b><\/strong>Uzun s\u00fcreli performans i\u00e7in zorlu ko\u015fullara dayanacak \u015fekilde \u00fcretildi.<\/span><\/li>\n<li><span style=\"color: #000000;\"><b><\/b><strong><b>M\u00fckemmel Uyum: <\/b><\/strong>\u00c7e\u015fitli ekskavat\u00f6r ve buldozer modellerine kolay montaj i\u00e7in tasarlanm\u0131\u015ft\u0131r.<\/span><\/li>\n<li><span style=\"color: #000000;\"><b><\/b><strong><b>A\u011f\u0131r Hizmet: <\/b><\/strong>A\u011f\u0131r y\u00fckleri destekleyerek d\u00fczg\u00fcn ve stabil bir \u00e7al\u0131\u015fma sa\u011flar.<\/span><\/li>\n<li><span style=\"color: #000000;\"><b><\/b><strong><b>P\u00fcr\u00fczs\u00fcz ve Sessiz<\/b><\/strong>: T\u00fcm arazilerde daha ak\u0131c\u0131 hareket ve daha iyi \u00e7eki\u015f i\u00e7in titre\u015fimi en aza indirir.<\/span><\/li>\n<li><span style=\"color: #000000;\"><b><\/b><strong><b>D\u00fc\u015f\u00fck Bak\u0131m: <\/b><\/strong>Daha az bak\u0131m ve daha uzun \u00e7al\u0131\u015fma s\u00fcresi i\u00e7in kendi kendini ya\u011flayan sistem.<\/span><\/li>\n<li><span style=\"color: #000000;\"><b><\/b><strong><b>Hava Ko\u015fullar\u0131na Dayan\u0131kl\u0131: <\/b><\/strong>Her t\u00fcrl\u00fc iklimde iyi performans g\u00f6sterir, paslanmaya ve a\u015f\u0131r\u0131 s\u0131cakl\u0131klara dayan\u0131kl\u0131d\u0131r.<\/span><\/li>\n<\/ul>\n<h3><span style=\"color: #ff6600;\">\u00d6zellikler<\/span><\/h3>\n<p style=\"text-align: center;\"><img decoding=\"async\" class=\"alignnone size-large wp-image-6793\" src=\"https:\/\/gfmparts.com\/wp-content\/uploads\/2025\/06\/track-idler-specification-1024x402.jpg\" alt=\"palet gergisi spesifikasyonu\" width=\"1024\" height=\"402\" srcset=\"https:\/\/gfmparts.com\/wp-content\/uploads\/2025\/06\/track-idler-specification-1024x402.jpg 1024w, https:\/\/gfmparts.com\/wp-content\/uploads\/2025\/06\/track-idler-specification-300x118.jpg 300w, https:\/\/gfmparts.com\/wp-content\/uploads\/2025\/06\/track-idler-specification-768x301.jpg 768w, https:\/\/gfmparts.com\/wp-content\/uploads\/2025\/06\/track-idler-specification-600x235.jpg 600w, https:\/\/gfmparts.com\/wp-content\/uploads\/2025\/06\/track-idler-specification.jpg 1537w\" sizes=\"(max-width: 1024px) 100vw, 1024px\" \/><\/p>\n<p style=\"text-align: center;\"><img decoding=\"async\" class=\"alignnone size-full wp-image-3003\" style=\"font-style: inherit; font-weight: inherit;\" src=\"https:\/\/gfmparts.com\/wp-content\/uploads\/2024\/12\/\u5f15\u5bfc\u8f6e\u578b\u53f7.png\" alt=\"paletli gergi modeli\" width=\"867\" height=\"369\" srcset=\"https:\/\/gfmparts.com\/wp-content\/uploads\/2024\/12\/\u5f15\u5bfc\u8f6e\u578b\u53f7.png 867w, https:\/\/gfmparts.com\/wp-content\/uploads\/2024\/12\/\u5f15\u5bfc\u8f6e\u578b\u53f7-300x128.png 300w, https:\/\/gfmparts.com\/wp-content\/uploads\/2024\/12\/\u5f15\u5bfc\u8f6e\u578b\u53f7-768x327.png 768w, https:\/\/gfmparts.com\/wp-content\/uploads\/2024\/12\/\u5f15\u5bfc\u8f6e\u578b\u53f7-600x255.png 600w\" sizes=\"(max-width: 867px) 100vw, 867px\" \/><\/p>\n<h3><span style=\"color: #ff6600;\">\u00dcr\u00fcn Modelleri<\/span><\/h3>\n<p style=\"text-align: center;\"><span style=\"color: #000000;\"><img loading=\"lazy\" decoding=\"async\" class=\"alignnone size-full wp-image-3147\" src=\"https:\/\/gfmparts.com\/wp-content\/uploads\/2024\/11\/excavator-part-description-e1735350735761.png\" alt=\"ekskavat\u00f6r par\u00e7a a\u00e7\u0131klamas\u0131\" width=\"856\" height=\"694\" srcset=\"https:\/\/gfmparts.com\/wp-content\/uploads\/2024\/11\/excavator-part-description-e1735350735761.png 856w, https:\/\/gfmparts.com\/wp-content\/uploads\/2024\/11\/excavator-part-description-e1735350735761-300x243.png 300w, https:\/\/gfmparts.com\/wp-content\/uploads\/2024\/11\/excavator-part-description-e1735350735761-768x623.png 768w, https:\/\/gfmparts.com\/wp-content\/uploads\/2024\/11\/excavator-part-description-e1735350735761-600x486.png 600w\" sizes=\"(max-width: 856px) 100vw, 856px\" \/><\/span><\/p>\n<h3><span style=\"color: #ff9900;\">\u00dcretim S\u00fcreci<\/span><\/h3>\n<p><img loading=\"lazy\" decoding=\"async\" class=\"size-large wp-image-3043 aligncenter\" src=\"https:\/\/gfmparts.com\/wp-content\/uploads\/2024\/12\/\u901a\u7528\u751f\u4ea7\u6d41\u7a0b-1-1024x648.jpg\" alt=\"ekskavat\u00f6r par\u00e7a \u00fcretim s\u00fcreci\" width=\"1024\" height=\"648\" srcset=\"\" sizes=\"(max-width: 1024px) 100vw, 1024px\" data-srcset=\"\" \/><\/p>\n<h3><span style=\"color: #ff6600;\">Paketleme ve Nakliye<\/span><\/h3>\n<p style=\"text-align: center;\"><img loading=\"lazy\" decoding=\"async\" class=\"alignnone size-large wp-image-6521\" src=\"https:\/\/gfmparts.com\/wp-content\/uploads\/2025\/05\/Packaging-and-Shipping-1-1-1024x648.jpg\" alt=\"Paketleme ve Nakliye\" width=\"1024\" height=\"648\" srcset=\"https:\/\/gfmparts.com\/wp-content\/uploads\/2025\/05\/Packaging-and-Shipping-1-1-1024x648.jpg 1024w, https:\/\/gfmparts.com\/wp-content\/uploads\/2025\/05\/Packaging-and-Shipping-1-1-300x190.jpg 300w, https:\/\/gfmparts.com\/wp-content\/uploads\/2025\/05\/Packaging-and-Shipping-1-1-768x486.jpg 768w, https:\/\/gfmparts.com\/wp-content\/uploads\/2025\/05\/Packaging-and-Shipping-1-1-1536x973.jpg 1536w, https:\/\/gfmparts.com\/wp-content\/uploads\/2025\/05\/Packaging-and-Shipping-1-1-2048x1297.jpg 2048w, https:\/\/gfmparts.com\/wp-content\/uploads\/2025\/05\/Packaging-and-Shipping-1-1-600x380.jpg 600w\" sizes=\"(max-width: 1024px) 100vw, 1024px\" \/><\/p>\n<h3><span style=\"color: #ff6600;\">Fabrika Avantajlar\u0131<\/span><\/h3>\n<p><span style=\"color: #000000;\">Bir profesyonel olarak <a style=\"color: #000000;\" href=\"https:\/\/gfmparts.com\/tr\/product\/ekskavator-buldozer-paletli-gergi-tedarikcileri\/\">ekskavat\u00f6rdeki bo\u015fta \u00e7al\u0131\u015fan<\/a> \u00dcretici GFM, g\u00fc\u00e7l\u00fc \u00fcretim kapasitesine ve zengin deneyime sahiptir. \u00dcr\u00fcnlerimiz, geli\u015fmi\u015f \u00fcretim ekipmanlar\u0131yla \u00fcretilmekte ve her \u00fcr\u00fcn\u00fcn m\u00fckemmel kalitede olmas\u0131n\u0131 sa\u011flamak i\u00e7in ISO kalite y\u00f6netim sistemini s\u0131k\u0131 bir \u015fekilde takip etmektedir. Ayr\u0131ca, fabrikam\u0131z \u00f6zelle\u015ftirilmi\u015f OEM\/ODM hizmet olanaklar\u0131na sahiptir ve m\u00fc\u015fterilerin \u00f6zel ihtiya\u00e7lar\u0131na g\u00f6re ki\u015fiselle\u015ftirilmi\u015f \u00e7\u00f6z\u00fcmler sunabilmektedir.<\/span><\/p>\n<p><span style=\"color: #000000;\">Paletli montaj \u00e7\u00f6z\u00fcmlerinde 10 y\u0131l\u0131 a\u015fk\u0131n profesyonel deneyimimizle, hammadde tedarikinden son montaja kadar dikey entegrasyon sayesinde ,6% zaman\u0131nda teslimat oran\u0131 sa\u011fl\u0131yoruz. Sa\u011flad\u0131\u011f\u0131m\u0131z aksesuarlar sayesinde ekskavat\u00f6r\u00fcn\u00fcz her t\u00fcrl\u00fc \u00e7al\u0131\u015fma ortam\u0131nda verimli bir \u015fekilde \u00e7al\u0131\u015fabilir, ar\u0131za s\u00fcrelerini azaltabilir ve genel i\u015f verimlili\u011fini art\u0131rabilir. \u0130ster maden sahalar\u0131nda, ister in\u015faat sahalar\u0131nda veya karma\u015f\u0131k arazilerde olsun, \u00fcr\u00fcnlerimiz ekipman\u0131n\u0131z\u0131n istikrarl\u0131 ve g\u00fcvenilir performans\u0131n\u0131 korumas\u0131na yard\u0131mc\u0131 olabilir.<\/span><\/p>\n<p style=\"text-align: center;\"><span style=\"color: #000000;\"><img loading=\"lazy\" decoding=\"async\" class=\"alignnone wp-image-2159\" src=\"https:\/\/gfmparts.com\/wp-content\/uploads\/2024\/12\/\u5fae\u4fe1\u56fe\u7247_20241202160325-1024x576.jpg\" alt=\"ta\u015f\u0131y\u0131c\u0131 silindir \u00fcreticisi\" width=\"767\" height=\"431\" srcset=\"\" sizes=\"(max-width: 767px) 100vw, 767px\" data-srcset=\"\" \/><\/span><\/p>","protected":false},"excerpt":{"rendered":"<ul>\n<li><span style=\"color: #000000;\">\u00dcr\u00fcn Kalitesi Garantili<\/span><\/li>\n<li><span style=\"color: #000000;\">B\u00fcy\u00fck Tedarik<\/span><\/li>\n<li><span style=\"color: #000000;\">Rekabet\u00e7i Fiyatland\u0131rma<\/span><\/li>\n<li><span style=\"color: #000000;\">\u00c7o\u011fu Marka ve Model<\/span><\/li>\n<li><span style=\"color: #000000;\">Yard\u0131msever M\u00fc\u015fteri Hizmetleri Ekibi<\/span><\/li>\n<li><span style=\"color: #000000;\">Profesyonel Teknik Destek<\/span><\/li>\n<\/ul>","protected":false},"featured_media":6775,"template":"","meta":{"site-sidebar-layout":"default","site-content-layout":"","ast-site-content-layout":"default","site-content-style":"default","site-sidebar-style":"default","ast-global-header-display":"","ast-banner-title-visibility":"","ast-main-header-display":"","ast-hfb-above-header-display":"","ast-hfb-below-header-display":"","ast-hfb-mobile-header-display":"","site-post-title":"","ast-breadcrumbs-content":"","ast-featured-img":"","footer-sml-layout":"","theme-transparent-header-meta":"default","adv-header-id-meta":"","stick-header-meta":"default","header-above-stick-meta":"","header-main-stick-meta":"","header-below-stick-meta":"","astra-migrate-meta-layouts":"set","ast-page-background-enabled":"default","ast-page-background-meta":{"desktop":{"background-color":"","background-image":"","background-repeat":"repeat","background-position":"center center","background-size":"auto","background-attachment":"scroll","background-type":"","background-media":"","overlay-type":"","overlay-color":"","overlay-opacity":"","overlay-gradient":""},"tablet":{"background-color":"","background-image":"","background-repeat":"repeat","background-position":"center center","background-size":"auto","background-attachment":"scroll","background-type":"","background-media":"","overlay-type":"","overlay-color":"","overlay-opacity":"","overlay-gradient":""},"mobile":{"background-color":"","background-image":"","background-repeat":"repeat","background-position":"center center","background-size":"auto","background-attachment":"scroll","background-type":"","background-media":"","overlay-type":"","overlay-color":"","overlay-opacity":"","overlay-gradient":""}},"ast-content-background-meta":{"desktop":{"background-color":"var(--ast-global-color-5)","background-image":"","background-repeat":"repeat","background-position":"center center","background-size":"auto","background-attachment":"scroll","background-type":"","background-media":"","overlay-type":"","overlay-color":"","overlay-opacity":"","overlay-gradient":""},"tablet":{"background-color":"var(--ast-global-color-5)","background-image":"","background-repeat":"repeat","background-position":"center center","background-size":"auto","background-attachment":"scroll","background-type":"","background-media":"","overlay-type":"","overlay-color":"","overlay-opacity":"","overlay-gradient":""},"mobile":{"background-color":"var(--ast-global-color-5)","background-image":"","background-repeat":"repeat","background-position":"center center","background-size":"auto","background-attachment":"scroll","background-type":"","background-media":"","overlay-type":"","overlay-color":"","overlay-opacity":"","overlay-gradient":""}}},"product_cat":[38,32],"product_tag":[156,157],"class_list":{"0":"post-3416","1":"product","2":"type-product","3":"status-publish","4":"has-post-thumbnail","6":"product_cat-undercarriage","7":"product_cat-track-idler","8":"product_tag-pc300-5","9":"product_tag-pc300-6","10":"desktop-align-left","11":"tablet-align-left","12":"mobile-align-left","13":"ast-product-gallery-layout-horizontal-slider","14":"ast-product-gallery-with-no-image","15":"ast-product-tabs-layout-horizontal","17":"first","18":"instock","19":"shipping-taxable","20":"product-type-simple"},"yoast_head":"<!-- This site is optimized with the Yoast SEO Premium plugin v22.8 (Yoast SEO v23.9) - https:\/\/yoast.com\/wordpress\/plugins\/seo\/ -->\n<title>Supply PC300-5 PC300-6 Track Idler On Excavator 207-30-00160<\/title>\n<meta name=\"description\" content=\"With more than 10 years of professional experience in track assembly solutions, GFM maintains a 98.6% on-time delivery rate through vertical integration from raw material procurement to final assembly.\" \/>\n<meta name=\"robots\" content=\"index, follow, max-snippet:-1, max-image-preview:large, max-video-preview:-1\" \/>\n<link rel=\"canonical\" href=\"https:\/\/gfmparts.com\/tr\/product\/ekskavatorde-yuksek-kaliteli-paletli-gergi-kasnagi\/\" \/>\n<meta property=\"og:locale\" content=\"tr_TR\" \/>\n<meta property=\"og:type\" content=\"article\" \/>\n<meta property=\"og:title\" content=\"Supply PC300-5 PC300-6 Track Idler on Excavator 207-30-00160\" \/>\n<meta property=\"og:description\" content=\"With more than 10 years of professional experience in track assembly solutions, GFM maintains a 98.6% on-time delivery rate through vertical integration from raw material procurement to final assembly.\" \/>\n<meta property=\"og:url\" content=\"https:\/\/gfmparts.com\/tr\/product\/ekskavatorde-yuksek-kaliteli-paletli-gergi-kasnagi\/\" \/>\n<meta property=\"article:publisher\" content=\"https:\/\/www.facebook.com\/gfmparts\" \/>\n<meta property=\"article:modified_time\" content=\"2025-06-23T06:46:37+00:00\" \/>\n<meta property=\"og:image\" content=\"https:\/\/gfmparts.com\/wp-content\/uploads\/2025\/02\/PC300-5-PC300-6-Track-Idler.png\" \/>\n\t<meta property=\"og:image:width\" content=\"1000\" \/>\n\t<meta property=\"og:image:height\" content=\"1000\" \/>\n\t<meta property=\"og:image:type\" content=\"image\/png\" \/>\n<meta name=\"twitter:card\" content=\"summary_large_image\" \/>\n<meta name=\"twitter:label1\" content=\"Tahmini okuma s\u00fcresi\" \/>\n\t<meta name=\"twitter:data1\" content=\"3 dakika\" \/>\n<script type=\"application\/ld+json\" class=\"yoast-schema-graph\">{\"@context\":\"https:\/\/schema.org\",\"@graph\":[{\"@type\":\"WebPage\",\"@id\":\"https:\/\/gfmparts.com\/product\/high-quality-track-idler-on-excavator\/\",\"url\":\"https:\/\/gfmparts.com\/product\/high-quality-track-idler-on-excavator\/\",\"name\":\"Supply PC300-5 PC300-6 Track Idler On Excavator 207-30-00160\",\"isPartOf\":{\"@id\":\"https:\/\/gfmparts.com\/#website\"},\"primaryImageOfPage\":{\"@id\":\"https:\/\/gfmparts.com\/product\/high-quality-track-idler-on-excavator\/#primaryimage\"},\"image\":{\"@id\":\"https:\/\/gfmparts.com\/product\/high-quality-track-idler-on-excavator\/#primaryimage\"},\"thumbnailUrl\":\"https:\/\/gfmparts.com\/wp-content\/uploads\/2025\/02\/PC300-5-PC300-6-Track-Idler.png\",\"datePublished\":\"2025-02-06T07:58:26+00:00\",\"dateModified\":\"2025-06-23T06:46:37+00:00\",\"description\":\"With more than 10 years of professional experience in track assembly solutions, GFM maintains a 98.6% on-time delivery rate through vertical integration from raw material procurement to final assembly.\",\"breadcrumb\":{\"@id\":\"https:\/\/gfmparts.com\/product\/high-quality-track-idler-on-excavator\/#breadcrumb\"},\"inLanguage\":\"tr\",\"potentialAction\":[{\"@type\":\"ReadAction\",\"target\":[\"https:\/\/gfmparts.com\/product\/high-quality-track-idler-on-excavator\/\"]}]},{\"@type\":\"ImageObject\",\"inLanguage\":\"tr\",\"@id\":\"https:\/\/gfmparts.com\/product\/high-quality-track-idler-on-excavator\/#primaryimage\",\"url\":\"https:\/\/gfmparts.com\/wp-content\/uploads\/2025\/02\/PC300-5-PC300-6-Track-Idler.png\",\"contentUrl\":\"https:\/\/gfmparts.com\/wp-content\/uploads\/2025\/02\/PC300-5-PC300-6-Track-Idler.png\",\"width\":1000,\"height\":1000,\"caption\":\"PC300-5 PC300-6 Track Idler\"},{\"@type\":\"BreadcrumbList\",\"@id\":\"https:\/\/gfmparts.com\/product\/high-quality-track-idler-on-excavator\/#breadcrumb\",\"itemListElement\":[{\"@type\":\"ListItem\",\"position\":1,\"name\":\"\u9996\u9875\",\"item\":\"https:\/\/gfmparts.com\/\"},{\"@type\":\"ListItem\",\"position\":2,\"name\":\"All Product\",\"item\":\"https:\/\/gfmparts.com\/all-product\/\"},{\"@type\":\"ListItem\",\"position\":3,\"name\":\"Supply PC300-5 PC300-6 Track Idler on Excavator 207-30-00160\"}]},{\"@type\":\"WebSite\",\"@id\":\"https:\/\/gfmparts.com\/#website\",\"url\":\"https:\/\/gfmparts.com\/\",\"name\":\"GFM PARTS\",\"description\":\"GFM since 2011 focused on excavator and bulldozer undercarriage parts manufacturing :Track rollers,carrier roller,idler,sprocket,track group,bucket tooth pin.\",\"publisher\":{\"@id\":\"https:\/\/gfmparts.com\/#organization\"},\"alternateName\":\"gfmparts.com\",\"potentialAction\":[{\"@type\":\"SearchAction\",\"target\":{\"@type\":\"EntryPoint\",\"urlTemplate\":\"https:\/\/gfmparts.com\/?s={search_term_string}\"},\"query-input\":{\"@type\":\"PropertyValueSpecification\",\"valueRequired\":true,\"valueName\":\"search_term_string\"}}],\"inLanguage\":\"tr\"},{\"@type\":\"Organization\",\"@id\":\"https:\/\/gfmparts.com\/#organization\",\"name\":\"GFM PARTS\",\"url\":\"https:\/\/gfmparts.com\/\",\"logo\":{\"@type\":\"ImageObject\",\"inLanguage\":\"tr\",\"@id\":\"https:\/\/gfmparts.com\/#\/schema\/logo\/image\/\",\"url\":\"https:\/\/gfmparts.com\/wp-content\/uploads\/2024\/11\/cropped-GFMparts.com_-2.png\",\"contentUrl\":\"https:\/\/gfmparts.com\/wp-content\/uploads\/2024\/11\/cropped-GFMparts.com_-2.png\",\"width\":5987,\"height\":2564,\"caption\":\"GFM PARTS\"},\"image\":{\"@id\":\"https:\/\/gfmparts.com\/#\/schema\/logo\/image\/\"},\"sameAs\":[\"https:\/\/www.facebook.com\/gfmparts\",\"https:\/\/www.linkedin.com\/company\/gfmparts\/\",\"https:\/\/www.tiktok.com\/@gfmparts\",\"https:\/\/www.youtube.com\/@GFMparts\/featured\"]}]}<\/script>\n<!-- \/ Yoast SEO Premium plugin. -->","yoast_head_json":{"title":"Supply PC300-5 PC300-6 Track Idler On Excavator 207-30-00160","description":"With more than 10 years of professional experience in track assembly solutions, GFM maintains a 98.6% on-time delivery rate through vertical integration from raw material procurement to final assembly.","robots":{"index":"index","follow":"follow","max-snippet":"max-snippet:-1","max-image-preview":"max-image-preview:large","max-video-preview":"max-video-preview:-1"},"canonical":"https:\/\/gfmparts.com\/tr\/product\/ekskavatorde-yuksek-kaliteli-paletli-gergi-kasnagi\/","og_locale":"tr_TR","og_type":"article","og_title":"Supply PC300-5 PC300-6 Track Idler on Excavator 207-30-00160","og_description":"With more than 10 years of professional experience in track assembly solutions, GFM maintains a 98.6% on-time delivery rate through vertical integration from raw material procurement to final assembly.","og_url":"https:\/\/gfmparts.com\/tr\/product\/ekskavatorde-yuksek-kaliteli-paletli-gergi-kasnagi\/","article_publisher":"https:\/\/www.facebook.com\/gfmparts","article_modified_time":"2025-06-23T06:46:37+00:00","og_image":[{"width":1000,"height":1000,"url":"https:\/\/gfmparts.com\/wp-content\/uploads\/2025\/02\/PC300-5-PC300-6-Track-Idler.png","type":"image\/png"}],"twitter_card":"summary_large_image","twitter_misc":{"Tahmini okuma s\u00fcresi":"3 dakika"},"schema":{"@context":"https:\/\/schema.org","@graph":[{"@type":"WebPage","@id":"https:\/\/gfmparts.com\/product\/high-quality-track-idler-on-excavator\/","url":"https:\/\/gfmparts.com\/product\/high-quality-track-idler-on-excavator\/","name":"Supply PC300-5 PC300-6 Track Idler On Excavator 207-30-00160","isPartOf":{"@id":"https:\/\/gfmparts.com\/#website"},"primaryImageOfPage":{"@id":"https:\/\/gfmparts.com\/product\/high-quality-track-idler-on-excavator\/#primaryimage"},"image":{"@id":"https:\/\/gfmparts.com\/product\/high-quality-track-idler-on-excavator\/#primaryimage"},"thumbnailUrl":"https:\/\/gfmparts.com\/wp-content\/uploads\/2025\/02\/PC300-5-PC300-6-Track-Idler.png","datePublished":"2025-02-06T07:58:26+00:00","dateModified":"2025-06-23T06:46:37+00:00","description":"With more than 10 years of professional experience in track assembly solutions, GFM maintains a 98.6% on-time delivery rate through vertical integration from raw material procurement to final assembly.","breadcrumb":{"@id":"https:\/\/gfmparts.com\/product\/high-quality-track-idler-on-excavator\/#breadcrumb"},"inLanguage":"tr","potentialAction":[{"@type":"ReadAction","target":["https:\/\/gfmparts.com\/product\/high-quality-track-idler-on-excavator\/"]}]},{"@type":"ImageObject","inLanguage":"tr","@id":"https:\/\/gfmparts.com\/product\/high-quality-track-idler-on-excavator\/#primaryimage","url":"https:\/\/gfmparts.com\/wp-content\/uploads\/2025\/02\/PC300-5-PC300-6-Track-Idler.png","contentUrl":"https:\/\/gfmparts.com\/wp-content\/uploads\/2025\/02\/PC300-5-PC300-6-Track-Idler.png","width":1000,"height":1000,"caption":"PC300-5 PC300-6 Track Idler"},{"@type":"BreadcrumbList","@id":"https:\/\/gfmparts.com\/product\/high-quality-track-idler-on-excavator\/#breadcrumb","itemListElement":[{"@type":"ListItem","position":1,"name":"\u9996\u9875","item":"https:\/\/gfmparts.com\/"},{"@type":"ListItem","position":2,"name":"All Product","item":"https:\/\/gfmparts.com\/all-product\/"},{"@type":"ListItem","position":3,"name":"Supply PC300-5 PC300-6 Track Idler on Excavator 207-30-00160"}]},{"@type":"WebSite","@id":"https:\/\/gfmparts.com\/#website","url":"https:\/\/gfmparts.com\/","name":"GFM PARTS","description":"GFM since 2011 focused on excavator and bulldozer undercarriage parts manufacturing :Track rollers,carrier roller,idler,sprocket,track group,bucket tooth pin.","publisher":{"@id":"https:\/\/gfmparts.com\/#organization"},"alternateName":"gfmparts.com","potentialAction":[{"@type":"SearchAction","target":{"@type":"EntryPoint","urlTemplate":"https:\/\/gfmparts.com\/?s={search_term_string}"},"query-input":{"@type":"PropertyValueSpecification","valueRequired":true,"valueName":"search_term_string"}}],"inLanguage":"tr"},{"@type":"Organization","@id":"https:\/\/gfmparts.com\/#organization","name":"GFM PARTS","url":"https:\/\/gfmparts.com\/","logo":{"@type":"ImageObject","inLanguage":"tr","@id":"https:\/\/gfmparts.com\/#\/schema\/logo\/image\/","url":"https:\/\/gfmparts.com\/wp-content\/uploads\/2024\/11\/cropped-GFMparts.com_-2.png","contentUrl":"https:\/\/gfmparts.com\/wp-content\/uploads\/2024\/11\/cropped-GFMparts.com_-2.png","width":5987,"height":2564,"caption":"GFM PARTS"},"image":{"@id":"https:\/\/gfmparts.com\/#\/schema\/logo\/image\/"},"sameAs":["https:\/\/www.facebook.com\/gfmparts","https:\/\/www.linkedin.com\/company\/gfmparts\/","https:\/\/www.tiktok.com\/@gfmparts","https:\/\/www.youtube.com\/@GFMparts\/featured"]}]}},"_links":{"self":[{"href":"https:\/\/gfmparts.com\/tr\/wp-json\/wp\/v2\/product\/3416"}],"collection":[{"href":"https:\/\/gfmparts.com\/tr\/wp-json\/wp\/v2\/product"}],"about":[{"href":"https:\/\/gfmparts.com\/tr\/wp-json\/wp\/v2\/types\/product"}],"wp:featuredmedia":[{"embeddable":true,"href":"https:\/\/gfmparts.com\/tr\/wp-json\/wp\/v2\/media\/6775"}],"wp:attachment":[{"href":"https:\/\/gfmparts.com\/tr\/wp-json\/wp\/v2\/media?parent=3416"}],"wp:term":[{"taxonomy":"product_cat","embeddable":true,"href":"https:\/\/gfmparts.com\/tr\/wp-json\/wp\/v2\/product_cat?post=3416"},{"taxonomy":"product_tag","embeddable":true,"href":"https:\/\/gfmparts.com\/tr\/wp-json\/wp\/v2\/product_tag?post=3416"}],"curies":[{"name":"wp","href":"https:\/\/api.w.org\/{rel}","templated":true}]}}