{"id":3658,"date":"2025-03-03T08:19:26","date_gmt":"2025-03-03T08:19:26","guid":{"rendered":"https:\/\/gfmparts.com\/?post_type=product&#038;p=3658"},"modified":"2025-05-07T14:15:37","modified_gmt":"2025-05-07T14:15:37","slug":"hyundai-excavator-track-chain","status":"publish","type":"product","link":"https:\/\/gfmparts.com\/tr\/product\/hyundai-ekskavator-palet-zinciri\/","title":{"rendered":"Hitachi ZAX210 Ekskavat\u00f6r Palet Zinciri"},"content":{"rendered":"<p><span style=\"color: #000000;\">D\u00fcnyan\u0131n \u00f6nde gelen <a style=\"color: #000000;\" href=\"https:\/\/gfmparts.com\/tr\/product\/palet-baglanti-tertibati-ekskavator-palet-zinciri-tedarikcisi\/\">ekskavat\u00f6r par\u00e7alar\u0131 \u00fcreticisi<\/a>GFM, <a style=\"color: #000000;\" href=\"https:\/\/gfmparts.com\/tr\/product\/ekskavator-palet-baglanti-tertibati-fabrikasi\/\">ekskavat\u00f6r palet zinciri<\/a> \u00d6zellikle Hitachi ZAX210 ekskavat\u00f6r i\u00e7in, zorlu maden ve in\u015faat sahalar\u0131 gibi ortamlarda ekipman\u0131n uzun vadeli ve istikrarl\u0131 \u00e7al\u0131\u015fmas\u0131n\u0131 sa\u011flamak i\u00e7in yenilik\u00e7i tasar\u0131m\u0131 s\u0131k\u0131 \u00fcretim standartlar\u0131yla birle\u015ftirir.<\/span><\/p>\n<h5><span style=\"color: #ff6600;\">\u00dcr\u00fcn\u00fcn temel avantajlar\u0131 ve \u00f6zellikleri<\/span><\/h5>\n<p><span style=\"color: #000000;\"><strong>S\u00fcper dayan\u0131kl\u0131l\u0131k<\/strong><\/span><\/p>\n<p><span style=\"color: #000000;\">Malzeme y\u00fckseltmesi: Y\u00fcksek karbonlu ala\u015f\u0131ml\u0131 \u00e7elik d\u00f6vmeden yap\u0131lm\u0131\u015ft\u0131r, y\u00fczey derinlemesine s\u00f6nd\u00fcr\u00fclm\u00fc\u015ft\u00fcr ve a\u015f\u0131nma direnci 40% ile art\u0131r\u0131lm\u0131\u015ft\u0131r, bu da paletli zincirin hizmet \u00f6mr\u00fcn\u00fc uzat\u0131r.<\/span><\/p>\n<p><span style=\"color: #000000;\">Hassas adaptasyon: ZAX210 modeli i\u00e7in \u00f6zel olarak tasarlanan spesifikasyon, anormal s\u00fcrt\u00fcnme kayb\u0131n\u0131 azaltmak i\u00e7in orijinal k\u0131lavuz tekerle\u011fi ve tahrik tekerle\u011fiyle m\u00fckemmel \u015fekilde e\u015fle\u015fir.<\/span><\/p>\n<p><span style=\"color: #000000;\"><strong>M\u00fckemmel arazi uyumlulu\u011fu<\/strong><\/span><\/p>\n<p><span style=\"color: #000000;\">\u00c7ift conta pim teknolojisi: Dahili toz ge\u00e7irmez contalar ve ya\u011flama ya\u011f\u0131 kanallar\u0131, \u00e7amur ve kum giri\u015fine etkili bir \u015fekilde diren\u00e7 g\u00f6sterir ve \u00e7amurlu, \u00e7ak\u0131ll\u0131 ve di\u011fer de\u011fi\u015fken arazilere uyum sa\u011flar.<\/span><\/p>\n<p><span style=\"color: #000000;\">Mod\u00fcler yap\u0131: H\u0131zl\u0131 s\u00f6kme ve de\u011fi\u015ftirmeyi destekler, ekipman ar\u0131za s\u00fcresini azalt\u0131r ve i\u015f\u00e7ilik bak\u0131m maliyetlerini d\u00fc\u015f\u00fcr\u00fcr.<\/span><\/p>\n<h3><span style=\"color: #ff6600;\">\u00dcr\u00fcn A\u00e7\u0131klamas\u0131<\/span><\/h3>\n<ul>\n<li><span style=\"color: #000000;\"><strong>Teknik:<\/strong> D\u00f6vme\u00a0<\/span><\/li>\n<li><span style=\"color: #000000;\"><strong>Hammadde: <\/strong>35MnBH\/40Mn2<\/span><\/li>\n<li><span style=\"color: #000000;\"><strong>Minimum Sipari\u015f Adedi:<\/strong> 1 Bilgisayar<\/span><\/li>\n<li><span style=\"color: #000000;\"><strong>\u00d6deme y\u00f6ntemi:<\/strong> T\/T<\/span><\/li>\n<li><span style=\"color: #000000;\"><strong>Marka:<\/strong> GFM<\/span><\/li>\n<li><span style=\"color: #000000;\"><strong>Durum:<\/strong> Yeni<\/span><\/li>\n<li><span style=\"color: #000000;\"><strong>Renk:<\/strong> Sar\u0131, Siyah veya \u00d6zelle\u015ftirilmi\u015f<\/span><\/li>\n<li><span style=\"color: #000000;\"><strong>Kur\u015fun zaman\u0131:<\/strong> 30 g\u00fcn<\/span><\/li>\n<li><span style=\"color: #000000;\"><strong>Garanti:<\/strong> 1 Y\u0131l<\/span><\/li>\n<li><span style=\"color: #000000;\"><strong>Hizmet:<\/strong> OEM veya ODM<\/span><\/li>\n<li><span style=\"color: #000000;\"><strong>Men\u015fei Yeri:<\/strong> Fujian, \u00c7in<\/span><\/li>\n<li><span style=\"color: #000000;\"><strong>Ba\u015fvuru:<\/strong> Ekskavat\u00f6r<\/span><\/li>\n<li><span style=\"color: #000000;\"><strong>Paketleme:<\/strong> Standart \u0130hracat Ah\u015fap Palet<\/span><\/li>\n<\/ul>\n<h3><span style=\"color: #ff6600;\">\u00d6zellikler<\/span><\/h3>\n<ul>\n<li><b><\/b><span style=\"color: #000000;\"><strong><b>Y\u00fcksek Dayan\u0131kl\u0131l\u0131k<\/b><\/strong>\u2013 A\u011f\u0131r kullan\u0131ma dayan\u0131kl\u0131 birinci s\u0131n\u0131f ala\u015f\u0131ml\u0131 \u00e7elikten \u00fcretilmi\u015ftir.<\/span><\/li>\n<li><span style=\"color: #000000;\"><b><\/b><strong><b>M\u00fckemmel Uyum<\/b><\/strong>\u2013 Ba\u015fl\u0131ca ekskavat\u00f6r markalar\u0131yla kusursuz uyumluluk i\u00e7in hassas i\u015f\u00e7ilikle \u00fcretilmi\u015ftir.<\/span><\/li>\n<li><span style=\"color: #000000;\"><b><\/b><strong><b>Geli\u015ftirilmi\u015f G\u00fc\u00e7<\/b><\/strong>\u2013 \u00dcst\u00fcn sertlik ve a\u015f\u0131nma direnci i\u00e7in \u0131s\u0131l i\u015fleme tabi tutulmu\u015ftur.<\/span><\/li>\n<li><span style=\"color: #000000;\"><b><\/b><strong><b>Korozyona dayan\u0131kl\u0131<\/b><\/strong>\u2013 \u00d6zel kaplamas\u0131 zorlu ko\u015fullarda paslanmaya kar\u015f\u0131 koruma sa\u011flar.<\/span><\/li>\n<li><span style=\"color: #000000;\"><b><\/b><strong><b>Sorunsuz \u00c7al\u0131\u015fma<\/b><\/strong>\u2013 D\u00fc\u015f\u00fck s\u00fcrt\u00fcnmeli tasar\u0131m\u0131 sessiz ve verimli performans sa\u011flar.<\/span><\/li>\n<li><span style=\"color: #000000;\"><b><\/b><strong><b>H\u0131zl\u0131 Kurulum<\/b><\/strong>\u2013 Montaj\u0131 kolayd\u0131r, zamandan tasarruf sa\u011flar ve duru\u015f s\u00fcrelerini azalt\u0131r.<\/span><\/li>\n<\/ul>\n<h3><span style=\"color: #ff6600;\">\u00d6zellikler<\/span><\/h3>\n<p style=\"text-align: center;\"><img fetchpriority=\"high\" decoding=\"async\" class=\"alignnone size-large wp-image-2860\" src=\"https:\/\/gfmparts.com\/wp-content\/uploads\/2024\/11\/\u94fe\u6761\u6570\u636e\u56fe-2-1024x671.jpg\" alt=\"par\u00e7a ba\u011flant\u0131s\u0131 a\u00e7\u0131klamas\u0131\" width=\"1024\" height=\"671\" srcset=\"\" sizes=\"(max-width: 1024px) 100vw, 1024px\" data-srcset=\"\" \/><\/p>\n<h3><span style=\"color: #ff6600;\">\u00dcr\u00fcn Modelleri<\/span><\/h3>\n<p style=\"text-align: center;\"><img decoding=\"async\" class=\"alignnone size-full wp-image-3147\" src=\"https:\/\/gfmparts.com\/wp-content\/uploads\/2024\/11\/excavator-part-description-e1735350735761.png\" alt=\"ekskavat\u00f6r par\u00e7a a\u00e7\u0131klamas\u0131\" width=\"856\" height=\"694\" srcset=\"https:\/\/gfmparts.com\/wp-content\/uploads\/2024\/11\/excavator-part-description-e1735350735761.png 856w, https:\/\/gfmparts.com\/wp-content\/uploads\/2024\/11\/excavator-part-description-e1735350735761-300x243.png 300w, https:\/\/gfmparts.com\/wp-content\/uploads\/2024\/11\/excavator-part-description-e1735350735761-768x623.png 768w, https:\/\/gfmparts.com\/wp-content\/uploads\/2024\/11\/excavator-part-description-e1735350735761-600x486.png 600w\" sizes=\"(max-width: 856px) 100vw, 856px\" \/><\/p>\n<h3><span style=\"color: #ff6600;\">\u00dcretim S\u00fcreci<\/span><\/h3>\n<p style=\"text-align: center;\"><iframe title=\"YouTube video oynat\u0131c\u0131s\u0131\" src=\"https:\/\/www.youtube.com\/embed\/0MdGoauuqtc?si=qQfjAiRnGnq8PQ2B\" width=\"1000\" height=\"563\" frameborder=\"0\" allowfullscreen=\"allowfullscreen\"><\/iframe><\/p>\n<p><img decoding=\"async\" class=\"size-large wp-image-3043 aligncenter\" src=\"https:\/\/gfmparts.com\/wp-content\/uploads\/2024\/12\/\u901a\u7528\u751f\u4ea7\u6d41\u7a0b-1-1024x648.jpg\" alt=\"ekskavat\u00f6r par\u00e7a \u00fcretim s\u00fcreci\" width=\"1024\" height=\"648\" srcset=\"\" sizes=\"(max-width: 1024px) 100vw, 1024px\" data-srcset=\"\" \/><\/p>\n<h3><span style=\"color: #ff6600;\">Paketleme ve Nakliye<\/span><\/h3>\n<p style=\"text-align: center;\"><img loading=\"lazy\" decoding=\"async\" class=\"alignnone size-large wp-image-6521\" src=\"https:\/\/gfmparts.com\/wp-content\/uploads\/2025\/05\/Packaging-and-Shipping-1-1-1024x648.jpg\" alt=\"Paketleme ve Nakliye\" width=\"1024\" height=\"648\" srcset=\"https:\/\/gfmparts.com\/wp-content\/uploads\/2025\/05\/Packaging-and-Shipping-1-1-1024x648.jpg 1024w, https:\/\/gfmparts.com\/wp-content\/uploads\/2025\/05\/Packaging-and-Shipping-1-1-300x190.jpg 300w, https:\/\/gfmparts.com\/wp-content\/uploads\/2025\/05\/Packaging-and-Shipping-1-1-768x486.jpg 768w, https:\/\/gfmparts.com\/wp-content\/uploads\/2025\/05\/Packaging-and-Shipping-1-1-1536x973.jpg 1536w, https:\/\/gfmparts.com\/wp-content\/uploads\/2025\/05\/Packaging-and-Shipping-1-1-2048x1297.jpg 2048w, https:\/\/gfmparts.com\/wp-content\/uploads\/2025\/05\/Packaging-and-Shipping-1-1-600x380.jpg 600w\" sizes=\"(max-width: 1024px) 100vw, 1024px\" \/><\/p>\n<h3><span style=\"color: #ff6600;\">Fabrika Avantajlar\u0131<\/span><\/h3>\n<p><span style=\"color: #000000;\">10.000 metrekareyi a\u015fk\u0131n \u00fcretim alan\u0131m\u0131z ve ak\u0131c\u0131 lojistik a\u011f\u0131m\u0131zla, hem toplu tedarik hem de acil yedek par\u00e7alar i\u00e7in h\u0131zl\u0131 sipari\u015f kar\u015f\u0131lama ve esnek MOQ&#039;lar (Minimum Sipari\u015f Miktar\u0131) sa\u011fl\u0131yoruz. Teknik ekibimiz, ekipmanlar\u0131n\u0131z\u0131n verimlili\u011fini en \u00fcst d\u00fczeye \u00e7\u0131karmak i\u00e7in kurulum rehberli\u011fi ve ya\u015fam d\u00f6ng\u00fcs\u00fc bak\u0131m ipu\u00e7lar\u0131 da dahil olmak \u00fczere 7\/24 sat\u0131\u015f sonras\u0131 destek sunar. Sekt\u00f6r lideri garantilerle desteklenen, uygun maliyetli ve g\u00fcvenilir alt tak\u0131m \u00e7\u00f6z\u00fcmleri i\u00e7in bizimle i\u015f ortakl\u0131\u011f\u0131 yap\u0131n.<\/span><\/p>\n<ul>\n<li><span style=\"color: #000000;\"><strong>Tam s\u00fcre\u00e7 kalite kontrol sistemi:<\/strong> Hammadde tespitinden bitmi\u015f \u00fcr\u00fcn teslimat\u0131na kadar, her paletli zincir setinin CE ve ANSI standartlar\u0131n\u0131 kar\u015f\u0131lad\u0131\u011f\u0131ndan emin olmak i\u00e7in ISO 9001 kalite y\u00f6netim sertifikas\u0131n\u0131 ge\u00e7ti.<\/span><\/li>\n<li><span style=\"color: #000000;\"><strong>Ak\u0131ll\u0131 \u00fcretim hatt\u0131:<\/strong> Alman CNC tak\u0131m tezgahlar\u0131 ve lazer kalibrasyon teknolojisi kullan\u0131larak, do\u011fruluk hatas\u0131 \u22640,05mm&#039;dir, ekskavat\u00f6r paletli ve di\u011fer bile\u015fenlerle sorunsuz bir i\u015fbirli\u011fi sa\u011flan\u0131r.<\/span><\/li>\n<\/ul>\n<h5><span style=\"color: #ff6600;\">Neden GFM&#039;yi se\u00e7melisiniz? <a href=\"https:\/\/gfmparts.com\/tr\/product\/palet-baglanti-tertibati-ekskavator-palet-zinciri-tedarikcisi\/\">palet ba\u011flantisi takimi fabri\u0307ka<\/a>?<\/span><\/h5>\n<ul>\n<li><span style=\"color: #000000;\"><strong>Veri do\u011frulama:<\/strong> \u00dc\u00e7\u00fcnc\u00fc taraf testleri, ayn\u0131 \u00e7al\u0131\u015fma ko\u015fullar\u0131 alt\u0131nda GFM tren zincirinin hizmet \u00f6mr\u00fcn\u00fcn genel piyasa modellerine g\u00f6re 2,3 kat daha uzun oldu\u011funu g\u00f6stermektedir.<\/span><\/li>\n<li><span style=\"color: #000000;\"><strong>\u00c7evresel uyumluluk:<\/strong> RoHS tehlikeli madde tespitini ge\u00e7ti ve AB \u00e7evre koruma direktiflerinin gerekliliklerini kar\u015f\u0131lad\u0131.<\/span><\/li>\n<li><span style=\"color: #000000;\"><strong>\u00d6zelle\u015ftirilmi\u015f hizmet:<\/strong> M\u00fc\u015fteri \u00e7al\u0131\u015fma ko\u015fullar\u0131na g\u00f6re zincir ba\u011flant\u0131 sertli\u011fi ve ya\u011flama \u00e7\u00f6z\u00fcmlerinin ayarlanmas\u0131n\u0131 destekler.<\/span><\/li>\n<\/ul>\n<p style=\"text-align: center;\"><img loading=\"lazy\" decoding=\"async\" class=\"alignnone wp-image-2159\" src=\"https:\/\/gfmparts.com\/wp-content\/uploads\/2024\/12\/\u5fae\u4fe1\u56fe\u7247_20241202160325-1024x576.jpg\" alt=\"Ekskavat\u00f6r par\u00e7alar\u0131 \u00fcreticisi\" width=\"800\" height=\"450\" srcset=\"\" sizes=\"(max-width: 800px) 100vw, 800px\" data-srcset=\"\" \/><\/p>","protected":false},"excerpt":{"rendered":"<ul>\n<li><span style=\"color: #000000;\">\u00dcr\u00fcn Kalitesi Garantili<\/span><\/li>\n<li><span style=\"color: #000000;\">B\u00fcy\u00fck Tedarik<\/span><\/li>\n<li><span style=\"color: #000000;\">Rekabet\u00e7i Fiyatland\u0131rma<\/span><\/li>\n<li><span style=\"color: #000000;\">\u00c7o\u011fu Marka ve Model<\/span><\/li>\n<li><span style=\"color: #000000;\">Yard\u0131msever M\u00fc\u015fteri Hizmetleri Ekibi<\/span><\/li>\n<li><span style=\"color: #000000;\">Profesyonel Teknik Destek<\/span><\/li>\n<\/ul>","protected":false},"featured_media":3659,"template":"","meta":{"site-sidebar-layout":"default","site-content-layout":"","ast-site-content-layout":"default","site-content-style":"default","site-sidebar-style":"default","ast-global-header-display":"","ast-banner-title-visibility":"","ast-main-header-display":"","ast-hfb-above-header-display":"","ast-hfb-below-header-display":"","ast-hfb-mobile-header-display":"","site-post-title":"","ast-breadcrumbs-content":"","ast-featured-img":"","footer-sml-layout":"","theme-transparent-header-meta":"default","adv-header-id-meta":"","stick-header-meta":"default","header-above-stick-meta":"","header-main-stick-meta":"","header-below-stick-meta":"","astra-migrate-meta-layouts":"set","ast-page-background-enabled":"default","ast-page-background-meta":{"desktop":{"background-color":"","background-image":"","background-repeat":"repeat","background-position":"center center","background-size":"auto","background-attachment":"scroll","background-type":"","background-media":"","overlay-type":"","overlay-color":"","overlay-opacity":"","overlay-gradient":""},"tablet":{"background-color":"","background-image":"","background-repeat":"repeat","background-position":"center center","background-size":"auto","background-attachment":"scroll","background-type":"","background-media":"","overlay-type":"","overlay-color":"","overlay-opacity":"","overlay-gradient":""},"mobile":{"background-color":"","background-image":"","background-repeat":"repeat","background-position":"center center","background-size":"auto","background-attachment":"scroll","background-type":"","background-media":"","overlay-type":"","overlay-color":"","overlay-opacity":"","overlay-gradient":""}},"ast-content-background-meta":{"desktop":{"background-color":"var(--ast-global-color-5)","background-image":"","background-repeat":"repeat","background-position":"center center","background-size":"auto","background-attachment":"scroll","background-type":"","background-media":"","overlay-type":"","overlay-color":"","overlay-opacity":"","overlay-gradient":""},"tablet":{"background-color":"var(--ast-global-color-5)","background-image":"","background-repeat":"repeat","background-position":"center center","background-size":"auto","background-attachment":"scroll","background-type":"","background-media":"","overlay-type":"","overlay-color":"","overlay-opacity":"","overlay-gradient":""},"mobile":{"background-color":"var(--ast-global-color-5)","background-image":"","background-repeat":"repeat","background-position":"center center","background-size":"auto","background-attachment":"scroll","background-type":"","background-media":"","overlay-type":"","overlay-color":"","overlay-opacity":"","overlay-gradient":""}}},"product_cat":[38,29],"product_tag":[109],"class_list":{"0":"post-3658","1":"product","2":"type-product","3":"status-publish","4":"has-post-thumbnail","6":"product_cat-undercarriage","7":"product_cat-track-link","8":"product_tag-hitachi-zax210","9":"desktop-align-left","10":"tablet-align-left","11":"mobile-align-left","12":"ast-product-gallery-layout-horizontal-slider","13":"ast-product-gallery-with-no-image","14":"ast-product-tabs-layout-horizontal","16":"first","17":"instock","18":"shipping-taxable","19":"product-type-simple"},"yoast_head":"<!-- This site is optimized with the Yoast SEO Premium plugin v22.8 (Yoast SEO v23.9) - https:\/\/yoast.com\/wordpress\/plugins\/seo\/ -->\n<title>Hyundai R55 Excavator Track Chain 39L - Track Link Assy Factory<\/title>\n<meta name=\"description\" content=\"GFM 39L track chain designed for Hyundai R55 excavators, paired with high-strength excavator tracks, provides excellent durability and stability. Learn about factory-direct construction machinery accessories solutions.\" \/>\n<meta name=\"robots\" content=\"index, follow, max-snippet:-1, max-image-preview:large, max-video-preview:-1\" \/>\n<link rel=\"canonical\" href=\"https:\/\/gfmparts.com\/tr\/product\/hyundai-ekskavator-palet-zinciri\/\" \/>\n<meta property=\"og:locale\" content=\"tr_TR\" \/>\n<meta property=\"og:type\" content=\"article\" \/>\n<meta property=\"og:title\" content=\"Hitachi ZAX210 Excavator Track Chain\" \/>\n<meta property=\"og:description\" content=\"GFM 39L track chain designed for Hyundai R55 excavators, paired with high-strength excavator tracks, provides excellent durability and stability. Learn about factory-direct construction machinery accessories solutions.\" \/>\n<meta property=\"og:url\" content=\"https:\/\/gfmparts.com\/tr\/product\/hyundai-ekskavator-palet-zinciri\/\" \/>\n<meta property=\"article:publisher\" content=\"https:\/\/www.facebook.com\/gfmparts\" \/>\n<meta property=\"article:modified_time\" content=\"2025-05-07T14:15:37+00:00\" \/>\n<meta property=\"og:image\" content=\"https:\/\/gfmparts.com\/wp-content\/uploads\/2025\/03\/Hyundai-R55-track-link.png\" \/>\n\t<meta property=\"og:image:width\" content=\"550\" \/>\n\t<meta property=\"og:image:height\" content=\"550\" \/>\n\t<meta property=\"og:image:type\" content=\"image\/png\" \/>\n<meta name=\"twitter:card\" content=\"summary_large_image\" \/>\n<meta name=\"twitter:label1\" content=\"Tahmini okuma s\u00fcresi\" \/>\n\t<meta name=\"twitter:data1\" content=\"4 dakika\" \/>\n<script type=\"application\/ld+json\" class=\"yoast-schema-graph\">{\"@context\":\"https:\/\/schema.org\",\"@graph\":[{\"@type\":\"WebPage\",\"@id\":\"https:\/\/gfmparts.com\/product\/hyundai-excavator-track-chain\/\",\"url\":\"https:\/\/gfmparts.com\/product\/hyundai-excavator-track-chain\/\",\"name\":\"Hyundai R55 Excavator Track Chain 39L - Track Link Assy Factory\",\"isPartOf\":{\"@id\":\"https:\/\/gfmparts.com\/#website\"},\"primaryImageOfPage\":{\"@id\":\"https:\/\/gfmparts.com\/product\/hyundai-excavator-track-chain\/#primaryimage\"},\"image\":{\"@id\":\"https:\/\/gfmparts.com\/product\/hyundai-excavator-track-chain\/#primaryimage\"},\"thumbnailUrl\":\"https:\/\/gfmparts.com\/wp-content\/uploads\/2025\/03\/Hyundai-R55-track-link.png\",\"datePublished\":\"2025-03-03T08:19:26+00:00\",\"dateModified\":\"2025-05-07T14:15:37+00:00\",\"description\":\"GFM 39L track chain designed for Hyundai R55 excavators, paired with high-strength excavator tracks, provides excellent durability and stability. Learn about factory-direct construction machinery accessories solutions.\",\"breadcrumb\":{\"@id\":\"https:\/\/gfmparts.com\/product\/hyundai-excavator-track-chain\/#breadcrumb\"},\"inLanguage\":\"tr\",\"potentialAction\":[{\"@type\":\"ReadAction\",\"target\":[\"https:\/\/gfmparts.com\/product\/hyundai-excavator-track-chain\/\"]}]},{\"@type\":\"ImageObject\",\"inLanguage\":\"tr\",\"@id\":\"https:\/\/gfmparts.com\/product\/hyundai-excavator-track-chain\/#primaryimage\",\"url\":\"https:\/\/gfmparts.com\/wp-content\/uploads\/2025\/03\/Hyundai-R55-track-link.png\",\"contentUrl\":\"https:\/\/gfmparts.com\/wp-content\/uploads\/2025\/03\/Hyundai-R55-track-link.png\",\"width\":550,\"height\":550,\"caption\":\"Hyundai R55 track link\"},{\"@type\":\"BreadcrumbList\",\"@id\":\"https:\/\/gfmparts.com\/product\/hyundai-excavator-track-chain\/#breadcrumb\",\"itemListElement\":[{\"@type\":\"ListItem\",\"position\":1,\"name\":\"\u9996\u9875\",\"item\":\"https:\/\/gfmparts.com\/\"},{\"@type\":\"ListItem\",\"position\":2,\"name\":\"All Product\",\"item\":\"https:\/\/gfmparts.com\/all-product\/\"},{\"@type\":\"ListItem\",\"position\":3,\"name\":\"Hitachi ZAX210 Excavator Track Chain\"}]},{\"@type\":\"WebSite\",\"@id\":\"https:\/\/gfmparts.com\/#website\",\"url\":\"https:\/\/gfmparts.com\/\",\"name\":\"GFM PARTS\",\"description\":\"GFM since 2011 focused on excavator and bulldozer undercarriage parts manufacturing :Track rollers,carrier roller,idler,sprocket,track group,bucket tooth pin.\",\"publisher\":{\"@id\":\"https:\/\/gfmparts.com\/#organization\"},\"alternateName\":\"gfmparts.com\",\"potentialAction\":[{\"@type\":\"SearchAction\",\"target\":{\"@type\":\"EntryPoint\",\"urlTemplate\":\"https:\/\/gfmparts.com\/?s={search_term_string}\"},\"query-input\":{\"@type\":\"PropertyValueSpecification\",\"valueRequired\":true,\"valueName\":\"search_term_string\"}}],\"inLanguage\":\"tr\"},{\"@type\":\"Organization\",\"@id\":\"https:\/\/gfmparts.com\/#organization\",\"name\":\"GFM PARTS\",\"url\":\"https:\/\/gfmparts.com\/\",\"logo\":{\"@type\":\"ImageObject\",\"inLanguage\":\"tr\",\"@id\":\"https:\/\/gfmparts.com\/#\/schema\/logo\/image\/\",\"url\":\"https:\/\/gfmparts.com\/wp-content\/uploads\/2024\/11\/cropped-GFMparts.com_-2.png\",\"contentUrl\":\"https:\/\/gfmparts.com\/wp-content\/uploads\/2024\/11\/cropped-GFMparts.com_-2.png\",\"width\":5987,\"height\":2564,\"caption\":\"GFM PARTS\"},\"image\":{\"@id\":\"https:\/\/gfmparts.com\/#\/schema\/logo\/image\/\"},\"sameAs\":[\"https:\/\/www.facebook.com\/gfmparts\",\"https:\/\/www.linkedin.com\/company\/gfmparts\/\",\"https:\/\/www.tiktok.com\/@gfmparts\",\"https:\/\/www.youtube.com\/@GFMparts\/featured\"]}]}<\/script>\n<!-- \/ Yoast SEO Premium plugin. -->","yoast_head_json":{"title":"Hyundai R55 Excavator Track Chain 39L - Track Link Assy Factory","description":"GFM 39L track chain designed for Hyundai R55 excavators, paired with high-strength excavator tracks, provides excellent durability and stability. Learn about factory-direct construction machinery accessories solutions.","robots":{"index":"index","follow":"follow","max-snippet":"max-snippet:-1","max-image-preview":"max-image-preview:large","max-video-preview":"max-video-preview:-1"},"canonical":"https:\/\/gfmparts.com\/tr\/product\/hyundai-ekskavator-palet-zinciri\/","og_locale":"tr_TR","og_type":"article","og_title":"Hitachi ZAX210 Excavator Track Chain","og_description":"GFM 39L track chain designed for Hyundai R55 excavators, paired with high-strength excavator tracks, provides excellent durability and stability. Learn about factory-direct construction machinery accessories solutions.","og_url":"https:\/\/gfmparts.com\/tr\/product\/hyundai-ekskavator-palet-zinciri\/","article_publisher":"https:\/\/www.facebook.com\/gfmparts","article_modified_time":"2025-05-07T14:15:37+00:00","og_image":[{"width":550,"height":550,"url":"https:\/\/gfmparts.com\/wp-content\/uploads\/2025\/03\/Hyundai-R55-track-link.png","type":"image\/png"}],"twitter_card":"summary_large_image","twitter_misc":{"Tahmini okuma s\u00fcresi":"4 dakika"},"schema":{"@context":"https:\/\/schema.org","@graph":[{"@type":"WebPage","@id":"https:\/\/gfmparts.com\/product\/hyundai-excavator-track-chain\/","url":"https:\/\/gfmparts.com\/product\/hyundai-excavator-track-chain\/","name":"Hyundai R55 Excavator Track Chain 39L - Track Link Assy Factory","isPartOf":{"@id":"https:\/\/gfmparts.com\/#website"},"primaryImageOfPage":{"@id":"https:\/\/gfmparts.com\/product\/hyundai-excavator-track-chain\/#primaryimage"},"image":{"@id":"https:\/\/gfmparts.com\/product\/hyundai-excavator-track-chain\/#primaryimage"},"thumbnailUrl":"https:\/\/gfmparts.com\/wp-content\/uploads\/2025\/03\/Hyundai-R55-track-link.png","datePublished":"2025-03-03T08:19:26+00:00","dateModified":"2025-05-07T14:15:37+00:00","description":"GFM 39L track chain designed for Hyundai R55 excavators, paired with high-strength excavator tracks, provides excellent durability and stability. Learn about factory-direct construction machinery accessories solutions.","breadcrumb":{"@id":"https:\/\/gfmparts.com\/product\/hyundai-excavator-track-chain\/#breadcrumb"},"inLanguage":"tr","potentialAction":[{"@type":"ReadAction","target":["https:\/\/gfmparts.com\/product\/hyundai-excavator-track-chain\/"]}]},{"@type":"ImageObject","inLanguage":"tr","@id":"https:\/\/gfmparts.com\/product\/hyundai-excavator-track-chain\/#primaryimage","url":"https:\/\/gfmparts.com\/wp-content\/uploads\/2025\/03\/Hyundai-R55-track-link.png","contentUrl":"https:\/\/gfmparts.com\/wp-content\/uploads\/2025\/03\/Hyundai-R55-track-link.png","width":550,"height":550,"caption":"Hyundai R55 track link"},{"@type":"BreadcrumbList","@id":"https:\/\/gfmparts.com\/product\/hyundai-excavator-track-chain\/#breadcrumb","itemListElement":[{"@type":"ListItem","position":1,"name":"\u9996\u9875","item":"https:\/\/gfmparts.com\/"},{"@type":"ListItem","position":2,"name":"All Product","item":"https:\/\/gfmparts.com\/all-product\/"},{"@type":"ListItem","position":3,"name":"Hitachi ZAX210 Excavator Track Chain"}]},{"@type":"WebSite","@id":"https:\/\/gfmparts.com\/#website","url":"https:\/\/gfmparts.com\/","name":"GFM PARTS","description":"GFM since 2011 focused on excavator and bulldozer undercarriage parts manufacturing :Track rollers,carrier roller,idler,sprocket,track group,bucket tooth pin.","publisher":{"@id":"https:\/\/gfmparts.com\/#organization"},"alternateName":"gfmparts.com","potentialAction":[{"@type":"SearchAction","target":{"@type":"EntryPoint","urlTemplate":"https:\/\/gfmparts.com\/?s={search_term_string}"},"query-input":{"@type":"PropertyValueSpecification","valueRequired":true,"valueName":"search_term_string"}}],"inLanguage":"tr"},{"@type":"Organization","@id":"https:\/\/gfmparts.com\/#organization","name":"GFM PARTS","url":"https:\/\/gfmparts.com\/","logo":{"@type":"ImageObject","inLanguage":"tr","@id":"https:\/\/gfmparts.com\/#\/schema\/logo\/image\/","url":"https:\/\/gfmparts.com\/wp-content\/uploads\/2024\/11\/cropped-GFMparts.com_-2.png","contentUrl":"https:\/\/gfmparts.com\/wp-content\/uploads\/2024\/11\/cropped-GFMparts.com_-2.png","width":5987,"height":2564,"caption":"GFM PARTS"},"image":{"@id":"https:\/\/gfmparts.com\/#\/schema\/logo\/image\/"},"sameAs":["https:\/\/www.facebook.com\/gfmparts","https:\/\/www.linkedin.com\/company\/gfmparts\/","https:\/\/www.tiktok.com\/@gfmparts","https:\/\/www.youtube.com\/@GFMparts\/featured"]}]}},"_links":{"self":[{"href":"https:\/\/gfmparts.com\/tr\/wp-json\/wp\/v2\/product\/3658"}],"collection":[{"href":"https:\/\/gfmparts.com\/tr\/wp-json\/wp\/v2\/product"}],"about":[{"href":"https:\/\/gfmparts.com\/tr\/wp-json\/wp\/v2\/types\/product"}],"wp:featuredmedia":[{"embeddable":true,"href":"https:\/\/gfmparts.com\/tr\/wp-json\/wp\/v2\/media\/3659"}],"wp:attachment":[{"href":"https:\/\/gfmparts.com\/tr\/wp-json\/wp\/v2\/media?parent=3658"}],"wp:term":[{"taxonomy":"product_cat","embeddable":true,"href":"https:\/\/gfmparts.com\/tr\/wp-json\/wp\/v2\/product_cat?post=3658"},{"taxonomy":"product_tag","embeddable":true,"href":"https:\/\/gfmparts.com\/tr\/wp-json\/wp\/v2\/product_tag?post=3658"}],"curies":[{"name":"wp","href":"https:\/\/api.w.org\/{rel}","templated":true}]}}